{"id":998,"date":"2025-04-30T15:19:24","date_gmt":"2025-04-30T15:19:24","guid":{"rendered":"https:\/\/herboristeriamerce.com\/?post_type=product&#038;p=998"},"modified":"2025-05-23T18:08:13","modified_gmt":"2025-05-23T18:08:13","slug":"extracte-lipidic-fucus","status":"publish","type":"product","link":"https:\/\/herboristeriamerce.com\/es\/herboristeria-online\/silueta\/ventre-pla\/extracte-lipidic-fucus\/","title":{"rendered":"Extracte Lip\u00eddic Fucus"},"content":{"rendered":"<p>Extracte lip\u00eddic obtingut mitjan\u00e7ant la maceraci\u00f3 de l&#8217;alga marina <strong>FUCUS<\/strong>.<\/p>\n<p>Gr\u00e0cies al seu elevat contingut en polisac\u00e0rids mucilaginosos, oligoelements i minerals, ajuda a hidratar i remineralitzar la pell.<\/p>\n<p>A utilitzar en cas de cel\u00b7lulitis i retenci\u00f3 de l\u00edquids.<\/p>\n<p><strong><u data-redactor-tag=\"u\">PROPIETATS I INDICACIONS:<\/u><\/strong><\/p>\n<p>\u2022 REMINERALITZANT.<\/p>\n<p>\u2022 HIDRATANT.<\/p>\n<p><strong><u data-redactor-tag=\"u\">RECOMANAT A<\/u>:<\/strong><\/p>\n<p>\u2022 CURA DE LA CEL\u00b7LULITIS I CEL\u00b7LULITIS EDEMATOSA.<\/p>\n<p>\u2022 RETENCI\u00d3 DE L\u00cdQUIDS.<\/p>\n<p><img decoding=\"async\" class=\"alignnone  wp-image-1014\" src=\"https:\/\/herboristeriamerce.com\/wp-content\/uploads\/2025\/04\/106_chemical_free_115.jpg\" alt=\"\" width=\"105\" height=\"105\" \/><img decoding=\"async\" class=\"alignnone  wp-image-1013\" src=\"https:\/\/herboristeriamerce.com\/wp-content\/uploads\/2025\/04\/105_suitable_for_vegans_119.jpg\" alt=\"\" width=\"104\" height=\"104\" \/><img decoding=\"async\" class=\"alignnone  wp-image-1012\" src=\"https:\/\/herboristeriamerce.com\/wp-content\/uploads\/2025\/04\/64_earth_friendly_97.jpg\" alt=\"\" width=\"106\" height=\"106\" \/><img loading=\"lazy\" decoding=\"async\" class=\"alignnone  wp-image-1011\" src=\"https:\/\/herboristeriamerce.com\/wp-content\/uploads\/2025\/04\/52_ecocert_intersa_esential_12.jpg\" alt=\"\" width=\"105\" height=\"105\" \/><img loading=\"lazy\" decoding=\"async\" class=\"alignnone  wp-image-1010\" src=\"https:\/\/herboristeriamerce.com\/wp-content\/uploads\/2025\/04\/50_bio_esential_13.jpg\" alt=\"\" width=\"104\" height=\"104\" \/><img loading=\"lazy\" decoding=\"async\" class=\"alignnone  wp-image-1009\" src=\"https:\/\/herboristeriamerce.com\/wp-content\/uploads\/2025\/04\/38_sin_gluten_116.jpg\" alt=\"\" width=\"103\" height=\"103\" \/><\/p>","protected":false},"excerpt":{"rendered":"<p><span class=\"Y2IQFc\" lang=\"ca\">Ajuda a hidratar i remineralitzar la pell. <\/span><\/p>\n<p><span class=\"Y2IQFc\" lang=\"ca\">Flasc\u00f3 100 ml.<\/span><\/p>","protected":false},"featured_media":999,"comment_status":"open","ping_status":"closed","template":"","meta":{"site-sidebar-layout":"default","site-content-layout":"","ast-site-content-layout":"default","site-content-style":"default","site-sidebar-style":"default","ast-global-header-display":"","ast-banner-title-visibility":"","ast-main-header-display":"","ast-hfb-above-header-display":"","ast-hfb-below-header-display":"","ast-hfb-mobile-header-display":"","site-post-title":"","ast-breadcrumbs-content":"","ast-featured-img":"","footer-sml-layout":"","ast-disable-related-posts":"","theme-transparent-header-meta":"default","adv-header-id-meta":"","stick-header-meta":"","header-above-stick-meta":"","header-main-stick-meta":"","header-below-stick-meta":"","astra-migrate-meta-layouts":"set","ast-page-background-enabled":"default","ast-page-background-meta":{"desktop":{"background-color":"var(--ast-global-color-4)","background-image":"","background-repeat":"repeat","background-position":"center center","background-size":"auto","background-attachment":"scroll","background-type":"","background-media":"","overlay-type":"","overlay-color":"","overlay-opacity":"","overlay-gradient":""},"tablet":{"background-color":"","background-image":"","background-repeat":"repeat","background-position":"center center","background-size":"auto","background-attachment":"scroll","background-type":"","background-media":"","overlay-type":"","overlay-color":"","overlay-opacity":"","overlay-gradient":""},"mobile":{"background-color":"","background-image":"","background-repeat":"repeat","background-position":"center center","background-size":"auto","background-attachment":"scroll","background-type":"","background-media":"","overlay-type":"","overlay-color":"","overlay-opacity":"","overlay-gradient":""}},"ast-content-background-meta":{"desktop":{"background-color":"var(--ast-global-color-5)","background-image":"","background-repeat":"repeat","background-position":"center center","background-size":"auto","background-attachment":"scroll","background-type":"","background-media":"","overlay-type":"","overlay-color":"","overlay-opacity":"","overlay-gradient":""},"tablet":{"background-color":"var(--ast-global-color-5)","background-image":"","background-repeat":"repeat","background-position":"center center","background-size":"auto","background-attachment":"scroll","background-type":"","background-media":"","overlay-type":"","overlay-color":"","overlay-opacity":"","overlay-gradient":""},"mobile":{"background-color":"var(--ast-global-color-5)","background-image":"","background-repeat":"repeat","background-position":"center center","background-size":"auto","background-attachment":"scroll","background-type":"","background-media":"","overlay-type":"","overlay-color":"","overlay-opacity":"","overlay-gradient":""}}},"product_brand":[50],"product_cat":[42,94,93,23,92],"product_tag":[],"class_list":{"0":"post-998","1":"product","2":"type-product","3":"status-publish","4":"has-post-thumbnail","6":"product_brand-esentialaroms","7":"product_cat-cos-i-cara","8":"product_cat-cremador","9":"product_cat-diuretic","10":"product_cat-silueta","11":"product_cat-ventre-pla","12":"desktop-align-left","13":"tablet-align-left","14":"mobile-align-left","16":"first","17":"instock","18":"taxable","19":"shipping-taxable","20":"purchasable","21":"product-type-simple"},"yoast_head":"<!-- This site is optimized with the Yoast SEO plugin v27.5 - https:\/\/yoast.com\/product\/yoast-seo-wordpress\/ -->\n<title>Extracte Lip\u00eddic Fucus - Herbolari Merc\u00e8<\/title>\n<meta name=\"robots\" content=\"index, follow, max-snippet:-1, max-image-preview:large, max-video-preview:-1\" \/>\n<link rel=\"canonical\" href=\"https:\/\/herboristeriamerce.com\/es\/herboristeria-online\/silueta\/ventre-pla\/extracte-lipidic-fucus\/\" \/>\n<meta property=\"og:locale\" content=\"es_ES\" \/>\n<meta property=\"og:type\" content=\"article\" \/>\n<meta property=\"og:title\" content=\"Extracte Lip\u00eddic Fucus - Herbolari Merc\u00e8\" \/>\n<meta property=\"og:description\" content=\"Ajuda a hidratar i remineralitzar la pell.   Flasc\u00f3 100 ml.\" \/>\n<meta property=\"og:url\" content=\"https:\/\/herboristeriamerce.com\/es\/herboristeria-online\/silueta\/ventre-pla\/extracte-lipidic-fucus\/\" \/>\n<meta property=\"og:site_name\" content=\"Herbolari Merc\u00e8\" \/>\n<meta property=\"article:modified_time\" content=\"2025-05-23T18:08:13+00:00\" \/>\n<meta property=\"og:image\" content=\"https:\/\/herboristeriamerce.com\/wp-content\/uploads\/2025\/04\/fucus.jpg\" \/>\n\t<meta property=\"og:image:width\" content=\"500\" \/>\n\t<meta property=\"og:image:height\" content=\"701\" \/>\n\t<meta property=\"og:image:type\" content=\"image\/jpeg\" \/>\n<meta name=\"twitter:card\" content=\"summary_large_image\" \/>\n<meta name=\"twitter:label1\" content=\"Tiempo de lectura\" \/>\n\t<meta name=\"twitter:data1\" content=\"2 minutos\" \/>\n<script type=\"application\/ld+json\" class=\"yoast-schema-graph\">{\"@context\":\"https:\\\/\\\/schema.org\",\"@graph\":[{\"@type\":\"WebPage\",\"@id\":\"https:\\\/\\\/herboristeriamerce.com\\\/herboristeria-online\\\/silueta\\\/ventre-pla\\\/extracte-lipidic-fucus\\\/\",\"url\":\"https:\\\/\\\/herboristeriamerce.com\\\/herboristeria-online\\\/silueta\\\/ventre-pla\\\/extracte-lipidic-fucus\\\/\",\"name\":\"Extracte Lip\u00eddic Fucus - Herbolari Merc\u00e8\",\"isPartOf\":{\"@id\":\"https:\\\/\\\/herboristeriamerce.com\\\/#website\"},\"primaryImageOfPage\":{\"@id\":\"https:\\\/\\\/herboristeriamerce.com\\\/herboristeria-online\\\/silueta\\\/ventre-pla\\\/extracte-lipidic-fucus\\\/#primaryimage\"},\"image\":{\"@id\":\"https:\\\/\\\/herboristeriamerce.com\\\/herboristeria-online\\\/silueta\\\/ventre-pla\\\/extracte-lipidic-fucus\\\/#primaryimage\"},\"thumbnailUrl\":\"https:\\\/\\\/herboristeriamerce.com\\\/wp-content\\\/uploads\\\/2025\\\/04\\\/fucus.jpg\",\"datePublished\":\"2025-04-30T15:19:24+00:00\",\"dateModified\":\"2025-05-23T18:08:13+00:00\",\"breadcrumb\":{\"@id\":\"https:\\\/\\\/herboristeriamerce.com\\\/herboristeria-online\\\/silueta\\\/ventre-pla\\\/extracte-lipidic-fucus\\\/#breadcrumb\"},\"inLanguage\":\"es\",\"potentialAction\":[{\"@type\":\"ReadAction\",\"target\":[\"https:\\\/\\\/herboristeriamerce.com\\\/herboristeria-online\\\/silueta\\\/ventre-pla\\\/extracte-lipidic-fucus\\\/\"]}]},{\"@type\":\"ImageObject\",\"inLanguage\":\"es\",\"@id\":\"https:\\\/\\\/herboristeriamerce.com\\\/herboristeria-online\\\/silueta\\\/ventre-pla\\\/extracte-lipidic-fucus\\\/#primaryimage\",\"url\":\"https:\\\/\\\/herboristeriamerce.com\\\/wp-content\\\/uploads\\\/2025\\\/04\\\/fucus.jpg\",\"contentUrl\":\"https:\\\/\\\/herboristeriamerce.com\\\/wp-content\\\/uploads\\\/2025\\\/04\\\/fucus.jpg\",\"width\":500,\"height\":701},{\"@type\":\"BreadcrumbList\",\"@id\":\"https:\\\/\\\/herboristeriamerce.com\\\/herboristeria-online\\\/silueta\\\/ventre-pla\\\/extracte-lipidic-fucus\\\/#breadcrumb\",\"itemListElement\":[{\"@type\":\"ListItem\",\"position\":1,\"name\":\"Inici\",\"item\":\"https:\\\/\\\/herboristeriamerce.com\\\/\"},{\"@type\":\"ListItem\",\"position\":2,\"name\":\"Herboristeria online\",\"item\":\"https:\\\/\\\/herboristeriamerce.com\\\/herboristeria-online\\\/\"},{\"@type\":\"ListItem\",\"position\":3,\"name\":\"Extracte Lip\u00eddic Fucus\"}]},{\"@type\":\"WebSite\",\"@id\":\"https:\\\/\\\/herboristeriamerce.com\\\/#website\",\"url\":\"https:\\\/\\\/herboristeriamerce.com\\\/\",\"name\":\"Herbolari Merc\u00e8\",\"description\":\"Herbolari a Terrassa\",\"publisher\":{\"@id\":\"https:\\\/\\\/herboristeriamerce.com\\\/#organization\"},\"potentialAction\":[{\"@type\":\"SearchAction\",\"target\":{\"@type\":\"EntryPoint\",\"urlTemplate\":\"https:\\\/\\\/herboristeriamerce.com\\\/?s={search_term_string}\"},\"query-input\":{\"@type\":\"PropertyValueSpecification\",\"valueRequired\":true,\"valueName\":\"search_term_string\"}}],\"inLanguage\":\"es\"},{\"@type\":\"Organization\",\"@id\":\"https:\\\/\\\/herboristeriamerce.com\\\/#organization\",\"name\":\"Herbolari Merc\u00e8\",\"url\":\"https:\\\/\\\/herboristeriamerce.com\\\/\",\"logo\":{\"@type\":\"ImageObject\",\"inLanguage\":\"es\",\"@id\":\"https:\\\/\\\/herboristeriamerce.com\\\/#\\\/schema\\\/logo\\\/image\\\/\",\"url\":\"https:\\\/\\\/herboristeriamerce.com\\\/wp-content\\\/uploads\\\/2025\\\/04\\\/cropped-logo-herboristeria-330x168-229w.webp\",\"contentUrl\":\"https:\\\/\\\/herboristeriamerce.com\\\/wp-content\\\/uploads\\\/2025\\\/04\\\/cropped-logo-herboristeria-330x168-229w.webp\",\"width\":230,\"height\":117,\"caption\":\"Herbolari Merc\u00e8\"},\"image\":{\"@id\":\"https:\\\/\\\/herboristeriamerce.com\\\/#\\\/schema\\\/logo\\\/image\\\/\"}}]}<\/script>\n<!-- \/ Yoast SEO plugin. -->","yoast_head_json":{"title":"Extracte Lip\u00eddic Fucus - Herbolari Merc\u00e8","robots":{"index":"index","follow":"follow","max-snippet":"max-snippet:-1","max-image-preview":"max-image-preview:large","max-video-preview":"max-video-preview:-1"},"canonical":"https:\/\/herboristeriamerce.com\/es\/herboristeria-online\/silueta\/ventre-pla\/extracte-lipidic-fucus\/","og_locale":"es_ES","og_type":"article","og_title":"Extracte Lip\u00eddic Fucus - Herbolari Merc\u00e8","og_description":"Ajuda a hidratar i remineralitzar la pell.   Flasc\u00f3 100 ml.","og_url":"https:\/\/herboristeriamerce.com\/es\/herboristeria-online\/silueta\/ventre-pla\/extracte-lipidic-fucus\/","og_site_name":"Herbolari Merc\u00e8","article_modified_time":"2025-05-23T18:08:13+00:00","og_image":[{"width":500,"height":701,"url":"https:\/\/herboristeriamerce.com\/wp-content\/uploads\/2025\/04\/fucus.jpg","type":"image\/jpeg"}],"twitter_card":"summary_large_image","twitter_misc":{"Tiempo de lectura":"2 minutos"},"schema":{"@context":"https:\/\/schema.org","@graph":[{"@type":"WebPage","@id":"https:\/\/herboristeriamerce.com\/herboristeria-online\/silueta\/ventre-pla\/extracte-lipidic-fucus\/","url":"https:\/\/herboristeriamerce.com\/herboristeria-online\/silueta\/ventre-pla\/extracte-lipidic-fucus\/","name":"Extracte Lip\u00eddic Fucus - Herbolari Merc\u00e8","isPartOf":{"@id":"https:\/\/herboristeriamerce.com\/#website"},"primaryImageOfPage":{"@id":"https:\/\/herboristeriamerce.com\/herboristeria-online\/silueta\/ventre-pla\/extracte-lipidic-fucus\/#primaryimage"},"image":{"@id":"https:\/\/herboristeriamerce.com\/herboristeria-online\/silueta\/ventre-pla\/extracte-lipidic-fucus\/#primaryimage"},"thumbnailUrl":"https:\/\/herboristeriamerce.com\/wp-content\/uploads\/2025\/04\/fucus.jpg","datePublished":"2025-04-30T15:19:24+00:00","dateModified":"2025-05-23T18:08:13+00:00","breadcrumb":{"@id":"https:\/\/herboristeriamerce.com\/herboristeria-online\/silueta\/ventre-pla\/extracte-lipidic-fucus\/#breadcrumb"},"inLanguage":"es","potentialAction":[{"@type":"ReadAction","target":["https:\/\/herboristeriamerce.com\/herboristeria-online\/silueta\/ventre-pla\/extracte-lipidic-fucus\/"]}]},{"@type":"ImageObject","inLanguage":"es","@id":"https:\/\/herboristeriamerce.com\/herboristeria-online\/silueta\/ventre-pla\/extracte-lipidic-fucus\/#primaryimage","url":"https:\/\/herboristeriamerce.com\/wp-content\/uploads\/2025\/04\/fucus.jpg","contentUrl":"https:\/\/herboristeriamerce.com\/wp-content\/uploads\/2025\/04\/fucus.jpg","width":500,"height":701},{"@type":"BreadcrumbList","@id":"https:\/\/herboristeriamerce.com\/herboristeria-online\/silueta\/ventre-pla\/extracte-lipidic-fucus\/#breadcrumb","itemListElement":[{"@type":"ListItem","position":1,"name":"Inici","item":"https:\/\/herboristeriamerce.com\/"},{"@type":"ListItem","position":2,"name":"Herboristeria online","item":"https:\/\/herboristeriamerce.com\/herboristeria-online\/"},{"@type":"ListItem","position":3,"name":"Extracte Lip\u00eddic Fucus"}]},{"@type":"WebSite","@id":"https:\/\/herboristeriamerce.com\/#website","url":"https:\/\/herboristeriamerce.com\/","name":"Herbolari Merc\u00e8","description":"Herbolari a Terrassa","publisher":{"@id":"https:\/\/herboristeriamerce.com\/#organization"},"potentialAction":[{"@type":"SearchAction","target":{"@type":"EntryPoint","urlTemplate":"https:\/\/herboristeriamerce.com\/?s={search_term_string}"},"query-input":{"@type":"PropertyValueSpecification","valueRequired":true,"valueName":"search_term_string"}}],"inLanguage":"es"},{"@type":"Organization","@id":"https:\/\/herboristeriamerce.com\/#organization","name":"Herbolari Merc\u00e8","url":"https:\/\/herboristeriamerce.com\/","logo":{"@type":"ImageObject","inLanguage":"es","@id":"https:\/\/herboristeriamerce.com\/#\/schema\/logo\/image\/","url":"https:\/\/herboristeriamerce.com\/wp-content\/uploads\/2025\/04\/cropped-logo-herboristeria-330x168-229w.webp","contentUrl":"https:\/\/herboristeriamerce.com\/wp-content\/uploads\/2025\/04\/cropped-logo-herboristeria-330x168-229w.webp","width":230,"height":117,"caption":"Herbolari Merc\u00e8"},"image":{"@id":"https:\/\/herboristeriamerce.com\/#\/schema\/logo\/image\/"}}]}},"_links":{"self":[{"href":"https:\/\/herboristeriamerce.com\/es\/wp-json\/wp\/v2\/product\/998","targetHints":{"allow":["GET"]}}],"collection":[{"href":"https:\/\/herboristeriamerce.com\/es\/wp-json\/wp\/v2\/product"}],"about":[{"href":"https:\/\/herboristeriamerce.com\/es\/wp-json\/wp\/v2\/types\/product"}],"replies":[{"embeddable":true,"href":"https:\/\/herboristeriamerce.com\/es\/wp-json\/wp\/v2\/comments?post=998"}],"wp:featuredmedia":[{"embeddable":true,"href":"https:\/\/herboristeriamerce.com\/es\/wp-json\/wp\/v2\/media\/999"}],"wp:attachment":[{"href":"https:\/\/herboristeriamerce.com\/es\/wp-json\/wp\/v2\/media?parent=998"}],"wp:term":[{"taxonomy":"product_brand","embeddable":true,"href":"https:\/\/herboristeriamerce.com\/es\/wp-json\/wp\/v2\/product_brand?post=998"},{"taxonomy":"product_cat","embeddable":true,"href":"https:\/\/herboristeriamerce.com\/es\/wp-json\/wp\/v2\/product_cat?post=998"},{"taxonomy":"product_tag","embeddable":true,"href":"https:\/\/herboristeriamerce.com\/es\/wp-json\/wp\/v2\/product_tag?post=998"}],"curies":[{"name":"wp","href":"https:\/\/api.w.org\/{rel}","templated":true}]}}