{"id":996,"date":"2025-04-30T15:11:26","date_gmt":"2025-04-30T15:11:26","guid":{"rendered":"https:\/\/herboristeriamerce.com\/?post_type=product&#038;p=996"},"modified":"2025-05-23T18:07:00","modified_gmt":"2025-05-23T18:07:00","slug":"drenalight-panxa-plana","status":"publish","type":"product","link":"https:\/\/herboristeriamerce.com\/es\/herboristeria-online\/silueta\/ventre-pla\/drenalight-panxa-plana\/","title":{"rendered":"Drenalight Panxa Plana"},"content":{"rendered":"<p><span class=\"Y2IQFc\" lang=\"ca\">Es un complement alimentari amb extracte de plantes que ajuda a aprimar-se. <\/span><\/p>\n<p><span class=\"Y2IQFc\" lang=\"ca\"><strong>Qu\u00e8 \u00e9s el Drenalight Barriga Plana?<\/strong> <\/span><\/p>\n<p><span class=\"Y2IQFc\" lang=\"ca\">\u00c9s un complement alimentari elaborat a base de taronja vermella moro, guaran\u00e0, caf\u00e8 verd, ortosif\u00f3, reina dels prats, fr\u00e0ngula, melissa, fonoll, dent de lle\u00f3 i carxofa que ajuda amb el control del pes. <\/span><\/p>\n<p><span class=\"Y2IQFc\" lang=\"ca\">El Guaran\u00e1 ajuda a aprimar-se quan se segueix una dieta baixa en calories i al metabolisme normal dels l\u00edpids. Sense sucre.<\/span><\/p>\n<p><span class=\"Y2IQFc\" lang=\"ca\">Amb gust de taronja.<\/span><\/p>\n<p><span class=\"Y2IQFc\" lang=\"ca\"><strong>Ingredients: <\/strong>Taronja Roja Moro, Guaran\u00e1, Caf\u00e8 Verd, Ortosif\u00f3, Reina dels Prats, Frangulla, Melisa, Fonoll, Dent de Lle\u00f3, Carxofa.<\/span><\/p>\n<p><span class=\"Y2IQFc\" lang=\"ca\"><strong>Composici\u00f3 (20 ml):<\/strong> <\/span><span class=\"Y2IQFc\" lang=\"ca\">\u00a0<\/span><\/p>\n<table>\n<tbody>\n<tr>\n<td>Taronja vermella Moro<\/td>\n<td>400 mg<\/td>\n<\/tr>\n<tr>\n<td>Guaran\u00e1<\/td>\n<td>300 mg<\/td>\n<\/tr>\n<tr>\n<td>Caf\u00e8 Verde<\/td>\n<td>300 mg<\/td>\n<\/tr>\n<tr>\n<td>Ortosif\u00f3n<\/td>\n<td>300 mg<\/td>\n<\/tr>\n<tr>\n<td>Reina dels Prats<\/td>\n<td>240 mg<\/td>\n<\/tr>\n<tr>\n<td>Fr\u00e0ngula<\/td>\n<td>240 mg<\/td>\n<\/tr>\n<tr>\n<td>Melissa<\/td>\n<td>240 mg<\/td>\n<\/tr>\n<tr>\n<td>Fonoll<\/td>\n<td>240 mg<\/td>\n<\/tr>\n<tr>\n<td>Dent deLle\u00f3<\/td>\n<td>240 mg<\/td>\n<\/tr>\n<tr>\n<td>Carxofa<\/td>\n<td>240 mg<\/td>\n<\/tr>\n<\/tbody>\n<\/table>\n<p><span class=\"Y2IQFc\" lang=\"ca\"><strong>Com es pren el Drenalight Barriga Plana?<\/strong> <\/span><\/p>\n<p><span class=\"Y2IQFc\" lang=\"ca\">Dilu\u00efu 20 ml en 1 litre i mig d&#8217;aigua. Beveu el preparat durant el dia. Si cal, podeu diluir fins a 40 ml. <strong>Presentaci\u00f3:<\/strong> Env\u00e0s de 600 ml.<\/span><\/p>","protected":false},"excerpt":{"rendered":"<p><span class=\"Y2IQFc\" lang=\"ca\">Complement alimentari a base de taronja moro, guaran\u00e0 i caf\u00e8 verd que ajuda a aprimar-se quan se segueix una dieta baixa en calories. <\/span><\/p>\n<p><span class=\"Y2IQFc\" lang=\"ca\">Presentat en env\u00e0s de 600 ml<\/span><\/p>","protected":false},"featured_media":997,"comment_status":"open","ping_status":"closed","template":"","meta":{"site-sidebar-layout":"default","site-content-layout":"","ast-site-content-layout":"default","site-content-style":"default","site-sidebar-style":"default","ast-global-header-display":"","ast-banner-title-visibility":"","ast-main-header-display":"","ast-hfb-above-header-display":"","ast-hfb-below-header-display":"","ast-hfb-mobile-header-display":"","site-post-title":"","ast-breadcrumbs-content":"","ast-featured-img":"","footer-sml-layout":"","ast-disable-related-posts":"","theme-transparent-header-meta":"default","adv-header-id-meta":"","stick-header-meta":"","header-above-stick-meta":"","header-main-stick-meta":"","header-below-stick-meta":"","astra-migrate-meta-layouts":"set","ast-page-background-enabled":"default","ast-page-background-meta":{"desktop":{"background-color":"var(--ast-global-color-4)","background-image":"","background-repeat":"repeat","background-position":"center center","background-size":"auto","background-attachment":"scroll","background-type":"","background-media":"","overlay-type":"","overlay-color":"","overlay-opacity":"","overlay-gradient":""},"tablet":{"background-color":"","background-image":"","background-repeat":"repeat","background-position":"center center","background-size":"auto","background-attachment":"scroll","background-type":"","background-media":"","overlay-type":"","overlay-color":"","overlay-opacity":"","overlay-gradient":""},"mobile":{"background-color":"","background-image":"","background-repeat":"repeat","background-position":"center center","background-size":"auto","background-attachment":"scroll","background-type":"","background-media":"","overlay-type":"","overlay-color":"","overlay-opacity":"","overlay-gradient":""}},"ast-content-background-meta":{"desktop":{"background-color":"var(--ast-global-color-5)","background-image":"","background-repeat":"repeat","background-position":"center center","background-size":"auto","background-attachment":"scroll","background-type":"","background-media":"","overlay-type":"","overlay-color":"","overlay-opacity":"","overlay-gradient":""},"tablet":{"background-color":"var(--ast-global-color-5)","background-image":"","background-repeat":"repeat","background-position":"center center","background-size":"auto","background-attachment":"scroll","background-type":"","background-media":"","overlay-type":"","overlay-color":"","overlay-opacity":"","overlay-gradient":""},"mobile":{"background-color":"var(--ast-global-color-5)","background-image":"","background-repeat":"repeat","background-position":"center center","background-size":"auto","background-attachment":"scroll","background-type":"","background-media":"","overlay-type":"","overlay-color":"","overlay-opacity":"","overlay-gradient":""}}},"product_brand":[33],"product_cat":[23,92],"product_tag":[],"class_list":{"0":"post-996","1":"product","2":"type-product","3":"status-publish","4":"has-post-thumbnail","6":"product_brand-dietmed","7":"product_cat-silueta","8":"product_cat-ventre-pla","9":"desktop-align-left","10":"tablet-align-left","11":"mobile-align-left","13":"first","14":"instock","15":"taxable","16":"shipping-taxable","17":"purchasable","18":"product-type-simple"},"yoast_head":"<!-- This site is optimized with the Yoast SEO plugin v27.5 - https:\/\/yoast.com\/product\/yoast-seo-wordpress\/ -->\n<title>Drenalight Panxa Plana - Herbolari Merc\u00e8<\/title>\n<meta name=\"robots\" content=\"index, follow, max-snippet:-1, max-image-preview:large, max-video-preview:-1\" \/>\n<link rel=\"canonical\" href=\"https:\/\/herboristeriamerce.com\/es\/herboristeria-online\/silueta\/ventre-pla\/drenalight-panxa-plana\/\" \/>\n<meta property=\"og:locale\" content=\"es_ES\" \/>\n<meta property=\"og:type\" content=\"article\" \/>\n<meta property=\"og:title\" content=\"Drenalight Panxa Plana - Herbolari Merc\u00e8\" \/>\n<meta property=\"og:description\" content=\"Complement alimentari a base de taronja moro, guaran\u00e0 i caf\u00e8 verd que ajuda a aprimar-se quan se segueix una dieta baixa en calories.   Presentat en env\u00e0s de 600 ml\" \/>\n<meta property=\"og:url\" content=\"https:\/\/herboristeriamerce.com\/es\/herboristeria-online\/silueta\/ventre-pla\/drenalight-panxa-plana\/\" \/>\n<meta property=\"og:site_name\" content=\"Herbolari Merc\u00e8\" \/>\n<meta property=\"article:modified_time\" content=\"2025-05-23T18:07:00+00:00\" \/>\n<meta property=\"og:image\" content=\"https:\/\/herboristeriamerce.com\/wp-content\/uploads\/2025\/04\/panxa-plana.jpg\" \/>\n\t<meta property=\"og:image:width\" content=\"768\" \/>\n\t<meta property=\"og:image:height\" content=\"960\" \/>\n\t<meta property=\"og:image:type\" content=\"image\/jpeg\" \/>\n<meta name=\"twitter:card\" content=\"summary_large_image\" \/>\n<meta name=\"twitter:label1\" content=\"Tiempo de lectura\" \/>\n\t<meta name=\"twitter:data1\" content=\"2 minutos\" \/>\n<script type=\"application\/ld+json\" class=\"yoast-schema-graph\">{\"@context\":\"https:\\\/\\\/schema.org\",\"@graph\":[{\"@type\":\"WebPage\",\"@id\":\"https:\\\/\\\/herboristeriamerce.com\\\/herboristeria-online\\\/silueta\\\/ventre-pla\\\/drenalight-panxa-plana\\\/\",\"url\":\"https:\\\/\\\/herboristeriamerce.com\\\/herboristeria-online\\\/silueta\\\/ventre-pla\\\/drenalight-panxa-plana\\\/\",\"name\":\"Drenalight Panxa Plana - Herbolari Merc\u00e8\",\"isPartOf\":{\"@id\":\"https:\\\/\\\/herboristeriamerce.com\\\/#website\"},\"primaryImageOfPage\":{\"@id\":\"https:\\\/\\\/herboristeriamerce.com\\\/herboristeria-online\\\/silueta\\\/ventre-pla\\\/drenalight-panxa-plana\\\/#primaryimage\"},\"image\":{\"@id\":\"https:\\\/\\\/herboristeriamerce.com\\\/herboristeria-online\\\/silueta\\\/ventre-pla\\\/drenalight-panxa-plana\\\/#primaryimage\"},\"thumbnailUrl\":\"https:\\\/\\\/herboristeriamerce.com\\\/wp-content\\\/uploads\\\/2025\\\/04\\\/panxa-plana.jpg\",\"datePublished\":\"2025-04-30T15:11:26+00:00\",\"dateModified\":\"2025-05-23T18:07:00+00:00\",\"breadcrumb\":{\"@id\":\"https:\\\/\\\/herboristeriamerce.com\\\/herboristeria-online\\\/silueta\\\/ventre-pla\\\/drenalight-panxa-plana\\\/#breadcrumb\"},\"inLanguage\":\"es\",\"potentialAction\":[{\"@type\":\"ReadAction\",\"target\":[\"https:\\\/\\\/herboristeriamerce.com\\\/herboristeria-online\\\/silueta\\\/ventre-pla\\\/drenalight-panxa-plana\\\/\"]}]},{\"@type\":\"ImageObject\",\"inLanguage\":\"es\",\"@id\":\"https:\\\/\\\/herboristeriamerce.com\\\/herboristeria-online\\\/silueta\\\/ventre-pla\\\/drenalight-panxa-plana\\\/#primaryimage\",\"url\":\"https:\\\/\\\/herboristeriamerce.com\\\/wp-content\\\/uploads\\\/2025\\\/04\\\/panxa-plana.jpg\",\"contentUrl\":\"https:\\\/\\\/herboristeriamerce.com\\\/wp-content\\\/uploads\\\/2025\\\/04\\\/panxa-plana.jpg\",\"width\":768,\"height\":960},{\"@type\":\"BreadcrumbList\",\"@id\":\"https:\\\/\\\/herboristeriamerce.com\\\/herboristeria-online\\\/silueta\\\/ventre-pla\\\/drenalight-panxa-plana\\\/#breadcrumb\",\"itemListElement\":[{\"@type\":\"ListItem\",\"position\":1,\"name\":\"Inici\",\"item\":\"https:\\\/\\\/herboristeriamerce.com\\\/\"},{\"@type\":\"ListItem\",\"position\":2,\"name\":\"Herboristeria online\",\"item\":\"https:\\\/\\\/herboristeriamerce.com\\\/herboristeria-online\\\/\"},{\"@type\":\"ListItem\",\"position\":3,\"name\":\"Drenalight Panxa Plana\"}]},{\"@type\":\"WebSite\",\"@id\":\"https:\\\/\\\/herboristeriamerce.com\\\/#website\",\"url\":\"https:\\\/\\\/herboristeriamerce.com\\\/\",\"name\":\"Herbolari Merc\u00e8\",\"description\":\"Herbolari a Terrassa\",\"publisher\":{\"@id\":\"https:\\\/\\\/herboristeriamerce.com\\\/#organization\"},\"potentialAction\":[{\"@type\":\"SearchAction\",\"target\":{\"@type\":\"EntryPoint\",\"urlTemplate\":\"https:\\\/\\\/herboristeriamerce.com\\\/?s={search_term_string}\"},\"query-input\":{\"@type\":\"PropertyValueSpecification\",\"valueRequired\":true,\"valueName\":\"search_term_string\"}}],\"inLanguage\":\"es\"},{\"@type\":\"Organization\",\"@id\":\"https:\\\/\\\/herboristeriamerce.com\\\/#organization\",\"name\":\"Herbolari Merc\u00e8\",\"url\":\"https:\\\/\\\/herboristeriamerce.com\\\/\",\"logo\":{\"@type\":\"ImageObject\",\"inLanguage\":\"es\",\"@id\":\"https:\\\/\\\/herboristeriamerce.com\\\/#\\\/schema\\\/logo\\\/image\\\/\",\"url\":\"https:\\\/\\\/herboristeriamerce.com\\\/wp-content\\\/uploads\\\/2025\\\/04\\\/cropped-logo-herboristeria-330x168-229w.webp\",\"contentUrl\":\"https:\\\/\\\/herboristeriamerce.com\\\/wp-content\\\/uploads\\\/2025\\\/04\\\/cropped-logo-herboristeria-330x168-229w.webp\",\"width\":230,\"height\":117,\"caption\":\"Herbolari Merc\u00e8\"},\"image\":{\"@id\":\"https:\\\/\\\/herboristeriamerce.com\\\/#\\\/schema\\\/logo\\\/image\\\/\"}}]}<\/script>\n<!-- \/ Yoast SEO plugin. -->","yoast_head_json":{"title":"Drenalight Panxa Plana - Herbolari Merc\u00e8","robots":{"index":"index","follow":"follow","max-snippet":"max-snippet:-1","max-image-preview":"max-image-preview:large","max-video-preview":"max-video-preview:-1"},"canonical":"https:\/\/herboristeriamerce.com\/es\/herboristeria-online\/silueta\/ventre-pla\/drenalight-panxa-plana\/","og_locale":"es_ES","og_type":"article","og_title":"Drenalight Panxa Plana - Herbolari Merc\u00e8","og_description":"Complement alimentari a base de taronja moro, guaran\u00e0 i caf\u00e8 verd que ajuda a aprimar-se quan se segueix una dieta baixa en calories.   Presentat en env\u00e0s de 600 ml","og_url":"https:\/\/herboristeriamerce.com\/es\/herboristeria-online\/silueta\/ventre-pla\/drenalight-panxa-plana\/","og_site_name":"Herbolari Merc\u00e8","article_modified_time":"2025-05-23T18:07:00+00:00","og_image":[{"width":768,"height":960,"url":"https:\/\/herboristeriamerce.com\/wp-content\/uploads\/2025\/04\/panxa-plana.jpg","type":"image\/jpeg"}],"twitter_card":"summary_large_image","twitter_misc":{"Tiempo de lectura":"2 minutos"},"schema":{"@context":"https:\/\/schema.org","@graph":[{"@type":"WebPage","@id":"https:\/\/herboristeriamerce.com\/herboristeria-online\/silueta\/ventre-pla\/drenalight-panxa-plana\/","url":"https:\/\/herboristeriamerce.com\/herboristeria-online\/silueta\/ventre-pla\/drenalight-panxa-plana\/","name":"Drenalight Panxa Plana - Herbolari Merc\u00e8","isPartOf":{"@id":"https:\/\/herboristeriamerce.com\/#website"},"primaryImageOfPage":{"@id":"https:\/\/herboristeriamerce.com\/herboristeria-online\/silueta\/ventre-pla\/drenalight-panxa-plana\/#primaryimage"},"image":{"@id":"https:\/\/herboristeriamerce.com\/herboristeria-online\/silueta\/ventre-pla\/drenalight-panxa-plana\/#primaryimage"},"thumbnailUrl":"https:\/\/herboristeriamerce.com\/wp-content\/uploads\/2025\/04\/panxa-plana.jpg","datePublished":"2025-04-30T15:11:26+00:00","dateModified":"2025-05-23T18:07:00+00:00","breadcrumb":{"@id":"https:\/\/herboristeriamerce.com\/herboristeria-online\/silueta\/ventre-pla\/drenalight-panxa-plana\/#breadcrumb"},"inLanguage":"es","potentialAction":[{"@type":"ReadAction","target":["https:\/\/herboristeriamerce.com\/herboristeria-online\/silueta\/ventre-pla\/drenalight-panxa-plana\/"]}]},{"@type":"ImageObject","inLanguage":"es","@id":"https:\/\/herboristeriamerce.com\/herboristeria-online\/silueta\/ventre-pla\/drenalight-panxa-plana\/#primaryimage","url":"https:\/\/herboristeriamerce.com\/wp-content\/uploads\/2025\/04\/panxa-plana.jpg","contentUrl":"https:\/\/herboristeriamerce.com\/wp-content\/uploads\/2025\/04\/panxa-plana.jpg","width":768,"height":960},{"@type":"BreadcrumbList","@id":"https:\/\/herboristeriamerce.com\/herboristeria-online\/silueta\/ventre-pla\/drenalight-panxa-plana\/#breadcrumb","itemListElement":[{"@type":"ListItem","position":1,"name":"Inici","item":"https:\/\/herboristeriamerce.com\/"},{"@type":"ListItem","position":2,"name":"Herboristeria online","item":"https:\/\/herboristeriamerce.com\/herboristeria-online\/"},{"@type":"ListItem","position":3,"name":"Drenalight Panxa Plana"}]},{"@type":"WebSite","@id":"https:\/\/herboristeriamerce.com\/#website","url":"https:\/\/herboristeriamerce.com\/","name":"Herbolari Merc\u00e8","description":"Herbolari a Terrassa","publisher":{"@id":"https:\/\/herboristeriamerce.com\/#organization"},"potentialAction":[{"@type":"SearchAction","target":{"@type":"EntryPoint","urlTemplate":"https:\/\/herboristeriamerce.com\/?s={search_term_string}"},"query-input":{"@type":"PropertyValueSpecification","valueRequired":true,"valueName":"search_term_string"}}],"inLanguage":"es"},{"@type":"Organization","@id":"https:\/\/herboristeriamerce.com\/#organization","name":"Herbolari Merc\u00e8","url":"https:\/\/herboristeriamerce.com\/","logo":{"@type":"ImageObject","inLanguage":"es","@id":"https:\/\/herboristeriamerce.com\/#\/schema\/logo\/image\/","url":"https:\/\/herboristeriamerce.com\/wp-content\/uploads\/2025\/04\/cropped-logo-herboristeria-330x168-229w.webp","contentUrl":"https:\/\/herboristeriamerce.com\/wp-content\/uploads\/2025\/04\/cropped-logo-herboristeria-330x168-229w.webp","width":230,"height":117,"caption":"Herbolari Merc\u00e8"},"image":{"@id":"https:\/\/herboristeriamerce.com\/#\/schema\/logo\/image\/"}}]}},"_links":{"self":[{"href":"https:\/\/herboristeriamerce.com\/es\/wp-json\/wp\/v2\/product\/996","targetHints":{"allow":["GET"]}}],"collection":[{"href":"https:\/\/herboristeriamerce.com\/es\/wp-json\/wp\/v2\/product"}],"about":[{"href":"https:\/\/herboristeriamerce.com\/es\/wp-json\/wp\/v2\/types\/product"}],"replies":[{"embeddable":true,"href":"https:\/\/herboristeriamerce.com\/es\/wp-json\/wp\/v2\/comments?post=996"}],"wp:featuredmedia":[{"embeddable":true,"href":"https:\/\/herboristeriamerce.com\/es\/wp-json\/wp\/v2\/media\/997"}],"wp:attachment":[{"href":"https:\/\/herboristeriamerce.com\/es\/wp-json\/wp\/v2\/media?parent=996"}],"wp:term":[{"taxonomy":"product_brand","embeddable":true,"href":"https:\/\/herboristeriamerce.com\/es\/wp-json\/wp\/v2\/product_brand?post=996"},{"taxonomy":"product_cat","embeddable":true,"href":"https:\/\/herboristeriamerce.com\/es\/wp-json\/wp\/v2\/product_cat?post=996"},{"taxonomy":"product_tag","embeddable":true,"href":"https:\/\/herboristeriamerce.com\/es\/wp-json\/wp\/v2\/product_tag?post=996"}],"curies":[{"name":"wp","href":"https:\/\/api.w.org\/{rel}","templated":true}]}}