{"id":993,"date":"2025-04-30T15:02:29","date_gmt":"2025-04-30T15:02:29","guid":{"rendered":"https:\/\/herboristeriamerce.com\/?post_type=product&#038;p=993"},"modified":"2025-05-25T10:07:27","modified_gmt":"2025-05-25T10:07:27","slug":"drenalight-detox","status":"publish","type":"product","link":"https:\/\/herboristeriamerce.com\/es\/herboristeria-online\/neteja-i-desintoxicacio\/depuracio\/drenalight-detox\/","title":{"rendered":"Drenalight Detox"},"content":{"rendered":"<p><span class=\"Y2IQFc\" lang=\"ca\">Drenalight Detox Complement alimentari a base de carxofa, card mari\u00e0 &amp; Ch\u00e1 Verde. <\/span><\/p>\n<p><span class=\"Y2IQFc\" lang=\"ca\"><strong>Qu\u00e8 \u00e9s el Drenalight Detox?<\/strong> <\/span><\/p>\n<p><span class=\"Y2IQFc\" lang=\"ca\">La Colina contribueix al metabolisme normal dels l\u00edpids hi ha mantenir la funci\u00f3 hep\u00e0tica normal.<\/span><\/p>\n<p><span class=\"Y2IQFc\" lang=\"ca\"><strong>Composici\u00f3 (20 ml):<\/strong> <\/span><\/p>\n<p><span class=\"Y2IQFc\" lang=\"ca\">Te Verd: 500 mg <\/span><\/p>\n<p><span class=\"Y2IQFc\" lang=\"ca\">Cua de Cavall 367 mg <\/span><\/p>\n<p><span class=\"Y2IQFc\" lang=\"ca\">Cola 266 mg <\/span><\/p>\n<p><span class=\"Y2IQFc\" lang=\"ca\">Guaran\u00e1 233 mg <\/span><\/p>\n<p><span class=\"Y2IQFc\" lang=\"ca\">Vellosilla 233 mg <\/span><\/p>\n<p><span class=\"Y2IQFc\" lang=\"ca\">Reina dels Prats 233 mg <\/span><\/p>\n<p><span class=\"Y2IQFc\" lang=\"ca\">Frangulla 233 mg <\/span><\/p>\n<p><span class=\"Y2IQFc\" lang=\"ca\">Melissa 233 mg <\/span><\/p>\n<p><span class=\"Y2IQFc\" lang=\"ca\">Fonoll 233 mg <\/span><\/p>\n<p><span class=\"Y2IQFc\" lang=\"ca\">Llimona 233 mg <\/span><\/p>\n<p><span class=\"Y2IQFc\" lang=\"ca\">Dent de Lle\u00f3 233 mg <\/span><\/p>\n<p><span class=\"Y2IQFc\" lang=\"ca\">Carxofa 233 mg <\/span><\/p>\n<p><span class=\"Y2IQFc\" lang=\"ca\">Aloe Vera 233 mg <\/span><\/p>\n<p><span class=\"Y2IQFc\" lang=\"ca\">Cardo Mariano 233 mg <\/span><\/p>\n<p><span class=\"Y2IQFc\" lang=\"ca\">Fibres 200 mg <\/span><\/p>\n<p><span class=\"Y2IQFc\" lang=\"ca\">Colina 16,5 mg <\/span><\/p>\n<p><span class=\"Y2IQFc\" lang=\"ca\"><strong>Com es pren el Drenalight Detox? <\/strong><\/span><\/p>\n<p><span class=\"Y2IQFc\" lang=\"ca\">Es recomana una mesura (20 ml) dilu\u00efda en un litre i mig d&#8217;aigua que es beur\u00e0 durant el dia. Si cal, es podr\u00e0 diluir fins a 40 ml.<\/span><\/p>\n<p><span class=\"Y2IQFc\" lang=\"ca\"><strong>Presentaci\u00f3:<\/strong> Env\u00e0s de 600 ml.<\/span><\/p>","protected":false},"excerpt":{"rendered":"<p><span class=\"Y2IQFc\" lang=\"ca\">Complement alimentari a base de carxofa, card mari\u00e0 &amp; Ch\u00e1 Verde. <\/span><\/p>\n<p><span class=\"Y2IQFc\" lang=\"ca\">Env\u00e0s de 600 mlt.<\/span><\/p>","protected":false},"featured_media":994,"comment_status":"open","ping_status":"closed","template":"","meta":{"site-sidebar-layout":"default","site-content-layout":"","ast-site-content-layout":"default","site-content-style":"default","site-sidebar-style":"default","ast-global-header-display":"","ast-banner-title-visibility":"","ast-main-header-display":"","ast-hfb-above-header-display":"","ast-hfb-below-header-display":"","ast-hfb-mobile-header-display":"","site-post-title":"","ast-breadcrumbs-content":"","ast-featured-img":"","footer-sml-layout":"","ast-disable-related-posts":"","theme-transparent-header-meta":"default","adv-header-id-meta":"","stick-header-meta":"","header-above-stick-meta":"","header-main-stick-meta":"","header-below-stick-meta":"","astra-migrate-meta-layouts":"set","ast-page-background-enabled":"default","ast-page-background-meta":{"desktop":{"background-color":"var(--ast-global-color-4)","background-image":"","background-repeat":"repeat","background-position":"center center","background-size":"auto","background-attachment":"scroll","background-type":"","background-media":"","overlay-type":"","overlay-color":"","overlay-opacity":"","overlay-gradient":""},"tablet":{"background-color":"","background-image":"","background-repeat":"repeat","background-position":"center center","background-size":"auto","background-attachment":"scroll","background-type":"","background-media":"","overlay-type":"","overlay-color":"","overlay-opacity":"","overlay-gradient":""},"mobile":{"background-color":"","background-image":"","background-repeat":"repeat","background-position":"center center","background-size":"auto","background-attachment":"scroll","background-type":"","background-media":"","overlay-type":"","overlay-color":"","overlay-opacity":"","overlay-gradient":""}},"ast-content-background-meta":{"desktop":{"background-color":"var(--ast-global-color-5)","background-image":"","background-repeat":"repeat","background-position":"center center","background-size":"auto","background-attachment":"scroll","background-type":"","background-media":"","overlay-type":"","overlay-color":"","overlay-opacity":"","overlay-gradient":""},"tablet":{"background-color":"var(--ast-global-color-5)","background-image":"","background-repeat":"repeat","background-position":"center center","background-size":"auto","background-attachment":"scroll","background-type":"","background-media":"","overlay-type":"","overlay-color":"","overlay-opacity":"","overlay-gradient":""},"mobile":{"background-color":"var(--ast-global-color-5)","background-image":"","background-repeat":"repeat","background-position":"center center","background-size":"auto","background-attachment":"scroll","background-type":"","background-media":"","overlay-type":"","overlay-color":"","overlay-opacity":"","overlay-gradient":""}}},"product_brand":[33],"product_cat":[104,93,44,23],"product_tag":[],"class_list":{"0":"post-993","1":"product","2":"type-product","3":"status-publish","4":"has-post-thumbnail","6":"product_brand-dietmed","7":"product_cat-depuracio","8":"product_cat-diuretic","9":"product_cat-neteja-i-desintoxicacio","10":"product_cat-silueta","11":"desktop-align-left","12":"tablet-align-left","13":"mobile-align-left","15":"first","16":"instock","17":"taxable","18":"shipping-taxable","19":"purchasable","20":"product-type-simple"},"yoast_head":"<!-- This site is optimized with the Yoast SEO plugin v27.5 - https:\/\/yoast.com\/product\/yoast-seo-wordpress\/ -->\n<title>Drenalight Detox - Herbolari Merc\u00e8<\/title>\n<meta name=\"robots\" content=\"index, follow, max-snippet:-1, max-image-preview:large, max-video-preview:-1\" \/>\n<link rel=\"canonical\" href=\"https:\/\/herboristeriamerce.com\/es\/herboristeria-online\/neteja-i-desintoxicacio\/depuracio\/drenalight-detox\/\" \/>\n<meta property=\"og:locale\" content=\"es_ES\" \/>\n<meta property=\"og:type\" content=\"article\" \/>\n<meta property=\"og:title\" content=\"Drenalight Detox - Herbolari Merc\u00e8\" \/>\n<meta property=\"og:description\" content=\"Complement alimentari a base de carxofa, card mari\u00e0 &amp; Ch\u00e1 Verde.   Env\u00e0s de 600 mlt.\" \/>\n<meta property=\"og:url\" content=\"https:\/\/herboristeriamerce.com\/es\/herboristeria-online\/neteja-i-desintoxicacio\/depuracio\/drenalight-detox\/\" \/>\n<meta property=\"og:site_name\" content=\"Herbolari Merc\u00e8\" \/>\n<meta property=\"article:modified_time\" content=\"2025-05-25T10:07:27+00:00\" \/>\n<meta property=\"og:image\" content=\"https:\/\/herboristeriamerce.com\/wp-content\/uploads\/2025\/04\/drenalight-detox-dietmed-600-ml.png\" \/>\n\t<meta property=\"og:image:width\" content=\"300\" \/>\n\t<meta property=\"og:image:height\" content=\"300\" \/>\n\t<meta property=\"og:image:type\" content=\"image\/png\" \/>\n<meta name=\"twitter:card\" content=\"summary_large_image\" \/>\n<meta name=\"twitter:label1\" content=\"Tiempo de lectura\" \/>\n\t<meta name=\"twitter:data1\" content=\"1 minuto\" \/>\n<script type=\"application\/ld+json\" class=\"yoast-schema-graph\">{\"@context\":\"https:\\\/\\\/schema.org\",\"@graph\":[{\"@type\":\"WebPage\",\"@id\":\"https:\\\/\\\/herboristeriamerce.com\\\/herboristeria-online\\\/neteja-i-desintoxicacio\\\/depuracio\\\/drenalight-detox\\\/\",\"url\":\"https:\\\/\\\/herboristeriamerce.com\\\/herboristeria-online\\\/neteja-i-desintoxicacio\\\/depuracio\\\/drenalight-detox\\\/\",\"name\":\"Drenalight Detox - Herbolari Merc\u00e8\",\"isPartOf\":{\"@id\":\"https:\\\/\\\/herboristeriamerce.com\\\/#website\"},\"primaryImageOfPage\":{\"@id\":\"https:\\\/\\\/herboristeriamerce.com\\\/herboristeria-online\\\/neteja-i-desintoxicacio\\\/depuracio\\\/drenalight-detox\\\/#primaryimage\"},\"image\":{\"@id\":\"https:\\\/\\\/herboristeriamerce.com\\\/herboristeria-online\\\/neteja-i-desintoxicacio\\\/depuracio\\\/drenalight-detox\\\/#primaryimage\"},\"thumbnailUrl\":\"https:\\\/\\\/herboristeriamerce.com\\\/wp-content\\\/uploads\\\/2025\\\/04\\\/drenalight-detox-dietmed-600-ml.png\",\"datePublished\":\"2025-04-30T15:02:29+00:00\",\"dateModified\":\"2025-05-25T10:07:27+00:00\",\"breadcrumb\":{\"@id\":\"https:\\\/\\\/herboristeriamerce.com\\\/herboristeria-online\\\/neteja-i-desintoxicacio\\\/depuracio\\\/drenalight-detox\\\/#breadcrumb\"},\"inLanguage\":\"es\",\"potentialAction\":[{\"@type\":\"ReadAction\",\"target\":[\"https:\\\/\\\/herboristeriamerce.com\\\/herboristeria-online\\\/neteja-i-desintoxicacio\\\/depuracio\\\/drenalight-detox\\\/\"]}]},{\"@type\":\"ImageObject\",\"inLanguage\":\"es\",\"@id\":\"https:\\\/\\\/herboristeriamerce.com\\\/herboristeria-online\\\/neteja-i-desintoxicacio\\\/depuracio\\\/drenalight-detox\\\/#primaryimage\",\"url\":\"https:\\\/\\\/herboristeriamerce.com\\\/wp-content\\\/uploads\\\/2025\\\/04\\\/drenalight-detox-dietmed-600-ml.png\",\"contentUrl\":\"https:\\\/\\\/herboristeriamerce.com\\\/wp-content\\\/uploads\\\/2025\\\/04\\\/drenalight-detox-dietmed-600-ml.png\",\"width\":300,\"height\":300},{\"@type\":\"BreadcrumbList\",\"@id\":\"https:\\\/\\\/herboristeriamerce.com\\\/herboristeria-online\\\/neteja-i-desintoxicacio\\\/depuracio\\\/drenalight-detox\\\/#breadcrumb\",\"itemListElement\":[{\"@type\":\"ListItem\",\"position\":1,\"name\":\"Inici\",\"item\":\"https:\\\/\\\/herboristeriamerce.com\\\/\"},{\"@type\":\"ListItem\",\"position\":2,\"name\":\"Herboristeria online\",\"item\":\"https:\\\/\\\/herboristeriamerce.com\\\/herboristeria-online\\\/\"},{\"@type\":\"ListItem\",\"position\":3,\"name\":\"Drenalight Detox\"}]},{\"@type\":\"WebSite\",\"@id\":\"https:\\\/\\\/herboristeriamerce.com\\\/#website\",\"url\":\"https:\\\/\\\/herboristeriamerce.com\\\/\",\"name\":\"Herbolari Merc\u00e8\",\"description\":\"Herbolari a Terrassa\",\"publisher\":{\"@id\":\"https:\\\/\\\/herboristeriamerce.com\\\/#organization\"},\"potentialAction\":[{\"@type\":\"SearchAction\",\"target\":{\"@type\":\"EntryPoint\",\"urlTemplate\":\"https:\\\/\\\/herboristeriamerce.com\\\/?s={search_term_string}\"},\"query-input\":{\"@type\":\"PropertyValueSpecification\",\"valueRequired\":true,\"valueName\":\"search_term_string\"}}],\"inLanguage\":\"es\"},{\"@type\":\"Organization\",\"@id\":\"https:\\\/\\\/herboristeriamerce.com\\\/#organization\",\"name\":\"Herbolari Merc\u00e8\",\"url\":\"https:\\\/\\\/herboristeriamerce.com\\\/\",\"logo\":{\"@type\":\"ImageObject\",\"inLanguage\":\"es\",\"@id\":\"https:\\\/\\\/herboristeriamerce.com\\\/#\\\/schema\\\/logo\\\/image\\\/\",\"url\":\"https:\\\/\\\/herboristeriamerce.com\\\/wp-content\\\/uploads\\\/2025\\\/04\\\/cropped-logo-herboristeria-330x168-229w.webp\",\"contentUrl\":\"https:\\\/\\\/herboristeriamerce.com\\\/wp-content\\\/uploads\\\/2025\\\/04\\\/cropped-logo-herboristeria-330x168-229w.webp\",\"width\":230,\"height\":117,\"caption\":\"Herbolari Merc\u00e8\"},\"image\":{\"@id\":\"https:\\\/\\\/herboristeriamerce.com\\\/#\\\/schema\\\/logo\\\/image\\\/\"}}]}<\/script>\n<!-- \/ Yoast SEO plugin. -->","yoast_head_json":{"title":"Drenalight Detox - Herbolari Merc\u00e8","robots":{"index":"index","follow":"follow","max-snippet":"max-snippet:-1","max-image-preview":"max-image-preview:large","max-video-preview":"max-video-preview:-1"},"canonical":"https:\/\/herboristeriamerce.com\/es\/herboristeria-online\/neteja-i-desintoxicacio\/depuracio\/drenalight-detox\/","og_locale":"es_ES","og_type":"article","og_title":"Drenalight Detox - Herbolari Merc\u00e8","og_description":"Complement alimentari a base de carxofa, card mari\u00e0 &amp; Ch\u00e1 Verde.   Env\u00e0s de 600 mlt.","og_url":"https:\/\/herboristeriamerce.com\/es\/herboristeria-online\/neteja-i-desintoxicacio\/depuracio\/drenalight-detox\/","og_site_name":"Herbolari Merc\u00e8","article_modified_time":"2025-05-25T10:07:27+00:00","og_image":[{"width":300,"height":300,"url":"https:\/\/herboristeriamerce.com\/wp-content\/uploads\/2025\/04\/drenalight-detox-dietmed-600-ml.png","type":"image\/png"}],"twitter_card":"summary_large_image","twitter_misc":{"Tiempo de lectura":"1 minuto"},"schema":{"@context":"https:\/\/schema.org","@graph":[{"@type":"WebPage","@id":"https:\/\/herboristeriamerce.com\/herboristeria-online\/neteja-i-desintoxicacio\/depuracio\/drenalight-detox\/","url":"https:\/\/herboristeriamerce.com\/herboristeria-online\/neteja-i-desintoxicacio\/depuracio\/drenalight-detox\/","name":"Drenalight Detox - Herbolari Merc\u00e8","isPartOf":{"@id":"https:\/\/herboristeriamerce.com\/#website"},"primaryImageOfPage":{"@id":"https:\/\/herboristeriamerce.com\/herboristeria-online\/neteja-i-desintoxicacio\/depuracio\/drenalight-detox\/#primaryimage"},"image":{"@id":"https:\/\/herboristeriamerce.com\/herboristeria-online\/neteja-i-desintoxicacio\/depuracio\/drenalight-detox\/#primaryimage"},"thumbnailUrl":"https:\/\/herboristeriamerce.com\/wp-content\/uploads\/2025\/04\/drenalight-detox-dietmed-600-ml.png","datePublished":"2025-04-30T15:02:29+00:00","dateModified":"2025-05-25T10:07:27+00:00","breadcrumb":{"@id":"https:\/\/herboristeriamerce.com\/herboristeria-online\/neteja-i-desintoxicacio\/depuracio\/drenalight-detox\/#breadcrumb"},"inLanguage":"es","potentialAction":[{"@type":"ReadAction","target":["https:\/\/herboristeriamerce.com\/herboristeria-online\/neteja-i-desintoxicacio\/depuracio\/drenalight-detox\/"]}]},{"@type":"ImageObject","inLanguage":"es","@id":"https:\/\/herboristeriamerce.com\/herboristeria-online\/neteja-i-desintoxicacio\/depuracio\/drenalight-detox\/#primaryimage","url":"https:\/\/herboristeriamerce.com\/wp-content\/uploads\/2025\/04\/drenalight-detox-dietmed-600-ml.png","contentUrl":"https:\/\/herboristeriamerce.com\/wp-content\/uploads\/2025\/04\/drenalight-detox-dietmed-600-ml.png","width":300,"height":300},{"@type":"BreadcrumbList","@id":"https:\/\/herboristeriamerce.com\/herboristeria-online\/neteja-i-desintoxicacio\/depuracio\/drenalight-detox\/#breadcrumb","itemListElement":[{"@type":"ListItem","position":1,"name":"Inici","item":"https:\/\/herboristeriamerce.com\/"},{"@type":"ListItem","position":2,"name":"Herboristeria online","item":"https:\/\/herboristeriamerce.com\/herboristeria-online\/"},{"@type":"ListItem","position":3,"name":"Drenalight Detox"}]},{"@type":"WebSite","@id":"https:\/\/herboristeriamerce.com\/#website","url":"https:\/\/herboristeriamerce.com\/","name":"Herbolari Merc\u00e8","description":"Herbolari a Terrassa","publisher":{"@id":"https:\/\/herboristeriamerce.com\/#organization"},"potentialAction":[{"@type":"SearchAction","target":{"@type":"EntryPoint","urlTemplate":"https:\/\/herboristeriamerce.com\/?s={search_term_string}"},"query-input":{"@type":"PropertyValueSpecification","valueRequired":true,"valueName":"search_term_string"}}],"inLanguage":"es"},{"@type":"Organization","@id":"https:\/\/herboristeriamerce.com\/#organization","name":"Herbolari Merc\u00e8","url":"https:\/\/herboristeriamerce.com\/","logo":{"@type":"ImageObject","inLanguage":"es","@id":"https:\/\/herboristeriamerce.com\/#\/schema\/logo\/image\/","url":"https:\/\/herboristeriamerce.com\/wp-content\/uploads\/2025\/04\/cropped-logo-herboristeria-330x168-229w.webp","contentUrl":"https:\/\/herboristeriamerce.com\/wp-content\/uploads\/2025\/04\/cropped-logo-herboristeria-330x168-229w.webp","width":230,"height":117,"caption":"Herbolari Merc\u00e8"},"image":{"@id":"https:\/\/herboristeriamerce.com\/#\/schema\/logo\/image\/"}}]}},"_links":{"self":[{"href":"https:\/\/herboristeriamerce.com\/es\/wp-json\/wp\/v2\/product\/993","targetHints":{"allow":["GET"]}}],"collection":[{"href":"https:\/\/herboristeriamerce.com\/es\/wp-json\/wp\/v2\/product"}],"about":[{"href":"https:\/\/herboristeriamerce.com\/es\/wp-json\/wp\/v2\/types\/product"}],"replies":[{"embeddable":true,"href":"https:\/\/herboristeriamerce.com\/es\/wp-json\/wp\/v2\/comments?post=993"}],"wp:featuredmedia":[{"embeddable":true,"href":"https:\/\/herboristeriamerce.com\/es\/wp-json\/wp\/v2\/media\/994"}],"wp:attachment":[{"href":"https:\/\/herboristeriamerce.com\/es\/wp-json\/wp\/v2\/media?parent=993"}],"wp:term":[{"taxonomy":"product_brand","embeddable":true,"href":"https:\/\/herboristeriamerce.com\/es\/wp-json\/wp\/v2\/product_brand?post=993"},{"taxonomy":"product_cat","embeddable":true,"href":"https:\/\/herboristeriamerce.com\/es\/wp-json\/wp\/v2\/product_cat?post=993"},{"taxonomy":"product_tag","embeddable":true,"href":"https:\/\/herboristeriamerce.com\/es\/wp-json\/wp\/v2\/product_tag?post=993"}],"curies":[{"name":"wp","href":"https:\/\/api.w.org\/{rel}","templated":true}]}}