{"id":971,"date":"2025-04-29T18:12:01","date_gmt":"2025-04-29T18:12:01","guid":{"rendered":"https:\/\/herboristeriamerce.com\/?post_type=product&#038;p=971"},"modified":"2025-05-25T09:27:46","modified_gmt":"2025-05-25T09:27:46","slug":"crono-transit","status":"publish","type":"product","link":"https:\/\/herboristeriamerce.com\/es\/herboristeria-online\/digestio-transit-intestinal\/transit-intestinal\/crono-transit\/","title":{"rendered":"Crono Tr\u00e0nsit"},"content":{"rendered":"<p>sdgshsfh<\/p>\n<p>dfgdf<\/p>\n<ul>\n<li>\n<pre id=\"tw-target-text\" class=\"tw-data-text tw-text-large tw-ta\" dir=\"ltr\" data-placeholder=\"Traducci\u00f3\" data-ved=\"2ahUKEwjyuKH5uP2MAxWMgf0HHRF6PPcQ3ewLegQIAhAV\" aria-label=\"Text tradu\u00eft: Crono Tr\u00e0nsit est\u00e0 compost d'actius 100% naturals, sense colorants ni OGM:Les propietats laxants de les plantes amb contingut a Antraquinones (Sen, C\u00e1scara, Ruibarbo, Aloe i Arracl\u00e1n) contribueixen a lluitar contra els problemes de restrenyiment ocasional, faciliten el tr\u00e0nsit intestinal i afavoreixen la motricitat de l'intest\u00ed, influenciant favorablement la regularitat de la femta.La Malva, amb propietats laxants, ajuda a lluitar contra la inflamaci\u00f3 de l'intest\u00ed.La Canyella i el Convolvulus, afavoreixen el tr\u00e0nsit intestinal. El clau d'olor redueix espasmes i diarrees\"><span class=\"Y2IQFc\" lang=\"ca\">Crono Tr\u00e0nsit est\u00e0 compost d'actius 100% naturals, sense colorants ni OGM:\r\n\r\nLes propietats laxants de les plantes amb contingut a Antraquinones (Sen, C\u00e1scara, Ruibarbo, Aloe i Arracl\u00e1n) contribueixen a lluitar contra els problemes de restrenyiment ocasional, faciliten el tr\u00e0nsit intestinal i afavoreixen la motricitat de l'intest\u00ed, influenciant favorablement la regularitat de la femta.\r\nLa Malva, amb propietats laxants, ajuda a lluitar contra la inflamaci\u00f3 de l'intest\u00ed.\r\nLa Canyella i el Convolvulus, afavoreixen el tr\u00e0nsit intestinal. El clau d'olor redueix espasmes i diarrees<\/span><\/pre>\n<\/li>\n<\/ul>","protected":false},"excerpt":{"rendered":"<p>Afavoreix un bon tr\u00e0nsit intestinal.<\/p>\n<p>Actius:<span class=\"Y2IQFc\" lang=\"ca\"> Sena, Closca, Ruibarbo, Aloe, Fr\u00e0ngula, Malva, Canyella, Convolvulus i Clau.<\/span><\/p>","protected":false},"featured_media":972,"comment_status":"open","ping_status":"closed","template":"","meta":{"site-sidebar-layout":"default","site-content-layout":"","ast-site-content-layout":"default","site-content-style":"default","site-sidebar-style":"default","ast-global-header-display":"","ast-banner-title-visibility":"","ast-main-header-display":"","ast-hfb-above-header-display":"","ast-hfb-below-header-display":"","ast-hfb-mobile-header-display":"","site-post-title":"","ast-breadcrumbs-content":"","ast-featured-img":"","footer-sml-layout":"","ast-disable-related-posts":"","theme-transparent-header-meta":"default","adv-header-id-meta":"","stick-header-meta":"","header-above-stick-meta":"","header-main-stick-meta":"","header-below-stick-meta":"","astra-migrate-meta-layouts":"set","ast-page-background-enabled":"default","ast-page-background-meta":{"desktop":{"background-color":"var(--ast-global-color-4)","background-image":"","background-repeat":"repeat","background-position":"center center","background-size":"auto","background-attachment":"scroll","background-type":"","background-media":"","overlay-type":"","overlay-color":"","overlay-opacity":"","overlay-gradient":""},"tablet":{"background-color":"","background-image":"","background-repeat":"repeat","background-position":"center center","background-size":"auto","background-attachment":"scroll","background-type":"","background-media":"","overlay-type":"","overlay-color":"","overlay-opacity":"","overlay-gradient":""},"mobile":{"background-color":"","background-image":"","background-repeat":"repeat","background-position":"center center","background-size":"auto","background-attachment":"scroll","background-type":"","background-media":"","overlay-type":"","overlay-color":"","overlay-opacity":"","overlay-gradient":""}},"ast-content-background-meta":{"desktop":{"background-color":"var(--ast-global-color-5)","background-image":"","background-repeat":"repeat","background-position":"center center","background-size":"auto","background-attachment":"scroll","background-type":"","background-media":"","overlay-type":"","overlay-color":"","overlay-opacity":"","overlay-gradient":""},"tablet":{"background-color":"var(--ast-global-color-5)","background-image":"","background-repeat":"repeat","background-position":"center center","background-size":"auto","background-attachment":"scroll","background-type":"","background-media":"","overlay-type":"","overlay-color":"","overlay-opacity":"","overlay-gradient":""},"mobile":{"background-color":"var(--ast-global-color-5)","background-image":"","background-repeat":"repeat","background-position":"center center","background-size":"auto","background-attachment":"scroll","background-type":"","background-media":"","overlay-type":"","overlay-color":"","overlay-opacity":"","overlay-gradient":""}}},"product_brand":[19],"product_cat":[25,99],"product_tag":[],"class_list":{"0":"post-971","1":"product","2":"type-product","3":"status-publish","4":"has-post-thumbnail","6":"product_brand-activa","7":"product_cat-digestio-transit-intestinal","8":"product_cat-transit-intestinal","9":"desktop-align-left","10":"tablet-align-left","11":"mobile-align-left","13":"first","14":"instock","15":"taxable","16":"shipping-taxable","17":"purchasable","18":"product-type-simple"},"yoast_head":"<!-- This site is optimized with the Yoast SEO plugin v27.5 - https:\/\/yoast.com\/product\/yoast-seo-wordpress\/ -->\n<title>Crono Tr\u00e0nsit - Herbolari Merc\u00e8<\/title>\n<meta name=\"robots\" content=\"index, follow, max-snippet:-1, max-image-preview:large, max-video-preview:-1\" \/>\n<link rel=\"canonical\" href=\"https:\/\/herboristeriamerce.com\/es\/herboristeria-online\/digestio-transit-intestinal\/transit-intestinal\/crono-transit\/\" \/>\n<meta property=\"og:locale\" content=\"es_ES\" \/>\n<meta property=\"og:type\" content=\"article\" \/>\n<meta property=\"og:title\" content=\"Crono Tr\u00e0nsit - Herbolari Merc\u00e8\" \/>\n<meta property=\"og:description\" content=\"Afavoreix un bon tr\u00e0nsit intestinal.  Actius: Sena, Closca, Ruibarbo, Aloe, Fr\u00e0ngula, Malva, Canyella, Convolvulus i Clau.\" \/>\n<meta property=\"og:url\" content=\"https:\/\/herboristeriamerce.com\/es\/herboristeria-online\/digestio-transit-intestinal\/transit-intestinal\/crono-transit\/\" \/>\n<meta property=\"og:site_name\" content=\"Herbolari Merc\u00e8\" \/>\n<meta property=\"article:modified_time\" content=\"2025-05-25T09:27:46+00:00\" \/>\n<meta property=\"og:image\" content=\"https:\/\/herboristeriamerce.com\/wp-content\/uploads\/2025\/04\/3D-Chrono-tra-ES-e1587044599966.png\" \/>\n\t<meta property=\"og:image:width\" content=\"600\" \/>\n\t<meta property=\"og:image:height\" content=\"800\" \/>\n\t<meta property=\"og:image:type\" content=\"image\/png\" \/>\n<meta name=\"twitter:card\" content=\"summary_large_image\" \/>\n<meta name=\"twitter:label1\" content=\"Tiempo de lectura\" \/>\n\t<meta name=\"twitter:data1\" content=\"1 minuto\" \/>\n<script type=\"application\/ld+json\" class=\"yoast-schema-graph\">{\"@context\":\"https:\\\/\\\/schema.org\",\"@graph\":[{\"@type\":\"WebPage\",\"@id\":\"https:\\\/\\\/herboristeriamerce.com\\\/herboristeria-online\\\/digestio-transit-intestinal\\\/transit-intestinal\\\/crono-transit\\\/\",\"url\":\"https:\\\/\\\/herboristeriamerce.com\\\/herboristeria-online\\\/digestio-transit-intestinal\\\/transit-intestinal\\\/crono-transit\\\/\",\"name\":\"Crono Tr\u00e0nsit - Herbolari Merc\u00e8\",\"isPartOf\":{\"@id\":\"https:\\\/\\\/herboristeriamerce.com\\\/#website\"},\"primaryImageOfPage\":{\"@id\":\"https:\\\/\\\/herboristeriamerce.com\\\/herboristeria-online\\\/digestio-transit-intestinal\\\/transit-intestinal\\\/crono-transit\\\/#primaryimage\"},\"image\":{\"@id\":\"https:\\\/\\\/herboristeriamerce.com\\\/herboristeria-online\\\/digestio-transit-intestinal\\\/transit-intestinal\\\/crono-transit\\\/#primaryimage\"},\"thumbnailUrl\":\"https:\\\/\\\/herboristeriamerce.com\\\/wp-content\\\/uploads\\\/2025\\\/04\\\/3D-Chrono-tra-ES-e1587044599966.png\",\"datePublished\":\"2025-04-29T18:12:01+00:00\",\"dateModified\":\"2025-05-25T09:27:46+00:00\",\"breadcrumb\":{\"@id\":\"https:\\\/\\\/herboristeriamerce.com\\\/herboristeria-online\\\/digestio-transit-intestinal\\\/transit-intestinal\\\/crono-transit\\\/#breadcrumb\"},\"inLanguage\":\"es\",\"potentialAction\":[{\"@type\":\"ReadAction\",\"target\":[\"https:\\\/\\\/herboristeriamerce.com\\\/herboristeria-online\\\/digestio-transit-intestinal\\\/transit-intestinal\\\/crono-transit\\\/\"]}]},{\"@type\":\"ImageObject\",\"inLanguage\":\"es\",\"@id\":\"https:\\\/\\\/herboristeriamerce.com\\\/herboristeria-online\\\/digestio-transit-intestinal\\\/transit-intestinal\\\/crono-transit\\\/#primaryimage\",\"url\":\"https:\\\/\\\/herboristeriamerce.com\\\/wp-content\\\/uploads\\\/2025\\\/04\\\/3D-Chrono-tra-ES-e1587044599966.png\",\"contentUrl\":\"https:\\\/\\\/herboristeriamerce.com\\\/wp-content\\\/uploads\\\/2025\\\/04\\\/3D-Chrono-tra-ES-e1587044599966.png\",\"width\":600,\"height\":800},{\"@type\":\"BreadcrumbList\",\"@id\":\"https:\\\/\\\/herboristeriamerce.com\\\/herboristeria-online\\\/digestio-transit-intestinal\\\/transit-intestinal\\\/crono-transit\\\/#breadcrumb\",\"itemListElement\":[{\"@type\":\"ListItem\",\"position\":1,\"name\":\"Inici\",\"item\":\"https:\\\/\\\/herboristeriamerce.com\\\/\"},{\"@type\":\"ListItem\",\"position\":2,\"name\":\"Herboristeria online\",\"item\":\"https:\\\/\\\/herboristeriamerce.com\\\/herboristeria-online\\\/\"},{\"@type\":\"ListItem\",\"position\":3,\"name\":\"Crono Tr\u00e0nsit\"}]},{\"@type\":\"WebSite\",\"@id\":\"https:\\\/\\\/herboristeriamerce.com\\\/#website\",\"url\":\"https:\\\/\\\/herboristeriamerce.com\\\/\",\"name\":\"Herbolari Merc\u00e8\",\"description\":\"Herbolari a Terrassa\",\"publisher\":{\"@id\":\"https:\\\/\\\/herboristeriamerce.com\\\/#organization\"},\"potentialAction\":[{\"@type\":\"SearchAction\",\"target\":{\"@type\":\"EntryPoint\",\"urlTemplate\":\"https:\\\/\\\/herboristeriamerce.com\\\/?s={search_term_string}\"},\"query-input\":{\"@type\":\"PropertyValueSpecification\",\"valueRequired\":true,\"valueName\":\"search_term_string\"}}],\"inLanguage\":\"es\"},{\"@type\":\"Organization\",\"@id\":\"https:\\\/\\\/herboristeriamerce.com\\\/#organization\",\"name\":\"Herbolari Merc\u00e8\",\"url\":\"https:\\\/\\\/herboristeriamerce.com\\\/\",\"logo\":{\"@type\":\"ImageObject\",\"inLanguage\":\"es\",\"@id\":\"https:\\\/\\\/herboristeriamerce.com\\\/#\\\/schema\\\/logo\\\/image\\\/\",\"url\":\"https:\\\/\\\/herboristeriamerce.com\\\/wp-content\\\/uploads\\\/2025\\\/04\\\/cropped-logo-herboristeria-330x168-229w.webp\",\"contentUrl\":\"https:\\\/\\\/herboristeriamerce.com\\\/wp-content\\\/uploads\\\/2025\\\/04\\\/cropped-logo-herboristeria-330x168-229w.webp\",\"width\":230,\"height\":117,\"caption\":\"Herbolari Merc\u00e8\"},\"image\":{\"@id\":\"https:\\\/\\\/herboristeriamerce.com\\\/#\\\/schema\\\/logo\\\/image\\\/\"}}]}<\/script>\n<!-- \/ Yoast SEO plugin. -->","yoast_head_json":{"title":"Crono Tr\u00e0nsit - Herbolari Merc\u00e8","robots":{"index":"index","follow":"follow","max-snippet":"max-snippet:-1","max-image-preview":"max-image-preview:large","max-video-preview":"max-video-preview:-1"},"canonical":"https:\/\/herboristeriamerce.com\/es\/herboristeria-online\/digestio-transit-intestinal\/transit-intestinal\/crono-transit\/","og_locale":"es_ES","og_type":"article","og_title":"Crono Tr\u00e0nsit - Herbolari Merc\u00e8","og_description":"Afavoreix un bon tr\u00e0nsit intestinal.  Actius: Sena, Closca, Ruibarbo, Aloe, Fr\u00e0ngula, Malva, Canyella, Convolvulus i Clau.","og_url":"https:\/\/herboristeriamerce.com\/es\/herboristeria-online\/digestio-transit-intestinal\/transit-intestinal\/crono-transit\/","og_site_name":"Herbolari Merc\u00e8","article_modified_time":"2025-05-25T09:27:46+00:00","og_image":[{"width":600,"height":800,"url":"https:\/\/herboristeriamerce.com\/wp-content\/uploads\/2025\/04\/3D-Chrono-tra-ES-e1587044599966.png","type":"image\/png"}],"twitter_card":"summary_large_image","twitter_misc":{"Tiempo de lectura":"1 minuto"},"schema":{"@context":"https:\/\/schema.org","@graph":[{"@type":"WebPage","@id":"https:\/\/herboristeriamerce.com\/herboristeria-online\/digestio-transit-intestinal\/transit-intestinal\/crono-transit\/","url":"https:\/\/herboristeriamerce.com\/herboristeria-online\/digestio-transit-intestinal\/transit-intestinal\/crono-transit\/","name":"Crono Tr\u00e0nsit - Herbolari Merc\u00e8","isPartOf":{"@id":"https:\/\/herboristeriamerce.com\/#website"},"primaryImageOfPage":{"@id":"https:\/\/herboristeriamerce.com\/herboristeria-online\/digestio-transit-intestinal\/transit-intestinal\/crono-transit\/#primaryimage"},"image":{"@id":"https:\/\/herboristeriamerce.com\/herboristeria-online\/digestio-transit-intestinal\/transit-intestinal\/crono-transit\/#primaryimage"},"thumbnailUrl":"https:\/\/herboristeriamerce.com\/wp-content\/uploads\/2025\/04\/3D-Chrono-tra-ES-e1587044599966.png","datePublished":"2025-04-29T18:12:01+00:00","dateModified":"2025-05-25T09:27:46+00:00","breadcrumb":{"@id":"https:\/\/herboristeriamerce.com\/herboristeria-online\/digestio-transit-intestinal\/transit-intestinal\/crono-transit\/#breadcrumb"},"inLanguage":"es","potentialAction":[{"@type":"ReadAction","target":["https:\/\/herboristeriamerce.com\/herboristeria-online\/digestio-transit-intestinal\/transit-intestinal\/crono-transit\/"]}]},{"@type":"ImageObject","inLanguage":"es","@id":"https:\/\/herboristeriamerce.com\/herboristeria-online\/digestio-transit-intestinal\/transit-intestinal\/crono-transit\/#primaryimage","url":"https:\/\/herboristeriamerce.com\/wp-content\/uploads\/2025\/04\/3D-Chrono-tra-ES-e1587044599966.png","contentUrl":"https:\/\/herboristeriamerce.com\/wp-content\/uploads\/2025\/04\/3D-Chrono-tra-ES-e1587044599966.png","width":600,"height":800},{"@type":"BreadcrumbList","@id":"https:\/\/herboristeriamerce.com\/herboristeria-online\/digestio-transit-intestinal\/transit-intestinal\/crono-transit\/#breadcrumb","itemListElement":[{"@type":"ListItem","position":1,"name":"Inici","item":"https:\/\/herboristeriamerce.com\/"},{"@type":"ListItem","position":2,"name":"Herboristeria online","item":"https:\/\/herboristeriamerce.com\/herboristeria-online\/"},{"@type":"ListItem","position":3,"name":"Crono Tr\u00e0nsit"}]},{"@type":"WebSite","@id":"https:\/\/herboristeriamerce.com\/#website","url":"https:\/\/herboristeriamerce.com\/","name":"Herbolari Merc\u00e8","description":"Herbolari a Terrassa","publisher":{"@id":"https:\/\/herboristeriamerce.com\/#organization"},"potentialAction":[{"@type":"SearchAction","target":{"@type":"EntryPoint","urlTemplate":"https:\/\/herboristeriamerce.com\/?s={search_term_string}"},"query-input":{"@type":"PropertyValueSpecification","valueRequired":true,"valueName":"search_term_string"}}],"inLanguage":"es"},{"@type":"Organization","@id":"https:\/\/herboristeriamerce.com\/#organization","name":"Herbolari Merc\u00e8","url":"https:\/\/herboristeriamerce.com\/","logo":{"@type":"ImageObject","inLanguage":"es","@id":"https:\/\/herboristeriamerce.com\/#\/schema\/logo\/image\/","url":"https:\/\/herboristeriamerce.com\/wp-content\/uploads\/2025\/04\/cropped-logo-herboristeria-330x168-229w.webp","contentUrl":"https:\/\/herboristeriamerce.com\/wp-content\/uploads\/2025\/04\/cropped-logo-herboristeria-330x168-229w.webp","width":230,"height":117,"caption":"Herbolari Merc\u00e8"},"image":{"@id":"https:\/\/herboristeriamerce.com\/#\/schema\/logo\/image\/"}}]}},"_links":{"self":[{"href":"https:\/\/herboristeriamerce.com\/es\/wp-json\/wp\/v2\/product\/971","targetHints":{"allow":["GET"]}}],"collection":[{"href":"https:\/\/herboristeriamerce.com\/es\/wp-json\/wp\/v2\/product"}],"about":[{"href":"https:\/\/herboristeriamerce.com\/es\/wp-json\/wp\/v2\/types\/product"}],"replies":[{"embeddable":true,"href":"https:\/\/herboristeriamerce.com\/es\/wp-json\/wp\/v2\/comments?post=971"}],"wp:featuredmedia":[{"embeddable":true,"href":"https:\/\/herboristeriamerce.com\/es\/wp-json\/wp\/v2\/media\/972"}],"wp:attachment":[{"href":"https:\/\/herboristeriamerce.com\/es\/wp-json\/wp\/v2\/media?parent=971"}],"wp:term":[{"taxonomy":"product_brand","embeddable":true,"href":"https:\/\/herboristeriamerce.com\/es\/wp-json\/wp\/v2\/product_brand?post=971"},{"taxonomy":"product_cat","embeddable":true,"href":"https:\/\/herboristeriamerce.com\/es\/wp-json\/wp\/v2\/product_cat?post=971"},{"taxonomy":"product_tag","embeddable":true,"href":"https:\/\/herboristeriamerce.com\/es\/wp-json\/wp\/v2\/product_tag?post=971"}],"curies":[{"name":"wp","href":"https:\/\/api.w.org\/{rel}","templated":true}]}}