{"id":963,"date":"2025-04-29T15:13:48","date_gmt":"2025-04-29T15:13:48","guid":{"rendered":"https:\/\/herboristeriamerce.com\/?post_type=product&#038;p=963"},"modified":"2025-07-06T09:30:16","modified_gmt":"2025-07-06T09:30:16","slug":"benestar-prebiopro","status":"publish","type":"product","link":"https:\/\/herboristeriamerce.com\/es\/herboristeria-online\/digestio-transit-intestinal\/flora-intestinal\/benestar-prebiopro\/","title":{"rendered":"Benestar PreBioPro"},"content":{"rendered":"<p>Benestar PreBioPro est\u00e0 compost d&#8217;actius 100% naturals, sense colorants ni OGM:<\/p>\n<p>Essencial en el seu equilibri gr\u00e0cies a la sinergia de 4 ceps de bacteris rigorosament seleccionats per la seva innocu\u00eftat i la seva acci\u00f3 complement\u00e0ria, i de 3 prebi\u00f2tics afavorint el desenvolupament de microbiotes.<\/p>\n<p>Sinergia de 4 microbiotes per a un resultat \u00f2ptim:<\/p>\n<p><strong>Bifidobacterium longum<\/strong><\/p>\n<p><strong>Bifidobacterium infantis<\/strong><\/p>\n<p><strong>Lactobacillus acidophilus<\/strong><\/p>\n<p><strong>Lactobacillus rhamnosus<\/strong><\/p>\n<p>Sinergia de 3 prebi\u00f2tics:<\/p>\n<p><strong>Fructo-oligosaccharides<\/strong><\/p>\n<p><strong>Xylitol<\/strong><\/p>\n<p><strong>Ribose<\/strong><\/p>\n<p><strong>Indicacions d&#8217;\u00fas:<\/strong><\/p>\n<p>1 c\u00e0psula al dia al mat\u00ed amb dej\u00fa amb un gran got d&#8217;aigua. Es poden obrir les c\u00e0psules abans de l&#8217;administraci\u00f3.<\/p>\n<p><strong>Presentaci\u00f3:<\/strong><\/p>\n<p>30 c\u00e0psules en bl\u00edster<\/p>\n<table cellspacing=\"0\" cellpadding=\"0\">\n<tbody>\n<tr>\n<td><img decoding=\"async\" src=\"https:\/\/fr.activastore.com\/img\/cms\/Pictos%20fiche%20produit\/gelule-vegetale.png\" alt=\"\" width=\"100\" height=\"100\" \/><\/td>\n<td><img decoding=\"async\" src=\"https:\/\/es.activastore.com\/img\/cms\/Pictos%20fiche%20produit\/icon_extraits.png\" alt=\"icon_extraits.png\" width=\"100\" height=\"100\" \/><\/td>\n<td><img decoding=\"async\" src=\"https:\/\/es.activastore.com\/img\/cms\/Pictos%20fiche%20produit\/icon-enfants-3-ans.png\" alt=\"\" width=\"100\" height=\"100\" \/><\/td>\n<td><img loading=\"lazy\" decoding=\"async\" src=\"https:\/\/es.activastore.com\/img\/cms\/Pictos%20fiche%20produit\/icon-femmes-enceintes-allaitantes.png\" alt=\"icon-femmes-enceintes-allaitantes.png\" width=\"100\" height=\"100\" \/><\/td>\n<\/tr>\n<tr>\n<td>C\u00e0psula 100% vegetal<\/td>\n<td>100% Extractes secs titulats<\/td>\n<td>Niens + 3 anys<\/td>\n<td>Dones embarassades i lactants<\/td>\n<\/tr>\n<\/tbody>\n<\/table>","protected":false},"excerpt":{"rendered":"<p>Protegeix i recupera la flora intestinal gr\u00e0cies a les microbiotes.<\/p>\n<p>Actius: Prebi\u00f2tics i probi\u00f2tics<\/p>\n<pre id=\"tw-target-text\" class=\"tw-data-text tw-text-large tw-ta\" dir=\"ltr\" data-placeholder=\"Traducci\u00f3\" data-ved=\"2ahUKEwjyuKH5uP2MAxWMgf0HHRF6PPcQ3ewLegQIAhAV\" aria-label=\"Text tradu\u00eft: protegeix i recupera la flora intestinal gr\u00e0cies a les microbiotes. Actius: prebi\u00f2tics i probi\u00f2tics.\"><\/pre>","protected":false},"featured_media":964,"comment_status":"open","ping_status":"closed","template":"","meta":{"site-sidebar-layout":"default","site-content-layout":"","ast-site-content-layout":"default","site-content-style":"default","site-sidebar-style":"default","ast-global-header-display":"","ast-banner-title-visibility":"","ast-main-header-display":"","ast-hfb-above-header-display":"","ast-hfb-below-header-display":"","ast-hfb-mobile-header-display":"","site-post-title":"","ast-breadcrumbs-content":"","ast-featured-img":"","footer-sml-layout":"","ast-disable-related-posts":"","theme-transparent-header-meta":"default","adv-header-id-meta":"","stick-header-meta":"","header-above-stick-meta":"","header-main-stick-meta":"","header-below-stick-meta":"","astra-migrate-meta-layouts":"set","ast-page-background-enabled":"default","ast-page-background-meta":{"desktop":{"background-color":"var(--ast-global-color-4)","background-image":"","background-repeat":"repeat","background-position":"center center","background-size":"auto","background-attachment":"scroll","background-type":"","background-media":"","overlay-type":"","overlay-color":"","overlay-opacity":"","overlay-gradient":""},"tablet":{"background-color":"","background-image":"","background-repeat":"repeat","background-position":"center center","background-size":"auto","background-attachment":"scroll","background-type":"","background-media":"","overlay-type":"","overlay-color":"","overlay-opacity":"","overlay-gradient":""},"mobile":{"background-color":"","background-image":"","background-repeat":"repeat","background-position":"center center","background-size":"auto","background-attachment":"scroll","background-type":"","background-media":"","overlay-type":"","overlay-color":"","overlay-opacity":"","overlay-gradient":""}},"ast-content-background-meta":{"desktop":{"background-color":"var(--ast-global-color-5)","background-image":"","background-repeat":"repeat","background-position":"center center","background-size":"auto","background-attachment":"scroll","background-type":"","background-media":"","overlay-type":"","overlay-color":"","overlay-opacity":"","overlay-gradient":""},"tablet":{"background-color":"var(--ast-global-color-5)","background-image":"","background-repeat":"repeat","background-position":"center center","background-size":"auto","background-attachment":"scroll","background-type":"","background-media":"","overlay-type":"","overlay-color":"","overlay-opacity":"","overlay-gradient":""},"mobile":{"background-color":"var(--ast-global-color-5)","background-image":"","background-repeat":"repeat","background-position":"center center","background-size":"auto","background-attachment":"scroll","background-type":"","background-media":"","overlay-type":"","overlay-color":"","overlay-opacity":"","overlay-gradient":""}}},"product_brand":[19],"product_cat":[97,25],"product_tag":[173],"class_list":{"0":"post-963","1":"product","2":"type-product","3":"status-publish","4":"has-post-thumbnail","6":"product_brand-activa","7":"product_cat-flora-intestinal","8":"product_cat-digestio-transit-intestinal","9":"product_tag-capsula-100vegetal","10":"desktop-align-left","11":"tablet-align-left","12":"mobile-align-left","14":"first","15":"instock","16":"taxable","17":"shipping-taxable","18":"purchasable","19":"product-type-simple"},"yoast_head":"<!-- This site is optimized with the Yoast SEO plugin v27.5 - https:\/\/yoast.com\/product\/yoast-seo-wordpress\/ -->\n<title>Benestar PreBioPro - Herbolari Merc\u00e8<\/title>\n<meta name=\"robots\" content=\"index, follow, max-snippet:-1, max-image-preview:large, max-video-preview:-1\" \/>\n<link rel=\"canonical\" href=\"https:\/\/herboristeriamerce.com\/es\/herboristeria-online\/digestio-transit-intestinal\/flora-intestinal\/benestar-prebiopro\/\" \/>\n<meta property=\"og:locale\" content=\"es_ES\" \/>\n<meta property=\"og:type\" content=\"article\" \/>\n<meta property=\"og:title\" content=\"Benestar PreBioPro - Herbolari Merc\u00e8\" \/>\n<meta property=\"og:description\" content=\"Protegeix i recupera la flora intestinal gr\u00e0cies a les microbiotes.  Actius: Prebi\u00f2tics i probi\u00f2tics\" \/>\n<meta property=\"og:url\" content=\"https:\/\/herboristeriamerce.com\/es\/herboristeria-online\/digestio-transit-intestinal\/flora-intestinal\/benestar-prebiopro\/\" \/>\n<meta property=\"og:site_name\" content=\"Herbolari Merc\u00e8\" \/>\n<meta property=\"article:modified_time\" content=\"2025-07-06T09:30:16+00:00\" \/>\n<meta property=\"og:image\" content=\"https:\/\/herboristeriamerce.com\/wp-content\/uploads\/2025\/04\/bienestar-prebiopro-activa-400x379-1.png\" \/>\n\t<meta property=\"og:image:width\" content=\"400\" \/>\n\t<meta property=\"og:image:height\" content=\"379\" \/>\n\t<meta property=\"og:image:type\" content=\"image\/png\" \/>\n<meta name=\"twitter:card\" content=\"summary_large_image\" \/>\n<meta name=\"twitter:label1\" content=\"Tiempo de lectura\" \/>\n\t<meta name=\"twitter:data1\" content=\"2 minutos\" \/>\n<script type=\"application\/ld+json\" class=\"yoast-schema-graph\">{\"@context\":\"https:\\\/\\\/schema.org\",\"@graph\":[{\"@type\":\"WebPage\",\"@id\":\"https:\\\/\\\/herboristeriamerce.com\\\/herboristeria-online\\\/digestio-transit-intestinal\\\/flora-intestinal\\\/benestar-prebiopro\\\/\",\"url\":\"https:\\\/\\\/herboristeriamerce.com\\\/herboristeria-online\\\/digestio-transit-intestinal\\\/flora-intestinal\\\/benestar-prebiopro\\\/\",\"name\":\"Benestar PreBioPro - Herbolari Merc\u00e8\",\"isPartOf\":{\"@id\":\"https:\\\/\\\/herboristeriamerce.com\\\/#website\"},\"primaryImageOfPage\":{\"@id\":\"https:\\\/\\\/herboristeriamerce.com\\\/herboristeria-online\\\/digestio-transit-intestinal\\\/flora-intestinal\\\/benestar-prebiopro\\\/#primaryimage\"},\"image\":{\"@id\":\"https:\\\/\\\/herboristeriamerce.com\\\/herboristeria-online\\\/digestio-transit-intestinal\\\/flora-intestinal\\\/benestar-prebiopro\\\/#primaryimage\"},\"thumbnailUrl\":\"https:\\\/\\\/herboristeriamerce.com\\\/wp-content\\\/uploads\\\/2025\\\/04\\\/bienestar-prebiopro-activa-400x379-1.png\",\"datePublished\":\"2025-04-29T15:13:48+00:00\",\"dateModified\":\"2025-07-06T09:30:16+00:00\",\"breadcrumb\":{\"@id\":\"https:\\\/\\\/herboristeriamerce.com\\\/herboristeria-online\\\/digestio-transit-intestinal\\\/flora-intestinal\\\/benestar-prebiopro\\\/#breadcrumb\"},\"inLanguage\":\"es\",\"potentialAction\":[{\"@type\":\"ReadAction\",\"target\":[\"https:\\\/\\\/herboristeriamerce.com\\\/herboristeria-online\\\/digestio-transit-intestinal\\\/flora-intestinal\\\/benestar-prebiopro\\\/\"]}]},{\"@type\":\"ImageObject\",\"inLanguage\":\"es\",\"@id\":\"https:\\\/\\\/herboristeriamerce.com\\\/herboristeria-online\\\/digestio-transit-intestinal\\\/flora-intestinal\\\/benestar-prebiopro\\\/#primaryimage\",\"url\":\"https:\\\/\\\/herboristeriamerce.com\\\/wp-content\\\/uploads\\\/2025\\\/04\\\/bienestar-prebiopro-activa-400x379-1.png\",\"contentUrl\":\"https:\\\/\\\/herboristeriamerce.com\\\/wp-content\\\/uploads\\\/2025\\\/04\\\/bienestar-prebiopro-activa-400x379-1.png\",\"width\":400,\"height\":379},{\"@type\":\"BreadcrumbList\",\"@id\":\"https:\\\/\\\/herboristeriamerce.com\\\/herboristeria-online\\\/digestio-transit-intestinal\\\/flora-intestinal\\\/benestar-prebiopro\\\/#breadcrumb\",\"itemListElement\":[{\"@type\":\"ListItem\",\"position\":1,\"name\":\"Inici\",\"item\":\"https:\\\/\\\/herboristeriamerce.com\\\/\"},{\"@type\":\"ListItem\",\"position\":2,\"name\":\"Herboristeria online\",\"item\":\"https:\\\/\\\/herboristeriamerce.com\\\/herboristeria-online\\\/\"},{\"@type\":\"ListItem\",\"position\":3,\"name\":\"Benestar PreBioPro\"}]},{\"@type\":\"WebSite\",\"@id\":\"https:\\\/\\\/herboristeriamerce.com\\\/#website\",\"url\":\"https:\\\/\\\/herboristeriamerce.com\\\/\",\"name\":\"Herbolari Merc\u00e8\",\"description\":\"Herbolari a Terrassa\",\"publisher\":{\"@id\":\"https:\\\/\\\/herboristeriamerce.com\\\/#organization\"},\"potentialAction\":[{\"@type\":\"SearchAction\",\"target\":{\"@type\":\"EntryPoint\",\"urlTemplate\":\"https:\\\/\\\/herboristeriamerce.com\\\/?s={search_term_string}\"},\"query-input\":{\"@type\":\"PropertyValueSpecification\",\"valueRequired\":true,\"valueName\":\"search_term_string\"}}],\"inLanguage\":\"es\"},{\"@type\":\"Organization\",\"@id\":\"https:\\\/\\\/herboristeriamerce.com\\\/#organization\",\"name\":\"Herbolari Merc\u00e8\",\"url\":\"https:\\\/\\\/herboristeriamerce.com\\\/\",\"logo\":{\"@type\":\"ImageObject\",\"inLanguage\":\"es\",\"@id\":\"https:\\\/\\\/herboristeriamerce.com\\\/#\\\/schema\\\/logo\\\/image\\\/\",\"url\":\"https:\\\/\\\/herboristeriamerce.com\\\/wp-content\\\/uploads\\\/2025\\\/04\\\/cropped-logo-herboristeria-330x168-229w.webp\",\"contentUrl\":\"https:\\\/\\\/herboristeriamerce.com\\\/wp-content\\\/uploads\\\/2025\\\/04\\\/cropped-logo-herboristeria-330x168-229w.webp\",\"width\":230,\"height\":117,\"caption\":\"Herbolari Merc\u00e8\"},\"image\":{\"@id\":\"https:\\\/\\\/herboristeriamerce.com\\\/#\\\/schema\\\/logo\\\/image\\\/\"}}]}<\/script>\n<!-- \/ Yoast SEO plugin. -->","yoast_head_json":{"title":"Benestar PreBioPro - Herbolari Merc\u00e8","robots":{"index":"index","follow":"follow","max-snippet":"max-snippet:-1","max-image-preview":"max-image-preview:large","max-video-preview":"max-video-preview:-1"},"canonical":"https:\/\/herboristeriamerce.com\/es\/herboristeria-online\/digestio-transit-intestinal\/flora-intestinal\/benestar-prebiopro\/","og_locale":"es_ES","og_type":"article","og_title":"Benestar PreBioPro - Herbolari Merc\u00e8","og_description":"Protegeix i recupera la flora intestinal gr\u00e0cies a les microbiotes.  Actius: Prebi\u00f2tics i probi\u00f2tics","og_url":"https:\/\/herboristeriamerce.com\/es\/herboristeria-online\/digestio-transit-intestinal\/flora-intestinal\/benestar-prebiopro\/","og_site_name":"Herbolari Merc\u00e8","article_modified_time":"2025-07-06T09:30:16+00:00","og_image":[{"width":400,"height":379,"url":"https:\/\/herboristeriamerce.com\/wp-content\/uploads\/2025\/04\/bienestar-prebiopro-activa-400x379-1.png","type":"image\/png"}],"twitter_card":"summary_large_image","twitter_misc":{"Tiempo de lectura":"2 minutos"},"schema":{"@context":"https:\/\/schema.org","@graph":[{"@type":"WebPage","@id":"https:\/\/herboristeriamerce.com\/herboristeria-online\/digestio-transit-intestinal\/flora-intestinal\/benestar-prebiopro\/","url":"https:\/\/herboristeriamerce.com\/herboristeria-online\/digestio-transit-intestinal\/flora-intestinal\/benestar-prebiopro\/","name":"Benestar PreBioPro - Herbolari Merc\u00e8","isPartOf":{"@id":"https:\/\/herboristeriamerce.com\/#website"},"primaryImageOfPage":{"@id":"https:\/\/herboristeriamerce.com\/herboristeria-online\/digestio-transit-intestinal\/flora-intestinal\/benestar-prebiopro\/#primaryimage"},"image":{"@id":"https:\/\/herboristeriamerce.com\/herboristeria-online\/digestio-transit-intestinal\/flora-intestinal\/benestar-prebiopro\/#primaryimage"},"thumbnailUrl":"https:\/\/herboristeriamerce.com\/wp-content\/uploads\/2025\/04\/bienestar-prebiopro-activa-400x379-1.png","datePublished":"2025-04-29T15:13:48+00:00","dateModified":"2025-07-06T09:30:16+00:00","breadcrumb":{"@id":"https:\/\/herboristeriamerce.com\/herboristeria-online\/digestio-transit-intestinal\/flora-intestinal\/benestar-prebiopro\/#breadcrumb"},"inLanguage":"es","potentialAction":[{"@type":"ReadAction","target":["https:\/\/herboristeriamerce.com\/herboristeria-online\/digestio-transit-intestinal\/flora-intestinal\/benestar-prebiopro\/"]}]},{"@type":"ImageObject","inLanguage":"es","@id":"https:\/\/herboristeriamerce.com\/herboristeria-online\/digestio-transit-intestinal\/flora-intestinal\/benestar-prebiopro\/#primaryimage","url":"https:\/\/herboristeriamerce.com\/wp-content\/uploads\/2025\/04\/bienestar-prebiopro-activa-400x379-1.png","contentUrl":"https:\/\/herboristeriamerce.com\/wp-content\/uploads\/2025\/04\/bienestar-prebiopro-activa-400x379-1.png","width":400,"height":379},{"@type":"BreadcrumbList","@id":"https:\/\/herboristeriamerce.com\/herboristeria-online\/digestio-transit-intestinal\/flora-intestinal\/benestar-prebiopro\/#breadcrumb","itemListElement":[{"@type":"ListItem","position":1,"name":"Inici","item":"https:\/\/herboristeriamerce.com\/"},{"@type":"ListItem","position":2,"name":"Herboristeria online","item":"https:\/\/herboristeriamerce.com\/herboristeria-online\/"},{"@type":"ListItem","position":3,"name":"Benestar PreBioPro"}]},{"@type":"WebSite","@id":"https:\/\/herboristeriamerce.com\/#website","url":"https:\/\/herboristeriamerce.com\/","name":"Herbolari Merc\u00e8","description":"Herbolari a Terrassa","publisher":{"@id":"https:\/\/herboristeriamerce.com\/#organization"},"potentialAction":[{"@type":"SearchAction","target":{"@type":"EntryPoint","urlTemplate":"https:\/\/herboristeriamerce.com\/?s={search_term_string}"},"query-input":{"@type":"PropertyValueSpecification","valueRequired":true,"valueName":"search_term_string"}}],"inLanguage":"es"},{"@type":"Organization","@id":"https:\/\/herboristeriamerce.com\/#organization","name":"Herbolari Merc\u00e8","url":"https:\/\/herboristeriamerce.com\/","logo":{"@type":"ImageObject","inLanguage":"es","@id":"https:\/\/herboristeriamerce.com\/#\/schema\/logo\/image\/","url":"https:\/\/herboristeriamerce.com\/wp-content\/uploads\/2025\/04\/cropped-logo-herboristeria-330x168-229w.webp","contentUrl":"https:\/\/herboristeriamerce.com\/wp-content\/uploads\/2025\/04\/cropped-logo-herboristeria-330x168-229w.webp","width":230,"height":117,"caption":"Herbolari Merc\u00e8"},"image":{"@id":"https:\/\/herboristeriamerce.com\/#\/schema\/logo\/image\/"}}]}},"_links":{"self":[{"href":"https:\/\/herboristeriamerce.com\/es\/wp-json\/wp\/v2\/product\/963","targetHints":{"allow":["GET"]}}],"collection":[{"href":"https:\/\/herboristeriamerce.com\/es\/wp-json\/wp\/v2\/product"}],"about":[{"href":"https:\/\/herboristeriamerce.com\/es\/wp-json\/wp\/v2\/types\/product"}],"replies":[{"embeddable":true,"href":"https:\/\/herboristeriamerce.com\/es\/wp-json\/wp\/v2\/comments?post=963"}],"wp:featuredmedia":[{"embeddable":true,"href":"https:\/\/herboristeriamerce.com\/es\/wp-json\/wp\/v2\/media\/964"}],"wp:attachment":[{"href":"https:\/\/herboristeriamerce.com\/es\/wp-json\/wp\/v2\/media?parent=963"}],"wp:term":[{"taxonomy":"product_brand","embeddable":true,"href":"https:\/\/herboristeriamerce.com\/es\/wp-json\/wp\/v2\/product_brand?post=963"},{"taxonomy":"product_cat","embeddable":true,"href":"https:\/\/herboristeriamerce.com\/es\/wp-json\/wp\/v2\/product_cat?post=963"},{"taxonomy":"product_tag","embeddable":true,"href":"https:\/\/herboristeriamerce.com\/es\/wp-json\/wp\/v2\/product_tag?post=963"}],"curies":[{"name":"wp","href":"https:\/\/api.w.org\/{rel}","templated":true}]}}