{"id":951,"date":"2025-04-29T10:54:22","date_gmt":"2025-04-29T10:54:22","guid":{"rendered":"https:\/\/herboristeriamerce.com\/?post_type=product&#038;p=951"},"modified":"2025-08-08T10:09:07","modified_gmt":"2025-08-08T10:09:07","slug":"benestar-espirulina","status":"publish","type":"product","link":"https:\/\/herboristeriamerce.com\/es\/herboristeria-online\/alimentacio-saludable\/superaliments\/benestar-espirulina\/","title":{"rendered":"Benestar Espirulina"},"content":{"rendered":"<p>Benestar Espirulina est\u00e0 compost d&#8217;actius 100% naturals, sense colorants ni OGM:<\/p>\n<ul>\n<li>L&#8217;<strong>Espirulina\u00a0<\/strong>es rica en antioxidants, ajudant l&#8217;organisme a protegir-se de les conseq\u00fc\u00e8ncies de l&#8217;estr\u00e8s oxidatiu.<\/li>\n<li>El\u00a0<strong>Berro<\/strong> \u00e9s tamb\u00e9 un aliment ben conegut per la seva aportaci\u00f3 nutricional.<\/li>\n<\/ul>\n<p>Aquesta f\u00f3rmula complexa refor\u00e7a la biodisponibilitat natural de l&#8217;Espirulina per apropar-se encara m\u00e9s a les c\u00e8l\u00b7lules.<\/p>\n<p>Es una font de prote\u00efnes.<\/p>\n<p><strong>Indicacions d&#8217;\u00fas:<\/strong><\/p>\n<p>1 c\u00e0psula al dia preferentment per el mati amb un gran got d&#8217;aigua.<\/p>\n<p><strong>Presentaci\u00f3:<\/strong><\/p>\n<p>30 c\u00e0psules en bl\u00edster<span class=\"Y2IQFc\" lang=\"ca\"><br \/>\n<\/span><\/p>\n<table cellspacing=\"0\" cellpadding=\"0\">\n<tbody>\n<tr>\n<td><img decoding=\"async\" src=\"https:\/\/fr.activastore.com\/img\/cms\/Pictos%20fiche%20produit\/gelule-vegetale.png\" alt=\"\" width=\"100\" height=\"100\" \/><\/td>\n<td><img decoding=\"async\" src=\"https:\/\/es.activastore.com\/img\/cms\/Pictos%20fiche%20produit\/icon_extraits.png\" alt=\"icon_extraits.png\" width=\"100\" height=\"100\" \/><\/td>\n<td><img decoding=\"async\" src=\"https:\/\/es.activastore.com\/img\/cms\/Pictos%20fiche%20produit\/icon-enfants-3-ans.png\" alt=\"\" width=\"100\" height=\"100\" \/><\/td>\n<td><img loading=\"lazy\" decoding=\"async\" src=\"https:\/\/es.activastore.com\/img\/cms\/Pictos%20fiche%20produit\/icon-femmes-enceintes-allaitantes.png\" alt=\"icon-femmes-enceintes-allaitantes.png\" width=\"100\" height=\"100\" \/><\/td>\n<\/tr>\n<tr>\n<td>C\u00e0psula 100% vegetal<\/td>\n<td>100% Extractes secs titulats<\/td>\n<td>Nens + 3 anys<\/td>\n<td>Dones embarassades i lactants<\/td>\n<\/tr>\n<\/tbody>\n<\/table>","protected":false},"excerpt":{"rendered":"<p>Ajuda al sistema immunitari. Propietats antioxidants. Aporta energ\u00eda i vitalitat. Suplementaci\u00f3 d&#8217;amino\u00e0cids.<\/p>\n<p>Actius: Espirulina, Berro<\/p>\n<pre id=\"tw-target-text\" class=\"tw-data-text tw-text-large tw-ta\" dir=\"ltr\" data-placeholder=\"Traducci\u00f3\" data-ved=\"2ahUKEwj34MXa4_yMAxWp_7sIHYboFNgQ3ewLegQICBAV\" aria-label=\"Text tradu\u00eft: Ajuda al sistema immunitari. Propietats antioxidants. Aporta energia i vitalitat. Suplementaci\u00f3 d'amin\u00e0cids. Actius: Espirulina, Berro.\"><\/pre>","protected":false},"featured_media":952,"comment_status":"open","ping_status":"closed","template":"","meta":{"site-sidebar-layout":"default","site-content-layout":"","ast-site-content-layout":"default","site-content-style":"default","site-sidebar-style":"default","ast-global-header-display":"","ast-banner-title-visibility":"","ast-main-header-display":"","ast-hfb-above-header-display":"","ast-hfb-below-header-display":"","ast-hfb-mobile-header-display":"","site-post-title":"","ast-breadcrumbs-content":"","ast-featured-img":"","footer-sml-layout":"","ast-disable-related-posts":"","theme-transparent-header-meta":"default","adv-header-id-meta":"","stick-header-meta":"","header-above-stick-meta":"","header-main-stick-meta":"","header-below-stick-meta":"","astra-migrate-meta-layouts":"set","ast-page-background-enabled":"default","ast-page-background-meta":{"desktop":{"background-color":"var(--ast-global-color-4)","background-image":"","background-repeat":"repeat","background-position":"center center","background-size":"auto","background-attachment":"scroll","background-type":"","background-media":"","overlay-type":"","overlay-color":"","overlay-opacity":"","overlay-gradient":""},"tablet":{"background-color":"","background-image":"","background-repeat":"repeat","background-position":"center center","background-size":"auto","background-attachment":"scroll","background-type":"","background-media":"","overlay-type":"","overlay-color":"","overlay-opacity":"","overlay-gradient":""},"mobile":{"background-color":"","background-image":"","background-repeat":"repeat","background-position":"center center","background-size":"auto","background-attachment":"scroll","background-type":"","background-media":"","overlay-type":"","overlay-color":"","overlay-opacity":"","overlay-gradient":""}},"ast-content-background-meta":{"desktop":{"background-color":"var(--ast-global-color-5)","background-image":"","background-repeat":"repeat","background-position":"center center","background-size":"auto","background-attachment":"scroll","background-type":"","background-media":"","overlay-type":"","overlay-color":"","overlay-opacity":"","overlay-gradient":""},"tablet":{"background-color":"var(--ast-global-color-5)","background-image":"","background-repeat":"repeat","background-position":"center center","background-size":"auto","background-attachment":"scroll","background-type":"","background-media":"","overlay-type":"","overlay-color":"","overlay-opacity":"","overlay-gradient":""},"mobile":{"background-color":"var(--ast-global-color-5)","background-image":"","background-repeat":"repeat","background-position":"center center","background-size":"auto","background-attachment":"scroll","background-type":"","background-media":"","overlay-type":"","overlay-color":"","overlay-opacity":"","overlay-gradient":""}}},"product_brand":[19],"product_cat":[104,20,44,75,23,158],"product_tag":[173],"class_list":{"0":"post-951","1":"product","2":"type-product","3":"status-publish","4":"has-post-thumbnail","6":"product_brand-activa","7":"product_cat-depuracio","8":"product_cat-energia-vitalitat","9":"product_cat-neteja-i-desintoxicacio","10":"product_cat-reconstituent","11":"product_cat-silueta","12":"product_cat-superaliments","13":"product_tag-capsula-100vegetal","14":"desktop-align-left","15":"tablet-align-left","16":"mobile-align-left","18":"first","19":"instock","20":"taxable","21":"shipping-taxable","22":"purchasable","23":"product-type-simple"},"yoast_head":"<!-- This site is optimized with the Yoast SEO plugin v27.5 - https:\/\/yoast.com\/product\/yoast-seo-wordpress\/ -->\n<title>Benestar Espirulina - Herbolari Merc\u00e8<\/title>\n<meta name=\"robots\" content=\"index, follow, max-snippet:-1, max-image-preview:large, max-video-preview:-1\" \/>\n<link rel=\"canonical\" href=\"https:\/\/herboristeriamerce.com\/es\/herboristeria-online\/alimentacio-saludable\/superaliments\/benestar-espirulina\/\" \/>\n<meta property=\"og:locale\" content=\"es_ES\" \/>\n<meta property=\"og:type\" content=\"article\" \/>\n<meta property=\"og:title\" content=\"Benestar Espirulina - Herbolari Merc\u00e8\" \/>\n<meta property=\"og:description\" content=\"Ajuda al sistema immunitari. Propietats antioxidants. Aporta energ\u00eda i vitalitat. Suplementaci\u00f3 d&#039;amino\u00e0cids.  Actius: Espirulina, Berro\" \/>\n<meta property=\"og:url\" content=\"https:\/\/herboristeriamerce.com\/es\/herboristeria-online\/alimentacio-saludable\/superaliments\/benestar-espirulina\/\" \/>\n<meta property=\"og:site_name\" content=\"Herbolari Merc\u00e8\" \/>\n<meta property=\"article:modified_time\" content=\"2025-08-08T10:09:07+00:00\" \/>\n<meta property=\"og:image\" content=\"https:\/\/herboristeriamerce.com\/wp-content\/uploads\/2025\/04\/bienestar-espirulina-activa-400x379-1.png\" \/>\n\t<meta property=\"og:image:width\" content=\"400\" \/>\n\t<meta property=\"og:image:height\" content=\"379\" \/>\n\t<meta property=\"og:image:type\" content=\"image\/png\" \/>\n<meta name=\"twitter:card\" content=\"summary_large_image\" \/>\n<meta name=\"twitter:label1\" content=\"Tiempo de lectura\" \/>\n\t<meta name=\"twitter:data1\" content=\"2 minutos\" \/>\n<script type=\"application\/ld+json\" class=\"yoast-schema-graph\">{\"@context\":\"https:\\\/\\\/schema.org\",\"@graph\":[{\"@type\":\"WebPage\",\"@id\":\"https:\\\/\\\/herboristeriamerce.com\\\/herboristeria-online\\\/alimentacio-saludable\\\/superaliments\\\/benestar-espirulina\\\/\",\"url\":\"https:\\\/\\\/herboristeriamerce.com\\\/herboristeria-online\\\/alimentacio-saludable\\\/superaliments\\\/benestar-espirulina\\\/\",\"name\":\"Benestar Espirulina - Herbolari Merc\u00e8\",\"isPartOf\":{\"@id\":\"https:\\\/\\\/herboristeriamerce.com\\\/#website\"},\"primaryImageOfPage\":{\"@id\":\"https:\\\/\\\/herboristeriamerce.com\\\/herboristeria-online\\\/alimentacio-saludable\\\/superaliments\\\/benestar-espirulina\\\/#primaryimage\"},\"image\":{\"@id\":\"https:\\\/\\\/herboristeriamerce.com\\\/herboristeria-online\\\/alimentacio-saludable\\\/superaliments\\\/benestar-espirulina\\\/#primaryimage\"},\"thumbnailUrl\":\"https:\\\/\\\/herboristeriamerce.com\\\/wp-content\\\/uploads\\\/2025\\\/04\\\/bienestar-espirulina-activa-400x379-1.png\",\"datePublished\":\"2025-04-29T10:54:22+00:00\",\"dateModified\":\"2025-08-08T10:09:07+00:00\",\"breadcrumb\":{\"@id\":\"https:\\\/\\\/herboristeriamerce.com\\\/herboristeria-online\\\/alimentacio-saludable\\\/superaliments\\\/benestar-espirulina\\\/#breadcrumb\"},\"inLanguage\":\"es\",\"potentialAction\":[{\"@type\":\"ReadAction\",\"target\":[\"https:\\\/\\\/herboristeriamerce.com\\\/herboristeria-online\\\/alimentacio-saludable\\\/superaliments\\\/benestar-espirulina\\\/\"]}]},{\"@type\":\"ImageObject\",\"inLanguage\":\"es\",\"@id\":\"https:\\\/\\\/herboristeriamerce.com\\\/herboristeria-online\\\/alimentacio-saludable\\\/superaliments\\\/benestar-espirulina\\\/#primaryimage\",\"url\":\"https:\\\/\\\/herboristeriamerce.com\\\/wp-content\\\/uploads\\\/2025\\\/04\\\/bienestar-espirulina-activa-400x379-1.png\",\"contentUrl\":\"https:\\\/\\\/herboristeriamerce.com\\\/wp-content\\\/uploads\\\/2025\\\/04\\\/bienestar-espirulina-activa-400x379-1.png\",\"width\":400,\"height\":379},{\"@type\":\"BreadcrumbList\",\"@id\":\"https:\\\/\\\/herboristeriamerce.com\\\/herboristeria-online\\\/alimentacio-saludable\\\/superaliments\\\/benestar-espirulina\\\/#breadcrumb\",\"itemListElement\":[{\"@type\":\"ListItem\",\"position\":1,\"name\":\"Inici\",\"item\":\"https:\\\/\\\/herboristeriamerce.com\\\/\"},{\"@type\":\"ListItem\",\"position\":2,\"name\":\"Herboristeria online\",\"item\":\"https:\\\/\\\/herboristeriamerce.com\\\/herboristeria-online\\\/\"},{\"@type\":\"ListItem\",\"position\":3,\"name\":\"Benestar Espirulina\"}]},{\"@type\":\"WebSite\",\"@id\":\"https:\\\/\\\/herboristeriamerce.com\\\/#website\",\"url\":\"https:\\\/\\\/herboristeriamerce.com\\\/\",\"name\":\"Herbolari Merc\u00e8\",\"description\":\"Herbolari a Terrassa\",\"publisher\":{\"@id\":\"https:\\\/\\\/herboristeriamerce.com\\\/#organization\"},\"potentialAction\":[{\"@type\":\"SearchAction\",\"target\":{\"@type\":\"EntryPoint\",\"urlTemplate\":\"https:\\\/\\\/herboristeriamerce.com\\\/?s={search_term_string}\"},\"query-input\":{\"@type\":\"PropertyValueSpecification\",\"valueRequired\":true,\"valueName\":\"search_term_string\"}}],\"inLanguage\":\"es\"},{\"@type\":\"Organization\",\"@id\":\"https:\\\/\\\/herboristeriamerce.com\\\/#organization\",\"name\":\"Herbolari Merc\u00e8\",\"url\":\"https:\\\/\\\/herboristeriamerce.com\\\/\",\"logo\":{\"@type\":\"ImageObject\",\"inLanguage\":\"es\",\"@id\":\"https:\\\/\\\/herboristeriamerce.com\\\/#\\\/schema\\\/logo\\\/image\\\/\",\"url\":\"https:\\\/\\\/herboristeriamerce.com\\\/wp-content\\\/uploads\\\/2025\\\/04\\\/cropped-logo-herboristeria-330x168-229w.webp\",\"contentUrl\":\"https:\\\/\\\/herboristeriamerce.com\\\/wp-content\\\/uploads\\\/2025\\\/04\\\/cropped-logo-herboristeria-330x168-229w.webp\",\"width\":230,\"height\":117,\"caption\":\"Herbolari Merc\u00e8\"},\"image\":{\"@id\":\"https:\\\/\\\/herboristeriamerce.com\\\/#\\\/schema\\\/logo\\\/image\\\/\"}}]}<\/script>\n<!-- \/ Yoast SEO plugin. -->","yoast_head_json":{"title":"Benestar Espirulina - Herbolari Merc\u00e8","robots":{"index":"index","follow":"follow","max-snippet":"max-snippet:-1","max-image-preview":"max-image-preview:large","max-video-preview":"max-video-preview:-1"},"canonical":"https:\/\/herboristeriamerce.com\/es\/herboristeria-online\/alimentacio-saludable\/superaliments\/benestar-espirulina\/","og_locale":"es_ES","og_type":"article","og_title":"Benestar Espirulina - Herbolari Merc\u00e8","og_description":"Ajuda al sistema immunitari. Propietats antioxidants. Aporta energ\u00eda i vitalitat. Suplementaci\u00f3 d'amino\u00e0cids.  Actius: Espirulina, Berro","og_url":"https:\/\/herboristeriamerce.com\/es\/herboristeria-online\/alimentacio-saludable\/superaliments\/benestar-espirulina\/","og_site_name":"Herbolari Merc\u00e8","article_modified_time":"2025-08-08T10:09:07+00:00","og_image":[{"width":400,"height":379,"url":"https:\/\/herboristeriamerce.com\/wp-content\/uploads\/2025\/04\/bienestar-espirulina-activa-400x379-1.png","type":"image\/png"}],"twitter_card":"summary_large_image","twitter_misc":{"Tiempo de lectura":"2 minutos"},"schema":{"@context":"https:\/\/schema.org","@graph":[{"@type":"WebPage","@id":"https:\/\/herboristeriamerce.com\/herboristeria-online\/alimentacio-saludable\/superaliments\/benestar-espirulina\/","url":"https:\/\/herboristeriamerce.com\/herboristeria-online\/alimentacio-saludable\/superaliments\/benestar-espirulina\/","name":"Benestar Espirulina - Herbolari Merc\u00e8","isPartOf":{"@id":"https:\/\/herboristeriamerce.com\/#website"},"primaryImageOfPage":{"@id":"https:\/\/herboristeriamerce.com\/herboristeria-online\/alimentacio-saludable\/superaliments\/benestar-espirulina\/#primaryimage"},"image":{"@id":"https:\/\/herboristeriamerce.com\/herboristeria-online\/alimentacio-saludable\/superaliments\/benestar-espirulina\/#primaryimage"},"thumbnailUrl":"https:\/\/herboristeriamerce.com\/wp-content\/uploads\/2025\/04\/bienestar-espirulina-activa-400x379-1.png","datePublished":"2025-04-29T10:54:22+00:00","dateModified":"2025-08-08T10:09:07+00:00","breadcrumb":{"@id":"https:\/\/herboristeriamerce.com\/herboristeria-online\/alimentacio-saludable\/superaliments\/benestar-espirulina\/#breadcrumb"},"inLanguage":"es","potentialAction":[{"@type":"ReadAction","target":["https:\/\/herboristeriamerce.com\/herboristeria-online\/alimentacio-saludable\/superaliments\/benestar-espirulina\/"]}]},{"@type":"ImageObject","inLanguage":"es","@id":"https:\/\/herboristeriamerce.com\/herboristeria-online\/alimentacio-saludable\/superaliments\/benestar-espirulina\/#primaryimage","url":"https:\/\/herboristeriamerce.com\/wp-content\/uploads\/2025\/04\/bienestar-espirulina-activa-400x379-1.png","contentUrl":"https:\/\/herboristeriamerce.com\/wp-content\/uploads\/2025\/04\/bienestar-espirulina-activa-400x379-1.png","width":400,"height":379},{"@type":"BreadcrumbList","@id":"https:\/\/herboristeriamerce.com\/herboristeria-online\/alimentacio-saludable\/superaliments\/benestar-espirulina\/#breadcrumb","itemListElement":[{"@type":"ListItem","position":1,"name":"Inici","item":"https:\/\/herboristeriamerce.com\/"},{"@type":"ListItem","position":2,"name":"Herboristeria online","item":"https:\/\/herboristeriamerce.com\/herboristeria-online\/"},{"@type":"ListItem","position":3,"name":"Benestar Espirulina"}]},{"@type":"WebSite","@id":"https:\/\/herboristeriamerce.com\/#website","url":"https:\/\/herboristeriamerce.com\/","name":"Herbolari Merc\u00e8","description":"Herbolari a Terrassa","publisher":{"@id":"https:\/\/herboristeriamerce.com\/#organization"},"potentialAction":[{"@type":"SearchAction","target":{"@type":"EntryPoint","urlTemplate":"https:\/\/herboristeriamerce.com\/?s={search_term_string}"},"query-input":{"@type":"PropertyValueSpecification","valueRequired":true,"valueName":"search_term_string"}}],"inLanguage":"es"},{"@type":"Organization","@id":"https:\/\/herboristeriamerce.com\/#organization","name":"Herbolari Merc\u00e8","url":"https:\/\/herboristeriamerce.com\/","logo":{"@type":"ImageObject","inLanguage":"es","@id":"https:\/\/herboristeriamerce.com\/#\/schema\/logo\/image\/","url":"https:\/\/herboristeriamerce.com\/wp-content\/uploads\/2025\/04\/cropped-logo-herboristeria-330x168-229w.webp","contentUrl":"https:\/\/herboristeriamerce.com\/wp-content\/uploads\/2025\/04\/cropped-logo-herboristeria-330x168-229w.webp","width":230,"height":117,"caption":"Herbolari Merc\u00e8"},"image":{"@id":"https:\/\/herboristeriamerce.com\/#\/schema\/logo\/image\/"}}]}},"_links":{"self":[{"href":"https:\/\/herboristeriamerce.com\/es\/wp-json\/wp\/v2\/product\/951","targetHints":{"allow":["GET"]}}],"collection":[{"href":"https:\/\/herboristeriamerce.com\/es\/wp-json\/wp\/v2\/product"}],"about":[{"href":"https:\/\/herboristeriamerce.com\/es\/wp-json\/wp\/v2\/types\/product"}],"replies":[{"embeddable":true,"href":"https:\/\/herboristeriamerce.com\/es\/wp-json\/wp\/v2\/comments?post=951"}],"wp:featuredmedia":[{"embeddable":true,"href":"https:\/\/herboristeriamerce.com\/es\/wp-json\/wp\/v2\/media\/952"}],"wp:attachment":[{"href":"https:\/\/herboristeriamerce.com\/es\/wp-json\/wp\/v2\/media?parent=951"}],"wp:term":[{"taxonomy":"product_brand","embeddable":true,"href":"https:\/\/herboristeriamerce.com\/es\/wp-json\/wp\/v2\/product_brand?post=951"},{"taxonomy":"product_cat","embeddable":true,"href":"https:\/\/herboristeriamerce.com\/es\/wp-json\/wp\/v2\/product_cat?post=951"},{"taxonomy":"product_tag","embeddable":true,"href":"https:\/\/herboristeriamerce.com\/es\/wp-json\/wp\/v2\/product_tag?post=951"}],"curies":[{"name":"wp","href":"https:\/\/api.w.org\/{rel}","templated":true}]}}