{"id":931,"date":"2025-04-29T08:55:23","date_gmt":"2025-04-29T08:55:23","guid":{"rendered":"https:\/\/herboristeriamerce.com\/?post_type=product&#038;p=931"},"modified":"2025-07-06T09:19:44","modified_gmt":"2025-07-06T09:19:44","slug":"benestar-adelgazamiento","status":"publish","type":"product","link":"https:\/\/herboristeriamerce.com\/es\/herboristeria-online\/silueta\/ventre-pla\/benestar-adelgazamiento\/","title":{"rendered":"Benestar Aprimament"},"content":{"rendered":"<p><strong>Benestar<\/strong> <strong>Aprimador<\/strong> est\u00e0 compost d&#8217;actius 100%naturals, sense colorants ni OGM:<\/p>\n<ul>\n<li>El\u00a0<strong>Te Verd<\/strong>, amb propietats circulat\u00f2ries, i el\u00a0<strong>Guaran\u00e0<\/strong>, ric en cafe\u00efna; afavoreixen la p\u00e8rdua de pes i el drenatge de greixos instal\u00b7lats.<\/li>\n<li>El\u00a0<strong>Fucus<\/strong>, supressor de la gana natural, es reconegut per ajudar a la p\u00e8rdua de pes augmentant la sensaci\u00f3 de sacietat.<\/li>\n<li>L&#8217;<strong>Anana<\/strong> cont\u00e9 bromelaines.<\/li>\n<li>El\u00a0<strong>Gingebre<\/strong>, estimulant digestiu, est\u00e0 particularment indicat per disminuir la sensaci\u00f3 de cansament i tonificar l&#8217;organisme en el marc d&#8217;una dieta per aprimar-se.<\/li>\n<\/ul>\n<p><strong>Indicacions d&#8217;\u00fas:<\/strong><\/p>\n<p>1 c\u00e0psula al dia entre els \u00e0pats amb un got gran d&#8217;aigua.<\/p>\n<p><strong>Presentaci\u00f3:<\/strong><\/p>\n<p>30 c\u00e0psules en bl\u00edster.<\/p>\n<pre id=\"tw-target-text\" class=\"tw-data-text tw-text-large tw-ta\" dir=\"ltr\" data-placeholder=\"Traducci\u00f3\" data-ved=\"2ahUKEwj34MXa4_yMAxWp_7sIHYboFNgQ3ewLegQICBAV\" aria-label=\"Text tradu\u00eft: Indicacions d'\u00fas 1 c\u00e0psula al dia entre els \u00e0pats amb un got d'aigua. 30 c\u00e0psules en bl\u00edster,\"><\/pre>\n<table cellspacing=\"0\" cellpadding=\"0\">\n<tbody>\n<tr>\n<td><img decoding=\"async\" src=\"https:\/\/fr.activastore.com\/img\/cms\/Pictos%20fiche%20produit\/gelule-vegetale.png\" alt=\"\" width=\"100\" height=\"100\" \/><\/td>\n<td><img decoding=\"async\" src=\"https:\/\/es.activastore.com\/img\/cms\/Pictos%20fiche%20produit\/icon_extraits.png\" alt=\"icon_extraits.png\" width=\"100\" height=\"100\" \/><\/td>\n<\/tr>\n<tr>\n<td>C\u00e0psula 100% vegetal<\/td>\n<td>100% Extractes secs titulats<\/td>\n<\/tr>\n<\/tbody>\n<\/table>","protected":false},"excerpt":{"rendered":"<p>Afina la silueta, elimina l&#8217;acumulaci\u00f3 de greixos i millora la depuraci\u00f3 renal.<\/p>\n<pre id=\"tw-target-text\" class=\"tw-data-text tw-text-large tw-ta\" dir=\"ltr\" data-placeholder=\"Traducci\u00f3\" data-ved=\"2ahUKEwj34MXa4_yMAxWp_7sIHYboFNgQ3ewLegQICBAV\" aria-label=\"Text tradu\u00eft: Afina la silueta, elimina l'acumulaci\u00f3 de greixos i en millora la depuraci\u00f3 renal.\"><\/pre>","protected":false},"featured_media":932,"comment_status":"open","ping_status":"closed","template":"","meta":{"site-sidebar-layout":"default","site-content-layout":"","ast-site-content-layout":"default","site-content-style":"default","site-sidebar-style":"default","ast-global-header-display":"","ast-banner-title-visibility":"","ast-main-header-display":"","ast-hfb-above-header-display":"","ast-hfb-below-header-display":"","ast-hfb-mobile-header-display":"","site-post-title":"","ast-breadcrumbs-content":"","ast-featured-img":"","footer-sml-layout":"","ast-disable-related-posts":"","theme-transparent-header-meta":"default","adv-header-id-meta":"","stick-header-meta":"","header-above-stick-meta":"","header-main-stick-meta":"","header-below-stick-meta":"","astra-migrate-meta-layouts":"set","ast-page-background-enabled":"default","ast-page-background-meta":{"desktop":{"background-color":"var(--ast-global-color-4)","background-image":"","background-repeat":"repeat","background-position":"center center","background-size":"auto","background-attachment":"scroll","background-type":"","background-media":"","overlay-type":"","overlay-color":"","overlay-opacity":"","overlay-gradient":""},"tablet":{"background-color":"","background-image":"","background-repeat":"repeat","background-position":"center center","background-size":"auto","background-attachment":"scroll","background-type":"","background-media":"","overlay-type":"","overlay-color":"","overlay-opacity":"","overlay-gradient":""},"mobile":{"background-color":"","background-image":"","background-repeat":"repeat","background-position":"center center","background-size":"auto","background-attachment":"scroll","background-type":"","background-media":"","overlay-type":"","overlay-color":"","overlay-opacity":"","overlay-gradient":""}},"ast-content-background-meta":{"desktop":{"background-color":"var(--ast-global-color-5)","background-image":"","background-repeat":"repeat","background-position":"center center","background-size":"auto","background-attachment":"scroll","background-type":"","background-media":"","overlay-type":"","overlay-color":"","overlay-opacity":"","overlay-gradient":""},"tablet":{"background-color":"var(--ast-global-color-5)","background-image":"","background-repeat":"repeat","background-position":"center center","background-size":"auto","background-attachment":"scroll","background-type":"","background-media":"","overlay-type":"","overlay-color":"","overlay-opacity":"","overlay-gradient":""},"mobile":{"background-color":"var(--ast-global-color-5)","background-image":"","background-repeat":"repeat","background-position":"center center","background-size":"auto","background-attachment":"scroll","background-type":"","background-media":"","overlay-type":"","overlay-color":"","overlay-opacity":"","overlay-gradient":""}}},"product_brand":[19],"product_cat":[94,23,92],"product_tag":[173],"class_list":{"0":"post-931","1":"product","2":"type-product","3":"status-publish","4":"has-post-thumbnail","6":"product_brand-activa","7":"product_cat-cremador","8":"product_cat-silueta","9":"product_cat-ventre-pla","10":"product_tag-capsula-100vegetal","11":"desktop-align-left","12":"tablet-align-left","13":"mobile-align-left","15":"first","16":"instock","17":"taxable","18":"shipping-taxable","19":"purchasable","20":"product-type-simple"},"yoast_head":"<!-- This site is optimized with the Yoast SEO plugin v27.5 - https:\/\/yoast.com\/product\/yoast-seo-wordpress\/ -->\n<title>Benestar Aprimament - Herbolari Merc\u00e8<\/title>\n<meta name=\"robots\" content=\"index, follow, max-snippet:-1, max-image-preview:large, max-video-preview:-1\" \/>\n<link rel=\"canonical\" href=\"https:\/\/herboristeriamerce.com\/es\/herboristeria-online\/silueta\/ventre-pla\/benestar-adelgazamiento\/\" \/>\n<meta property=\"og:locale\" content=\"es_ES\" \/>\n<meta property=\"og:type\" content=\"article\" \/>\n<meta property=\"og:title\" content=\"Benestar Aprimament - Herbolari Merc\u00e8\" \/>\n<meta property=\"og:description\" content=\"Afina la silueta, elimina l&#039;acumulaci\u00f3 de greixos i millora la depuraci\u00f3 renal.\" \/>\n<meta property=\"og:url\" content=\"https:\/\/herboristeriamerce.com\/es\/herboristeria-online\/silueta\/ventre-pla\/benestar-adelgazamiento\/\" \/>\n<meta property=\"og:site_name\" content=\"Herbolari Merc\u00e8\" \/>\n<meta property=\"article:modified_time\" content=\"2025-07-06T09:19:44+00:00\" \/>\n<meta property=\"og:image\" content=\"https:\/\/herboristeriamerce.com\/wp-content\/uploads\/2025\/04\/bienestar-adelgazamiento-activa.png\" \/>\n\t<meta property=\"og:image:width\" content=\"600\" \/>\n\t<meta property=\"og:image:height\" content=\"569\" \/>\n\t<meta property=\"og:image:type\" content=\"image\/png\" \/>\n<meta name=\"twitter:card\" content=\"summary_large_image\" \/>\n<meta name=\"twitter:label1\" content=\"Tiempo de lectura\" \/>\n\t<meta name=\"twitter:data1\" content=\"2 minutos\" \/>\n<script type=\"application\/ld+json\" class=\"yoast-schema-graph\">{\"@context\":\"https:\\\/\\\/schema.org\",\"@graph\":[{\"@type\":\"WebPage\",\"@id\":\"https:\\\/\\\/herboristeriamerce.com\\\/herboristeria-online\\\/silueta\\\/ventre-pla\\\/benestar-adelgazamiento\\\/\",\"url\":\"https:\\\/\\\/herboristeriamerce.com\\\/herboristeria-online\\\/silueta\\\/ventre-pla\\\/benestar-adelgazamiento\\\/\",\"name\":\"Benestar Aprimament - Herbolari Merc\u00e8\",\"isPartOf\":{\"@id\":\"https:\\\/\\\/herboristeriamerce.com\\\/#website\"},\"primaryImageOfPage\":{\"@id\":\"https:\\\/\\\/herboristeriamerce.com\\\/herboristeria-online\\\/silueta\\\/ventre-pla\\\/benestar-adelgazamiento\\\/#primaryimage\"},\"image\":{\"@id\":\"https:\\\/\\\/herboristeriamerce.com\\\/herboristeria-online\\\/silueta\\\/ventre-pla\\\/benestar-adelgazamiento\\\/#primaryimage\"},\"thumbnailUrl\":\"https:\\\/\\\/herboristeriamerce.com\\\/wp-content\\\/uploads\\\/2025\\\/04\\\/bienestar-adelgazamiento-activa.png\",\"datePublished\":\"2025-04-29T08:55:23+00:00\",\"dateModified\":\"2025-07-06T09:19:44+00:00\",\"breadcrumb\":{\"@id\":\"https:\\\/\\\/herboristeriamerce.com\\\/herboristeria-online\\\/silueta\\\/ventre-pla\\\/benestar-adelgazamiento\\\/#breadcrumb\"},\"inLanguage\":\"es\",\"potentialAction\":[{\"@type\":\"ReadAction\",\"target\":[\"https:\\\/\\\/herboristeriamerce.com\\\/herboristeria-online\\\/silueta\\\/ventre-pla\\\/benestar-adelgazamiento\\\/\"]}]},{\"@type\":\"ImageObject\",\"inLanguage\":\"es\",\"@id\":\"https:\\\/\\\/herboristeriamerce.com\\\/herboristeria-online\\\/silueta\\\/ventre-pla\\\/benestar-adelgazamiento\\\/#primaryimage\",\"url\":\"https:\\\/\\\/herboristeriamerce.com\\\/wp-content\\\/uploads\\\/2025\\\/04\\\/bienestar-adelgazamiento-activa.png\",\"contentUrl\":\"https:\\\/\\\/herboristeriamerce.com\\\/wp-content\\\/uploads\\\/2025\\\/04\\\/bienestar-adelgazamiento-activa.png\",\"width\":600,\"height\":569},{\"@type\":\"BreadcrumbList\",\"@id\":\"https:\\\/\\\/herboristeriamerce.com\\\/herboristeria-online\\\/silueta\\\/ventre-pla\\\/benestar-adelgazamiento\\\/#breadcrumb\",\"itemListElement\":[{\"@type\":\"ListItem\",\"position\":1,\"name\":\"Inici\",\"item\":\"https:\\\/\\\/herboristeriamerce.com\\\/\"},{\"@type\":\"ListItem\",\"position\":2,\"name\":\"Herboristeria online\",\"item\":\"https:\\\/\\\/herboristeriamerce.com\\\/herboristeria-online\\\/\"},{\"@type\":\"ListItem\",\"position\":3,\"name\":\"Benestar Aprimament\"}]},{\"@type\":\"WebSite\",\"@id\":\"https:\\\/\\\/herboristeriamerce.com\\\/#website\",\"url\":\"https:\\\/\\\/herboristeriamerce.com\\\/\",\"name\":\"Herbolari Merc\u00e8\",\"description\":\"Herbolari a Terrassa\",\"publisher\":{\"@id\":\"https:\\\/\\\/herboristeriamerce.com\\\/#organization\"},\"potentialAction\":[{\"@type\":\"SearchAction\",\"target\":{\"@type\":\"EntryPoint\",\"urlTemplate\":\"https:\\\/\\\/herboristeriamerce.com\\\/?s={search_term_string}\"},\"query-input\":{\"@type\":\"PropertyValueSpecification\",\"valueRequired\":true,\"valueName\":\"search_term_string\"}}],\"inLanguage\":\"es\"},{\"@type\":\"Organization\",\"@id\":\"https:\\\/\\\/herboristeriamerce.com\\\/#organization\",\"name\":\"Herbolari Merc\u00e8\",\"url\":\"https:\\\/\\\/herboristeriamerce.com\\\/\",\"logo\":{\"@type\":\"ImageObject\",\"inLanguage\":\"es\",\"@id\":\"https:\\\/\\\/herboristeriamerce.com\\\/#\\\/schema\\\/logo\\\/image\\\/\",\"url\":\"https:\\\/\\\/herboristeriamerce.com\\\/wp-content\\\/uploads\\\/2025\\\/04\\\/cropped-logo-herboristeria-330x168-229w.webp\",\"contentUrl\":\"https:\\\/\\\/herboristeriamerce.com\\\/wp-content\\\/uploads\\\/2025\\\/04\\\/cropped-logo-herboristeria-330x168-229w.webp\",\"width\":230,\"height\":117,\"caption\":\"Herbolari Merc\u00e8\"},\"image\":{\"@id\":\"https:\\\/\\\/herboristeriamerce.com\\\/#\\\/schema\\\/logo\\\/image\\\/\"}}]}<\/script>\n<!-- \/ Yoast SEO plugin. -->","yoast_head_json":{"title":"Benestar Aprimament - Herbolari Merc\u00e8","robots":{"index":"index","follow":"follow","max-snippet":"max-snippet:-1","max-image-preview":"max-image-preview:large","max-video-preview":"max-video-preview:-1"},"canonical":"https:\/\/herboristeriamerce.com\/es\/herboristeria-online\/silueta\/ventre-pla\/benestar-adelgazamiento\/","og_locale":"es_ES","og_type":"article","og_title":"Benestar Aprimament - Herbolari Merc\u00e8","og_description":"Afina la silueta, elimina l'acumulaci\u00f3 de greixos i millora la depuraci\u00f3 renal.","og_url":"https:\/\/herboristeriamerce.com\/es\/herboristeria-online\/silueta\/ventre-pla\/benestar-adelgazamiento\/","og_site_name":"Herbolari Merc\u00e8","article_modified_time":"2025-07-06T09:19:44+00:00","og_image":[{"width":600,"height":569,"url":"https:\/\/herboristeriamerce.com\/wp-content\/uploads\/2025\/04\/bienestar-adelgazamiento-activa.png","type":"image\/png"}],"twitter_card":"summary_large_image","twitter_misc":{"Tiempo de lectura":"2 minutos"},"schema":{"@context":"https:\/\/schema.org","@graph":[{"@type":"WebPage","@id":"https:\/\/herboristeriamerce.com\/herboristeria-online\/silueta\/ventre-pla\/benestar-adelgazamiento\/","url":"https:\/\/herboristeriamerce.com\/herboristeria-online\/silueta\/ventre-pla\/benestar-adelgazamiento\/","name":"Benestar Aprimament - Herbolari Merc\u00e8","isPartOf":{"@id":"https:\/\/herboristeriamerce.com\/#website"},"primaryImageOfPage":{"@id":"https:\/\/herboristeriamerce.com\/herboristeria-online\/silueta\/ventre-pla\/benestar-adelgazamiento\/#primaryimage"},"image":{"@id":"https:\/\/herboristeriamerce.com\/herboristeria-online\/silueta\/ventre-pla\/benestar-adelgazamiento\/#primaryimage"},"thumbnailUrl":"https:\/\/herboristeriamerce.com\/wp-content\/uploads\/2025\/04\/bienestar-adelgazamiento-activa.png","datePublished":"2025-04-29T08:55:23+00:00","dateModified":"2025-07-06T09:19:44+00:00","breadcrumb":{"@id":"https:\/\/herboristeriamerce.com\/herboristeria-online\/silueta\/ventre-pla\/benestar-adelgazamiento\/#breadcrumb"},"inLanguage":"es","potentialAction":[{"@type":"ReadAction","target":["https:\/\/herboristeriamerce.com\/herboristeria-online\/silueta\/ventre-pla\/benestar-adelgazamiento\/"]}]},{"@type":"ImageObject","inLanguage":"es","@id":"https:\/\/herboristeriamerce.com\/herboristeria-online\/silueta\/ventre-pla\/benestar-adelgazamiento\/#primaryimage","url":"https:\/\/herboristeriamerce.com\/wp-content\/uploads\/2025\/04\/bienestar-adelgazamiento-activa.png","contentUrl":"https:\/\/herboristeriamerce.com\/wp-content\/uploads\/2025\/04\/bienestar-adelgazamiento-activa.png","width":600,"height":569},{"@type":"BreadcrumbList","@id":"https:\/\/herboristeriamerce.com\/herboristeria-online\/silueta\/ventre-pla\/benestar-adelgazamiento\/#breadcrumb","itemListElement":[{"@type":"ListItem","position":1,"name":"Inici","item":"https:\/\/herboristeriamerce.com\/"},{"@type":"ListItem","position":2,"name":"Herboristeria online","item":"https:\/\/herboristeriamerce.com\/herboristeria-online\/"},{"@type":"ListItem","position":3,"name":"Benestar Aprimament"}]},{"@type":"WebSite","@id":"https:\/\/herboristeriamerce.com\/#website","url":"https:\/\/herboristeriamerce.com\/","name":"Herbolari Merc\u00e8","description":"Herbolari a Terrassa","publisher":{"@id":"https:\/\/herboristeriamerce.com\/#organization"},"potentialAction":[{"@type":"SearchAction","target":{"@type":"EntryPoint","urlTemplate":"https:\/\/herboristeriamerce.com\/?s={search_term_string}"},"query-input":{"@type":"PropertyValueSpecification","valueRequired":true,"valueName":"search_term_string"}}],"inLanguage":"es"},{"@type":"Organization","@id":"https:\/\/herboristeriamerce.com\/#organization","name":"Herbolari Merc\u00e8","url":"https:\/\/herboristeriamerce.com\/","logo":{"@type":"ImageObject","inLanguage":"es","@id":"https:\/\/herboristeriamerce.com\/#\/schema\/logo\/image\/","url":"https:\/\/herboristeriamerce.com\/wp-content\/uploads\/2025\/04\/cropped-logo-herboristeria-330x168-229w.webp","contentUrl":"https:\/\/herboristeriamerce.com\/wp-content\/uploads\/2025\/04\/cropped-logo-herboristeria-330x168-229w.webp","width":230,"height":117,"caption":"Herbolari Merc\u00e8"},"image":{"@id":"https:\/\/herboristeriamerce.com\/#\/schema\/logo\/image\/"}}]}},"_links":{"self":[{"href":"https:\/\/herboristeriamerce.com\/es\/wp-json\/wp\/v2\/product\/931","targetHints":{"allow":["GET"]}}],"collection":[{"href":"https:\/\/herboristeriamerce.com\/es\/wp-json\/wp\/v2\/product"}],"about":[{"href":"https:\/\/herboristeriamerce.com\/es\/wp-json\/wp\/v2\/types\/product"}],"replies":[{"embeddable":true,"href":"https:\/\/herboristeriamerce.com\/es\/wp-json\/wp\/v2\/comments?post=931"}],"wp:featuredmedia":[{"embeddable":true,"href":"https:\/\/herboristeriamerce.com\/es\/wp-json\/wp\/v2\/media\/932"}],"wp:attachment":[{"href":"https:\/\/herboristeriamerce.com\/es\/wp-json\/wp\/v2\/media?parent=931"}],"wp:term":[{"taxonomy":"product_brand","embeddable":true,"href":"https:\/\/herboristeriamerce.com\/es\/wp-json\/wp\/v2\/product_brand?post=931"},{"taxonomy":"product_cat","embeddable":true,"href":"https:\/\/herboristeriamerce.com\/es\/wp-json\/wp\/v2\/product_cat?post=931"},{"taxonomy":"product_tag","embeddable":true,"href":"https:\/\/herboristeriamerce.com\/es\/wp-json\/wp\/v2\/product_tag?post=931"}],"curies":[{"name":"wp","href":"https:\/\/api.w.org\/{rel}","templated":true}]}}