{"id":890,"date":"2025-04-27T11:41:41","date_gmt":"2025-04-27T11:41:41","guid":{"rendered":"https:\/\/www.herboristeriamerce.com\/?post_type=product&#038;p=890"},"modified":"2025-08-01T10:33:01","modified_gmt":"2025-08-01T10:33:01","slug":"gingebre-taronja-i-vainilla-infusio-de-gingebre-i-taronja","status":"publish","type":"product","link":"https:\/\/herboristeriamerce.com\/es\/herboristeria-online\/infusions-i-tes\/infusio\/gingebre-taronja-i-vainilla-infusio-de-gingebre-i-taronja\/","title":{"rendered":"Gingebre,Taronja i Vainilla"},"content":{"rendered":"<h3 data-start=\"164\" data-end=\"230\">Infusi\u00f3 de Gingebre i Taronja: Una Tarda d\u2019Estiu en Cada Tassa<\/h3>\n<p data-start=\"232\" data-end=\"587\">S&#8217;ha capturat la m\u00e0gia d&#8217;una bella tarda d&#8217;estiu i s&#8217;ha convertit en aquesta infusi\u00f3 natural que us encantar\u00e0 cada dia. En primer lloc, la taronja aporta un sabor dol\u00e7 i refrescant que evoca el sol c\u00e0lid i l\u2019alegria de l\u2019estiu. A m\u00e9s, el gingebre, amb el seu toc picant i reconfortant, afegeix una nota energ\u00e8tica i revitalitzant que desperta els sentits.<\/p>\n<p data-start=\"589\" data-end=\"1026\">Gr\u00e0cies a aquesta combinaci\u00f3 equilibrada, l\u2019infusi\u00f3 de gingebre i taronja no nom\u00e9s ofereix un gust excel\u00b7lent, sin\u00f3 que tamb\u00e9 \u00e9s un gran aliat per al benestar. Per exemple, la taronja \u00e9s rica en vitamina C, que ajuda a enfortir les defenses naturals del cos. A m\u00e9s, el gingebre \u00e9s conegut per les seves propietats digestives i antiinflamat\u00f2ries, que afavoreixen la salut estomacal i aporten una sensaci\u00f3 de confort despr\u00e9s de cada tassa.<\/p>\n<p data-start=\"1028\" data-end=\"1360\">D\u2019altra banda, aquesta infusi\u00f3 \u00e9s molt f\u00e0cil de preparar. Nom\u00e9s cal posar la bossa en aigua calenta, deixar-la reposar uns minuts i ja podr\u00e0s gaudir d\u2019una beguda plena d\u2019aromes fresques i intensos sabors. A m\u00e9s, \u00e9s ideal per a qualsevol moment del dia, tant per comen\u00e7ar amb energia com per relaxar-te despr\u00e9s d\u2019una jornada intensa.<\/p>\n<p data-start=\"1362\" data-end=\"1588\">Finalment, amb l\u2019infusi\u00f3 de gingebre i taronja, transformar\u00e0s cada pausa en una experi\u00e8ncia sensorial plena de sabor i benestar. Aix\u00ed que no ho dubtis m\u00e9s i deixa que aquesta combinaci\u00f3 natural t\u2019acompanyi en el teu dia a dia.<\/p>","protected":false},"excerpt":{"rendered":"<p>La infusi\u00f3 perfecte per als qui estimen l&#8217;estiu.<\/p>","protected":false},"featured_media":891,"comment_status":"open","ping_status":"closed","template":"","meta":{"site-sidebar-layout":"default","site-content-layout":"","ast-site-content-layout":"default","site-content-style":"default","site-sidebar-style":"default","ast-global-header-display":"","ast-banner-title-visibility":"","ast-main-header-display":"","ast-hfb-above-header-display":"","ast-hfb-below-header-display":"","ast-hfb-mobile-header-display":"","site-post-title":"","ast-breadcrumbs-content":"","ast-featured-img":"","footer-sml-layout":"","ast-disable-related-posts":"","theme-transparent-header-meta":"default","adv-header-id-meta":"","stick-header-meta":"","header-above-stick-meta":"","header-main-stick-meta":"","header-below-stick-meta":"","astra-migrate-meta-layouts":"set","ast-page-background-enabled":"default","ast-page-background-meta":{"desktop":{"background-color":"var(--ast-global-color-4)","background-image":"","background-repeat":"repeat","background-position":"center center","background-size":"auto","background-attachment":"scroll","background-type":"","background-media":"","overlay-type":"","overlay-color":"","overlay-opacity":"","overlay-gradient":""},"tablet":{"background-color":"","background-image":"","background-repeat":"repeat","background-position":"center center","background-size":"auto","background-attachment":"scroll","background-type":"","background-media":"","overlay-type":"","overlay-color":"","overlay-opacity":"","overlay-gradient":""},"mobile":{"background-color":"","background-image":"","background-repeat":"repeat","background-position":"center center","background-size":"auto","background-attachment":"scroll","background-type":"","background-media":"","overlay-type":"","overlay-color":"","overlay-opacity":"","overlay-gradient":""}},"ast-content-background-meta":{"desktop":{"background-color":"var(--ast-global-color-5)","background-image":"","background-repeat":"repeat","background-position":"center center","background-size":"auto","background-attachment":"scroll","background-type":"","background-media":"","overlay-type":"","overlay-color":"","overlay-opacity":"","overlay-gradient":""},"tablet":{"background-color":"var(--ast-global-color-5)","background-image":"","background-repeat":"repeat","background-position":"center center","background-size":"auto","background-attachment":"scroll","background-type":"","background-media":"","overlay-type":"","overlay-color":"","overlay-opacity":"","overlay-gradient":""},"mobile":{"background-color":"var(--ast-global-color-5)","background-image":"","background-repeat":"repeat","background-position":"center center","background-size":"auto","background-attachment":"scroll","background-type":"","background-media":"","overlay-type":"","overlay-color":"","overlay-opacity":"","overlay-gradient":""}}},"product_brand":[39],"product_cat":[98,100,71,27],"product_tag":[188,164],"class_list":{"0":"post-890","1":"product","2":"type-product","3":"status-publish","4":"has-post-thumbnail","6":"product_brand-yogi-tea","7":"product_cat-acidesa-reflux","8":"product_cat-digestio","9":"product_cat-infusio","10":"product_cat-infusions-i-tes","11":"product_tag-cruelty-free","12":"product_tag-vegan","13":"desktop-align-left","14":"tablet-align-left","15":"mobile-align-left","17":"first","18":"instock","19":"taxable","20":"shipping-taxable","21":"purchasable","22":"product-type-simple"},"yoast_head":"<!-- This site is optimized with the Yoast SEO plugin v27.5 - https:\/\/yoast.com\/product\/yoast-seo-wordpress\/ -->\n<title>Gingebre,Taronja i Vainilla - Herbolari Merc\u00e8 Infusi\u00f3 de gingebre i taronja<\/title>\n<meta name=\"description\" content=\"Gaudeix de l\u2019Infusi\u00f3 de gingebre i taronja, una beguda natural que combina sabor i benestar per revitalitzar el teu dia a dia.\" \/>\n<meta name=\"robots\" content=\"index, follow, max-snippet:-1, max-image-preview:large, max-video-preview:-1\" \/>\n<link rel=\"canonical\" href=\"https:\/\/herboristeriamerce.com\/es\/herboristeria-online\/infusions-i-tes\/infusio\/gingebre-taronja-i-vainilla-infusio-de-gingebre-i-taronja\/\" \/>\n<meta property=\"og:locale\" content=\"es_ES\" \/>\n<meta property=\"og:type\" content=\"article\" \/>\n<meta property=\"og:title\" content=\"Gingebre,Taronja i Vainilla - Herbolari Merc\u00e8 Infusi\u00f3 de gingebre i taronja\" \/>\n<meta property=\"og:description\" content=\"Gaudeix de l\u2019Infusi\u00f3 de gingebre i taronja, una beguda natural que combina sabor i benestar per revitalitzar el teu dia a dia.\" \/>\n<meta property=\"og:url\" content=\"https:\/\/herboristeriamerce.com\/es\/herboristeria-online\/infusions-i-tes\/infusio\/gingebre-taronja-i-vainilla-infusio-de-gingebre-i-taronja\/\" \/>\n<meta property=\"og:site_name\" content=\"Herbolari Merc\u00e8\" \/>\n<meta property=\"article:modified_time\" content=\"2025-08-01T10:33:01+00:00\" \/>\n<meta property=\"og:image\" content=\"https:\/\/herboristeriamerce.com\/wp-content\/uploads\/2025\/04\/yogi-tea-ginger-orange-es.600x0.png\" \/>\n\t<meta property=\"og:image:width\" content=\"267\" \/>\n\t<meta property=\"og:image:height\" content=\"400\" \/>\n\t<meta property=\"og:image:type\" content=\"image\/png\" \/>\n<meta name=\"twitter:card\" content=\"summary_large_image\" \/>\n<meta name=\"twitter:label1\" content=\"Tiempo de lectura\" \/>\n\t<meta name=\"twitter:data1\" content=\"2 minutos\" \/>\n<script type=\"application\/ld+json\" class=\"yoast-schema-graph\">{\"@context\":\"https:\\\/\\\/schema.org\",\"@graph\":[{\"@type\":\"WebPage\",\"@id\":\"https:\\\/\\\/herboristeriamerce.com\\\/herboristeria-online\\\/infusions-i-tes\\\/infusio\\\/gingebre-taronja-i-vainilla-infusio-de-gingebre-i-taronja\\\/\",\"url\":\"https:\\\/\\\/herboristeriamerce.com\\\/herboristeria-online\\\/infusions-i-tes\\\/infusio\\\/gingebre-taronja-i-vainilla-infusio-de-gingebre-i-taronja\\\/\",\"name\":\"Gingebre,Taronja i Vainilla - Herbolari Merc\u00e8 Infusi\u00f3 de gingebre i taronja\",\"isPartOf\":{\"@id\":\"https:\\\/\\\/herboristeriamerce.com\\\/#website\"},\"primaryImageOfPage\":{\"@id\":\"https:\\\/\\\/herboristeriamerce.com\\\/herboristeria-online\\\/infusions-i-tes\\\/infusio\\\/gingebre-taronja-i-vainilla-infusio-de-gingebre-i-taronja\\\/#primaryimage\"},\"image\":{\"@id\":\"https:\\\/\\\/herboristeriamerce.com\\\/herboristeria-online\\\/infusions-i-tes\\\/infusio\\\/gingebre-taronja-i-vainilla-infusio-de-gingebre-i-taronja\\\/#primaryimage\"},\"thumbnailUrl\":\"https:\\\/\\\/herboristeriamerce.com\\\/wp-content\\\/uploads\\\/2025\\\/04\\\/yogi-tea-ginger-orange-es.600x0.png\",\"datePublished\":\"2025-04-27T11:41:41+00:00\",\"dateModified\":\"2025-08-01T10:33:01+00:00\",\"description\":\"Gaudeix de l\u2019Infusi\u00f3 de gingebre i taronja, una beguda natural que combina sabor i benestar per revitalitzar el teu dia a dia.\",\"breadcrumb\":{\"@id\":\"https:\\\/\\\/herboristeriamerce.com\\\/herboristeria-online\\\/infusions-i-tes\\\/infusio\\\/gingebre-taronja-i-vainilla-infusio-de-gingebre-i-taronja\\\/#breadcrumb\"},\"inLanguage\":\"es\",\"potentialAction\":[{\"@type\":\"ReadAction\",\"target\":[\"https:\\\/\\\/herboristeriamerce.com\\\/herboristeria-online\\\/infusions-i-tes\\\/infusio\\\/gingebre-taronja-i-vainilla-infusio-de-gingebre-i-taronja\\\/\"]}]},{\"@type\":\"ImageObject\",\"inLanguage\":\"es\",\"@id\":\"https:\\\/\\\/herboristeriamerce.com\\\/herboristeria-online\\\/infusions-i-tes\\\/infusio\\\/gingebre-taronja-i-vainilla-infusio-de-gingebre-i-taronja\\\/#primaryimage\",\"url\":\"https:\\\/\\\/herboristeriamerce.com\\\/wp-content\\\/uploads\\\/2025\\\/04\\\/yogi-tea-ginger-orange-es.600x0.png\",\"contentUrl\":\"https:\\\/\\\/herboristeriamerce.com\\\/wp-content\\\/uploads\\\/2025\\\/04\\\/yogi-tea-ginger-orange-es.600x0.png\",\"width\":267,\"height\":400},{\"@type\":\"BreadcrumbList\",\"@id\":\"https:\\\/\\\/herboristeriamerce.com\\\/herboristeria-online\\\/infusions-i-tes\\\/infusio\\\/gingebre-taronja-i-vainilla-infusio-de-gingebre-i-taronja\\\/#breadcrumb\",\"itemListElement\":[{\"@type\":\"ListItem\",\"position\":1,\"name\":\"Inici\",\"item\":\"https:\\\/\\\/herboristeriamerce.com\\\/\"},{\"@type\":\"ListItem\",\"position\":2,\"name\":\"Herboristeria online\",\"item\":\"https:\\\/\\\/herboristeriamerce.com\\\/herboristeria-online\\\/\"},{\"@type\":\"ListItem\",\"position\":3,\"name\":\"Gingebre,Taronja i Vainilla\"}]},{\"@type\":\"WebSite\",\"@id\":\"https:\\\/\\\/herboristeriamerce.com\\\/#website\",\"url\":\"https:\\\/\\\/herboristeriamerce.com\\\/\",\"name\":\"Herbolari Merc\u00e8\",\"description\":\"Herbolari a Terrassa\",\"publisher\":{\"@id\":\"https:\\\/\\\/herboristeriamerce.com\\\/#organization\"},\"potentialAction\":[{\"@type\":\"SearchAction\",\"target\":{\"@type\":\"EntryPoint\",\"urlTemplate\":\"https:\\\/\\\/herboristeriamerce.com\\\/?s={search_term_string}\"},\"query-input\":{\"@type\":\"PropertyValueSpecification\",\"valueRequired\":true,\"valueName\":\"search_term_string\"}}],\"inLanguage\":\"es\"},{\"@type\":\"Organization\",\"@id\":\"https:\\\/\\\/herboristeriamerce.com\\\/#organization\",\"name\":\"Herbolari Merc\u00e8\",\"url\":\"https:\\\/\\\/herboristeriamerce.com\\\/\",\"logo\":{\"@type\":\"ImageObject\",\"inLanguage\":\"es\",\"@id\":\"https:\\\/\\\/herboristeriamerce.com\\\/#\\\/schema\\\/logo\\\/image\\\/\",\"url\":\"https:\\\/\\\/herboristeriamerce.com\\\/wp-content\\\/uploads\\\/2025\\\/04\\\/cropped-logo-herboristeria-330x168-229w.webp\",\"contentUrl\":\"https:\\\/\\\/herboristeriamerce.com\\\/wp-content\\\/uploads\\\/2025\\\/04\\\/cropped-logo-herboristeria-330x168-229w.webp\",\"width\":230,\"height\":117,\"caption\":\"Herbolari Merc\u00e8\"},\"image\":{\"@id\":\"https:\\\/\\\/herboristeriamerce.com\\\/#\\\/schema\\\/logo\\\/image\\\/\"}}]}<\/script>\n<!-- \/ Yoast SEO plugin. -->","yoast_head_json":{"title":"Gingebre,Taronja i Vainilla - Herbolari Merc\u00e8 Infusi\u00f3 de gingebre i taronja","description":"Gaudeix de l\u2019Infusi\u00f3 de gingebre i taronja, una beguda natural que combina sabor i benestar per revitalitzar el teu dia a dia.","robots":{"index":"index","follow":"follow","max-snippet":"max-snippet:-1","max-image-preview":"max-image-preview:large","max-video-preview":"max-video-preview:-1"},"canonical":"https:\/\/herboristeriamerce.com\/es\/herboristeria-online\/infusions-i-tes\/infusio\/gingebre-taronja-i-vainilla-infusio-de-gingebre-i-taronja\/","og_locale":"es_ES","og_type":"article","og_title":"Gingebre,Taronja i Vainilla - Herbolari Merc\u00e8 Infusi\u00f3 de gingebre i taronja","og_description":"Gaudeix de l\u2019Infusi\u00f3 de gingebre i taronja, una beguda natural que combina sabor i benestar per revitalitzar el teu dia a dia.","og_url":"https:\/\/herboristeriamerce.com\/es\/herboristeria-online\/infusions-i-tes\/infusio\/gingebre-taronja-i-vainilla-infusio-de-gingebre-i-taronja\/","og_site_name":"Herbolari Merc\u00e8","article_modified_time":"2025-08-01T10:33:01+00:00","og_image":[{"width":267,"height":400,"url":"https:\/\/herboristeriamerce.com\/wp-content\/uploads\/2025\/04\/yogi-tea-ginger-orange-es.600x0.png","type":"image\/png"}],"twitter_card":"summary_large_image","twitter_misc":{"Tiempo de lectura":"2 minutos"},"schema":{"@context":"https:\/\/schema.org","@graph":[{"@type":"WebPage","@id":"https:\/\/herboristeriamerce.com\/herboristeria-online\/infusions-i-tes\/infusio\/gingebre-taronja-i-vainilla-infusio-de-gingebre-i-taronja\/","url":"https:\/\/herboristeriamerce.com\/herboristeria-online\/infusions-i-tes\/infusio\/gingebre-taronja-i-vainilla-infusio-de-gingebre-i-taronja\/","name":"Gingebre,Taronja i Vainilla - Herbolari Merc\u00e8 Infusi\u00f3 de gingebre i taronja","isPartOf":{"@id":"https:\/\/herboristeriamerce.com\/#website"},"primaryImageOfPage":{"@id":"https:\/\/herboristeriamerce.com\/herboristeria-online\/infusions-i-tes\/infusio\/gingebre-taronja-i-vainilla-infusio-de-gingebre-i-taronja\/#primaryimage"},"image":{"@id":"https:\/\/herboristeriamerce.com\/herboristeria-online\/infusions-i-tes\/infusio\/gingebre-taronja-i-vainilla-infusio-de-gingebre-i-taronja\/#primaryimage"},"thumbnailUrl":"https:\/\/herboristeriamerce.com\/wp-content\/uploads\/2025\/04\/yogi-tea-ginger-orange-es.600x0.png","datePublished":"2025-04-27T11:41:41+00:00","dateModified":"2025-08-01T10:33:01+00:00","description":"Gaudeix de l\u2019Infusi\u00f3 de gingebre i taronja, una beguda natural que combina sabor i benestar per revitalitzar el teu dia a dia.","breadcrumb":{"@id":"https:\/\/herboristeriamerce.com\/herboristeria-online\/infusions-i-tes\/infusio\/gingebre-taronja-i-vainilla-infusio-de-gingebre-i-taronja\/#breadcrumb"},"inLanguage":"es","potentialAction":[{"@type":"ReadAction","target":["https:\/\/herboristeriamerce.com\/herboristeria-online\/infusions-i-tes\/infusio\/gingebre-taronja-i-vainilla-infusio-de-gingebre-i-taronja\/"]}]},{"@type":"ImageObject","inLanguage":"es","@id":"https:\/\/herboristeriamerce.com\/herboristeria-online\/infusions-i-tes\/infusio\/gingebre-taronja-i-vainilla-infusio-de-gingebre-i-taronja\/#primaryimage","url":"https:\/\/herboristeriamerce.com\/wp-content\/uploads\/2025\/04\/yogi-tea-ginger-orange-es.600x0.png","contentUrl":"https:\/\/herboristeriamerce.com\/wp-content\/uploads\/2025\/04\/yogi-tea-ginger-orange-es.600x0.png","width":267,"height":400},{"@type":"BreadcrumbList","@id":"https:\/\/herboristeriamerce.com\/herboristeria-online\/infusions-i-tes\/infusio\/gingebre-taronja-i-vainilla-infusio-de-gingebre-i-taronja\/#breadcrumb","itemListElement":[{"@type":"ListItem","position":1,"name":"Inici","item":"https:\/\/herboristeriamerce.com\/"},{"@type":"ListItem","position":2,"name":"Herboristeria online","item":"https:\/\/herboristeriamerce.com\/herboristeria-online\/"},{"@type":"ListItem","position":3,"name":"Gingebre,Taronja i Vainilla"}]},{"@type":"WebSite","@id":"https:\/\/herboristeriamerce.com\/#website","url":"https:\/\/herboristeriamerce.com\/","name":"Herbolari Merc\u00e8","description":"Herbolari a Terrassa","publisher":{"@id":"https:\/\/herboristeriamerce.com\/#organization"},"potentialAction":[{"@type":"SearchAction","target":{"@type":"EntryPoint","urlTemplate":"https:\/\/herboristeriamerce.com\/?s={search_term_string}"},"query-input":{"@type":"PropertyValueSpecification","valueRequired":true,"valueName":"search_term_string"}}],"inLanguage":"es"},{"@type":"Organization","@id":"https:\/\/herboristeriamerce.com\/#organization","name":"Herbolari Merc\u00e8","url":"https:\/\/herboristeriamerce.com\/","logo":{"@type":"ImageObject","inLanguage":"es","@id":"https:\/\/herboristeriamerce.com\/#\/schema\/logo\/image\/","url":"https:\/\/herboristeriamerce.com\/wp-content\/uploads\/2025\/04\/cropped-logo-herboristeria-330x168-229w.webp","contentUrl":"https:\/\/herboristeriamerce.com\/wp-content\/uploads\/2025\/04\/cropped-logo-herboristeria-330x168-229w.webp","width":230,"height":117,"caption":"Herbolari Merc\u00e8"},"image":{"@id":"https:\/\/herboristeriamerce.com\/#\/schema\/logo\/image\/"}}]}},"_links":{"self":[{"href":"https:\/\/herboristeriamerce.com\/es\/wp-json\/wp\/v2\/product\/890","targetHints":{"allow":["GET"]}}],"collection":[{"href":"https:\/\/herboristeriamerce.com\/es\/wp-json\/wp\/v2\/product"}],"about":[{"href":"https:\/\/herboristeriamerce.com\/es\/wp-json\/wp\/v2\/types\/product"}],"replies":[{"embeddable":true,"href":"https:\/\/herboristeriamerce.com\/es\/wp-json\/wp\/v2\/comments?post=890"}],"wp:featuredmedia":[{"embeddable":true,"href":"https:\/\/herboristeriamerce.com\/es\/wp-json\/wp\/v2\/media\/891"}],"wp:attachment":[{"href":"https:\/\/herboristeriamerce.com\/es\/wp-json\/wp\/v2\/media?parent=890"}],"wp:term":[{"taxonomy":"product_brand","embeddable":true,"href":"https:\/\/herboristeriamerce.com\/es\/wp-json\/wp\/v2\/product_brand?post=890"},{"taxonomy":"product_cat","embeddable":true,"href":"https:\/\/herboristeriamerce.com\/es\/wp-json\/wp\/v2\/product_cat?post=890"},{"taxonomy":"product_tag","embeddable":true,"href":"https:\/\/herboristeriamerce.com\/es\/wp-json\/wp\/v2\/product_tag?post=890"}],"curies":[{"name":"wp","href":"https:\/\/api.w.org\/{rel}","templated":true}]}}