{"id":818,"date":"2025-04-26T11:25:30","date_gmt":"2025-04-26T11:25:30","guid":{"rendered":"https:\/\/www.herboristeriamerce.com\/?post_type=product&#038;p=818"},"modified":"2025-11-09T18:12:05","modified_gmt":"2025-11-09T18:12:05","slug":"rooibos-bones-nitsinfusio-rooibos-relaxant-sense-teina","status":"publish","type":"product","link":"https:\/\/herboristeriamerce.com\/es\/herboristeria-online\/infusions-i-tes\/rooibos\/rooibos-bones-nitsinfusio-rooibos-relaxant-sense-teina\/","title":{"rendered":"Rooibos Bones nits"},"content":{"rendered":"<h2>\ud83c\udf19 Relaxaci\u00f3 i Fruita: Infusi\u00f3 Rooibos &#8220;Dol\u00e7os Somnis&#8221;<\/h2>\n<h3>L&#8217;Abra\u00e7ada Calmant de la Natura<\/h3>\n<p>Descobreix la nostra infusi\u00f3 de Rooibos, una barreja dissenyada per ser el teu ritual de calma i benestar. El <b>Rooibos<\/b> \u00e9s la base perfecta, ja que no cont\u00e9 te\u00efna i \u00e9s ric en minerals, el que el fa ideal per prendre a qualsevol hora, per\u00f2 sobretot abans de dormir. Hem creat una simfonia d&#8217;ingredients coneguts tradicionalment per les seves propietats sedants, combinats amb una deliciosa explosi\u00f3 de sabors fruiters i florals que et transportaran a un estat de pau.<\/p>\n<h3>F\u00f3rmula Relaxant: Un Santuari d&#8217;Herbes<\/h3>\n<p>La nostra f\u00f3rmula \u00e9s rica en herbes que afavoreixen la tranquil\u00b7litat i el descans:<\/p>\n<ul>\n<li><b>Tila (Til\u00b7ler):<\/b> Reconeguda per les seves propietats ansiol\u00edtiques suaus, la Tila ajuda a calmar els nervis.<\/li>\n<li><b>Melisa:<\/b> Aquesta herba \u00e9s excel\u00b7lent per reduir l&#8217;estr\u00e8s i millorar la qualitat del son.<\/li>\n<li><b>Flor de Taronger :<\/b> El seu aroma delicat \u00e9s un cl\u00e0ssic per afavorir la relaxaci\u00f3 i ajudar a conciliar el son.<\/li>\n<li><b>Camamilla<\/b><b>:<\/b> A part de ser digestiva, la Camamilla t\u00e9 un efecte lleugerament sedant i ajuda a alleujar tensions.<\/li>\n<\/ul>\n<p>Aquesta poderosa combinaci\u00f3 d&#8217;herbes fa de la nostra infusi\u00f3 un remei natural per desconnectar al final d&#8217;un dia intens.<\/p>\n<h3>\ud83c\udf53 Tocs Fruiters i Florals: Un Plaer per als Sentits<\/h3>\n<p>Per tal de fer d&#8217;aquesta infusi\u00f3 una experi\u00e8ncia completament plaent, hem afegit tocs fruiters i florals que li donen un sabor rod\u00f3 i exquisit:<\/p>\n<ul>\n<li><b>Trossos de Maduixa, Poma i Taronja:<\/b> Aporten un sabor dol\u00e7 i una lleugera acidesa que equilibra les notes florals de les herbes.<\/li>\n<li><b>Menta:<\/b> Un subtil toc de Menta proporciona una sensaci\u00f3 refrescant i millora el perfil arom\u00e0tic.<\/li>\n<li><b>P\u00e8tals de Rosa:<\/b> Finalment, els P\u00e8tals de Rosa no nom\u00e9s embellixen la barreja, sin\u00f3 que tamb\u00e9 aporten un toc arom\u00e0tic delicat i rom\u00e0ntic.<\/li>\n<\/ul>\n<p><b>A m\u00e9s a m\u00e9s<\/b>, l&#8217;\u00fas d&#8217;aromes naturals de fruita intensifica aquesta experi\u00e8ncia sensorial. En resum, amb cada tassa, et regales un moment de pau i un sabor inigualable.<\/p>\n<h3>Preparaci\u00f3 i Comprom\u00eds de Qualitat<\/h3>\n<p>Aquesta infusi\u00f3, per tant, \u00e9s apta per a tota la fam\u00edlia i ideal per prendre-la al vespre. Per a una preparaci\u00f3 \u00f2ptima, infusiona una culleradeta de la barreja amb aigua a 100\u00b0C durant 5-7 minuts per extreure totes les propietats relaxants. El nostre comprom\u00eds \u00e9s oferir-te productes de la m\u00e0xima qualitat per al teu benestar.<\/p>","protected":false},"excerpt":{"rendered":"<p>Ingredients: Rooibos, trossos de poma, flors de til\u00b7la, camamilla, trossos de taronja, trossos de maduixa liofilitzada, menta piperita, p\u00e8tals de rosa, flors de tarongina<\/p>","protected":false},"featured_media":819,"comment_status":"open","ping_status":"closed","template":"","meta":{"site-sidebar-layout":"default","site-content-layout":"","ast-site-content-layout":"default","site-content-style":"default","site-sidebar-style":"default","ast-global-header-display":"","ast-banner-title-visibility":"","ast-main-header-display":"","ast-hfb-above-header-display":"","ast-hfb-below-header-display":"","ast-hfb-mobile-header-display":"","site-post-title":"","ast-breadcrumbs-content":"","ast-featured-img":"","footer-sml-layout":"","ast-disable-related-posts":"","theme-transparent-header-meta":"default","adv-header-id-meta":"","stick-header-meta":"","header-above-stick-meta":"","header-main-stick-meta":"","header-below-stick-meta":"","astra-migrate-meta-layouts":"set","ast-page-background-enabled":"default","ast-page-background-meta":{"desktop":{"background-color":"var(--ast-global-color-4)","background-image":"","background-repeat":"repeat","background-position":"center center","background-size":"auto","background-attachment":"scroll","background-type":"","background-media":"","overlay-type":"","overlay-color":"","overlay-opacity":"","overlay-gradient":""},"tablet":{"background-color":"","background-image":"","background-repeat":"repeat","background-position":"center center","background-size":"auto","background-attachment":"scroll","background-type":"","background-media":"","overlay-type":"","overlay-color":"","overlay-opacity":"","overlay-gradient":""},"mobile":{"background-color":"","background-image":"","background-repeat":"repeat","background-position":"center center","background-size":"auto","background-attachment":"scroll","background-type":"","background-media":"","overlay-type":"","overlay-color":"","overlay-opacity":"","overlay-gradient":""}},"ast-content-background-meta":{"desktop":{"background-color":"var(--ast-global-color-5)","background-image":"","background-repeat":"repeat","background-position":"center center","background-size":"auto","background-attachment":"scroll","background-type":"","background-media":"","overlay-type":"","overlay-color":"","overlay-opacity":"","overlay-gradient":""},"tablet":{"background-color":"var(--ast-global-color-5)","background-image":"","background-repeat":"repeat","background-position":"center center","background-size":"auto","background-attachment":"scroll","background-type":"","background-media":"","overlay-type":"","overlay-color":"","overlay-opacity":"","overlay-gradient":""},"mobile":{"background-color":"var(--ast-global-color-5)","background-image":"","background-repeat":"repeat","background-position":"center center","background-size":"auto","background-attachment":"scroll","background-type":"","background-media":"","overlay-type":"","overlay-color":"","overlay-opacity":"","overlay-gradient":""}}},"product_brand":[26],"product_cat":[101,27,103,67],"product_tag":[],"class_list":{"0":"post-818","1":"product","2":"type-product","3":"status-publish","4":"has-post-thumbnail","6":"product_brand-azaria","7":"product_cat-descans-nocturn","8":"product_cat-infusions-i-tes","9":"product_cat-relax","10":"product_cat-rooibos","11":"desktop-align-left","12":"tablet-align-left","13":"mobile-align-left","15":"first","16":"instock","17":"taxable","18":"shipping-taxable","19":"purchasable","20":"product-type-variable"},"yoast_head":"<!-- This site is optimized with the Yoast SEO plugin v27.5 - https:\/\/yoast.com\/product\/yoast-seo-wordpress\/ -->\n<title>Rooibos Bones nits - Herbolari Merc\u00e8 infusi\u00f3 rooibos relaxant sense te\u00efna<\/title>\n<meta name=\"description\" content=\"Tila, Melisa i Flor de Taronger: la millor infusi\u00f3 rooibos relaxant sense te\u00efna. Amb maduixa i camamilla per a un son reparador\" \/>\n<meta name=\"robots\" content=\"index, follow, max-snippet:-1, max-image-preview:large, max-video-preview:-1\" \/>\n<link rel=\"canonical\" href=\"https:\/\/herboristeriamerce.com\/es\/herboristeria-online\/infusions-i-tes\/rooibos\/rooibos-bones-nitsinfusio-rooibos-relaxant-sense-teina\/\" \/>\n<meta property=\"og:locale\" content=\"es_ES\" \/>\n<meta property=\"og:type\" content=\"article\" \/>\n<meta property=\"og:title\" content=\"Rooibos Bones nits - Herbolari Merc\u00e8 infusi\u00f3 rooibos relaxant sense te\u00efna\" \/>\n<meta property=\"og:description\" content=\"Tila, Melisa i Flor de Taronger: la millor infusi\u00f3 rooibos relaxant sense te\u00efna. Amb maduixa i camamilla per a un son reparador\" \/>\n<meta property=\"og:url\" content=\"https:\/\/herboristeriamerce.com\/es\/herboristeria-online\/infusions-i-tes\/rooibos\/rooibos-bones-nitsinfusio-rooibos-relaxant-sense-teina\/\" \/>\n<meta property=\"og:site_name\" content=\"Herbolari Merc\u00e8\" \/>\n<meta property=\"article:modified_time\" content=\"2025-11-09T18:12:05+00:00\" \/>\n<meta property=\"og:image\" content=\"https:\/\/herboristeriamerce.com\/wp-content\/uploads\/2025\/04\/rooibos-bones-nits.jpg\" \/>\n\t<meta property=\"og:image:width\" content=\"300\" \/>\n\t<meta property=\"og:image:height\" content=\"300\" \/>\n\t<meta property=\"og:image:type\" content=\"image\/jpeg\" \/>\n<meta name=\"twitter:card\" content=\"summary_large_image\" \/>\n<meta name=\"twitter:label1\" content=\"Tiempo de lectura\" \/>\n\t<meta name=\"twitter:data1\" content=\"3 minutos\" \/>\n<script type=\"application\/ld+json\" class=\"yoast-schema-graph\">{\"@context\":\"https:\\\/\\\/schema.org\",\"@graph\":[{\"@type\":\"WebPage\",\"@id\":\"https:\\\/\\\/herboristeriamerce.com\\\/herboristeria-online\\\/infusions-i-tes\\\/rooibos\\\/rooibos-bones-nitsinfusio-rooibos-relaxant-sense-teina\\\/\",\"url\":\"https:\\\/\\\/herboristeriamerce.com\\\/herboristeria-online\\\/infusions-i-tes\\\/rooibos\\\/rooibos-bones-nitsinfusio-rooibos-relaxant-sense-teina\\\/\",\"name\":\"Rooibos Bones nits - Herbolari Merc\u00e8 infusi\u00f3 rooibos relaxant sense te\u00efna\",\"isPartOf\":{\"@id\":\"https:\\\/\\\/herboristeriamerce.com\\\/#website\"},\"primaryImageOfPage\":{\"@id\":\"https:\\\/\\\/herboristeriamerce.com\\\/herboristeria-online\\\/infusions-i-tes\\\/rooibos\\\/rooibos-bones-nitsinfusio-rooibos-relaxant-sense-teina\\\/#primaryimage\"},\"image\":{\"@id\":\"https:\\\/\\\/herboristeriamerce.com\\\/herboristeria-online\\\/infusions-i-tes\\\/rooibos\\\/rooibos-bones-nitsinfusio-rooibos-relaxant-sense-teina\\\/#primaryimage\"},\"thumbnailUrl\":\"https:\\\/\\\/herboristeriamerce.com\\\/wp-content\\\/uploads\\\/2025\\\/04\\\/rooibos-bones-nits.jpg\",\"datePublished\":\"2025-04-26T11:25:30+00:00\",\"dateModified\":\"2025-11-09T18:12:05+00:00\",\"description\":\"Tila, Melisa i Flor de Taronger: la millor infusi\u00f3 rooibos relaxant sense te\u00efna. Amb maduixa i camamilla per a un son reparador\",\"breadcrumb\":{\"@id\":\"https:\\\/\\\/herboristeriamerce.com\\\/herboristeria-online\\\/infusions-i-tes\\\/rooibos\\\/rooibos-bones-nitsinfusio-rooibos-relaxant-sense-teina\\\/#breadcrumb\"},\"inLanguage\":\"es\",\"potentialAction\":[{\"@type\":\"ReadAction\",\"target\":[\"https:\\\/\\\/herboristeriamerce.com\\\/herboristeria-online\\\/infusions-i-tes\\\/rooibos\\\/rooibos-bones-nitsinfusio-rooibos-relaxant-sense-teina\\\/\"]}]},{\"@type\":\"ImageObject\",\"inLanguage\":\"es\",\"@id\":\"https:\\\/\\\/herboristeriamerce.com\\\/herboristeria-online\\\/infusions-i-tes\\\/rooibos\\\/rooibos-bones-nitsinfusio-rooibos-relaxant-sense-teina\\\/#primaryimage\",\"url\":\"https:\\\/\\\/herboristeriamerce.com\\\/wp-content\\\/uploads\\\/2025\\\/04\\\/rooibos-bones-nits.jpg\",\"contentUrl\":\"https:\\\/\\\/herboristeriamerce.com\\\/wp-content\\\/uploads\\\/2025\\\/04\\\/rooibos-bones-nits.jpg\",\"width\":300,\"height\":300},{\"@type\":\"BreadcrumbList\",\"@id\":\"https:\\\/\\\/herboristeriamerce.com\\\/herboristeria-online\\\/infusions-i-tes\\\/rooibos\\\/rooibos-bones-nitsinfusio-rooibos-relaxant-sense-teina\\\/#breadcrumb\",\"itemListElement\":[{\"@type\":\"ListItem\",\"position\":1,\"name\":\"Inici\",\"item\":\"https:\\\/\\\/herboristeriamerce.com\\\/\"},{\"@type\":\"ListItem\",\"position\":2,\"name\":\"Herboristeria online\",\"item\":\"https:\\\/\\\/herboristeriamerce.com\\\/herboristeria-online\\\/\"},{\"@type\":\"ListItem\",\"position\":3,\"name\":\"Rooibos Bones nits\"}]},{\"@type\":\"WebSite\",\"@id\":\"https:\\\/\\\/herboristeriamerce.com\\\/#website\",\"url\":\"https:\\\/\\\/herboristeriamerce.com\\\/\",\"name\":\"Herbolari Merc\u00e8\",\"description\":\"Herbolari a Terrassa\",\"publisher\":{\"@id\":\"https:\\\/\\\/herboristeriamerce.com\\\/#organization\"},\"potentialAction\":[{\"@type\":\"SearchAction\",\"target\":{\"@type\":\"EntryPoint\",\"urlTemplate\":\"https:\\\/\\\/herboristeriamerce.com\\\/?s={search_term_string}\"},\"query-input\":{\"@type\":\"PropertyValueSpecification\",\"valueRequired\":true,\"valueName\":\"search_term_string\"}}],\"inLanguage\":\"es\"},{\"@type\":\"Organization\",\"@id\":\"https:\\\/\\\/herboristeriamerce.com\\\/#organization\",\"name\":\"Herbolari Merc\u00e8\",\"url\":\"https:\\\/\\\/herboristeriamerce.com\\\/\",\"logo\":{\"@type\":\"ImageObject\",\"inLanguage\":\"es\",\"@id\":\"https:\\\/\\\/herboristeriamerce.com\\\/#\\\/schema\\\/logo\\\/image\\\/\",\"url\":\"https:\\\/\\\/herboristeriamerce.com\\\/wp-content\\\/uploads\\\/2025\\\/04\\\/cropped-logo-herboristeria-330x168-229w.webp\",\"contentUrl\":\"https:\\\/\\\/herboristeriamerce.com\\\/wp-content\\\/uploads\\\/2025\\\/04\\\/cropped-logo-herboristeria-330x168-229w.webp\",\"width\":230,\"height\":117,\"caption\":\"Herbolari Merc\u00e8\"},\"image\":{\"@id\":\"https:\\\/\\\/herboristeriamerce.com\\\/#\\\/schema\\\/logo\\\/image\\\/\"}}]}<\/script>\n<!-- \/ Yoast SEO plugin. -->","yoast_head_json":{"title":"Rooibos Bones nits - Herbolari Merc\u00e8 infusi\u00f3 rooibos relaxant sense te\u00efna","description":"Tila, Melisa i Flor de Taronger: la millor infusi\u00f3 rooibos relaxant sense te\u00efna. Amb maduixa i camamilla per a un son reparador","robots":{"index":"index","follow":"follow","max-snippet":"max-snippet:-1","max-image-preview":"max-image-preview:large","max-video-preview":"max-video-preview:-1"},"canonical":"https:\/\/herboristeriamerce.com\/es\/herboristeria-online\/infusions-i-tes\/rooibos\/rooibos-bones-nitsinfusio-rooibos-relaxant-sense-teina\/","og_locale":"es_ES","og_type":"article","og_title":"Rooibos Bones nits - Herbolari Merc\u00e8 infusi\u00f3 rooibos relaxant sense te\u00efna","og_description":"Tila, Melisa i Flor de Taronger: la millor infusi\u00f3 rooibos relaxant sense te\u00efna. Amb maduixa i camamilla per a un son reparador","og_url":"https:\/\/herboristeriamerce.com\/es\/herboristeria-online\/infusions-i-tes\/rooibos\/rooibos-bones-nitsinfusio-rooibos-relaxant-sense-teina\/","og_site_name":"Herbolari Merc\u00e8","article_modified_time":"2025-11-09T18:12:05+00:00","og_image":[{"width":300,"height":300,"url":"https:\/\/herboristeriamerce.com\/wp-content\/uploads\/2025\/04\/rooibos-bones-nits.jpg","type":"image\/jpeg"}],"twitter_card":"summary_large_image","twitter_misc":{"Tiempo de lectura":"3 minutos"},"schema":{"@context":"https:\/\/schema.org","@graph":[{"@type":"WebPage","@id":"https:\/\/herboristeriamerce.com\/herboristeria-online\/infusions-i-tes\/rooibos\/rooibos-bones-nitsinfusio-rooibos-relaxant-sense-teina\/","url":"https:\/\/herboristeriamerce.com\/herboristeria-online\/infusions-i-tes\/rooibos\/rooibos-bones-nitsinfusio-rooibos-relaxant-sense-teina\/","name":"Rooibos Bones nits - Herbolari Merc\u00e8 infusi\u00f3 rooibos relaxant sense te\u00efna","isPartOf":{"@id":"https:\/\/herboristeriamerce.com\/#website"},"primaryImageOfPage":{"@id":"https:\/\/herboristeriamerce.com\/herboristeria-online\/infusions-i-tes\/rooibos\/rooibos-bones-nitsinfusio-rooibos-relaxant-sense-teina\/#primaryimage"},"image":{"@id":"https:\/\/herboristeriamerce.com\/herboristeria-online\/infusions-i-tes\/rooibos\/rooibos-bones-nitsinfusio-rooibos-relaxant-sense-teina\/#primaryimage"},"thumbnailUrl":"https:\/\/herboristeriamerce.com\/wp-content\/uploads\/2025\/04\/rooibos-bones-nits.jpg","datePublished":"2025-04-26T11:25:30+00:00","dateModified":"2025-11-09T18:12:05+00:00","description":"Tila, Melisa i Flor de Taronger: la millor infusi\u00f3 rooibos relaxant sense te\u00efna. Amb maduixa i camamilla per a un son reparador","breadcrumb":{"@id":"https:\/\/herboristeriamerce.com\/herboristeria-online\/infusions-i-tes\/rooibos\/rooibos-bones-nitsinfusio-rooibos-relaxant-sense-teina\/#breadcrumb"},"inLanguage":"es","potentialAction":[{"@type":"ReadAction","target":["https:\/\/herboristeriamerce.com\/herboristeria-online\/infusions-i-tes\/rooibos\/rooibos-bones-nitsinfusio-rooibos-relaxant-sense-teina\/"]}]},{"@type":"ImageObject","inLanguage":"es","@id":"https:\/\/herboristeriamerce.com\/herboristeria-online\/infusions-i-tes\/rooibos\/rooibos-bones-nitsinfusio-rooibos-relaxant-sense-teina\/#primaryimage","url":"https:\/\/herboristeriamerce.com\/wp-content\/uploads\/2025\/04\/rooibos-bones-nits.jpg","contentUrl":"https:\/\/herboristeriamerce.com\/wp-content\/uploads\/2025\/04\/rooibos-bones-nits.jpg","width":300,"height":300},{"@type":"BreadcrumbList","@id":"https:\/\/herboristeriamerce.com\/herboristeria-online\/infusions-i-tes\/rooibos\/rooibos-bones-nitsinfusio-rooibos-relaxant-sense-teina\/#breadcrumb","itemListElement":[{"@type":"ListItem","position":1,"name":"Inici","item":"https:\/\/herboristeriamerce.com\/"},{"@type":"ListItem","position":2,"name":"Herboristeria online","item":"https:\/\/herboristeriamerce.com\/herboristeria-online\/"},{"@type":"ListItem","position":3,"name":"Rooibos Bones nits"}]},{"@type":"WebSite","@id":"https:\/\/herboristeriamerce.com\/#website","url":"https:\/\/herboristeriamerce.com\/","name":"Herbolari Merc\u00e8","description":"Herbolari a Terrassa","publisher":{"@id":"https:\/\/herboristeriamerce.com\/#organization"},"potentialAction":[{"@type":"SearchAction","target":{"@type":"EntryPoint","urlTemplate":"https:\/\/herboristeriamerce.com\/?s={search_term_string}"},"query-input":{"@type":"PropertyValueSpecification","valueRequired":true,"valueName":"search_term_string"}}],"inLanguage":"es"},{"@type":"Organization","@id":"https:\/\/herboristeriamerce.com\/#organization","name":"Herbolari Merc\u00e8","url":"https:\/\/herboristeriamerce.com\/","logo":{"@type":"ImageObject","inLanguage":"es","@id":"https:\/\/herboristeriamerce.com\/#\/schema\/logo\/image\/","url":"https:\/\/herboristeriamerce.com\/wp-content\/uploads\/2025\/04\/cropped-logo-herboristeria-330x168-229w.webp","contentUrl":"https:\/\/herboristeriamerce.com\/wp-content\/uploads\/2025\/04\/cropped-logo-herboristeria-330x168-229w.webp","width":230,"height":117,"caption":"Herbolari Merc\u00e8"},"image":{"@id":"https:\/\/herboristeriamerce.com\/#\/schema\/logo\/image\/"}}]}},"_links":{"self":[{"href":"https:\/\/herboristeriamerce.com\/es\/wp-json\/wp\/v2\/product\/818","targetHints":{"allow":["GET"]}}],"collection":[{"href":"https:\/\/herboristeriamerce.com\/es\/wp-json\/wp\/v2\/product"}],"about":[{"href":"https:\/\/herboristeriamerce.com\/es\/wp-json\/wp\/v2\/types\/product"}],"replies":[{"embeddable":true,"href":"https:\/\/herboristeriamerce.com\/es\/wp-json\/wp\/v2\/comments?post=818"}],"wp:featuredmedia":[{"embeddable":true,"href":"https:\/\/herboristeriamerce.com\/es\/wp-json\/wp\/v2\/media\/819"}],"wp:attachment":[{"href":"https:\/\/herboristeriamerce.com\/es\/wp-json\/wp\/v2\/media?parent=818"}],"wp:term":[{"taxonomy":"product_brand","embeddable":true,"href":"https:\/\/herboristeriamerce.com\/es\/wp-json\/wp\/v2\/product_brand?post=818"},{"taxonomy":"product_cat","embeddable":true,"href":"https:\/\/herboristeriamerce.com\/es\/wp-json\/wp\/v2\/product_cat?post=818"},{"taxonomy":"product_tag","embeddable":true,"href":"https:\/\/herboristeriamerce.com\/es\/wp-json\/wp\/v2\/product_tag?post=818"}],"curies":[{"name":"wp","href":"https:\/\/api.w.org\/{rel}","templated":true}]}}