{"id":806,"date":"2025-04-25T17:42:58","date_gmt":"2025-04-25T17:42:58","guid":{"rendered":"https:\/\/www.herboristeriamerce.com\/?post_type=product&#038;p=806"},"modified":"2025-08-01T10:27:47","modified_gmt":"2025-08-01T10:27:47","slug":"mujer-activa-benestar-dona","status":"publish","type":"product","link":"https:\/\/herboristeriamerce.com\/es\/herboristeria-online\/dona\/memopausia\/mujer-activa-benestar-dona\/","title":{"rendered":"Benestar Dona"},"content":{"rendered":"<h3 data-start=\"156\" data-end=\"224\">\ud83c\udf38 Activa Benestar Dona \u2013 Suport natural per a la salut femenina<\/h3>\n<p data-start=\"226\" data-end=\"541\">Activa Benestar Dona est\u00e0 formulat exclusivament amb actius 100% naturals, lliure de colorants i OGM. Aquesta f\u00f3rmula especial est\u00e0 dissenyada per aportar un suport integral a la salut femenina, millorant el benestar f\u00edsic i emocional a trav\u00e9s d\u2019ingredients reconeguts per les seves propietats beneficioses.<\/p>\n<hr data-start=\"543\" data-end=\"546\" \/>\n<h3 data-start=\"548\" data-end=\"583\">\ud83c\udf3f Ingredients clau i beneficis<\/h3>\n<p data-start=\"585\" data-end=\"638\">Per comen\u00e7ar, la combinaci\u00f3 d\u2019actius naturals inclou:<\/p>\n<ul data-start=\"640\" data-end=\"1250\">\n<li data-start=\"640\" data-end=\"879\">\n<p data-start=\"642\" data-end=\"879\"><strong data-start=\"642\" data-end=\"671\">Maca, Damiana i Tribulus:<\/strong> aquests ingredients s\u00f3n tradicionalment utilitzats per afavorir el desig sexual i millorar la fertilitat femenina. A m\u00e9s, ajuden a equilibrar les funcions hormonals, promovent una millor vitalitat i energia.<\/p>\n<\/li>\n<li data-start=\"881\" data-end=\"1117\">\n<p data-start=\"883\" data-end=\"1117\"><strong data-start=\"883\" data-end=\"915\">Achillea, Artemisa i S\u00e0lvia:<\/strong> contribueixen a l\u2019equilibri menstrual i al benestar femen\u00ed general. En particular, la s\u00e0lvia ajuda a calmar les rampes abdominals peri\u00f2diques i les sufocacions t\u00edpiques en determinades fases del cicle.<\/p>\n<\/li>\n<li data-start=\"1119\" data-end=\"1250\">\n<p data-start=\"1121\" data-end=\"1250\"><strong data-start=\"1121\" data-end=\"1133\">Acerola:<\/strong> rica en vitamina C i antioxidants, refor\u00e7a el sistema immunitari i protegeix les c\u00e8l\u00b7lules davant l\u2019estr\u00e8s oxidatiu.<\/p>\n<\/li>\n<\/ul>\n<p data-start=\"1252\" data-end=\"1479\">Aix\u00ed doncs, gr\u00e0cies a aquesta sinergia d\u2019ingredients, Activa Benestar Dona \u00e9s una soluci\u00f3 natural que d\u00f3na suport a diferents aspectes de la salut femenina, des de l\u2019equilibri hormonal fins a la millora del benestar sexual.<\/p>\n<hr data-start=\"1481\" data-end=\"1484\" \/>\n<h3 data-start=\"1486\" data-end=\"1509\">\ud83d\udc8a Indicacions d\u2019\u00fas<\/h3>\n<p data-start=\"1511\" data-end=\"1740\">Per obtenir els millors resultats, es recomana prendre 1 c\u00e0psula al dia, preferiblement entre \u00e0pats i amb un got gran d\u2019aigua. Si es vol, es poden obrir les c\u00e0psules i consumir el contingut directament, facilitant la ingesta.<\/p>\n<p data-start=\"1742\" data-end=\"1823\"><strong data-start=\"1742\" data-end=\"1758\">Presentaci\u00f3:<\/strong> 30 c\u00e0psules en bl\u00edster, suficient per a un mes de suplementaci\u00f3.<\/p>\n<hr data-start=\"1825\" data-end=\"1828\" \/>\n<h3 data-start=\"1830\" data-end=\"1872\">\ud83c\udf1f Per qu\u00e8 triar Activa Benestar Dona?<\/h3>\n<p data-start=\"1874\" data-end=\"2141\">En definitiva, Activa Benestar Dona ofereix un suport natural, efica\u00e7 i segur per a totes aquelles dones que volen cuidar el seu cos i la seva ment amb productes naturals. A m\u00e9s, contribueix a mantenir un equilibri hormonal adequat i millorar la qualitat de vida.<\/p>\n<table cellspacing=\"0\" cellpadding=\"0\">\n<tbody>\n<tr>\n<td><img decoding=\"async\" src=\"https:\/\/fr.activastore.com\/img\/cms\/Pictos%20fiche%20produit\/gelule-vegetale.png\" alt=\"\" width=\"100\" height=\"100\" \/><\/td>\n<td><img decoding=\"async\" src=\"https:\/\/es.activastore.com\/img\/cms\/Pictos%20fiche%20produit\/icon_extraits.png\" alt=\"icon_extraits.png\" width=\"100\" height=\"100\" \/><\/td>\n<\/tr>\n<tr>\n<td>C\u00e0psula 100% vegetal<\/td>\n<td>100% Extractes secs titulats<\/td>\n<\/tr>\n<\/tbody>\n<\/table>\n<p>&nbsp;<\/p>\n<p>&nbsp;<\/p>","protected":false},"excerpt":{"rendered":"<p>Vitalitat i expressi\u00f3 femenina, promou el desig sexual. Ajuda a calmar les rampes abdominals durant el per\u00edode.<\/p>\n<p>Actius: Maca, Damiana, Tribulus, Achillea, Artemisia, Salvia, Acerola.<\/p>","protected":false},"featured_media":807,"comment_status":"open","ping_status":"closed","template":"","meta":{"site-sidebar-layout":"default","site-content-layout":"","ast-site-content-layout":"default","site-content-style":"default","site-sidebar-style":"default","ast-global-header-display":"","ast-banner-title-visibility":"","ast-main-header-display":"","ast-hfb-above-header-display":"","ast-hfb-below-header-display":"","ast-hfb-mobile-header-display":"","site-post-title":"","ast-breadcrumbs-content":"","ast-featured-img":"","footer-sml-layout":"","ast-disable-related-posts":"","theme-transparent-header-meta":"default","adv-header-id-meta":"","stick-header-meta":"","header-above-stick-meta":"","header-main-stick-meta":"","header-below-stick-meta":"","astra-migrate-meta-layouts":"set","ast-page-background-enabled":"default","ast-page-background-meta":{"desktop":{"background-color":"var(--ast-global-color-4)","background-image":"","background-repeat":"repeat","background-position":"center center","background-size":"auto","background-attachment":"scroll","background-type":"","background-media":"","overlay-type":"","overlay-color":"","overlay-opacity":"","overlay-gradient":""},"tablet":{"background-color":"","background-image":"","background-repeat":"repeat","background-position":"center center","background-size":"auto","background-attachment":"scroll","background-type":"","background-media":"","overlay-type":"","overlay-color":"","overlay-opacity":"","overlay-gradient":""},"mobile":{"background-color":"","background-image":"","background-repeat":"repeat","background-position":"center center","background-size":"auto","background-attachment":"scroll","background-type":"","background-media":"","overlay-type":"","overlay-color":"","overlay-opacity":"","overlay-gradient":""}},"ast-content-background-meta":{"desktop":{"background-color":"var(--ast-global-color-5)","background-image":"","background-repeat":"repeat","background-position":"center center","background-size":"auto","background-attachment":"scroll","background-type":"","background-media":"","overlay-type":"","overlay-color":"","overlay-opacity":"","overlay-gradient":""},"tablet":{"background-color":"var(--ast-global-color-5)","background-image":"","background-repeat":"repeat","background-position":"center center","background-size":"auto","background-attachment":"scroll","background-type":"","background-media":"","overlay-type":"","overlay-color":"","overlay-opacity":"","overlay-gradient":""},"mobile":{"background-color":"var(--ast-global-color-5)","background-image":"","background-repeat":"repeat","background-position":"center center","background-size":"auto","background-attachment":"scroll","background-type":"","background-media":"","overlay-type":"","overlay-color":"","overlay-opacity":"","overlay-gradient":""}}},"product_brand":[19],"product_cat":[24,132,130],"product_tag":[173],"class_list":{"0":"post-806","1":"product","2":"type-product","3":"status-publish","4":"has-post-thumbnail","6":"product_brand-activa","7":"product_cat-dona","8":"product_cat-equilibri-menstrual","9":"product_cat-memopausia","10":"product_tag-capsula-100vegetal","11":"desktop-align-left","12":"tablet-align-left","13":"mobile-align-left","15":"first","16":"instock","17":"taxable","18":"shipping-taxable","19":"purchasable","20":"product-type-simple"},"yoast_head":"<!-- This site is optimized with the Yoast SEO plugin v27.5 - https:\/\/yoast.com\/product\/yoast-seo-wordpress\/ -->\n<title>Benestar Dona - Herbolari Merc\u00e8<\/title>\n<meta name=\"description\" content=\"Activa Benestar Dona \u00e9s un suplement 100% natural que afavoreix el desig sexual, la fertilitat i l\u2019equilibri menstrual per al benestar femen\u00ed.\" \/>\n<meta name=\"robots\" content=\"index, follow, max-snippet:-1, max-image-preview:large, max-video-preview:-1\" \/>\n<link rel=\"canonical\" href=\"https:\/\/herboristeriamerce.com\/es\/herboristeria-online\/dona\/memopausia\/mujer-activa-benestar-dona\/\" \/>\n<meta property=\"og:locale\" content=\"es_ES\" \/>\n<meta property=\"og:type\" content=\"article\" \/>\n<meta property=\"og:title\" content=\"Benestar Dona - Herbolari Merc\u00e8\" \/>\n<meta property=\"og:description\" content=\"Activa Benestar Dona \u00e9s un suplement 100% natural que afavoreix el desig sexual, la fertilitat i l\u2019equilibri menstrual per al benestar femen\u00ed.\" \/>\n<meta property=\"og:url\" content=\"https:\/\/herboristeriamerce.com\/es\/herboristeria-online\/dona\/memopausia\/mujer-activa-benestar-dona\/\" \/>\n<meta property=\"og:site_name\" content=\"Herbolari Merc\u00e8\" \/>\n<meta property=\"article:modified_time\" content=\"2025-08-01T10:27:47+00:00\" \/>\n<meta property=\"og:image\" content=\"https:\/\/herboristeriamerce.com\/wp-content\/uploads\/2025\/04\/bienestar-mujer-activa-e1589279413420.png\" \/>\n\t<meta property=\"og:image:width\" content=\"600\" \/>\n\t<meta property=\"og:image:height\" content=\"569\" \/>\n\t<meta property=\"og:image:type\" content=\"image\/png\" \/>\n<meta name=\"twitter:card\" content=\"summary_large_image\" \/>\n<meta name=\"twitter:label1\" content=\"Tiempo de lectura\" \/>\n\t<meta name=\"twitter:data1\" content=\"3 minutos\" \/>\n<script type=\"application\/ld+json\" class=\"yoast-schema-graph\">{\"@context\":\"https:\\\/\\\/schema.org\",\"@graph\":[{\"@type\":\"WebPage\",\"@id\":\"https:\\\/\\\/herboristeriamerce.com\\\/herboristeria-online\\\/dona\\\/memopausia\\\/mujer-activa-benestar-dona\\\/\",\"url\":\"https:\\\/\\\/herboristeriamerce.com\\\/herboristeria-online\\\/dona\\\/memopausia\\\/mujer-activa-benestar-dona\\\/\",\"name\":\"Benestar Dona - Herbolari Merc\u00e8\",\"isPartOf\":{\"@id\":\"https:\\\/\\\/herboristeriamerce.com\\\/#website\"},\"primaryImageOfPage\":{\"@id\":\"https:\\\/\\\/herboristeriamerce.com\\\/herboristeria-online\\\/dona\\\/memopausia\\\/mujer-activa-benestar-dona\\\/#primaryimage\"},\"image\":{\"@id\":\"https:\\\/\\\/herboristeriamerce.com\\\/herboristeria-online\\\/dona\\\/memopausia\\\/mujer-activa-benestar-dona\\\/#primaryimage\"},\"thumbnailUrl\":\"https:\\\/\\\/herboristeriamerce.com\\\/wp-content\\\/uploads\\\/2025\\\/04\\\/bienestar-mujer-activa-e1589279413420.png\",\"datePublished\":\"2025-04-25T17:42:58+00:00\",\"dateModified\":\"2025-08-01T10:27:47+00:00\",\"description\":\"Activa Benestar Dona \u00e9s un suplement 100% natural que afavoreix el desig sexual, la fertilitat i l\u2019equilibri menstrual per al benestar femen\u00ed.\",\"breadcrumb\":{\"@id\":\"https:\\\/\\\/herboristeriamerce.com\\\/herboristeria-online\\\/dona\\\/memopausia\\\/mujer-activa-benestar-dona\\\/#breadcrumb\"},\"inLanguage\":\"es\",\"potentialAction\":[{\"@type\":\"ReadAction\",\"target\":[\"https:\\\/\\\/herboristeriamerce.com\\\/herboristeria-online\\\/dona\\\/memopausia\\\/mujer-activa-benestar-dona\\\/\"]}]},{\"@type\":\"ImageObject\",\"inLanguage\":\"es\",\"@id\":\"https:\\\/\\\/herboristeriamerce.com\\\/herboristeria-online\\\/dona\\\/memopausia\\\/mujer-activa-benestar-dona\\\/#primaryimage\",\"url\":\"https:\\\/\\\/herboristeriamerce.com\\\/wp-content\\\/uploads\\\/2025\\\/04\\\/bienestar-mujer-activa-e1589279413420.png\",\"contentUrl\":\"https:\\\/\\\/herboristeriamerce.com\\\/wp-content\\\/uploads\\\/2025\\\/04\\\/bienestar-mujer-activa-e1589279413420.png\",\"width\":600,\"height\":569},{\"@type\":\"BreadcrumbList\",\"@id\":\"https:\\\/\\\/herboristeriamerce.com\\\/herboristeria-online\\\/dona\\\/memopausia\\\/mujer-activa-benestar-dona\\\/#breadcrumb\",\"itemListElement\":[{\"@type\":\"ListItem\",\"position\":1,\"name\":\"Inici\",\"item\":\"https:\\\/\\\/herboristeriamerce.com\\\/\"},{\"@type\":\"ListItem\",\"position\":2,\"name\":\"Herboristeria online\",\"item\":\"https:\\\/\\\/herboristeriamerce.com\\\/herboristeria-online\\\/\"},{\"@type\":\"ListItem\",\"position\":3,\"name\":\"Benestar Dona\"}]},{\"@type\":\"WebSite\",\"@id\":\"https:\\\/\\\/herboristeriamerce.com\\\/#website\",\"url\":\"https:\\\/\\\/herboristeriamerce.com\\\/\",\"name\":\"Herbolari Merc\u00e8\",\"description\":\"Herbolari a Terrassa\",\"publisher\":{\"@id\":\"https:\\\/\\\/herboristeriamerce.com\\\/#organization\"},\"potentialAction\":[{\"@type\":\"SearchAction\",\"target\":{\"@type\":\"EntryPoint\",\"urlTemplate\":\"https:\\\/\\\/herboristeriamerce.com\\\/?s={search_term_string}\"},\"query-input\":{\"@type\":\"PropertyValueSpecification\",\"valueRequired\":true,\"valueName\":\"search_term_string\"}}],\"inLanguage\":\"es\"},{\"@type\":\"Organization\",\"@id\":\"https:\\\/\\\/herboristeriamerce.com\\\/#organization\",\"name\":\"Herbolari Merc\u00e8\",\"url\":\"https:\\\/\\\/herboristeriamerce.com\\\/\",\"logo\":{\"@type\":\"ImageObject\",\"inLanguage\":\"es\",\"@id\":\"https:\\\/\\\/herboristeriamerce.com\\\/#\\\/schema\\\/logo\\\/image\\\/\",\"url\":\"https:\\\/\\\/herboristeriamerce.com\\\/wp-content\\\/uploads\\\/2025\\\/04\\\/cropped-logo-herboristeria-330x168-229w.webp\",\"contentUrl\":\"https:\\\/\\\/herboristeriamerce.com\\\/wp-content\\\/uploads\\\/2025\\\/04\\\/cropped-logo-herboristeria-330x168-229w.webp\",\"width\":230,\"height\":117,\"caption\":\"Herbolari Merc\u00e8\"},\"image\":{\"@id\":\"https:\\\/\\\/herboristeriamerce.com\\\/#\\\/schema\\\/logo\\\/image\\\/\"}}]}<\/script>\n<!-- \/ Yoast SEO plugin. -->","yoast_head_json":{"title":"Benestar Dona - Herbolari Merc\u00e8","description":"Activa Benestar Dona \u00e9s un suplement 100% natural que afavoreix el desig sexual, la fertilitat i l\u2019equilibri menstrual per al benestar femen\u00ed.","robots":{"index":"index","follow":"follow","max-snippet":"max-snippet:-1","max-image-preview":"max-image-preview:large","max-video-preview":"max-video-preview:-1"},"canonical":"https:\/\/herboristeriamerce.com\/es\/herboristeria-online\/dona\/memopausia\/mujer-activa-benestar-dona\/","og_locale":"es_ES","og_type":"article","og_title":"Benestar Dona - Herbolari Merc\u00e8","og_description":"Activa Benestar Dona \u00e9s un suplement 100% natural que afavoreix el desig sexual, la fertilitat i l\u2019equilibri menstrual per al benestar femen\u00ed.","og_url":"https:\/\/herboristeriamerce.com\/es\/herboristeria-online\/dona\/memopausia\/mujer-activa-benestar-dona\/","og_site_name":"Herbolari Merc\u00e8","article_modified_time":"2025-08-01T10:27:47+00:00","og_image":[{"width":600,"height":569,"url":"https:\/\/herboristeriamerce.com\/wp-content\/uploads\/2025\/04\/bienestar-mujer-activa-e1589279413420.png","type":"image\/png"}],"twitter_card":"summary_large_image","twitter_misc":{"Tiempo de lectura":"3 minutos"},"schema":{"@context":"https:\/\/schema.org","@graph":[{"@type":"WebPage","@id":"https:\/\/herboristeriamerce.com\/herboristeria-online\/dona\/memopausia\/mujer-activa-benestar-dona\/","url":"https:\/\/herboristeriamerce.com\/herboristeria-online\/dona\/memopausia\/mujer-activa-benestar-dona\/","name":"Benestar Dona - Herbolari Merc\u00e8","isPartOf":{"@id":"https:\/\/herboristeriamerce.com\/#website"},"primaryImageOfPage":{"@id":"https:\/\/herboristeriamerce.com\/herboristeria-online\/dona\/memopausia\/mujer-activa-benestar-dona\/#primaryimage"},"image":{"@id":"https:\/\/herboristeriamerce.com\/herboristeria-online\/dona\/memopausia\/mujer-activa-benestar-dona\/#primaryimage"},"thumbnailUrl":"https:\/\/herboristeriamerce.com\/wp-content\/uploads\/2025\/04\/bienestar-mujer-activa-e1589279413420.png","datePublished":"2025-04-25T17:42:58+00:00","dateModified":"2025-08-01T10:27:47+00:00","description":"Activa Benestar Dona \u00e9s un suplement 100% natural que afavoreix el desig sexual, la fertilitat i l\u2019equilibri menstrual per al benestar femen\u00ed.","breadcrumb":{"@id":"https:\/\/herboristeriamerce.com\/herboristeria-online\/dona\/memopausia\/mujer-activa-benestar-dona\/#breadcrumb"},"inLanguage":"es","potentialAction":[{"@type":"ReadAction","target":["https:\/\/herboristeriamerce.com\/herboristeria-online\/dona\/memopausia\/mujer-activa-benestar-dona\/"]}]},{"@type":"ImageObject","inLanguage":"es","@id":"https:\/\/herboristeriamerce.com\/herboristeria-online\/dona\/memopausia\/mujer-activa-benestar-dona\/#primaryimage","url":"https:\/\/herboristeriamerce.com\/wp-content\/uploads\/2025\/04\/bienestar-mujer-activa-e1589279413420.png","contentUrl":"https:\/\/herboristeriamerce.com\/wp-content\/uploads\/2025\/04\/bienestar-mujer-activa-e1589279413420.png","width":600,"height":569},{"@type":"BreadcrumbList","@id":"https:\/\/herboristeriamerce.com\/herboristeria-online\/dona\/memopausia\/mujer-activa-benestar-dona\/#breadcrumb","itemListElement":[{"@type":"ListItem","position":1,"name":"Inici","item":"https:\/\/herboristeriamerce.com\/"},{"@type":"ListItem","position":2,"name":"Herboristeria online","item":"https:\/\/herboristeriamerce.com\/herboristeria-online\/"},{"@type":"ListItem","position":3,"name":"Benestar Dona"}]},{"@type":"WebSite","@id":"https:\/\/herboristeriamerce.com\/#website","url":"https:\/\/herboristeriamerce.com\/","name":"Herbolari Merc\u00e8","description":"Herbolari a Terrassa","publisher":{"@id":"https:\/\/herboristeriamerce.com\/#organization"},"potentialAction":[{"@type":"SearchAction","target":{"@type":"EntryPoint","urlTemplate":"https:\/\/herboristeriamerce.com\/?s={search_term_string}"},"query-input":{"@type":"PropertyValueSpecification","valueRequired":true,"valueName":"search_term_string"}}],"inLanguage":"es"},{"@type":"Organization","@id":"https:\/\/herboristeriamerce.com\/#organization","name":"Herbolari Merc\u00e8","url":"https:\/\/herboristeriamerce.com\/","logo":{"@type":"ImageObject","inLanguage":"es","@id":"https:\/\/herboristeriamerce.com\/#\/schema\/logo\/image\/","url":"https:\/\/herboristeriamerce.com\/wp-content\/uploads\/2025\/04\/cropped-logo-herboristeria-330x168-229w.webp","contentUrl":"https:\/\/herboristeriamerce.com\/wp-content\/uploads\/2025\/04\/cropped-logo-herboristeria-330x168-229w.webp","width":230,"height":117,"caption":"Herbolari Merc\u00e8"},"image":{"@id":"https:\/\/herboristeriamerce.com\/#\/schema\/logo\/image\/"}}]}},"_links":{"self":[{"href":"https:\/\/herboristeriamerce.com\/es\/wp-json\/wp\/v2\/product\/806","targetHints":{"allow":["GET"]}}],"collection":[{"href":"https:\/\/herboristeriamerce.com\/es\/wp-json\/wp\/v2\/product"}],"about":[{"href":"https:\/\/herboristeriamerce.com\/es\/wp-json\/wp\/v2\/types\/product"}],"replies":[{"embeddable":true,"href":"https:\/\/herboristeriamerce.com\/es\/wp-json\/wp\/v2\/comments?post=806"}],"wp:featuredmedia":[{"embeddable":true,"href":"https:\/\/herboristeriamerce.com\/es\/wp-json\/wp\/v2\/media\/807"}],"wp:attachment":[{"href":"https:\/\/herboristeriamerce.com\/es\/wp-json\/wp\/v2\/media?parent=806"}],"wp:term":[{"taxonomy":"product_brand","embeddable":true,"href":"https:\/\/herboristeriamerce.com\/es\/wp-json\/wp\/v2\/product_brand?post=806"},{"taxonomy":"product_cat","embeddable":true,"href":"https:\/\/herboristeriamerce.com\/es\/wp-json\/wp\/v2\/product_cat?post=806"},{"taxonomy":"product_tag","embeddable":true,"href":"https:\/\/herboristeriamerce.com\/es\/wp-json\/wp\/v2\/product_tag?post=806"}],"curies":[{"name":"wp","href":"https:\/\/api.w.org\/{rel}","templated":true}]}}