{"id":804,"date":"2025-04-25T17:34:12","date_gmt":"2025-04-25T17:34:12","guid":{"rendered":"https:\/\/www.herboristeriamerce.com\/?post_type=product&#038;p=804"},"modified":"2025-08-01T10:25:47","modified_gmt":"2025-08-01T10:25:47","slug":"menopausia-activa-benestar-menopausa","status":"publish","type":"product","link":"https:\/\/herboristeriamerce.com\/es\/herboristeria-online\/dona\/memopausia\/menopausia-activa-benestar-menopausa\/","title":{"rendered":"Benestar Menopausia"},"content":{"rendered":"<h3 data-start=\"233\" data-end=\"313\">\ud83c\udf38 Activa Benestar Menopausa \u2013 Alleujament natural per a aquesta etapa vital<\/h3>\n<p data-start=\"315\" data-end=\"717\"><strong data-start=\"315\" data-end=\"344\">Activa Benestar Menopausa<\/strong> \u00e9s un complement alimentari formulat amb actius 100% naturals, lliure de colorants i transg\u00e8nics. Est\u00e0 especialment dissenyat per alleujar els s\u00edmptomes m\u00e9s habituals de la menopausa i ajudar-te a afrontar aquesta etapa amb m\u00e9s serenitat i equilibri. A m\u00e9s, la seva f\u00f3rmula sin\u00e8rgica afavoreix una millor assimilaci\u00f3 dels nutrients, fet que en potencia l\u2019efic\u00e0cia.<\/p>\n<hr data-start=\"719\" data-end=\"722\" \/>\n<h3 data-start=\"724\" data-end=\"758\">\ud83c\udf3f Composici\u00f3 i beneficis clau<\/h3>\n<p data-start=\"760\" data-end=\"891\">Per comen\u00e7ar, cal destacar la combinaci\u00f3 acurada d\u2019ingredients naturals que treballen en sinergia per oferir-te un benestar global:<\/p>\n<h4 data-start=\"893\" data-end=\"915\">Nyame silvestre<\/h4>\n<p data-start=\"916\" data-end=\"1084\">En primer lloc, aquest actiu contribueix a portar una menopausa m\u00e9s tranquil\u00b7la, reduint mol\u00e8sties com les sufocacions, la sudoraci\u00f3, l\u2019agitaci\u00f3 o la irritabilitat.<\/p>\n<h4 data-start=\"1086\" data-end=\"1108\">S\u00e0lvia i Ll\u00fapol<\/h4>\n<p data-start=\"1109\" data-end=\"1273\">D\u2019altra banda, la s\u00e0lvia i el ll\u00fapol ajuden a alleujar els s\u00edmptomes t\u00edpics de la menopausa. A m\u00e9s, el ll\u00fapol promou la relaxaci\u00f3 i l\u2019estabilitat emocional.<\/p>\n<h4 data-start=\"1275\" data-end=\"1289\">Acerola<\/h4>\n<p data-start=\"1290\" data-end=\"1405\">Com que \u00e9s una gran font d\u2019antioxidants, l\u2019acerola protegeix les c\u00e8l\u00b7lules i dona suport al sistema immunitari.<\/p>\n<h4 data-start=\"1407\" data-end=\"1422\">Tribulus<\/h4>\n<p data-start=\"1423\" data-end=\"1526\">A m\u00e9s, aquest actiu estimula de manera natural el desig sexual, millorant aix\u00ed la qualitat de vida.<\/p>\n<h4 data-start=\"1528\" data-end=\"1542\">Damiana<\/h4>\n<p data-start=\"1543\" data-end=\"1620\">Tamb\u00e9 contribueix al<strong data-start=\"1564\" data-end=\"1583\"> c<\/strong>ontrol del pes, reduint la gana de manera efectiva.<\/p>\n<h4 data-start=\"1622\" data-end=\"1633\">Maca<\/h4>\n<p data-start=\"1634\" data-end=\"1727\">Finalment, la maca refor\u00e7a la salut \u00f2ssia, que es pot veure afectada durant la menopausa.<\/p>\n<hr data-start=\"1729\" data-end=\"1732\" \/>\n<h3 data-start=\"1734\" data-end=\"1760\">\ud83d\udc8a Mode d\u2019\u00fas recomanat<\/h3>\n<ul data-start=\"1762\" data-end=\"1902\">\n<li data-start=\"1762\" data-end=\"1829\">\n<p data-start=\"1764\" data-end=\"1829\">Pren <strong data-start=\"1769\" data-end=\"1789\">1 c\u00e0psula al dia<\/strong> entre \u00e0pats, amb un gran got d\u2019aigua.<\/p>\n<\/li>\n<li data-start=\"1830\" data-end=\"1902\">\n<p data-start=\"1832\" data-end=\"1902\">Si ho prefereixes, pots obrir la c\u00e0psula i consumir-ne el contingut.<\/p>\n<\/li>\n<\/ul>\n<p data-start=\"1904\" data-end=\"1972\"><strong data-start=\"1904\" data-end=\"1920\">Presentaci\u00f3:<\/strong> Bl\u00edster de 30 c\u00e0psules, per a un mes de tractament.<\/p>\n<hr data-start=\"1974\" data-end=\"1977\" \/>\n<h3 data-start=\"1979\" data-end=\"2029\">\ud83c\udf31 Per qu\u00e8 escollir Activa Benestar Menopausa?<\/h3>\n<p data-start=\"2031\" data-end=\"2290\">Per totes aquestes raons, Activa Benestar Menopausa \u00e9s una soluci\u00f3 natural i efica\u00e7 per cuidar-te f\u00edsicament i emocionalment durant la menopausa. Aix\u00ed doncs, si busques un suport integral i respectu\u00f3s amb el teu organisme, aquesta f\u00f3rmula \u00e9s per a tu.<\/p>\n<p>&nbsp;<\/p>\n<table cellspacing=\"0\" cellpadding=\"0\">\n<tbody>\n<tr>\n<td><img decoding=\"async\" src=\"https:\/\/fr.activastore.com\/img\/cms\/Pictos%20fiche%20produit\/gelule-vegetale.png\" alt=\"\" width=\"100\" height=\"100\" \/><\/td>\n<td><img decoding=\"async\" src=\"https:\/\/es.activastore.com\/img\/cms\/Pictos%20fiche%20produit\/icon_extraits.png\" alt=\"icon_extraits.png\" width=\"100\" height=\"100\" \/><\/td>\n<\/tr>\n<tr>\n<td>C\u00e0psula 100% vegetal<\/td>\n<td>100% Extractes secs titulats<\/td>\n<\/tr>\n<\/tbody>\n<\/table>","protected":false},"excerpt":{"rendered":"<p>Per recuperar el benestar i la comoditat de l&#8217;expressi\u00f3 femenina durant la menopausia.<\/p>\n<p>Actius: Nyame Silvestre, Acerola, Gelea Reial, Ll\u00fapol, Maca Damiana, Tribulus, Achillea, Salvia.<\/p>\n<p>&nbsp;<\/p>","protected":false},"featured_media":805,"comment_status":"open","ping_status":"closed","template":"","meta":{"site-sidebar-layout":"default","site-content-layout":"","ast-site-content-layout":"default","site-content-style":"default","site-sidebar-style":"default","ast-global-header-display":"","ast-banner-title-visibility":"","ast-main-header-display":"","ast-hfb-above-header-display":"","ast-hfb-below-header-display":"","ast-hfb-mobile-header-display":"","site-post-title":"","ast-breadcrumbs-content":"","ast-featured-img":"","footer-sml-layout":"","ast-disable-related-posts":"","theme-transparent-header-meta":"default","adv-header-id-meta":"","stick-header-meta":"","header-above-stick-meta":"","header-main-stick-meta":"","header-below-stick-meta":"","astra-migrate-meta-layouts":"set","ast-page-background-enabled":"default","ast-page-background-meta":{"desktop":{"background-color":"var(--ast-global-color-4)","background-image":"","background-repeat":"repeat","background-position":"center center","background-size":"auto","background-attachment":"scroll","background-type":"","background-media":"","overlay-type":"","overlay-color":"","overlay-opacity":"","overlay-gradient":""},"tablet":{"background-color":"","background-image":"","background-repeat":"repeat","background-position":"center center","background-size":"auto","background-attachment":"scroll","background-type":"","background-media":"","overlay-type":"","overlay-color":"","overlay-opacity":"","overlay-gradient":""},"mobile":{"background-color":"","background-image":"","background-repeat":"repeat","background-position":"center center","background-size":"auto","background-attachment":"scroll","background-type":"","background-media":"","overlay-type":"","overlay-color":"","overlay-opacity":"","overlay-gradient":""}},"ast-content-background-meta":{"desktop":{"background-color":"var(--ast-global-color-5)","background-image":"","background-repeat":"repeat","background-position":"center center","background-size":"auto","background-attachment":"scroll","background-type":"","background-media":"","overlay-type":"","overlay-color":"","overlay-opacity":"","overlay-gradient":""},"tablet":{"background-color":"var(--ast-global-color-5)","background-image":"","background-repeat":"repeat","background-position":"center center","background-size":"auto","background-attachment":"scroll","background-type":"","background-media":"","overlay-type":"","overlay-color":"","overlay-opacity":"","overlay-gradient":""},"mobile":{"background-color":"var(--ast-global-color-5)","background-image":"","background-repeat":"repeat","background-position":"center center","background-size":"auto","background-attachment":"scroll","background-type":"","background-media":"","overlay-type":"","overlay-color":"","overlay-opacity":"","overlay-gradient":""}}},"product_brand":[19],"product_cat":[24,130],"product_tag":[173],"class_list":{"0":"post-804","1":"product","2":"type-product","3":"status-publish","4":"has-post-thumbnail","6":"product_brand-activa","7":"product_cat-dona","8":"product_cat-memopausia","9":"product_tag-capsula-100vegetal","10":"desktop-align-left","11":"tablet-align-left","12":"mobile-align-left","14":"first","15":"instock","16":"taxable","17":"shipping-taxable","18":"purchasable","19":"product-type-simple"},"yoast_head":"<!-- This site is optimized with the Yoast SEO plugin v27.5 - https:\/\/yoast.com\/product\/yoast-seo-wordpress\/ -->\n<title>Benestar Menopausia - Herbolari Merc\u00e8<\/title>\n<meta name=\"description\" content=\"Activa Benestar Menopausa t\u2019ajuda a reduir sufocacions, irritabilitat i fatiga amb actius 100% naturals. Suport emocional i f\u00edsic durant la menopausa.\" \/>\n<meta name=\"robots\" content=\"index, follow, max-snippet:-1, max-image-preview:large, max-video-preview:-1\" \/>\n<link rel=\"canonical\" href=\"https:\/\/herboristeriamerce.com\/es\/herboristeria-online\/dona\/memopausia\/menopausia-activa-benestar-menopausa\/\" \/>\n<meta property=\"og:locale\" content=\"es_ES\" \/>\n<meta property=\"og:type\" content=\"article\" \/>\n<meta property=\"og:title\" content=\"Benestar Menopausia - Herbolari Merc\u00e8\" \/>\n<meta property=\"og:description\" content=\"Activa Benestar Menopausa t\u2019ajuda a reduir sufocacions, irritabilitat i fatiga amb actius 100% naturals. Suport emocional i f\u00edsic durant la menopausa.\" \/>\n<meta property=\"og:url\" content=\"https:\/\/herboristeriamerce.com\/es\/herboristeria-online\/dona\/memopausia\/menopausia-activa-benestar-menopausa\/\" \/>\n<meta property=\"og:site_name\" content=\"Herbolari Merc\u00e8\" \/>\n<meta property=\"article:modified_time\" content=\"2025-08-01T10:25:47+00:00\" \/>\n<meta property=\"og:image\" content=\"https:\/\/herboristeriamerce.com\/wp-content\/uploads\/2025\/04\/BE-3DPACKS-ES-SF-400x379-1.png\" \/>\n\t<meta property=\"og:image:width\" content=\"400\" \/>\n\t<meta property=\"og:image:height\" content=\"379\" \/>\n\t<meta property=\"og:image:type\" content=\"image\/png\" \/>\n<meta name=\"twitter:card\" content=\"summary_large_image\" \/>\n<meta name=\"twitter:label1\" content=\"Tiempo de lectura\" \/>\n\t<meta name=\"twitter:data1\" content=\"3 minutos\" \/>\n<script type=\"application\/ld+json\" class=\"yoast-schema-graph\">{\"@context\":\"https:\\\/\\\/schema.org\",\"@graph\":[{\"@type\":\"WebPage\",\"@id\":\"https:\\\/\\\/herboristeriamerce.com\\\/herboristeria-online\\\/dona\\\/memopausia\\\/menopausia-activa-benestar-menopausa\\\/\",\"url\":\"https:\\\/\\\/herboristeriamerce.com\\\/herboristeria-online\\\/dona\\\/memopausia\\\/menopausia-activa-benestar-menopausa\\\/\",\"name\":\"Benestar Menopausia - Herbolari Merc\u00e8\",\"isPartOf\":{\"@id\":\"https:\\\/\\\/herboristeriamerce.com\\\/#website\"},\"primaryImageOfPage\":{\"@id\":\"https:\\\/\\\/herboristeriamerce.com\\\/herboristeria-online\\\/dona\\\/memopausia\\\/menopausia-activa-benestar-menopausa\\\/#primaryimage\"},\"image\":{\"@id\":\"https:\\\/\\\/herboristeriamerce.com\\\/herboristeria-online\\\/dona\\\/memopausia\\\/menopausia-activa-benestar-menopausa\\\/#primaryimage\"},\"thumbnailUrl\":\"https:\\\/\\\/herboristeriamerce.com\\\/wp-content\\\/uploads\\\/2025\\\/04\\\/BE-3DPACKS-ES-SF-400x379-1.png\",\"datePublished\":\"2025-04-25T17:34:12+00:00\",\"dateModified\":\"2025-08-01T10:25:47+00:00\",\"description\":\"Activa Benestar Menopausa t\u2019ajuda a reduir sufocacions, irritabilitat i fatiga amb actius 100% naturals. Suport emocional i f\u00edsic durant la menopausa.\",\"breadcrumb\":{\"@id\":\"https:\\\/\\\/herboristeriamerce.com\\\/herboristeria-online\\\/dona\\\/memopausia\\\/menopausia-activa-benestar-menopausa\\\/#breadcrumb\"},\"inLanguage\":\"es\",\"potentialAction\":[{\"@type\":\"ReadAction\",\"target\":[\"https:\\\/\\\/herboristeriamerce.com\\\/herboristeria-online\\\/dona\\\/memopausia\\\/menopausia-activa-benestar-menopausa\\\/\"]}]},{\"@type\":\"ImageObject\",\"inLanguage\":\"es\",\"@id\":\"https:\\\/\\\/herboristeriamerce.com\\\/herboristeria-online\\\/dona\\\/memopausia\\\/menopausia-activa-benestar-menopausa\\\/#primaryimage\",\"url\":\"https:\\\/\\\/herboristeriamerce.com\\\/wp-content\\\/uploads\\\/2025\\\/04\\\/BE-3DPACKS-ES-SF-400x379-1.png\",\"contentUrl\":\"https:\\\/\\\/herboristeriamerce.com\\\/wp-content\\\/uploads\\\/2025\\\/04\\\/BE-3DPACKS-ES-SF-400x379-1.png\",\"width\":400,\"height\":379},{\"@type\":\"BreadcrumbList\",\"@id\":\"https:\\\/\\\/herboristeriamerce.com\\\/herboristeria-online\\\/dona\\\/memopausia\\\/menopausia-activa-benestar-menopausa\\\/#breadcrumb\",\"itemListElement\":[{\"@type\":\"ListItem\",\"position\":1,\"name\":\"Inici\",\"item\":\"https:\\\/\\\/herboristeriamerce.com\\\/\"},{\"@type\":\"ListItem\",\"position\":2,\"name\":\"Herboristeria online\",\"item\":\"https:\\\/\\\/herboristeriamerce.com\\\/herboristeria-online\\\/\"},{\"@type\":\"ListItem\",\"position\":3,\"name\":\"Benestar Menopausia\"}]},{\"@type\":\"WebSite\",\"@id\":\"https:\\\/\\\/herboristeriamerce.com\\\/#website\",\"url\":\"https:\\\/\\\/herboristeriamerce.com\\\/\",\"name\":\"Herbolari Merc\u00e8\",\"description\":\"Herbolari a Terrassa\",\"publisher\":{\"@id\":\"https:\\\/\\\/herboristeriamerce.com\\\/#organization\"},\"potentialAction\":[{\"@type\":\"SearchAction\",\"target\":{\"@type\":\"EntryPoint\",\"urlTemplate\":\"https:\\\/\\\/herboristeriamerce.com\\\/?s={search_term_string}\"},\"query-input\":{\"@type\":\"PropertyValueSpecification\",\"valueRequired\":true,\"valueName\":\"search_term_string\"}}],\"inLanguage\":\"es\"},{\"@type\":\"Organization\",\"@id\":\"https:\\\/\\\/herboristeriamerce.com\\\/#organization\",\"name\":\"Herbolari Merc\u00e8\",\"url\":\"https:\\\/\\\/herboristeriamerce.com\\\/\",\"logo\":{\"@type\":\"ImageObject\",\"inLanguage\":\"es\",\"@id\":\"https:\\\/\\\/herboristeriamerce.com\\\/#\\\/schema\\\/logo\\\/image\\\/\",\"url\":\"https:\\\/\\\/herboristeriamerce.com\\\/wp-content\\\/uploads\\\/2025\\\/04\\\/cropped-logo-herboristeria-330x168-229w.webp\",\"contentUrl\":\"https:\\\/\\\/herboristeriamerce.com\\\/wp-content\\\/uploads\\\/2025\\\/04\\\/cropped-logo-herboristeria-330x168-229w.webp\",\"width\":230,\"height\":117,\"caption\":\"Herbolari Merc\u00e8\"},\"image\":{\"@id\":\"https:\\\/\\\/herboristeriamerce.com\\\/#\\\/schema\\\/logo\\\/image\\\/\"}}]}<\/script>\n<!-- \/ Yoast SEO plugin. -->","yoast_head_json":{"title":"Benestar Menopausia - Herbolari Merc\u00e8","description":"Activa Benestar Menopausa t\u2019ajuda a reduir sufocacions, irritabilitat i fatiga amb actius 100% naturals. Suport emocional i f\u00edsic durant la menopausa.","robots":{"index":"index","follow":"follow","max-snippet":"max-snippet:-1","max-image-preview":"max-image-preview:large","max-video-preview":"max-video-preview:-1"},"canonical":"https:\/\/herboristeriamerce.com\/es\/herboristeria-online\/dona\/memopausia\/menopausia-activa-benestar-menopausa\/","og_locale":"es_ES","og_type":"article","og_title":"Benestar Menopausia - Herbolari Merc\u00e8","og_description":"Activa Benestar Menopausa t\u2019ajuda a reduir sufocacions, irritabilitat i fatiga amb actius 100% naturals. Suport emocional i f\u00edsic durant la menopausa.","og_url":"https:\/\/herboristeriamerce.com\/es\/herboristeria-online\/dona\/memopausia\/menopausia-activa-benestar-menopausa\/","og_site_name":"Herbolari Merc\u00e8","article_modified_time":"2025-08-01T10:25:47+00:00","og_image":[{"width":400,"height":379,"url":"https:\/\/herboristeriamerce.com\/wp-content\/uploads\/2025\/04\/BE-3DPACKS-ES-SF-400x379-1.png","type":"image\/png"}],"twitter_card":"summary_large_image","twitter_misc":{"Tiempo de lectura":"3 minutos"},"schema":{"@context":"https:\/\/schema.org","@graph":[{"@type":"WebPage","@id":"https:\/\/herboristeriamerce.com\/herboristeria-online\/dona\/memopausia\/menopausia-activa-benestar-menopausa\/","url":"https:\/\/herboristeriamerce.com\/herboristeria-online\/dona\/memopausia\/menopausia-activa-benestar-menopausa\/","name":"Benestar Menopausia - Herbolari Merc\u00e8","isPartOf":{"@id":"https:\/\/herboristeriamerce.com\/#website"},"primaryImageOfPage":{"@id":"https:\/\/herboristeriamerce.com\/herboristeria-online\/dona\/memopausia\/menopausia-activa-benestar-menopausa\/#primaryimage"},"image":{"@id":"https:\/\/herboristeriamerce.com\/herboristeria-online\/dona\/memopausia\/menopausia-activa-benestar-menopausa\/#primaryimage"},"thumbnailUrl":"https:\/\/herboristeriamerce.com\/wp-content\/uploads\/2025\/04\/BE-3DPACKS-ES-SF-400x379-1.png","datePublished":"2025-04-25T17:34:12+00:00","dateModified":"2025-08-01T10:25:47+00:00","description":"Activa Benestar Menopausa t\u2019ajuda a reduir sufocacions, irritabilitat i fatiga amb actius 100% naturals. Suport emocional i f\u00edsic durant la menopausa.","breadcrumb":{"@id":"https:\/\/herboristeriamerce.com\/herboristeria-online\/dona\/memopausia\/menopausia-activa-benestar-menopausa\/#breadcrumb"},"inLanguage":"es","potentialAction":[{"@type":"ReadAction","target":["https:\/\/herboristeriamerce.com\/herboristeria-online\/dona\/memopausia\/menopausia-activa-benestar-menopausa\/"]}]},{"@type":"ImageObject","inLanguage":"es","@id":"https:\/\/herboristeriamerce.com\/herboristeria-online\/dona\/memopausia\/menopausia-activa-benestar-menopausa\/#primaryimage","url":"https:\/\/herboristeriamerce.com\/wp-content\/uploads\/2025\/04\/BE-3DPACKS-ES-SF-400x379-1.png","contentUrl":"https:\/\/herboristeriamerce.com\/wp-content\/uploads\/2025\/04\/BE-3DPACKS-ES-SF-400x379-1.png","width":400,"height":379},{"@type":"BreadcrumbList","@id":"https:\/\/herboristeriamerce.com\/herboristeria-online\/dona\/memopausia\/menopausia-activa-benestar-menopausa\/#breadcrumb","itemListElement":[{"@type":"ListItem","position":1,"name":"Inici","item":"https:\/\/herboristeriamerce.com\/"},{"@type":"ListItem","position":2,"name":"Herboristeria online","item":"https:\/\/herboristeriamerce.com\/herboristeria-online\/"},{"@type":"ListItem","position":3,"name":"Benestar Menopausia"}]},{"@type":"WebSite","@id":"https:\/\/herboristeriamerce.com\/#website","url":"https:\/\/herboristeriamerce.com\/","name":"Herbolari Merc\u00e8","description":"Herbolari a Terrassa","publisher":{"@id":"https:\/\/herboristeriamerce.com\/#organization"},"potentialAction":[{"@type":"SearchAction","target":{"@type":"EntryPoint","urlTemplate":"https:\/\/herboristeriamerce.com\/?s={search_term_string}"},"query-input":{"@type":"PropertyValueSpecification","valueRequired":true,"valueName":"search_term_string"}}],"inLanguage":"es"},{"@type":"Organization","@id":"https:\/\/herboristeriamerce.com\/#organization","name":"Herbolari Merc\u00e8","url":"https:\/\/herboristeriamerce.com\/","logo":{"@type":"ImageObject","inLanguage":"es","@id":"https:\/\/herboristeriamerce.com\/#\/schema\/logo\/image\/","url":"https:\/\/herboristeriamerce.com\/wp-content\/uploads\/2025\/04\/cropped-logo-herboristeria-330x168-229w.webp","contentUrl":"https:\/\/herboristeriamerce.com\/wp-content\/uploads\/2025\/04\/cropped-logo-herboristeria-330x168-229w.webp","width":230,"height":117,"caption":"Herbolari Merc\u00e8"},"image":{"@id":"https:\/\/herboristeriamerce.com\/#\/schema\/logo\/image\/"}}]}},"_links":{"self":[{"href":"https:\/\/herboristeriamerce.com\/es\/wp-json\/wp\/v2\/product\/804","targetHints":{"allow":["GET"]}}],"collection":[{"href":"https:\/\/herboristeriamerce.com\/es\/wp-json\/wp\/v2\/product"}],"about":[{"href":"https:\/\/herboristeriamerce.com\/es\/wp-json\/wp\/v2\/types\/product"}],"replies":[{"embeddable":true,"href":"https:\/\/herboristeriamerce.com\/es\/wp-json\/wp\/v2\/comments?post=804"}],"wp:featuredmedia":[{"embeddable":true,"href":"https:\/\/herboristeriamerce.com\/es\/wp-json\/wp\/v2\/media\/805"}],"wp:attachment":[{"href":"https:\/\/herboristeriamerce.com\/es\/wp-json\/wp\/v2\/media?parent=804"}],"wp:term":[{"taxonomy":"product_brand","embeddable":true,"href":"https:\/\/herboristeriamerce.com\/es\/wp-json\/wp\/v2\/product_brand?post=804"},{"taxonomy":"product_cat","embeddable":true,"href":"https:\/\/herboristeriamerce.com\/es\/wp-json\/wp\/v2\/product_cat?post=804"},{"taxonomy":"product_tag","embeddable":true,"href":"https:\/\/herboristeriamerce.com\/es\/wp-json\/wp\/v2\/product_tag?post=804"}],"curies":[{"name":"wp","href":"https:\/\/api.w.org\/{rel}","templated":true}]}}