{"id":2826,"date":"2026-04-29T09:55:48","date_gmt":"2026-04-29T09:55:48","guid":{"rendered":"https:\/\/herboristeriamerce.com\/?post_type=product&#038;p=2826"},"modified":"2026-04-29T09:55:48","modified_gmt":"2026-04-29T09:55:48","slug":"oli-esencial-lavanda-bio","status":"publish","type":"product","link":"https:\/\/herboristeriamerce.com\/es\/herboristeria-online\/llar\/ambientador\/oli-esencial-lavanda-bio\/","title":{"rendered":"Oli Esencial Lavanda Bio"},"content":{"rendered":"<h3 data-path-to-node=\"5\"><b data-path-to-node=\"5\" data-index-in-node=\"0\">L&#8217;ess\u00e8ncia de la Lavanda Bio al teu abast<\/b><\/h3>\n<p data-path-to-node=\"6\">L&#8217;oli essencial de lavanda \u00e9s, probablement, el m\u00e9s polivalent de l&#8217;aromater\u00e0pia. Aquest producte es presenta en dos formats pr\u00e0ctics: un frasc de 10 ml amb comptagotes per a \u00fas personal. Obtingut directament de les flors de la planta, aquest oli mant\u00e9 totes les propietats intactes gr\u00e0cies a un proc\u00e9s d&#8217;extracci\u00f3 rigor\u00f3s.<\/p>\n<p data-path-to-node=\"7\">En primer lloc, la qualitat d&#8217;aquest oli es defineix per la seva <b data-path-to-node=\"7\" data-index-in-node=\"65\">e<\/b>specificitat bioqu\u00edmica o quimiotip. En aquest cas, la pres\u00e8ncia garantida d&#8217;<b data-path-to-node=\"7\" data-index-in-node=\"143\">acetat de linalil i linalool<\/b> assegura que est\u00e0s utilitzant un producte amb una efic\u00e0cia constant i segura. A m\u00e9s a m\u00e9s, en tractar-se d&#8217;un producte <b data-path-to-node=\"7\" data-index-in-node=\"291\">BIO i 100% natural<\/b>, tens la certesa que no cont\u00e9 additius sint\u00e8tics ni residus qu\u00edmics, respectant tant la teva salut com el medi ambient.<\/p>\n<p data-path-to-node=\"8\">D&#8217;altra banda, la lavanda \u00e9s altament valorada per la seva capacitat per promoure la relaxaci\u00f3. Com a complement alimentici, pot ser un gran suport en situacions d&#8217;estr\u00e8s o dificultat per agafar el son. En conseq\u00fc\u00e8ncia, l&#8217;<b data-path-to-node=\"8\" data-index-in-node=\"222\">oli de Lavanda Bio <\/b>equilibra el benestar general, ajudant a calmar la ment i a relaxar el cos despr\u00e9s d&#8217;una jornada esgotadora.<\/p>\n<p data-path-to-node=\"9\">Aix\u00ed mateix, la seva versatilitat permet utilitzar-lo de diverses maneres, sempre seguint les indicacions d&#8217;\u00fas com a complement. La seva aroma neta i floral no nom\u00e9s actua a nivell f\u00edsic, sin\u00f3 que tamb\u00e9 transforma l&#8217;ambient, creant una atmosfera de pau i serenor a qualsevol llar. Per a m\u00e9s informaci\u00f3 sobre la seva proced\u00e8ncia i certificacions, pots consultar l&#8217;enlla\u00e7 oficial a <a class=\"ng-star-inserted\" href=\"https:\/\/www.google.com\/search?q=https:\/\/intersalabs.com\/es\/productos\/aceite-esencial-lavanda-bio\/\" target=\"_blank\" rel=\"noopener\" data-hveid=\"0\" data-ved=\"0CAAQ_4QMahcKEwiqh7Xh2JKUAxUAAAAAHQAAAAAQVw\">Intersalabs<\/a>.<\/p>\n<p data-path-to-node=\"10\">Finalment, \u00e9s important recordar que la qualitat professional d&#8217;aquest oli el fa apte per als usuaris m\u00e9s exigents que busquen puresa bot\u00e0nica i qu\u00edmica. Sigui quina sigui la teva necessitat, la lavanda \u00e9s l&#8217;aliada perfecta per recuperar l&#8217;harmonia interior de manera totalment org\u00e0nica.<\/p>\n<h3 data-path-to-node=\"12\"><b data-path-to-node=\"12\" data-index-in-node=\"0\">Caracter\u00edstiques destacades<\/b><\/h3>\n<ul data-path-to-node=\"13\">\n<li>\n<p data-path-to-node=\"13,0,0\"><b data-path-to-node=\"13,0,0\" data-index-in-node=\"0\">100% Natural i Bio:<\/b> Sense pesticides ni components artificials.<\/p>\n<\/li>\n<li>\n<p data-path-to-node=\"13,1,0\"><b data-path-to-node=\"13,1,0\" data-index-in-node=\"0\">Quimiotip garantit:<\/b> Rics en acetat de linalil i linalool per a la m\u00e0xima efic\u00e0cia.<\/p>\n<\/li>\n<li>\n<p data-path-to-node=\"13,2,0\"><b data-path-to-node=\"13,2,0\" data-index-in-node=\"0\">Doble format:<\/b> Disponible en 10 ml i 100 ml per a \u00fas dom\u00e8stic o professional.<\/p>\n<\/li>\n<li>\n<p data-path-to-node=\"13,3,0\"><b data-path-to-node=\"13,3,0\" data-index-in-node=\"0\">Multifuncional:<\/b> Ideal per a la relaxaci\u00f3, el descans i el benestar emocional.<\/p>\n<\/li>\n<\/ul>","protected":false},"excerpt":{"rendered":"<h2 data-path-to-node=\"2\"><b data-path-to-node=\"2\" data-index-in-node=\"0\">Puresa i benestar en cada gota<\/b><\/h2>\n<p data-path-to-node=\"3\">L&#8217;<b data-path-to-node=\"3\" data-index-in-node=\"2\">Oli essencial de LAVANDA BIO<\/b> \u00e9s un element indispensable en qualsevol farmaciola natural. Conegut per les seves propietats calmants i equilibrants, aquest oli de <i data-path-to-node=\"3\" data-index-in-node=\"164\">Lavandula officinalis<\/i> t&#8217;ofereix una soluci\u00f3 100% natural per al benestar diari.<\/p>","protected":false},"featured_media":2828,"comment_status":"open","ping_status":"closed","template":"","meta":{"site-sidebar-layout":"default","site-content-layout":"","ast-site-content-layout":"default","site-content-style":"default","site-sidebar-style":"default","ast-global-header-display":"","ast-banner-title-visibility":"","ast-main-header-display":"","ast-hfb-above-header-display":"","ast-hfb-below-header-display":"","ast-hfb-mobile-header-display":"","site-post-title":"","ast-breadcrumbs-content":"","ast-featured-img":"","footer-sml-layout":"","ast-disable-related-posts":"","theme-transparent-header-meta":"default","adv-header-id-meta":"","stick-header-meta":"","header-above-stick-meta":"","header-main-stick-meta":"","header-below-stick-meta":"","astra-migrate-meta-layouts":"set","ast-page-background-enabled":"default","ast-page-background-meta":{"desktop":{"background-color":"var(--ast-global-color-4)","background-image":"","background-repeat":"repeat","background-position":"center center","background-size":"auto","background-attachment":"scroll","background-type":"","background-media":"","overlay-type":"","overlay-color":"","overlay-opacity":"","overlay-gradient":""},"tablet":{"background-color":"","background-image":"","background-repeat":"repeat","background-position":"center center","background-size":"auto","background-attachment":"scroll","background-type":"","background-media":"","overlay-type":"","overlay-color":"","overlay-opacity":"","overlay-gradient":""},"mobile":{"background-color":"","background-image":"","background-repeat":"repeat","background-position":"center center","background-size":"auto","background-attachment":"scroll","background-type":"","background-media":"","overlay-type":"","overlay-color":"","overlay-opacity":"","overlay-gradient":""}},"ast-content-background-meta":{"desktop":{"background-color":"var(--ast-global-color-5)","background-image":"","background-repeat":"repeat","background-position":"center center","background-size":"auto","background-attachment":"scroll","background-type":"","background-media":"","overlay-type":"","overlay-color":"","overlay-opacity":"","overlay-gradient":""},"tablet":{"background-color":"var(--ast-global-color-5)","background-image":"","background-repeat":"repeat","background-position":"center center","background-size":"auto","background-attachment":"scroll","background-type":"","background-media":"","overlay-type":"","overlay-color":"","overlay-opacity":"","overlay-gradient":""},"mobile":{"background-color":"var(--ast-global-color-5)","background-image":"","background-repeat":"repeat","background-position":"center center","background-size":"auto","background-attachment":"scroll","background-type":"","background-media":"","overlay-type":"","overlay-color":"","overlay-opacity":"","overlay-gradient":""}}},"product_brand":[50],"product_cat":[110,49,103],"product_tag":[166,164],"class_list":{"0":"post-2826","1":"product","2":"type-product","3":"status-publish","4":"has-post-thumbnail","6":"product_brand-esentialaroms","7":"product_cat-ambientador","8":"product_cat-aromaterapia","9":"product_cat-relax","10":"product_tag-sense-gluten","11":"product_tag-vegan","12":"desktop-align-left","13":"tablet-align-left","14":"mobile-align-left","16":"first","17":"instock","18":"taxable","19":"shipping-taxable","20":"purchasable","21":"product-type-simple"},"yoast_head":"<!-- This site is optimized with the Yoast SEO plugin v27.5 - https:\/\/yoast.com\/product\/yoast-seo-wordpress\/ -->\n<title>Oli Esencial Lavanda Bio - Herbolari Merc\u00e8 L&#039;oli de Lavanda Bio equilibra el benestar<\/title>\n<meta name=\"description\" content=\"Compra l&#039;oli essencial de Lavanda Bio 100% natural. Quimiotipat i pur, l&#039;oli de Lavanda Bio equilibra el benestar i la relaxaci\u00f3 di\u00e0ria.\" \/>\n<meta name=\"robots\" content=\"index, follow, max-snippet:-1, max-image-preview:large, max-video-preview:-1\" \/>\n<link rel=\"canonical\" href=\"https:\/\/herboristeriamerce.com\/es\/herboristeria-online\/llar\/ambientador\/oli-esencial-lavanda-bio\/\" \/>\n<meta property=\"og:locale\" content=\"es_ES\" \/>\n<meta property=\"og:type\" content=\"article\" \/>\n<meta property=\"og:title\" content=\"Oli Esencial Lavanda Bio - Herbolari Merc\u00e8 L&#039;oli de Lavanda Bio equilibra el benestar\" \/>\n<meta property=\"og:description\" content=\"Compra l&#039;oli essencial de Lavanda Bio 100% natural. Quimiotipat i pur, l&#039;oli de Lavanda Bio equilibra el benestar i la relaxaci\u00f3 di\u00e0ria.\" \/>\n<meta property=\"og:url\" content=\"https:\/\/herboristeriamerce.com\/es\/herboristeria-online\/llar\/ambientador\/oli-esencial-lavanda-bio\/\" \/>\n<meta property=\"og:site_name\" content=\"Herbolari Merc\u00e8\" \/>\n<meta property=\"og:image\" content=\"https:\/\/herboristeriamerce.com\/wp-content\/uploads\/2026\/04\/50369-01-inersalabs-esentialaroms-aceite-esencial-lavanda_6_1_0_0.jpg\" \/>\n\t<meta property=\"og:image:width\" content=\"500\" \/>\n\t<meta property=\"og:image:height\" content=\"700\" \/>\n\t<meta property=\"og:image:type\" content=\"image\/jpeg\" \/>\n<meta name=\"twitter:card\" content=\"summary_large_image\" \/>\n<meta name=\"twitter:label1\" content=\"Tiempo de lectura\" \/>\n\t<meta name=\"twitter:data1\" content=\"3 minutos\" \/>\n<script type=\"application\/ld+json\" class=\"yoast-schema-graph\">{\"@context\":\"https:\\\/\\\/schema.org\",\"@graph\":[{\"@type\":\"WebPage\",\"@id\":\"https:\\\/\\\/herboristeriamerce.com\\\/herboristeria-online\\\/llar\\\/ambientador\\\/oli-esencial-lavanda-bio\\\/\",\"url\":\"https:\\\/\\\/herboristeriamerce.com\\\/herboristeria-online\\\/llar\\\/ambientador\\\/oli-esencial-lavanda-bio\\\/\",\"name\":\"Oli Esencial Lavanda Bio - Herbolari Merc\u00e8 L'oli de Lavanda Bio equilibra el benestar\",\"isPartOf\":{\"@id\":\"https:\\\/\\\/herboristeriamerce.com\\\/#website\"},\"primaryImageOfPage\":{\"@id\":\"https:\\\/\\\/herboristeriamerce.com\\\/herboristeria-online\\\/llar\\\/ambientador\\\/oli-esencial-lavanda-bio\\\/#primaryimage\"},\"image\":{\"@id\":\"https:\\\/\\\/herboristeriamerce.com\\\/herboristeria-online\\\/llar\\\/ambientador\\\/oli-esencial-lavanda-bio\\\/#primaryimage\"},\"thumbnailUrl\":\"https:\\\/\\\/herboristeriamerce.com\\\/wp-content\\\/uploads\\\/2026\\\/04\\\/50369-01-inersalabs-esentialaroms-aceite-esencial-lavanda_6_1_0_0.jpg\",\"datePublished\":\"2026-04-29T09:55:48+00:00\",\"description\":\"Compra l'oli essencial de Lavanda Bio 100% natural. Quimiotipat i pur, l'oli de Lavanda Bio equilibra el benestar i la relaxaci\u00f3 di\u00e0ria.\",\"breadcrumb\":{\"@id\":\"https:\\\/\\\/herboristeriamerce.com\\\/herboristeria-online\\\/llar\\\/ambientador\\\/oli-esencial-lavanda-bio\\\/#breadcrumb\"},\"inLanguage\":\"es\",\"potentialAction\":[{\"@type\":\"ReadAction\",\"target\":[\"https:\\\/\\\/herboristeriamerce.com\\\/herboristeria-online\\\/llar\\\/ambientador\\\/oli-esencial-lavanda-bio\\\/\"]}]},{\"@type\":\"ImageObject\",\"inLanguage\":\"es\",\"@id\":\"https:\\\/\\\/herboristeriamerce.com\\\/herboristeria-online\\\/llar\\\/ambientador\\\/oli-esencial-lavanda-bio\\\/#primaryimage\",\"url\":\"https:\\\/\\\/herboristeriamerce.com\\\/wp-content\\\/uploads\\\/2026\\\/04\\\/50369-01-inersalabs-esentialaroms-aceite-esencial-lavanda_6_1_0_0.jpg\",\"contentUrl\":\"https:\\\/\\\/herboristeriamerce.com\\\/wp-content\\\/uploads\\\/2026\\\/04\\\/50369-01-inersalabs-esentialaroms-aceite-esencial-lavanda_6_1_0_0.jpg\",\"width\":500,\"height\":700},{\"@type\":\"BreadcrumbList\",\"@id\":\"https:\\\/\\\/herboristeriamerce.com\\\/herboristeria-online\\\/llar\\\/ambientador\\\/oli-esencial-lavanda-bio\\\/#breadcrumb\",\"itemListElement\":[{\"@type\":\"ListItem\",\"position\":1,\"name\":\"Inici\",\"item\":\"https:\\\/\\\/herboristeriamerce.com\\\/\"},{\"@type\":\"ListItem\",\"position\":2,\"name\":\"Herboristeria online\",\"item\":\"https:\\\/\\\/herboristeriamerce.com\\\/herboristeria-online\\\/\"},{\"@type\":\"ListItem\",\"position\":3,\"name\":\"Oli Esencial Lavanda Bio\"}]},{\"@type\":\"WebSite\",\"@id\":\"https:\\\/\\\/herboristeriamerce.com\\\/#website\",\"url\":\"https:\\\/\\\/herboristeriamerce.com\\\/\",\"name\":\"Herbolari Merc\u00e8\",\"description\":\"Herbolari a Terrassa\",\"publisher\":{\"@id\":\"https:\\\/\\\/herboristeriamerce.com\\\/#organization\"},\"potentialAction\":[{\"@type\":\"SearchAction\",\"target\":{\"@type\":\"EntryPoint\",\"urlTemplate\":\"https:\\\/\\\/herboristeriamerce.com\\\/?s={search_term_string}\"},\"query-input\":{\"@type\":\"PropertyValueSpecification\",\"valueRequired\":true,\"valueName\":\"search_term_string\"}}],\"inLanguage\":\"es\"},{\"@type\":\"Organization\",\"@id\":\"https:\\\/\\\/herboristeriamerce.com\\\/#organization\",\"name\":\"Herbolari Merc\u00e8\",\"url\":\"https:\\\/\\\/herboristeriamerce.com\\\/\",\"logo\":{\"@type\":\"ImageObject\",\"inLanguage\":\"es\",\"@id\":\"https:\\\/\\\/herboristeriamerce.com\\\/#\\\/schema\\\/logo\\\/image\\\/\",\"url\":\"https:\\\/\\\/herboristeriamerce.com\\\/wp-content\\\/uploads\\\/2025\\\/04\\\/cropped-logo-herboristeria-330x168-229w.webp\",\"contentUrl\":\"https:\\\/\\\/herboristeriamerce.com\\\/wp-content\\\/uploads\\\/2025\\\/04\\\/cropped-logo-herboristeria-330x168-229w.webp\",\"width\":230,\"height\":117,\"caption\":\"Herbolari Merc\u00e8\"},\"image\":{\"@id\":\"https:\\\/\\\/herboristeriamerce.com\\\/#\\\/schema\\\/logo\\\/image\\\/\"}}]}<\/script>\n<!-- \/ Yoast SEO plugin. -->","yoast_head_json":{"title":"Oli Esencial Lavanda Bio - Herbolari Merc\u00e8 L'oli de Lavanda Bio equilibra el benestar","description":"Compra l'oli essencial de Lavanda Bio 100% natural. Quimiotipat i pur, l'oli de Lavanda Bio equilibra el benestar i la relaxaci\u00f3 di\u00e0ria.","robots":{"index":"index","follow":"follow","max-snippet":"max-snippet:-1","max-image-preview":"max-image-preview:large","max-video-preview":"max-video-preview:-1"},"canonical":"https:\/\/herboristeriamerce.com\/es\/herboristeria-online\/llar\/ambientador\/oli-esencial-lavanda-bio\/","og_locale":"es_ES","og_type":"article","og_title":"Oli Esencial Lavanda Bio - Herbolari Merc\u00e8 L'oli de Lavanda Bio equilibra el benestar","og_description":"Compra l'oli essencial de Lavanda Bio 100% natural. Quimiotipat i pur, l'oli de Lavanda Bio equilibra el benestar i la relaxaci\u00f3 di\u00e0ria.","og_url":"https:\/\/herboristeriamerce.com\/es\/herboristeria-online\/llar\/ambientador\/oli-esencial-lavanda-bio\/","og_site_name":"Herbolari Merc\u00e8","og_image":[{"width":500,"height":700,"url":"https:\/\/herboristeriamerce.com\/wp-content\/uploads\/2026\/04\/50369-01-inersalabs-esentialaroms-aceite-esencial-lavanda_6_1_0_0.jpg","type":"image\/jpeg"}],"twitter_card":"summary_large_image","twitter_misc":{"Tiempo de lectura":"3 minutos"},"schema":{"@context":"https:\/\/schema.org","@graph":[{"@type":"WebPage","@id":"https:\/\/herboristeriamerce.com\/herboristeria-online\/llar\/ambientador\/oli-esencial-lavanda-bio\/","url":"https:\/\/herboristeriamerce.com\/herboristeria-online\/llar\/ambientador\/oli-esencial-lavanda-bio\/","name":"Oli Esencial Lavanda Bio - Herbolari Merc\u00e8 L'oli de Lavanda Bio equilibra el benestar","isPartOf":{"@id":"https:\/\/herboristeriamerce.com\/#website"},"primaryImageOfPage":{"@id":"https:\/\/herboristeriamerce.com\/herboristeria-online\/llar\/ambientador\/oli-esencial-lavanda-bio\/#primaryimage"},"image":{"@id":"https:\/\/herboristeriamerce.com\/herboristeria-online\/llar\/ambientador\/oli-esencial-lavanda-bio\/#primaryimage"},"thumbnailUrl":"https:\/\/herboristeriamerce.com\/wp-content\/uploads\/2026\/04\/50369-01-inersalabs-esentialaroms-aceite-esencial-lavanda_6_1_0_0.jpg","datePublished":"2026-04-29T09:55:48+00:00","description":"Compra l'oli essencial de Lavanda Bio 100% natural. Quimiotipat i pur, l'oli de Lavanda Bio equilibra el benestar i la relaxaci\u00f3 di\u00e0ria.","breadcrumb":{"@id":"https:\/\/herboristeriamerce.com\/herboristeria-online\/llar\/ambientador\/oli-esencial-lavanda-bio\/#breadcrumb"},"inLanguage":"es","potentialAction":[{"@type":"ReadAction","target":["https:\/\/herboristeriamerce.com\/herboristeria-online\/llar\/ambientador\/oli-esencial-lavanda-bio\/"]}]},{"@type":"ImageObject","inLanguage":"es","@id":"https:\/\/herboristeriamerce.com\/herboristeria-online\/llar\/ambientador\/oli-esencial-lavanda-bio\/#primaryimage","url":"https:\/\/herboristeriamerce.com\/wp-content\/uploads\/2026\/04\/50369-01-inersalabs-esentialaroms-aceite-esencial-lavanda_6_1_0_0.jpg","contentUrl":"https:\/\/herboristeriamerce.com\/wp-content\/uploads\/2026\/04\/50369-01-inersalabs-esentialaroms-aceite-esencial-lavanda_6_1_0_0.jpg","width":500,"height":700},{"@type":"BreadcrumbList","@id":"https:\/\/herboristeriamerce.com\/herboristeria-online\/llar\/ambientador\/oli-esencial-lavanda-bio\/#breadcrumb","itemListElement":[{"@type":"ListItem","position":1,"name":"Inici","item":"https:\/\/herboristeriamerce.com\/"},{"@type":"ListItem","position":2,"name":"Herboristeria online","item":"https:\/\/herboristeriamerce.com\/herboristeria-online\/"},{"@type":"ListItem","position":3,"name":"Oli Esencial Lavanda Bio"}]},{"@type":"WebSite","@id":"https:\/\/herboristeriamerce.com\/#website","url":"https:\/\/herboristeriamerce.com\/","name":"Herbolari Merc\u00e8","description":"Herbolari a Terrassa","publisher":{"@id":"https:\/\/herboristeriamerce.com\/#organization"},"potentialAction":[{"@type":"SearchAction","target":{"@type":"EntryPoint","urlTemplate":"https:\/\/herboristeriamerce.com\/?s={search_term_string}"},"query-input":{"@type":"PropertyValueSpecification","valueRequired":true,"valueName":"search_term_string"}}],"inLanguage":"es"},{"@type":"Organization","@id":"https:\/\/herboristeriamerce.com\/#organization","name":"Herbolari Merc\u00e8","url":"https:\/\/herboristeriamerce.com\/","logo":{"@type":"ImageObject","inLanguage":"es","@id":"https:\/\/herboristeriamerce.com\/#\/schema\/logo\/image\/","url":"https:\/\/herboristeriamerce.com\/wp-content\/uploads\/2025\/04\/cropped-logo-herboristeria-330x168-229w.webp","contentUrl":"https:\/\/herboristeriamerce.com\/wp-content\/uploads\/2025\/04\/cropped-logo-herboristeria-330x168-229w.webp","width":230,"height":117,"caption":"Herbolari Merc\u00e8"},"image":{"@id":"https:\/\/herboristeriamerce.com\/#\/schema\/logo\/image\/"}}]}},"_links":{"self":[{"href":"https:\/\/herboristeriamerce.com\/es\/wp-json\/wp\/v2\/product\/2826","targetHints":{"allow":["GET"]}}],"collection":[{"href":"https:\/\/herboristeriamerce.com\/es\/wp-json\/wp\/v2\/product"}],"about":[{"href":"https:\/\/herboristeriamerce.com\/es\/wp-json\/wp\/v2\/types\/product"}],"replies":[{"embeddable":true,"href":"https:\/\/herboristeriamerce.com\/es\/wp-json\/wp\/v2\/comments?post=2826"}],"wp:featuredmedia":[{"embeddable":true,"href":"https:\/\/herboristeriamerce.com\/es\/wp-json\/wp\/v2\/media\/2828"}],"wp:attachment":[{"href":"https:\/\/herboristeriamerce.com\/es\/wp-json\/wp\/v2\/media?parent=2826"}],"wp:term":[{"taxonomy":"product_brand","embeddable":true,"href":"https:\/\/herboristeriamerce.com\/es\/wp-json\/wp\/v2\/product_brand?post=2826"},{"taxonomy":"product_cat","embeddable":true,"href":"https:\/\/herboristeriamerce.com\/es\/wp-json\/wp\/v2\/product_cat?post=2826"},{"taxonomy":"product_tag","embeddable":true,"href":"https:\/\/herboristeriamerce.com\/es\/wp-json\/wp\/v2\/product_tag?post=2826"}],"curies":[{"name":"wp","href":"https:\/\/api.w.org\/{rel}","templated":true}]}}