{"id":2823,"date":"2026-04-29T09:44:55","date_gmt":"2026-04-29T09:44:55","guid":{"rendered":"https:\/\/herboristeriamerce.com\/?post_type=product&#038;p=2823"},"modified":"2026-04-29T09:44:55","modified_gmt":"2026-04-29T09:44:55","slug":"gelea-reial-infantil-gelea-reial-infantil-aporta-energia-i-creixement","status":"publish","type":"product","link":"https:\/\/herboristeriamerce.com\/es\/herboristeria-online\/alimentacio-saludable\/productes-apicoles\/gelea-reial-infantil-gelea-reial-infantil-aporta-energia-i-creixement\/","title":{"rendered":"Gelea Reial Infantil"},"content":{"rendered":"<h3 data-path-to-node=\"5\"><b data-path-to-node=\"5\" data-index-in-node=\"0\">El suport natural que els teus fills necessiten<\/b><\/h3>\n<p data-path-to-node=\"6\">En les etapes de creixement, el cos dels nens t\u00e9 unes demandes nutricionals molt espec\u00edfiques. <b data-path-to-node=\"6\" data-index-in-node=\"95\">Gelea Reial Infantil<\/b>\u00a0es presenta en una pr\u00e0ctica caixa de 20 ampolles de 10 ml, amb un delici\u00f3s sabor a maduixa que far\u00e0 que els m\u00e9s petits el prenguin sense problemes. Aquesta f\u00f3rmula ha estat acuradament dissenyada per oferir un equilibri perfecte entre natura i ci\u00e8ncia, sense gluten ni conservants.<\/p>\n<p data-path-to-node=\"7\">En primer lloc, cada dosi cont\u00e9 <b data-path-to-node=\"7\" data-index-in-node=\"32\">300 mg de gelea reial<\/b> de gran qualitat i extracte de polen. Aquests ingredients d&#8217;origen ap\u00edcola s\u00f3n tresors nutricionals que aporten de forma natural compostos bioactius essencials per al dia a dia. Com a resultat, els nens reben un suport extra per mantenir-se actius i sans en el marc d&#8217;una dieta equilibrada.<\/p>\n<p data-path-to-node=\"8\">D&#8217;altra banda, la pres\u00e8ncia del <b data-path-to-node=\"8\" data-index-in-node=\"32\">calci<\/b> \u00e9s un factor determinant en aquesta f\u00f3rmula. Sabem que el calci \u00e9s absolutament necessari per al creixement i el desenvolupament normal dels ossos en els nens. En aquest sentit, assegurar una aportaci\u00f3 correcta d&#8217;aquest mineral contribueix al manteniment de la seva estructura \u00f2ssia en condicions \u00f2ptimes mentre no paren de cr\u00e9ixer.<\/p>\n<p data-path-to-node=\"9\">A m\u00e9s a m\u00e9s, la <b data-path-to-node=\"9\" data-index-in-node=\"16\">vitamina C<\/b> \u00e9s la pe\u00e7a clau per refor\u00e7ar les seves defenses. Aquesta vitamina contribueix al funcionament normal del sistema immunitari i ajuda a disminuir el cansament i la fatiga, especialment en \u00e8poques d&#8217;ex\u00e0mens o canvis d&#8217;estaci\u00f3. Aix\u00ed mateix, \u00e9s essencial per a la formaci\u00f3 normal de col\u00b7lagen, el que afavoreix el bon funcionament de genives, dents i pell. En definitiva, <b data-path-to-node=\"9\" data-index-in-node=\"394\">Gelea Reial Infantil <\/b>aporta energia i creixement de forma segura i efica\u00e7.<\/p>\n<p data-path-to-node=\"10\">Finalment, la funci\u00f3 psicol\u00f2gica normal tamb\u00e9 es veu recolzada per la vitamina C, ajudant els nens a mantenir la concentraci\u00f3 i el benestar emocional durant la seva jornada escolar. Si vols consultar m\u00e9s detalls sobre complements infantils, pots visitar el lloc oficial de <a class=\"ng-star-inserted\" href=\"https:\/\/www.google.com\/search?q=https:\/\/intersalabs.com\/es\/productos\/jalea-real-ninos\/\" target=\"_blank\" rel=\"noopener\" data-hveid=\"0\" data-ved=\"0CAAQ_4QMahcKEwiqh7Xh2JKUAxUAAAAAHQAAAAAQPw\">Jalea Real Ni\u00f1os a Intersalabs<\/a>.<\/p>\n<h3 data-path-to-node=\"12\"><b data-path-to-node=\"12\" data-index-in-node=\"0\">Per qu\u00e8 triar Gelea Reial Infantil?<\/b><\/h3>\n<ul data-path-to-node=\"13\">\n<li>\n<p data-path-to-node=\"13,0,0\"><b data-path-to-node=\"13,0,0\" data-index-in-node=\"0\">Creixement saludable:<\/b> Ric en calci per a uns ossos forts i sans.<\/p>\n<\/li>\n<li>\n<p data-path-to-node=\"13,1,0\"><b data-path-to-node=\"13,1,0\" data-index-in-node=\"0\">Sistema immunitari fort:<\/b> Amb vitamina C per refor\u00e7ar les defenses naturals.<\/p>\n<\/li>\n<li>\n<p data-path-to-node=\"13,2,0\"><b data-path-to-node=\"13,2,0\" data-index-in-node=\"0\">Sabor delici\u00f3s:<\/b> Aroma de maduixa que encanta als nens.<\/p>\n<\/li>\n<li>\n<p data-path-to-node=\"13,3,0\"><b data-path-to-node=\"13,3,0\" data-index-in-node=\"0\">F\u00f3rmula neta:<\/b> Sense gluten, sense conservants i f\u00e0cil de prendre.<\/p>\n<\/li>\n<\/ul>","protected":false},"excerpt":{"rendered":"<h2 data-path-to-node=\"2\"><b data-path-to-node=\"2\" data-index-in-node=\"0\">Energia i creixement per als m\u00e9s petits<\/b><\/h2>\n<p data-path-to-node=\"3\">Acompanyar els nens en la seva etapa de desenvolupament \u00e9s fonamental per assegurar un futur saludable. <b data-path-to-node=\"3\" data-index-in-node=\"104\">Gelea Reial Infantil\u00a0<\/b> \u00e9s el complement ideal per aportar la vitalitat i els nutrients necessaris durant els per\u00edodes de creixement i activitat intensa.<\/p>","protected":false},"featured_media":2825,"comment_status":"open","ping_status":"closed","template":"","meta":{"site-sidebar-layout":"default","site-content-layout":"","ast-site-content-layout":"default","site-content-style":"default","site-sidebar-style":"default","ast-global-header-display":"","ast-banner-title-visibility":"","ast-main-header-display":"","ast-hfb-above-header-display":"","ast-hfb-below-header-display":"","ast-hfb-mobile-header-display":"","site-post-title":"","ast-breadcrumbs-content":"","ast-featured-img":"","footer-sml-layout":"","ast-disable-related-posts":"","theme-transparent-header-meta":"default","adv-header-id-meta":"","stick-header-meta":"","header-above-stick-meta":"","header-main-stick-meta":"","header-below-stick-meta":"","astra-migrate-meta-layouts":"set","ast-page-background-enabled":"default","ast-page-background-meta":{"desktop":{"background-color":"var(--ast-global-color-4)","background-image":"","background-repeat":"repeat","background-position":"center center","background-size":"auto","background-attachment":"scroll","background-type":"","background-media":"","overlay-type":"","overlay-color":"","overlay-opacity":"","overlay-gradient":""},"tablet":{"background-color":"","background-image":"","background-repeat":"repeat","background-position":"center center","background-size":"auto","background-attachment":"scroll","background-type":"","background-media":"","overlay-type":"","overlay-color":"","overlay-opacity":"","overlay-gradient":""},"mobile":{"background-color":"","background-image":"","background-repeat":"repeat","background-position":"center center","background-size":"auto","background-attachment":"scroll","background-type":"","background-media":"","overlay-type":"","overlay-color":"","overlay-opacity":"","overlay-gradient":""}},"ast-content-background-meta":{"desktop":{"background-color":"var(--ast-global-color-5)","background-image":"","background-repeat":"repeat","background-position":"center center","background-size":"auto","background-attachment":"scroll","background-type":"","background-media":"","overlay-type":"","overlay-color":"","overlay-opacity":"","overlay-gradient":""},"tablet":{"background-color":"var(--ast-global-color-5)","background-image":"","background-repeat":"repeat","background-position":"center center","background-size":"auto","background-attachment":"scroll","background-type":"","background-media":"","overlay-type":"","overlay-color":"","overlay-opacity":"","overlay-gradient":""},"mobile":{"background-color":"var(--ast-global-color-5)","background-image":"","background-repeat":"repeat","background-position":"center center","background-size":"auto","background-attachment":"scroll","background-type":"","background-media":"","overlay-type":"","overlay-color":"","overlay-opacity":"","overlay-gradient":""}}},"product_brand":[35],"product_cat":[127,146,75],"product_tag":[],"class_list":{"0":"post-2823","1":"product","2":"type-product","3":"status-publish","4":"has-post-thumbnail","6":"product_brand-intersa-labs","7":"product_cat-kids","8":"product_cat-productes-apicoles","9":"product_cat-reconstituent","10":"desktop-align-left","11":"tablet-align-left","12":"mobile-align-left","14":"first","15":"instock","16":"taxable","17":"shipping-taxable","18":"purchasable","19":"product-type-simple"},"yoast_head":"<!-- This site is optimized with the Yoast SEO plugin v27.5 - https:\/\/yoast.com\/product\/yoast-seo-wordpress\/ -->\n<title>Gelea Reial Infantil - Herbolari Merc\u00e8 Gelea Reial Infantil aporta energia i creixement<\/title>\n<meta name=\"description\" content=\"Millora la vitalitat dels teus fills amb JALEA REAL NI\u00d1OS. Amb calci i vitamina C, Gelea Reial Infantil aporta energia i creixement saludable.\" \/>\n<meta name=\"robots\" content=\"index, follow, max-snippet:-1, max-image-preview:large, max-video-preview:-1\" \/>\n<link rel=\"canonical\" href=\"https:\/\/herboristeriamerce.com\/es\/herboristeria-online\/alimentacio-saludable\/productes-apicoles\/gelea-reial-infantil-gelea-reial-infantil-aporta-energia-i-creixement\/\" \/>\n<meta property=\"og:locale\" content=\"es_ES\" \/>\n<meta property=\"og:type\" content=\"article\" \/>\n<meta property=\"og:title\" content=\"Gelea Reial Infantil - Herbolari Merc\u00e8 Gelea Reial Infantil aporta energia i creixement\" \/>\n<meta property=\"og:description\" content=\"Millora la vitalitat dels teus fills amb JALEA REAL NI\u00d1OS. Amb calci i vitamina C, Gelea Reial Infantil aporta energia i creixement saludable.\" \/>\n<meta property=\"og:url\" content=\"https:\/\/herboristeriamerce.com\/es\/herboristeria-online\/alimentacio-saludable\/productes-apicoles\/gelea-reial-infantil-gelea-reial-infantil-aporta-energia-i-creixement\/\" \/>\n<meta property=\"og:site_name\" content=\"Herbolari Merc\u00e8\" \/>\n<meta property=\"og:image\" content=\"https:\/\/herboristeriamerce.com\/wp-content\/uploads\/2026\/04\/Bipole_JALEA_REAL_NINOS_01-19.jpg\" \/>\n\t<meta property=\"og:image:width\" content=\"1200\" \/>\n\t<meta property=\"og:image:height\" content=\"1200\" \/>\n\t<meta property=\"og:image:type\" content=\"image\/jpeg\" \/>\n<meta name=\"twitter:card\" content=\"summary_large_image\" \/>\n<meta name=\"twitter:label1\" content=\"Tiempo de lectura\" \/>\n\t<meta name=\"twitter:data1\" content=\"3 minutos\" \/>\n<script type=\"application\/ld+json\" class=\"yoast-schema-graph\">{\"@context\":\"https:\\\/\\\/schema.org\",\"@graph\":[{\"@type\":\"WebPage\",\"@id\":\"https:\\\/\\\/herboristeriamerce.com\\\/herboristeria-online\\\/alimentacio-saludable\\\/productes-apicoles\\\/gelea-reial-infantil-gelea-reial-infantil-aporta-energia-i-creixement\\\/\",\"url\":\"https:\\\/\\\/herboristeriamerce.com\\\/herboristeria-online\\\/alimentacio-saludable\\\/productes-apicoles\\\/gelea-reial-infantil-gelea-reial-infantil-aporta-energia-i-creixement\\\/\",\"name\":\"Gelea Reial Infantil - Herbolari Merc\u00e8 Gelea Reial Infantil aporta energia i creixement\",\"isPartOf\":{\"@id\":\"https:\\\/\\\/herboristeriamerce.com\\\/#website\"},\"primaryImageOfPage\":{\"@id\":\"https:\\\/\\\/herboristeriamerce.com\\\/herboristeria-online\\\/alimentacio-saludable\\\/productes-apicoles\\\/gelea-reial-infantil-gelea-reial-infantil-aporta-energia-i-creixement\\\/#primaryimage\"},\"image\":{\"@id\":\"https:\\\/\\\/herboristeriamerce.com\\\/herboristeria-online\\\/alimentacio-saludable\\\/productes-apicoles\\\/gelea-reial-infantil-gelea-reial-infantil-aporta-energia-i-creixement\\\/#primaryimage\"},\"thumbnailUrl\":\"https:\\\/\\\/herboristeriamerce.com\\\/wp-content\\\/uploads\\\/2026\\\/04\\\/Bipole_JALEA_REAL_NINOS_01-19.jpg\",\"datePublished\":\"2026-04-29T09:44:55+00:00\",\"description\":\"Millora la vitalitat dels teus fills amb JALEA REAL NI\u00d1OS. Amb calci i vitamina C, Gelea Reial Infantil aporta energia i creixement saludable.\",\"breadcrumb\":{\"@id\":\"https:\\\/\\\/herboristeriamerce.com\\\/herboristeria-online\\\/alimentacio-saludable\\\/productes-apicoles\\\/gelea-reial-infantil-gelea-reial-infantil-aporta-energia-i-creixement\\\/#breadcrumb\"},\"inLanguage\":\"es\",\"potentialAction\":[{\"@type\":\"ReadAction\",\"target\":[\"https:\\\/\\\/herboristeriamerce.com\\\/herboristeria-online\\\/alimentacio-saludable\\\/productes-apicoles\\\/gelea-reial-infantil-gelea-reial-infantil-aporta-energia-i-creixement\\\/\"]}]},{\"@type\":\"ImageObject\",\"inLanguage\":\"es\",\"@id\":\"https:\\\/\\\/herboristeriamerce.com\\\/herboristeria-online\\\/alimentacio-saludable\\\/productes-apicoles\\\/gelea-reial-infantil-gelea-reial-infantil-aporta-energia-i-creixement\\\/#primaryimage\",\"url\":\"https:\\\/\\\/herboristeriamerce.com\\\/wp-content\\\/uploads\\\/2026\\\/04\\\/Bipole_JALEA_REAL_NINOS_01-19.jpg\",\"contentUrl\":\"https:\\\/\\\/herboristeriamerce.com\\\/wp-content\\\/uploads\\\/2026\\\/04\\\/Bipole_JALEA_REAL_NINOS_01-19.jpg\",\"width\":1200,\"height\":1200},{\"@type\":\"BreadcrumbList\",\"@id\":\"https:\\\/\\\/herboristeriamerce.com\\\/herboristeria-online\\\/alimentacio-saludable\\\/productes-apicoles\\\/gelea-reial-infantil-gelea-reial-infantil-aporta-energia-i-creixement\\\/#breadcrumb\",\"itemListElement\":[{\"@type\":\"ListItem\",\"position\":1,\"name\":\"Inici\",\"item\":\"https:\\\/\\\/herboristeriamerce.com\\\/\"},{\"@type\":\"ListItem\",\"position\":2,\"name\":\"Herboristeria online\",\"item\":\"https:\\\/\\\/herboristeriamerce.com\\\/herboristeria-online\\\/\"},{\"@type\":\"ListItem\",\"position\":3,\"name\":\"Gelea Reial Infantil\"}]},{\"@type\":\"WebSite\",\"@id\":\"https:\\\/\\\/herboristeriamerce.com\\\/#website\",\"url\":\"https:\\\/\\\/herboristeriamerce.com\\\/\",\"name\":\"Herbolari Merc\u00e8\",\"description\":\"Herbolari a Terrassa\",\"publisher\":{\"@id\":\"https:\\\/\\\/herboristeriamerce.com\\\/#organization\"},\"potentialAction\":[{\"@type\":\"SearchAction\",\"target\":{\"@type\":\"EntryPoint\",\"urlTemplate\":\"https:\\\/\\\/herboristeriamerce.com\\\/?s={search_term_string}\"},\"query-input\":{\"@type\":\"PropertyValueSpecification\",\"valueRequired\":true,\"valueName\":\"search_term_string\"}}],\"inLanguage\":\"es\"},{\"@type\":\"Organization\",\"@id\":\"https:\\\/\\\/herboristeriamerce.com\\\/#organization\",\"name\":\"Herbolari Merc\u00e8\",\"url\":\"https:\\\/\\\/herboristeriamerce.com\\\/\",\"logo\":{\"@type\":\"ImageObject\",\"inLanguage\":\"es\",\"@id\":\"https:\\\/\\\/herboristeriamerce.com\\\/#\\\/schema\\\/logo\\\/image\\\/\",\"url\":\"https:\\\/\\\/herboristeriamerce.com\\\/wp-content\\\/uploads\\\/2025\\\/04\\\/cropped-logo-herboristeria-330x168-229w.webp\",\"contentUrl\":\"https:\\\/\\\/herboristeriamerce.com\\\/wp-content\\\/uploads\\\/2025\\\/04\\\/cropped-logo-herboristeria-330x168-229w.webp\",\"width\":230,\"height\":117,\"caption\":\"Herbolari Merc\u00e8\"},\"image\":{\"@id\":\"https:\\\/\\\/herboristeriamerce.com\\\/#\\\/schema\\\/logo\\\/image\\\/\"}}]}<\/script>\n<!-- \/ Yoast SEO plugin. -->","yoast_head_json":{"title":"Gelea Reial Infantil - Herbolari Merc\u00e8 Gelea Reial Infantil aporta energia i creixement","description":"Millora la vitalitat dels teus fills amb JALEA REAL NI\u00d1OS. Amb calci i vitamina C, Gelea Reial Infantil aporta energia i creixement saludable.","robots":{"index":"index","follow":"follow","max-snippet":"max-snippet:-1","max-image-preview":"max-image-preview:large","max-video-preview":"max-video-preview:-1"},"canonical":"https:\/\/herboristeriamerce.com\/es\/herboristeria-online\/alimentacio-saludable\/productes-apicoles\/gelea-reial-infantil-gelea-reial-infantil-aporta-energia-i-creixement\/","og_locale":"es_ES","og_type":"article","og_title":"Gelea Reial Infantil - Herbolari Merc\u00e8 Gelea Reial Infantil aporta energia i creixement","og_description":"Millora la vitalitat dels teus fills amb JALEA REAL NI\u00d1OS. Amb calci i vitamina C, Gelea Reial Infantil aporta energia i creixement saludable.","og_url":"https:\/\/herboristeriamerce.com\/es\/herboristeria-online\/alimentacio-saludable\/productes-apicoles\/gelea-reial-infantil-gelea-reial-infantil-aporta-energia-i-creixement\/","og_site_name":"Herbolari Merc\u00e8","og_image":[{"width":1200,"height":1200,"url":"https:\/\/herboristeriamerce.com\/wp-content\/uploads\/2026\/04\/Bipole_JALEA_REAL_NINOS_01-19.jpg","type":"image\/jpeg"}],"twitter_card":"summary_large_image","twitter_misc":{"Tiempo de lectura":"3 minutos"},"schema":{"@context":"https:\/\/schema.org","@graph":[{"@type":"WebPage","@id":"https:\/\/herboristeriamerce.com\/herboristeria-online\/alimentacio-saludable\/productes-apicoles\/gelea-reial-infantil-gelea-reial-infantil-aporta-energia-i-creixement\/","url":"https:\/\/herboristeriamerce.com\/herboristeria-online\/alimentacio-saludable\/productes-apicoles\/gelea-reial-infantil-gelea-reial-infantil-aporta-energia-i-creixement\/","name":"Gelea Reial Infantil - Herbolari Merc\u00e8 Gelea Reial Infantil aporta energia i creixement","isPartOf":{"@id":"https:\/\/herboristeriamerce.com\/#website"},"primaryImageOfPage":{"@id":"https:\/\/herboristeriamerce.com\/herboristeria-online\/alimentacio-saludable\/productes-apicoles\/gelea-reial-infantil-gelea-reial-infantil-aporta-energia-i-creixement\/#primaryimage"},"image":{"@id":"https:\/\/herboristeriamerce.com\/herboristeria-online\/alimentacio-saludable\/productes-apicoles\/gelea-reial-infantil-gelea-reial-infantil-aporta-energia-i-creixement\/#primaryimage"},"thumbnailUrl":"https:\/\/herboristeriamerce.com\/wp-content\/uploads\/2026\/04\/Bipole_JALEA_REAL_NINOS_01-19.jpg","datePublished":"2026-04-29T09:44:55+00:00","description":"Millora la vitalitat dels teus fills amb JALEA REAL NI\u00d1OS. Amb calci i vitamina C, Gelea Reial Infantil aporta energia i creixement saludable.","breadcrumb":{"@id":"https:\/\/herboristeriamerce.com\/herboristeria-online\/alimentacio-saludable\/productes-apicoles\/gelea-reial-infantil-gelea-reial-infantil-aporta-energia-i-creixement\/#breadcrumb"},"inLanguage":"es","potentialAction":[{"@type":"ReadAction","target":["https:\/\/herboristeriamerce.com\/herboristeria-online\/alimentacio-saludable\/productes-apicoles\/gelea-reial-infantil-gelea-reial-infantil-aporta-energia-i-creixement\/"]}]},{"@type":"ImageObject","inLanguage":"es","@id":"https:\/\/herboristeriamerce.com\/herboristeria-online\/alimentacio-saludable\/productes-apicoles\/gelea-reial-infantil-gelea-reial-infantil-aporta-energia-i-creixement\/#primaryimage","url":"https:\/\/herboristeriamerce.com\/wp-content\/uploads\/2026\/04\/Bipole_JALEA_REAL_NINOS_01-19.jpg","contentUrl":"https:\/\/herboristeriamerce.com\/wp-content\/uploads\/2026\/04\/Bipole_JALEA_REAL_NINOS_01-19.jpg","width":1200,"height":1200},{"@type":"BreadcrumbList","@id":"https:\/\/herboristeriamerce.com\/herboristeria-online\/alimentacio-saludable\/productes-apicoles\/gelea-reial-infantil-gelea-reial-infantil-aporta-energia-i-creixement\/#breadcrumb","itemListElement":[{"@type":"ListItem","position":1,"name":"Inici","item":"https:\/\/herboristeriamerce.com\/"},{"@type":"ListItem","position":2,"name":"Herboristeria online","item":"https:\/\/herboristeriamerce.com\/herboristeria-online\/"},{"@type":"ListItem","position":3,"name":"Gelea Reial Infantil"}]},{"@type":"WebSite","@id":"https:\/\/herboristeriamerce.com\/#website","url":"https:\/\/herboristeriamerce.com\/","name":"Herbolari Merc\u00e8","description":"Herbolari a Terrassa","publisher":{"@id":"https:\/\/herboristeriamerce.com\/#organization"},"potentialAction":[{"@type":"SearchAction","target":{"@type":"EntryPoint","urlTemplate":"https:\/\/herboristeriamerce.com\/?s={search_term_string}"},"query-input":{"@type":"PropertyValueSpecification","valueRequired":true,"valueName":"search_term_string"}}],"inLanguage":"es"},{"@type":"Organization","@id":"https:\/\/herboristeriamerce.com\/#organization","name":"Herbolari Merc\u00e8","url":"https:\/\/herboristeriamerce.com\/","logo":{"@type":"ImageObject","inLanguage":"es","@id":"https:\/\/herboristeriamerce.com\/#\/schema\/logo\/image\/","url":"https:\/\/herboristeriamerce.com\/wp-content\/uploads\/2025\/04\/cropped-logo-herboristeria-330x168-229w.webp","contentUrl":"https:\/\/herboristeriamerce.com\/wp-content\/uploads\/2025\/04\/cropped-logo-herboristeria-330x168-229w.webp","width":230,"height":117,"caption":"Herbolari Merc\u00e8"},"image":{"@id":"https:\/\/herboristeriamerce.com\/#\/schema\/logo\/image\/"}}]}},"_links":{"self":[{"href":"https:\/\/herboristeriamerce.com\/es\/wp-json\/wp\/v2\/product\/2823","targetHints":{"allow":["GET"]}}],"collection":[{"href":"https:\/\/herboristeriamerce.com\/es\/wp-json\/wp\/v2\/product"}],"about":[{"href":"https:\/\/herboristeriamerce.com\/es\/wp-json\/wp\/v2\/types\/product"}],"replies":[{"embeddable":true,"href":"https:\/\/herboristeriamerce.com\/es\/wp-json\/wp\/v2\/comments?post=2823"}],"wp:featuredmedia":[{"embeddable":true,"href":"https:\/\/herboristeriamerce.com\/es\/wp-json\/wp\/v2\/media\/2825"}],"wp:attachment":[{"href":"https:\/\/herboristeriamerce.com\/es\/wp-json\/wp\/v2\/media?parent=2823"}],"wp:term":[{"taxonomy":"product_brand","embeddable":true,"href":"https:\/\/herboristeriamerce.com\/es\/wp-json\/wp\/v2\/product_brand?post=2823"},{"taxonomy":"product_cat","embeddable":true,"href":"https:\/\/herboristeriamerce.com\/es\/wp-json\/wp\/v2\/product_cat?post=2823"},{"taxonomy":"product_tag","embeddable":true,"href":"https:\/\/herboristeriamerce.com\/es\/wp-json\/wp\/v2\/product_tag?post=2823"}],"curies":[{"name":"wp","href":"https:\/\/api.w.org\/{rel}","templated":true}]}}