{"id":2641,"date":"2026-03-12T17:22:27","date_gmt":"2026-03-12T17:22:27","guid":{"rendered":"https:\/\/herboristeriamerce.com\/?post_type=product&#038;p=2641"},"modified":"2026-03-12T17:22:45","modified_gmt":"2026-03-12T17:22:45","slug":"2641-pa-artesa-natural-amb-masa-mare","status":"publish","type":"product","link":"https:\/\/herboristeriamerce.com\/es\/herboristeria-online\/alimentacio-saludable\/pa\/2641-pa-artesa-natural-amb-masa-mare\/","title":{"rendered":"Pa del Tibet"},"content":{"rendered":"<h2 data-path-to-node=\"2\">Pa d&#8217;Espelta Antiga i Fajol: Un Tresor Ancestral<\/h2>\n<p data-path-to-node=\"3\"><span data-path-to-node=\"3\" data-index-in-node=\"10\">Aquest p<\/span><span style=\"font-size: 16px; font-style: normal; font-weight: 400;\">a artes\u00e0 natural amb masa mare es<\/span><span style=\"font-size: 16px;\"> un viatge a l&#8217;origen de la nutrici\u00f3. S&#8217;utilitzen una varietat seleccionada d&#8217;espelta antiga integral ECO. Aquesta \u00e9s una esp\u00e8cie de blat primitiva i gaireb\u00e9 extinta. <\/span>De fet<span style=\"font-size: 16px;\">, s&#8217;han trobat restes d&#8217;aquest cereal en l&#8217;est\u00f3mac d&#8217;\u00d6tzi, l&#8217;home de gel dels Alps.<\/span><\/p>\n<h3 data-path-to-node=\"4\">Un proc\u00e9s lent i saludable<\/h3>\n<p data-path-to-node=\"5\">D&#8217;una banda, la base inicial de masa mare d&#8217;espelta antiga requereix una fermentaci\u00f3 molt llarga. En conseq\u00fc\u00e8ncia, s&#8217;aconsegueix una degradaci\u00f3 \u00f2ptima de la cadena proteica. Aquest m\u00e8tode fa que sigui un pa ideal per a intolerants al gluten. No obstant aix\u00f2, cal recordar que no \u00e9s un producte apte per a cel\u00edacs.<\/p>\n<p data-path-to-node=\"6\">D&#8217;altra banda, durant l&#8217;amassat afegim farina de fajol eco al 30%. Tamb\u00e9 incorporem aigua filtrada, aigua de mar i sal marina. A m\u00e9s a m\u00e9s, afegim llavors de gira-sol i esp\u00e8cies de l&#8217;\u00cdndia per a un sabor \u00fanic. Aix\u00ed mateix, un cop pastat, apliquem un segon rep\u00f2s prolongat a la massa.<\/p>\n<h3 data-path-to-node=\"7\">Puresa en cada llesca<\/h3>\n<p data-path-to-node=\"8\">Per tant, no tenim gens de pressa en cap etapa de l&#8217;elaboraci\u00f3. Gr\u00e0cies a aquest respecte pel temps, obtenim un pa de 500 grams amb acabat r\u00fastic. El resultat final \u00e9s un aliment honest, nutritiu i molt digestible. En resum, el pa artes\u00e0 natural amb masa mare cuida la teva salut amb cada mossegada.<\/p>","protected":false},"excerpt":{"rendered":"<p>Descobreix el pa artes\u00e0 natural amb masa mare d&#8217;espelta antiga i sarrac\u00e8. Un pa ancestral d&#8217;alta digestibilitat amb esp\u00e8cies de l&#8217;\u00cdndia i llavors.<\/p>","protected":false},"featured_media":2642,"comment_status":"open","ping_status":"closed","template":"","meta":{"site-sidebar-layout":"default","site-content-layout":"","ast-site-content-layout":"default","site-content-style":"default","site-sidebar-style":"default","ast-global-header-display":"","ast-banner-title-visibility":"","ast-main-header-display":"","ast-hfb-above-header-display":"","ast-hfb-below-header-display":"","ast-hfb-mobile-header-display":"","site-post-title":"","ast-breadcrumbs-content":"","ast-featured-img":"","footer-sml-layout":"","ast-disable-related-posts":"","theme-transparent-header-meta":"default","adv-header-id-meta":"","stick-header-meta":"","header-above-stick-meta":"","header-main-stick-meta":"","header-below-stick-meta":"","astra-migrate-meta-layouts":"set","ast-page-background-enabled":"default","ast-page-background-meta":{"desktop":{"background-color":"var(--ast-global-color-4)","background-image":"","background-repeat":"repeat","background-position":"center center","background-size":"auto","background-attachment":"scroll","background-type":"","background-media":"","overlay-type":"","overlay-color":"","overlay-opacity":"","overlay-gradient":""},"tablet":{"background-color":"","background-image":"","background-repeat":"repeat","background-position":"center center","background-size":"auto","background-attachment":"scroll","background-type":"","background-media":"","overlay-type":"","overlay-color":"","overlay-opacity":"","overlay-gradient":""},"mobile":{"background-color":"","background-image":"","background-repeat":"repeat","background-position":"center center","background-size":"auto","background-attachment":"scroll","background-type":"","background-media":"","overlay-type":"","overlay-color":"","overlay-opacity":"","overlay-gradient":""}},"ast-content-background-meta":{"desktop":{"background-color":"var(--ast-global-color-5)","background-image":"","background-repeat":"repeat","background-position":"center center","background-size":"auto","background-attachment":"scroll","background-type":"","background-media":"","overlay-type":"","overlay-color":"","overlay-opacity":"","overlay-gradient":""},"tablet":{"background-color":"var(--ast-global-color-5)","background-image":"","background-repeat":"repeat","background-position":"center center","background-size":"auto","background-attachment":"scroll","background-type":"","background-media":"","overlay-type":"","overlay-color":"","overlay-opacity":"","overlay-gradient":""},"mobile":{"background-color":"var(--ast-global-color-5)","background-image":"","background-repeat":"repeat","background-position":"center center","background-size":"auto","background-attachment":"scroll","background-type":"","background-media":"","overlay-type":"","overlay-color":"","overlay-opacity":"","overlay-gradient":""}}},"product_brand":[],"product_cat":[159,147],"product_tag":[],"class_list":{"0":"post-2641","1":"product","2":"type-product","3":"status-publish","4":"has-post-thumbnail","6":"product_cat-esmorcars","7":"product_cat-pa","8":"desktop-align-left","9":"tablet-align-left","10":"mobile-align-left","12":"first","13":"instock","14":"taxable","15":"shipping-taxable","16":"product-type-simple"},"yoast_head":"<!-- This site is optimized with the Yoast SEO plugin v27.5 - https:\/\/yoast.com\/product\/yoast-seo-wordpress\/ -->\n<title>Pa del Tibet - Herbolari Merc\u00e8 Pa artes\u00e0 natural amb masa mare<\/title>\n<meta name=\"description\" content=\"Descobreix el nostre pa artes\u00e0 natural amb masa mare d&#039;espelta antiga i sarrac\u00e8. Un pa ancestral d&#039;alta digestibilitat amb esp\u00e8cies de l&#039;\u00cdndia i llavors.\" \/>\n<meta name=\"robots\" content=\"index, follow, max-snippet:-1, max-image-preview:large, max-video-preview:-1\" \/>\n<link rel=\"canonical\" href=\"https:\/\/herboristeriamerce.com\/es\/herboristeria-online\/alimentacio-saludable\/pa\/2641-pa-artesa-natural-amb-masa-mare\/\" \/>\n<meta property=\"og:locale\" content=\"es_ES\" \/>\n<meta property=\"og:type\" content=\"article\" \/>\n<meta property=\"og:title\" content=\"Pa del Tibet - Herbolari Merc\u00e8 Pa artes\u00e0 natural amb masa mare\" \/>\n<meta property=\"og:description\" content=\"Descobreix el nostre pa artes\u00e0 natural amb masa mare d&#039;espelta antiga i sarrac\u00e8. Un pa ancestral d&#039;alta digestibilitat amb esp\u00e8cies de l&#039;\u00cdndia i llavors.\" \/>\n<meta property=\"og:url\" content=\"https:\/\/herboristeriamerce.com\/es\/herboristeria-online\/alimentacio-saludable\/pa\/2641-pa-artesa-natural-amb-masa-mare\/\" \/>\n<meta property=\"og:site_name\" content=\"Herbolari Merc\u00e8\" \/>\n<meta property=\"article:modified_time\" content=\"2026-03-12T17:22:45+00:00\" \/>\n<meta property=\"og:image\" content=\"https:\/\/herboristeriamerce.com\/wp-content\/uploads\/2026\/03\/Tibet-Curcuma-min.png\" \/>\n\t<meta property=\"og:image:width\" content=\"414\" \/>\n\t<meta property=\"og:image:height\" content=\"387\" \/>\n\t<meta property=\"og:image:type\" content=\"image\/png\" \/>\n<meta name=\"twitter:card\" content=\"summary_large_image\" \/>\n<meta name=\"twitter:label1\" content=\"Tiempo de lectura\" \/>\n\t<meta name=\"twitter:data1\" content=\"2 minutos\" \/>\n<script type=\"application\/ld+json\" class=\"yoast-schema-graph\">{\"@context\":\"https:\\\/\\\/schema.org\",\"@graph\":[{\"@type\":\"WebPage\",\"@id\":\"https:\\\/\\\/herboristeriamerce.com\\\/herboristeria-online\\\/alimentacio-saludable\\\/pa\\\/2641-pa-artesa-natural-amb-masa-mare\\\/\",\"url\":\"https:\\\/\\\/herboristeriamerce.com\\\/herboristeria-online\\\/alimentacio-saludable\\\/pa\\\/2641-pa-artesa-natural-amb-masa-mare\\\/\",\"name\":\"Pa del Tibet - Herbolari Merc\u00e8 Pa artes\u00e0 natural amb masa mare\",\"isPartOf\":{\"@id\":\"https:\\\/\\\/herboristeriamerce.com\\\/#website\"},\"primaryImageOfPage\":{\"@id\":\"https:\\\/\\\/herboristeriamerce.com\\\/herboristeria-online\\\/alimentacio-saludable\\\/pa\\\/2641-pa-artesa-natural-amb-masa-mare\\\/#primaryimage\"},\"image\":{\"@id\":\"https:\\\/\\\/herboristeriamerce.com\\\/herboristeria-online\\\/alimentacio-saludable\\\/pa\\\/2641-pa-artesa-natural-amb-masa-mare\\\/#primaryimage\"},\"thumbnailUrl\":\"https:\\\/\\\/herboristeriamerce.com\\\/wp-content\\\/uploads\\\/2026\\\/03\\\/Tibet-Curcuma-min.png\",\"datePublished\":\"2026-03-12T17:22:27+00:00\",\"dateModified\":\"2026-03-12T17:22:45+00:00\",\"description\":\"Descobreix el nostre pa artes\u00e0 natural amb masa mare d'espelta antiga i sarrac\u00e8. Un pa ancestral d'alta digestibilitat amb esp\u00e8cies de l'\u00cdndia i llavors.\",\"breadcrumb\":{\"@id\":\"https:\\\/\\\/herboristeriamerce.com\\\/herboristeria-online\\\/alimentacio-saludable\\\/pa\\\/2641-pa-artesa-natural-amb-masa-mare\\\/#breadcrumb\"},\"inLanguage\":\"es\",\"potentialAction\":[{\"@type\":\"ReadAction\",\"target\":[\"https:\\\/\\\/herboristeriamerce.com\\\/herboristeria-online\\\/alimentacio-saludable\\\/pa\\\/2641-pa-artesa-natural-amb-masa-mare\\\/\"]}]},{\"@type\":\"ImageObject\",\"inLanguage\":\"es\",\"@id\":\"https:\\\/\\\/herboristeriamerce.com\\\/herboristeria-online\\\/alimentacio-saludable\\\/pa\\\/2641-pa-artesa-natural-amb-masa-mare\\\/#primaryimage\",\"url\":\"https:\\\/\\\/herboristeriamerce.com\\\/wp-content\\\/uploads\\\/2026\\\/03\\\/Tibet-Curcuma-min.png\",\"contentUrl\":\"https:\\\/\\\/herboristeriamerce.com\\\/wp-content\\\/uploads\\\/2026\\\/03\\\/Tibet-Curcuma-min.png\",\"width\":414,\"height\":387},{\"@type\":\"BreadcrumbList\",\"@id\":\"https:\\\/\\\/herboristeriamerce.com\\\/herboristeria-online\\\/alimentacio-saludable\\\/pa\\\/2641-pa-artesa-natural-amb-masa-mare\\\/#breadcrumb\",\"itemListElement\":[{\"@type\":\"ListItem\",\"position\":1,\"name\":\"Inici\",\"item\":\"https:\\\/\\\/herboristeriamerce.com\\\/\"},{\"@type\":\"ListItem\",\"position\":2,\"name\":\"Herboristeria online\",\"item\":\"https:\\\/\\\/herboristeriamerce.com\\\/herboristeria-online\\\/\"},{\"@type\":\"ListItem\",\"position\":3,\"name\":\"Pa del Tibet\"}]},{\"@type\":\"WebSite\",\"@id\":\"https:\\\/\\\/herboristeriamerce.com\\\/#website\",\"url\":\"https:\\\/\\\/herboristeriamerce.com\\\/\",\"name\":\"Herbolari Merc\u00e8\",\"description\":\"Herbolari a Terrassa\",\"publisher\":{\"@id\":\"https:\\\/\\\/herboristeriamerce.com\\\/#organization\"},\"potentialAction\":[{\"@type\":\"SearchAction\",\"target\":{\"@type\":\"EntryPoint\",\"urlTemplate\":\"https:\\\/\\\/herboristeriamerce.com\\\/?s={search_term_string}\"},\"query-input\":{\"@type\":\"PropertyValueSpecification\",\"valueRequired\":true,\"valueName\":\"search_term_string\"}}],\"inLanguage\":\"es\"},{\"@type\":\"Organization\",\"@id\":\"https:\\\/\\\/herboristeriamerce.com\\\/#organization\",\"name\":\"Herbolari Merc\u00e8\",\"url\":\"https:\\\/\\\/herboristeriamerce.com\\\/\",\"logo\":{\"@type\":\"ImageObject\",\"inLanguage\":\"es\",\"@id\":\"https:\\\/\\\/herboristeriamerce.com\\\/#\\\/schema\\\/logo\\\/image\\\/\",\"url\":\"https:\\\/\\\/herboristeriamerce.com\\\/wp-content\\\/uploads\\\/2025\\\/04\\\/cropped-logo-herboristeria-330x168-229w.webp\",\"contentUrl\":\"https:\\\/\\\/herboristeriamerce.com\\\/wp-content\\\/uploads\\\/2025\\\/04\\\/cropped-logo-herboristeria-330x168-229w.webp\",\"width\":230,\"height\":117,\"caption\":\"Herbolari Merc\u00e8\"},\"image\":{\"@id\":\"https:\\\/\\\/herboristeriamerce.com\\\/#\\\/schema\\\/logo\\\/image\\\/\"}}]}<\/script>\n<!-- \/ Yoast SEO plugin. -->","yoast_head_json":{"title":"Pa del Tibet - Herbolari Merc\u00e8 Pa artes\u00e0 natural amb masa mare","description":"Descobreix el nostre pa artes\u00e0 natural amb masa mare d'espelta antiga i sarrac\u00e8. Un pa ancestral d'alta digestibilitat amb esp\u00e8cies de l'\u00cdndia i llavors.","robots":{"index":"index","follow":"follow","max-snippet":"max-snippet:-1","max-image-preview":"max-image-preview:large","max-video-preview":"max-video-preview:-1"},"canonical":"https:\/\/herboristeriamerce.com\/es\/herboristeria-online\/alimentacio-saludable\/pa\/2641-pa-artesa-natural-amb-masa-mare\/","og_locale":"es_ES","og_type":"article","og_title":"Pa del Tibet - Herbolari Merc\u00e8 Pa artes\u00e0 natural amb masa mare","og_description":"Descobreix el nostre pa artes\u00e0 natural amb masa mare d'espelta antiga i sarrac\u00e8. Un pa ancestral d'alta digestibilitat amb esp\u00e8cies de l'\u00cdndia i llavors.","og_url":"https:\/\/herboristeriamerce.com\/es\/herboristeria-online\/alimentacio-saludable\/pa\/2641-pa-artesa-natural-amb-masa-mare\/","og_site_name":"Herbolari Merc\u00e8","article_modified_time":"2026-03-12T17:22:45+00:00","og_image":[{"width":414,"height":387,"url":"https:\/\/herboristeriamerce.com\/wp-content\/uploads\/2026\/03\/Tibet-Curcuma-min.png","type":"image\/png"}],"twitter_card":"summary_large_image","twitter_misc":{"Tiempo de lectura":"2 minutos"},"schema":{"@context":"https:\/\/schema.org","@graph":[{"@type":"WebPage","@id":"https:\/\/herboristeriamerce.com\/herboristeria-online\/alimentacio-saludable\/pa\/2641-pa-artesa-natural-amb-masa-mare\/","url":"https:\/\/herboristeriamerce.com\/herboristeria-online\/alimentacio-saludable\/pa\/2641-pa-artesa-natural-amb-masa-mare\/","name":"Pa del Tibet - Herbolari Merc\u00e8 Pa artes\u00e0 natural amb masa mare","isPartOf":{"@id":"https:\/\/herboristeriamerce.com\/#website"},"primaryImageOfPage":{"@id":"https:\/\/herboristeriamerce.com\/herboristeria-online\/alimentacio-saludable\/pa\/2641-pa-artesa-natural-amb-masa-mare\/#primaryimage"},"image":{"@id":"https:\/\/herboristeriamerce.com\/herboristeria-online\/alimentacio-saludable\/pa\/2641-pa-artesa-natural-amb-masa-mare\/#primaryimage"},"thumbnailUrl":"https:\/\/herboristeriamerce.com\/wp-content\/uploads\/2026\/03\/Tibet-Curcuma-min.png","datePublished":"2026-03-12T17:22:27+00:00","dateModified":"2026-03-12T17:22:45+00:00","description":"Descobreix el nostre pa artes\u00e0 natural amb masa mare d'espelta antiga i sarrac\u00e8. Un pa ancestral d'alta digestibilitat amb esp\u00e8cies de l'\u00cdndia i llavors.","breadcrumb":{"@id":"https:\/\/herboristeriamerce.com\/herboristeria-online\/alimentacio-saludable\/pa\/2641-pa-artesa-natural-amb-masa-mare\/#breadcrumb"},"inLanguage":"es","potentialAction":[{"@type":"ReadAction","target":["https:\/\/herboristeriamerce.com\/herboristeria-online\/alimentacio-saludable\/pa\/2641-pa-artesa-natural-amb-masa-mare\/"]}]},{"@type":"ImageObject","inLanguage":"es","@id":"https:\/\/herboristeriamerce.com\/herboristeria-online\/alimentacio-saludable\/pa\/2641-pa-artesa-natural-amb-masa-mare\/#primaryimage","url":"https:\/\/herboristeriamerce.com\/wp-content\/uploads\/2026\/03\/Tibet-Curcuma-min.png","contentUrl":"https:\/\/herboristeriamerce.com\/wp-content\/uploads\/2026\/03\/Tibet-Curcuma-min.png","width":414,"height":387},{"@type":"BreadcrumbList","@id":"https:\/\/herboristeriamerce.com\/herboristeria-online\/alimentacio-saludable\/pa\/2641-pa-artesa-natural-amb-masa-mare\/#breadcrumb","itemListElement":[{"@type":"ListItem","position":1,"name":"Inici","item":"https:\/\/herboristeriamerce.com\/"},{"@type":"ListItem","position":2,"name":"Herboristeria online","item":"https:\/\/herboristeriamerce.com\/herboristeria-online\/"},{"@type":"ListItem","position":3,"name":"Pa del Tibet"}]},{"@type":"WebSite","@id":"https:\/\/herboristeriamerce.com\/#website","url":"https:\/\/herboristeriamerce.com\/","name":"Herbolari Merc\u00e8","description":"Herbolari a Terrassa","publisher":{"@id":"https:\/\/herboristeriamerce.com\/#organization"},"potentialAction":[{"@type":"SearchAction","target":{"@type":"EntryPoint","urlTemplate":"https:\/\/herboristeriamerce.com\/?s={search_term_string}"},"query-input":{"@type":"PropertyValueSpecification","valueRequired":true,"valueName":"search_term_string"}}],"inLanguage":"es"},{"@type":"Organization","@id":"https:\/\/herboristeriamerce.com\/#organization","name":"Herbolari Merc\u00e8","url":"https:\/\/herboristeriamerce.com\/","logo":{"@type":"ImageObject","inLanguage":"es","@id":"https:\/\/herboristeriamerce.com\/#\/schema\/logo\/image\/","url":"https:\/\/herboristeriamerce.com\/wp-content\/uploads\/2025\/04\/cropped-logo-herboristeria-330x168-229w.webp","contentUrl":"https:\/\/herboristeriamerce.com\/wp-content\/uploads\/2025\/04\/cropped-logo-herboristeria-330x168-229w.webp","width":230,"height":117,"caption":"Herbolari Merc\u00e8"},"image":{"@id":"https:\/\/herboristeriamerce.com\/#\/schema\/logo\/image\/"}}]}},"_links":{"self":[{"href":"https:\/\/herboristeriamerce.com\/es\/wp-json\/wp\/v2\/product\/2641","targetHints":{"allow":["GET"]}}],"collection":[{"href":"https:\/\/herboristeriamerce.com\/es\/wp-json\/wp\/v2\/product"}],"about":[{"href":"https:\/\/herboristeriamerce.com\/es\/wp-json\/wp\/v2\/types\/product"}],"replies":[{"embeddable":true,"href":"https:\/\/herboristeriamerce.com\/es\/wp-json\/wp\/v2\/comments?post=2641"}],"wp:featuredmedia":[{"embeddable":true,"href":"https:\/\/herboristeriamerce.com\/es\/wp-json\/wp\/v2\/media\/2642"}],"wp:attachment":[{"href":"https:\/\/herboristeriamerce.com\/es\/wp-json\/wp\/v2\/media?parent=2641"}],"wp:term":[{"taxonomy":"product_brand","embeddable":true,"href":"https:\/\/herboristeriamerce.com\/es\/wp-json\/wp\/v2\/product_brand?post=2641"},{"taxonomy":"product_cat","embeddable":true,"href":"https:\/\/herboristeriamerce.com\/es\/wp-json\/wp\/v2\/product_cat?post=2641"},{"taxonomy":"product_tag","embeddable":true,"href":"https:\/\/herboristeriamerce.com\/es\/wp-json\/wp\/v2\/product_tag?post=2641"}],"curies":[{"name":"wp","href":"https:\/\/api.w.org\/{rel}","templated":true}]}}