{"id":2635,"date":"2026-03-12T12:34:03","date_gmt":"2026-03-12T12:34:03","guid":{"rendered":"https:\/\/herboristeriamerce.com\/?post_type=product&#038;p=2635"},"modified":"2026-03-12T12:34:03","modified_gmt":"2026-03-12T12:34:03","slug":"2635-pa-de-massa-mare-despelta-antiga","status":"publish","type":"product","link":"https:\/\/herboristeriamerce.com\/es\/herboristeria-online\/alimentacio-saludable\/pa\/2635-pa-de-massa-mare-despelta-antiga\/","title":{"rendered":"Pa de Xia"},"content":{"rendered":"<h2 data-path-to-node=\"3\">Pa d&#8217;Espelta Antiga i Xia: Un Viatge al Passat<\/h2>\n<p data-path-to-node=\"4\">Aquest pa artes\u00e0 no \u00e9s una pe\u00e7a de brioixeria industrial, sin\u00f3 un producte elaborat sense presses, respectant els ritmes de la natura. La base de tot \u00e9s la nostra massa mare natural d&#8217;espelta antiga ecol\u00f2gica integral, una esp\u00e8cie de blat primitiva i ancestral que forma part de l&#8217;anomenada dieta ancestral. Si busques un aliment que connecti amb els teus or\u00edgens, aquest <b data-path-to-node=\"4\" data-index-in-node=\"372\">pa de massa mare d&#8217;espelta antiga<\/b> \u00e9s l&#8217;elecci\u00f3 m\u00e9s aut\u00e8ntica i nutritiva que podr\u00e0s tastar.<\/p>\n<h3 data-path-to-node=\"5\">Una Varietat \u00danica: El Blat d&#8217;\u00d6tzi<\/h3>\n<p data-path-to-node=\"6\">L&#8217;espelta antiga que utilitzem \u00e9s una esp\u00e8cie diploide de nom\u00e9s 7 cromosomes, pr\u00e0cticament extingida i preservada nom\u00e9s en zones muntanyoses a\u00efllades d&#8217;Europa. \u00c9s tan antiga que se n&#8217;han trobat restes a l&#8217;intest\u00ed d&#8217;\u00d6tzi, l&#8217;home de gel que va viure fa m\u00e9s de 5.000 anys als Alps. Gr\u00e0cies a l&#8217;elaboraci\u00f3 amb una molt llarga fermentaci\u00f3 posterior, aconseguim una degradaci\u00f3 \u00f2ptima de la cadena proteica, cosa que el fa un pa ideal per a persones amb sensibilitat o intoler\u00e0ncia al gluten.<\/p>\n<h3 data-path-to-node=\"7\">Ingredients Nobles i Superaliments<\/h3>\n<p data-path-to-node=\"8\">A m\u00e9s a m\u00e9s de la massa mare, aquest pa de 500 grams incorpora una barreja excepcional per potenciar el seu sabor i textura:<\/p>\n<ul data-path-to-node=\"9\">\n<li>\n<p data-path-to-node=\"9,0,0\"><b data-path-to-node=\"9,0,0\" data-index-in-node=\"0\">Blat sarra\u00ed eco (30%):<\/b> Aporta una aroma r\u00fastica i \u00e9s lliure de gluten de forma natural.<\/p>\n<\/li>\n<li>\n<p data-path-to-node=\"9,1,0\"><b data-path-to-node=\"9,1,0\" data-index-in-node=\"0\">Aigua de mar i oli d&#8217;oliva:<\/b> Per una hidrataci\u00f3 mineral i una molla suau.<\/p>\n<\/li>\n<li>\n<p data-path-to-node=\"9,2,0\"><b data-path-to-node=\"9,2,0\" data-index-in-node=\"0\">Llavors de gira-sol i s\u00e8sam:<\/b> Que aporten greixos saludables i un toc cruixent interior.<\/p>\n<\/li>\n<li>\n<p data-path-to-node=\"9,3,0\"><b data-path-to-node=\"9,3,0\" data-index-in-node=\"0\">Extra topping de ch\u00eda:<\/b> Acabat amb una crosta de llavors integrals de ch\u00eda torrades que disparen l&#8217;aportaci\u00f3 de fibra diet\u00e8tica.<\/p>\n<\/li>\n<\/ul>\n<p data-path-to-node=\"10\">En conclusi\u00f3, aquest pa \u00e9s el resultat d&#8217;un llarg rep\u00f2s de la massa i un respecte profund per la tradici\u00f3 flequera. Menjar una llesca d&#8217;aquest pa \u00e9s gaudir d&#8217;una digesti\u00f3 lleugera, una energia estable i un sabor que ha sobreviscut mil\u00b7lennis.<\/p>","protected":false},"excerpt":{"rendered":"<p>Tasta l&#8217;aut\u00e8ntic pa de massa mare d&#8217;espelta antiga integral. Elaborat amb llarga fermentaci\u00f3, ch\u00eda i sarra\u00ed per a una digesti\u00f3 perfecta.<\/p>","protected":false},"featured_media":2636,"comment_status":"open","ping_status":"closed","template":"","meta":{"site-sidebar-layout":"default","site-content-layout":"","ast-site-content-layout":"default","site-content-style":"default","site-sidebar-style":"default","ast-global-header-display":"","ast-banner-title-visibility":"","ast-main-header-display":"","ast-hfb-above-header-display":"","ast-hfb-below-header-display":"","ast-hfb-mobile-header-display":"","site-post-title":"","ast-breadcrumbs-content":"","ast-featured-img":"","footer-sml-layout":"","ast-disable-related-posts":"","theme-transparent-header-meta":"default","adv-header-id-meta":"","stick-header-meta":"","header-above-stick-meta":"","header-main-stick-meta":"","header-below-stick-meta":"","astra-migrate-meta-layouts":"set","ast-page-background-enabled":"default","ast-page-background-meta":{"desktop":{"background-color":"var(--ast-global-color-4)","background-image":"","background-repeat":"repeat","background-position":"center center","background-size":"auto","background-attachment":"scroll","background-type":"","background-media":"","overlay-type":"","overlay-color":"","overlay-opacity":"","overlay-gradient":""},"tablet":{"background-color":"","background-image":"","background-repeat":"repeat","background-position":"center center","background-size":"auto","background-attachment":"scroll","background-type":"","background-media":"","overlay-type":"","overlay-color":"","overlay-opacity":"","overlay-gradient":""},"mobile":{"background-color":"","background-image":"","background-repeat":"repeat","background-position":"center center","background-size":"auto","background-attachment":"scroll","background-type":"","background-media":"","overlay-type":"","overlay-color":"","overlay-opacity":"","overlay-gradient":""}},"ast-content-background-meta":{"desktop":{"background-color":"var(--ast-global-color-5)","background-image":"","background-repeat":"repeat","background-position":"center center","background-size":"auto","background-attachment":"scroll","background-type":"","background-media":"","overlay-type":"","overlay-color":"","overlay-opacity":"","overlay-gradient":""},"tablet":{"background-color":"var(--ast-global-color-5)","background-image":"","background-repeat":"repeat","background-position":"center center","background-size":"auto","background-attachment":"scroll","background-type":"","background-media":"","overlay-type":"","overlay-color":"","overlay-opacity":"","overlay-gradient":""},"mobile":{"background-color":"var(--ast-global-color-5)","background-image":"","background-repeat":"repeat","background-position":"center center","background-size":"auto","background-attachment":"scroll","background-type":"","background-media":"","overlay-type":"","overlay-color":"","overlay-opacity":"","overlay-gradient":""}}},"product_brand":[],"product_cat":[159,147],"product_tag":[],"class_list":{"0":"post-2635","1":"product","2":"type-product","3":"status-publish","4":"has-post-thumbnail","6":"product_cat-esmorcars","7":"product_cat-pa","8":"desktop-align-left","9":"tablet-align-left","10":"mobile-align-left","12":"first","13":"instock","14":"taxable","15":"shipping-taxable","16":"product-type-simple"},"yoast_head":"<!-- This site is optimized with the Yoast SEO plugin v27.5 - https:\/\/yoast.com\/product\/yoast-seo-wordpress\/ -->\n<title>Pa de Xia - Herbolari Merc\u00e8 Pa de massa mare d&#039;espelta antiga<\/title>\n<meta name=\"description\" content=\"Tasta l&#039;aut\u00e8ntic pa de massa mare d&#039;espelta antiga integral. Elaborat amb llarga fermentaci\u00f3, ch\u00eda i sarra\u00ed per a una digesti\u00f3 perfecta.\" \/>\n<meta name=\"robots\" content=\"index, follow, max-snippet:-1, max-image-preview:large, max-video-preview:-1\" \/>\n<link rel=\"canonical\" href=\"https:\/\/herboristeriamerce.com\/es\/herboristeria-online\/alimentacio-saludable\/pa\/2635-pa-de-massa-mare-despelta-antiga\/\" \/>\n<meta property=\"og:locale\" content=\"es_ES\" \/>\n<meta property=\"og:type\" content=\"article\" \/>\n<meta property=\"og:title\" content=\"Pa de Xia - Herbolari Merc\u00e8 Pa de massa mare d&#039;espelta antiga\" \/>\n<meta property=\"og:description\" content=\"Tasta l&#039;aut\u00e8ntic pa de massa mare d&#039;espelta antiga integral. Elaborat amb llarga fermentaci\u00f3, ch\u00eda i sarra\u00ed per a una digesti\u00f3 perfecta.\" \/>\n<meta property=\"og:url\" content=\"https:\/\/herboristeriamerce.com\/es\/herboristeria-online\/alimentacio-saludable\/pa\/2635-pa-de-massa-mare-despelta-antiga\/\" \/>\n<meta property=\"og:site_name\" content=\"Herbolari Merc\u00e8\" \/>\n<meta property=\"og:image\" content=\"https:\/\/herboristeriamerce.com\/wp-content\/uploads\/2026\/03\/chia-min.png\" \/>\n\t<meta property=\"og:image:width\" content=\"414\" \/>\n\t<meta property=\"og:image:height\" content=\"387\" \/>\n\t<meta property=\"og:image:type\" content=\"image\/png\" \/>\n<meta name=\"twitter:card\" content=\"summary_large_image\" \/>\n<meta name=\"twitter:label1\" content=\"Tiempo de lectura\" \/>\n\t<meta name=\"twitter:data1\" content=\"2 minutos\" \/>\n<script type=\"application\/ld+json\" class=\"yoast-schema-graph\">{\"@context\":\"https:\\\/\\\/schema.org\",\"@graph\":[{\"@type\":\"WebPage\",\"@id\":\"https:\\\/\\\/herboristeriamerce.com\\\/herboristeria-online\\\/alimentacio-saludable\\\/pa\\\/2635-pa-de-massa-mare-despelta-antiga\\\/\",\"url\":\"https:\\\/\\\/herboristeriamerce.com\\\/herboristeria-online\\\/alimentacio-saludable\\\/pa\\\/2635-pa-de-massa-mare-despelta-antiga\\\/\",\"name\":\"Pa de Xia - Herbolari Merc\u00e8 Pa de massa mare d'espelta antiga\",\"isPartOf\":{\"@id\":\"https:\\\/\\\/herboristeriamerce.com\\\/#website\"},\"primaryImageOfPage\":{\"@id\":\"https:\\\/\\\/herboristeriamerce.com\\\/herboristeria-online\\\/alimentacio-saludable\\\/pa\\\/2635-pa-de-massa-mare-despelta-antiga\\\/#primaryimage\"},\"image\":{\"@id\":\"https:\\\/\\\/herboristeriamerce.com\\\/herboristeria-online\\\/alimentacio-saludable\\\/pa\\\/2635-pa-de-massa-mare-despelta-antiga\\\/#primaryimage\"},\"thumbnailUrl\":\"https:\\\/\\\/herboristeriamerce.com\\\/wp-content\\\/uploads\\\/2026\\\/03\\\/chia-min.png\",\"datePublished\":\"2026-03-12T12:34:03+00:00\",\"description\":\"Tasta l'aut\u00e8ntic pa de massa mare d'espelta antiga integral. Elaborat amb llarga fermentaci\u00f3, ch\u00eda i sarra\u00ed per a una digesti\u00f3 perfecta.\",\"breadcrumb\":{\"@id\":\"https:\\\/\\\/herboristeriamerce.com\\\/herboristeria-online\\\/alimentacio-saludable\\\/pa\\\/2635-pa-de-massa-mare-despelta-antiga\\\/#breadcrumb\"},\"inLanguage\":\"es\",\"potentialAction\":[{\"@type\":\"ReadAction\",\"target\":[\"https:\\\/\\\/herboristeriamerce.com\\\/herboristeria-online\\\/alimentacio-saludable\\\/pa\\\/2635-pa-de-massa-mare-despelta-antiga\\\/\"]}]},{\"@type\":\"ImageObject\",\"inLanguage\":\"es\",\"@id\":\"https:\\\/\\\/herboristeriamerce.com\\\/herboristeria-online\\\/alimentacio-saludable\\\/pa\\\/2635-pa-de-massa-mare-despelta-antiga\\\/#primaryimage\",\"url\":\"https:\\\/\\\/herboristeriamerce.com\\\/wp-content\\\/uploads\\\/2026\\\/03\\\/chia-min.png\",\"contentUrl\":\"https:\\\/\\\/herboristeriamerce.com\\\/wp-content\\\/uploads\\\/2026\\\/03\\\/chia-min.png\",\"width\":414,\"height\":387},{\"@type\":\"BreadcrumbList\",\"@id\":\"https:\\\/\\\/herboristeriamerce.com\\\/herboristeria-online\\\/alimentacio-saludable\\\/pa\\\/2635-pa-de-massa-mare-despelta-antiga\\\/#breadcrumb\",\"itemListElement\":[{\"@type\":\"ListItem\",\"position\":1,\"name\":\"Inici\",\"item\":\"https:\\\/\\\/herboristeriamerce.com\\\/\"},{\"@type\":\"ListItem\",\"position\":2,\"name\":\"Herboristeria online\",\"item\":\"https:\\\/\\\/herboristeriamerce.com\\\/herboristeria-online\\\/\"},{\"@type\":\"ListItem\",\"position\":3,\"name\":\"Pa de Xia\"}]},{\"@type\":\"WebSite\",\"@id\":\"https:\\\/\\\/herboristeriamerce.com\\\/#website\",\"url\":\"https:\\\/\\\/herboristeriamerce.com\\\/\",\"name\":\"Herbolari Merc\u00e8\",\"description\":\"Herbolari a Terrassa\",\"publisher\":{\"@id\":\"https:\\\/\\\/herboristeriamerce.com\\\/#organization\"},\"potentialAction\":[{\"@type\":\"SearchAction\",\"target\":{\"@type\":\"EntryPoint\",\"urlTemplate\":\"https:\\\/\\\/herboristeriamerce.com\\\/?s={search_term_string}\"},\"query-input\":{\"@type\":\"PropertyValueSpecification\",\"valueRequired\":true,\"valueName\":\"search_term_string\"}}],\"inLanguage\":\"es\"},{\"@type\":\"Organization\",\"@id\":\"https:\\\/\\\/herboristeriamerce.com\\\/#organization\",\"name\":\"Herbolari Merc\u00e8\",\"url\":\"https:\\\/\\\/herboristeriamerce.com\\\/\",\"logo\":{\"@type\":\"ImageObject\",\"inLanguage\":\"es\",\"@id\":\"https:\\\/\\\/herboristeriamerce.com\\\/#\\\/schema\\\/logo\\\/image\\\/\",\"url\":\"https:\\\/\\\/herboristeriamerce.com\\\/wp-content\\\/uploads\\\/2025\\\/04\\\/cropped-logo-herboristeria-330x168-229w.webp\",\"contentUrl\":\"https:\\\/\\\/herboristeriamerce.com\\\/wp-content\\\/uploads\\\/2025\\\/04\\\/cropped-logo-herboristeria-330x168-229w.webp\",\"width\":230,\"height\":117,\"caption\":\"Herbolari Merc\u00e8\"},\"image\":{\"@id\":\"https:\\\/\\\/herboristeriamerce.com\\\/#\\\/schema\\\/logo\\\/image\\\/\"}}]}<\/script>\n<!-- \/ Yoast SEO plugin. -->","yoast_head_json":{"title":"Pa de Xia - Herbolari Merc\u00e8 Pa de massa mare d'espelta antiga","description":"Tasta l'aut\u00e8ntic pa de massa mare d'espelta antiga integral. Elaborat amb llarga fermentaci\u00f3, ch\u00eda i sarra\u00ed per a una digesti\u00f3 perfecta.","robots":{"index":"index","follow":"follow","max-snippet":"max-snippet:-1","max-image-preview":"max-image-preview:large","max-video-preview":"max-video-preview:-1"},"canonical":"https:\/\/herboristeriamerce.com\/es\/herboristeria-online\/alimentacio-saludable\/pa\/2635-pa-de-massa-mare-despelta-antiga\/","og_locale":"es_ES","og_type":"article","og_title":"Pa de Xia - Herbolari Merc\u00e8 Pa de massa mare d'espelta antiga","og_description":"Tasta l'aut\u00e8ntic pa de massa mare d'espelta antiga integral. Elaborat amb llarga fermentaci\u00f3, ch\u00eda i sarra\u00ed per a una digesti\u00f3 perfecta.","og_url":"https:\/\/herboristeriamerce.com\/es\/herboristeria-online\/alimentacio-saludable\/pa\/2635-pa-de-massa-mare-despelta-antiga\/","og_site_name":"Herbolari Merc\u00e8","og_image":[{"width":414,"height":387,"url":"https:\/\/herboristeriamerce.com\/wp-content\/uploads\/2026\/03\/chia-min.png","type":"image\/png"}],"twitter_card":"summary_large_image","twitter_misc":{"Tiempo de lectura":"2 minutos"},"schema":{"@context":"https:\/\/schema.org","@graph":[{"@type":"WebPage","@id":"https:\/\/herboristeriamerce.com\/herboristeria-online\/alimentacio-saludable\/pa\/2635-pa-de-massa-mare-despelta-antiga\/","url":"https:\/\/herboristeriamerce.com\/herboristeria-online\/alimentacio-saludable\/pa\/2635-pa-de-massa-mare-despelta-antiga\/","name":"Pa de Xia - Herbolari Merc\u00e8 Pa de massa mare d'espelta antiga","isPartOf":{"@id":"https:\/\/herboristeriamerce.com\/#website"},"primaryImageOfPage":{"@id":"https:\/\/herboristeriamerce.com\/herboristeria-online\/alimentacio-saludable\/pa\/2635-pa-de-massa-mare-despelta-antiga\/#primaryimage"},"image":{"@id":"https:\/\/herboristeriamerce.com\/herboristeria-online\/alimentacio-saludable\/pa\/2635-pa-de-massa-mare-despelta-antiga\/#primaryimage"},"thumbnailUrl":"https:\/\/herboristeriamerce.com\/wp-content\/uploads\/2026\/03\/chia-min.png","datePublished":"2026-03-12T12:34:03+00:00","description":"Tasta l'aut\u00e8ntic pa de massa mare d'espelta antiga integral. Elaborat amb llarga fermentaci\u00f3, ch\u00eda i sarra\u00ed per a una digesti\u00f3 perfecta.","breadcrumb":{"@id":"https:\/\/herboristeriamerce.com\/herboristeria-online\/alimentacio-saludable\/pa\/2635-pa-de-massa-mare-despelta-antiga\/#breadcrumb"},"inLanguage":"es","potentialAction":[{"@type":"ReadAction","target":["https:\/\/herboristeriamerce.com\/herboristeria-online\/alimentacio-saludable\/pa\/2635-pa-de-massa-mare-despelta-antiga\/"]}]},{"@type":"ImageObject","inLanguage":"es","@id":"https:\/\/herboristeriamerce.com\/herboristeria-online\/alimentacio-saludable\/pa\/2635-pa-de-massa-mare-despelta-antiga\/#primaryimage","url":"https:\/\/herboristeriamerce.com\/wp-content\/uploads\/2026\/03\/chia-min.png","contentUrl":"https:\/\/herboristeriamerce.com\/wp-content\/uploads\/2026\/03\/chia-min.png","width":414,"height":387},{"@type":"BreadcrumbList","@id":"https:\/\/herboristeriamerce.com\/herboristeria-online\/alimentacio-saludable\/pa\/2635-pa-de-massa-mare-despelta-antiga\/#breadcrumb","itemListElement":[{"@type":"ListItem","position":1,"name":"Inici","item":"https:\/\/herboristeriamerce.com\/"},{"@type":"ListItem","position":2,"name":"Herboristeria online","item":"https:\/\/herboristeriamerce.com\/herboristeria-online\/"},{"@type":"ListItem","position":3,"name":"Pa de Xia"}]},{"@type":"WebSite","@id":"https:\/\/herboristeriamerce.com\/#website","url":"https:\/\/herboristeriamerce.com\/","name":"Herbolari Merc\u00e8","description":"Herbolari a Terrassa","publisher":{"@id":"https:\/\/herboristeriamerce.com\/#organization"},"potentialAction":[{"@type":"SearchAction","target":{"@type":"EntryPoint","urlTemplate":"https:\/\/herboristeriamerce.com\/?s={search_term_string}"},"query-input":{"@type":"PropertyValueSpecification","valueRequired":true,"valueName":"search_term_string"}}],"inLanguage":"es"},{"@type":"Organization","@id":"https:\/\/herboristeriamerce.com\/#organization","name":"Herbolari Merc\u00e8","url":"https:\/\/herboristeriamerce.com\/","logo":{"@type":"ImageObject","inLanguage":"es","@id":"https:\/\/herboristeriamerce.com\/#\/schema\/logo\/image\/","url":"https:\/\/herboristeriamerce.com\/wp-content\/uploads\/2025\/04\/cropped-logo-herboristeria-330x168-229w.webp","contentUrl":"https:\/\/herboristeriamerce.com\/wp-content\/uploads\/2025\/04\/cropped-logo-herboristeria-330x168-229w.webp","width":230,"height":117,"caption":"Herbolari Merc\u00e8"},"image":{"@id":"https:\/\/herboristeriamerce.com\/#\/schema\/logo\/image\/"}}]}},"_links":{"self":[{"href":"https:\/\/herboristeriamerce.com\/es\/wp-json\/wp\/v2\/product\/2635","targetHints":{"allow":["GET"]}}],"collection":[{"href":"https:\/\/herboristeriamerce.com\/es\/wp-json\/wp\/v2\/product"}],"about":[{"href":"https:\/\/herboristeriamerce.com\/es\/wp-json\/wp\/v2\/types\/product"}],"replies":[{"embeddable":true,"href":"https:\/\/herboristeriamerce.com\/es\/wp-json\/wp\/v2\/comments?post=2635"}],"wp:featuredmedia":[{"embeddable":true,"href":"https:\/\/herboristeriamerce.com\/es\/wp-json\/wp\/v2\/media\/2636"}],"wp:attachment":[{"href":"https:\/\/herboristeriamerce.com\/es\/wp-json\/wp\/v2\/media?parent=2635"}],"wp:term":[{"taxonomy":"product_brand","embeddable":true,"href":"https:\/\/herboristeriamerce.com\/es\/wp-json\/wp\/v2\/product_brand?post=2635"},{"taxonomy":"product_cat","embeddable":true,"href":"https:\/\/herboristeriamerce.com\/es\/wp-json\/wp\/v2\/product_cat?post=2635"},{"taxonomy":"product_tag","embeddable":true,"href":"https:\/\/herboristeriamerce.com\/es\/wp-json\/wp\/v2\/product_tag?post=2635"}],"curies":[{"name":"wp","href":"https:\/\/api.w.org\/{rel}","templated":true}]}}