{"id":2618,"date":"2026-03-03T17:30:51","date_gmt":"2026-03-03T17:30:51","guid":{"rendered":"https:\/\/herboristeriamerce.com\/?post_type=product&#038;p=2618"},"modified":"2026-03-03T17:30:51","modified_gmt":"2026-03-03T17:30:51","slug":"l-glutamina-recupera-el-teu-teixit-muscular-rapidament","status":"publish","type":"product","link":"https:\/\/herboristeriamerce.com\/es\/herboristeria-online\/sistema-articular\/minerals-vitamines\/l-glutamina-recupera-el-teu-teixit-muscular-rapidament\/","title":{"rendered":"L-Glutamina"},"content":{"rendered":"<h2 data-path-to-node=\"2\">L-Glutamina: L&#8217;aliat per a la teva recuperaci\u00f3<\/h2>\n<p data-path-to-node=\"3\">La <b data-path-to-node=\"3\" data-index-in-node=\"3\">L-Glutamina<\/b> \u00e9s l&#8217;amino\u00e0cid m\u00e9s abundant en els nostres m\u00fasculs. Interv\u00e9 en una gran quantitat de processos corporals vitals per a la salut. Sovint, el cos no en fabrica prou per si mateix. Per aix\u00f2, \u00e9s freq\u00fcent la necessitat d&#8217;un aport extra en la dieta.<\/p>\n<h3 data-path-to-node=\"4\">Recuperaci\u00f3 muscular i prevenci\u00f3 de mol\u00e8sties<\/h3>\n<p data-path-to-node=\"5\">Aquest suplement \u00e9s essencial per a qualsevol esportista exigent. El seu benefici principal \u00e9s que afavoreix la recuperaci\u00f3 muscular despr\u00e9s de l&#8217;entrenament. A m\u00e9s, el seu \u00fas regular ajuda a prevenir les agulletes de forma efica\u00e7. Gr\u00e0cies a la L-Glutamina, el teixit muscular es repara amb molta m\u00e9s celeritat.<\/p>\n<p data-path-to-node=\"6\">Altres avantatges clau d&#8217;aquest amino\u00e0cid s\u00f3n:<\/p>\n<ul data-path-to-node=\"7\">\n<li>\n<p data-path-to-node=\"7,0,0\"><b data-path-to-node=\"7,0,0\" data-index-in-node=\"0\">Refor\u00e7a el sistema immunitari:<\/b> Protegeix el cos durant l&#8217;esfor\u00e7 f\u00edsic intens.<\/p>\n<\/li>\n<li>\n<p data-path-to-node=\"7,1,0\"><b data-path-to-node=\"7,1,0\" data-index-in-node=\"0\">Millora la salut intestinal:<\/b> Actua com a combustible per a les teves c\u00e8l\u00b7lules.<\/p>\n<\/li>\n<li>\n<p data-path-to-node=\"7,2,0\"><b data-path-to-node=\"7,2,0\" data-index-in-node=\"0\">Evita el catabolisme:<\/b> Protegeix la teva massa muscular del desgast excessiu.<\/p>\n<\/li>\n<\/ul>\n<h3 data-path-to-node=\"8\">Rendiment i benestar en cada dosi<\/h3>\n<p data-path-to-node=\"9\">Incorporar aquest amino\u00e0cid a la teva rutina \u00e9s una decisi\u00f3 molt intel\u00b7ligent. T&#8217;ajudar\u00e0 a mantenir el ritme sense patir un esgotament muscular constant. Sent com el teu cos respon millor a cada repte diari. Recupera el teu teixit muscular r\u00e0pidament i assoleix tots els teus objectius esportius amb total seguretat.<\/p>","protected":false},"excerpt":{"rendered":"<p>Millora el teu rendiment amb L-Glutamina<\/p>","protected":false},"featured_media":2619,"comment_status":"open","ping_status":"closed","template":"","meta":{"site-sidebar-layout":"default","site-content-layout":"","ast-site-content-layout":"default","site-content-style":"default","site-sidebar-style":"default","ast-global-header-display":"","ast-banner-title-visibility":"","ast-main-header-display":"","ast-hfb-above-header-display":"","ast-hfb-below-header-display":"","ast-hfb-mobile-header-display":"","site-post-title":"","ast-breadcrumbs-content":"","ast-featured-img":"","footer-sml-layout":"","ast-disable-related-posts":"","theme-transparent-header-meta":"default","adv-header-id-meta":"","stick-header-meta":"","header-above-stick-meta":"","header-main-stick-meta":"","header-below-stick-meta":"","astra-migrate-meta-layouts":"set","ast-page-background-enabled":"default","ast-page-background-meta":{"desktop":{"background-color":"var(--ast-global-color-4)","background-image":"","background-repeat":"repeat","background-position":"center center","background-size":"auto","background-attachment":"scroll","background-type":"","background-media":"","overlay-type":"","overlay-color":"","overlay-opacity":"","overlay-gradient":""},"tablet":{"background-color":"","background-image":"","background-repeat":"repeat","background-position":"center center","background-size":"auto","background-attachment":"scroll","background-type":"","background-media":"","overlay-type":"","overlay-color":"","overlay-opacity":"","overlay-gradient":""},"mobile":{"background-color":"","background-image":"","background-repeat":"repeat","background-position":"center center","background-size":"auto","background-attachment":"scroll","background-type":"","background-media":"","overlay-type":"","overlay-color":"","overlay-opacity":"","overlay-gradient":""}},"ast-content-background-meta":{"desktop":{"background-color":"var(--ast-global-color-5)","background-image":"","background-repeat":"repeat","background-position":"center center","background-size":"auto","background-attachment":"scroll","background-type":"","background-media":"","overlay-type":"","overlay-color":"","overlay-opacity":"","overlay-gradient":""},"tablet":{"background-color":"var(--ast-global-color-5)","background-image":"","background-repeat":"repeat","background-position":"center center","background-size":"auto","background-attachment":"scroll","background-type":"","background-media":"","overlay-type":"","overlay-color":"","overlay-opacity":"","overlay-gradient":""},"mobile":{"background-color":"var(--ast-global-color-5)","background-image":"","background-repeat":"repeat","background-position":"center center","background-size":"auto","background-attachment":"scroll","background-type":"","background-media":"","overlay-type":"","overlay-color":"","overlay-opacity":"","overlay-gradient":""}}},"product_brand":[160],"product_cat":[237,117],"product_tag":[],"class_list":{"0":"post-2618","1":"product","2":"type-product","3":"status-publish","4":"has-post-thumbnail","6":"product_brand-ebers","7":"product_cat-esportistes","8":"product_cat-minerals-vitamines","9":"desktop-align-left","10":"tablet-align-left","11":"mobile-align-left","13":"first","14":"instock","15":"taxable","16":"shipping-taxable","17":"purchasable","18":"product-type-simple"},"yoast_head":"<!-- This site is optimized with the Yoast SEO plugin v26.8 - https:\/\/yoast.com\/product\/yoast-seo-wordpress\/ -->\n<title>L-Glutamina - Herbolari Merc\u00e8 Recupera el teu teixit muscular r\u00e0pidament.<\/title>\n<meta name=\"description\" content=\"Afavoreix la recuperaci\u00f3 i evita les cruixidures amb aquest amino\u00e0cid essencial. Recupera el teu teixit muscular r\u00e0pidament i entrena millor.\" \/>\n<meta name=\"robots\" content=\"index, follow, max-snippet:-1, max-image-preview:large, max-video-preview:-1\" \/>\n<link rel=\"canonical\" href=\"https:\/\/herboristeriamerce.com\/es\/herboristeria-online\/sistema-articular\/minerals-vitamines\/l-glutamina-recupera-el-teu-teixit-muscular-rapidament\/\" \/>\n<meta property=\"og:locale\" content=\"es_ES\" \/>\n<meta property=\"og:type\" content=\"article\" \/>\n<meta property=\"og:title\" content=\"L-Glutamina - Herbolari Merc\u00e8 Recupera el teu teixit muscular r\u00e0pidament.\" \/>\n<meta property=\"og:description\" content=\"Afavoreix la recuperaci\u00f3 i evita les cruixidures amb aquest amino\u00e0cid essencial. Recupera el teu teixit muscular r\u00e0pidament i entrena millor.\" \/>\n<meta property=\"og:url\" content=\"https:\/\/herboristeriamerce.com\/es\/herboristeria-online\/sistema-articular\/minerals-vitamines\/l-glutamina-recupera-el-teu-teixit-muscular-rapidament\/\" \/>\n<meta property=\"og:site_name\" content=\"Herbolari Merc\u00e8\" \/>\n<meta property=\"og:image\" content=\"https:\/\/herboristeriamerce.com\/wp-content\/uploads\/2026\/03\/L-Glutamina-1536x1536-1.webp\" \/>\n\t<meta property=\"og:image:width\" content=\"1536\" \/>\n\t<meta property=\"og:image:height\" content=\"1536\" \/>\n\t<meta property=\"og:image:type\" content=\"image\/webp\" \/>\n<meta name=\"twitter:card\" content=\"summary_large_image\" \/>\n<meta name=\"twitter:label1\" content=\"Tiempo de lectura\" \/>\n\t<meta name=\"twitter:data1\" content=\"2 minutos\" \/>\n<script type=\"application\/ld+json\" class=\"yoast-schema-graph\">{\"@context\":\"https:\/\/schema.org\",\"@graph\":[{\"@type\":\"WebPage\",\"@id\":\"https:\/\/herboristeriamerce.com\/herboristeria-online\/sistema-articular\/minerals-vitamines\/l-glutamina-recupera-el-teu-teixit-muscular-rapidament\/\",\"url\":\"https:\/\/herboristeriamerce.com\/herboristeria-online\/sistema-articular\/minerals-vitamines\/l-glutamina-recupera-el-teu-teixit-muscular-rapidament\/\",\"name\":\"L-Glutamina - Herbolari Merc\u00e8 Recupera el teu teixit muscular r\u00e0pidament.\",\"isPartOf\":{\"@id\":\"https:\/\/herboristeriamerce.com\/#website\"},\"primaryImageOfPage\":{\"@id\":\"https:\/\/herboristeriamerce.com\/herboristeria-online\/sistema-articular\/minerals-vitamines\/l-glutamina-recupera-el-teu-teixit-muscular-rapidament\/#primaryimage\"},\"image\":{\"@id\":\"https:\/\/herboristeriamerce.com\/herboristeria-online\/sistema-articular\/minerals-vitamines\/l-glutamina-recupera-el-teu-teixit-muscular-rapidament\/#primaryimage\"},\"thumbnailUrl\":\"https:\/\/herboristeriamerce.com\/wp-content\/uploads\/2026\/03\/L-Glutamina-1536x1536-1.webp\",\"datePublished\":\"2026-03-03T17:30:51+00:00\",\"description\":\"Afavoreix la recuperaci\u00f3 i evita les cruixidures amb aquest amino\u00e0cid essencial. Recupera el teu teixit muscular r\u00e0pidament i entrena millor.\",\"breadcrumb\":{\"@id\":\"https:\/\/herboristeriamerce.com\/herboristeria-online\/sistema-articular\/minerals-vitamines\/l-glutamina-recupera-el-teu-teixit-muscular-rapidament\/#breadcrumb\"},\"inLanguage\":\"es\",\"potentialAction\":[{\"@type\":\"ReadAction\",\"target\":[\"https:\/\/herboristeriamerce.com\/herboristeria-online\/sistema-articular\/minerals-vitamines\/l-glutamina-recupera-el-teu-teixit-muscular-rapidament\/\"]}]},{\"@type\":\"ImageObject\",\"inLanguage\":\"es\",\"@id\":\"https:\/\/herboristeriamerce.com\/herboristeria-online\/sistema-articular\/minerals-vitamines\/l-glutamina-recupera-el-teu-teixit-muscular-rapidament\/#primaryimage\",\"url\":\"https:\/\/herboristeriamerce.com\/wp-content\/uploads\/2026\/03\/L-Glutamina-1536x1536-1.webp\",\"contentUrl\":\"https:\/\/herboristeriamerce.com\/wp-content\/uploads\/2026\/03\/L-Glutamina-1536x1536-1.webp\",\"width\":1536,\"height\":1536},{\"@type\":\"BreadcrumbList\",\"@id\":\"https:\/\/herboristeriamerce.com\/herboristeria-online\/sistema-articular\/minerals-vitamines\/l-glutamina-recupera-el-teu-teixit-muscular-rapidament\/#breadcrumb\",\"itemListElement\":[{\"@type\":\"ListItem\",\"position\":1,\"name\":\"Inici\",\"item\":\"https:\/\/herboristeriamerce.com\/\"},{\"@type\":\"ListItem\",\"position\":2,\"name\":\"Herboristeria online\",\"item\":\"https:\/\/herboristeriamerce.com\/herboristeria-online\/\"},{\"@type\":\"ListItem\",\"position\":3,\"name\":\"L-Glutamina\"}]},{\"@type\":\"WebSite\",\"@id\":\"https:\/\/herboristeriamerce.com\/#website\",\"url\":\"https:\/\/herboristeriamerce.com\/\",\"name\":\"Herbolari Merc\u00e8\",\"description\":\"Herbolari a Terrassa\",\"publisher\":{\"@id\":\"https:\/\/herboristeriamerce.com\/#organization\"},\"potentialAction\":[{\"@type\":\"SearchAction\",\"target\":{\"@type\":\"EntryPoint\",\"urlTemplate\":\"https:\/\/herboristeriamerce.com\/?s={search_term_string}\"},\"query-input\":{\"@type\":\"PropertyValueSpecification\",\"valueRequired\":true,\"valueName\":\"search_term_string\"}}],\"inLanguage\":\"es\"},{\"@type\":\"Organization\",\"@id\":\"https:\/\/herboristeriamerce.com\/#organization\",\"name\":\"Herbolari Merc\u00e8\",\"url\":\"https:\/\/herboristeriamerce.com\/\",\"logo\":{\"@type\":\"ImageObject\",\"inLanguage\":\"es\",\"@id\":\"https:\/\/herboristeriamerce.com\/#\/schema\/logo\/image\/\",\"url\":\"https:\/\/herboristeriamerce.com\/wp-content\/uploads\/2025\/04\/cropped-logo-herboristeria-330x168-229w.webp\",\"contentUrl\":\"https:\/\/herboristeriamerce.com\/wp-content\/uploads\/2025\/04\/cropped-logo-herboristeria-330x168-229w.webp\",\"width\":230,\"height\":117,\"caption\":\"Herbolari Merc\u00e8\"},\"image\":{\"@id\":\"https:\/\/herboristeriamerce.com\/#\/schema\/logo\/image\/\"}}]}<\/script>\n<!-- \/ Yoast SEO plugin. -->","yoast_head_json":{"title":"L-Glutamina - Herbolari Merc\u00e8 Recupera el teu teixit muscular r\u00e0pidament.","description":"Afavoreix la recuperaci\u00f3 i evita les cruixidures amb aquest amino\u00e0cid essencial. Recupera el teu teixit muscular r\u00e0pidament i entrena millor.","robots":{"index":"index","follow":"follow","max-snippet":"max-snippet:-1","max-image-preview":"max-image-preview:large","max-video-preview":"max-video-preview:-1"},"canonical":"https:\/\/herboristeriamerce.com\/es\/herboristeria-online\/sistema-articular\/minerals-vitamines\/l-glutamina-recupera-el-teu-teixit-muscular-rapidament\/","og_locale":"es_ES","og_type":"article","og_title":"L-Glutamina - Herbolari Merc\u00e8 Recupera el teu teixit muscular r\u00e0pidament.","og_description":"Afavoreix la recuperaci\u00f3 i evita les cruixidures amb aquest amino\u00e0cid essencial. Recupera el teu teixit muscular r\u00e0pidament i entrena millor.","og_url":"https:\/\/herboristeriamerce.com\/es\/herboristeria-online\/sistema-articular\/minerals-vitamines\/l-glutamina-recupera-el-teu-teixit-muscular-rapidament\/","og_site_name":"Herbolari Merc\u00e8","og_image":[{"width":1536,"height":1536,"url":"https:\/\/herboristeriamerce.com\/wp-content\/uploads\/2026\/03\/L-Glutamina-1536x1536-1.webp","type":"image\/webp"}],"twitter_card":"summary_large_image","twitter_misc":{"Tiempo de lectura":"2 minutos"},"schema":{"@context":"https:\/\/schema.org","@graph":[{"@type":"WebPage","@id":"https:\/\/herboristeriamerce.com\/herboristeria-online\/sistema-articular\/minerals-vitamines\/l-glutamina-recupera-el-teu-teixit-muscular-rapidament\/","url":"https:\/\/herboristeriamerce.com\/herboristeria-online\/sistema-articular\/minerals-vitamines\/l-glutamina-recupera-el-teu-teixit-muscular-rapidament\/","name":"L-Glutamina - Herbolari Merc\u00e8 Recupera el teu teixit muscular r\u00e0pidament.","isPartOf":{"@id":"https:\/\/herboristeriamerce.com\/#website"},"primaryImageOfPage":{"@id":"https:\/\/herboristeriamerce.com\/herboristeria-online\/sistema-articular\/minerals-vitamines\/l-glutamina-recupera-el-teu-teixit-muscular-rapidament\/#primaryimage"},"image":{"@id":"https:\/\/herboristeriamerce.com\/herboristeria-online\/sistema-articular\/minerals-vitamines\/l-glutamina-recupera-el-teu-teixit-muscular-rapidament\/#primaryimage"},"thumbnailUrl":"https:\/\/herboristeriamerce.com\/wp-content\/uploads\/2026\/03\/L-Glutamina-1536x1536-1.webp","datePublished":"2026-03-03T17:30:51+00:00","description":"Afavoreix la recuperaci\u00f3 i evita les cruixidures amb aquest amino\u00e0cid essencial. Recupera el teu teixit muscular r\u00e0pidament i entrena millor.","breadcrumb":{"@id":"https:\/\/herboristeriamerce.com\/herboristeria-online\/sistema-articular\/minerals-vitamines\/l-glutamina-recupera-el-teu-teixit-muscular-rapidament\/#breadcrumb"},"inLanguage":"es","potentialAction":[{"@type":"ReadAction","target":["https:\/\/herboristeriamerce.com\/herboristeria-online\/sistema-articular\/minerals-vitamines\/l-glutamina-recupera-el-teu-teixit-muscular-rapidament\/"]}]},{"@type":"ImageObject","inLanguage":"es","@id":"https:\/\/herboristeriamerce.com\/herboristeria-online\/sistema-articular\/minerals-vitamines\/l-glutamina-recupera-el-teu-teixit-muscular-rapidament\/#primaryimage","url":"https:\/\/herboristeriamerce.com\/wp-content\/uploads\/2026\/03\/L-Glutamina-1536x1536-1.webp","contentUrl":"https:\/\/herboristeriamerce.com\/wp-content\/uploads\/2026\/03\/L-Glutamina-1536x1536-1.webp","width":1536,"height":1536},{"@type":"BreadcrumbList","@id":"https:\/\/herboristeriamerce.com\/herboristeria-online\/sistema-articular\/minerals-vitamines\/l-glutamina-recupera-el-teu-teixit-muscular-rapidament\/#breadcrumb","itemListElement":[{"@type":"ListItem","position":1,"name":"Inici","item":"https:\/\/herboristeriamerce.com\/"},{"@type":"ListItem","position":2,"name":"Herboristeria online","item":"https:\/\/herboristeriamerce.com\/herboristeria-online\/"},{"@type":"ListItem","position":3,"name":"L-Glutamina"}]},{"@type":"WebSite","@id":"https:\/\/herboristeriamerce.com\/#website","url":"https:\/\/herboristeriamerce.com\/","name":"Herbolari Merc\u00e8","description":"Herbolari a Terrassa","publisher":{"@id":"https:\/\/herboristeriamerce.com\/#organization"},"potentialAction":[{"@type":"SearchAction","target":{"@type":"EntryPoint","urlTemplate":"https:\/\/herboristeriamerce.com\/?s={search_term_string}"},"query-input":{"@type":"PropertyValueSpecification","valueRequired":true,"valueName":"search_term_string"}}],"inLanguage":"es"},{"@type":"Organization","@id":"https:\/\/herboristeriamerce.com\/#organization","name":"Herbolari Merc\u00e8","url":"https:\/\/herboristeriamerce.com\/","logo":{"@type":"ImageObject","inLanguage":"es","@id":"https:\/\/herboristeriamerce.com\/#\/schema\/logo\/image\/","url":"https:\/\/herboristeriamerce.com\/wp-content\/uploads\/2025\/04\/cropped-logo-herboristeria-330x168-229w.webp","contentUrl":"https:\/\/herboristeriamerce.com\/wp-content\/uploads\/2025\/04\/cropped-logo-herboristeria-330x168-229w.webp","width":230,"height":117,"caption":"Herbolari Merc\u00e8"},"image":{"@id":"https:\/\/herboristeriamerce.com\/#\/schema\/logo\/image\/"}}]}},"_links":{"self":[{"href":"https:\/\/herboristeriamerce.com\/es\/wp-json\/wp\/v2\/product\/2618","targetHints":{"allow":["GET"]}}],"collection":[{"href":"https:\/\/herboristeriamerce.com\/es\/wp-json\/wp\/v2\/product"}],"about":[{"href":"https:\/\/herboristeriamerce.com\/es\/wp-json\/wp\/v2\/types\/product"}],"replies":[{"embeddable":true,"href":"https:\/\/herboristeriamerce.com\/es\/wp-json\/wp\/v2\/comments?post=2618"}],"wp:featuredmedia":[{"embeddable":true,"href":"https:\/\/herboristeriamerce.com\/es\/wp-json\/wp\/v2\/media\/2619"}],"wp:attachment":[{"href":"https:\/\/herboristeriamerce.com\/es\/wp-json\/wp\/v2\/media?parent=2618"}],"wp:term":[{"taxonomy":"product_brand","embeddable":true,"href":"https:\/\/herboristeriamerce.com\/es\/wp-json\/wp\/v2\/product_brand?post=2618"},{"taxonomy":"product_cat","embeddable":true,"href":"https:\/\/herboristeriamerce.com\/es\/wp-json\/wp\/v2\/product_cat?post=2618"},{"taxonomy":"product_tag","embeddable":true,"href":"https:\/\/herboristeriamerce.com\/es\/wp-json\/wp\/v2\/product_tag?post=2618"}],"curies":[{"name":"wp","href":"https:\/\/api.w.org\/{rel}","templated":true}]}}