{"id":2578,"date":"2026-02-26T11:50:30","date_gmt":"2026-02-26T11:50:30","guid":{"rendered":"https:\/\/herboristeriamerce.com\/?post_type=product&#038;p=2578"},"modified":"2026-03-17T12:19:16","modified_gmt":"2026-03-17T12:19:16","slug":"oxi-white","status":"publish","type":"product","link":"https:\/\/herboristeriamerce.com\/es\/herboristeria-online\/llar\/neteja-llar\/roba\/oxi-white\/","title":{"rendered":"Oxi White"},"content":{"rendered":"<h2 data-path-to-node=\"2\">El potenciador del rentat per a roba blanca<\/h2>\n<p data-path-to-node=\"3\">T\u2019has fixat que, amb el pas del temps, les teves peces blanques preferides comencen a agafar un to grisenc o groguenc? Sovint pensem que la lleixiu \u00e9s l&#8217;\u00fanica soluci\u00f3 per recuperar la lluminositat original. No obstant aix\u00f2, aquest qu\u00edmic pot ser molt agressiu amb els teixits i amb el medi ambient. Amb el nou Oxi White de Natulim, el potenciador del rentat per a roba blanca, podr\u00e0s lluir uns blancs radiants sense necessitat de rec\u00f3rrer a productes nocius.<\/p>\n<h3 data-path-to-node=\"4\">Blancura absoluta sense lleixiu<\/h3>\n<p data-path-to-node=\"5\">D\u2019una banda, la f\u00f3rmula mestra de l&#8217;Oxi White ha estat dissenyada per eliminar les taques m\u00e9s dif\u00edcils i revitalitzar les fibres. Aix\u00ed mateix, aquest producte \u00e9s la soluci\u00f3 definitiva per eliminar aquells colls groguencs tan horribles que es formen a les camises. D&#8217;aquesta manera, podr\u00e0s aconseguir un blanc com mai, ja sigui en rentades a m\u00e0quina o a m\u00e0. Nom\u00e9s cal afegir una cullereta amb el teu detergent habitual i posar la rentadora com sempre per veure com les teves peces recuperen la seva vida.<\/p>\n<h3 data-path-to-node=\"6\">Un comprom\u00eds total amb el planeta<\/h3>\n<p data-path-to-node=\"7\">D&#8217;altra banda, l&#8217;efic\u00e0cia no ha d&#8217;estar renyida amb la responsabilitat ecol\u00f2gica.\u00a0 Oxi White compta amb la prestigiosa certificaci\u00f3 Ecocert Ecodetergent, que garanteix l&#8217;\u00fas d&#8217;ingredients respectuosos amb l&#8217;entorn. Tanmateix, seguint la filosofia de residu zero, l&#8217;env\u00e0s est\u00e0 fabricat amb cartr\u00f3 100% FSC i cel\u00b7lulosa reciclada. A m\u00e9s a m\u00e9s, en ser un producte lliure de pl\u00e0stics i totalment reciclable, cuides el planeta mentre elimines els mals olors de la teva colada de manera efica\u00e7.<\/p>\n<h3 data-path-to-node=\"8\">Disseny funcional i sostenible<\/h3>\n<p data-path-to-node=\"9\">A m\u00e9s de la seva pot\u00e8ncia de neteja, s&#8217;ha cuidat cada detall del format. El producte inclou una cullereta dosificadora de canya de sucre, evitant el pl\u00e0stic d&#8217;un sol \u00fas. Gr\u00e0cies a la resist\u00e8ncia del seu env\u00e0s, el producte es conserva perfectament protegit de la humitat, sent molt pr\u00e0ctic d&#8217;emmagatzemar.<\/p>\n<p data-path-to-node=\"10\">En conclusi\u00f3, Oxi White \u00e9s el complement imprescindible per a qui busca una neteja professional, blanca i conscient. Finalment, t&#8217;animem a fer el pas cap a una bugaderia m\u00e9s neta per a tu i per al futur de tots.<\/p>","protected":false},"excerpt":{"rendered":"<p>El potenciador del rentat per a roba blanca T\u2019has fixat que, amb el pas del temps, les teves peces blanques [&hellip;]<\/p>","protected":false},"featured_media":2579,"comment_status":"open","ping_status":"closed","template":"","meta":{"site-sidebar-layout":"default","site-content-layout":"","ast-site-content-layout":"default","site-content-style":"default","site-sidebar-style":"default","ast-global-header-display":"","ast-banner-title-visibility":"","ast-main-header-display":"","ast-hfb-above-header-display":"","ast-hfb-below-header-display":"","ast-hfb-mobile-header-display":"","site-post-title":"","ast-breadcrumbs-content":"","ast-featured-img":"","footer-sml-layout":"","ast-disable-related-posts":"","theme-transparent-header-meta":"default","adv-header-id-meta":"","stick-header-meta":"","header-above-stick-meta":"","header-main-stick-meta":"","header-below-stick-meta":"","astra-migrate-meta-layouts":"set","ast-page-background-enabled":"default","ast-page-background-meta":{"desktop":{"background-color":"var(--ast-global-color-4)","background-image":"","background-repeat":"repeat","background-position":"center center","background-size":"auto","background-attachment":"scroll","background-type":"","background-media":"","overlay-type":"","overlay-color":"","overlay-opacity":"","overlay-gradient":""},"tablet":{"background-color":"","background-image":"","background-repeat":"repeat","background-position":"center center","background-size":"auto","background-attachment":"scroll","background-type":"","background-media":"","overlay-type":"","overlay-color":"","overlay-opacity":"","overlay-gradient":""},"mobile":{"background-color":"","background-image":"","background-repeat":"repeat","background-position":"center center","background-size":"auto","background-attachment":"scroll","background-type":"","background-media":"","overlay-type":"","overlay-color":"","overlay-opacity":"","overlay-gradient":""}},"ast-content-background-meta":{"desktop":{"background-color":"var(--ast-global-color-5)","background-image":"","background-repeat":"repeat","background-position":"center center","background-size":"auto","background-attachment":"scroll","background-type":"","background-media":"","overlay-type":"","overlay-color":"","overlay-opacity":"","overlay-gradient":""},"tablet":{"background-color":"var(--ast-global-color-5)","background-image":"","background-repeat":"repeat","background-position":"center center","background-size":"auto","background-attachment":"scroll","background-type":"","background-media":"","overlay-type":"","overlay-color":"","overlay-opacity":"","overlay-gradient":""},"mobile":{"background-color":"var(--ast-global-color-5)","background-image":"","background-repeat":"repeat","background-position":"center center","background-size":"auto","background-attachment":"scroll","background-type":"","background-media":"","overlay-type":"","overlay-color":"","overlay-opacity":"","overlay-gradient":""}}},"product_brand":[154],"product_cat":[106],"product_tag":[],"class_list":{"0":"post-2578","1":"product","2":"type-product","3":"status-publish","4":"has-post-thumbnail","6":"product_brand-natulim","7":"product_cat-roba","8":"desktop-align-left","9":"tablet-align-left","10":"mobile-align-left","12":"first","13":"instock","14":"taxable","15":"shipping-taxable","16":"purchasable","17":"product-type-simple"},"yoast_head":"<!-- This site is optimized with the Yoast SEO plugin v26.8 - https:\/\/yoast.com\/product\/yoast-seo-wordpress\/ -->\n<title>Oxi White - Herbolari Merc\u00e8 Potenciador del rentat per a roba blanca<\/title>\n<meta name=\"description\" content=\"Aconsegueix blancs radiants sense lleixiu amb el potenciador del rentat per a roba blanca Oxi White de Natulim. Elimina taques i cuida el planeta amb Ecocert.\" \/>\n<meta name=\"robots\" content=\"index, follow, max-snippet:-1, max-image-preview:large, max-video-preview:-1\" \/>\n<link rel=\"canonical\" href=\"https:\/\/herboristeriamerce.com\/es\/herboristeria-online\/llar\/neteja-llar\/roba\/oxi-white\/\" \/>\n<meta property=\"og:locale\" content=\"es_ES\" \/>\n<meta property=\"og:type\" content=\"article\" \/>\n<meta property=\"og:title\" content=\"Oxi White - Herbolari Merc\u00e8 Potenciador del rentat per a roba blanca\" \/>\n<meta property=\"og:description\" content=\"Aconsegueix blancs radiants sense lleixiu amb el potenciador del rentat per a roba blanca Oxi White de Natulim. Elimina taques i cuida el planeta amb Ecocert.\" \/>\n<meta property=\"og:url\" content=\"https:\/\/herboristeriamerce.com\/es\/herboristeria-online\/llar\/neteja-llar\/roba\/oxi-white\/\" \/>\n<meta property=\"og:site_name\" content=\"Herbolari Merc\u00e8\" \/>\n<meta property=\"article:modified_time\" content=\"2026-03-17T12:19:16+00:00\" \/>\n<meta property=\"og:image\" content=\"https:\/\/herboristeriamerce.com\/wp-content\/uploads\/2026\/02\/OXIW_-_PRODUCTOFOTO1_-_ESP-OK-convertido-de-png.webp\" \/>\n\t<meta property=\"og:image:width\" content=\"360\" \/>\n\t<meta property=\"og:image:height\" content=\"360\" \/>\n\t<meta property=\"og:image:type\" content=\"image\/webp\" \/>\n<meta name=\"twitter:card\" content=\"summary_large_image\" \/>\n<meta name=\"twitter:label1\" content=\"Tiempo de lectura\" \/>\n\t<meta name=\"twitter:data1\" content=\"3 minutos\" \/>\n<script type=\"application\/ld+json\" class=\"yoast-schema-graph\">{\"@context\":\"https:\/\/schema.org\",\"@graph\":[{\"@type\":\"WebPage\",\"@id\":\"https:\/\/herboristeriamerce.com\/herboristeria-online\/llar\/neteja-llar\/roba\/oxi-white\/\",\"url\":\"https:\/\/herboristeriamerce.com\/herboristeria-online\/llar\/neteja-llar\/roba\/oxi-white\/\",\"name\":\"Oxi White - Herbolari Merc\u00e8 Potenciador del rentat per a roba blanca\",\"isPartOf\":{\"@id\":\"https:\/\/herboristeriamerce.com\/#website\"},\"primaryImageOfPage\":{\"@id\":\"https:\/\/herboristeriamerce.com\/herboristeria-online\/llar\/neteja-llar\/roba\/oxi-white\/#primaryimage\"},\"image\":{\"@id\":\"https:\/\/herboristeriamerce.com\/herboristeria-online\/llar\/neteja-llar\/roba\/oxi-white\/#primaryimage\"},\"thumbnailUrl\":\"https:\/\/herboristeriamerce.com\/wp-content\/uploads\/2026\/02\/OXIW_-_PRODUCTOFOTO1_-_ESP-OK-convertido-de-png.webp\",\"datePublished\":\"2026-02-26T11:50:30+00:00\",\"dateModified\":\"2026-03-17T12:19:16+00:00\",\"description\":\"Aconsegueix blancs radiants sense lleixiu amb el potenciador del rentat per a roba blanca Oxi White de Natulim. Elimina taques i cuida el planeta amb Ecocert.\",\"breadcrumb\":{\"@id\":\"https:\/\/herboristeriamerce.com\/herboristeria-online\/llar\/neteja-llar\/roba\/oxi-white\/#breadcrumb\"},\"inLanguage\":\"es\",\"potentialAction\":[{\"@type\":\"ReadAction\",\"target\":[\"https:\/\/herboristeriamerce.com\/herboristeria-online\/llar\/neteja-llar\/roba\/oxi-white\/\"]}]},{\"@type\":\"ImageObject\",\"inLanguage\":\"es\",\"@id\":\"https:\/\/herboristeriamerce.com\/herboristeria-online\/llar\/neteja-llar\/roba\/oxi-white\/#primaryimage\",\"url\":\"https:\/\/herboristeriamerce.com\/wp-content\/uploads\/2026\/02\/OXIW_-_PRODUCTOFOTO1_-_ESP-OK-convertido-de-png.webp\",\"contentUrl\":\"https:\/\/herboristeriamerce.com\/wp-content\/uploads\/2026\/02\/OXIW_-_PRODUCTOFOTO1_-_ESP-OK-convertido-de-png.webp\",\"width\":360,\"height\":360},{\"@type\":\"BreadcrumbList\",\"@id\":\"https:\/\/herboristeriamerce.com\/herboristeria-online\/llar\/neteja-llar\/roba\/oxi-white\/#breadcrumb\",\"itemListElement\":[{\"@type\":\"ListItem\",\"position\":1,\"name\":\"Inici\",\"item\":\"https:\/\/herboristeriamerce.com\/\"},{\"@type\":\"ListItem\",\"position\":2,\"name\":\"Herboristeria online\",\"item\":\"https:\/\/herboristeriamerce.com\/herboristeria-online\/\"},{\"@type\":\"ListItem\",\"position\":3,\"name\":\"Oxi White\"}]},{\"@type\":\"WebSite\",\"@id\":\"https:\/\/herboristeriamerce.com\/#website\",\"url\":\"https:\/\/herboristeriamerce.com\/\",\"name\":\"Herbolari Merc\u00e8\",\"description\":\"Herbolari a Terrassa\",\"publisher\":{\"@id\":\"https:\/\/herboristeriamerce.com\/#organization\"},\"potentialAction\":[{\"@type\":\"SearchAction\",\"target\":{\"@type\":\"EntryPoint\",\"urlTemplate\":\"https:\/\/herboristeriamerce.com\/?s={search_term_string}\"},\"query-input\":{\"@type\":\"PropertyValueSpecification\",\"valueRequired\":true,\"valueName\":\"search_term_string\"}}],\"inLanguage\":\"es\"},{\"@type\":\"Organization\",\"@id\":\"https:\/\/herboristeriamerce.com\/#organization\",\"name\":\"Herbolari Merc\u00e8\",\"url\":\"https:\/\/herboristeriamerce.com\/\",\"logo\":{\"@type\":\"ImageObject\",\"inLanguage\":\"es\",\"@id\":\"https:\/\/herboristeriamerce.com\/#\/schema\/logo\/image\/\",\"url\":\"https:\/\/herboristeriamerce.com\/wp-content\/uploads\/2025\/04\/cropped-logo-herboristeria-330x168-229w.webp\",\"contentUrl\":\"https:\/\/herboristeriamerce.com\/wp-content\/uploads\/2025\/04\/cropped-logo-herboristeria-330x168-229w.webp\",\"width\":230,\"height\":117,\"caption\":\"Herbolari Merc\u00e8\"},\"image\":{\"@id\":\"https:\/\/herboristeriamerce.com\/#\/schema\/logo\/image\/\"}}]}<\/script>\n<!-- \/ Yoast SEO plugin. -->","yoast_head_json":{"title":"Oxi White - Herbolari Merc\u00e8 Potenciador del rentat per a roba blanca","description":"Aconsegueix blancs radiants sense lleixiu amb el potenciador del rentat per a roba blanca Oxi White de Natulim. Elimina taques i cuida el planeta amb Ecocert.","robots":{"index":"index","follow":"follow","max-snippet":"max-snippet:-1","max-image-preview":"max-image-preview:large","max-video-preview":"max-video-preview:-1"},"canonical":"https:\/\/herboristeriamerce.com\/es\/herboristeria-online\/llar\/neteja-llar\/roba\/oxi-white\/","og_locale":"es_ES","og_type":"article","og_title":"Oxi White - Herbolari Merc\u00e8 Potenciador del rentat per a roba blanca","og_description":"Aconsegueix blancs radiants sense lleixiu amb el potenciador del rentat per a roba blanca Oxi White de Natulim. Elimina taques i cuida el planeta amb Ecocert.","og_url":"https:\/\/herboristeriamerce.com\/es\/herboristeria-online\/llar\/neteja-llar\/roba\/oxi-white\/","og_site_name":"Herbolari Merc\u00e8","article_modified_time":"2026-03-17T12:19:16+00:00","og_image":[{"width":360,"height":360,"url":"https:\/\/herboristeriamerce.com\/wp-content\/uploads\/2026\/02\/OXIW_-_PRODUCTOFOTO1_-_ESP-OK-convertido-de-png.webp","type":"image\/webp"}],"twitter_card":"summary_large_image","twitter_misc":{"Tiempo de lectura":"3 minutos"},"schema":{"@context":"https:\/\/schema.org","@graph":[{"@type":"WebPage","@id":"https:\/\/herboristeriamerce.com\/herboristeria-online\/llar\/neteja-llar\/roba\/oxi-white\/","url":"https:\/\/herboristeriamerce.com\/herboristeria-online\/llar\/neteja-llar\/roba\/oxi-white\/","name":"Oxi White - Herbolari Merc\u00e8 Potenciador del rentat per a roba blanca","isPartOf":{"@id":"https:\/\/herboristeriamerce.com\/#website"},"primaryImageOfPage":{"@id":"https:\/\/herboristeriamerce.com\/herboristeria-online\/llar\/neteja-llar\/roba\/oxi-white\/#primaryimage"},"image":{"@id":"https:\/\/herboristeriamerce.com\/herboristeria-online\/llar\/neteja-llar\/roba\/oxi-white\/#primaryimage"},"thumbnailUrl":"https:\/\/herboristeriamerce.com\/wp-content\/uploads\/2026\/02\/OXIW_-_PRODUCTOFOTO1_-_ESP-OK-convertido-de-png.webp","datePublished":"2026-02-26T11:50:30+00:00","dateModified":"2026-03-17T12:19:16+00:00","description":"Aconsegueix blancs radiants sense lleixiu amb el potenciador del rentat per a roba blanca Oxi White de Natulim. Elimina taques i cuida el planeta amb Ecocert.","breadcrumb":{"@id":"https:\/\/herboristeriamerce.com\/herboristeria-online\/llar\/neteja-llar\/roba\/oxi-white\/#breadcrumb"},"inLanguage":"es","potentialAction":[{"@type":"ReadAction","target":["https:\/\/herboristeriamerce.com\/herboristeria-online\/llar\/neteja-llar\/roba\/oxi-white\/"]}]},{"@type":"ImageObject","inLanguage":"es","@id":"https:\/\/herboristeriamerce.com\/herboristeria-online\/llar\/neteja-llar\/roba\/oxi-white\/#primaryimage","url":"https:\/\/herboristeriamerce.com\/wp-content\/uploads\/2026\/02\/OXIW_-_PRODUCTOFOTO1_-_ESP-OK-convertido-de-png.webp","contentUrl":"https:\/\/herboristeriamerce.com\/wp-content\/uploads\/2026\/02\/OXIW_-_PRODUCTOFOTO1_-_ESP-OK-convertido-de-png.webp","width":360,"height":360},{"@type":"BreadcrumbList","@id":"https:\/\/herboristeriamerce.com\/herboristeria-online\/llar\/neteja-llar\/roba\/oxi-white\/#breadcrumb","itemListElement":[{"@type":"ListItem","position":1,"name":"Inici","item":"https:\/\/herboristeriamerce.com\/"},{"@type":"ListItem","position":2,"name":"Herboristeria online","item":"https:\/\/herboristeriamerce.com\/herboristeria-online\/"},{"@type":"ListItem","position":3,"name":"Oxi White"}]},{"@type":"WebSite","@id":"https:\/\/herboristeriamerce.com\/#website","url":"https:\/\/herboristeriamerce.com\/","name":"Herbolari Merc\u00e8","description":"Herbolari a Terrassa","publisher":{"@id":"https:\/\/herboristeriamerce.com\/#organization"},"potentialAction":[{"@type":"SearchAction","target":{"@type":"EntryPoint","urlTemplate":"https:\/\/herboristeriamerce.com\/?s={search_term_string}"},"query-input":{"@type":"PropertyValueSpecification","valueRequired":true,"valueName":"search_term_string"}}],"inLanguage":"es"},{"@type":"Organization","@id":"https:\/\/herboristeriamerce.com\/#organization","name":"Herbolari Merc\u00e8","url":"https:\/\/herboristeriamerce.com\/","logo":{"@type":"ImageObject","inLanguage":"es","@id":"https:\/\/herboristeriamerce.com\/#\/schema\/logo\/image\/","url":"https:\/\/herboristeriamerce.com\/wp-content\/uploads\/2025\/04\/cropped-logo-herboristeria-330x168-229w.webp","contentUrl":"https:\/\/herboristeriamerce.com\/wp-content\/uploads\/2025\/04\/cropped-logo-herboristeria-330x168-229w.webp","width":230,"height":117,"caption":"Herbolari Merc\u00e8"},"image":{"@id":"https:\/\/herboristeriamerce.com\/#\/schema\/logo\/image\/"}}]}},"_links":{"self":[{"href":"https:\/\/herboristeriamerce.com\/es\/wp-json\/wp\/v2\/product\/2578","targetHints":{"allow":["GET"]}}],"collection":[{"href":"https:\/\/herboristeriamerce.com\/es\/wp-json\/wp\/v2\/product"}],"about":[{"href":"https:\/\/herboristeriamerce.com\/es\/wp-json\/wp\/v2\/types\/product"}],"replies":[{"embeddable":true,"href":"https:\/\/herboristeriamerce.com\/es\/wp-json\/wp\/v2\/comments?post=2578"}],"wp:featuredmedia":[{"embeddable":true,"href":"https:\/\/herboristeriamerce.com\/es\/wp-json\/wp\/v2\/media\/2579"}],"wp:attachment":[{"href":"https:\/\/herboristeriamerce.com\/es\/wp-json\/wp\/v2\/media?parent=2578"}],"wp:term":[{"taxonomy":"product_brand","embeddable":true,"href":"https:\/\/herboristeriamerce.com\/es\/wp-json\/wp\/v2\/product_brand?post=2578"},{"taxonomy":"product_cat","embeddable":true,"href":"https:\/\/herboristeriamerce.com\/es\/wp-json\/wp\/v2\/product_cat?post=2578"},{"taxonomy":"product_tag","embeddable":true,"href":"https:\/\/herboristeriamerce.com\/es\/wp-json\/wp\/v2\/product_tag?post=2578"}],"curies":[{"name":"wp","href":"https:\/\/api.w.org\/{rel}","templated":true}]}}