{"id":2573,"date":"2026-02-26T11:34:52","date_gmt":"2026-02-26T11:34:52","guid":{"rendered":"https:\/\/herboristeriamerce.com\/?post_type=product&#038;p=2573"},"modified":"2026-02-26T11:34:52","modified_gmt":"2026-02-26T11:34:52","slug":"perles-perfumades-bosc","status":"publish","type":"product","link":"https:\/\/herboristeriamerce.com\/es\/herboristeria-online\/llar\/neteja-llar\/roba\/perles-perfumades-bosc\/","title":{"rendered":"Perles perfumades Bosc"},"content":{"rendered":"<h2 data-path-to-node=\"2\">Revoluciona la teva bugada: Perles perfumades per a la roba<\/h2>\n<p data-path-to-node=\"3\">T\u2019agrada que la teva roba faci una olor fresca i neta durant dies? Sovint, els suavitzants convencionals prometen frag\u00e0ncies intenses, per\u00f2 ho fan mitjan\u00e7ant qu\u00edmics que poden obstruir les fibres dels teixits o irritar la pell. No obstant aix\u00f2, amb les noves perles perfumades per a la roba de Natulim, podr\u00e0s gaudir d\u2019una aroma espectacular sense comprometre la salut de la teva fam\u00edlia ni l\u2019estat de les teves peces preferides.<\/p>\n<h3 data-path-to-node=\"4\">Una frag\u00e0ncia intensa i totalment personalitzable<\/h3>\n<p data-path-to-node=\"5\">D\u2019una banda, el gran avantatge d\u2019aquestes perles \u00e9s la llibertat que t\u2019ofereixen. D\u2019aquesta manera, pots dosificar la quantitat segons el teu olfacte: des de 10 grams per a un toc subtil fins a 20 grams o m\u00e9s per a una explosi\u00f3 de frescor. Pots triar entre tres frag\u00e0ncies \u00faniques: Esp\u00edgol, Floral o Bosc. Aix\u00ed mateix, el seu \u00fas \u00e9s extremadament senzill, ja que nom\u00e9s cal introduir-les directament al tambor de la rentadora abans de posar-hi la roba.<\/p>\n<h3 data-path-to-node=\"6\">L\u2019alternativa segura i sense t\u00f2xics<\/h3>\n<p data-path-to-node=\"7\">D\u2019altra banda, molta gent busca alternatives als suavitzants perqu\u00e8 aquests contenen greixos que impermeabilitzen les tovalloles o danyen la roba esportiva. Tanmateix, les perles de Natulim aromatitzen la colada sense qu\u00edmics nocius. La f\u00f3rmula no t\u00f2xica ha estat pensada per protegir la qualitat de les fibres i \u00e9s apta per a tot tipus de teixits. A m\u00e9s a m\u00e9s, en ser lliures de subst\u00e0ncies agressives, s\u00f3n l\u2019opci\u00f3 ideal per a llars que prioritzen el benestar i la cura de la pell.<\/p>\n<h3 data-path-to-node=\"8\">Sostenibilitat i comoditat a cada rentada<\/h3>\n<p data-path-to-node=\"9\">A m\u00e9s de millorar l\u2019experi\u00e8ncia sensorial de la teva bugada, mantenim el nostre comprom\u00eds amb el planeta. Gr\u00e0cies a la seva efic\u00e0cia en qualsevol programa de rentat, aquestes perles es converteixen en el complement perfecte per al nostre detergent en tires.<\/p>\n<p data-path-to-node=\"10\">En conclusi\u00f3, si vols una roba que faci bona olor durant m\u00e9s temps sense renunciar a una vida lliure de t\u00f2xics, les nostres perles s\u00f3n la soluci\u00f3 definitiva.<\/p>","protected":false},"excerpt":{"rendered":"<p>Revoluciona la teva bugada: Perles perfumades per a la roba T\u2019agrada que la teva roba faci una olor fresca i [&hellip;]<\/p>","protected":false},"featured_media":2574,"comment_status":"open","ping_status":"closed","template":"","meta":{"site-sidebar-layout":"default","site-content-layout":"","ast-site-content-layout":"default","site-content-style":"default","site-sidebar-style":"default","ast-global-header-display":"","ast-banner-title-visibility":"","ast-main-header-display":"","ast-hfb-above-header-display":"","ast-hfb-below-header-display":"","ast-hfb-mobile-header-display":"","site-post-title":"","ast-breadcrumbs-content":"","ast-featured-img":"","footer-sml-layout":"","ast-disable-related-posts":"","theme-transparent-header-meta":"default","adv-header-id-meta":"","stick-header-meta":"","header-above-stick-meta":"","header-main-stick-meta":"","header-below-stick-meta":"","astra-migrate-meta-layouts":"set","ast-page-background-enabled":"default","ast-page-background-meta":{"desktop":{"background-color":"var(--ast-global-color-4)","background-image":"","background-repeat":"repeat","background-position":"center center","background-size":"auto","background-attachment":"scroll","background-type":"","background-media":"","overlay-type":"","overlay-color":"","overlay-opacity":"","overlay-gradient":""},"tablet":{"background-color":"","background-image":"","background-repeat":"repeat","background-position":"center center","background-size":"auto","background-attachment":"scroll","background-type":"","background-media":"","overlay-type":"","overlay-color":"","overlay-opacity":"","overlay-gradient":""},"mobile":{"background-color":"","background-image":"","background-repeat":"repeat","background-position":"center center","background-size":"auto","background-attachment":"scroll","background-type":"","background-media":"","overlay-type":"","overlay-color":"","overlay-opacity":"","overlay-gradient":""}},"ast-content-background-meta":{"desktop":{"background-color":"var(--ast-global-color-5)","background-image":"","background-repeat":"repeat","background-position":"center center","background-size":"auto","background-attachment":"scroll","background-type":"","background-media":"","overlay-type":"","overlay-color":"","overlay-opacity":"","overlay-gradient":""},"tablet":{"background-color":"var(--ast-global-color-5)","background-image":"","background-repeat":"repeat","background-position":"center center","background-size":"auto","background-attachment":"scroll","background-type":"","background-media":"","overlay-type":"","overlay-color":"","overlay-opacity":"","overlay-gradient":""},"mobile":{"background-color":"var(--ast-global-color-5)","background-image":"","background-repeat":"repeat","background-position":"center center","background-size":"auto","background-attachment":"scroll","background-type":"","background-media":"","overlay-type":"","overlay-color":"","overlay-opacity":"","overlay-gradient":""}}},"product_brand":[154],"product_cat":[106],"product_tag":[],"class_list":{"0":"post-2573","1":"product","2":"type-product","3":"status-publish","4":"has-post-thumbnail","6":"product_brand-natulim","7":"product_cat-roba","8":"desktop-align-left","9":"tablet-align-left","10":"mobile-align-left","12":"first","13":"instock","14":"taxable","15":"shipping-taxable","16":"purchasable","17":"product-type-simple"},"yoast_head":"<!-- This site is optimized with the Yoast SEO plugin v26.8 - https:\/\/yoast.com\/product\/yoast-seo-wordpress\/ -->\n<title>Perles perfumades Bosc - Herbolari Merc\u00e8 Perles perfumades per a la roba<\/title>\n<meta name=\"description\" content=\"Aconsegueix una aroma intensa amb les perles perfumades per a la roba de Natulim. Una alternativa sense t\u00f2xics, f\u00e0cil d&#039;usar i apta per a tot tipus de teixits.\" \/>\n<meta name=\"robots\" content=\"index, follow, max-snippet:-1, max-image-preview:large, max-video-preview:-1\" \/>\n<link rel=\"canonical\" href=\"https:\/\/herboristeriamerce.com\/es\/herboristeria-online\/llar\/neteja-llar\/roba\/perles-perfumades-bosc\/\" \/>\n<meta property=\"og:locale\" content=\"es_ES\" \/>\n<meta property=\"og:type\" content=\"article\" \/>\n<meta property=\"og:title\" content=\"Perles perfumades Bosc - Herbolari Merc\u00e8 Perles perfumades per a la roba\" \/>\n<meta property=\"og:description\" content=\"Aconsegueix una aroma intensa amb les perles perfumades per a la roba de Natulim. Una alternativa sense t\u00f2xics, f\u00e0cil d&#039;usar i apta per a tot tipus de teixits.\" \/>\n<meta property=\"og:url\" content=\"https:\/\/herboristeriamerce.com\/es\/herboristeria-online\/llar\/neteja-llar\/roba\/perles-perfumades-bosc\/\" \/>\n<meta property=\"og:site_name\" content=\"Herbolari Merc\u00e8\" \/>\n<meta property=\"og:image\" content=\"https:\/\/herboristeriamerce.com\/wp-content\/uploads\/2026\/02\/PER_-_PRODUCTO_-_AURORA_FOREST_-_ESP-OK-convertido-de-png_13f086d7-f807-4ff9-87ed-17e43a225405.webp\" \/>\n\t<meta property=\"og:image:width\" content=\"600\" \/>\n\t<meta property=\"og:image:height\" content=\"600\" \/>\n\t<meta property=\"og:image:type\" content=\"image\/webp\" \/>\n<meta name=\"twitter:card\" content=\"summary_large_image\" \/>\n<meta name=\"twitter:label1\" content=\"Tiempo de lectura\" \/>\n\t<meta name=\"twitter:data1\" content=\"2 minutos\" \/>\n<script type=\"application\/ld+json\" class=\"yoast-schema-graph\">{\"@context\":\"https:\/\/schema.org\",\"@graph\":[{\"@type\":\"WebPage\",\"@id\":\"https:\/\/herboristeriamerce.com\/herboristeria-online\/llar\/neteja-llar\/roba\/perles-perfumades-bosc\/\",\"url\":\"https:\/\/herboristeriamerce.com\/herboristeria-online\/llar\/neteja-llar\/roba\/perles-perfumades-bosc\/\",\"name\":\"Perles perfumades Bosc - Herbolari Merc\u00e8 Perles perfumades per a la roba\",\"isPartOf\":{\"@id\":\"https:\/\/herboristeriamerce.com\/#website\"},\"primaryImageOfPage\":{\"@id\":\"https:\/\/herboristeriamerce.com\/herboristeria-online\/llar\/neteja-llar\/roba\/perles-perfumades-bosc\/#primaryimage\"},\"image\":{\"@id\":\"https:\/\/herboristeriamerce.com\/herboristeria-online\/llar\/neteja-llar\/roba\/perles-perfumades-bosc\/#primaryimage\"},\"thumbnailUrl\":\"https:\/\/herboristeriamerce.com\/wp-content\/uploads\/2026\/02\/PER_-_PRODUCTO_-_AURORA_FOREST_-_ESP-OK-convertido-de-png_13f086d7-f807-4ff9-87ed-17e43a225405.webp\",\"datePublished\":\"2026-02-26T11:34:52+00:00\",\"description\":\"Aconsegueix una aroma intensa amb les perles perfumades per a la roba de Natulim. Una alternativa sense t\u00f2xics, f\u00e0cil d'usar i apta per a tot tipus de teixits.\",\"breadcrumb\":{\"@id\":\"https:\/\/herboristeriamerce.com\/herboristeria-online\/llar\/neteja-llar\/roba\/perles-perfumades-bosc\/#breadcrumb\"},\"inLanguage\":\"es\",\"potentialAction\":[{\"@type\":\"ReadAction\",\"target\":[\"https:\/\/herboristeriamerce.com\/herboristeria-online\/llar\/neteja-llar\/roba\/perles-perfumades-bosc\/\"]}]},{\"@type\":\"ImageObject\",\"inLanguage\":\"es\",\"@id\":\"https:\/\/herboristeriamerce.com\/herboristeria-online\/llar\/neteja-llar\/roba\/perles-perfumades-bosc\/#primaryimage\",\"url\":\"https:\/\/herboristeriamerce.com\/wp-content\/uploads\/2026\/02\/PER_-_PRODUCTO_-_AURORA_FOREST_-_ESP-OK-convertido-de-png_13f086d7-f807-4ff9-87ed-17e43a225405.webp\",\"contentUrl\":\"https:\/\/herboristeriamerce.com\/wp-content\/uploads\/2026\/02\/PER_-_PRODUCTO_-_AURORA_FOREST_-_ESP-OK-convertido-de-png_13f086d7-f807-4ff9-87ed-17e43a225405.webp\",\"width\":600,\"height\":600},{\"@type\":\"BreadcrumbList\",\"@id\":\"https:\/\/herboristeriamerce.com\/herboristeria-online\/llar\/neteja-llar\/roba\/perles-perfumades-bosc\/#breadcrumb\",\"itemListElement\":[{\"@type\":\"ListItem\",\"position\":1,\"name\":\"Inici\",\"item\":\"https:\/\/herboristeriamerce.com\/\"},{\"@type\":\"ListItem\",\"position\":2,\"name\":\"Herboristeria online\",\"item\":\"https:\/\/herboristeriamerce.com\/herboristeria-online\/\"},{\"@type\":\"ListItem\",\"position\":3,\"name\":\"Perles perfumades Bosc\"}]},{\"@type\":\"WebSite\",\"@id\":\"https:\/\/herboristeriamerce.com\/#website\",\"url\":\"https:\/\/herboristeriamerce.com\/\",\"name\":\"Herbolari Merc\u00e8\",\"description\":\"Herbolari a Terrassa\",\"publisher\":{\"@id\":\"https:\/\/herboristeriamerce.com\/#organization\"},\"potentialAction\":[{\"@type\":\"SearchAction\",\"target\":{\"@type\":\"EntryPoint\",\"urlTemplate\":\"https:\/\/herboristeriamerce.com\/?s={search_term_string}\"},\"query-input\":{\"@type\":\"PropertyValueSpecification\",\"valueRequired\":true,\"valueName\":\"search_term_string\"}}],\"inLanguage\":\"es\"},{\"@type\":\"Organization\",\"@id\":\"https:\/\/herboristeriamerce.com\/#organization\",\"name\":\"Herbolari Merc\u00e8\",\"url\":\"https:\/\/herboristeriamerce.com\/\",\"logo\":{\"@type\":\"ImageObject\",\"inLanguage\":\"es\",\"@id\":\"https:\/\/herboristeriamerce.com\/#\/schema\/logo\/image\/\",\"url\":\"https:\/\/herboristeriamerce.com\/wp-content\/uploads\/2025\/04\/cropped-logo-herboristeria-330x168-229w.webp\",\"contentUrl\":\"https:\/\/herboristeriamerce.com\/wp-content\/uploads\/2025\/04\/cropped-logo-herboristeria-330x168-229w.webp\",\"width\":230,\"height\":117,\"caption\":\"Herbolari Merc\u00e8\"},\"image\":{\"@id\":\"https:\/\/herboristeriamerce.com\/#\/schema\/logo\/image\/\"}}]}<\/script>\n<!-- \/ Yoast SEO plugin. -->","yoast_head_json":{"title":"Perles perfumades Bosc - Herbolari Merc\u00e8 Perles perfumades per a la roba","description":"Aconsegueix una aroma intensa amb les perles perfumades per a la roba de Natulim. Una alternativa sense t\u00f2xics, f\u00e0cil d'usar i apta per a tot tipus de teixits.","robots":{"index":"index","follow":"follow","max-snippet":"max-snippet:-1","max-image-preview":"max-image-preview:large","max-video-preview":"max-video-preview:-1"},"canonical":"https:\/\/herboristeriamerce.com\/es\/herboristeria-online\/llar\/neteja-llar\/roba\/perles-perfumades-bosc\/","og_locale":"es_ES","og_type":"article","og_title":"Perles perfumades Bosc - Herbolari Merc\u00e8 Perles perfumades per a la roba","og_description":"Aconsegueix una aroma intensa amb les perles perfumades per a la roba de Natulim. Una alternativa sense t\u00f2xics, f\u00e0cil d'usar i apta per a tot tipus de teixits.","og_url":"https:\/\/herboristeriamerce.com\/es\/herboristeria-online\/llar\/neteja-llar\/roba\/perles-perfumades-bosc\/","og_site_name":"Herbolari Merc\u00e8","og_image":[{"width":600,"height":600,"url":"https:\/\/herboristeriamerce.com\/wp-content\/uploads\/2026\/02\/PER_-_PRODUCTO_-_AURORA_FOREST_-_ESP-OK-convertido-de-png_13f086d7-f807-4ff9-87ed-17e43a225405.webp","type":"image\/webp"}],"twitter_card":"summary_large_image","twitter_misc":{"Tiempo de lectura":"2 minutos"},"schema":{"@context":"https:\/\/schema.org","@graph":[{"@type":"WebPage","@id":"https:\/\/herboristeriamerce.com\/herboristeria-online\/llar\/neteja-llar\/roba\/perles-perfumades-bosc\/","url":"https:\/\/herboristeriamerce.com\/herboristeria-online\/llar\/neteja-llar\/roba\/perles-perfumades-bosc\/","name":"Perles perfumades Bosc - Herbolari Merc\u00e8 Perles perfumades per a la roba","isPartOf":{"@id":"https:\/\/herboristeriamerce.com\/#website"},"primaryImageOfPage":{"@id":"https:\/\/herboristeriamerce.com\/herboristeria-online\/llar\/neteja-llar\/roba\/perles-perfumades-bosc\/#primaryimage"},"image":{"@id":"https:\/\/herboristeriamerce.com\/herboristeria-online\/llar\/neteja-llar\/roba\/perles-perfumades-bosc\/#primaryimage"},"thumbnailUrl":"https:\/\/herboristeriamerce.com\/wp-content\/uploads\/2026\/02\/PER_-_PRODUCTO_-_AURORA_FOREST_-_ESP-OK-convertido-de-png_13f086d7-f807-4ff9-87ed-17e43a225405.webp","datePublished":"2026-02-26T11:34:52+00:00","description":"Aconsegueix una aroma intensa amb les perles perfumades per a la roba de Natulim. Una alternativa sense t\u00f2xics, f\u00e0cil d'usar i apta per a tot tipus de teixits.","breadcrumb":{"@id":"https:\/\/herboristeriamerce.com\/herboristeria-online\/llar\/neteja-llar\/roba\/perles-perfumades-bosc\/#breadcrumb"},"inLanguage":"es","potentialAction":[{"@type":"ReadAction","target":["https:\/\/herboristeriamerce.com\/herboristeria-online\/llar\/neteja-llar\/roba\/perles-perfumades-bosc\/"]}]},{"@type":"ImageObject","inLanguage":"es","@id":"https:\/\/herboristeriamerce.com\/herboristeria-online\/llar\/neteja-llar\/roba\/perles-perfumades-bosc\/#primaryimage","url":"https:\/\/herboristeriamerce.com\/wp-content\/uploads\/2026\/02\/PER_-_PRODUCTO_-_AURORA_FOREST_-_ESP-OK-convertido-de-png_13f086d7-f807-4ff9-87ed-17e43a225405.webp","contentUrl":"https:\/\/herboristeriamerce.com\/wp-content\/uploads\/2026\/02\/PER_-_PRODUCTO_-_AURORA_FOREST_-_ESP-OK-convertido-de-png_13f086d7-f807-4ff9-87ed-17e43a225405.webp","width":600,"height":600},{"@type":"BreadcrumbList","@id":"https:\/\/herboristeriamerce.com\/herboristeria-online\/llar\/neteja-llar\/roba\/perles-perfumades-bosc\/#breadcrumb","itemListElement":[{"@type":"ListItem","position":1,"name":"Inici","item":"https:\/\/herboristeriamerce.com\/"},{"@type":"ListItem","position":2,"name":"Herboristeria online","item":"https:\/\/herboristeriamerce.com\/herboristeria-online\/"},{"@type":"ListItem","position":3,"name":"Perles perfumades Bosc"}]},{"@type":"WebSite","@id":"https:\/\/herboristeriamerce.com\/#website","url":"https:\/\/herboristeriamerce.com\/","name":"Herbolari Merc\u00e8","description":"Herbolari a Terrassa","publisher":{"@id":"https:\/\/herboristeriamerce.com\/#organization"},"potentialAction":[{"@type":"SearchAction","target":{"@type":"EntryPoint","urlTemplate":"https:\/\/herboristeriamerce.com\/?s={search_term_string}"},"query-input":{"@type":"PropertyValueSpecification","valueRequired":true,"valueName":"search_term_string"}}],"inLanguage":"es"},{"@type":"Organization","@id":"https:\/\/herboristeriamerce.com\/#organization","name":"Herbolari Merc\u00e8","url":"https:\/\/herboristeriamerce.com\/","logo":{"@type":"ImageObject","inLanguage":"es","@id":"https:\/\/herboristeriamerce.com\/#\/schema\/logo\/image\/","url":"https:\/\/herboristeriamerce.com\/wp-content\/uploads\/2025\/04\/cropped-logo-herboristeria-330x168-229w.webp","contentUrl":"https:\/\/herboristeriamerce.com\/wp-content\/uploads\/2025\/04\/cropped-logo-herboristeria-330x168-229w.webp","width":230,"height":117,"caption":"Herbolari Merc\u00e8"},"image":{"@id":"https:\/\/herboristeriamerce.com\/#\/schema\/logo\/image\/"}}]}},"_links":{"self":[{"href":"https:\/\/herboristeriamerce.com\/es\/wp-json\/wp\/v2\/product\/2573","targetHints":{"allow":["GET"]}}],"collection":[{"href":"https:\/\/herboristeriamerce.com\/es\/wp-json\/wp\/v2\/product"}],"about":[{"href":"https:\/\/herboristeriamerce.com\/es\/wp-json\/wp\/v2\/types\/product"}],"replies":[{"embeddable":true,"href":"https:\/\/herboristeriamerce.com\/es\/wp-json\/wp\/v2\/comments?post=2573"}],"wp:featuredmedia":[{"embeddable":true,"href":"https:\/\/herboristeriamerce.com\/es\/wp-json\/wp\/v2\/media\/2574"}],"wp:attachment":[{"href":"https:\/\/herboristeriamerce.com\/es\/wp-json\/wp\/v2\/media?parent=2573"}],"wp:term":[{"taxonomy":"product_brand","embeddable":true,"href":"https:\/\/herboristeriamerce.com\/es\/wp-json\/wp\/v2\/product_brand?post=2573"},{"taxonomy":"product_cat","embeddable":true,"href":"https:\/\/herboristeriamerce.com\/es\/wp-json\/wp\/v2\/product_cat?post=2573"},{"taxonomy":"product_tag","embeddable":true,"href":"https:\/\/herboristeriamerce.com\/es\/wp-json\/wp\/v2\/product_tag?post=2573"}],"curies":[{"name":"wp","href":"https:\/\/api.w.org\/{rel}","templated":true}]}}