{"id":2555,"date":"2026-02-26T10:49:23","date_gmt":"2026-02-26T10:49:23","guid":{"rendered":"https:\/\/herboristeriamerce.com\/?post_type=product&#038;p=2555"},"modified":"2026-02-26T10:49:23","modified_gmt":"2026-02-26T10:49:23","slug":"eco-tires-floral","status":"publish","type":"product","link":"https:\/\/herboristeriamerce.com\/es\/herboristeria-online\/llar\/neteja-llar\/roba\/eco-tires-floral\/","title":{"rendered":"Eco-Tires Floral"},"content":{"rendered":"<h1 data-path-to-node=\"2\">La revoluci\u00f3 del rentat sostenible en tires<\/h1>\n<p data-path-to-node=\"3\">T\u2019has parat mai a pensar en la quantitat de pl\u00e0stic i productes qu\u00edmics que acumulem a la bugaderia? Sovint creiem que per aconseguir una neteja profunda necessitem f\u00f3rmules agressives, per\u00f2 la realitat \u00e9s que pots tenir la teva roba neta i la teva salut i el planeta protegits sense cap esfor\u00e7 addicional. <span class=\"citation-7 citation-end-7\">Amb Natulim, el detergent en tires biodegradables, transformem la teva rutina de neteja en un acte de respecte cap a tu i cap al medi ambient.<\/span><\/p>\n<div class=\"source-inline-chip-container ng-star-inserted\"><\/div>\n<h3 data-path-to-node=\"4\">Efic\u00e0cia real sense t\u00f2xics<\/h3>\n<p data-path-to-node=\"5\">D\u2019una banda, molta gent tem que els productes ecol\u00f2gics no siguin prou potents. No obstant aix\u00f2, Natulim demostra que no cal sacrificar el poder de neteja per ser sostenible. Les nostres tires tenen la mateixa pot\u00e8ncia que els detergents convencionals de primeres marques, eliminant les taques m\u00e9s dif\u00edcils tant en roba blanca com de color. A m\u00e9s, \u00e9s apta per a tot tipus de rentadores i efica\u00e7 fins i tot en aigua freda.<\/p>\n<h3 data-path-to-node=\"6\">Cuida la teva salut hormonal<\/h3>\n<p data-path-to-node=\"7\"><span class=\"citation-6 citation-end-6\">D\u2019altra banda, la majoria de detergents comercials contenen disruptors endocrins.<\/span> Aquestes subst\u00e0ncies qu\u00edmiques poden imitar o bloquejar les teves hormones, afectant negativament persones amb dermatitis, problemes de tiroides o al\u00b7l\u00e8rgies. <span class=\"citation-5\">Natulim elimina totalment aquests riscos amb una f\u00f3rmula <\/span><span class=\"citation-5\">, vegana i <\/span><i data-path-to-node=\"7\" data-index-in-node=\"339\"><span class=\"citation-5\">cruelty-free<\/span><\/i><span class=\"citation-5 citation-end-5\">, sent la millor opci\u00f3 per a les pells m\u00e9s sensibles de la casa.<\/span><\/p>\n<h3 data-path-to-node=\"8\">Un comprom\u00eds total amb el planeta<\/h3>\n<p data-path-to-node=\"9\">A m\u00e9s de cuidar-te a tu, cuida l&#8217;entorn amb un model de residu zero:<\/p>\n<ul data-path-to-node=\"10\">\n<li>\n<p data-path-to-node=\"10,0,0\"><b data-path-to-node=\"10,0,0\" data-index-in-node=\"0\">Zero pl\u00e0stics:<\/b> Digues adeu a les ampolles feixugues. Una tira equival a una rentada.<\/p>\n<\/li>\n<li>\n<p data-path-to-node=\"10,1,0\"><b data-path-to-node=\"10,1,0\" data-index-in-node=\"0\">Biodegradable:<\/b> L&#8217;env\u00e0s de cartr\u00f3 i la tinta ecol\u00f2gica es reciclen completament.<\/p>\n<\/li>\n<li>\n<p data-path-to-node=\"10,2,0\"><b data-path-to-node=\"10,2,0\" data-index-in-node=\"0\">Reducci\u00f3 de CO\u2082:<\/b><span class=\"citation-4 citation-end-4\"> Gr\u00e0cies al seu format lleuger, redu\u00efm un 94% les emissions en el transport.<\/span><\/p>\n<\/li>\n<li>\n<p data-path-to-node=\"10,3,0\"><b data-path-to-node=\"10,3,0\" data-index-in-node=\"0\">Estalvi d&#8217;aigua:<\/b> Consumim un 90% menys d&#8217;aigua en la producci\u00f3 en comparaci\u00f3 amb el detergent l\u00edquid.<\/p>\n<\/li>\n<\/ul>\n<h3 data-path-to-node=\"11\">Estalvi i comoditat a cada rentada<\/h3>\n<p data-path-to-node=\"12\">Finalment, triar Natulim tamb\u00e9 \u00e9s una decisi\u00f3 intel\u00b7ligent per a la teva butxaca. Com que la nostra f\u00f3rmula deixa la roba suau de manera natural, podr\u00e0s estalviar en suavitzant, evitant qu\u00edmics innecessaris que fan malb\u00e9 les fibres dels teixits. Per nom\u00e9s 24 c\u00e8ntims per rentada, tindr\u00e0s una soluci\u00f3 pr\u00e0ctica, neta i compromesa. Nom\u00e9s cal que col\u00b7loquis la tira al tambor o al calaixet&#8230; i oblida-te&#8217;n!<\/p>","protected":false},"excerpt":{"rendered":"<p>La revoluci\u00f3 del rentat sostenible en tires T\u2019has parat mai a pensar en la quantitat de pl\u00e0stic i productes qu\u00edmics [&hellip;]<\/p>","protected":false},"featured_media":2557,"comment_status":"open","ping_status":"closed","template":"","meta":{"site-sidebar-layout":"default","site-content-layout":"","ast-site-content-layout":"default","site-content-style":"default","site-sidebar-style":"default","ast-global-header-display":"","ast-banner-title-visibility":"","ast-main-header-display":"","ast-hfb-above-header-display":"","ast-hfb-below-header-display":"","ast-hfb-mobile-header-display":"","site-post-title":"","ast-breadcrumbs-content":"","ast-featured-img":"","footer-sml-layout":"","ast-disable-related-posts":"","theme-transparent-header-meta":"default","adv-header-id-meta":"","stick-header-meta":"","header-above-stick-meta":"","header-main-stick-meta":"","header-below-stick-meta":"","astra-migrate-meta-layouts":"set","ast-page-background-enabled":"default","ast-page-background-meta":{"desktop":{"background-color":"var(--ast-global-color-4)","background-image":"","background-repeat":"repeat","background-position":"center center","background-size":"auto","background-attachment":"scroll","background-type":"","background-media":"","overlay-type":"","overlay-color":"","overlay-opacity":"","overlay-gradient":""},"tablet":{"background-color":"","background-image":"","background-repeat":"repeat","background-position":"center center","background-size":"auto","background-attachment":"scroll","background-type":"","background-media":"","overlay-type":"","overlay-color":"","overlay-opacity":"","overlay-gradient":""},"mobile":{"background-color":"","background-image":"","background-repeat":"repeat","background-position":"center center","background-size":"auto","background-attachment":"scroll","background-type":"","background-media":"","overlay-type":"","overlay-color":"","overlay-opacity":"","overlay-gradient":""}},"ast-content-background-meta":{"desktop":{"background-color":"var(--ast-global-color-5)","background-image":"","background-repeat":"repeat","background-position":"center center","background-size":"auto","background-attachment":"scroll","background-type":"","background-media":"","overlay-type":"","overlay-color":"","overlay-opacity":"","overlay-gradient":""},"tablet":{"background-color":"var(--ast-global-color-5)","background-image":"","background-repeat":"repeat","background-position":"center center","background-size":"auto","background-attachment":"scroll","background-type":"","background-media":"","overlay-type":"","overlay-color":"","overlay-opacity":"","overlay-gradient":""},"mobile":{"background-color":"var(--ast-global-color-5)","background-image":"","background-repeat":"repeat","background-position":"center center","background-size":"auto","background-attachment":"scroll","background-type":"","background-media":"","overlay-type":"","overlay-color":"","overlay-opacity":"","overlay-gradient":""}}},"product_brand":[154],"product_cat":[106],"product_tag":[188,164],"class_list":{"0":"post-2555","1":"product","2":"type-product","3":"status-publish","4":"has-post-thumbnail","6":"product_brand-natulim","7":"product_cat-roba","8":"product_tag-cruelty-free","9":"product_tag-vegan","10":"desktop-align-left","11":"tablet-align-left","12":"mobile-align-left","14":"first","15":"instock","16":"taxable","17":"shipping-taxable","18":"purchasable","19":"product-type-simple"},"yoast_head":"<!-- This site is optimized with the Yoast SEO plugin v26.8 - https:\/\/yoast.com\/product\/yoast-seo-wordpress\/ -->\n<title>Eco-Tires Floral - Herbolari Merc\u00e8 Detergent en tires ecol\u00f2gic i efica\u00e7<\/title>\n<meta name=\"description\" content=\"Descobreix el detergent en tires ecol\u00f2gic i efica\u00e7 de Natulim. Neteja profunda sense pl\u00e0stics ni t\u00f2xics, ideal per a pells sensibles i el planeta.\" \/>\n<meta name=\"robots\" content=\"index, follow, max-snippet:-1, max-image-preview:large, max-video-preview:-1\" \/>\n<link rel=\"canonical\" href=\"https:\/\/herboristeriamerce.com\/es\/herboristeria-online\/llar\/neteja-llar\/roba\/eco-tires-floral\/\" \/>\n<meta property=\"og:locale\" content=\"es_ES\" \/>\n<meta property=\"og:type\" content=\"article\" \/>\n<meta property=\"og:title\" content=\"Eco-Tires Floral - Herbolari Merc\u00e8 Detergent en tires ecol\u00f2gic i efica\u00e7\" \/>\n<meta property=\"og:description\" content=\"Descobreix el detergent en tires ecol\u00f2gic i efica\u00e7 de Natulim. Neteja profunda sense pl\u00e0stics ni t\u00f2xics, ideal per a pells sensibles i el planeta.\" \/>\n<meta property=\"og:url\" content=\"https:\/\/herboristeriamerce.com\/es\/herboristeria-online\/llar\/neteja-llar\/roba\/eco-tires-floral\/\" \/>\n<meta property=\"og:site_name\" content=\"Herbolari Merc\u00e8\" \/>\n<meta property=\"og:image\" content=\"https:\/\/herboristeriamerce.com\/wp-content\/uploads\/2026\/02\/DET_-_PRODUCTOFOTO_40_-_FLORAL_-_ESP-ok-convertido-de-png_1_37e58e4e-cc18-4964-99e1-e8299dbf8d6f.webp\" \/>\n\t<meta property=\"og:image:width\" content=\"1920\" \/>\n\t<meta property=\"og:image:height\" content=\"1920\" \/>\n\t<meta property=\"og:image:type\" content=\"image\/webp\" \/>\n<meta name=\"twitter:card\" content=\"summary_large_image\" \/>\n<meta name=\"twitter:label1\" content=\"Tiempo de lectura\" \/>\n\t<meta name=\"twitter:data1\" content=\"3 minutos\" \/>\n<script type=\"application\/ld+json\" class=\"yoast-schema-graph\">{\"@context\":\"https:\/\/schema.org\",\"@graph\":[{\"@type\":\"WebPage\",\"@id\":\"https:\/\/herboristeriamerce.com\/herboristeria-online\/llar\/neteja-llar\/roba\/eco-tires-floral\/\",\"url\":\"https:\/\/herboristeriamerce.com\/herboristeria-online\/llar\/neteja-llar\/roba\/eco-tires-floral\/\",\"name\":\"Eco-Tires Floral - Herbolari Merc\u00e8 Detergent en tires ecol\u00f2gic i efica\u00e7\",\"isPartOf\":{\"@id\":\"https:\/\/herboristeriamerce.com\/#website\"},\"primaryImageOfPage\":{\"@id\":\"https:\/\/herboristeriamerce.com\/herboristeria-online\/llar\/neteja-llar\/roba\/eco-tires-floral\/#primaryimage\"},\"image\":{\"@id\":\"https:\/\/herboristeriamerce.com\/herboristeria-online\/llar\/neteja-llar\/roba\/eco-tires-floral\/#primaryimage\"},\"thumbnailUrl\":\"https:\/\/herboristeriamerce.com\/wp-content\/uploads\/2026\/02\/DET_-_PRODUCTOFOTO_40_-_FLORAL_-_ESP-ok-convertido-de-png_1_37e58e4e-cc18-4964-99e1-e8299dbf8d6f.webp\",\"datePublished\":\"2026-02-26T10:49:23+00:00\",\"description\":\"Descobreix el detergent en tires ecol\u00f2gic i efica\u00e7 de Natulim. Neteja profunda sense pl\u00e0stics ni t\u00f2xics, ideal per a pells sensibles i el planeta.\",\"breadcrumb\":{\"@id\":\"https:\/\/herboristeriamerce.com\/herboristeria-online\/llar\/neteja-llar\/roba\/eco-tires-floral\/#breadcrumb\"},\"inLanguage\":\"es\",\"potentialAction\":[{\"@type\":\"ReadAction\",\"target\":[\"https:\/\/herboristeriamerce.com\/herboristeria-online\/llar\/neteja-llar\/roba\/eco-tires-floral\/\"]}]},{\"@type\":\"ImageObject\",\"inLanguage\":\"es\",\"@id\":\"https:\/\/herboristeriamerce.com\/herboristeria-online\/llar\/neteja-llar\/roba\/eco-tires-floral\/#primaryimage\",\"url\":\"https:\/\/herboristeriamerce.com\/wp-content\/uploads\/2026\/02\/DET_-_PRODUCTOFOTO_40_-_FLORAL_-_ESP-ok-convertido-de-png_1_37e58e4e-cc18-4964-99e1-e8299dbf8d6f.webp\",\"contentUrl\":\"https:\/\/herboristeriamerce.com\/wp-content\/uploads\/2026\/02\/DET_-_PRODUCTOFOTO_40_-_FLORAL_-_ESP-ok-convertido-de-png_1_37e58e4e-cc18-4964-99e1-e8299dbf8d6f.webp\",\"width\":1920,\"height\":1920},{\"@type\":\"BreadcrumbList\",\"@id\":\"https:\/\/herboristeriamerce.com\/herboristeria-online\/llar\/neteja-llar\/roba\/eco-tires-floral\/#breadcrumb\",\"itemListElement\":[{\"@type\":\"ListItem\",\"position\":1,\"name\":\"Inici\",\"item\":\"https:\/\/herboristeriamerce.com\/\"},{\"@type\":\"ListItem\",\"position\":2,\"name\":\"Herboristeria online\",\"item\":\"https:\/\/herboristeriamerce.com\/herboristeria-online\/\"},{\"@type\":\"ListItem\",\"position\":3,\"name\":\"Eco-Tires Floral\"}]},{\"@type\":\"WebSite\",\"@id\":\"https:\/\/herboristeriamerce.com\/#website\",\"url\":\"https:\/\/herboristeriamerce.com\/\",\"name\":\"Herbolari Merc\u00e8\",\"description\":\"Herbolari a Terrassa\",\"publisher\":{\"@id\":\"https:\/\/herboristeriamerce.com\/#organization\"},\"potentialAction\":[{\"@type\":\"SearchAction\",\"target\":{\"@type\":\"EntryPoint\",\"urlTemplate\":\"https:\/\/herboristeriamerce.com\/?s={search_term_string}\"},\"query-input\":{\"@type\":\"PropertyValueSpecification\",\"valueRequired\":true,\"valueName\":\"search_term_string\"}}],\"inLanguage\":\"es\"},{\"@type\":\"Organization\",\"@id\":\"https:\/\/herboristeriamerce.com\/#organization\",\"name\":\"Herbolari Merc\u00e8\",\"url\":\"https:\/\/herboristeriamerce.com\/\",\"logo\":{\"@type\":\"ImageObject\",\"inLanguage\":\"es\",\"@id\":\"https:\/\/herboristeriamerce.com\/#\/schema\/logo\/image\/\",\"url\":\"https:\/\/herboristeriamerce.com\/wp-content\/uploads\/2025\/04\/cropped-logo-herboristeria-330x168-229w.webp\",\"contentUrl\":\"https:\/\/herboristeriamerce.com\/wp-content\/uploads\/2025\/04\/cropped-logo-herboristeria-330x168-229w.webp\",\"width\":230,\"height\":117,\"caption\":\"Herbolari Merc\u00e8\"},\"image\":{\"@id\":\"https:\/\/herboristeriamerce.com\/#\/schema\/logo\/image\/\"}}]}<\/script>\n<!-- \/ Yoast SEO plugin. -->","yoast_head_json":{"title":"Eco-Tires Floral - Herbolari Merc\u00e8 Detergent en tires ecol\u00f2gic i efica\u00e7","description":"Descobreix el detergent en tires ecol\u00f2gic i efica\u00e7 de Natulim. Neteja profunda sense pl\u00e0stics ni t\u00f2xics, ideal per a pells sensibles i el planeta.","robots":{"index":"index","follow":"follow","max-snippet":"max-snippet:-1","max-image-preview":"max-image-preview:large","max-video-preview":"max-video-preview:-1"},"canonical":"https:\/\/herboristeriamerce.com\/es\/herboristeria-online\/llar\/neteja-llar\/roba\/eco-tires-floral\/","og_locale":"es_ES","og_type":"article","og_title":"Eco-Tires Floral - Herbolari Merc\u00e8 Detergent en tires ecol\u00f2gic i efica\u00e7","og_description":"Descobreix el detergent en tires ecol\u00f2gic i efica\u00e7 de Natulim. Neteja profunda sense pl\u00e0stics ni t\u00f2xics, ideal per a pells sensibles i el planeta.","og_url":"https:\/\/herboristeriamerce.com\/es\/herboristeria-online\/llar\/neteja-llar\/roba\/eco-tires-floral\/","og_site_name":"Herbolari Merc\u00e8","og_image":[{"width":1920,"height":1920,"url":"https:\/\/herboristeriamerce.com\/wp-content\/uploads\/2026\/02\/DET_-_PRODUCTOFOTO_40_-_FLORAL_-_ESP-ok-convertido-de-png_1_37e58e4e-cc18-4964-99e1-e8299dbf8d6f.webp","type":"image\/webp"}],"twitter_card":"summary_large_image","twitter_misc":{"Tiempo de lectura":"3 minutos"},"schema":{"@context":"https:\/\/schema.org","@graph":[{"@type":"WebPage","@id":"https:\/\/herboristeriamerce.com\/herboristeria-online\/llar\/neteja-llar\/roba\/eco-tires-floral\/","url":"https:\/\/herboristeriamerce.com\/herboristeria-online\/llar\/neteja-llar\/roba\/eco-tires-floral\/","name":"Eco-Tires Floral - Herbolari Merc\u00e8 Detergent en tires ecol\u00f2gic i efica\u00e7","isPartOf":{"@id":"https:\/\/herboristeriamerce.com\/#website"},"primaryImageOfPage":{"@id":"https:\/\/herboristeriamerce.com\/herboristeria-online\/llar\/neteja-llar\/roba\/eco-tires-floral\/#primaryimage"},"image":{"@id":"https:\/\/herboristeriamerce.com\/herboristeria-online\/llar\/neteja-llar\/roba\/eco-tires-floral\/#primaryimage"},"thumbnailUrl":"https:\/\/herboristeriamerce.com\/wp-content\/uploads\/2026\/02\/DET_-_PRODUCTOFOTO_40_-_FLORAL_-_ESP-ok-convertido-de-png_1_37e58e4e-cc18-4964-99e1-e8299dbf8d6f.webp","datePublished":"2026-02-26T10:49:23+00:00","description":"Descobreix el detergent en tires ecol\u00f2gic i efica\u00e7 de Natulim. Neteja profunda sense pl\u00e0stics ni t\u00f2xics, ideal per a pells sensibles i el planeta.","breadcrumb":{"@id":"https:\/\/herboristeriamerce.com\/herboristeria-online\/llar\/neteja-llar\/roba\/eco-tires-floral\/#breadcrumb"},"inLanguage":"es","potentialAction":[{"@type":"ReadAction","target":["https:\/\/herboristeriamerce.com\/herboristeria-online\/llar\/neteja-llar\/roba\/eco-tires-floral\/"]}]},{"@type":"ImageObject","inLanguage":"es","@id":"https:\/\/herboristeriamerce.com\/herboristeria-online\/llar\/neteja-llar\/roba\/eco-tires-floral\/#primaryimage","url":"https:\/\/herboristeriamerce.com\/wp-content\/uploads\/2026\/02\/DET_-_PRODUCTOFOTO_40_-_FLORAL_-_ESP-ok-convertido-de-png_1_37e58e4e-cc18-4964-99e1-e8299dbf8d6f.webp","contentUrl":"https:\/\/herboristeriamerce.com\/wp-content\/uploads\/2026\/02\/DET_-_PRODUCTOFOTO_40_-_FLORAL_-_ESP-ok-convertido-de-png_1_37e58e4e-cc18-4964-99e1-e8299dbf8d6f.webp","width":1920,"height":1920},{"@type":"BreadcrumbList","@id":"https:\/\/herboristeriamerce.com\/herboristeria-online\/llar\/neteja-llar\/roba\/eco-tires-floral\/#breadcrumb","itemListElement":[{"@type":"ListItem","position":1,"name":"Inici","item":"https:\/\/herboristeriamerce.com\/"},{"@type":"ListItem","position":2,"name":"Herboristeria online","item":"https:\/\/herboristeriamerce.com\/herboristeria-online\/"},{"@type":"ListItem","position":3,"name":"Eco-Tires Floral"}]},{"@type":"WebSite","@id":"https:\/\/herboristeriamerce.com\/#website","url":"https:\/\/herboristeriamerce.com\/","name":"Herbolari Merc\u00e8","description":"Herbolari a Terrassa","publisher":{"@id":"https:\/\/herboristeriamerce.com\/#organization"},"potentialAction":[{"@type":"SearchAction","target":{"@type":"EntryPoint","urlTemplate":"https:\/\/herboristeriamerce.com\/?s={search_term_string}"},"query-input":{"@type":"PropertyValueSpecification","valueRequired":true,"valueName":"search_term_string"}}],"inLanguage":"es"},{"@type":"Organization","@id":"https:\/\/herboristeriamerce.com\/#organization","name":"Herbolari Merc\u00e8","url":"https:\/\/herboristeriamerce.com\/","logo":{"@type":"ImageObject","inLanguage":"es","@id":"https:\/\/herboristeriamerce.com\/#\/schema\/logo\/image\/","url":"https:\/\/herboristeriamerce.com\/wp-content\/uploads\/2025\/04\/cropped-logo-herboristeria-330x168-229w.webp","contentUrl":"https:\/\/herboristeriamerce.com\/wp-content\/uploads\/2025\/04\/cropped-logo-herboristeria-330x168-229w.webp","width":230,"height":117,"caption":"Herbolari Merc\u00e8"},"image":{"@id":"https:\/\/herboristeriamerce.com\/#\/schema\/logo\/image\/"}}]}},"_links":{"self":[{"href":"https:\/\/herboristeriamerce.com\/es\/wp-json\/wp\/v2\/product\/2555","targetHints":{"allow":["GET"]}}],"collection":[{"href":"https:\/\/herboristeriamerce.com\/es\/wp-json\/wp\/v2\/product"}],"about":[{"href":"https:\/\/herboristeriamerce.com\/es\/wp-json\/wp\/v2\/types\/product"}],"replies":[{"embeddable":true,"href":"https:\/\/herboristeriamerce.com\/es\/wp-json\/wp\/v2\/comments?post=2555"}],"wp:featuredmedia":[{"embeddable":true,"href":"https:\/\/herboristeriamerce.com\/es\/wp-json\/wp\/v2\/media\/2557"}],"wp:attachment":[{"href":"https:\/\/herboristeriamerce.com\/es\/wp-json\/wp\/v2\/media?parent=2555"}],"wp:term":[{"taxonomy":"product_brand","embeddable":true,"href":"https:\/\/herboristeriamerce.com\/es\/wp-json\/wp\/v2\/product_brand?post=2555"},{"taxonomy":"product_cat","embeddable":true,"href":"https:\/\/herboristeriamerce.com\/es\/wp-json\/wp\/v2\/product_cat?post=2555"},{"taxonomy":"product_tag","embeddable":true,"href":"https:\/\/herboristeriamerce.com\/es\/wp-json\/wp\/v2\/product_tag?post=2555"}],"curies":[{"name":"wp","href":"https:\/\/api.w.org\/{rel}","templated":true}]}}