{"id":2527,"date":"2026-02-10T10:46:05","date_gmt":"2026-02-10T10:46:05","guid":{"rendered":"https:\/\/herboristeriamerce.com\/?post_type=product&#038;p=2527"},"modified":"2026-02-10T10:46:05","modified_gmt":"2026-02-10T10:46:05","slug":"ampolla-phytoretinol","status":"publish","type":"product","link":"https:\/\/herboristeriamerce.com\/es\/herboristeria-online\/cos-i-cara\/facial\/tractaments-facials\/ampolla-phytoretinol\/","title":{"rendered":"Ampolla Phytoretinol"},"content":{"rendered":"<h2 data-path-to-node=\"2\"><b data-path-to-node=\"2\" data-index-in-node=\"0\">Phytoretinol: El poder del bakuchiol per a una pell perfecta<\/b><\/h2>\n<p data-path-to-node=\"3\">Aconseguir els beneficis del retinol sense les seves contraindicacions ja \u00e9s una realitat. Aquest tractament antienvelliment amb un 94,6% d&#8217;ingredients naturals t\u00e9 com a protagonista el bakuchiol, una alternativa d\u2019origen vegetal extreta de les llavors de la planta <i data-path-to-node=\"3\" data-index-in-node=\"266\">Psoralea corylifolia<\/i>. Aquest actiu \u00e9s capa\u00e7 de reduir les l\u00ednies d&#8217;expressi\u00f3 i millorar la textura de la dermis de manera efica\u00e7, per\u00f2 amb una suavitat extrema que la teva pell agrair\u00e0.<\/p>\n<h3 data-path-to-node=\"4\"><b data-path-to-node=\"4\" data-index-in-node=\"0\">Ci\u00e8ncia natural per a tota mena de pells<\/b><\/h3>\n<p data-path-to-node=\"5\">A difer\u00e8ncia del retinol convencional, el bakuchiol no \u00e9s fotosensible ni irritant. Per aquest motiu, aquestes ampolles s\u00f3n l&#8217;opci\u00f3 ideal per a pells sensibles, reactives o aquelles que no toleren b\u00e9 els retinoides sint\u00e8tics. A m\u00e9s, la f\u00f3rmula est\u00e0 enriquida amb <b data-path-to-node=\"5\" data-index-in-node=\"263\">ceramides<\/b>, que reforcen la funci\u00f3 barrera i mantenen la hidrataci\u00f3, i <b data-path-to-node=\"5\" data-index-in-node=\"333\">niacinamida<\/b>, que actua com un excel\u00b7lent seborregulador per minimitzar les imperfeccions.<\/p>\n<p data-path-to-node=\"6\">D&#8217;altra banda, la inclusi\u00f3 de la <b data-path-to-node=\"6\" data-index-in-node=\"33\">centella asi\u00e0tica<\/b> converteix aquest producte en un potent regenerador cel\u00b7lular. Aquest ingredient ajuda a recuperar la pell danyada, aportant una dosi extra de suavitat i elasticitat. Tant si tens la pell seca com si pateixes d&#8217;exc\u00e9s de greix, aquestes ampolles s&#8217;adapten a les teves necessitats, combatent l&#8217;envelliment i millorant la salut cut\u00e0nia global.<\/p>\n<h3 data-path-to-node=\"7\"><b data-path-to-node=\"7\" data-index-in-node=\"0\">Un tractament segur i vers\u00e0til<\/b><\/h3>\n<p data-path-to-node=\"8\">Un dels grans avantatges del bakuchiol \u00e9s la seva seguretat. Com que no reacciona a la llum solar, pots utilitzar aquest tractament de bakuchiol per a arrugues tant de dia com de nit, durant tot l&#8217;any, sense por a taques o irritacions. A m\u00e9s, \u00e9s un producte totalment segur durant l&#8217;embar\u00e0s i la lact\u00e0ncia, permetent-te cuidar la teva bellesa en qualsevol etapa de la vida.<\/p>\n<h3 data-path-to-node=\"9\"><b data-path-to-node=\"9\" data-index-in-node=\"0\">Beneficis clau i aplicaci\u00f3<\/b><\/h3>\n<ul data-path-to-node=\"10\">\n<li>\n<p data-path-to-node=\"10,0,0\"><b data-path-to-node=\"10,0,0\" data-index-in-node=\"0\">Antiedat global:<\/b> Redueix arrugues i millora la fermesa.<\/p>\n<\/li>\n<li>\n<p data-path-to-node=\"10,1,0\"><b data-path-to-node=\"10,1,0\" data-index-in-node=\"0\">Acci\u00f3 antiacn\u00e9:<\/b> Gr\u00e0cies a les seves propietats antis\u00e9ptiques i antiinflamat\u00f2ries.<\/p>\n<\/li>\n<li>\n<p data-path-to-node=\"10,2,0\"><b data-path-to-node=\"10,2,0\" data-index-in-node=\"0\">Hidrataci\u00f3 profunda:<\/b> Les ceramides eviten la p\u00e8rdua d&#8217;aigua transcut\u00e0nia.<\/p>\n<\/li>\n<\/ul>\n<p data-path-to-node=\"11\">Per aplicar-lo, nom\u00e9s cal estendre una petita quantitat sobre la cara neta i seca amb lleugers tocs. La seva textura lleugera s&#8217;absorbeix r\u00e0pidament, deixant la pell preparada per a la teva rutina di\u00e0ria o el teu descans nocturn.<\/p>","protected":false},"excerpt":{"rendered":"<p>Cura Avan\u00e7ada: La Revoluci\u00f3 Natural per a la teva Pell<\/p>","protected":false},"featured_media":2529,"comment_status":"open","ping_status":"closed","template":"","meta":{"site-sidebar-layout":"default","site-content-layout":"","ast-site-content-layout":"default","site-content-style":"default","site-sidebar-style":"default","ast-global-header-display":"","ast-banner-title-visibility":"","ast-main-header-display":"","ast-hfb-above-header-display":"","ast-hfb-below-header-display":"","ast-hfb-mobile-header-display":"","site-post-title":"","ast-breadcrumbs-content":"","ast-featured-img":"","footer-sml-layout":"","ast-disable-related-posts":"","theme-transparent-header-meta":"default","adv-header-id-meta":"","stick-header-meta":"","header-above-stick-meta":"","header-main-stick-meta":"","header-below-stick-meta":"","astra-migrate-meta-layouts":"set","ast-page-background-enabled":"default","ast-page-background-meta":{"desktop":{"background-color":"var(--ast-global-color-4)","background-image":"","background-repeat":"repeat","background-position":"center center","background-size":"auto","background-attachment":"scroll","background-type":"","background-media":"","overlay-type":"","overlay-color":"","overlay-opacity":"","overlay-gradient":""},"tablet":{"background-color":"","background-image":"","background-repeat":"repeat","background-position":"center center","background-size":"auto","background-attachment":"scroll","background-type":"","background-media":"","overlay-type":"","overlay-color":"","overlay-opacity":"","overlay-gradient":""},"mobile":{"background-color":"","background-image":"","background-repeat":"repeat","background-position":"center center","background-size":"auto","background-attachment":"scroll","background-type":"","background-media":"","overlay-type":"","overlay-color":"","overlay-opacity":"","overlay-gradient":""}},"ast-content-background-meta":{"desktop":{"background-color":"var(--ast-global-color-5)","background-image":"","background-repeat":"repeat","background-position":"center center","background-size":"auto","background-attachment":"scroll","background-type":"","background-media":"","overlay-type":"","overlay-color":"","overlay-opacity":"","overlay-gradient":""},"tablet":{"background-color":"var(--ast-global-color-5)","background-image":"","background-repeat":"repeat","background-position":"center center","background-size":"auto","background-attachment":"scroll","background-type":"","background-media":"","overlay-type":"","overlay-color":"","overlay-opacity":"","overlay-gradient":""},"mobile":{"background-color":"var(--ast-global-color-5)","background-image":"","background-repeat":"repeat","background-position":"center center","background-size":"auto","background-attachment":"scroll","background-type":"","background-media":"","overlay-type":"","overlay-color":"","overlay-opacity":"","overlay-gradient":""}}},"product_brand":[140],"product_cat":[91],"product_tag":[164],"class_list":{"0":"post-2527","1":"product","2":"type-product","3":"status-publish","4":"has-post-thumbnail","6":"product_brand-armonia","7":"product_cat-tractaments-facials","8":"product_tag-vegan","9":"desktop-align-left","10":"tablet-align-left","11":"mobile-align-left","13":"first","14":"instock","15":"taxable","16":"shipping-taxable","17":"purchasable","18":"product-type-simple"},"yoast_head":"<!-- This site is optimized with the Yoast SEO plugin v27.5 - https:\/\/yoast.com\/product\/yoast-seo-wordpress\/ -->\n<title>Ampolla Phytoretinol - Herbolari Merc\u00e8 tractament de bakuchiol per a arrugues<\/title>\n<meta name=\"description\" content=\"Descobreix el nostre tractament de bakuchiol per a arrugues amb un 94,6% d&#039;origen natural. Ideal per a pells sensibles, segur en l&#039;embar\u00e0s.\" \/>\n<meta name=\"robots\" content=\"index, follow, max-snippet:-1, max-image-preview:large, max-video-preview:-1\" \/>\n<link rel=\"canonical\" href=\"https:\/\/herboristeriamerce.com\/es\/herboristeria-online\/cos-i-cara\/facial\/tractaments-facials\/ampolla-phytoretinol\/\" \/>\n<meta property=\"og:locale\" content=\"es_ES\" \/>\n<meta property=\"og:type\" content=\"article\" \/>\n<meta property=\"og:title\" content=\"Ampolla Phytoretinol - Herbolari Merc\u00e8 tractament de bakuchiol per a arrugues\" \/>\n<meta property=\"og:description\" content=\"Descobreix el nostre tractament de bakuchiol per a arrugues amb un 94,6% d&#039;origen natural. Ideal per a pells sensibles, segur en l&#039;embar\u00e0s.\" \/>\n<meta property=\"og:url\" content=\"https:\/\/herboristeriamerce.com\/es\/herboristeria-online\/cos-i-cara\/facial\/tractaments-facials\/ampolla-phytoretinol\/\" \/>\n<meta property=\"og:site_name\" content=\"Herbolari Merc\u00e8\" \/>\n<meta property=\"og:image\" content=\"https:\/\/herboristeriamerce.com\/wp-content\/uploads\/2026\/02\/ampollas-phytoretinol.jpg\" \/>\n\t<meta property=\"og:image:width\" content=\"380\" \/>\n\t<meta property=\"og:image:height\" content=\"494\" \/>\n\t<meta property=\"og:image:type\" content=\"image\/jpeg\" \/>\n<meta name=\"twitter:card\" content=\"summary_large_image\" \/>\n<meta name=\"twitter:label1\" content=\"Tiempo de lectura\" \/>\n\t<meta name=\"twitter:data1\" content=\"3 minutos\" \/>\n<script type=\"application\/ld+json\" class=\"yoast-schema-graph\">{\"@context\":\"https:\\\/\\\/schema.org\",\"@graph\":[{\"@type\":\"WebPage\",\"@id\":\"https:\\\/\\\/herboristeriamerce.com\\\/herboristeria-online\\\/cos-i-cara\\\/facial\\\/tractaments-facials\\\/ampolla-phytoretinol\\\/\",\"url\":\"https:\\\/\\\/herboristeriamerce.com\\\/herboristeria-online\\\/cos-i-cara\\\/facial\\\/tractaments-facials\\\/ampolla-phytoretinol\\\/\",\"name\":\"Ampolla Phytoretinol - Herbolari Merc\u00e8 tractament de bakuchiol per a arrugues\",\"isPartOf\":{\"@id\":\"https:\\\/\\\/herboristeriamerce.com\\\/#website\"},\"primaryImageOfPage\":{\"@id\":\"https:\\\/\\\/herboristeriamerce.com\\\/herboristeria-online\\\/cos-i-cara\\\/facial\\\/tractaments-facials\\\/ampolla-phytoretinol\\\/#primaryimage\"},\"image\":{\"@id\":\"https:\\\/\\\/herboristeriamerce.com\\\/herboristeria-online\\\/cos-i-cara\\\/facial\\\/tractaments-facials\\\/ampolla-phytoretinol\\\/#primaryimage\"},\"thumbnailUrl\":\"https:\\\/\\\/herboristeriamerce.com\\\/wp-content\\\/uploads\\\/2026\\\/02\\\/ampollas-phytoretinol.jpg\",\"datePublished\":\"2026-02-10T10:46:05+00:00\",\"description\":\"Descobreix el nostre tractament de bakuchiol per a arrugues amb un 94,6% d'origen natural. Ideal per a pells sensibles, segur en l'embar\u00e0s.\",\"breadcrumb\":{\"@id\":\"https:\\\/\\\/herboristeriamerce.com\\\/herboristeria-online\\\/cos-i-cara\\\/facial\\\/tractaments-facials\\\/ampolla-phytoretinol\\\/#breadcrumb\"},\"inLanguage\":\"es\",\"potentialAction\":[{\"@type\":\"ReadAction\",\"target\":[\"https:\\\/\\\/herboristeriamerce.com\\\/herboristeria-online\\\/cos-i-cara\\\/facial\\\/tractaments-facials\\\/ampolla-phytoretinol\\\/\"]}]},{\"@type\":\"ImageObject\",\"inLanguage\":\"es\",\"@id\":\"https:\\\/\\\/herboristeriamerce.com\\\/herboristeria-online\\\/cos-i-cara\\\/facial\\\/tractaments-facials\\\/ampolla-phytoretinol\\\/#primaryimage\",\"url\":\"https:\\\/\\\/herboristeriamerce.com\\\/wp-content\\\/uploads\\\/2026\\\/02\\\/ampollas-phytoretinol.jpg\",\"contentUrl\":\"https:\\\/\\\/herboristeriamerce.com\\\/wp-content\\\/uploads\\\/2026\\\/02\\\/ampollas-phytoretinol.jpg\",\"width\":380,\"height\":494},{\"@type\":\"BreadcrumbList\",\"@id\":\"https:\\\/\\\/herboristeriamerce.com\\\/herboristeria-online\\\/cos-i-cara\\\/facial\\\/tractaments-facials\\\/ampolla-phytoretinol\\\/#breadcrumb\",\"itemListElement\":[{\"@type\":\"ListItem\",\"position\":1,\"name\":\"Inici\",\"item\":\"https:\\\/\\\/herboristeriamerce.com\\\/\"},{\"@type\":\"ListItem\",\"position\":2,\"name\":\"Herboristeria online\",\"item\":\"https:\\\/\\\/herboristeriamerce.com\\\/herboristeria-online\\\/\"},{\"@type\":\"ListItem\",\"position\":3,\"name\":\"Ampolla Phytoretinol\"}]},{\"@type\":\"WebSite\",\"@id\":\"https:\\\/\\\/herboristeriamerce.com\\\/#website\",\"url\":\"https:\\\/\\\/herboristeriamerce.com\\\/\",\"name\":\"Herbolari Merc\u00e8\",\"description\":\"Herbolari a Terrassa\",\"publisher\":{\"@id\":\"https:\\\/\\\/herboristeriamerce.com\\\/#organization\"},\"potentialAction\":[{\"@type\":\"SearchAction\",\"target\":{\"@type\":\"EntryPoint\",\"urlTemplate\":\"https:\\\/\\\/herboristeriamerce.com\\\/?s={search_term_string}\"},\"query-input\":{\"@type\":\"PropertyValueSpecification\",\"valueRequired\":true,\"valueName\":\"search_term_string\"}}],\"inLanguage\":\"es\"},{\"@type\":\"Organization\",\"@id\":\"https:\\\/\\\/herboristeriamerce.com\\\/#organization\",\"name\":\"Herbolari Merc\u00e8\",\"url\":\"https:\\\/\\\/herboristeriamerce.com\\\/\",\"logo\":{\"@type\":\"ImageObject\",\"inLanguage\":\"es\",\"@id\":\"https:\\\/\\\/herboristeriamerce.com\\\/#\\\/schema\\\/logo\\\/image\\\/\",\"url\":\"https:\\\/\\\/herboristeriamerce.com\\\/wp-content\\\/uploads\\\/2025\\\/04\\\/cropped-logo-herboristeria-330x168-229w.webp\",\"contentUrl\":\"https:\\\/\\\/herboristeriamerce.com\\\/wp-content\\\/uploads\\\/2025\\\/04\\\/cropped-logo-herboristeria-330x168-229w.webp\",\"width\":230,\"height\":117,\"caption\":\"Herbolari Merc\u00e8\"},\"image\":{\"@id\":\"https:\\\/\\\/herboristeriamerce.com\\\/#\\\/schema\\\/logo\\\/image\\\/\"}}]}<\/script>\n<!-- \/ Yoast SEO plugin. -->","yoast_head_json":{"title":"Ampolla Phytoretinol - Herbolari Merc\u00e8 tractament de bakuchiol per a arrugues","description":"Descobreix el nostre tractament de bakuchiol per a arrugues amb un 94,6% d'origen natural. Ideal per a pells sensibles, segur en l'embar\u00e0s.","robots":{"index":"index","follow":"follow","max-snippet":"max-snippet:-1","max-image-preview":"max-image-preview:large","max-video-preview":"max-video-preview:-1"},"canonical":"https:\/\/herboristeriamerce.com\/es\/herboristeria-online\/cos-i-cara\/facial\/tractaments-facials\/ampolla-phytoretinol\/","og_locale":"es_ES","og_type":"article","og_title":"Ampolla Phytoretinol - Herbolari Merc\u00e8 tractament de bakuchiol per a arrugues","og_description":"Descobreix el nostre tractament de bakuchiol per a arrugues amb un 94,6% d'origen natural. Ideal per a pells sensibles, segur en l'embar\u00e0s.","og_url":"https:\/\/herboristeriamerce.com\/es\/herboristeria-online\/cos-i-cara\/facial\/tractaments-facials\/ampolla-phytoretinol\/","og_site_name":"Herbolari Merc\u00e8","og_image":[{"width":380,"height":494,"url":"https:\/\/herboristeriamerce.com\/wp-content\/uploads\/2026\/02\/ampollas-phytoretinol.jpg","type":"image\/jpeg"}],"twitter_card":"summary_large_image","twitter_misc":{"Tiempo de lectura":"3 minutos"},"schema":{"@context":"https:\/\/schema.org","@graph":[{"@type":"WebPage","@id":"https:\/\/herboristeriamerce.com\/herboristeria-online\/cos-i-cara\/facial\/tractaments-facials\/ampolla-phytoretinol\/","url":"https:\/\/herboristeriamerce.com\/herboristeria-online\/cos-i-cara\/facial\/tractaments-facials\/ampolla-phytoretinol\/","name":"Ampolla Phytoretinol - Herbolari Merc\u00e8 tractament de bakuchiol per a arrugues","isPartOf":{"@id":"https:\/\/herboristeriamerce.com\/#website"},"primaryImageOfPage":{"@id":"https:\/\/herboristeriamerce.com\/herboristeria-online\/cos-i-cara\/facial\/tractaments-facials\/ampolla-phytoretinol\/#primaryimage"},"image":{"@id":"https:\/\/herboristeriamerce.com\/herboristeria-online\/cos-i-cara\/facial\/tractaments-facials\/ampolla-phytoretinol\/#primaryimage"},"thumbnailUrl":"https:\/\/herboristeriamerce.com\/wp-content\/uploads\/2026\/02\/ampollas-phytoretinol.jpg","datePublished":"2026-02-10T10:46:05+00:00","description":"Descobreix el nostre tractament de bakuchiol per a arrugues amb un 94,6% d'origen natural. Ideal per a pells sensibles, segur en l'embar\u00e0s.","breadcrumb":{"@id":"https:\/\/herboristeriamerce.com\/herboristeria-online\/cos-i-cara\/facial\/tractaments-facials\/ampolla-phytoretinol\/#breadcrumb"},"inLanguage":"es","potentialAction":[{"@type":"ReadAction","target":["https:\/\/herboristeriamerce.com\/herboristeria-online\/cos-i-cara\/facial\/tractaments-facials\/ampolla-phytoretinol\/"]}]},{"@type":"ImageObject","inLanguage":"es","@id":"https:\/\/herboristeriamerce.com\/herboristeria-online\/cos-i-cara\/facial\/tractaments-facials\/ampolla-phytoretinol\/#primaryimage","url":"https:\/\/herboristeriamerce.com\/wp-content\/uploads\/2026\/02\/ampollas-phytoretinol.jpg","contentUrl":"https:\/\/herboristeriamerce.com\/wp-content\/uploads\/2026\/02\/ampollas-phytoretinol.jpg","width":380,"height":494},{"@type":"BreadcrumbList","@id":"https:\/\/herboristeriamerce.com\/herboristeria-online\/cos-i-cara\/facial\/tractaments-facials\/ampolla-phytoretinol\/#breadcrumb","itemListElement":[{"@type":"ListItem","position":1,"name":"Inici","item":"https:\/\/herboristeriamerce.com\/"},{"@type":"ListItem","position":2,"name":"Herboristeria online","item":"https:\/\/herboristeriamerce.com\/herboristeria-online\/"},{"@type":"ListItem","position":3,"name":"Ampolla Phytoretinol"}]},{"@type":"WebSite","@id":"https:\/\/herboristeriamerce.com\/#website","url":"https:\/\/herboristeriamerce.com\/","name":"Herbolari Merc\u00e8","description":"Herbolari a Terrassa","publisher":{"@id":"https:\/\/herboristeriamerce.com\/#organization"},"potentialAction":[{"@type":"SearchAction","target":{"@type":"EntryPoint","urlTemplate":"https:\/\/herboristeriamerce.com\/?s={search_term_string}"},"query-input":{"@type":"PropertyValueSpecification","valueRequired":true,"valueName":"search_term_string"}}],"inLanguage":"es"},{"@type":"Organization","@id":"https:\/\/herboristeriamerce.com\/#organization","name":"Herbolari Merc\u00e8","url":"https:\/\/herboristeriamerce.com\/","logo":{"@type":"ImageObject","inLanguage":"es","@id":"https:\/\/herboristeriamerce.com\/#\/schema\/logo\/image\/","url":"https:\/\/herboristeriamerce.com\/wp-content\/uploads\/2025\/04\/cropped-logo-herboristeria-330x168-229w.webp","contentUrl":"https:\/\/herboristeriamerce.com\/wp-content\/uploads\/2025\/04\/cropped-logo-herboristeria-330x168-229w.webp","width":230,"height":117,"caption":"Herbolari Merc\u00e8"},"image":{"@id":"https:\/\/herboristeriamerce.com\/#\/schema\/logo\/image\/"}}]}},"_links":{"self":[{"href":"https:\/\/herboristeriamerce.com\/es\/wp-json\/wp\/v2\/product\/2527","targetHints":{"allow":["GET"]}}],"collection":[{"href":"https:\/\/herboristeriamerce.com\/es\/wp-json\/wp\/v2\/product"}],"about":[{"href":"https:\/\/herboristeriamerce.com\/es\/wp-json\/wp\/v2\/types\/product"}],"replies":[{"embeddable":true,"href":"https:\/\/herboristeriamerce.com\/es\/wp-json\/wp\/v2\/comments?post=2527"}],"wp:featuredmedia":[{"embeddable":true,"href":"https:\/\/herboristeriamerce.com\/es\/wp-json\/wp\/v2\/media\/2529"}],"wp:attachment":[{"href":"https:\/\/herboristeriamerce.com\/es\/wp-json\/wp\/v2\/media?parent=2527"}],"wp:term":[{"taxonomy":"product_brand","embeddable":true,"href":"https:\/\/herboristeriamerce.com\/es\/wp-json\/wp\/v2\/product_brand?post=2527"},{"taxonomy":"product_cat","embeddable":true,"href":"https:\/\/herboristeriamerce.com\/es\/wp-json\/wp\/v2\/product_cat?post=2527"},{"taxonomy":"product_tag","embeddable":true,"href":"https:\/\/herboristeriamerce.com\/es\/wp-json\/wp\/v2\/product_tag?post=2527"}],"curies":[{"name":"wp","href":"https:\/\/api.w.org\/{rel}","templated":true}]}}