{"id":2411,"date":"2025-11-28T12:10:29","date_gmt":"2025-11-28T12:10:29","guid":{"rendered":"https:\/\/herboristeriamerce.com\/?post_type=product&#038;p=2411"},"modified":"2025-11-28T12:10:29","modified_gmt":"2025-11-28T12:10:29","slug":"seagreen-protegeix-la-salut-dental-de-la-teva-mascota","status":"publish","type":"product","link":"https:\/\/herboristeriamerce.com\/es\/herboristeria-online\/mascotes\/seagreen-protegeix-la-salut-dental-de-la-teva-mascota\/","title":{"rendered":"Seagreen"},"content":{"rendered":"<h3>\ud83c\udf0a L&#8217;Alga <i>Ascophyllum nodosum<\/i>: \u00danic Ingredient<\/h3>\n<p data-path-to-node=\"5\">La pot\u00e8ncia d&#8217;aquest complement resideix en la seva simplicitat: cont\u00e9 un \u00fanic ingredient, l&#8217;alga <b>*Ascophyllum nodosum*<\/b> en pols al <span class=\"math-inline\" data-math=\"100\\%\">$100\\%$<\/span>, sense additius, conservants ni colorants. A m\u00e9s a m\u00e9s, aquesta alga \u00e9s obtinguda de forma sostenible al <b>Nord de l&#8217;Atl\u00e0ntic, a Noruega<\/b>, garantint la m\u00e0xima qualitat.<\/p>\n<h3>\ud83e\uddb7 Beneficis Dentals i Antiplaca<\/h3>\n<p data-path-to-node=\"7\">Un dels punts forts del <i>Ascophyllum nodosum<\/i> \u00e9s el seu impacte positiu en la higiene bucal. Aix\u00ed doncs, el producte:<\/p>\n<ul data-path-to-node=\"8\">\n<li>\n<p data-path-to-node=\"8,0,0\"><b>Prev\u00e9 la Placa:<\/b> Despr\u00e9s de v\u00e0ries setmanes d&#8217;\u00fas, actua <b>impedint l&#8217;adhesi\u00f3 de placa bacteriana<\/b> a les dents.<\/p>\n<\/li>\n<li>\n<p data-path-to-node=\"8,1,0\"><b>Combat el Mal Al\u00e8:<\/b> Ajuda a cuidar l&#8217;estat de les dents i les genives, la qual cosa <b>conseg\u00fcentment<\/b> redueix el mal al\u00e8.<\/p>\n<\/li>\n<\/ul>\n<h3>\u2728 Nutrient Booster i Cura del P\u00e8l<\/h3>\n<p data-path-to-node=\"10\">No obstant aix\u00f2, els beneficis de l&#8217;alga van molt m\u00e9s enll\u00e0 de la boca. El <i>Ascophyllum nodosum<\/i> \u00e9s una gran font de nutrients essencials per a la salut general:<\/p>\n<ul data-path-to-node=\"11\">\n<li>\n<p data-path-to-node=\"11,0,0\"><b>Minerals:<\/b> \u00c9s rica en <b>Magnesi, Iode, Potassi, Calci, F\u00f2sfor i Mangan\u00e8s<\/b>, crucials per a diverses funcions org\u00e0niques.<\/p>\n<\/li>\n<li>\n<p data-path-to-node=\"11,1,0\"><b>Vitamines:<\/b> Cont\u00e9 una gran varietat de vitamines.<\/p>\n<\/li>\n<li>\n<p data-path-to-node=\"11,2,0\"><b>Fibra Diet\u00e8tica:<\/b> Inclou <b>algina<\/b>, un polisac\u00e0rid que pot ajudar a normalitzar la funci\u00f3 intestinal.<\/p>\n<\/li>\n<\/ul>\n<p data-path-to-node=\"12\">Per tot aix\u00f2, actua com un excel\u00b7lent complement nutricional, millorant l&#8217;estat del p\u00e8l i la salut general dels animals. Protegeix la salut dental i millora el p\u00e8l de la teva mascota amb l&#8217;alga <i>Ascophyllum nodosum<\/i>, de manera natural i efectiva.<\/p>\n<h3>\ud83e\udd44 Mode d&#8217;Administraci\u00f3 i Advert\u00e8ncia<\/h3>\n<p data-path-to-node=\"14\">El producte \u00e9s molt f\u00e0cil d&#8217;administrar:<\/p>\n<ul data-path-to-node=\"15\">\n<li>\n<p data-path-to-node=\"15,0,0\"><b>Dosificaci\u00f3:<\/b> Afegir el pols a l&#8217;aliment una vegada al dia. La mesura \u00e9s una cullerada dosificadora per cada <span class=\"math-inline\" data-math=\"10\\text{ kg}\">10kg<\/span>\u00a0de pes de l&#8217;animal.<\/p>\n<\/li>\n<li>\n<p data-path-to-node=\"15,1,0\"><b>Presentaci\u00f3:<\/b> Env\u00e0s de <span class=\"math-inline\" data-math=\"100\\text{ gr}\">100gr <\/span>amb cullereta dosificadora inclosa.<\/p>\n<\/li>\n<\/ul>\n<p data-path-to-node=\"16\">Finalment, \u00e9s important subratllar que no es recomana en animals amb hipertiro\u00efdisme a causa del seu alt contingut en iode. Per tant, cal consultar un professional veterinari abans de comen\u00e7ar la seva utilitzaci\u00f3.<\/p>","protected":false},"excerpt":{"rendered":"<p>Aquest \u00e9s un complement alimentari 1<span class=\"math-inline\" data-math=\"100\\%\">00%<\/span>\u00a0natural en pols per a gossos i gats, amb un \u00fanic ingredient: l&#8217;alga noruega <b><i>Ascophyllum nodosum<\/i><\/b>.<\/p>","protected":false},"featured_media":2412,"comment_status":"open","ping_status":"closed","template":"","meta":{"site-sidebar-layout":"default","site-content-layout":"","ast-site-content-layout":"default","site-content-style":"default","site-sidebar-style":"default","ast-global-header-display":"","ast-banner-title-visibility":"","ast-main-header-display":"","ast-hfb-above-header-display":"","ast-hfb-below-header-display":"","ast-hfb-mobile-header-display":"","site-post-title":"","ast-breadcrumbs-content":"","ast-featured-img":"","footer-sml-layout":"","ast-disable-related-posts":"","theme-transparent-header-meta":"default","adv-header-id-meta":"","stick-header-meta":"","header-above-stick-meta":"","header-main-stick-meta":"","header-below-stick-meta":"","astra-migrate-meta-layouts":"set","ast-page-background-enabled":"default","ast-page-background-meta":{"desktop":{"background-color":"var(--ast-global-color-4)","background-image":"","background-repeat":"repeat","background-position":"center center","background-size":"auto","background-attachment":"scroll","background-type":"","background-media":"","overlay-type":"","overlay-color":"","overlay-opacity":"","overlay-gradient":""},"tablet":{"background-color":"","background-image":"","background-repeat":"repeat","background-position":"center center","background-size":"auto","background-attachment":"scroll","background-type":"","background-media":"","overlay-type":"","overlay-color":"","overlay-opacity":"","overlay-gradient":""},"mobile":{"background-color":"","background-image":"","background-repeat":"repeat","background-position":"center center","background-size":"auto","background-attachment":"scroll","background-type":"","background-media":"","overlay-type":"","overlay-color":"","overlay-opacity":"","overlay-gradient":""}},"ast-content-background-meta":{"desktop":{"background-color":"var(--ast-global-color-5)","background-image":"","background-repeat":"repeat","background-position":"center center","background-size":"auto","background-attachment":"scroll","background-type":"","background-media":"","overlay-type":"","overlay-color":"","overlay-opacity":"","overlay-gradient":""},"tablet":{"background-color":"var(--ast-global-color-5)","background-image":"","background-repeat":"repeat","background-position":"center center","background-size":"auto","background-attachment":"scroll","background-type":"","background-media":"","overlay-type":"","overlay-color":"","overlay-opacity":"","overlay-gradient":""},"mobile":{"background-color":"var(--ast-global-color-5)","background-image":"","background-repeat":"repeat","background-position":"center center","background-size":"auto","background-attachment":"scroll","background-type":"","background-media":"","overlay-type":"","overlay-color":"","overlay-opacity":"","overlay-gradient":""}}},"product_brand":[232],"product_cat":[47],"product_tag":[],"class_list":{"0":"post-2411","1":"product","2":"type-product","3":"status-publish","4":"has-post-thumbnail","6":"product_brand-drasanvi","7":"product_cat-mascotes","8":"desktop-align-left","9":"tablet-align-left","10":"mobile-align-left","12":"first","13":"instock","14":"taxable","15":"shipping-taxable","16":"purchasable","17":"product-type-simple"},"yoast_head":"<!-- This site is optimized with the Yoast SEO plugin v27.5 - https:\/\/yoast.com\/product\/yoast-seo-wordpress\/ -->\n<title>Seagreen - Herbolari Merc\u00e8 Protegeix la salut dental de la teva mascota<\/title>\n<meta name=\"description\" content=\"El benestar dels nostres animals de companyia dep\u00e8n d&#039;una nutrici\u00f3 completa i d&#039;una cura natural. Aquest producte protegeix la salut dental de la teva mascota.\" \/>\n<meta name=\"robots\" content=\"index, follow, max-snippet:-1, max-image-preview:large, max-video-preview:-1\" \/>\n<link rel=\"canonical\" href=\"https:\/\/herboristeriamerce.com\/es\/herboristeria-online\/mascotes\/seagreen-protegeix-la-salut-dental-de-la-teva-mascota\/\" \/>\n<meta property=\"og:locale\" content=\"es_ES\" \/>\n<meta property=\"og:type\" content=\"article\" \/>\n<meta property=\"og:title\" content=\"Seagreen - Herbolari Merc\u00e8 Protegeix la salut dental de la teva mascota\" \/>\n<meta property=\"og:description\" content=\"El benestar dels nostres animals de companyia dep\u00e8n d&#039;una nutrici\u00f3 completa i d&#039;una cura natural. Aquest producte protegeix la salut dental de la teva mascota.\" \/>\n<meta property=\"og:url\" content=\"https:\/\/herboristeriamerce.com\/es\/herboristeria-online\/mascotes\/seagreen-protegeix-la-salut-dental-de-la-teva-mascota\/\" \/>\n<meta property=\"og:site_name\" content=\"Herbolari Merc\u00e8\" \/>\n<meta property=\"og:image\" content=\"https:\/\/herboristeriamerce.com\/wp-content\/uploads\/2025\/11\/032030016.png\" \/>\n\t<meta property=\"og:image:width\" content=\"1000\" \/>\n\t<meta property=\"og:image:height\" content=\"1000\" \/>\n\t<meta property=\"og:image:type\" content=\"image\/png\" \/>\n<meta name=\"twitter:card\" content=\"summary_large_image\" \/>\n<meta name=\"twitter:label1\" content=\"Tiempo de lectura\" \/>\n\t<meta name=\"twitter:data1\" content=\"2 minutos\" \/>\n<script type=\"application\/ld+json\" class=\"yoast-schema-graph\">{\"@context\":\"https:\\\/\\\/schema.org\",\"@graph\":[{\"@type\":\"WebPage\",\"@id\":\"https:\\\/\\\/herboristeriamerce.com\\\/herboristeria-online\\\/mascotes\\\/seagreen-protegeix-la-salut-dental-de-la-teva-mascota\\\/\",\"url\":\"https:\\\/\\\/herboristeriamerce.com\\\/herboristeria-online\\\/mascotes\\\/seagreen-protegeix-la-salut-dental-de-la-teva-mascota\\\/\",\"name\":\"Seagreen - Herbolari Merc\u00e8 Protegeix la salut dental de la teva mascota\",\"isPartOf\":{\"@id\":\"https:\\\/\\\/herboristeriamerce.com\\\/#website\"},\"primaryImageOfPage\":{\"@id\":\"https:\\\/\\\/herboristeriamerce.com\\\/herboristeria-online\\\/mascotes\\\/seagreen-protegeix-la-salut-dental-de-la-teva-mascota\\\/#primaryimage\"},\"image\":{\"@id\":\"https:\\\/\\\/herboristeriamerce.com\\\/herboristeria-online\\\/mascotes\\\/seagreen-protegeix-la-salut-dental-de-la-teva-mascota\\\/#primaryimage\"},\"thumbnailUrl\":\"https:\\\/\\\/herboristeriamerce.com\\\/wp-content\\\/uploads\\\/2025\\\/11\\\/032030016.png\",\"datePublished\":\"2025-11-28T12:10:29+00:00\",\"description\":\"El benestar dels nostres animals de companyia dep\u00e8n d'una nutrici\u00f3 completa i d'una cura natural. Aquest producte protegeix la salut dental de la teva mascota.\",\"breadcrumb\":{\"@id\":\"https:\\\/\\\/herboristeriamerce.com\\\/herboristeria-online\\\/mascotes\\\/seagreen-protegeix-la-salut-dental-de-la-teva-mascota\\\/#breadcrumb\"},\"inLanguage\":\"es\",\"potentialAction\":[{\"@type\":\"ReadAction\",\"target\":[\"https:\\\/\\\/herboristeriamerce.com\\\/herboristeria-online\\\/mascotes\\\/seagreen-protegeix-la-salut-dental-de-la-teva-mascota\\\/\"]}]},{\"@type\":\"ImageObject\",\"inLanguage\":\"es\",\"@id\":\"https:\\\/\\\/herboristeriamerce.com\\\/herboristeria-online\\\/mascotes\\\/seagreen-protegeix-la-salut-dental-de-la-teva-mascota\\\/#primaryimage\",\"url\":\"https:\\\/\\\/herboristeriamerce.com\\\/wp-content\\\/uploads\\\/2025\\\/11\\\/032030016.png\",\"contentUrl\":\"https:\\\/\\\/herboristeriamerce.com\\\/wp-content\\\/uploads\\\/2025\\\/11\\\/032030016.png\",\"width\":1000,\"height\":1000},{\"@type\":\"BreadcrumbList\",\"@id\":\"https:\\\/\\\/herboristeriamerce.com\\\/herboristeria-online\\\/mascotes\\\/seagreen-protegeix-la-salut-dental-de-la-teva-mascota\\\/#breadcrumb\",\"itemListElement\":[{\"@type\":\"ListItem\",\"position\":1,\"name\":\"Inici\",\"item\":\"https:\\\/\\\/herboristeriamerce.com\\\/\"},{\"@type\":\"ListItem\",\"position\":2,\"name\":\"Herboristeria online\",\"item\":\"https:\\\/\\\/herboristeriamerce.com\\\/herboristeria-online\\\/\"},{\"@type\":\"ListItem\",\"position\":3,\"name\":\"Seagreen\"}]},{\"@type\":\"WebSite\",\"@id\":\"https:\\\/\\\/herboristeriamerce.com\\\/#website\",\"url\":\"https:\\\/\\\/herboristeriamerce.com\\\/\",\"name\":\"Herbolari Merc\u00e8\",\"description\":\"Herbolari a Terrassa\",\"publisher\":{\"@id\":\"https:\\\/\\\/herboristeriamerce.com\\\/#organization\"},\"potentialAction\":[{\"@type\":\"SearchAction\",\"target\":{\"@type\":\"EntryPoint\",\"urlTemplate\":\"https:\\\/\\\/herboristeriamerce.com\\\/?s={search_term_string}\"},\"query-input\":{\"@type\":\"PropertyValueSpecification\",\"valueRequired\":true,\"valueName\":\"search_term_string\"}}],\"inLanguage\":\"es\"},{\"@type\":\"Organization\",\"@id\":\"https:\\\/\\\/herboristeriamerce.com\\\/#organization\",\"name\":\"Herbolari Merc\u00e8\",\"url\":\"https:\\\/\\\/herboristeriamerce.com\\\/\",\"logo\":{\"@type\":\"ImageObject\",\"inLanguage\":\"es\",\"@id\":\"https:\\\/\\\/herboristeriamerce.com\\\/#\\\/schema\\\/logo\\\/image\\\/\",\"url\":\"https:\\\/\\\/herboristeriamerce.com\\\/wp-content\\\/uploads\\\/2025\\\/04\\\/cropped-logo-herboristeria-330x168-229w.webp\",\"contentUrl\":\"https:\\\/\\\/herboristeriamerce.com\\\/wp-content\\\/uploads\\\/2025\\\/04\\\/cropped-logo-herboristeria-330x168-229w.webp\",\"width\":230,\"height\":117,\"caption\":\"Herbolari Merc\u00e8\"},\"image\":{\"@id\":\"https:\\\/\\\/herboristeriamerce.com\\\/#\\\/schema\\\/logo\\\/image\\\/\"}}]}<\/script>\n<!-- \/ Yoast SEO plugin. -->","yoast_head_json":{"title":"Seagreen - Herbolari Merc\u00e8 Protegeix la salut dental de la teva mascota","description":"El benestar dels nostres animals de companyia dep\u00e8n d'una nutrici\u00f3 completa i d'una cura natural. Aquest producte protegeix la salut dental de la teva mascota.","robots":{"index":"index","follow":"follow","max-snippet":"max-snippet:-1","max-image-preview":"max-image-preview:large","max-video-preview":"max-video-preview:-1"},"canonical":"https:\/\/herboristeriamerce.com\/es\/herboristeria-online\/mascotes\/seagreen-protegeix-la-salut-dental-de-la-teva-mascota\/","og_locale":"es_ES","og_type":"article","og_title":"Seagreen - Herbolari Merc\u00e8 Protegeix la salut dental de la teva mascota","og_description":"El benestar dels nostres animals de companyia dep\u00e8n d'una nutrici\u00f3 completa i d'una cura natural. Aquest producte protegeix la salut dental de la teva mascota.","og_url":"https:\/\/herboristeriamerce.com\/es\/herboristeria-online\/mascotes\/seagreen-protegeix-la-salut-dental-de-la-teva-mascota\/","og_site_name":"Herbolari Merc\u00e8","og_image":[{"url":"https:\/\/herboristeriamerce.com\/wp-content\/uploads\/2025\/11\/032030016.png","width":1000,"height":1000,"type":"image\/png"}],"twitter_card":"summary_large_image","twitter_misc":{"Tiempo de lectura":"2 minutos"},"schema":{"@context":"https:\/\/schema.org","@graph":[{"@type":"WebPage","@id":"https:\/\/herboristeriamerce.com\/herboristeria-online\/mascotes\/seagreen-protegeix-la-salut-dental-de-la-teva-mascota\/","url":"https:\/\/herboristeriamerce.com\/herboristeria-online\/mascotes\/seagreen-protegeix-la-salut-dental-de-la-teva-mascota\/","name":"Seagreen - Herbolari Merc\u00e8 Protegeix la salut dental de la teva mascota","isPartOf":{"@id":"https:\/\/herboristeriamerce.com\/#website"},"primaryImageOfPage":{"@id":"https:\/\/herboristeriamerce.com\/herboristeria-online\/mascotes\/seagreen-protegeix-la-salut-dental-de-la-teva-mascota\/#primaryimage"},"image":{"@id":"https:\/\/herboristeriamerce.com\/herboristeria-online\/mascotes\/seagreen-protegeix-la-salut-dental-de-la-teva-mascota\/#primaryimage"},"thumbnailUrl":"https:\/\/herboristeriamerce.com\/wp-content\/uploads\/2025\/11\/032030016.png","datePublished":"2025-11-28T12:10:29+00:00","description":"El benestar dels nostres animals de companyia dep\u00e8n d'una nutrici\u00f3 completa i d'una cura natural. Aquest producte protegeix la salut dental de la teva mascota.","breadcrumb":{"@id":"https:\/\/herboristeriamerce.com\/herboristeria-online\/mascotes\/seagreen-protegeix-la-salut-dental-de-la-teva-mascota\/#breadcrumb"},"inLanguage":"es","potentialAction":[{"@type":"ReadAction","target":["https:\/\/herboristeriamerce.com\/herboristeria-online\/mascotes\/seagreen-protegeix-la-salut-dental-de-la-teva-mascota\/"]}]},{"@type":"ImageObject","inLanguage":"es","@id":"https:\/\/herboristeriamerce.com\/herboristeria-online\/mascotes\/seagreen-protegeix-la-salut-dental-de-la-teva-mascota\/#primaryimage","url":"https:\/\/herboristeriamerce.com\/wp-content\/uploads\/2025\/11\/032030016.png","contentUrl":"https:\/\/herboristeriamerce.com\/wp-content\/uploads\/2025\/11\/032030016.png","width":1000,"height":1000},{"@type":"BreadcrumbList","@id":"https:\/\/herboristeriamerce.com\/herboristeria-online\/mascotes\/seagreen-protegeix-la-salut-dental-de-la-teva-mascota\/#breadcrumb","itemListElement":[{"@type":"ListItem","position":1,"name":"Inici","item":"https:\/\/herboristeriamerce.com\/"},{"@type":"ListItem","position":2,"name":"Herboristeria online","item":"https:\/\/herboristeriamerce.com\/herboristeria-online\/"},{"@type":"ListItem","position":3,"name":"Seagreen"}]},{"@type":"WebSite","@id":"https:\/\/herboristeriamerce.com\/#website","url":"https:\/\/herboristeriamerce.com\/","name":"Herbolari Merc\u00e8","description":"Herbolari a Terrassa","publisher":{"@id":"https:\/\/herboristeriamerce.com\/#organization"},"potentialAction":[{"@type":"SearchAction","target":{"@type":"EntryPoint","urlTemplate":"https:\/\/herboristeriamerce.com\/?s={search_term_string}"},"query-input":{"@type":"PropertyValueSpecification","valueRequired":true,"valueName":"search_term_string"}}],"inLanguage":"es"},{"@type":"Organization","@id":"https:\/\/herboristeriamerce.com\/#organization","name":"Herbolari Merc\u00e8","url":"https:\/\/herboristeriamerce.com\/","logo":{"@type":"ImageObject","inLanguage":"es","@id":"https:\/\/herboristeriamerce.com\/#\/schema\/logo\/image\/","url":"https:\/\/herboristeriamerce.com\/wp-content\/uploads\/2025\/04\/cropped-logo-herboristeria-330x168-229w.webp","contentUrl":"https:\/\/herboristeriamerce.com\/wp-content\/uploads\/2025\/04\/cropped-logo-herboristeria-330x168-229w.webp","width":230,"height":117,"caption":"Herbolari Merc\u00e8"},"image":{"@id":"https:\/\/herboristeriamerce.com\/#\/schema\/logo\/image\/"}}]}},"_links":{"self":[{"href":"https:\/\/herboristeriamerce.com\/es\/wp-json\/wp\/v2\/product\/2411","targetHints":{"allow":["GET"]}}],"collection":[{"href":"https:\/\/herboristeriamerce.com\/es\/wp-json\/wp\/v2\/product"}],"about":[{"href":"https:\/\/herboristeriamerce.com\/es\/wp-json\/wp\/v2\/types\/product"}],"replies":[{"embeddable":true,"href":"https:\/\/herboristeriamerce.com\/es\/wp-json\/wp\/v2\/comments?post=2411"}],"wp:featuredmedia":[{"embeddable":true,"href":"https:\/\/herboristeriamerce.com\/es\/wp-json\/wp\/v2\/media\/2412"}],"wp:attachment":[{"href":"https:\/\/herboristeriamerce.com\/es\/wp-json\/wp\/v2\/media?parent=2411"}],"wp:term":[{"taxonomy":"product_brand","embeddable":true,"href":"https:\/\/herboristeriamerce.com\/es\/wp-json\/wp\/v2\/product_brand?post=2411"},{"taxonomy":"product_cat","embeddable":true,"href":"https:\/\/herboristeriamerce.com\/es\/wp-json\/wp\/v2\/product_cat?post=2411"},{"taxonomy":"product_tag","embeddable":true,"href":"https:\/\/herboristeriamerce.com\/es\/wp-json\/wp\/v2\/product_tag?post=2411"}],"curies":[{"name":"wp","href":"https:\/\/api.w.org\/{rel}","templated":true}]}}