{"id":2400,"date":"2025-11-28T11:41:38","date_gmt":"2025-11-28T11:41:38","guid":{"rendered":"https:\/\/herboristeriamerce.com\/?post_type=product&#038;p=2400"},"modified":"2025-11-28T11:41:39","modified_gmt":"2025-11-28T11:41:39","slug":"collmar-multicollagen-reforca-la-teva-pell-cabell-i-articulacions-amb-collmar-multicolageno","status":"publish","type":"product","link":"https:\/\/herboristeriamerce.com\/es\/herboristeria-online\/cos-i-cara\/facial\/nutricosmetica\/collmar-multicollagen-reforca-la-teva-pell-cabell-i-articulacions-amb-collmar-multicolageno\/","title":{"rendered":"Collmar Multicol\u00b7lagen"},"content":{"rendered":"<h3>\ud83e\uddec La Pot\u00e8ncia dels 5 Tipus de Col\u00b7lagen<\/h3>\n<p data-path-to-node=\"5\">L&#8217;eix central d&#8217;aquesta f\u00f3rmula \u00e9s el col\u00b7lagen mar\u00ed hidrolitzat de baix pes molecular . Aquest baix pes molecular \u00e9s crucial, ja que assegura una \u00f2ptima assimilaci\u00f3 i biodisponibilitat per part del cos. La seva composici\u00f3 inclou:<\/p>\n<ul data-path-to-node=\"6\">\n<li>\n<p data-path-to-node=\"6,0,0\"><b>Col\u00b7lagen Mar\u00ed Hidrolitzat Tipus I i III (Peix):<\/b> Els tipus predominants a la pell, ossos i tendons.<\/p>\n<\/li>\n<li>\n<p data-path-to-node=\"6,1,0\"><b>Col\u00b7lagen Mar\u00ed Hidrolitzat Tipus II (Peix):<\/b> El tipus principal que es troba al cart\u00edlag.<\/p>\n<\/li>\n<\/ul>\n<p data-path-to-node=\"7\">A m\u00e9s a m\u00e9s, la inclusi\u00f3 de Ovomet\u00ae \u2013 Membrana de closca d&#8217;ou aporta col\u00b7lagen de manera natural, juntament amb altres subst\u00e0ncies beneficioses com elastina i \u00e0cid hialur\u00f2nic. Refor\u00e7a la teva pell, cabell i articulacions amb Collmar Multicol\u00e1geno i els seus 5 tipus de col\u00b7lagen mar\u00ed, garantint un suport estructural de gran abast.<\/p>\n<h3>\ud83d\udd11 Ingredients Clau en Sinergia<\/h3>\n<p data-path-to-node=\"9\">El concepte de Collmar Multicol\u00e1geno es basa en la sinergia d&#8217;actius per maximitzar-ne els beneficis. Aix\u00ed doncs, el col\u00b7lagen es complementa amb:<\/p>\n<ul data-path-to-node=\"10\">\n<li>\n<p data-path-to-node=\"10,0,0\"><strong>Vitamina C <\/strong>(Provinent de l&#8217;Extracte d&#8217;Acerola): Aquest component \u00e9s essencial. Per qu\u00e8? Perqu\u00e8 contribueix a la formaci\u00f3 normal de col\u00b7lagen per al funcionament normal de la pell, els ossos i els cart\u00edlags.<\/p>\n<\/li>\n<li>\n<p data-path-to-node=\"10,1,0\"><b>Biotina:<\/b> Una vitamina B vital que contribueix al manteniment del cabell i la pell en condicions normals.<\/p>\n<\/li>\n<li>\n<p data-path-to-node=\"10,2,0\"><b>Coure (Gluconat de Coure):<\/b> Ajuda al manteniment del teixit connectiu en condicions normals i contribueix a la pigmentaci\u00f3 normal del cabell i la pell.<\/p>\n<\/li>\n<\/ul>\n<p data-path-to-node=\"11\">Aquests components, units al bamb\u00fa (amb silici) i l&#8217;\u00e0cid hialur\u00f2nic, fan d&#8217;aquesta f\u00f3rmula un suplement veritablement complet que at\u00e9n m\u00faltiples aspectes de la salut.<\/p>\n<h3>\ud83d\udc8a Facilitat i Comoditat en la Presa<\/h3>\n<p data-path-to-node=\"13\">Gr\u00e0cies al seu format en comprimits, Collmar Multicol\u00e1geno s&#8217;integra sense esfor\u00e7 en la teva rutina di\u00e0ria. Per tant, \u00e9s f\u00e0cil de prendre i ideal per portar a la feina, de viatge o a qualsevol lloc.<\/p>\n<p data-path-to-node=\"14\"><b>Modo d&#8217;\u00das Recomanat:<\/b><\/p>\n<ul data-path-to-node=\"15\">\n<li>\n<p data-path-to-node=\"15,0,0\">Prendre <b>2 comprimits al dia<\/b> amb un got d&#8217;aigua, suc o la teva beguda preferida.<\/p>\n<\/li>\n<\/ul>\n<p data-path-to-node=\"16\">Amb 60 comprimits per env\u00e0s (pes total 61,5 g), tens un subministrament per a un mes complet. En conclusi\u00f3, si busques un suplement de col\u00b7lagen d&#8217;alta qualitat que ofereixi una aproximaci\u00f3 multi-objectiu al benestar i la bellesa, Collmar Multicol\u00e1geno \u00e9s la teva millor elecci\u00f3.<\/p>\n<p data-path-to-node=\"18\"><i>Advert\u00e8ncies: Complement alimentari a base de col\u00b7lagen, membrana de closca d&#8217;ou, vitamines i coure. Els complements alimentaris no s&#8217;han d&#8217;utilitzar com a substitut d&#8217;una dieta equilibrada. Cont\u00e9 <b>peix<\/b> i <b>ou<\/b>. No superar la dosi di\u00e0ria expressament recomanada.<\/i><\/p>","protected":false},"excerpt":{"rendered":"<p>Collmar Multicol\u00e1geno \u00e9s un complement alimentari en comprimits dissenyat per al cuidado integral de la pell, cabell, ungles i teixits connectius.<\/p>","protected":false},"featured_media":2401,"comment_status":"open","ping_status":"closed","template":"","meta":{"site-sidebar-layout":"default","site-content-layout":"","ast-site-content-layout":"default","site-content-style":"default","site-sidebar-style":"default","ast-global-header-display":"","ast-banner-title-visibility":"","ast-main-header-display":"","ast-hfb-above-header-display":"","ast-hfb-below-header-display":"","ast-hfb-mobile-header-display":"","site-post-title":"","ast-breadcrumbs-content":"","ast-featured-img":"","footer-sml-layout":"","ast-disable-related-posts":"","theme-transparent-header-meta":"default","adv-header-id-meta":"","stick-header-meta":"","header-above-stick-meta":"","header-main-stick-meta":"","header-below-stick-meta":"","astra-migrate-meta-layouts":"set","ast-page-background-enabled":"default","ast-page-background-meta":{"desktop":{"background-color":"var(--ast-global-color-4)","background-image":"","background-repeat":"repeat","background-position":"center center","background-size":"auto","background-attachment":"scroll","background-type":"","background-media":"","overlay-type":"","overlay-color":"","overlay-opacity":"","overlay-gradient":""},"tablet":{"background-color":"","background-image":"","background-repeat":"repeat","background-position":"center center","background-size":"auto","background-attachment":"scroll","background-type":"","background-media":"","overlay-type":"","overlay-color":"","overlay-opacity":"","overlay-gradient":""},"mobile":{"background-color":"","background-image":"","background-repeat":"repeat","background-position":"center center","background-size":"auto","background-attachment":"scroll","background-type":"","background-media":"","overlay-type":"","overlay-color":"","overlay-opacity":"","overlay-gradient":""}},"ast-content-background-meta":{"desktop":{"background-color":"var(--ast-global-color-5)","background-image":"","background-repeat":"repeat","background-position":"center center","background-size":"auto","background-attachment":"scroll","background-type":"","background-media":"","overlay-type":"","overlay-color":"","overlay-opacity":"","overlay-gradient":""},"tablet":{"background-color":"var(--ast-global-color-5)","background-image":"","background-repeat":"repeat","background-position":"center center","background-size":"auto","background-attachment":"scroll","background-type":"","background-media":"","overlay-type":"","overlay-color":"","overlay-opacity":"","overlay-gradient":""},"mobile":{"background-color":"var(--ast-global-color-5)","background-image":"","background-repeat":"repeat","background-position":"center center","background-size":"auto","background-attachment":"scroll","background-type":"","background-media":"","overlay-type":"","overlay-color":"","overlay-opacity":"","overlay-gradient":""}}},"product_brand":[232],"product_cat":[111,119,116],"product_tag":[],"class_list":{"0":"post-2400","1":"product","2":"type-product","3":"status-publish","4":"has-post-thumbnail","6":"product_brand-drasanvi","7":"product_cat-nutricosmetica","8":"product_cat-nutricosmetica-capilar","9":"product_cat-oseoarticular","10":"desktop-align-left","11":"tablet-align-left","12":"mobile-align-left","14":"first","15":"instock","16":"taxable","17":"shipping-taxable","18":"purchasable","19":"product-type-simple"},"yoast_head":"<!-- This site is optimized with the Yoast SEO plugin v27.5 - https:\/\/yoast.com\/product\/yoast-seo-wordpress\/ -->\n<title>Collmar Multicol\u00b7lagen - Herbolari Merc\u00e8 Refor\u00e7a la teva pell cabell i articulacions<\/title>\n<meta name=\"description\" content=\"Un aliat complet i efica\u00e7 per al benestar de la teva pell, cabell, ungles i teixits connectius. Refor\u00e7a la teva pell cabell i articulacions\" \/>\n<meta name=\"robots\" content=\"index, follow, max-snippet:-1, max-image-preview:large, max-video-preview:-1\" \/>\n<link rel=\"canonical\" href=\"https:\/\/herboristeriamerce.com\/es\/herboristeria-online\/cos-i-cara\/facial\/nutricosmetica\/collmar-multicollagen-reforca-la-teva-pell-cabell-i-articulacions-amb-collmar-multicolageno\/\" \/>\n<meta property=\"og:locale\" content=\"es_ES\" \/>\n<meta property=\"og:type\" content=\"article\" \/>\n<meta property=\"og:title\" content=\"Collmar Multicol\u00b7lagen - Herbolari Merc\u00e8 Refor\u00e7a la teva pell cabell i articulacions\" \/>\n<meta property=\"og:description\" content=\"Un aliat complet i efica\u00e7 per al benestar de la teva pell, cabell, ungles i teixits connectius. Refor\u00e7a la teva pell cabell i articulacions\" \/>\n<meta property=\"og:url\" content=\"https:\/\/herboristeriamerce.com\/es\/herboristeria-online\/cos-i-cara\/facial\/nutricosmetica\/collmar-multicollagen-reforca-la-teva-pell-cabell-i-articulacions-amb-collmar-multicolageno\/\" \/>\n<meta property=\"og:site_name\" content=\"Herbolari Merc\u00e8\" \/>\n<meta property=\"article:modified_time\" content=\"2025-11-28T11:41:39+00:00\" \/>\n<meta property=\"og:image\" content=\"https:\/\/herboristeriamerce.com\/wp-content\/uploads\/2025\/11\/032057645.png\" \/>\n\t<meta property=\"og:image:width\" content=\"1000\" \/>\n\t<meta property=\"og:image:height\" content=\"1000\" \/>\n\t<meta property=\"og:image:type\" content=\"image\/png\" \/>\n<meta name=\"twitter:card\" content=\"summary_large_image\" \/>\n<meta name=\"twitter:label1\" content=\"Tiempo de lectura\" \/>\n\t<meta name=\"twitter:data1\" content=\"3 minutos\" \/>\n<script type=\"application\/ld+json\" class=\"yoast-schema-graph\">{\"@context\":\"https:\\\/\\\/schema.org\",\"@graph\":[{\"@type\":\"WebPage\",\"@id\":\"https:\\\/\\\/herboristeriamerce.com\\\/herboristeria-online\\\/cos-i-cara\\\/facial\\\/nutricosmetica\\\/collmar-multicollagen-reforca-la-teva-pell-cabell-i-articulacions-amb-collmar-multicolageno\\\/\",\"url\":\"https:\\\/\\\/herboristeriamerce.com\\\/herboristeria-online\\\/cos-i-cara\\\/facial\\\/nutricosmetica\\\/collmar-multicollagen-reforca-la-teva-pell-cabell-i-articulacions-amb-collmar-multicolageno\\\/\",\"name\":\"Collmar Multicol\u00b7lagen - Herbolari Merc\u00e8 Refor\u00e7a la teva pell cabell i articulacions\",\"isPartOf\":{\"@id\":\"https:\\\/\\\/herboristeriamerce.com\\\/#website\"},\"primaryImageOfPage\":{\"@id\":\"https:\\\/\\\/herboristeriamerce.com\\\/herboristeria-online\\\/cos-i-cara\\\/facial\\\/nutricosmetica\\\/collmar-multicollagen-reforca-la-teva-pell-cabell-i-articulacions-amb-collmar-multicolageno\\\/#primaryimage\"},\"image\":{\"@id\":\"https:\\\/\\\/herboristeriamerce.com\\\/herboristeria-online\\\/cos-i-cara\\\/facial\\\/nutricosmetica\\\/collmar-multicollagen-reforca-la-teva-pell-cabell-i-articulacions-amb-collmar-multicolageno\\\/#primaryimage\"},\"thumbnailUrl\":\"https:\\\/\\\/herboristeriamerce.com\\\/wp-content\\\/uploads\\\/2025\\\/11\\\/032057645.png\",\"datePublished\":\"2025-11-28T11:41:38+00:00\",\"dateModified\":\"2025-11-28T11:41:39+00:00\",\"description\":\"Un aliat complet i efica\u00e7 per al benestar de la teva pell, cabell, ungles i teixits connectius. Refor\u00e7a la teva pell cabell i articulacions\",\"breadcrumb\":{\"@id\":\"https:\\\/\\\/herboristeriamerce.com\\\/herboristeria-online\\\/cos-i-cara\\\/facial\\\/nutricosmetica\\\/collmar-multicollagen-reforca-la-teva-pell-cabell-i-articulacions-amb-collmar-multicolageno\\\/#breadcrumb\"},\"inLanguage\":\"es\",\"potentialAction\":[{\"@type\":\"ReadAction\",\"target\":[\"https:\\\/\\\/herboristeriamerce.com\\\/herboristeria-online\\\/cos-i-cara\\\/facial\\\/nutricosmetica\\\/collmar-multicollagen-reforca-la-teva-pell-cabell-i-articulacions-amb-collmar-multicolageno\\\/\"]}]},{\"@type\":\"ImageObject\",\"inLanguage\":\"es\",\"@id\":\"https:\\\/\\\/herboristeriamerce.com\\\/herboristeria-online\\\/cos-i-cara\\\/facial\\\/nutricosmetica\\\/collmar-multicollagen-reforca-la-teva-pell-cabell-i-articulacions-amb-collmar-multicolageno\\\/#primaryimage\",\"url\":\"https:\\\/\\\/herboristeriamerce.com\\\/wp-content\\\/uploads\\\/2025\\\/11\\\/032057645.png\",\"contentUrl\":\"https:\\\/\\\/herboristeriamerce.com\\\/wp-content\\\/uploads\\\/2025\\\/11\\\/032057645.png\",\"width\":1000,\"height\":1000},{\"@type\":\"BreadcrumbList\",\"@id\":\"https:\\\/\\\/herboristeriamerce.com\\\/herboristeria-online\\\/cos-i-cara\\\/facial\\\/nutricosmetica\\\/collmar-multicollagen-reforca-la-teva-pell-cabell-i-articulacions-amb-collmar-multicolageno\\\/#breadcrumb\",\"itemListElement\":[{\"@type\":\"ListItem\",\"position\":1,\"name\":\"Inici\",\"item\":\"https:\\\/\\\/herboristeriamerce.com\\\/\"},{\"@type\":\"ListItem\",\"position\":2,\"name\":\"Herboristeria online\",\"item\":\"https:\\\/\\\/herboristeriamerce.com\\\/herboristeria-online\\\/\"},{\"@type\":\"ListItem\",\"position\":3,\"name\":\"Collmar Multicol\u00b7lagen\"}]},{\"@type\":\"WebSite\",\"@id\":\"https:\\\/\\\/herboristeriamerce.com\\\/#website\",\"url\":\"https:\\\/\\\/herboristeriamerce.com\\\/\",\"name\":\"Herbolari Merc\u00e8\",\"description\":\"Herbolari a Terrassa\",\"publisher\":{\"@id\":\"https:\\\/\\\/herboristeriamerce.com\\\/#organization\"},\"potentialAction\":[{\"@type\":\"SearchAction\",\"target\":{\"@type\":\"EntryPoint\",\"urlTemplate\":\"https:\\\/\\\/herboristeriamerce.com\\\/?s={search_term_string}\"},\"query-input\":{\"@type\":\"PropertyValueSpecification\",\"valueRequired\":true,\"valueName\":\"search_term_string\"}}],\"inLanguage\":\"es\"},{\"@type\":\"Organization\",\"@id\":\"https:\\\/\\\/herboristeriamerce.com\\\/#organization\",\"name\":\"Herbolari Merc\u00e8\",\"url\":\"https:\\\/\\\/herboristeriamerce.com\\\/\",\"logo\":{\"@type\":\"ImageObject\",\"inLanguage\":\"es\",\"@id\":\"https:\\\/\\\/herboristeriamerce.com\\\/#\\\/schema\\\/logo\\\/image\\\/\",\"url\":\"https:\\\/\\\/herboristeriamerce.com\\\/wp-content\\\/uploads\\\/2025\\\/04\\\/cropped-logo-herboristeria-330x168-229w.webp\",\"contentUrl\":\"https:\\\/\\\/herboristeriamerce.com\\\/wp-content\\\/uploads\\\/2025\\\/04\\\/cropped-logo-herboristeria-330x168-229w.webp\",\"width\":230,\"height\":117,\"caption\":\"Herbolari Merc\u00e8\"},\"image\":{\"@id\":\"https:\\\/\\\/herboristeriamerce.com\\\/#\\\/schema\\\/logo\\\/image\\\/\"}}]}<\/script>\n<!-- \/ Yoast SEO plugin. -->","yoast_head_json":{"title":"Collmar Multicol\u00b7lagen - Herbolari Merc\u00e8 Refor\u00e7a la teva pell cabell i articulacions","description":"Un aliat complet i efica\u00e7 per al benestar de la teva pell, cabell, ungles i teixits connectius. Refor\u00e7a la teva pell cabell i articulacions","robots":{"index":"index","follow":"follow","max-snippet":"max-snippet:-1","max-image-preview":"max-image-preview:large","max-video-preview":"max-video-preview:-1"},"canonical":"https:\/\/herboristeriamerce.com\/es\/herboristeria-online\/cos-i-cara\/facial\/nutricosmetica\/collmar-multicollagen-reforca-la-teva-pell-cabell-i-articulacions-amb-collmar-multicolageno\/","og_locale":"es_ES","og_type":"article","og_title":"Collmar Multicol\u00b7lagen - Herbolari Merc\u00e8 Refor\u00e7a la teva pell cabell i articulacions","og_description":"Un aliat complet i efica\u00e7 per al benestar de la teva pell, cabell, ungles i teixits connectius. Refor\u00e7a la teva pell cabell i articulacions","og_url":"https:\/\/herboristeriamerce.com\/es\/herboristeria-online\/cos-i-cara\/facial\/nutricosmetica\/collmar-multicollagen-reforca-la-teva-pell-cabell-i-articulacions-amb-collmar-multicolageno\/","og_site_name":"Herbolari Merc\u00e8","article_modified_time":"2025-11-28T11:41:39+00:00","og_image":[{"width":1000,"height":1000,"url":"https:\/\/herboristeriamerce.com\/wp-content\/uploads\/2025\/11\/032057645.png","type":"image\/png"}],"twitter_card":"summary_large_image","twitter_misc":{"Tiempo de lectura":"3 minutos"},"schema":{"@context":"https:\/\/schema.org","@graph":[{"@type":"WebPage","@id":"https:\/\/herboristeriamerce.com\/herboristeria-online\/cos-i-cara\/facial\/nutricosmetica\/collmar-multicollagen-reforca-la-teva-pell-cabell-i-articulacions-amb-collmar-multicolageno\/","url":"https:\/\/herboristeriamerce.com\/herboristeria-online\/cos-i-cara\/facial\/nutricosmetica\/collmar-multicollagen-reforca-la-teva-pell-cabell-i-articulacions-amb-collmar-multicolageno\/","name":"Collmar Multicol\u00b7lagen - Herbolari Merc\u00e8 Refor\u00e7a la teva pell cabell i articulacions","isPartOf":{"@id":"https:\/\/herboristeriamerce.com\/#website"},"primaryImageOfPage":{"@id":"https:\/\/herboristeriamerce.com\/herboristeria-online\/cos-i-cara\/facial\/nutricosmetica\/collmar-multicollagen-reforca-la-teva-pell-cabell-i-articulacions-amb-collmar-multicolageno\/#primaryimage"},"image":{"@id":"https:\/\/herboristeriamerce.com\/herboristeria-online\/cos-i-cara\/facial\/nutricosmetica\/collmar-multicollagen-reforca-la-teva-pell-cabell-i-articulacions-amb-collmar-multicolageno\/#primaryimage"},"thumbnailUrl":"https:\/\/herboristeriamerce.com\/wp-content\/uploads\/2025\/11\/032057645.png","datePublished":"2025-11-28T11:41:38+00:00","dateModified":"2025-11-28T11:41:39+00:00","description":"Un aliat complet i efica\u00e7 per al benestar de la teva pell, cabell, ungles i teixits connectius. Refor\u00e7a la teva pell cabell i articulacions","breadcrumb":{"@id":"https:\/\/herboristeriamerce.com\/herboristeria-online\/cos-i-cara\/facial\/nutricosmetica\/collmar-multicollagen-reforca-la-teva-pell-cabell-i-articulacions-amb-collmar-multicolageno\/#breadcrumb"},"inLanguage":"es","potentialAction":[{"@type":"ReadAction","target":["https:\/\/herboristeriamerce.com\/herboristeria-online\/cos-i-cara\/facial\/nutricosmetica\/collmar-multicollagen-reforca-la-teva-pell-cabell-i-articulacions-amb-collmar-multicolageno\/"]}]},{"@type":"ImageObject","inLanguage":"es","@id":"https:\/\/herboristeriamerce.com\/herboristeria-online\/cos-i-cara\/facial\/nutricosmetica\/collmar-multicollagen-reforca-la-teva-pell-cabell-i-articulacions-amb-collmar-multicolageno\/#primaryimage","url":"https:\/\/herboristeriamerce.com\/wp-content\/uploads\/2025\/11\/032057645.png","contentUrl":"https:\/\/herboristeriamerce.com\/wp-content\/uploads\/2025\/11\/032057645.png","width":1000,"height":1000},{"@type":"BreadcrumbList","@id":"https:\/\/herboristeriamerce.com\/herboristeria-online\/cos-i-cara\/facial\/nutricosmetica\/collmar-multicollagen-reforca-la-teva-pell-cabell-i-articulacions-amb-collmar-multicolageno\/#breadcrumb","itemListElement":[{"@type":"ListItem","position":1,"name":"Inici","item":"https:\/\/herboristeriamerce.com\/"},{"@type":"ListItem","position":2,"name":"Herboristeria online","item":"https:\/\/herboristeriamerce.com\/herboristeria-online\/"},{"@type":"ListItem","position":3,"name":"Collmar Multicol\u00b7lagen"}]},{"@type":"WebSite","@id":"https:\/\/herboristeriamerce.com\/#website","url":"https:\/\/herboristeriamerce.com\/","name":"Herbolari Merc\u00e8","description":"Herbolari a Terrassa","publisher":{"@id":"https:\/\/herboristeriamerce.com\/#organization"},"potentialAction":[{"@type":"SearchAction","target":{"@type":"EntryPoint","urlTemplate":"https:\/\/herboristeriamerce.com\/?s={search_term_string}"},"query-input":{"@type":"PropertyValueSpecification","valueRequired":true,"valueName":"search_term_string"}}],"inLanguage":"es"},{"@type":"Organization","@id":"https:\/\/herboristeriamerce.com\/#organization","name":"Herbolari Merc\u00e8","url":"https:\/\/herboristeriamerce.com\/","logo":{"@type":"ImageObject","inLanguage":"es","@id":"https:\/\/herboristeriamerce.com\/#\/schema\/logo\/image\/","url":"https:\/\/herboristeriamerce.com\/wp-content\/uploads\/2025\/04\/cropped-logo-herboristeria-330x168-229w.webp","contentUrl":"https:\/\/herboristeriamerce.com\/wp-content\/uploads\/2025\/04\/cropped-logo-herboristeria-330x168-229w.webp","width":230,"height":117,"caption":"Herbolari Merc\u00e8"},"image":{"@id":"https:\/\/herboristeriamerce.com\/#\/schema\/logo\/image\/"}}]}},"_links":{"self":[{"href":"https:\/\/herboristeriamerce.com\/es\/wp-json\/wp\/v2\/product\/2400","targetHints":{"allow":["GET"]}}],"collection":[{"href":"https:\/\/herboristeriamerce.com\/es\/wp-json\/wp\/v2\/product"}],"about":[{"href":"https:\/\/herboristeriamerce.com\/es\/wp-json\/wp\/v2\/types\/product"}],"replies":[{"embeddable":true,"href":"https:\/\/herboristeriamerce.com\/es\/wp-json\/wp\/v2\/comments?post=2400"}],"wp:featuredmedia":[{"embeddable":true,"href":"https:\/\/herboristeriamerce.com\/es\/wp-json\/wp\/v2\/media\/2401"}],"wp:attachment":[{"href":"https:\/\/herboristeriamerce.com\/es\/wp-json\/wp\/v2\/media?parent=2400"}],"wp:term":[{"taxonomy":"product_brand","embeddable":true,"href":"https:\/\/herboristeriamerce.com\/es\/wp-json\/wp\/v2\/product_brand?post=2400"},{"taxonomy":"product_cat","embeddable":true,"href":"https:\/\/herboristeriamerce.com\/es\/wp-json\/wp\/v2\/product_cat?post=2400"},{"taxonomy":"product_tag","embeddable":true,"href":"https:\/\/herboristeriamerce.com\/es\/wp-json\/wp\/v2\/product_tag?post=2400"}],"curies":[{"name":"wp","href":"https:\/\/api.w.org\/{rel}","templated":true}]}}