{"id":2197,"date":"2025-07-31T17:56:01","date_gmt":"2025-07-31T17:56:01","guid":{"rendered":"https:\/\/herboristeriamerce.com\/?post_type=product&#038;p=2197"},"modified":"2025-07-31T17:56:01","modified_gmt":"2025-07-31T17:56:01","slug":"natural-mascara-adorable-pestany-mascara-vegana-negre-blau-sense-grumolls-es-deep-ocean","status":"publish","type":"product","link":"https:\/\/herboristeriamerce.com\/es\/herboristeria-online\/cos-i-cara\/facial\/maquillatge\/natural-mascara-adorable-pestany-mascara-vegana-negre-blau-sense-grumolls-es-deep-ocean\/","title":{"rendered":"Natural M\u00e0scara Adorable Pestanyes, Deep Ocean"},"content":{"rendered":"<h3 data-start=\"182\" data-end=\"252\">M\u00e0scara de pestanyes benecos Negre Blau \u2013 Mirada intensa i natural<\/h3>\n<p data-start=\"254\" data-end=\"655\"><strong data-start=\"254\" data-end=\"299\">Curvatura espectacular amb f\u00f3rmula vegana<\/strong><br data-start=\"299\" data-end=\"302\" \/>La m\u00e0scara de pestanyes benecos en color negre blav\u00f3s et proporciona un look intens i misteri\u00f3s. Gr\u00e0cies al seu respallcorbat<span style=\"font-size: 16px;\">, aconsegueixes una curvatura de somni a cada aplicaci\u00f3. A m\u00e9s, la seva f\u00f3rmula vegana est\u00e0 enriquida amb <\/span><strong style=\"font-size: 16px;\" data-start=\"537\" data-end=\"554\">oli d\u2019alvocat<\/strong><span style=\"font-size: 16px;\"> de gran valor nutritiu, fet que la converteix en una opci\u00f3 saludable i efectiva per a les pestanyes.<\/span><\/p>\n<p data-start=\"657\" data-end=\"1013\"><strong data-start=\"657\" data-end=\"692\">Aplicaci\u00f3 suau i sense grumolls<\/strong><br data-start=\"692\" data-end=\"695\" \/>Un dels grans avantatges d\u2019aquesta m\u00e0scara \u00e9s que no fa grumolls, ni tan sols quan repeteixes passades. Per tant, pots aconseguir un efecte m\u00e9s dram\u00e0tic i voluminitzat sense que les pestanyes quedin sobrecarregades. A m\u00e9s, el raspall arquejat separa i defineix amb precisi\u00f3, donant forma i profunditat a la mirada.<\/p>\n<p data-start=\"1015\" data-end=\"1294\"><strong data-start=\"1015\" data-end=\"1045\">Apte per a tota la fam\u00edlia<\/strong><br data-start=\"1045\" data-end=\"1048\" \/>\u00c9s un producte 100% veg\u00e0, sense ingredients d&#8217;origen animal i lliure de crueltat. A m\u00e9s, est\u00e0 formulat per ser adequat per a nens i nenes, cosa que el fa una elecci\u00f3 perfecta per a fam\u00edlies que aposten per cosm\u00e8tica natural i respectuosa.<\/p>\n<p data-start=\"1296\" data-end=\"1529\"><strong data-start=\"1296\" data-end=\"1343\">Rica en vitamina E per cuidar les pestanyes<\/strong><br data-start=\"1343\" data-end=\"1346\" \/>D\u2019altra banda, cont\u00e9 <strong data-start=\"1367\" data-end=\"1381\">vitamina E<\/strong>, coneguda per les seves propietats antioxidants i protectores. Aix\u00ed, no nom\u00e9s maquilla, sin\u00f3 que tamb\u00e9 cuida i enforteix les pestanyes amb cada \u00fas.<\/p>\n<p data-start=\"1531\" data-end=\"1749\"><strong data-start=\"1531\" data-end=\"1574\">Consell d\u2019\u00fas per a un efecte m\u00e9s intens<\/strong><br data-start=\"1574\" data-end=\"1577\" \/>Per aconseguir un resultat encara m\u00e9s espectacular, pots repetir l\u2019aplicaci\u00f3 un parell de vegades. Gr\u00e0cies a la seva textura suau, no s\u2019endureix ni crea cap textura pesada.<\/p>\n<p data-start=\"1751\" data-end=\"1996\"><strong data-start=\"1751\" data-end=\"1797\">Descobreix la m\u00e0scara de pestanyes benecos<\/strong><br data-start=\"1797\" data-end=\"1800\" \/>En definitiva, aquesta m\u00e0scara et permet lluir unes pestanyes definides, corbades i sense grumolls, amb una f\u00f3rmula vegana segura i efica\u00e7. Ideal per a un maquillatge natural o un look m\u00e9s intens.<\/p>","protected":false},"excerpt":{"rendered":"<p><span class=\"Y2IQFc\" lang=\"ca\">\u00a1Curvas infinites per a les teves pestanyes!<\/span><\/p>","protected":false},"featured_media":2198,"comment_status":"open","ping_status":"closed","template":"","meta":{"site-sidebar-layout":"default","site-content-layout":"","ast-site-content-layout":"default","site-content-style":"default","site-sidebar-style":"default","ast-global-header-display":"","ast-banner-title-visibility":"","ast-main-header-display":"","ast-hfb-above-header-display":"","ast-hfb-below-header-display":"","ast-hfb-mobile-header-display":"","site-post-title":"","ast-breadcrumbs-content":"","ast-featured-img":"","footer-sml-layout":"","ast-disable-related-posts":"","theme-transparent-header-meta":"default","adv-header-id-meta":"","stick-header-meta":"","header-above-stick-meta":"","header-main-stick-meta":"","header-below-stick-meta":"","astra-migrate-meta-layouts":"set","ast-page-background-enabled":"default","ast-page-background-meta":{"desktop":{"background-color":"var(--ast-global-color-4)","background-image":"","background-repeat":"repeat","background-position":"center center","background-size":"auto","background-attachment":"scroll","background-type":"","background-media":"","overlay-type":"","overlay-color":"","overlay-opacity":"","overlay-gradient":""},"tablet":{"background-color":"","background-image":"","background-repeat":"repeat","background-position":"center center","background-size":"auto","background-attachment":"scroll","background-type":"","background-media":"","overlay-type":"","overlay-color":"","overlay-opacity":"","overlay-gradient":""},"mobile":{"background-color":"","background-image":"","background-repeat":"repeat","background-position":"center center","background-size":"auto","background-attachment":"scroll","background-type":"","background-media":"","overlay-type":"","overlay-color":"","overlay-opacity":"","overlay-gradient":""}},"ast-content-background-meta":{"desktop":{"background-color":"var(--ast-global-color-5)","background-image":"","background-repeat":"repeat","background-position":"center center","background-size":"auto","background-attachment":"scroll","background-type":"","background-media":"","overlay-type":"","overlay-color":"","overlay-opacity":"","overlay-gradient":""},"tablet":{"background-color":"var(--ast-global-color-5)","background-image":"","background-repeat":"repeat","background-position":"center center","background-size":"auto","background-attachment":"scroll","background-type":"","background-media":"","overlay-type":"","overlay-color":"","overlay-opacity":"","overlay-gradient":""},"mobile":{"background-color":"var(--ast-global-color-5)","background-image":"","background-repeat":"repeat","background-position":"center center","background-size":"auto","background-attachment":"scroll","background-type":"","background-media":"","overlay-type":"","overlay-color":"","overlay-opacity":"","overlay-gradient":""}}},"product_brand":[185],"product_cat":[184],"product_tag":[188,164],"class_list":{"0":"post-2197","1":"product","2":"type-product","3":"status-publish","4":"has-post-thumbnail","6":"product_brand-benecos","7":"product_cat-maquillatge","8":"product_tag-cruelty-free","9":"product_tag-vegan","10":"desktop-align-left","11":"tablet-align-left","12":"mobile-align-left","14":"first","15":"instock","16":"taxable","17":"shipping-taxable","18":"purchasable","19":"product-type-simple"},"yoast_head":"<!-- This site is optimized with the Yoast SEO plugin v27.5 - https:\/\/yoast.com\/product\/yoast-seo-wordpress\/ -->\n<title>Natural M\u00e0scara Adorable Pestanyes, Deep Ocean - Herbolari Merc\u00e8<\/title>\n<meta name=\"description\" content=\"M\u00e0scara vegana negre blau sense grumolls. Amb oli d\u2019alvocat, vitamina E i raspall corbat per pestanyes definides, suaus i sense grumolls.\" \/>\n<meta name=\"robots\" content=\"index, follow, max-snippet:-1, max-image-preview:large, max-video-preview:-1\" \/>\n<link rel=\"canonical\" href=\"https:\/\/herboristeriamerce.com\/es\/herboristeria-online\/cos-i-cara\/facial\/maquillatge\/natural-mascara-adorable-pestany-mascara-vegana-negre-blau-sense-grumolls-es-deep-ocean\/\" \/>\n<meta property=\"og:locale\" content=\"es_ES\" \/>\n<meta property=\"og:type\" content=\"article\" \/>\n<meta property=\"og:title\" content=\"Natural M\u00e0scara Adorable Pestanyes, Deep Ocean - Herbolari Merc\u00e8\" \/>\n<meta property=\"og:description\" content=\"M\u00e0scara vegana negre blau sense grumolls. Amb oli d\u2019alvocat, vitamina E i raspall corbat per pestanyes definides, suaus i sense grumolls.\" \/>\n<meta property=\"og:url\" content=\"https:\/\/herboristeriamerce.com\/es\/herboristeria-online\/cos-i-cara\/facial\/maquillatge\/natural-mascara-adorable-pestany-mascara-vegana-negre-blau-sense-grumolls-es-deep-ocean\/\" \/>\n<meta property=\"og:site_name\" content=\"Herbolari Merc\u00e8\" \/>\n<meta property=\"og:image\" content=\"https:\/\/herboristeriamerce.com\/wp-content\/uploads\/2025\/07\/benecos-natural-mascara-adorable-lashes-deep-ocean-2088454-es-scaled.jpg\" \/>\n\t<meta property=\"og:image:width\" content=\"962\" \/>\n\t<meta property=\"og:image:height\" content=\"2560\" \/>\n\t<meta property=\"og:image:type\" content=\"image\/jpeg\" \/>\n<meta name=\"twitter:card\" content=\"summary_large_image\" \/>\n<meta name=\"twitter:label1\" content=\"Tiempo de lectura\" \/>\n\t<meta name=\"twitter:data1\" content=\"2 minutos\" \/>\n<script type=\"application\/ld+json\" class=\"yoast-schema-graph\">{\"@context\":\"https:\\\/\\\/schema.org\",\"@graph\":[{\"@type\":\"WebPage\",\"@id\":\"https:\\\/\\\/herboristeriamerce.com\\\/herboristeria-online\\\/cos-i-cara\\\/facial\\\/maquillatge\\\/natural-mascara-adorable-pestany-mascara-vegana-negre-blau-sense-grumolls-es-deep-ocean\\\/\",\"url\":\"https:\\\/\\\/herboristeriamerce.com\\\/herboristeria-online\\\/cos-i-cara\\\/facial\\\/maquillatge\\\/natural-mascara-adorable-pestany-mascara-vegana-negre-blau-sense-grumolls-es-deep-ocean\\\/\",\"name\":\"Natural M\u00e0scara Adorable Pestanyes, Deep Ocean - Herbolari Merc\u00e8\",\"isPartOf\":{\"@id\":\"https:\\\/\\\/herboristeriamerce.com\\\/#website\"},\"primaryImageOfPage\":{\"@id\":\"https:\\\/\\\/herboristeriamerce.com\\\/herboristeria-online\\\/cos-i-cara\\\/facial\\\/maquillatge\\\/natural-mascara-adorable-pestany-mascara-vegana-negre-blau-sense-grumolls-es-deep-ocean\\\/#primaryimage\"},\"image\":{\"@id\":\"https:\\\/\\\/herboristeriamerce.com\\\/herboristeria-online\\\/cos-i-cara\\\/facial\\\/maquillatge\\\/natural-mascara-adorable-pestany-mascara-vegana-negre-blau-sense-grumolls-es-deep-ocean\\\/#primaryimage\"},\"thumbnailUrl\":\"https:\\\/\\\/herboristeriamerce.com\\\/wp-content\\\/uploads\\\/2025\\\/07\\\/benecos-natural-mascara-adorable-lashes-deep-ocean-2088454-es-scaled.jpg\",\"datePublished\":\"2025-07-31T17:56:01+00:00\",\"description\":\"M\u00e0scara vegana negre blau sense grumolls. Amb oli d\u2019alvocat, vitamina E i raspall corbat per pestanyes definides, suaus i sense grumolls.\",\"breadcrumb\":{\"@id\":\"https:\\\/\\\/herboristeriamerce.com\\\/herboristeria-online\\\/cos-i-cara\\\/facial\\\/maquillatge\\\/natural-mascara-adorable-pestany-mascara-vegana-negre-blau-sense-grumolls-es-deep-ocean\\\/#breadcrumb\"},\"inLanguage\":\"es\",\"potentialAction\":[{\"@type\":\"ReadAction\",\"target\":[\"https:\\\/\\\/herboristeriamerce.com\\\/herboristeria-online\\\/cos-i-cara\\\/facial\\\/maquillatge\\\/natural-mascara-adorable-pestany-mascara-vegana-negre-blau-sense-grumolls-es-deep-ocean\\\/\"]}]},{\"@type\":\"ImageObject\",\"inLanguage\":\"es\",\"@id\":\"https:\\\/\\\/herboristeriamerce.com\\\/herboristeria-online\\\/cos-i-cara\\\/facial\\\/maquillatge\\\/natural-mascara-adorable-pestany-mascara-vegana-negre-blau-sense-grumolls-es-deep-ocean\\\/#primaryimage\",\"url\":\"https:\\\/\\\/herboristeriamerce.com\\\/wp-content\\\/uploads\\\/2025\\\/07\\\/benecos-natural-mascara-adorable-lashes-deep-ocean-2088454-es-scaled.jpg\",\"contentUrl\":\"https:\\\/\\\/herboristeriamerce.com\\\/wp-content\\\/uploads\\\/2025\\\/07\\\/benecos-natural-mascara-adorable-lashes-deep-ocean-2088454-es-scaled.jpg\",\"width\":962,\"height\":2560},{\"@type\":\"BreadcrumbList\",\"@id\":\"https:\\\/\\\/herboristeriamerce.com\\\/herboristeria-online\\\/cos-i-cara\\\/facial\\\/maquillatge\\\/natural-mascara-adorable-pestany-mascara-vegana-negre-blau-sense-grumolls-es-deep-ocean\\\/#breadcrumb\",\"itemListElement\":[{\"@type\":\"ListItem\",\"position\":1,\"name\":\"Inici\",\"item\":\"https:\\\/\\\/herboristeriamerce.com\\\/\"},{\"@type\":\"ListItem\",\"position\":2,\"name\":\"Herboristeria online\",\"item\":\"https:\\\/\\\/herboristeriamerce.com\\\/herboristeria-online\\\/\"},{\"@type\":\"ListItem\",\"position\":3,\"name\":\"Natural M\u00e0scara Adorable Pestanyes, Deep Ocean\"}]},{\"@type\":\"WebSite\",\"@id\":\"https:\\\/\\\/herboristeriamerce.com\\\/#website\",\"url\":\"https:\\\/\\\/herboristeriamerce.com\\\/\",\"name\":\"Herbolari Merc\u00e8\",\"description\":\"Herbolari a Terrassa\",\"publisher\":{\"@id\":\"https:\\\/\\\/herboristeriamerce.com\\\/#organization\"},\"potentialAction\":[{\"@type\":\"SearchAction\",\"target\":{\"@type\":\"EntryPoint\",\"urlTemplate\":\"https:\\\/\\\/herboristeriamerce.com\\\/?s={search_term_string}\"},\"query-input\":{\"@type\":\"PropertyValueSpecification\",\"valueRequired\":true,\"valueName\":\"search_term_string\"}}],\"inLanguage\":\"es\"},{\"@type\":\"Organization\",\"@id\":\"https:\\\/\\\/herboristeriamerce.com\\\/#organization\",\"name\":\"Herbolari Merc\u00e8\",\"url\":\"https:\\\/\\\/herboristeriamerce.com\\\/\",\"logo\":{\"@type\":\"ImageObject\",\"inLanguage\":\"es\",\"@id\":\"https:\\\/\\\/herboristeriamerce.com\\\/#\\\/schema\\\/logo\\\/image\\\/\",\"url\":\"https:\\\/\\\/herboristeriamerce.com\\\/wp-content\\\/uploads\\\/2025\\\/04\\\/cropped-logo-herboristeria-330x168-229w.webp\",\"contentUrl\":\"https:\\\/\\\/herboristeriamerce.com\\\/wp-content\\\/uploads\\\/2025\\\/04\\\/cropped-logo-herboristeria-330x168-229w.webp\",\"width\":230,\"height\":117,\"caption\":\"Herbolari Merc\u00e8\"},\"image\":{\"@id\":\"https:\\\/\\\/herboristeriamerce.com\\\/#\\\/schema\\\/logo\\\/image\\\/\"}}]}<\/script>\n<!-- \/ Yoast SEO plugin. -->","yoast_head_json":{"title":"Natural M\u00e0scara Adorable Pestanyes, Deep Ocean - Herbolari Merc\u00e8","description":"M\u00e0scara vegana negre blau sense grumolls. Amb oli d\u2019alvocat, vitamina E i raspall corbat per pestanyes definides, suaus i sense grumolls.","robots":{"index":"index","follow":"follow","max-snippet":"max-snippet:-1","max-image-preview":"max-image-preview:large","max-video-preview":"max-video-preview:-1"},"canonical":"https:\/\/herboristeriamerce.com\/es\/herboristeria-online\/cos-i-cara\/facial\/maquillatge\/natural-mascara-adorable-pestany-mascara-vegana-negre-blau-sense-grumolls-es-deep-ocean\/","og_locale":"es_ES","og_type":"article","og_title":"Natural M\u00e0scara Adorable Pestanyes, Deep Ocean - Herbolari Merc\u00e8","og_description":"M\u00e0scara vegana negre blau sense grumolls. Amb oli d\u2019alvocat, vitamina E i raspall corbat per pestanyes definides, suaus i sense grumolls.","og_url":"https:\/\/herboristeriamerce.com\/es\/herboristeria-online\/cos-i-cara\/facial\/maquillatge\/natural-mascara-adorable-pestany-mascara-vegana-negre-blau-sense-grumolls-es-deep-ocean\/","og_site_name":"Herbolari Merc\u00e8","og_image":[{"width":962,"height":2560,"url":"https:\/\/herboristeriamerce.com\/wp-content\/uploads\/2025\/07\/benecos-natural-mascara-adorable-lashes-deep-ocean-2088454-es-scaled.jpg","type":"image\/jpeg"}],"twitter_card":"summary_large_image","twitter_misc":{"Tiempo de lectura":"2 minutos"},"schema":{"@context":"https:\/\/schema.org","@graph":[{"@type":"WebPage","@id":"https:\/\/herboristeriamerce.com\/herboristeria-online\/cos-i-cara\/facial\/maquillatge\/natural-mascara-adorable-pestany-mascara-vegana-negre-blau-sense-grumolls-es-deep-ocean\/","url":"https:\/\/herboristeriamerce.com\/herboristeria-online\/cos-i-cara\/facial\/maquillatge\/natural-mascara-adorable-pestany-mascara-vegana-negre-blau-sense-grumolls-es-deep-ocean\/","name":"Natural M\u00e0scara Adorable Pestanyes, Deep Ocean - Herbolari Merc\u00e8","isPartOf":{"@id":"https:\/\/herboristeriamerce.com\/#website"},"primaryImageOfPage":{"@id":"https:\/\/herboristeriamerce.com\/herboristeria-online\/cos-i-cara\/facial\/maquillatge\/natural-mascara-adorable-pestany-mascara-vegana-negre-blau-sense-grumolls-es-deep-ocean\/#primaryimage"},"image":{"@id":"https:\/\/herboristeriamerce.com\/herboristeria-online\/cos-i-cara\/facial\/maquillatge\/natural-mascara-adorable-pestany-mascara-vegana-negre-blau-sense-grumolls-es-deep-ocean\/#primaryimage"},"thumbnailUrl":"https:\/\/herboristeriamerce.com\/wp-content\/uploads\/2025\/07\/benecos-natural-mascara-adorable-lashes-deep-ocean-2088454-es-scaled.jpg","datePublished":"2025-07-31T17:56:01+00:00","description":"M\u00e0scara vegana negre blau sense grumolls. Amb oli d\u2019alvocat, vitamina E i raspall corbat per pestanyes definides, suaus i sense grumolls.","breadcrumb":{"@id":"https:\/\/herboristeriamerce.com\/herboristeria-online\/cos-i-cara\/facial\/maquillatge\/natural-mascara-adorable-pestany-mascara-vegana-negre-blau-sense-grumolls-es-deep-ocean\/#breadcrumb"},"inLanguage":"es","potentialAction":[{"@type":"ReadAction","target":["https:\/\/herboristeriamerce.com\/herboristeria-online\/cos-i-cara\/facial\/maquillatge\/natural-mascara-adorable-pestany-mascara-vegana-negre-blau-sense-grumolls-es-deep-ocean\/"]}]},{"@type":"ImageObject","inLanguage":"es","@id":"https:\/\/herboristeriamerce.com\/herboristeria-online\/cos-i-cara\/facial\/maquillatge\/natural-mascara-adorable-pestany-mascara-vegana-negre-blau-sense-grumolls-es-deep-ocean\/#primaryimage","url":"https:\/\/herboristeriamerce.com\/wp-content\/uploads\/2025\/07\/benecos-natural-mascara-adorable-lashes-deep-ocean-2088454-es-scaled.jpg","contentUrl":"https:\/\/herboristeriamerce.com\/wp-content\/uploads\/2025\/07\/benecos-natural-mascara-adorable-lashes-deep-ocean-2088454-es-scaled.jpg","width":962,"height":2560},{"@type":"BreadcrumbList","@id":"https:\/\/herboristeriamerce.com\/herboristeria-online\/cos-i-cara\/facial\/maquillatge\/natural-mascara-adorable-pestany-mascara-vegana-negre-blau-sense-grumolls-es-deep-ocean\/#breadcrumb","itemListElement":[{"@type":"ListItem","position":1,"name":"Inici","item":"https:\/\/herboristeriamerce.com\/"},{"@type":"ListItem","position":2,"name":"Herboristeria online","item":"https:\/\/herboristeriamerce.com\/herboristeria-online\/"},{"@type":"ListItem","position":3,"name":"Natural M\u00e0scara Adorable Pestanyes, Deep Ocean"}]},{"@type":"WebSite","@id":"https:\/\/herboristeriamerce.com\/#website","url":"https:\/\/herboristeriamerce.com\/","name":"Herbolari Merc\u00e8","description":"Herbolari a Terrassa","publisher":{"@id":"https:\/\/herboristeriamerce.com\/#organization"},"potentialAction":[{"@type":"SearchAction","target":{"@type":"EntryPoint","urlTemplate":"https:\/\/herboristeriamerce.com\/?s={search_term_string}"},"query-input":{"@type":"PropertyValueSpecification","valueRequired":true,"valueName":"search_term_string"}}],"inLanguage":"es"},{"@type":"Organization","@id":"https:\/\/herboristeriamerce.com\/#organization","name":"Herbolari Merc\u00e8","url":"https:\/\/herboristeriamerce.com\/","logo":{"@type":"ImageObject","inLanguage":"es","@id":"https:\/\/herboristeriamerce.com\/#\/schema\/logo\/image\/","url":"https:\/\/herboristeriamerce.com\/wp-content\/uploads\/2025\/04\/cropped-logo-herboristeria-330x168-229w.webp","contentUrl":"https:\/\/herboristeriamerce.com\/wp-content\/uploads\/2025\/04\/cropped-logo-herboristeria-330x168-229w.webp","width":230,"height":117,"caption":"Herbolari Merc\u00e8"},"image":{"@id":"https:\/\/herboristeriamerce.com\/#\/schema\/logo\/image\/"}}]}},"_links":{"self":[{"href":"https:\/\/herboristeriamerce.com\/es\/wp-json\/wp\/v2\/product\/2197","targetHints":{"allow":["GET"]}}],"collection":[{"href":"https:\/\/herboristeriamerce.com\/es\/wp-json\/wp\/v2\/product"}],"about":[{"href":"https:\/\/herboristeriamerce.com\/es\/wp-json\/wp\/v2\/types\/product"}],"replies":[{"embeddable":true,"href":"https:\/\/herboristeriamerce.com\/es\/wp-json\/wp\/v2\/comments?post=2197"}],"wp:featuredmedia":[{"embeddable":true,"href":"https:\/\/herboristeriamerce.com\/es\/wp-json\/wp\/v2\/media\/2198"}],"wp:attachment":[{"href":"https:\/\/herboristeriamerce.com\/es\/wp-json\/wp\/v2\/media?parent=2197"}],"wp:term":[{"taxonomy":"product_brand","embeddable":true,"href":"https:\/\/herboristeriamerce.com\/es\/wp-json\/wp\/v2\/product_brand?post=2197"},{"taxonomy":"product_cat","embeddable":true,"href":"https:\/\/herboristeriamerce.com\/es\/wp-json\/wp\/v2\/product_cat?post=2197"},{"taxonomy":"product_tag","embeddable":true,"href":"https:\/\/herboristeriamerce.com\/es\/wp-json\/wp\/v2\/product_tag?post=2197"}],"curies":[{"name":"wp","href":"https:\/\/api.w.org\/{rel}","templated":true}]}}