{"id":2186,"date":"2025-07-31T17:15:44","date_gmt":"2025-07-31T17:15:44","guid":{"rendered":"https:\/\/herboristeriamerce.com\/?post_type=product&#038;p=2186"},"modified":"2025-07-31T17:15:45","modified_gmt":"2025-07-31T17:15:45","slug":"coloret-rosa-salmo","status":"publish","type":"product","link":"https:\/\/herboristeriamerce.com\/es\/herboristeria-online\/cos-i-cara\/facial\/maquillatge\/coloret-rosa-salmo\/","title":{"rendered":"Coloret Rosa Salm\u00f3"},"content":{"rendered":"<p data-start=\"0\" data-end=\"37\"><strong data-start=\"0\" data-end=\"37\">Coloret benecos \u2013 Tono Rosa Salm\u00f3<\/strong><\/p>\n<article class=\"text-token-text-primary w-full focus:outline-none scroll-mt-[calc(var(--header-height)+min(200px,max(70px,20svh)))]\" dir=\"auto\" tabindex=\"-1\" data-testid=\"conversation-turn-14\" data-scroll-anchor=\"true\" data-turn=\"assistant\">\n<div class=\"text-base my-auto mx-auto pb-10 [--thread-content-margin:--spacing(4)] @[37rem]:[--thread-content-margin:--spacing(6)] @[72rem]:[--thread-content-margin:--spacing(16)] px-(--thread-content-margin)\">\n<div class=\"[--thread-content-max-width:32rem] @[34rem]:[--thread-content-max-width:40rem] @[64rem]:[--thread-content-max-width:48rem] mx-auto max-w-(--thread-content-max-width) flex-1 group\/turn-messages focus-visible:outline-hidden relative flex w-full min-w-0 flex-col agent-turn\" tabindex=\"-1\">\n<div class=\"flex max-w-full flex-col grow\">\n<div class=\"min-h-8 text-message relative flex w-full flex-col items-end gap-2 text-start break-words whitespace-normal [.text-message+&amp;]:mt-5\" dir=\"auto\" data-message-author-role=\"assistant\" data-message-id=\"8ad8053e-a811-4a3e-8b8a-e8991eeea9a6\" data-message-model-slug=\"gpt-4o\">\n<div class=\"flex w-full flex-col gap-1 empty:hidden first:pt-[3px]\">\n<div class=\"markdown prose dark:prose-invert w-full break-words light\">\n<p data-start=\"39\" data-end=\"200\">Un rostre radiant amb un toc de rosa. Dona vida i llum al rostre. El to rosa salm\u00f3 \u00e9s alegre, fresc i natural. Per tant, \u00e9s ideal per a un acabat radiant i suau.<\/p>\n<p data-start=\"202\" data-end=\"320\">A m\u00e9s, \u00e9s apte per a tot tipus de pell. La seva textura en pols prensat permet una aplicaci\u00f3 f\u00e0cil, c\u00f2moda i uniforme.<\/p>\n<p data-start=\"322\" data-end=\"440\">Aix\u00ed mateix, proporciona un efecte bona cara immediat. \u00c9s perfecte tant per al dia a dia com per a ocasions especials.<\/p>\n<p data-start=\"442\" data-end=\"564\">D\u2019altra banda, el color s\u2019adapta b\u00e9 a diferents tons de pell. Aporta un toc juvenil i saludable que revitalitza l\u2019aspecte.<\/p>\n<p data-start=\"566\" data-end=\"675\">Tamb\u00e9 cal destacar que t\u00e9 certificat BDIH. Aix\u00f2 garanteix l\u2019\u00fas d\u2019ingredients naturals i segurs per a la pell.<\/p>\n<p data-start=\"677\" data-end=\"790\">A m\u00e9s, no cont\u00e9 qu\u00edmics agressius ni perfums artificials. Per tant, \u00e9s adequat per a pells sensibles i delicades.<\/p>\n<p data-start=\"792\" data-end=\"882\">Est\u00e0 especialment pensat per a nens i nenes. Cuida amb suavitat la pell m\u00e9s fina i fr\u00e0gil.<\/p>\n<p data-start=\"884\" data-end=\"1000\">Pel que fa al format, ve en una llauna resistent i pr\u00e0ctica. \u00c9s ideal per portar f\u00e0cilment a la motxilla o la bossa.<\/p>\n<p data-start=\"1002\" data-end=\"1124\">Aix\u00ed, es converteix en una opci\u00f3 perfecta per a jocs o iniciaci\u00f3 al maquillatge. \u00das segur en contextos educatius i l\u00fadics.<\/p>\n<p data-start=\"1126\" data-end=\"1248\" data-is-last-node=\"\" data-is-only-node=\"\">En definitiva, amb benecos, la cosm\u00e8tica natural arriba tamb\u00e9 als m\u00e9s petits.<br data-start=\"1203\" data-end=\"1206\" \/>Qualitat, seguretat i diversi\u00f3 en cada \u00fas.<\/p>\n<p data-start=\"837\" data-end=\"936\" data-is-last-node=\"\" data-is-only-node=\"\"><strong>Ingredients (INCI)<\/strong><\/p>\n<div class=\"p-details__content\">\n<div class=\"product-ingredients inci\">\n<p>Talc, Mica, Kaolin, Capric\/Caprylic Triglyceride,\u00a0<span title=\"Al\u00e9rgenos\">Macadamia Ternifolia Seed Oil<\/span>, Ricinus Communis Seed Oil, Magnesium Stearate, Glyceryl Caprylate, P-Anisic Acid, Tocopherol, Helianthus Annuus (Sunflower) Seed Oil, Puede contener (+\/-): CI 77891 (Titanium Dioxid), CI 77491 (Iron Oxide), CI 77492 (Iron Oxide), CI 77499 (Iron Oxide), CI 77742 (Manganese Violet), CI 75470 (Carmine), Tin Oxide<\/p>\n<\/div>\n<\/div>\n<\/div>\n<\/div>\n<\/div>\n<\/div>\n<div class=\"flex min-h-[46px] justify-start\">\n<div class=\"touch:-me-2 touch:-ms-3.5 -ms-2.5 -me-1 flex flex-wrap items-center gap-y-4 p-1 select-none touch:w-[calc(100%+--spacing(3.5))] -mt-1 w-[calc(100%+--spacing(2.5))] duration-[1.5s] focus-within:transition-none hover:transition-none pointer-events-none [mask-image:linear-gradient(to_right,black_33%,transparent_66%)] [mask-size:300%_100%] [mask-position:100%_0%] motion-safe:transition-[mask-position] group-hover\/turn-messages:pointer-events-auto group-hover\/turn-messages:[mask-position:0_0] group-focus-within\/turn-messages:pointer-events-auto group-focus-within\/turn-messages:[mask-position:0_0] has-data-[state=open]:pointer-events-auto has-data-[state=open]:[mask-position:0_0]\"><button class=\"text-token-text-secondary hover:bg-token-bg-secondary rounded-lg\" aria-label=\"Copiar\" aria-selected=\"false\" data-testid=\"copy-turn-action-button\" data-state=\"closed\"><\/button><button class=\"text-token-text-secondary hover:bg-token-bg-secondary rounded-lg\" aria-label=\"Respuesta adecuada\" aria-selected=\"false\" data-testid=\"good-response-turn-action-button\" data-state=\"closed\"><\/button><button class=\"text-token-text-secondary hover:bg-token-bg-secondary rounded-lg\" aria-label=\"Respuesta inadecuada\" aria-selected=\"false\" data-testid=\"bad-response-turn-action-button\" data-state=\"closed\"><\/button><button class=\"text-token-text-secondary hover:bg-token-bg-secondary rounded-lg\" aria-label=\"Leer en voz alta\" aria-selected=\"false\" data-testid=\"voice-play-turn-action-button\" data-state=\"closed\"><\/button><button class=\"text-token-text-secondary hover:bg-token-bg-secondary rounded-lg\" aria-label=\"Editar en el lienzo\" aria-selected=\"false\" data-state=\"closed\"><\/button><button class=\"text-token-text-secondary hover:bg-token-bg-secondary rounded-lg\" aria-label=\"Compartir\" aria-selected=\"false\" data-state=\"closed\"><\/button><\/p>\n<div class=\"flex items-center\"><\/div>\n<\/div>\n<\/div>\n<div class=\"mt-3 w-full empty:hidden\">\n<div class=\"text-center\"><\/div>\n<\/div>\n<div class=\"aria-live=polite absolute\">\n<div class=\"flex items-center justify-center\"><\/div>\n<\/div>\n<\/div>\n<\/div>\n<\/article>\n<div class=\"pointer-events-none h-px w-px\" aria-hidden=\"true\" data-edge=\"true\"><\/div>","protected":false},"excerpt":{"rendered":"<p><span class=\"Y2IQFc\" lang=\"ca\">Per a un cutis suau i fresc<\/span><\/p>","protected":false},"featured_media":2187,"comment_status":"open","ping_status":"closed","template":"","meta":{"site-sidebar-layout":"default","site-content-layout":"","ast-site-content-layout":"default","site-content-style":"default","site-sidebar-style":"default","ast-global-header-display":"","ast-banner-title-visibility":"","ast-main-header-display":"","ast-hfb-above-header-display":"","ast-hfb-below-header-display":"","ast-hfb-mobile-header-display":"","site-post-title":"","ast-breadcrumbs-content":"","ast-featured-img":"","footer-sml-layout":"","ast-disable-related-posts":"","theme-transparent-header-meta":"default","adv-header-id-meta":"","stick-header-meta":"","header-above-stick-meta":"","header-main-stick-meta":"","header-below-stick-meta":"","astra-migrate-meta-layouts":"set","ast-page-background-enabled":"default","ast-page-background-meta":{"desktop":{"background-color":"var(--ast-global-color-4)","background-image":"","background-repeat":"repeat","background-position":"center center","background-size":"auto","background-attachment":"scroll","background-type":"","background-media":"","overlay-type":"","overlay-color":"","overlay-opacity":"","overlay-gradient":""},"tablet":{"background-color":"","background-image":"","background-repeat":"repeat","background-position":"center center","background-size":"auto","background-attachment":"scroll","background-type":"","background-media":"","overlay-type":"","overlay-color":"","overlay-opacity":"","overlay-gradient":""},"mobile":{"background-color":"","background-image":"","background-repeat":"repeat","background-position":"center center","background-size":"auto","background-attachment":"scroll","background-type":"","background-media":"","overlay-type":"","overlay-color":"","overlay-opacity":"","overlay-gradient":""}},"ast-content-background-meta":{"desktop":{"background-color":"var(--ast-global-color-5)","background-image":"","background-repeat":"repeat","background-position":"center center","background-size":"auto","background-attachment":"scroll","background-type":"","background-media":"","overlay-type":"","overlay-color":"","overlay-opacity":"","overlay-gradient":""},"tablet":{"background-color":"var(--ast-global-color-5)","background-image":"","background-repeat":"repeat","background-position":"center center","background-size":"auto","background-attachment":"scroll","background-type":"","background-media":"","overlay-type":"","overlay-color":"","overlay-opacity":"","overlay-gradient":""},"mobile":{"background-color":"var(--ast-global-color-5)","background-image":"","background-repeat":"repeat","background-position":"center center","background-size":"auto","background-attachment":"scroll","background-type":"","background-media":"","overlay-type":"","overlay-color":"","overlay-opacity":"","overlay-gradient":""}}},"product_brand":[185],"product_cat":[184],"product_tag":[188,164],"class_list":{"0":"post-2186","1":"product","2":"type-product","3":"status-publish","4":"has-post-thumbnail","6":"product_brand-benecos","7":"product_cat-maquillatge","8":"product_tag-cruelty-free","9":"product_tag-vegan","10":"desktop-align-left","11":"tablet-align-left","12":"mobile-align-left","14":"first","15":"instock","16":"taxable","17":"shipping-taxable","18":"purchasable","19":"product-type-simple"},"yoast_head":"<!-- This site is optimized with the Yoast SEO plugin v27.5 - https:\/\/yoast.com\/product\/yoast-seo-wordpress\/ -->\n<title>Coloret Rosa Salm\u00f3 - Herbolari Merc\u00e8 Un rostre radiant amb un toc de rosa<\/title>\n<meta name=\"description\" content=\"Un rostre radiant amb un toc de rosa gr\u00e0cies al coloret natural de benecos. Ideal per a nens, amb ingredients segurs i certificaci\u00f3 ecol\u00f2gica.\" \/>\n<meta name=\"robots\" content=\"index, follow, max-snippet:-1, max-image-preview:large, max-video-preview:-1\" \/>\n<link rel=\"canonical\" href=\"https:\/\/herboristeriamerce.com\/es\/herboristeria-online\/cos-i-cara\/facial\/maquillatge\/coloret-rosa-salmo\/\" \/>\n<meta property=\"og:locale\" content=\"es_ES\" \/>\n<meta property=\"og:type\" content=\"article\" \/>\n<meta property=\"og:title\" content=\"Coloret Rosa Salm\u00f3 - Herbolari Merc\u00e8 Un rostre radiant amb un toc de rosa\" \/>\n<meta property=\"og:description\" content=\"Un rostre radiant amb un toc de rosa gr\u00e0cies al coloret natural de benecos. Ideal per a nens, amb ingredients segurs i certificaci\u00f3 ecol\u00f2gica.\" \/>\n<meta property=\"og:url\" content=\"https:\/\/herboristeriamerce.com\/es\/herboristeria-online\/cos-i-cara\/facial\/maquillatge\/coloret-rosa-salmo\/\" \/>\n<meta property=\"og:site_name\" content=\"Herbolari Merc\u00e8\" \/>\n<meta property=\"article:modified_time\" content=\"2025-07-31T17:15:45+00:00\" \/>\n<meta property=\"og:image\" content=\"https:\/\/herboristeriamerce.com\/wp-content\/uploads\/2025\/07\/benecos-blush-colorete-compacto-sassy-salmon-671508-es.jpg\" \/>\n\t<meta property=\"og:image:width\" content=\"1853\" \/>\n\t<meta property=\"og:image:height\" content=\"2000\" \/>\n\t<meta property=\"og:image:type\" content=\"image\/jpeg\" \/>\n<meta name=\"twitter:card\" content=\"summary_large_image\" \/>\n<meta name=\"twitter:label1\" content=\"Tiempo de lectura\" \/>\n\t<meta name=\"twitter:data1\" content=\"2 minutos\" \/>\n<script type=\"application\/ld+json\" class=\"yoast-schema-graph\">{\"@context\":\"https:\\\/\\\/schema.org\",\"@graph\":[{\"@type\":\"WebPage\",\"@id\":\"https:\\\/\\\/herboristeriamerce.com\\\/herboristeria-online\\\/cos-i-cara\\\/facial\\\/maquillatge\\\/coloret-rosa-salmo\\\/\",\"url\":\"https:\\\/\\\/herboristeriamerce.com\\\/herboristeria-online\\\/cos-i-cara\\\/facial\\\/maquillatge\\\/coloret-rosa-salmo\\\/\",\"name\":\"Coloret Rosa Salm\u00f3 - Herbolari Merc\u00e8 Un rostre radiant amb un toc de rosa\",\"isPartOf\":{\"@id\":\"https:\\\/\\\/herboristeriamerce.com\\\/#website\"},\"primaryImageOfPage\":{\"@id\":\"https:\\\/\\\/herboristeriamerce.com\\\/herboristeria-online\\\/cos-i-cara\\\/facial\\\/maquillatge\\\/coloret-rosa-salmo\\\/#primaryimage\"},\"image\":{\"@id\":\"https:\\\/\\\/herboristeriamerce.com\\\/herboristeria-online\\\/cos-i-cara\\\/facial\\\/maquillatge\\\/coloret-rosa-salmo\\\/#primaryimage\"},\"thumbnailUrl\":\"https:\\\/\\\/herboristeriamerce.com\\\/wp-content\\\/uploads\\\/2025\\\/07\\\/benecos-blush-colorete-compacto-sassy-salmon-671508-es.jpg\",\"datePublished\":\"2025-07-31T17:15:44+00:00\",\"dateModified\":\"2025-07-31T17:15:45+00:00\",\"description\":\"Un rostre radiant amb un toc de rosa gr\u00e0cies al coloret natural de benecos. Ideal per a nens, amb ingredients segurs i certificaci\u00f3 ecol\u00f2gica.\",\"breadcrumb\":{\"@id\":\"https:\\\/\\\/herboristeriamerce.com\\\/herboristeria-online\\\/cos-i-cara\\\/facial\\\/maquillatge\\\/coloret-rosa-salmo\\\/#breadcrumb\"},\"inLanguage\":\"es\",\"potentialAction\":[{\"@type\":\"ReadAction\",\"target\":[\"https:\\\/\\\/herboristeriamerce.com\\\/herboristeria-online\\\/cos-i-cara\\\/facial\\\/maquillatge\\\/coloret-rosa-salmo\\\/\"]}]},{\"@type\":\"ImageObject\",\"inLanguage\":\"es\",\"@id\":\"https:\\\/\\\/herboristeriamerce.com\\\/herboristeria-online\\\/cos-i-cara\\\/facial\\\/maquillatge\\\/coloret-rosa-salmo\\\/#primaryimage\",\"url\":\"https:\\\/\\\/herboristeriamerce.com\\\/wp-content\\\/uploads\\\/2025\\\/07\\\/benecos-blush-colorete-compacto-sassy-salmon-671508-es.jpg\",\"contentUrl\":\"https:\\\/\\\/herboristeriamerce.com\\\/wp-content\\\/uploads\\\/2025\\\/07\\\/benecos-blush-colorete-compacto-sassy-salmon-671508-es.jpg\",\"width\":1853,\"height\":2000},{\"@type\":\"BreadcrumbList\",\"@id\":\"https:\\\/\\\/herboristeriamerce.com\\\/herboristeria-online\\\/cos-i-cara\\\/facial\\\/maquillatge\\\/coloret-rosa-salmo\\\/#breadcrumb\",\"itemListElement\":[{\"@type\":\"ListItem\",\"position\":1,\"name\":\"Inici\",\"item\":\"https:\\\/\\\/herboristeriamerce.com\\\/\"},{\"@type\":\"ListItem\",\"position\":2,\"name\":\"Herboristeria online\",\"item\":\"https:\\\/\\\/herboristeriamerce.com\\\/herboristeria-online\\\/\"},{\"@type\":\"ListItem\",\"position\":3,\"name\":\"Coloret Rosa Salm\u00f3\"}]},{\"@type\":\"WebSite\",\"@id\":\"https:\\\/\\\/herboristeriamerce.com\\\/#website\",\"url\":\"https:\\\/\\\/herboristeriamerce.com\\\/\",\"name\":\"Herbolari Merc\u00e8\",\"description\":\"Herbolari a Terrassa\",\"publisher\":{\"@id\":\"https:\\\/\\\/herboristeriamerce.com\\\/#organization\"},\"potentialAction\":[{\"@type\":\"SearchAction\",\"target\":{\"@type\":\"EntryPoint\",\"urlTemplate\":\"https:\\\/\\\/herboristeriamerce.com\\\/?s={search_term_string}\"},\"query-input\":{\"@type\":\"PropertyValueSpecification\",\"valueRequired\":true,\"valueName\":\"search_term_string\"}}],\"inLanguage\":\"es\"},{\"@type\":\"Organization\",\"@id\":\"https:\\\/\\\/herboristeriamerce.com\\\/#organization\",\"name\":\"Herbolari Merc\u00e8\",\"url\":\"https:\\\/\\\/herboristeriamerce.com\\\/\",\"logo\":{\"@type\":\"ImageObject\",\"inLanguage\":\"es\",\"@id\":\"https:\\\/\\\/herboristeriamerce.com\\\/#\\\/schema\\\/logo\\\/image\\\/\",\"url\":\"https:\\\/\\\/herboristeriamerce.com\\\/wp-content\\\/uploads\\\/2025\\\/04\\\/cropped-logo-herboristeria-330x168-229w.webp\",\"contentUrl\":\"https:\\\/\\\/herboristeriamerce.com\\\/wp-content\\\/uploads\\\/2025\\\/04\\\/cropped-logo-herboristeria-330x168-229w.webp\",\"width\":230,\"height\":117,\"caption\":\"Herbolari Merc\u00e8\"},\"image\":{\"@id\":\"https:\\\/\\\/herboristeriamerce.com\\\/#\\\/schema\\\/logo\\\/image\\\/\"}}]}<\/script>\n<!-- \/ Yoast SEO plugin. -->","yoast_head_json":{"title":"Coloret Rosa Salm\u00f3 - Herbolari Merc\u00e8 Un rostre radiant amb un toc de rosa","description":"Un rostre radiant amb un toc de rosa gr\u00e0cies al coloret natural de benecos. Ideal per a nens, amb ingredients segurs i certificaci\u00f3 ecol\u00f2gica.","robots":{"index":"index","follow":"follow","max-snippet":"max-snippet:-1","max-image-preview":"max-image-preview:large","max-video-preview":"max-video-preview:-1"},"canonical":"https:\/\/herboristeriamerce.com\/es\/herboristeria-online\/cos-i-cara\/facial\/maquillatge\/coloret-rosa-salmo\/","og_locale":"es_ES","og_type":"article","og_title":"Coloret Rosa Salm\u00f3 - Herbolari Merc\u00e8 Un rostre radiant amb un toc de rosa","og_description":"Un rostre radiant amb un toc de rosa gr\u00e0cies al coloret natural de benecos. Ideal per a nens, amb ingredients segurs i certificaci\u00f3 ecol\u00f2gica.","og_url":"https:\/\/herboristeriamerce.com\/es\/herboristeria-online\/cos-i-cara\/facial\/maquillatge\/coloret-rosa-salmo\/","og_site_name":"Herbolari Merc\u00e8","article_modified_time":"2025-07-31T17:15:45+00:00","og_image":[{"width":1853,"height":2000,"url":"https:\/\/herboristeriamerce.com\/wp-content\/uploads\/2025\/07\/benecos-blush-colorete-compacto-sassy-salmon-671508-es.jpg","type":"image\/jpeg"}],"twitter_card":"summary_large_image","twitter_misc":{"Tiempo de lectura":"2 minutos"},"schema":{"@context":"https:\/\/schema.org","@graph":[{"@type":"WebPage","@id":"https:\/\/herboristeriamerce.com\/herboristeria-online\/cos-i-cara\/facial\/maquillatge\/coloret-rosa-salmo\/","url":"https:\/\/herboristeriamerce.com\/herboristeria-online\/cos-i-cara\/facial\/maquillatge\/coloret-rosa-salmo\/","name":"Coloret Rosa Salm\u00f3 - Herbolari Merc\u00e8 Un rostre radiant amb un toc de rosa","isPartOf":{"@id":"https:\/\/herboristeriamerce.com\/#website"},"primaryImageOfPage":{"@id":"https:\/\/herboristeriamerce.com\/herboristeria-online\/cos-i-cara\/facial\/maquillatge\/coloret-rosa-salmo\/#primaryimage"},"image":{"@id":"https:\/\/herboristeriamerce.com\/herboristeria-online\/cos-i-cara\/facial\/maquillatge\/coloret-rosa-salmo\/#primaryimage"},"thumbnailUrl":"https:\/\/herboristeriamerce.com\/wp-content\/uploads\/2025\/07\/benecos-blush-colorete-compacto-sassy-salmon-671508-es.jpg","datePublished":"2025-07-31T17:15:44+00:00","dateModified":"2025-07-31T17:15:45+00:00","description":"Un rostre radiant amb un toc de rosa gr\u00e0cies al coloret natural de benecos. Ideal per a nens, amb ingredients segurs i certificaci\u00f3 ecol\u00f2gica.","breadcrumb":{"@id":"https:\/\/herboristeriamerce.com\/herboristeria-online\/cos-i-cara\/facial\/maquillatge\/coloret-rosa-salmo\/#breadcrumb"},"inLanguage":"es","potentialAction":[{"@type":"ReadAction","target":["https:\/\/herboristeriamerce.com\/herboristeria-online\/cos-i-cara\/facial\/maquillatge\/coloret-rosa-salmo\/"]}]},{"@type":"ImageObject","inLanguage":"es","@id":"https:\/\/herboristeriamerce.com\/herboristeria-online\/cos-i-cara\/facial\/maquillatge\/coloret-rosa-salmo\/#primaryimage","url":"https:\/\/herboristeriamerce.com\/wp-content\/uploads\/2025\/07\/benecos-blush-colorete-compacto-sassy-salmon-671508-es.jpg","contentUrl":"https:\/\/herboristeriamerce.com\/wp-content\/uploads\/2025\/07\/benecos-blush-colorete-compacto-sassy-salmon-671508-es.jpg","width":1853,"height":2000},{"@type":"BreadcrumbList","@id":"https:\/\/herboristeriamerce.com\/herboristeria-online\/cos-i-cara\/facial\/maquillatge\/coloret-rosa-salmo\/#breadcrumb","itemListElement":[{"@type":"ListItem","position":1,"name":"Inici","item":"https:\/\/herboristeriamerce.com\/"},{"@type":"ListItem","position":2,"name":"Herboristeria online","item":"https:\/\/herboristeriamerce.com\/herboristeria-online\/"},{"@type":"ListItem","position":3,"name":"Coloret Rosa Salm\u00f3"}]},{"@type":"WebSite","@id":"https:\/\/herboristeriamerce.com\/#website","url":"https:\/\/herboristeriamerce.com\/","name":"Herbolari Merc\u00e8","description":"Herbolari a Terrassa","publisher":{"@id":"https:\/\/herboristeriamerce.com\/#organization"},"potentialAction":[{"@type":"SearchAction","target":{"@type":"EntryPoint","urlTemplate":"https:\/\/herboristeriamerce.com\/?s={search_term_string}"},"query-input":{"@type":"PropertyValueSpecification","valueRequired":true,"valueName":"search_term_string"}}],"inLanguage":"es"},{"@type":"Organization","@id":"https:\/\/herboristeriamerce.com\/#organization","name":"Herbolari Merc\u00e8","url":"https:\/\/herboristeriamerce.com\/","logo":{"@type":"ImageObject","inLanguage":"es","@id":"https:\/\/herboristeriamerce.com\/#\/schema\/logo\/image\/","url":"https:\/\/herboristeriamerce.com\/wp-content\/uploads\/2025\/04\/cropped-logo-herboristeria-330x168-229w.webp","contentUrl":"https:\/\/herboristeriamerce.com\/wp-content\/uploads\/2025\/04\/cropped-logo-herboristeria-330x168-229w.webp","width":230,"height":117,"caption":"Herbolari Merc\u00e8"},"image":{"@id":"https:\/\/herboristeriamerce.com\/#\/schema\/logo\/image\/"}}]}},"_links":{"self":[{"href":"https:\/\/herboristeriamerce.com\/es\/wp-json\/wp\/v2\/product\/2186","targetHints":{"allow":["GET"]}}],"collection":[{"href":"https:\/\/herboristeriamerce.com\/es\/wp-json\/wp\/v2\/product"}],"about":[{"href":"https:\/\/herboristeriamerce.com\/es\/wp-json\/wp\/v2\/types\/product"}],"replies":[{"embeddable":true,"href":"https:\/\/herboristeriamerce.com\/es\/wp-json\/wp\/v2\/comments?post=2186"}],"wp:featuredmedia":[{"embeddable":true,"href":"https:\/\/herboristeriamerce.com\/es\/wp-json\/wp\/v2\/media\/2187"}],"wp:attachment":[{"href":"https:\/\/herboristeriamerce.com\/es\/wp-json\/wp\/v2\/media?parent=2186"}],"wp:term":[{"taxonomy":"product_brand","embeddable":true,"href":"https:\/\/herboristeriamerce.com\/es\/wp-json\/wp\/v2\/product_brand?post=2186"},{"taxonomy":"product_cat","embeddable":true,"href":"https:\/\/herboristeriamerce.com\/es\/wp-json\/wp\/v2\/product_cat?post=2186"},{"taxonomy":"product_tag","embeddable":true,"href":"https:\/\/herboristeriamerce.com\/es\/wp-json\/wp\/v2\/product_tag?post=2186"}],"curies":[{"name":"wp","href":"https:\/\/api.w.org\/{rel}","templated":true}]}}