{"id":2175,"date":"2025-07-31T15:59:57","date_gmt":"2025-07-31T15:59:57","guid":{"rendered":"https:\/\/herboristeriamerce.com\/?post_type=product&#038;p=2175"},"modified":"2025-07-31T16:00:36","modified_gmt":"2025-07-31T16:00:36","slug":"2175-llavis-hidratats-i-naturals-amb-un-toc-de-brillantor-afruitat-gracies-a-benecos","status":"publish","type":"product","link":"https:\/\/herboristeriamerce.com\/es\/herboristeria-online\/cos-i-cara\/facial\/maquillatge\/2175-llavis-hidratats-i-naturals-amb-un-toc-de-brillantor-afruitat-gracies-a-benecos\/","title":{"rendered":"Lip gloss (Brillantor de llavis)"},"content":{"rendered":"<p>&nbsp;<\/p>\n<p data-start=\"0\" data-end=\"48\"><strong data-start=\"0\" data-end=\"48\">Brillantor de llavis benecos &#8211; Berry Glamour<\/strong><\/p>\n<p data-start=\"50\" data-end=\"424\">Descobreix l\u2019equilibri perfecte entre cura i estil amb el brillantor de llavis benecos en to Berry. Aquest producte de maquillatge \u00e9s ideal per a totes aquelles persones que busquen un acabat natural, per\u00f2 amb un toc de sofisticaci\u00f3 i eleg\u00e0ncia. La seva f\u00f3rmula l\u00edquida i suau es presenta en un pr\u00e0ctic env\u00e0s cil\u00edndric, f\u00e0cil de portar i aplicar en qualsevol moment del dia.<\/p>\n<p data-start=\"426\" data-end=\"793\">El to Berry aporta una lluentor subtil que reflecteix la llum amb delicadesa, fent que els llavis semblin m\u00e9s plens i cuidats, per\u00f2 sense exagerar. Gr\u00e0cies al seu subtil efecte gloss, el resultat \u00e9s glamur\u00f3s per\u00f2 discret, perfecte tant per al dia a dia com per a ocasions especials. A m\u00e9s, t\u00e9 un sabor lleugerament afruitat que el fa encara m\u00e9s agradable d\u2019utilitzar.<\/p>\n<p data-start=\"795\" data-end=\"1089\">Formulat amb ingredients naturals i ecol\u00f2gics, aquest brillantor cont\u00e9 oli nutritiu de gira-sol org\u00e0nic i cera d\u2019abella org\u00e0nica, que hidraten i protegeixen els llavis. Aquesta combinaci\u00f3 natural ajuda a mantenir la pell suau, flexible i lluminosa, fins i tot durant els mesos m\u00e9s freds o secs.<\/p>\n<p data-start=\"1091\" data-end=\"1324\">La seva textura no \u00e9s gens enganxosa, cosa que el fa molt c\u00f2mode de portar durant hores. Es pot aplicar sol per aconseguir un look lleuger i natural o b\u00e9 combinar-lo amb un llapis de llavis per obtenir un efecte m\u00e9s intens i definit.<\/p>\n<p data-start=\"1326\" data-end=\"1629\">Apte per a tot tipus de pell, el brillantor de llavis benecos \u00e9s una opci\u00f3 de confian\u00e7a per a aquelles persones que busquen productes de maquillatge m\u00e9s conscients i respectuosos amb el medi ambient. A m\u00e9s, segueix els principis de la cosm\u00e8tica natural i est\u00e0 lliure de subst\u00e0ncies qu\u00edmiques agressives.<\/p>\n<p data-start=\"1631\" data-end=\"1778\" data-is-last-node=\"\" data-is-only-node=\"\">Descobreix un nou nivell de bellesa natural amb benecos. Cuida els teus llavis mentre els vesteixes amb un toc irresistible de brillantor afruitat!<\/p>","protected":false},"excerpt":{"rendered":"<p><span class=\"Y2IQFc\" lang=\"ca\">Cuida els teus llavis amb un lleuger gust de fruites<\/span><\/p>","protected":false},"featured_media":2181,"comment_status":"open","ping_status":"closed","template":"","meta":{"site-sidebar-layout":"default","site-content-layout":"","ast-site-content-layout":"default","site-content-style":"default","site-sidebar-style":"default","ast-global-header-display":"","ast-banner-title-visibility":"","ast-main-header-display":"","ast-hfb-above-header-display":"","ast-hfb-below-header-display":"","ast-hfb-mobile-header-display":"","site-post-title":"","ast-breadcrumbs-content":"","ast-featured-img":"","footer-sml-layout":"","ast-disable-related-posts":"","theme-transparent-header-meta":"default","adv-header-id-meta":"","stick-header-meta":"","header-above-stick-meta":"","header-main-stick-meta":"","header-below-stick-meta":"","astra-migrate-meta-layouts":"set","ast-page-background-enabled":"default","ast-page-background-meta":{"desktop":{"background-color":"var(--ast-global-color-4)","background-image":"","background-repeat":"repeat","background-position":"center center","background-size":"auto","background-attachment":"scroll","background-type":"","background-media":"","overlay-type":"","overlay-color":"","overlay-opacity":"","overlay-gradient":""},"tablet":{"background-color":"","background-image":"","background-repeat":"repeat","background-position":"center center","background-size":"auto","background-attachment":"scroll","background-type":"","background-media":"","overlay-type":"","overlay-color":"","overlay-opacity":"","overlay-gradient":""},"mobile":{"background-color":"","background-image":"","background-repeat":"repeat","background-position":"center center","background-size":"auto","background-attachment":"scroll","background-type":"","background-media":"","overlay-type":"","overlay-color":"","overlay-opacity":"","overlay-gradient":""}},"ast-content-background-meta":{"desktop":{"background-color":"var(--ast-global-color-5)","background-image":"","background-repeat":"repeat","background-position":"center center","background-size":"auto","background-attachment":"scroll","background-type":"","background-media":"","overlay-type":"","overlay-color":"","overlay-opacity":"","overlay-gradient":""},"tablet":{"background-color":"var(--ast-global-color-5)","background-image":"","background-repeat":"repeat","background-position":"center center","background-size":"auto","background-attachment":"scroll","background-type":"","background-media":"","overlay-type":"","overlay-color":"","overlay-opacity":"","overlay-gradient":""},"mobile":{"background-color":"var(--ast-global-color-5)","background-image":"","background-repeat":"repeat","background-position":"center center","background-size":"auto","background-attachment":"scroll","background-type":"","background-media":"","overlay-type":"","overlay-color":"","overlay-opacity":"","overlay-gradient":""}}},"product_brand":[185],"product_cat":[184],"product_tag":[188],"class_list":{"0":"post-2175","1":"product","2":"type-product","3":"status-publish","4":"has-post-thumbnail","6":"product_brand-benecos","7":"product_cat-maquillatge","8":"product_tag-cruelty-free","9":"desktop-align-left","10":"tablet-align-left","11":"mobile-align-left","13":"first","14":"instock","15":"taxable","16":"shipping-taxable","17":"purchasable","18":"product-type-variable"},"yoast_head":"<!-- This site is optimized with the Yoast SEO plugin v27.5 - https:\/\/yoast.com\/product\/yoast-seo-wordpress\/ -->\n<title>Lip gloss (Brillantor de llavis) - Herbolari Merc\u00e8 Llavis hidratats i naturals<\/title>\n<meta name=\"description\" content=\"Descobreix el brillantor de llavis benecos: llavis hidratats i naturals i amb un toc de brillantor afruitat.\" \/>\n<meta name=\"robots\" content=\"index, follow, max-snippet:-1, max-image-preview:large, max-video-preview:-1\" \/>\n<link rel=\"canonical\" href=\"https:\/\/herboristeriamerce.com\/es\/herboristeria-online\/cos-i-cara\/facial\/maquillatge\/2175-llavis-hidratats-i-naturals-amb-un-toc-de-brillantor-afruitat-gracies-a-benecos\/\" \/>\n<meta property=\"og:locale\" content=\"es_ES\" \/>\n<meta property=\"og:type\" content=\"article\" \/>\n<meta property=\"og:title\" content=\"Lip gloss (Brillantor de llavis) - Herbolari Merc\u00e8 Llavis hidratats i naturals\" \/>\n<meta property=\"og:description\" content=\"Descobreix el brillantor de llavis benecos: llavis hidratats i naturals i amb un toc de brillantor afruitat.\" \/>\n<meta property=\"og:url\" content=\"https:\/\/herboristeriamerce.com\/es\/herboristeria-online\/cos-i-cara\/facial\/maquillatge\/2175-llavis-hidratats-i-naturals-amb-un-toc-de-brillantor-afruitat-gracies-a-benecos\/\" \/>\n<meta property=\"og:site_name\" content=\"Herbolari Merc\u00e8\" \/>\n<meta property=\"article:modified_time\" content=\"2025-07-31T16:00:36+00:00\" \/>\n<meta property=\"og:image\" content=\"https:\/\/herboristeriamerce.com\/wp-content\/uploads\/2025\/07\/natural-glam.webp\" \/>\n\t<meta property=\"og:image:width\" content=\"512\" \/>\n\t<meta property=\"og:image:height\" content=\"512\" \/>\n\t<meta property=\"og:image:type\" content=\"image\/webp\" \/>\n<meta name=\"twitter:card\" content=\"summary_large_image\" \/>\n<meta name=\"twitter:label1\" content=\"Tiempo de lectura\" \/>\n\t<meta name=\"twitter:data1\" content=\"2 minutos\" \/>\n<script type=\"application\/ld+json\" class=\"yoast-schema-graph\">{\"@context\":\"https:\\\/\\\/schema.org\",\"@graph\":[{\"@type\":\"WebPage\",\"@id\":\"https:\\\/\\\/herboristeriamerce.com\\\/herboristeria-online\\\/cos-i-cara\\\/facial\\\/maquillatge\\\/2175-llavis-hidratats-i-naturals-amb-un-toc-de-brillantor-afruitat-gracies-a-benecos\\\/\",\"url\":\"https:\\\/\\\/herboristeriamerce.com\\\/herboristeria-online\\\/cos-i-cara\\\/facial\\\/maquillatge\\\/2175-llavis-hidratats-i-naturals-amb-un-toc-de-brillantor-afruitat-gracies-a-benecos\\\/\",\"name\":\"Lip gloss (Brillantor de llavis) - Herbolari Merc\u00e8 Llavis hidratats i naturals\",\"isPartOf\":{\"@id\":\"https:\\\/\\\/herboristeriamerce.com\\\/#website\"},\"primaryImageOfPage\":{\"@id\":\"https:\\\/\\\/herboristeriamerce.com\\\/herboristeria-online\\\/cos-i-cara\\\/facial\\\/maquillatge\\\/2175-llavis-hidratats-i-naturals-amb-un-toc-de-brillantor-afruitat-gracies-a-benecos\\\/#primaryimage\"},\"image\":{\"@id\":\"https:\\\/\\\/herboristeriamerce.com\\\/herboristeria-online\\\/cos-i-cara\\\/facial\\\/maquillatge\\\/2175-llavis-hidratats-i-naturals-amb-un-toc-de-brillantor-afruitat-gracies-a-benecos\\\/#primaryimage\"},\"thumbnailUrl\":\"https:\\\/\\\/herboristeriamerce.com\\\/wp-content\\\/uploads\\\/2025\\\/07\\\/natural-glam.webp\",\"datePublished\":\"2025-07-31T15:59:57+00:00\",\"dateModified\":\"2025-07-31T16:00:36+00:00\",\"description\":\"Descobreix el brillantor de llavis benecos: llavis hidratats i naturals i amb un toc de brillantor afruitat.\",\"breadcrumb\":{\"@id\":\"https:\\\/\\\/herboristeriamerce.com\\\/herboristeria-online\\\/cos-i-cara\\\/facial\\\/maquillatge\\\/2175-llavis-hidratats-i-naturals-amb-un-toc-de-brillantor-afruitat-gracies-a-benecos\\\/#breadcrumb\"},\"inLanguage\":\"es\",\"potentialAction\":[{\"@type\":\"ReadAction\",\"target\":[\"https:\\\/\\\/herboristeriamerce.com\\\/herboristeria-online\\\/cos-i-cara\\\/facial\\\/maquillatge\\\/2175-llavis-hidratats-i-naturals-amb-un-toc-de-brillantor-afruitat-gracies-a-benecos\\\/\"]}]},{\"@type\":\"ImageObject\",\"inLanguage\":\"es\",\"@id\":\"https:\\\/\\\/herboristeriamerce.com\\\/herboristeria-online\\\/cos-i-cara\\\/facial\\\/maquillatge\\\/2175-llavis-hidratats-i-naturals-amb-un-toc-de-brillantor-afruitat-gracies-a-benecos\\\/#primaryimage\",\"url\":\"https:\\\/\\\/herboristeriamerce.com\\\/wp-content\\\/uploads\\\/2025\\\/07\\\/natural-glam.webp\",\"contentUrl\":\"https:\\\/\\\/herboristeriamerce.com\\\/wp-content\\\/uploads\\\/2025\\\/07\\\/natural-glam.webp\",\"width\":512,\"height\":512},{\"@type\":\"BreadcrumbList\",\"@id\":\"https:\\\/\\\/herboristeriamerce.com\\\/herboristeria-online\\\/cos-i-cara\\\/facial\\\/maquillatge\\\/2175-llavis-hidratats-i-naturals-amb-un-toc-de-brillantor-afruitat-gracies-a-benecos\\\/#breadcrumb\",\"itemListElement\":[{\"@type\":\"ListItem\",\"position\":1,\"name\":\"Inici\",\"item\":\"https:\\\/\\\/herboristeriamerce.com\\\/\"},{\"@type\":\"ListItem\",\"position\":2,\"name\":\"Herboristeria online\",\"item\":\"https:\\\/\\\/herboristeriamerce.com\\\/herboristeria-online\\\/\"},{\"@type\":\"ListItem\",\"position\":3,\"name\":\"Lip gloss (Brillantor de llavis)\"}]},{\"@type\":\"WebSite\",\"@id\":\"https:\\\/\\\/herboristeriamerce.com\\\/#website\",\"url\":\"https:\\\/\\\/herboristeriamerce.com\\\/\",\"name\":\"Herbolari Merc\u00e8\",\"description\":\"Herbolari a Terrassa\",\"publisher\":{\"@id\":\"https:\\\/\\\/herboristeriamerce.com\\\/#organization\"},\"potentialAction\":[{\"@type\":\"SearchAction\",\"target\":{\"@type\":\"EntryPoint\",\"urlTemplate\":\"https:\\\/\\\/herboristeriamerce.com\\\/?s={search_term_string}\"},\"query-input\":{\"@type\":\"PropertyValueSpecification\",\"valueRequired\":true,\"valueName\":\"search_term_string\"}}],\"inLanguage\":\"es\"},{\"@type\":\"Organization\",\"@id\":\"https:\\\/\\\/herboristeriamerce.com\\\/#organization\",\"name\":\"Herbolari Merc\u00e8\",\"url\":\"https:\\\/\\\/herboristeriamerce.com\\\/\",\"logo\":{\"@type\":\"ImageObject\",\"inLanguage\":\"es\",\"@id\":\"https:\\\/\\\/herboristeriamerce.com\\\/#\\\/schema\\\/logo\\\/image\\\/\",\"url\":\"https:\\\/\\\/herboristeriamerce.com\\\/wp-content\\\/uploads\\\/2025\\\/04\\\/cropped-logo-herboristeria-330x168-229w.webp\",\"contentUrl\":\"https:\\\/\\\/herboristeriamerce.com\\\/wp-content\\\/uploads\\\/2025\\\/04\\\/cropped-logo-herboristeria-330x168-229w.webp\",\"width\":230,\"height\":117,\"caption\":\"Herbolari Merc\u00e8\"},\"image\":{\"@id\":\"https:\\\/\\\/herboristeriamerce.com\\\/#\\\/schema\\\/logo\\\/image\\\/\"}}]}<\/script>\n<!-- \/ Yoast SEO plugin. -->","yoast_head_json":{"title":"Lip gloss (Brillantor de llavis) - Herbolari Merc\u00e8 Llavis hidratats i naturals","description":"Descobreix el brillantor de llavis benecos: llavis hidratats i naturals i amb un toc de brillantor afruitat.","robots":{"index":"index","follow":"follow","max-snippet":"max-snippet:-1","max-image-preview":"max-image-preview:large","max-video-preview":"max-video-preview:-1"},"canonical":"https:\/\/herboristeriamerce.com\/es\/herboristeria-online\/cos-i-cara\/facial\/maquillatge\/2175-llavis-hidratats-i-naturals-amb-un-toc-de-brillantor-afruitat-gracies-a-benecos\/","og_locale":"es_ES","og_type":"article","og_title":"Lip gloss (Brillantor de llavis) - Herbolari Merc\u00e8 Llavis hidratats i naturals","og_description":"Descobreix el brillantor de llavis benecos: llavis hidratats i naturals i amb un toc de brillantor afruitat.","og_url":"https:\/\/herboristeriamerce.com\/es\/herboristeria-online\/cos-i-cara\/facial\/maquillatge\/2175-llavis-hidratats-i-naturals-amb-un-toc-de-brillantor-afruitat-gracies-a-benecos\/","og_site_name":"Herbolari Merc\u00e8","article_modified_time":"2025-07-31T16:00:36+00:00","og_image":[{"width":512,"height":512,"url":"https:\/\/herboristeriamerce.com\/wp-content\/uploads\/2025\/07\/natural-glam.webp","type":"image\/webp"}],"twitter_card":"summary_large_image","twitter_misc":{"Tiempo de lectura":"2 minutos"},"schema":{"@context":"https:\/\/schema.org","@graph":[{"@type":"WebPage","@id":"https:\/\/herboristeriamerce.com\/herboristeria-online\/cos-i-cara\/facial\/maquillatge\/2175-llavis-hidratats-i-naturals-amb-un-toc-de-brillantor-afruitat-gracies-a-benecos\/","url":"https:\/\/herboristeriamerce.com\/herboristeria-online\/cos-i-cara\/facial\/maquillatge\/2175-llavis-hidratats-i-naturals-amb-un-toc-de-brillantor-afruitat-gracies-a-benecos\/","name":"Lip gloss (Brillantor de llavis) - Herbolari Merc\u00e8 Llavis hidratats i naturals","isPartOf":{"@id":"https:\/\/herboristeriamerce.com\/#website"},"primaryImageOfPage":{"@id":"https:\/\/herboristeriamerce.com\/herboristeria-online\/cos-i-cara\/facial\/maquillatge\/2175-llavis-hidratats-i-naturals-amb-un-toc-de-brillantor-afruitat-gracies-a-benecos\/#primaryimage"},"image":{"@id":"https:\/\/herboristeriamerce.com\/herboristeria-online\/cos-i-cara\/facial\/maquillatge\/2175-llavis-hidratats-i-naturals-amb-un-toc-de-brillantor-afruitat-gracies-a-benecos\/#primaryimage"},"thumbnailUrl":"https:\/\/herboristeriamerce.com\/wp-content\/uploads\/2025\/07\/natural-glam.webp","datePublished":"2025-07-31T15:59:57+00:00","dateModified":"2025-07-31T16:00:36+00:00","description":"Descobreix el brillantor de llavis benecos: llavis hidratats i naturals i amb un toc de brillantor afruitat.","breadcrumb":{"@id":"https:\/\/herboristeriamerce.com\/herboristeria-online\/cos-i-cara\/facial\/maquillatge\/2175-llavis-hidratats-i-naturals-amb-un-toc-de-brillantor-afruitat-gracies-a-benecos\/#breadcrumb"},"inLanguage":"es","potentialAction":[{"@type":"ReadAction","target":["https:\/\/herboristeriamerce.com\/herboristeria-online\/cos-i-cara\/facial\/maquillatge\/2175-llavis-hidratats-i-naturals-amb-un-toc-de-brillantor-afruitat-gracies-a-benecos\/"]}]},{"@type":"ImageObject","inLanguage":"es","@id":"https:\/\/herboristeriamerce.com\/herboristeria-online\/cos-i-cara\/facial\/maquillatge\/2175-llavis-hidratats-i-naturals-amb-un-toc-de-brillantor-afruitat-gracies-a-benecos\/#primaryimage","url":"https:\/\/herboristeriamerce.com\/wp-content\/uploads\/2025\/07\/natural-glam.webp","contentUrl":"https:\/\/herboristeriamerce.com\/wp-content\/uploads\/2025\/07\/natural-glam.webp","width":512,"height":512},{"@type":"BreadcrumbList","@id":"https:\/\/herboristeriamerce.com\/herboristeria-online\/cos-i-cara\/facial\/maquillatge\/2175-llavis-hidratats-i-naturals-amb-un-toc-de-brillantor-afruitat-gracies-a-benecos\/#breadcrumb","itemListElement":[{"@type":"ListItem","position":1,"name":"Inici","item":"https:\/\/herboristeriamerce.com\/"},{"@type":"ListItem","position":2,"name":"Herboristeria online","item":"https:\/\/herboristeriamerce.com\/herboristeria-online\/"},{"@type":"ListItem","position":3,"name":"Lip gloss (Brillantor de llavis)"}]},{"@type":"WebSite","@id":"https:\/\/herboristeriamerce.com\/#website","url":"https:\/\/herboristeriamerce.com\/","name":"Herbolari Merc\u00e8","description":"Herbolari a Terrassa","publisher":{"@id":"https:\/\/herboristeriamerce.com\/#organization"},"potentialAction":[{"@type":"SearchAction","target":{"@type":"EntryPoint","urlTemplate":"https:\/\/herboristeriamerce.com\/?s={search_term_string}"},"query-input":{"@type":"PropertyValueSpecification","valueRequired":true,"valueName":"search_term_string"}}],"inLanguage":"es"},{"@type":"Organization","@id":"https:\/\/herboristeriamerce.com\/#organization","name":"Herbolari Merc\u00e8","url":"https:\/\/herboristeriamerce.com\/","logo":{"@type":"ImageObject","inLanguage":"es","@id":"https:\/\/herboristeriamerce.com\/#\/schema\/logo\/image\/","url":"https:\/\/herboristeriamerce.com\/wp-content\/uploads\/2025\/04\/cropped-logo-herboristeria-330x168-229w.webp","contentUrl":"https:\/\/herboristeriamerce.com\/wp-content\/uploads\/2025\/04\/cropped-logo-herboristeria-330x168-229w.webp","width":230,"height":117,"caption":"Herbolari Merc\u00e8"},"image":{"@id":"https:\/\/herboristeriamerce.com\/#\/schema\/logo\/image\/"}}]}},"_links":{"self":[{"href":"https:\/\/herboristeriamerce.com\/es\/wp-json\/wp\/v2\/product\/2175","targetHints":{"allow":["GET"]}}],"collection":[{"href":"https:\/\/herboristeriamerce.com\/es\/wp-json\/wp\/v2\/product"}],"about":[{"href":"https:\/\/herboristeriamerce.com\/es\/wp-json\/wp\/v2\/types\/product"}],"replies":[{"embeddable":true,"href":"https:\/\/herboristeriamerce.com\/es\/wp-json\/wp\/v2\/comments?post=2175"}],"wp:featuredmedia":[{"embeddable":true,"href":"https:\/\/herboristeriamerce.com\/es\/wp-json\/wp\/v2\/media\/2181"}],"wp:attachment":[{"href":"https:\/\/herboristeriamerce.com\/es\/wp-json\/wp\/v2\/media?parent=2175"}],"wp:term":[{"taxonomy":"product_brand","embeddable":true,"href":"https:\/\/herboristeriamerce.com\/es\/wp-json\/wp\/v2\/product_brand?post=2175"},{"taxonomy":"product_cat","embeddable":true,"href":"https:\/\/herboristeriamerce.com\/es\/wp-json\/wp\/v2\/product_cat?post=2175"},{"taxonomy":"product_tag","embeddable":true,"href":"https:\/\/herboristeriamerce.com\/es\/wp-json\/wp\/v2\/product_tag?post=2175"}],"curies":[{"name":"wp","href":"https:\/\/api.w.org\/{rel}","templated":true}]}}