{"id":2164,"date":"2025-07-31T10:32:43","date_gmt":"2025-07-31T10:32:43","guid":{"rendered":"https:\/\/herboristeriamerce.com\/?post_type=product&#038;p=2164"},"modified":"2025-07-31T10:32:43","modified_gmt":"2025-07-31T10:32:43","slug":"barra-de-llavis-hidratacio-natural-i-bellesa-amb-consciencia","status":"publish","type":"product","link":"https:\/\/herboristeriamerce.com\/es\/herboristeria-online\/cos-i-cara\/facial\/maquillatge\/barra-de-llavis-hidratacio-natural-i-bellesa-amb-consciencia\/","title":{"rendered":"Barra de llavis"},"content":{"rendered":"<h3 data-start=\"152\" data-end=\"249\"><strong data-start=\"156\" data-end=\"249\">Barra de Llavis \u2013 Hidrataci\u00f3 natural i color vibrant per a uns llavis irresistibles<\/strong><\/h3>\n<p data-start=\"251\" data-end=\"644\">Vols uns llavis bonics, cuidats i amb un color espectacular? La Barra de Llavis de Benecos \u00e9s, sens dubte, la teva millor aliada. Amb una textura suau i cremosa, ofereix una aplicaci\u00f3 c\u00f2moda i uniforme, deixant un acabat natural, llumin\u00f3s i ple de vida des del primer moment. Gr\u00e0cies al seu to suau, \u00e9s perfecta tant per al dia a dia com per a ocasions especials.<\/p>\n<hr data-start=\"646\" data-end=\"649\" \/>\n<h3 data-start=\"651\" data-end=\"704\"><strong data-start=\"655\" data-end=\"704\">Maquillatge amb tractament: cuida i embelleix<\/strong><\/h3>\n<p data-start=\"706\" data-end=\"1229\"><strong data-start=\"706\" data-end=\"749\">Per qu\u00e8 triar la Barra de Llavis ?<\/strong><br data-start=\"749\" data-end=\"752\" \/>A difer\u00e8ncia d\u2019altres labials convencionals, aquesta barra est\u00e0 formulada amb ingredients naturals i org\u00e0nics que no nom\u00e9s embelleixen, sin\u00f3 que tamb\u00e9 cuiden i protegeixen en profunditat. Concretament, el seu complex amb <strong data-start=\"989\" data-end=\"1062\">oli de jojoba org\u00e0nic, cera d&#8217;abella org\u00e0nica i oli de babas\u00fa org\u00e0nic<\/strong> proporciona una hidrataci\u00f3 profunda, suavitat i nutrici\u00f3 duradora. Aix\u00ed doncs, \u00e9s ideal per a llavis secs, sensibles o exposats a condicions clim\u00e0tiques adverses.<\/p>\n<hr data-start=\"1231\" data-end=\"1234\" \/>\n<h3 data-start=\"1236\" data-end=\"1291\"><strong data-start=\"1240\" data-end=\"1291\">Beneficis destacats de la Barra de Llavis\u00a0<\/strong><\/h3>\n<ul data-start=\"1293\" data-end=\"1655\">\n<li data-start=\"1293\" data-end=\"1361\">\n<p data-start=\"1295\" data-end=\"1361\">Per comen\u00e7ar, gran alliberaci\u00f3 de color amb una sola passada<\/p>\n<\/li>\n<li data-start=\"1362\" data-end=\"1430\">\n<p data-start=\"1364\" data-end=\"1430\">A m\u00e9s a m\u00e9s, hidrata, suavitza i protegeix durant tot el dia<\/p>\n<\/li>\n<li data-start=\"1431\" data-end=\"1488\">\n<p data-start=\"1433\" data-end=\"1488\">Tamb\u00e9, \u00e9s apte per a \u00fas diari i tot tipus de pell<\/p>\n<\/li>\n<li data-start=\"1489\" data-end=\"1578\">\n<p data-start=\"1491\" data-end=\"1578\">El m\u00e9s important \u00e9s que est\u00e0 lliure de parabens, silicones i derivats del petroli<\/p>\n<\/li>\n<li data-start=\"1579\" data-end=\"1655\">\n<p data-start=\"1581\" data-end=\"1655\">Finalment, \u00e9s una opci\u00f3 de cosm\u00e8tica natural, \u00e8tica i cruelty free<\/p>\n<\/li>\n<\/ul>\n<hr data-start=\"1657\" data-end=\"1660\" \/>\n<h3 data-start=\"1662\" data-end=\"1711\"><strong data-start=\"1666\" data-end=\"1711\">Com aplicar-la per a un resultat perfecte<\/strong><\/h3>\n<p data-start=\"1713\" data-end=\"1916\">Per obtenir un millor resultat, pots aplicar-la directament sobre els llavis. Tot i aix\u00f2, si prefereixes un acabat m\u00e9s definit i prec\u00eds, et recomanem utilitzar el pinzell per a llavis de Benecos.<\/p>\n<hr data-start=\"1918\" data-end=\"1921\" \/>\n<h3 data-start=\"1923\" data-end=\"1962\"><strong data-start=\"1927\" data-end=\"1962\">Una elecci\u00f3 natural i conscient<\/strong><\/h3>\n<p data-start=\"1964\" data-end=\"2208\">En resum, amb la <em data-start=\"1985\" data-end=\"2008\">Barra de Llavis <\/em>gaudir\u00e0s d\u2019uns llavis radiants, saludables i amb un toc de color natural. Aix\u00ed mateix, \u00e9s una manera excel\u00b7lent de cuidar-te amb productes que respecten tant la teva pell com el medi ambient.<\/p>\n<p data-start=\"2210\" data-end=\"2284\">\ud83d\udc49 <em data-start=\"2213\" data-end=\"2284\">Benecos: la bellesa natural que et fa sentir b\u00e9, per dins i per fora.<\/em><\/p>","protected":false},"excerpt":{"rendered":"<p>El teu aliat perfecte per lluir una bellesa natural amb consci\u00e8ncia ecol\u00f2gica.<\/p>","protected":false},"featured_media":2174,"comment_status":"open","ping_status":"closed","template":"","meta":{"site-sidebar-layout":"default","site-content-layout":"","ast-site-content-layout":"default","site-content-style":"default","site-sidebar-style":"default","ast-global-header-display":"","ast-banner-title-visibility":"","ast-main-header-display":"","ast-hfb-above-header-display":"","ast-hfb-below-header-display":"","ast-hfb-mobile-header-display":"","site-post-title":"","ast-breadcrumbs-content":"","ast-featured-img":"","footer-sml-layout":"","ast-disable-related-posts":"","theme-transparent-header-meta":"default","adv-header-id-meta":"","stick-header-meta":"","header-above-stick-meta":"","header-main-stick-meta":"","header-below-stick-meta":"","astra-migrate-meta-layouts":"set","ast-page-background-enabled":"default","ast-page-background-meta":{"desktop":{"background-color":"var(--ast-global-color-4)","background-image":"","background-repeat":"repeat","background-position":"center center","background-size":"auto","background-attachment":"scroll","background-type":"","background-media":"","overlay-type":"","overlay-color":"","overlay-opacity":"","overlay-gradient":""},"tablet":{"background-color":"","background-image":"","background-repeat":"repeat","background-position":"center center","background-size":"auto","background-attachment":"scroll","background-type":"","background-media":"","overlay-type":"","overlay-color":"","overlay-opacity":"","overlay-gradient":""},"mobile":{"background-color":"","background-image":"","background-repeat":"repeat","background-position":"center center","background-size":"auto","background-attachment":"scroll","background-type":"","background-media":"","overlay-type":"","overlay-color":"","overlay-opacity":"","overlay-gradient":""}},"ast-content-background-meta":{"desktop":{"background-color":"var(--ast-global-color-5)","background-image":"","background-repeat":"repeat","background-position":"center center","background-size":"auto","background-attachment":"scroll","background-type":"","background-media":"","overlay-type":"","overlay-color":"","overlay-opacity":"","overlay-gradient":""},"tablet":{"background-color":"var(--ast-global-color-5)","background-image":"","background-repeat":"repeat","background-position":"center center","background-size":"auto","background-attachment":"scroll","background-type":"","background-media":"","overlay-type":"","overlay-color":"","overlay-opacity":"","overlay-gradient":""},"mobile":{"background-color":"var(--ast-global-color-5)","background-image":"","background-repeat":"repeat","background-position":"center center","background-size":"auto","background-attachment":"scroll","background-type":"","background-media":"","overlay-type":"","overlay-color":"","overlay-opacity":"","overlay-gradient":""}}},"product_brand":[185],"product_cat":[184],"product_tag":[188],"class_list":{"0":"post-2164","1":"product","2":"type-product","3":"status-publish","4":"has-post-thumbnail","6":"product_brand-benecos","7":"product_cat-maquillatge","8":"product_tag-cruelty-free","9":"desktop-align-left","10":"tablet-align-left","11":"mobile-align-left","13":"first","14":"instock","15":"taxable","16":"shipping-taxable","17":"purchasable","18":"product-type-variable"},"yoast_head":"<!-- This site is optimized with the Yoast SEO plugin v27.5 - https:\/\/yoast.com\/product\/yoast-seo-wordpress\/ -->\n<title>Barra de llavis - Herbolari Merc\u00e8 hidrataci\u00f3 natural i bellesa amb consci\u00e8ncia<\/title>\n<meta name=\"description\" content=\"Descobreix la Barra de Llavis: hidrataci\u00f3 natural i bellesa amb consci\u00e8ncia. Amb ingredients org\u00e0nics i un color vibrant, cuida i real\u00e7a els teus llavis.\" \/>\n<meta name=\"robots\" content=\"index, follow, max-snippet:-1, max-image-preview:large, max-video-preview:-1\" \/>\n<link rel=\"canonical\" href=\"https:\/\/herboristeriamerce.com\/es\/herboristeria-online\/cos-i-cara\/facial\/maquillatge\/barra-de-llavis-hidratacio-natural-i-bellesa-amb-consciencia\/\" \/>\n<meta property=\"og:locale\" content=\"es_ES\" \/>\n<meta property=\"og:type\" content=\"article\" \/>\n<meta property=\"og:title\" content=\"Barra de llavis - Herbolari Merc\u00e8 hidrataci\u00f3 natural i bellesa amb consci\u00e8ncia\" \/>\n<meta property=\"og:description\" content=\"Descobreix la Barra de Llavis: hidrataci\u00f3 natural i bellesa amb consci\u00e8ncia. Amb ingredients org\u00e0nics i un color vibrant, cuida i real\u00e7a els teus llavis.\" \/>\n<meta property=\"og:url\" content=\"https:\/\/herboristeriamerce.com\/es\/herboristeria-online\/cos-i-cara\/facial\/maquillatge\/barra-de-llavis-hidratacio-natural-i-bellesa-amb-consciencia\/\" \/>\n<meta property=\"og:site_name\" content=\"Herbolari Merc\u00e8\" \/>\n<meta property=\"og:image\" content=\"https:\/\/herboristeriamerce.com\/wp-content\/uploads\/2025\/07\/101020_46cdba43.512x512.webp\" \/>\n\t<meta property=\"og:image:width\" content=\"512\" \/>\n\t<meta property=\"og:image:height\" content=\"512\" \/>\n\t<meta property=\"og:image:type\" content=\"image\/webp\" \/>\n<meta name=\"twitter:card\" content=\"summary_large_image\" \/>\n<meta name=\"twitter:label1\" content=\"Tiempo de lectura\" \/>\n\t<meta name=\"twitter:data1\" content=\"2 minutos\" \/>\n<script type=\"application\/ld+json\" class=\"yoast-schema-graph\">{\"@context\":\"https:\\\/\\\/schema.org\",\"@graph\":[{\"@type\":\"WebPage\",\"@id\":\"https:\\\/\\\/herboristeriamerce.com\\\/herboristeria-online\\\/cos-i-cara\\\/facial\\\/maquillatge\\\/barra-de-llavis-hidratacio-natural-i-bellesa-amb-consciencia\\\/\",\"url\":\"https:\\\/\\\/herboristeriamerce.com\\\/herboristeria-online\\\/cos-i-cara\\\/facial\\\/maquillatge\\\/barra-de-llavis-hidratacio-natural-i-bellesa-amb-consciencia\\\/\",\"name\":\"Barra de llavis - Herbolari Merc\u00e8 hidrataci\u00f3 natural i bellesa amb consci\u00e8ncia\",\"isPartOf\":{\"@id\":\"https:\\\/\\\/herboristeriamerce.com\\\/#website\"},\"primaryImageOfPage\":{\"@id\":\"https:\\\/\\\/herboristeriamerce.com\\\/herboristeria-online\\\/cos-i-cara\\\/facial\\\/maquillatge\\\/barra-de-llavis-hidratacio-natural-i-bellesa-amb-consciencia\\\/#primaryimage\"},\"image\":{\"@id\":\"https:\\\/\\\/herboristeriamerce.com\\\/herboristeria-online\\\/cos-i-cara\\\/facial\\\/maquillatge\\\/barra-de-llavis-hidratacio-natural-i-bellesa-amb-consciencia\\\/#primaryimage\"},\"thumbnailUrl\":\"https:\\\/\\\/herboristeriamerce.com\\\/wp-content\\\/uploads\\\/2025\\\/07\\\/101020_46cdba43.512x512.webp\",\"datePublished\":\"2025-07-31T10:32:43+00:00\",\"description\":\"Descobreix la Barra de Llavis: hidrataci\u00f3 natural i bellesa amb consci\u00e8ncia. Amb ingredients org\u00e0nics i un color vibrant, cuida i real\u00e7a els teus llavis.\",\"breadcrumb\":{\"@id\":\"https:\\\/\\\/herboristeriamerce.com\\\/herboristeria-online\\\/cos-i-cara\\\/facial\\\/maquillatge\\\/barra-de-llavis-hidratacio-natural-i-bellesa-amb-consciencia\\\/#breadcrumb\"},\"inLanguage\":\"es\",\"potentialAction\":[{\"@type\":\"ReadAction\",\"target\":[\"https:\\\/\\\/herboristeriamerce.com\\\/herboristeria-online\\\/cos-i-cara\\\/facial\\\/maquillatge\\\/barra-de-llavis-hidratacio-natural-i-bellesa-amb-consciencia\\\/\"]}]},{\"@type\":\"ImageObject\",\"inLanguage\":\"es\",\"@id\":\"https:\\\/\\\/herboristeriamerce.com\\\/herboristeria-online\\\/cos-i-cara\\\/facial\\\/maquillatge\\\/barra-de-llavis-hidratacio-natural-i-bellesa-amb-consciencia\\\/#primaryimage\",\"url\":\"https:\\\/\\\/herboristeriamerce.com\\\/wp-content\\\/uploads\\\/2025\\\/07\\\/101020_46cdba43.512x512.webp\",\"contentUrl\":\"https:\\\/\\\/herboristeriamerce.com\\\/wp-content\\\/uploads\\\/2025\\\/07\\\/101020_46cdba43.512x512.webp\",\"width\":512,\"height\":512},{\"@type\":\"BreadcrumbList\",\"@id\":\"https:\\\/\\\/herboristeriamerce.com\\\/herboristeria-online\\\/cos-i-cara\\\/facial\\\/maquillatge\\\/barra-de-llavis-hidratacio-natural-i-bellesa-amb-consciencia\\\/#breadcrumb\",\"itemListElement\":[{\"@type\":\"ListItem\",\"position\":1,\"name\":\"Inici\",\"item\":\"https:\\\/\\\/herboristeriamerce.com\\\/\"},{\"@type\":\"ListItem\",\"position\":2,\"name\":\"Herboristeria online\",\"item\":\"https:\\\/\\\/herboristeriamerce.com\\\/herboristeria-online\\\/\"},{\"@type\":\"ListItem\",\"position\":3,\"name\":\"Barra de llavis\"}]},{\"@type\":\"WebSite\",\"@id\":\"https:\\\/\\\/herboristeriamerce.com\\\/#website\",\"url\":\"https:\\\/\\\/herboristeriamerce.com\\\/\",\"name\":\"Herbolari Merc\u00e8\",\"description\":\"Herbolari a Terrassa\",\"publisher\":{\"@id\":\"https:\\\/\\\/herboristeriamerce.com\\\/#organization\"},\"potentialAction\":[{\"@type\":\"SearchAction\",\"target\":{\"@type\":\"EntryPoint\",\"urlTemplate\":\"https:\\\/\\\/herboristeriamerce.com\\\/?s={search_term_string}\"},\"query-input\":{\"@type\":\"PropertyValueSpecification\",\"valueRequired\":true,\"valueName\":\"search_term_string\"}}],\"inLanguage\":\"es\"},{\"@type\":\"Organization\",\"@id\":\"https:\\\/\\\/herboristeriamerce.com\\\/#organization\",\"name\":\"Herbolari Merc\u00e8\",\"url\":\"https:\\\/\\\/herboristeriamerce.com\\\/\",\"logo\":{\"@type\":\"ImageObject\",\"inLanguage\":\"es\",\"@id\":\"https:\\\/\\\/herboristeriamerce.com\\\/#\\\/schema\\\/logo\\\/image\\\/\",\"url\":\"https:\\\/\\\/herboristeriamerce.com\\\/wp-content\\\/uploads\\\/2025\\\/04\\\/cropped-logo-herboristeria-330x168-229w.webp\",\"contentUrl\":\"https:\\\/\\\/herboristeriamerce.com\\\/wp-content\\\/uploads\\\/2025\\\/04\\\/cropped-logo-herboristeria-330x168-229w.webp\",\"width\":230,\"height\":117,\"caption\":\"Herbolari Merc\u00e8\"},\"image\":{\"@id\":\"https:\\\/\\\/herboristeriamerce.com\\\/#\\\/schema\\\/logo\\\/image\\\/\"}}]}<\/script>\n<!-- \/ Yoast SEO plugin. -->","yoast_head_json":{"title":"Barra de llavis - Herbolari Merc\u00e8 hidrataci\u00f3 natural i bellesa amb consci\u00e8ncia","description":"Descobreix la Barra de Llavis: hidrataci\u00f3 natural i bellesa amb consci\u00e8ncia. Amb ingredients org\u00e0nics i un color vibrant, cuida i real\u00e7a els teus llavis.","robots":{"index":"index","follow":"follow","max-snippet":"max-snippet:-1","max-image-preview":"max-image-preview:large","max-video-preview":"max-video-preview:-1"},"canonical":"https:\/\/herboristeriamerce.com\/es\/herboristeria-online\/cos-i-cara\/facial\/maquillatge\/barra-de-llavis-hidratacio-natural-i-bellesa-amb-consciencia\/","og_locale":"es_ES","og_type":"article","og_title":"Barra de llavis - Herbolari Merc\u00e8 hidrataci\u00f3 natural i bellesa amb consci\u00e8ncia","og_description":"Descobreix la Barra de Llavis: hidrataci\u00f3 natural i bellesa amb consci\u00e8ncia. Amb ingredients org\u00e0nics i un color vibrant, cuida i real\u00e7a els teus llavis.","og_url":"https:\/\/herboristeriamerce.com\/es\/herboristeria-online\/cos-i-cara\/facial\/maquillatge\/barra-de-llavis-hidratacio-natural-i-bellesa-amb-consciencia\/","og_site_name":"Herbolari Merc\u00e8","og_image":[{"width":512,"height":512,"url":"https:\/\/herboristeriamerce.com\/wp-content\/uploads\/2025\/07\/101020_46cdba43.512x512.webp","type":"image\/webp"}],"twitter_card":"summary_large_image","twitter_misc":{"Tiempo de lectura":"2 minutos"},"schema":{"@context":"https:\/\/schema.org","@graph":[{"@type":"WebPage","@id":"https:\/\/herboristeriamerce.com\/herboristeria-online\/cos-i-cara\/facial\/maquillatge\/barra-de-llavis-hidratacio-natural-i-bellesa-amb-consciencia\/","url":"https:\/\/herboristeriamerce.com\/herboristeria-online\/cos-i-cara\/facial\/maquillatge\/barra-de-llavis-hidratacio-natural-i-bellesa-amb-consciencia\/","name":"Barra de llavis - Herbolari Merc\u00e8 hidrataci\u00f3 natural i bellesa amb consci\u00e8ncia","isPartOf":{"@id":"https:\/\/herboristeriamerce.com\/#website"},"primaryImageOfPage":{"@id":"https:\/\/herboristeriamerce.com\/herboristeria-online\/cos-i-cara\/facial\/maquillatge\/barra-de-llavis-hidratacio-natural-i-bellesa-amb-consciencia\/#primaryimage"},"image":{"@id":"https:\/\/herboristeriamerce.com\/herboristeria-online\/cos-i-cara\/facial\/maquillatge\/barra-de-llavis-hidratacio-natural-i-bellesa-amb-consciencia\/#primaryimage"},"thumbnailUrl":"https:\/\/herboristeriamerce.com\/wp-content\/uploads\/2025\/07\/101020_46cdba43.512x512.webp","datePublished":"2025-07-31T10:32:43+00:00","description":"Descobreix la Barra de Llavis: hidrataci\u00f3 natural i bellesa amb consci\u00e8ncia. Amb ingredients org\u00e0nics i un color vibrant, cuida i real\u00e7a els teus llavis.","breadcrumb":{"@id":"https:\/\/herboristeriamerce.com\/herboristeria-online\/cos-i-cara\/facial\/maquillatge\/barra-de-llavis-hidratacio-natural-i-bellesa-amb-consciencia\/#breadcrumb"},"inLanguage":"es","potentialAction":[{"@type":"ReadAction","target":["https:\/\/herboristeriamerce.com\/herboristeria-online\/cos-i-cara\/facial\/maquillatge\/barra-de-llavis-hidratacio-natural-i-bellesa-amb-consciencia\/"]}]},{"@type":"ImageObject","inLanguage":"es","@id":"https:\/\/herboristeriamerce.com\/herboristeria-online\/cos-i-cara\/facial\/maquillatge\/barra-de-llavis-hidratacio-natural-i-bellesa-amb-consciencia\/#primaryimage","url":"https:\/\/herboristeriamerce.com\/wp-content\/uploads\/2025\/07\/101020_46cdba43.512x512.webp","contentUrl":"https:\/\/herboristeriamerce.com\/wp-content\/uploads\/2025\/07\/101020_46cdba43.512x512.webp","width":512,"height":512},{"@type":"BreadcrumbList","@id":"https:\/\/herboristeriamerce.com\/herboristeria-online\/cos-i-cara\/facial\/maquillatge\/barra-de-llavis-hidratacio-natural-i-bellesa-amb-consciencia\/#breadcrumb","itemListElement":[{"@type":"ListItem","position":1,"name":"Inici","item":"https:\/\/herboristeriamerce.com\/"},{"@type":"ListItem","position":2,"name":"Herboristeria online","item":"https:\/\/herboristeriamerce.com\/herboristeria-online\/"},{"@type":"ListItem","position":3,"name":"Barra de llavis"}]},{"@type":"WebSite","@id":"https:\/\/herboristeriamerce.com\/#website","url":"https:\/\/herboristeriamerce.com\/","name":"Herbolari Merc\u00e8","description":"Herbolari a Terrassa","publisher":{"@id":"https:\/\/herboristeriamerce.com\/#organization"},"potentialAction":[{"@type":"SearchAction","target":{"@type":"EntryPoint","urlTemplate":"https:\/\/herboristeriamerce.com\/?s={search_term_string}"},"query-input":{"@type":"PropertyValueSpecification","valueRequired":true,"valueName":"search_term_string"}}],"inLanguage":"es"},{"@type":"Organization","@id":"https:\/\/herboristeriamerce.com\/#organization","name":"Herbolari Merc\u00e8","url":"https:\/\/herboristeriamerce.com\/","logo":{"@type":"ImageObject","inLanguage":"es","@id":"https:\/\/herboristeriamerce.com\/#\/schema\/logo\/image\/","url":"https:\/\/herboristeriamerce.com\/wp-content\/uploads\/2025\/04\/cropped-logo-herboristeria-330x168-229w.webp","contentUrl":"https:\/\/herboristeriamerce.com\/wp-content\/uploads\/2025\/04\/cropped-logo-herboristeria-330x168-229w.webp","width":230,"height":117,"caption":"Herbolari Merc\u00e8"},"image":{"@id":"https:\/\/herboristeriamerce.com\/#\/schema\/logo\/image\/"}}]}},"_links":{"self":[{"href":"https:\/\/herboristeriamerce.com\/es\/wp-json\/wp\/v2\/product\/2164","targetHints":{"allow":["GET"]}}],"collection":[{"href":"https:\/\/herboristeriamerce.com\/es\/wp-json\/wp\/v2\/product"}],"about":[{"href":"https:\/\/herboristeriamerce.com\/es\/wp-json\/wp\/v2\/types\/product"}],"replies":[{"embeddable":true,"href":"https:\/\/herboristeriamerce.com\/es\/wp-json\/wp\/v2\/comments?post=2164"}],"wp:featuredmedia":[{"embeddable":true,"href":"https:\/\/herboristeriamerce.com\/es\/wp-json\/wp\/v2\/media\/2174"}],"wp:attachment":[{"href":"https:\/\/herboristeriamerce.com\/es\/wp-json\/wp\/v2\/media?parent=2164"}],"wp:term":[{"taxonomy":"product_brand","embeddable":true,"href":"https:\/\/herboristeriamerce.com\/es\/wp-json\/wp\/v2\/product_brand?post=2164"},{"taxonomy":"product_cat","embeddable":true,"href":"https:\/\/herboristeriamerce.com\/es\/wp-json\/wp\/v2\/product_cat?post=2164"},{"taxonomy":"product_tag","embeddable":true,"href":"https:\/\/herboristeriamerce.com\/es\/wp-json\/wp\/v2\/product_tag?post=2164"}],"curies":[{"name":"wp","href":"https:\/\/api.w.org\/{rel}","templated":true}]}}