{"id":2135,"date":"2025-07-28T17:09:25","date_gmt":"2025-07-28T17:09:25","guid":{"rendered":"https:\/\/herboristeriamerce.com\/?post_type=product&#038;p=2135"},"modified":"2025-07-28T17:09:26","modified_gmt":"2025-07-28T17:09:26","slug":"2135-la-clau-per-a-ossos-forts-i-una-immunitat-vital","status":"publish","type":"product","link":"https:\/\/herboristeriamerce.com\/es\/herboristeria-online\/sistema-articular\/oseoarticular\/2135-la-clau-per-a-ossos-forts-i-una-immunitat-vital\/","title":{"rendered":"Vitamina D3,K2,ZN&#038;MG"},"content":{"rendered":"<h2>ESSENTIALS VIT. D3 i K2: La Combinaci\u00f3 Perfecta per a la Teva Vitalitat i Ossos Forts \ud83d\udcaa<\/h2>\n<p>Aconseguir uns nivells \u00f2ptims de <b>Vitamina D3<\/b> \u00e9s fonamental per a la teva salut general. A <b>ESSENTIALS VIT. D3 i K2<\/b>, hem desenvolupat un complement alimentari innovador que combina 2 vitamines i 2 minerals que actuen de forma sin\u00e8rgica per oferir-te els m\u00e0xims beneficis. De fet, gr\u00e0cies a la nostra fabricaci\u00f3 en pastilla tova, garantim una absorci\u00f3 i biodisponibilitat superiors de la Vitamina D3, arribant a duplicar l&#8217;efic\u00e0cia en comparaci\u00f3 amb els formats convencionals.<\/p>\n<hr \/>\n<h3>Propietats i Beneficis que Marcaran la Difer\u00e8ncia \u2728<\/h3>\n<p>La f\u00f3rmula ha estat creada per proporcionar un suport integral al teu organisme. Aix\u00f3 doncs, inclou:<\/p>\n<ul>\n<li><b>Vitamina D3 (4.000 UI):<\/b> Amb la dosi m\u00e0xima segura recomanada per la EFSA, aquesta vitamina liposoluble \u00e9s crucial per a la defensa immunit\u00e0ria, l&#8217;energia i el manteniment d&#8217;ossos fort<b>s<\/b>. A m\u00e9s a m\u00e9s uns nivells \u00f2ptims de Vitamina D3 augmenten l&#8217;absorci\u00f3 de calci, protegint la teva salut \u00f2ssia.<\/li>\n<li><b>Vitamina K2 (100% VRN):<\/b> Coneguda com la &#8220;guia del calci&#8221;, la Vitamina K2 treballa de la m\u00e0 amb la Vitamina D3 per assegurar que el calci es dipositi correctament als teus ossos, evitant que es vagi a altres llocs on no ha de ser.<\/li>\n<li><b>Magnesi:<\/b> Aquest mineral essencial activa la vitalitat i contribueix a nombroses funcions corporals, incloent la muscular i nerviosa.<\/li>\n<li><b>Zinc:<\/b> Refor\u00e7a la teva defensa immunit\u00e0ria i actua com a potent protector cel\u00b7lular.<\/li>\n<\/ul>\n<hr \/>\n<h3>La Nostra Innovaci\u00f3: Pastilles Toves per una Absorci\u00f3 Superior \ud83d\ude80<\/h3>\n<p>La clau de l&#8217;efic\u00e0cia d&#8217;<b>ESSENTIALS VIT. D3 i K2<\/b> resideix en el seu m\u00e8tode de fabricaci\u00f3. Cal destacar que la vitamina D3 \u00e9s liposoluble, i en format de pastilla tova, dissolta en un medi gras, permet una absorci\u00f3 sublingual optimitzada. Per tant aix\u00f2 no nom\u00e9s millora la seva biodisponibilitat, sin\u00f3 que tamb\u00e9 accelera la seva efectivitat en comparaci\u00f3 amb els comprimits tradicionals. De fet un estudi ha demostrat que la seva absorci\u00f3 es duplica!<\/p>\n<hr \/>\n<h3>F\u00e0cil d&#8217;Utilitzar, Segur i Recomanat \u2705<\/h3>\n<p><b>Modo d&#8217;\u00fas:<\/b> \u00c9s molt senzill. Nom\u00e9s has de prendre 1 pastilla tova al dia, mastegar-la i ensalivar-la b\u00e9 abans d&#8217;empassar-la. \u00c9s important mencionar que \u00e9s apte per a majors de 12 anys, incloent homes i dones amb defici\u00e8ncia de Vitamina D3 per diverses raons: dieta insuficient, baixa exposici\u00f3 solar (hivern, \u00fas de protectors), problemes d&#8217;absorci\u00f3 intestinal (celiaquia, SIBO), malalties hep\u00e0tiques o renals, \u00fas de certs medicaments, o per a la prevenci\u00f3 de la descalcificaci\u00f3 en etapes com la menopausa. Tanmateix si est\u00e0s embarassada o en per\u00edode de lact\u00e0ncia, consulta amb un professional de la salut.<\/p>\n<p>No superis la dosi di\u00e0ria expressament recomanada. En conclusi\u00f3, amb <b>ESSENTIALS VIT. D3 i K2<\/b>, inverteix en la teva salut \u00f2ssia i immunit\u00e0ria de la manera m\u00e9s eficient.<\/p>","protected":false},"excerpt":{"rendered":"<p><span class=\"Y2IQFc\" lang=\"ca\">Complement alimentari que contribueix al manteniment dels ossos i els m\u00fasculs ia refor\u00e7ar els nivells de vitamina D3 en episodis de defici\u00e8ncia.<\/span><\/p>","protected":false},"featured_media":2136,"comment_status":"open","ping_status":"closed","template":"","meta":{"site-sidebar-layout":"default","site-content-layout":"","ast-site-content-layout":"default","site-content-style":"default","site-sidebar-style":"default","ast-global-header-display":"","ast-banner-title-visibility":"","ast-main-header-display":"","ast-hfb-above-header-display":"","ast-hfb-below-header-display":"","ast-hfb-mobile-header-display":"","site-post-title":"","ast-breadcrumbs-content":"","ast-featured-img":"","footer-sml-layout":"","ast-disable-related-posts":"","theme-transparent-header-meta":"default","adv-header-id-meta":"","stick-header-meta":"","header-above-stick-meta":"","header-main-stick-meta":"","header-below-stick-meta":"","astra-migrate-meta-layouts":"set","ast-page-background-enabled":"default","ast-page-background-meta":{"desktop":{"background-color":"var(--ast-global-color-4)","background-image":"","background-repeat":"repeat","background-position":"center center","background-size":"auto","background-attachment":"scroll","background-type":"","background-media":"","overlay-type":"","overlay-color":"","overlay-opacity":"","overlay-gradient":""},"tablet":{"background-color":"","background-image":"","background-repeat":"repeat","background-position":"center center","background-size":"auto","background-attachment":"scroll","background-type":"","background-media":"","overlay-type":"","overlay-color":"","overlay-opacity":"","overlay-gradient":""},"mobile":{"background-color":"","background-image":"","background-repeat":"repeat","background-position":"center center","background-size":"auto","background-attachment":"scroll","background-type":"","background-media":"","overlay-type":"","overlay-color":"","overlay-opacity":"","overlay-gradient":""}},"ast-content-background-meta":{"desktop":{"background-color":"var(--ast-global-color-5)","background-image":"","background-repeat":"repeat","background-position":"center center","background-size":"auto","background-attachment":"scroll","background-type":"","background-media":"","overlay-type":"","overlay-color":"","overlay-opacity":"","overlay-gradient":""},"tablet":{"background-color":"var(--ast-global-color-5)","background-image":"","background-repeat":"repeat","background-position":"center center","background-size":"auto","background-attachment":"scroll","background-type":"","background-media":"","overlay-type":"","overlay-color":"","overlay-opacity":"","overlay-gradient":""},"mobile":{"background-color":"var(--ast-global-color-5)","background-image":"","background-repeat":"repeat","background-position":"center center","background-size":"auto","background-attachment":"scroll","background-type":"","background-media":"","overlay-type":"","overlay-color":"","overlay-opacity":"","overlay-gradient":""}}},"product_brand":[180],"product_cat":[128,76,117,116,75],"product_tag":[183,179,178,166,167,170],"class_list":{"0":"post-2135","1":"product","2":"type-product","3":"status-publish","4":"has-post-thumbnail","6":"product_brand-phytoadvance","7":"product_cat-defenses","8":"product_cat-estat-danim","9":"product_cat-minerals-vitamines","10":"product_cat-oseoarticular","11":"product_cat-reconstituent","12":"product_tag-s-aromes-artificials","13":"product_tag-sense-colorants-artificials","14":"product_tag-sense-conservants","15":"product_tag-sense-gluten","16":"product_tag-sense-lactosa","17":"product_tag-sense-sucre","18":"desktop-align-left","19":"tablet-align-left","20":"mobile-align-left","22":"first","23":"instock","24":"taxable","25":"shipping-taxable","26":"purchasable","27":"product-type-simple"},"yoast_head":"<!-- This site is optimized with the Yoast SEO plugin v27.5 - https:\/\/yoast.com\/product\/yoast-seo-wordpress\/ -->\n<title>Vitamina D3,K2,ZN&amp;MG - Herbolari Merc\u00e8 La clau per a ossos forts i una immunitat vital<\/title>\n<meta name=\"description\" content=\"La clau per a ossos forts i una immunitat vital. ESSENTIALS VIT. D3 i K2: m\u00e0xima absorci\u00f3 per a la teva energia i defenses. Salut essencial\" \/>\n<meta name=\"robots\" content=\"index, follow, max-snippet:-1, max-image-preview:large, max-video-preview:-1\" \/>\n<link rel=\"canonical\" href=\"https:\/\/herboristeriamerce.com\/es\/herboristeria-online\/sistema-articular\/oseoarticular\/2135-la-clau-per-a-ossos-forts-i-una-immunitat-vital\/\" \/>\n<meta property=\"og:locale\" content=\"es_ES\" \/>\n<meta property=\"og:type\" content=\"article\" \/>\n<meta property=\"og:title\" content=\"Vitamina D3,K2,ZN&amp;MG - Herbolari Merc\u00e8 La clau per a ossos forts i una immunitat vital\" \/>\n<meta property=\"og:description\" content=\"La clau per a ossos forts i una immunitat vital. ESSENTIALS VIT. D3 i K2: m\u00e0xima absorci\u00f3 per a la teva energia i defenses. Salut essencial\" \/>\n<meta property=\"og:url\" content=\"https:\/\/herboristeriamerce.com\/es\/herboristeria-online\/sistema-articular\/oseoarticular\/2135-la-clau-per-a-ossos-forts-i-una-immunitat-vital\/\" \/>\n<meta property=\"og:site_name\" content=\"Herbolari Merc\u00e8\" \/>\n<meta property=\"article:modified_time\" content=\"2025-07-28T17:09:26+00:00\" \/>\n<meta property=\"og:image\" content=\"https:\/\/herboristeriamerce.com\/wp-content\/uploads\/2025\/07\/PHYTOADVANCE-VITAMINA-D-y-K-1280-1024x845-1.png\" \/>\n\t<meta property=\"og:image:width\" content=\"1024\" \/>\n\t<meta property=\"og:image:height\" content=\"845\" \/>\n\t<meta property=\"og:image:type\" content=\"image\/png\" \/>\n<meta name=\"twitter:card\" content=\"summary_large_image\" \/>\n<meta name=\"twitter:label1\" content=\"Tiempo de lectura\" \/>\n\t<meta name=\"twitter:data1\" content=\"3 minutos\" \/>\n<script type=\"application\/ld+json\" class=\"yoast-schema-graph\">{\"@context\":\"https:\\\/\\\/schema.org\",\"@graph\":[{\"@type\":\"WebPage\",\"@id\":\"https:\\\/\\\/herboristeriamerce.com\\\/herboristeria-online\\\/sistema-articular\\\/oseoarticular\\\/2135-la-clau-per-a-ossos-forts-i-una-immunitat-vital\\\/\",\"url\":\"https:\\\/\\\/herboristeriamerce.com\\\/herboristeria-online\\\/sistema-articular\\\/oseoarticular\\\/2135-la-clau-per-a-ossos-forts-i-una-immunitat-vital\\\/\",\"name\":\"Vitamina D3,K2,ZN&MG - Herbolari Merc\u00e8 La clau per a ossos forts i una immunitat vital\",\"isPartOf\":{\"@id\":\"https:\\\/\\\/herboristeriamerce.com\\\/#website\"},\"primaryImageOfPage\":{\"@id\":\"https:\\\/\\\/herboristeriamerce.com\\\/herboristeria-online\\\/sistema-articular\\\/oseoarticular\\\/2135-la-clau-per-a-ossos-forts-i-una-immunitat-vital\\\/#primaryimage\"},\"image\":{\"@id\":\"https:\\\/\\\/herboristeriamerce.com\\\/herboristeria-online\\\/sistema-articular\\\/oseoarticular\\\/2135-la-clau-per-a-ossos-forts-i-una-immunitat-vital\\\/#primaryimage\"},\"thumbnailUrl\":\"https:\\\/\\\/herboristeriamerce.com\\\/wp-content\\\/uploads\\\/2025\\\/07\\\/PHYTOADVANCE-VITAMINA-D-y-K-1280-1024x845-1.png\",\"datePublished\":\"2025-07-28T17:09:25+00:00\",\"dateModified\":\"2025-07-28T17:09:26+00:00\",\"description\":\"La clau per a ossos forts i una immunitat vital. ESSENTIALS VIT. D3 i K2: m\u00e0xima absorci\u00f3 per a la teva energia i defenses. Salut essencial\",\"breadcrumb\":{\"@id\":\"https:\\\/\\\/herboristeriamerce.com\\\/herboristeria-online\\\/sistema-articular\\\/oseoarticular\\\/2135-la-clau-per-a-ossos-forts-i-una-immunitat-vital\\\/#breadcrumb\"},\"inLanguage\":\"es\",\"potentialAction\":[{\"@type\":\"ReadAction\",\"target\":[\"https:\\\/\\\/herboristeriamerce.com\\\/herboristeria-online\\\/sistema-articular\\\/oseoarticular\\\/2135-la-clau-per-a-ossos-forts-i-una-immunitat-vital\\\/\"]}]},{\"@type\":\"ImageObject\",\"inLanguage\":\"es\",\"@id\":\"https:\\\/\\\/herboristeriamerce.com\\\/herboristeria-online\\\/sistema-articular\\\/oseoarticular\\\/2135-la-clau-per-a-ossos-forts-i-una-immunitat-vital\\\/#primaryimage\",\"url\":\"https:\\\/\\\/herboristeriamerce.com\\\/wp-content\\\/uploads\\\/2025\\\/07\\\/PHYTOADVANCE-VITAMINA-D-y-K-1280-1024x845-1.png\",\"contentUrl\":\"https:\\\/\\\/herboristeriamerce.com\\\/wp-content\\\/uploads\\\/2025\\\/07\\\/PHYTOADVANCE-VITAMINA-D-y-K-1280-1024x845-1.png\",\"width\":1024,\"height\":845},{\"@type\":\"BreadcrumbList\",\"@id\":\"https:\\\/\\\/herboristeriamerce.com\\\/herboristeria-online\\\/sistema-articular\\\/oseoarticular\\\/2135-la-clau-per-a-ossos-forts-i-una-immunitat-vital\\\/#breadcrumb\",\"itemListElement\":[{\"@type\":\"ListItem\",\"position\":1,\"name\":\"Inici\",\"item\":\"https:\\\/\\\/herboristeriamerce.com\\\/\"},{\"@type\":\"ListItem\",\"position\":2,\"name\":\"Herboristeria online\",\"item\":\"https:\\\/\\\/herboristeriamerce.com\\\/herboristeria-online\\\/\"},{\"@type\":\"ListItem\",\"position\":3,\"name\":\"Vitamina D3,K2,ZN&#038;MG\"}]},{\"@type\":\"WebSite\",\"@id\":\"https:\\\/\\\/herboristeriamerce.com\\\/#website\",\"url\":\"https:\\\/\\\/herboristeriamerce.com\\\/\",\"name\":\"Herbolari Merc\u00e8\",\"description\":\"Herbolari a Terrassa\",\"publisher\":{\"@id\":\"https:\\\/\\\/herboristeriamerce.com\\\/#organization\"},\"potentialAction\":[{\"@type\":\"SearchAction\",\"target\":{\"@type\":\"EntryPoint\",\"urlTemplate\":\"https:\\\/\\\/herboristeriamerce.com\\\/?s={search_term_string}\"},\"query-input\":{\"@type\":\"PropertyValueSpecification\",\"valueRequired\":true,\"valueName\":\"search_term_string\"}}],\"inLanguage\":\"es\"},{\"@type\":\"Organization\",\"@id\":\"https:\\\/\\\/herboristeriamerce.com\\\/#organization\",\"name\":\"Herbolari Merc\u00e8\",\"url\":\"https:\\\/\\\/herboristeriamerce.com\\\/\",\"logo\":{\"@type\":\"ImageObject\",\"inLanguage\":\"es\",\"@id\":\"https:\\\/\\\/herboristeriamerce.com\\\/#\\\/schema\\\/logo\\\/image\\\/\",\"url\":\"https:\\\/\\\/herboristeriamerce.com\\\/wp-content\\\/uploads\\\/2025\\\/04\\\/cropped-logo-herboristeria-330x168-229w.webp\",\"contentUrl\":\"https:\\\/\\\/herboristeriamerce.com\\\/wp-content\\\/uploads\\\/2025\\\/04\\\/cropped-logo-herboristeria-330x168-229w.webp\",\"width\":230,\"height\":117,\"caption\":\"Herbolari Merc\u00e8\"},\"image\":{\"@id\":\"https:\\\/\\\/herboristeriamerce.com\\\/#\\\/schema\\\/logo\\\/image\\\/\"}}]}<\/script>\n<!-- \/ Yoast SEO plugin. -->","yoast_head_json":{"title":"Vitamina D3,K2,ZN&MG - Herbolari Merc\u00e8 La clau per a ossos forts i una immunitat vital","description":"La clau per a ossos forts i una immunitat vital. ESSENTIALS VIT. D3 i K2: m\u00e0xima absorci\u00f3 per a la teva energia i defenses. Salut essencial","robots":{"index":"index","follow":"follow","max-snippet":"max-snippet:-1","max-image-preview":"max-image-preview:large","max-video-preview":"max-video-preview:-1"},"canonical":"https:\/\/herboristeriamerce.com\/es\/herboristeria-online\/sistema-articular\/oseoarticular\/2135-la-clau-per-a-ossos-forts-i-una-immunitat-vital\/","og_locale":"es_ES","og_type":"article","og_title":"Vitamina D3,K2,ZN&MG - Herbolari Merc\u00e8 La clau per a ossos forts i una immunitat vital","og_description":"La clau per a ossos forts i una immunitat vital. ESSENTIALS VIT. D3 i K2: m\u00e0xima absorci\u00f3 per a la teva energia i defenses. Salut essencial","og_url":"https:\/\/herboristeriamerce.com\/es\/herboristeria-online\/sistema-articular\/oseoarticular\/2135-la-clau-per-a-ossos-forts-i-una-immunitat-vital\/","og_site_name":"Herbolari Merc\u00e8","article_modified_time":"2025-07-28T17:09:26+00:00","og_image":[{"width":1024,"height":845,"url":"https:\/\/herboristeriamerce.com\/wp-content\/uploads\/2025\/07\/PHYTOADVANCE-VITAMINA-D-y-K-1280-1024x845-1.png","type":"image\/png"}],"twitter_card":"summary_large_image","twitter_misc":{"Tiempo de lectura":"3 minutos"},"schema":{"@context":"https:\/\/schema.org","@graph":[{"@type":"WebPage","@id":"https:\/\/herboristeriamerce.com\/herboristeria-online\/sistema-articular\/oseoarticular\/2135-la-clau-per-a-ossos-forts-i-una-immunitat-vital\/","url":"https:\/\/herboristeriamerce.com\/herboristeria-online\/sistema-articular\/oseoarticular\/2135-la-clau-per-a-ossos-forts-i-una-immunitat-vital\/","name":"Vitamina D3,K2,ZN&MG - Herbolari Merc\u00e8 La clau per a ossos forts i una immunitat vital","isPartOf":{"@id":"https:\/\/herboristeriamerce.com\/#website"},"primaryImageOfPage":{"@id":"https:\/\/herboristeriamerce.com\/herboristeria-online\/sistema-articular\/oseoarticular\/2135-la-clau-per-a-ossos-forts-i-una-immunitat-vital\/#primaryimage"},"image":{"@id":"https:\/\/herboristeriamerce.com\/herboristeria-online\/sistema-articular\/oseoarticular\/2135-la-clau-per-a-ossos-forts-i-una-immunitat-vital\/#primaryimage"},"thumbnailUrl":"https:\/\/herboristeriamerce.com\/wp-content\/uploads\/2025\/07\/PHYTOADVANCE-VITAMINA-D-y-K-1280-1024x845-1.png","datePublished":"2025-07-28T17:09:25+00:00","dateModified":"2025-07-28T17:09:26+00:00","description":"La clau per a ossos forts i una immunitat vital. ESSENTIALS VIT. D3 i K2: m\u00e0xima absorci\u00f3 per a la teva energia i defenses. Salut essencial","breadcrumb":{"@id":"https:\/\/herboristeriamerce.com\/herboristeria-online\/sistema-articular\/oseoarticular\/2135-la-clau-per-a-ossos-forts-i-una-immunitat-vital\/#breadcrumb"},"inLanguage":"es","potentialAction":[{"@type":"ReadAction","target":["https:\/\/herboristeriamerce.com\/herboristeria-online\/sistema-articular\/oseoarticular\/2135-la-clau-per-a-ossos-forts-i-una-immunitat-vital\/"]}]},{"@type":"ImageObject","inLanguage":"es","@id":"https:\/\/herboristeriamerce.com\/herboristeria-online\/sistema-articular\/oseoarticular\/2135-la-clau-per-a-ossos-forts-i-una-immunitat-vital\/#primaryimage","url":"https:\/\/herboristeriamerce.com\/wp-content\/uploads\/2025\/07\/PHYTOADVANCE-VITAMINA-D-y-K-1280-1024x845-1.png","contentUrl":"https:\/\/herboristeriamerce.com\/wp-content\/uploads\/2025\/07\/PHYTOADVANCE-VITAMINA-D-y-K-1280-1024x845-1.png","width":1024,"height":845},{"@type":"BreadcrumbList","@id":"https:\/\/herboristeriamerce.com\/herboristeria-online\/sistema-articular\/oseoarticular\/2135-la-clau-per-a-ossos-forts-i-una-immunitat-vital\/#breadcrumb","itemListElement":[{"@type":"ListItem","position":1,"name":"Inici","item":"https:\/\/herboristeriamerce.com\/"},{"@type":"ListItem","position":2,"name":"Herboristeria online","item":"https:\/\/herboristeriamerce.com\/herboristeria-online\/"},{"@type":"ListItem","position":3,"name":"Vitamina D3,K2,ZN&#038;MG"}]},{"@type":"WebSite","@id":"https:\/\/herboristeriamerce.com\/#website","url":"https:\/\/herboristeriamerce.com\/","name":"Herbolari Merc\u00e8","description":"Herbolari a Terrassa","publisher":{"@id":"https:\/\/herboristeriamerce.com\/#organization"},"potentialAction":[{"@type":"SearchAction","target":{"@type":"EntryPoint","urlTemplate":"https:\/\/herboristeriamerce.com\/?s={search_term_string}"},"query-input":{"@type":"PropertyValueSpecification","valueRequired":true,"valueName":"search_term_string"}}],"inLanguage":"es"},{"@type":"Organization","@id":"https:\/\/herboristeriamerce.com\/#organization","name":"Herbolari Merc\u00e8","url":"https:\/\/herboristeriamerce.com\/","logo":{"@type":"ImageObject","inLanguage":"es","@id":"https:\/\/herboristeriamerce.com\/#\/schema\/logo\/image\/","url":"https:\/\/herboristeriamerce.com\/wp-content\/uploads\/2025\/04\/cropped-logo-herboristeria-330x168-229w.webp","contentUrl":"https:\/\/herboristeriamerce.com\/wp-content\/uploads\/2025\/04\/cropped-logo-herboristeria-330x168-229w.webp","width":230,"height":117,"caption":"Herbolari Merc\u00e8"},"image":{"@id":"https:\/\/herboristeriamerce.com\/#\/schema\/logo\/image\/"}}]}},"_links":{"self":[{"href":"https:\/\/herboristeriamerce.com\/es\/wp-json\/wp\/v2\/product\/2135","targetHints":{"allow":["GET"]}}],"collection":[{"href":"https:\/\/herboristeriamerce.com\/es\/wp-json\/wp\/v2\/product"}],"about":[{"href":"https:\/\/herboristeriamerce.com\/es\/wp-json\/wp\/v2\/types\/product"}],"replies":[{"embeddable":true,"href":"https:\/\/herboristeriamerce.com\/es\/wp-json\/wp\/v2\/comments?post=2135"}],"wp:featuredmedia":[{"embeddable":true,"href":"https:\/\/herboristeriamerce.com\/es\/wp-json\/wp\/v2\/media\/2136"}],"wp:attachment":[{"href":"https:\/\/herboristeriamerce.com\/es\/wp-json\/wp\/v2\/media?parent=2135"}],"wp:term":[{"taxonomy":"product_brand","embeddable":true,"href":"https:\/\/herboristeriamerce.com\/es\/wp-json\/wp\/v2\/product_brand?post=2135"},{"taxonomy":"product_cat","embeddable":true,"href":"https:\/\/herboristeriamerce.com\/es\/wp-json\/wp\/v2\/product_cat?post=2135"},{"taxonomy":"product_tag","embeddable":true,"href":"https:\/\/herboristeriamerce.com\/es\/wp-json\/wp\/v2\/product_tag?post=2135"}],"curies":[{"name":"wp","href":"https:\/\/api.w.org\/{rel}","templated":true}]}}