{"id":2128,"date":"2025-07-28T10:53:21","date_gmt":"2025-07-28T10:53:21","guid":{"rendered":"https:\/\/herboristeriamerce.com\/?post_type=product&#038;p=2128"},"modified":"2025-07-28T10:53:21","modified_gmt":"2025-07-28T10:53:21","slug":"relief-defenses-activa-defenses-i-benestar-cada-dia","status":"publish","type":"product","link":"https:\/\/herboristeriamerce.com\/es\/herboristeria-online\/defenses-naturals\/allergia\/relief-defenses-activa-defenses-i-benestar-cada-dia\/","title":{"rendered":"Relief Defenses"},"content":{"rendered":"<h2 data-start=\"214\" data-end=\"276\"><strong data-start=\"217\" data-end=\"276\">Activa defenses i benestar cada dia amb Relief Defenses<\/strong><\/h2>\n<p data-start=\"278\" data-end=\"646\"><em>Vols refor\u00e7ar el teu sistema immunitari de manera natural i efica\u00e7? <\/em><\/p>\n<p data-start=\"278\" data-end=\"646\"><strong data-start=\"346\" data-end=\"365\">Relief Defenses<\/strong> \u00e9s la soluci\u00f3 que estaves buscant per activar les defenses i el benestar de cada dia. Gr\u00e0cies a la seva combinaci\u00f3 d\u2019ingredients naturals com la <strong data-start=\"460\" data-end=\"471\">C\u00farcuma<\/strong>, l\u2019<strong data-start=\"475\" data-end=\"488\">Equin\u00e0cia<\/strong>, el <strong data-start=\"493\" data-end=\"505\">Pr\u00f2polis<\/strong>, la <strong data-start=\"510\" data-end=\"521\">Granada<\/strong> i el <strong data-start=\"527\" data-end=\"539\">Gingebre<\/strong>, aquest suplement t\u2019ajuda a estar preparat davant dels canvis estacionals i situacions de baixa immunitat.<\/p>\n<p data-start=\"648\" data-end=\"904\">A m\u00e9s, cont\u00e9 <strong data-start=\"661\" data-end=\"675\">Vitamina C<\/strong> i <strong data-start=\"678\" data-end=\"692\">Vitamina D<\/strong>, essencials per al funcionament normal del sistema immune, aix\u00ed com postbi\u00f2tics (probi\u00f2tics inactivats) que afavoreixen l\u2019equilibri de la microbiota intestinal, un element clau en la salut defensiva del cos.<\/p>\n<p data-start=\"906\" data-end=\"1248\">Activa defenses i benestar cada dia amb una sola c\u00e0psula al mat\u00ed. Aquesta f\u00f3rmula est\u00e0 especialment indicada per a persones amb defenses baixes, que pateixen rinitis al\u00b7l\u00e8rgica, sinusitis, o simplement volen sentir-se m\u00e9s fortes i amb energia. Tamb\u00e9 \u00e9s ideal per a adults grans, fumadors o aquells que viuen situacions d\u2019estr\u00e8s continuat.<\/p>\n<p data-start=\"1250\" data-end=\"1512\">Relief Defenses no nom\u00e9s refor\u00e7a les teves defenses, sin\u00f3 que tamb\u00e9 ajuda a reduir el cansament, combat el dany oxidatiu i aporta una sensaci\u00f3 general de vitalitat i benestar. Tot aix\u00f2, sense efectes secundaris i amb ingredients de qualitat farmac\u00e8utica.<\/p>\n<p data-start=\"1514\" data-end=\"1660\">No esperis a posar el teu sistema immune en forma. Activa defenses i benestar cada dia i gaudeix d\u2019una protecci\u00f3 natural i cont\u00ednua tot l\u2019any.<\/p>\n<p data-start=\"1552\" data-end=\"1731\">\ud83d\udd17 <a class=\"\" href=\"https:\/\/www.who.int\/news-room\/fact-sheets\/detail\/vitamins-and-minerals\" target=\"_new\" rel=\"noopener\" data-start=\"131\" data-end=\"278\">Descobreix m\u00e9s sobre els beneficis de la vitamina C per al sistema immune<\/a><\/p>","protected":false},"excerpt":{"rendered":"<p><span class=\"Y2IQFc\" lang=\"ca\">\u00c9s un complement alimentari natural formulat amb extractes d&#8217;Equin\u00e0cia, Pr\u00f2polis, C\u00farcuma, Mangrana i Gingebre, juntament amb Vitamines C i D i probi\u00f2tics tindalitzats, que ajuden a activar les defenses de l&#8217;organisme<\/span><\/p>","protected":false},"featured_media":2129,"comment_status":"open","ping_status":"closed","template":"","meta":{"site-sidebar-layout":"default","site-content-layout":"","ast-site-content-layout":"default","site-content-style":"default","site-sidebar-style":"default","ast-global-header-display":"","ast-banner-title-visibility":"","ast-main-header-display":"","ast-hfb-above-header-display":"","ast-hfb-below-header-display":"","ast-hfb-mobile-header-display":"","site-post-title":"","ast-breadcrumbs-content":"","ast-featured-img":"","footer-sml-layout":"","ast-disable-related-posts":"","theme-transparent-header-meta":"default","adv-header-id-meta":"","stick-header-meta":"","header-above-stick-meta":"","header-main-stick-meta":"","header-below-stick-meta":"","astra-migrate-meta-layouts":"set","ast-page-background-enabled":"default","ast-page-background-meta":{"desktop":{"background-color":"var(--ast-global-color-4)","background-image":"","background-repeat":"repeat","background-position":"center center","background-size":"auto","background-attachment":"scroll","background-type":"","background-media":"","overlay-type":"","overlay-color":"","overlay-opacity":"","overlay-gradient":""},"tablet":{"background-color":"","background-image":"","background-repeat":"repeat","background-position":"center center","background-size":"auto","background-attachment":"scroll","background-type":"","background-media":"","overlay-type":"","overlay-color":"","overlay-opacity":"","overlay-gradient":""},"mobile":{"background-color":"","background-image":"","background-repeat":"repeat","background-position":"center center","background-size":"auto","background-attachment":"scroll","background-type":"","background-media":"","overlay-type":"","overlay-color":"","overlay-opacity":"","overlay-gradient":""}},"ast-content-background-meta":{"desktop":{"background-color":"var(--ast-global-color-5)","background-image":"","background-repeat":"repeat","background-position":"center center","background-size":"auto","background-attachment":"scroll","background-type":"","background-media":"","overlay-type":"","overlay-color":"","overlay-opacity":"","overlay-gradient":""},"tablet":{"background-color":"var(--ast-global-color-5)","background-image":"","background-repeat":"repeat","background-position":"center center","background-size":"auto","background-attachment":"scroll","background-type":"","background-media":"","overlay-type":"","overlay-color":"","overlay-opacity":"","overlay-gradient":""},"mobile":{"background-color":"var(--ast-global-color-5)","background-image":"","background-repeat":"repeat","background-position":"center center","background-size":"auto","background-attachment":"scroll","background-type":"","background-media":"","overlay-type":"","overlay-color":"","overlay-opacity":"","overlay-gradient":""}}},"product_brand":[180],"product_cat":[126,128,75],"product_tag":[179,178,167,170],"class_list":{"0":"post-2128","1":"product","2":"type-product","3":"status-publish","4":"has-post-thumbnail","6":"product_brand-phytoadvance","7":"product_cat-allergia","8":"product_cat-defenses","9":"product_cat-reconstituent","10":"product_tag-sense-colorants-artificials","11":"product_tag-sense-conservants","12":"product_tag-sense-lactosa","13":"product_tag-sense-sucre","14":"desktop-align-left","15":"tablet-align-left","16":"mobile-align-left","18":"first","19":"instock","20":"taxable","21":"shipping-taxable","22":"purchasable","23":"product-type-simple"},"yoast_head":"<!-- This site is optimized with the Yoast SEO plugin v27.5 - https:\/\/yoast.com\/product\/yoast-seo-wordpress\/ -->\n<title>Relief Defenses - Herbolari Merc\u00e8 Activa defenses i benestar cada dia<\/title>\n<meta name=\"description\" content=\"Activa defenses i benestar cada dia amb Relief Defenses, el suplement natural que refor\u00e7a el teu sistema immune amb vitamines i extractes vegetals.\" \/>\n<meta name=\"robots\" content=\"index, follow, max-snippet:-1, max-image-preview:large, max-video-preview:-1\" \/>\n<link rel=\"canonical\" href=\"https:\/\/herboristeriamerce.com\/es\/herboristeria-online\/defenses-naturals\/allergia\/relief-defenses-activa-defenses-i-benestar-cada-dia\/\" \/>\n<meta property=\"og:locale\" content=\"es_ES\" \/>\n<meta property=\"og:type\" content=\"article\" \/>\n<meta property=\"og:title\" content=\"Relief Defenses - Herbolari Merc\u00e8 Activa defenses i benestar cada dia\" \/>\n<meta property=\"og:description\" content=\"Activa defenses i benestar cada dia amb Relief Defenses, el suplement natural que refor\u00e7a el teu sistema immune amb vitamines i extractes vegetals.\" \/>\n<meta property=\"og:url\" content=\"https:\/\/herboristeriamerce.com\/es\/herboristeria-online\/defenses-naturals\/allergia\/relief-defenses-activa-defenses-i-benestar-cada-dia\/\" \/>\n<meta property=\"og:site_name\" content=\"Herbolari Merc\u00e8\" \/>\n<meta property=\"og:image\" content=\"https:\/\/herboristeriamerce.com\/wp-content\/uploads\/2025\/07\/relief_defensas_mainphoto_phytoadvance.png\" \/>\n\t<meta property=\"og:image:width\" content=\"900\" \/>\n\t<meta property=\"og:image:height\" content=\"770\" \/>\n\t<meta property=\"og:image:type\" content=\"image\/png\" \/>\n<meta name=\"twitter:card\" content=\"summary_large_image\" \/>\n<meta name=\"twitter:label1\" content=\"Tiempo de lectura\" \/>\n\t<meta name=\"twitter:data1\" content=\"2 minutos\" \/>\n<script type=\"application\/ld+json\" class=\"yoast-schema-graph\">{\"@context\":\"https:\\\/\\\/schema.org\",\"@graph\":[{\"@type\":\"WebPage\",\"@id\":\"https:\\\/\\\/herboristeriamerce.com\\\/herboristeria-online\\\/defenses-naturals\\\/allergia\\\/relief-defenses-activa-defenses-i-benestar-cada-dia\\\/\",\"url\":\"https:\\\/\\\/herboristeriamerce.com\\\/herboristeria-online\\\/defenses-naturals\\\/allergia\\\/relief-defenses-activa-defenses-i-benestar-cada-dia\\\/\",\"name\":\"Relief Defenses - Herbolari Merc\u00e8 Activa defenses i benestar cada dia\",\"isPartOf\":{\"@id\":\"https:\\\/\\\/herboristeriamerce.com\\\/#website\"},\"primaryImageOfPage\":{\"@id\":\"https:\\\/\\\/herboristeriamerce.com\\\/herboristeria-online\\\/defenses-naturals\\\/allergia\\\/relief-defenses-activa-defenses-i-benestar-cada-dia\\\/#primaryimage\"},\"image\":{\"@id\":\"https:\\\/\\\/herboristeriamerce.com\\\/herboristeria-online\\\/defenses-naturals\\\/allergia\\\/relief-defenses-activa-defenses-i-benestar-cada-dia\\\/#primaryimage\"},\"thumbnailUrl\":\"https:\\\/\\\/herboristeriamerce.com\\\/wp-content\\\/uploads\\\/2025\\\/07\\\/relief_defensas_mainphoto_phytoadvance.png\",\"datePublished\":\"2025-07-28T10:53:21+00:00\",\"description\":\"Activa defenses i benestar cada dia amb Relief Defenses, el suplement natural que refor\u00e7a el teu sistema immune amb vitamines i extractes vegetals.\",\"breadcrumb\":{\"@id\":\"https:\\\/\\\/herboristeriamerce.com\\\/herboristeria-online\\\/defenses-naturals\\\/allergia\\\/relief-defenses-activa-defenses-i-benestar-cada-dia\\\/#breadcrumb\"},\"inLanguage\":\"es\",\"potentialAction\":[{\"@type\":\"ReadAction\",\"target\":[\"https:\\\/\\\/herboristeriamerce.com\\\/herboristeria-online\\\/defenses-naturals\\\/allergia\\\/relief-defenses-activa-defenses-i-benestar-cada-dia\\\/\"]}]},{\"@type\":\"ImageObject\",\"inLanguage\":\"es\",\"@id\":\"https:\\\/\\\/herboristeriamerce.com\\\/herboristeria-online\\\/defenses-naturals\\\/allergia\\\/relief-defenses-activa-defenses-i-benestar-cada-dia\\\/#primaryimage\",\"url\":\"https:\\\/\\\/herboristeriamerce.com\\\/wp-content\\\/uploads\\\/2025\\\/07\\\/relief_defensas_mainphoto_phytoadvance.png\",\"contentUrl\":\"https:\\\/\\\/herboristeriamerce.com\\\/wp-content\\\/uploads\\\/2025\\\/07\\\/relief_defensas_mainphoto_phytoadvance.png\",\"width\":900,\"height\":770},{\"@type\":\"BreadcrumbList\",\"@id\":\"https:\\\/\\\/herboristeriamerce.com\\\/herboristeria-online\\\/defenses-naturals\\\/allergia\\\/relief-defenses-activa-defenses-i-benestar-cada-dia\\\/#breadcrumb\",\"itemListElement\":[{\"@type\":\"ListItem\",\"position\":1,\"name\":\"Inici\",\"item\":\"https:\\\/\\\/herboristeriamerce.com\\\/\"},{\"@type\":\"ListItem\",\"position\":2,\"name\":\"Herboristeria online\",\"item\":\"https:\\\/\\\/herboristeriamerce.com\\\/herboristeria-online\\\/\"},{\"@type\":\"ListItem\",\"position\":3,\"name\":\"Relief Defenses\"}]},{\"@type\":\"WebSite\",\"@id\":\"https:\\\/\\\/herboristeriamerce.com\\\/#website\",\"url\":\"https:\\\/\\\/herboristeriamerce.com\\\/\",\"name\":\"Herbolari Merc\u00e8\",\"description\":\"Herbolari a Terrassa\",\"publisher\":{\"@id\":\"https:\\\/\\\/herboristeriamerce.com\\\/#organization\"},\"potentialAction\":[{\"@type\":\"SearchAction\",\"target\":{\"@type\":\"EntryPoint\",\"urlTemplate\":\"https:\\\/\\\/herboristeriamerce.com\\\/?s={search_term_string}\"},\"query-input\":{\"@type\":\"PropertyValueSpecification\",\"valueRequired\":true,\"valueName\":\"search_term_string\"}}],\"inLanguage\":\"es\"},{\"@type\":\"Organization\",\"@id\":\"https:\\\/\\\/herboristeriamerce.com\\\/#organization\",\"name\":\"Herbolari Merc\u00e8\",\"url\":\"https:\\\/\\\/herboristeriamerce.com\\\/\",\"logo\":{\"@type\":\"ImageObject\",\"inLanguage\":\"es\",\"@id\":\"https:\\\/\\\/herboristeriamerce.com\\\/#\\\/schema\\\/logo\\\/image\\\/\",\"url\":\"https:\\\/\\\/herboristeriamerce.com\\\/wp-content\\\/uploads\\\/2025\\\/04\\\/cropped-logo-herboristeria-330x168-229w.webp\",\"contentUrl\":\"https:\\\/\\\/herboristeriamerce.com\\\/wp-content\\\/uploads\\\/2025\\\/04\\\/cropped-logo-herboristeria-330x168-229w.webp\",\"width\":230,\"height\":117,\"caption\":\"Herbolari Merc\u00e8\"},\"image\":{\"@id\":\"https:\\\/\\\/herboristeriamerce.com\\\/#\\\/schema\\\/logo\\\/image\\\/\"}}]}<\/script>\n<!-- \/ Yoast SEO plugin. -->","yoast_head_json":{"title":"Relief Defenses - Herbolari Merc\u00e8 Activa defenses i benestar cada dia","description":"Activa defenses i benestar cada dia amb Relief Defenses, el suplement natural que refor\u00e7a el teu sistema immune amb vitamines i extractes vegetals.","robots":{"index":"index","follow":"follow","max-snippet":"max-snippet:-1","max-image-preview":"max-image-preview:large","max-video-preview":"max-video-preview:-1"},"canonical":"https:\/\/herboristeriamerce.com\/es\/herboristeria-online\/defenses-naturals\/allergia\/relief-defenses-activa-defenses-i-benestar-cada-dia\/","og_locale":"es_ES","og_type":"article","og_title":"Relief Defenses - Herbolari Merc\u00e8 Activa defenses i benestar cada dia","og_description":"Activa defenses i benestar cada dia amb Relief Defenses, el suplement natural que refor\u00e7a el teu sistema immune amb vitamines i extractes vegetals.","og_url":"https:\/\/herboristeriamerce.com\/es\/herboristeria-online\/defenses-naturals\/allergia\/relief-defenses-activa-defenses-i-benestar-cada-dia\/","og_site_name":"Herbolari Merc\u00e8","og_image":[{"width":900,"height":770,"url":"https:\/\/herboristeriamerce.com\/wp-content\/uploads\/2025\/07\/relief_defensas_mainphoto_phytoadvance.png","type":"image\/png"}],"twitter_card":"summary_large_image","twitter_misc":{"Tiempo de lectura":"2 minutos"},"schema":{"@context":"https:\/\/schema.org","@graph":[{"@type":"WebPage","@id":"https:\/\/herboristeriamerce.com\/herboristeria-online\/defenses-naturals\/allergia\/relief-defenses-activa-defenses-i-benestar-cada-dia\/","url":"https:\/\/herboristeriamerce.com\/herboristeria-online\/defenses-naturals\/allergia\/relief-defenses-activa-defenses-i-benestar-cada-dia\/","name":"Relief Defenses - Herbolari Merc\u00e8 Activa defenses i benestar cada dia","isPartOf":{"@id":"https:\/\/herboristeriamerce.com\/#website"},"primaryImageOfPage":{"@id":"https:\/\/herboristeriamerce.com\/herboristeria-online\/defenses-naturals\/allergia\/relief-defenses-activa-defenses-i-benestar-cada-dia\/#primaryimage"},"image":{"@id":"https:\/\/herboristeriamerce.com\/herboristeria-online\/defenses-naturals\/allergia\/relief-defenses-activa-defenses-i-benestar-cada-dia\/#primaryimage"},"thumbnailUrl":"https:\/\/herboristeriamerce.com\/wp-content\/uploads\/2025\/07\/relief_defensas_mainphoto_phytoadvance.png","datePublished":"2025-07-28T10:53:21+00:00","description":"Activa defenses i benestar cada dia amb Relief Defenses, el suplement natural que refor\u00e7a el teu sistema immune amb vitamines i extractes vegetals.","breadcrumb":{"@id":"https:\/\/herboristeriamerce.com\/herboristeria-online\/defenses-naturals\/allergia\/relief-defenses-activa-defenses-i-benestar-cada-dia\/#breadcrumb"},"inLanguage":"es","potentialAction":[{"@type":"ReadAction","target":["https:\/\/herboristeriamerce.com\/herboristeria-online\/defenses-naturals\/allergia\/relief-defenses-activa-defenses-i-benestar-cada-dia\/"]}]},{"@type":"ImageObject","inLanguage":"es","@id":"https:\/\/herboristeriamerce.com\/herboristeria-online\/defenses-naturals\/allergia\/relief-defenses-activa-defenses-i-benestar-cada-dia\/#primaryimage","url":"https:\/\/herboristeriamerce.com\/wp-content\/uploads\/2025\/07\/relief_defensas_mainphoto_phytoadvance.png","contentUrl":"https:\/\/herboristeriamerce.com\/wp-content\/uploads\/2025\/07\/relief_defensas_mainphoto_phytoadvance.png","width":900,"height":770},{"@type":"BreadcrumbList","@id":"https:\/\/herboristeriamerce.com\/herboristeria-online\/defenses-naturals\/allergia\/relief-defenses-activa-defenses-i-benestar-cada-dia\/#breadcrumb","itemListElement":[{"@type":"ListItem","position":1,"name":"Inici","item":"https:\/\/herboristeriamerce.com\/"},{"@type":"ListItem","position":2,"name":"Herboristeria online","item":"https:\/\/herboristeriamerce.com\/herboristeria-online\/"},{"@type":"ListItem","position":3,"name":"Relief Defenses"}]},{"@type":"WebSite","@id":"https:\/\/herboristeriamerce.com\/#website","url":"https:\/\/herboristeriamerce.com\/","name":"Herbolari Merc\u00e8","description":"Herbolari a Terrassa","publisher":{"@id":"https:\/\/herboristeriamerce.com\/#organization"},"potentialAction":[{"@type":"SearchAction","target":{"@type":"EntryPoint","urlTemplate":"https:\/\/herboristeriamerce.com\/?s={search_term_string}"},"query-input":{"@type":"PropertyValueSpecification","valueRequired":true,"valueName":"search_term_string"}}],"inLanguage":"es"},{"@type":"Organization","@id":"https:\/\/herboristeriamerce.com\/#organization","name":"Herbolari Merc\u00e8","url":"https:\/\/herboristeriamerce.com\/","logo":{"@type":"ImageObject","inLanguage":"es","@id":"https:\/\/herboristeriamerce.com\/#\/schema\/logo\/image\/","url":"https:\/\/herboristeriamerce.com\/wp-content\/uploads\/2025\/04\/cropped-logo-herboristeria-330x168-229w.webp","contentUrl":"https:\/\/herboristeriamerce.com\/wp-content\/uploads\/2025\/04\/cropped-logo-herboristeria-330x168-229w.webp","width":230,"height":117,"caption":"Herbolari Merc\u00e8"},"image":{"@id":"https:\/\/herboristeriamerce.com\/#\/schema\/logo\/image\/"}}]}},"_links":{"self":[{"href":"https:\/\/herboristeriamerce.com\/es\/wp-json\/wp\/v2\/product\/2128","targetHints":{"allow":["GET"]}}],"collection":[{"href":"https:\/\/herboristeriamerce.com\/es\/wp-json\/wp\/v2\/product"}],"about":[{"href":"https:\/\/herboristeriamerce.com\/es\/wp-json\/wp\/v2\/types\/product"}],"replies":[{"embeddable":true,"href":"https:\/\/herboristeriamerce.com\/es\/wp-json\/wp\/v2\/comments?post=2128"}],"wp:featuredmedia":[{"embeddable":true,"href":"https:\/\/herboristeriamerce.com\/es\/wp-json\/wp\/v2\/media\/2129"}],"wp:attachment":[{"href":"https:\/\/herboristeriamerce.com\/es\/wp-json\/wp\/v2\/media?parent=2128"}],"wp:term":[{"taxonomy":"product_brand","embeddable":true,"href":"https:\/\/herboristeriamerce.com\/es\/wp-json\/wp\/v2\/product_brand?post=2128"},{"taxonomy":"product_cat","embeddable":true,"href":"https:\/\/herboristeriamerce.com\/es\/wp-json\/wp\/v2\/product_cat?post=2128"},{"taxonomy":"product_tag","embeddable":true,"href":"https:\/\/herboristeriamerce.com\/es\/wp-json\/wp\/v2\/product_tag?post=2128"}],"curies":[{"name":"wp","href":"https:\/\/api.w.org\/{rel}","templated":true}]}}