{"id":2126,"date":"2025-07-28T10:17:03","date_gmt":"2025-07-28T10:17:03","guid":{"rendered":"https:\/\/herboristeriamerce.com\/?post_type=product&#038;p=2126"},"modified":"2026-02-04T16:51:05","modified_gmt":"2026-02-04T16:51:05","slug":"2126-reforcar-el-sistema-immune-i-augmenta-la-teva-energia-diaria","status":"publish","type":"product","link":"https:\/\/herboristeriamerce.com\/es\/herboristeria-online\/sistema-articular\/minerals-vitamines\/2126-reforcar-el-sistema-immune-i-augmenta-la-teva-energia-diaria\/","title":{"rendered":"Vitamina C"},"content":{"rendered":"<h2 data-start=\"173\" data-end=\"227\"><strong data-start=\"176\" data-end=\"225\">Refor\u00e7a el teu benestar amb Relief Vitamina C<\/strong><\/h2>\n<p data-start=\"228\" data-end=\"300\"><strong data-start=\"228\" data-end=\"300\">La teva aliada per a unes defenses fortes i una vida plena d&#8217;energia<\/strong><\/p>\n<h3 data-start=\"307\" data-end=\"365\"><strong data-start=\"311\" data-end=\"365\">En primer lloc, eforteix enforteix les teves defenses amb Vitamina C i Zinc<\/strong><\/h3>\n<p data-start=\"367\" data-end=\"627\">Relief Vitamina C \u00e9s un suplement que ajuda a mantenir un sistema immune fort i un cos ple d&#8217;energia. Per aquest motiu aquest producte va m\u00e9s enll\u00e0, combinant els beneficis essencials de la <strong data-start=\"550\" data-end=\"564\">Vitamina C<\/strong> i el <strong data-start=\"570\" data-end=\"578\">Zinc<\/strong> per donar-te el suport diari que necessites.<\/p>\n<hr data-start=\"629\" data-end=\"632\" \/>\n<h3 data-start=\"634\" data-end=\"683\"><strong data-start=\"638\" data-end=\"683\">A m\u00e9s, obtindr\u00e0s beneficis essencials per al teu organisme<\/strong><\/h3>\n<ul data-start=\"685\" data-end=\"1027\">\n<li data-start=\"685\" data-end=\"908\">\n<p data-start=\"687\" data-end=\"908\">D&#8217;una banda la<strong data-start=\"687\" data-end=\"701\"> Vitamina C<\/strong>: clau per al funcionament normal del sistema immune, ajuda a preparar-te davant els reptes diaris.<\/p>\n<\/li>\n<li data-start=\"685\" data-end=\"908\">\n<p data-start=\"687\" data-end=\"908\">D&#8217;altra banda contribueix a reduir el cansament i la fatiga, afavorint un metabolisme energ\u00e8tic normal.<\/p>\n<\/li>\n<li data-start=\"685\" data-end=\"908\">Alhora el<strong data-start=\"911\" data-end=\"919\"> Zinc <\/strong>complementa aquesta acci\u00f3, aportant un impuls addicional a les teves defenses naturals.<\/li>\n<\/ul>\n<hr data-start=\"1029\" data-end=\"1032\" \/>\n<h3 data-start=\"1034\" data-end=\"1094\"><strong data-start=\"1038\" data-end=\"1094\">Aix\u00ed doncs la tecnologia CONTROL-C marca la difer\u00e8ncia<\/strong><\/h3>\n<p data-start=\"1096\" data-end=\"1191\">El que fa que Relief Vitamina C sigui realment excepcional \u00e9s la seva <strong data-start=\"1166\" data-end=\"1190\">tecnologia CONTROL-C<\/strong>:<\/p>\n<ul data-start=\"1193\" data-end=\"1481\">\n<li data-start=\"1193\" data-end=\"1250\">\n<p data-start=\"1195\" data-end=\"1250\">En primer lloc, ofereix una alta biodisponibilitat que garanteixuna absorci\u00f3 completa i efica\u00e7.<\/p>\n<\/li>\n<li data-start=\"1251\" data-end=\"1345\">\n<p data-start=\"1253\" data-end=\"1345\">A m\u00e9s a m\u00e9s, els comprimits gastrorresistents alliberen la vitamina de forma gradual durant 6 hores, protegint-la de l\u2019\u00e0cid estomacal.<\/p>\n<\/li>\n<li data-start=\"1346\" data-end=\"1420\">En conseq\u00fc\u00e8ncia, la vitamina es pot absorbir \u00f2ptimament a l\u2019intest\u00ed, que \u00e9s on el cos m\u00e9s la necessita.<\/li>\n<\/ul>\n<hr data-start=\"1483\" data-end=\"1486\" \/>\n<h3 data-start=\"1488\" data-end=\"1539\">Per tant, el teu cos aprofita cada dosi al m\u00e0xim<\/h3>\n<p data-start=\"1541\" data-end=\"1571\">Aquest alliberament controlat comporta diversos beneficis<\/p>\n<ul data-start=\"1573\" data-end=\"1768\">\n<li data-start=\"1573\" data-end=\"1630\">\n<p data-start=\"1575\" data-end=\"1630\">D&#8217;una banda evita la saturaci\u00f3 dels transportadors intestinals.<\/p>\n<\/li>\n<li data-start=\"1631\" data-end=\"1675\">A m\u00e9s, maximitza l\u2019aprofitament de cada dosi, reduint les p\u00e8rdues en femta o orina.<\/li>\n<li data-start=\"1722\" data-end=\"1768\">\n<p data-start=\"1724\" data-end=\"1768\">Finalmen<strong data-start=\"2032\" data-end=\"2045\">t<\/strong>, minimitza els possibles efectes secundaris g\u00e0strics<\/p>\n<\/li>\n<\/ul>\n<hr data-start=\"1770\" data-end=\"1773\" \/>\n<h3 data-start=\"1775\" data-end=\"1820\"><strong data-start=\"1779\" data-end=\"1820\">En resum per a qui \u00e9s ideal Relief Vitamina C?<\/strong><\/h3>\n<p data-start=\"1822\" data-end=\"1862\">\u00c9s perfecte per a qualsevol persona que:<\/p>\n<ul data-start=\"1864\" data-end=\"2057\">\n<li data-start=\"1864\" data-end=\"1901\">\n<p data-start=\"1866\" data-end=\"1901\">Vol enfortir el sistema immune.<\/p>\n<\/li>\n<li data-start=\"1902\" data-end=\"1947\">\n<p data-start=\"1904\" data-end=\"1947\">Necessita reduir la sensaci\u00f3 de fatiga.<\/p>\n<\/li>\n<li data-start=\"1948\" data-end=\"2057\">\n<p data-start=\"1950\" data-end=\"2057\">Vol protegir les seves c\u00e8l\u00b7lules del dany oxidatiu provocat per la contaminaci\u00f3 o els radicals lliures.<\/p>\n<\/li>\n<\/ul>\n<hr data-start=\"2059\" data-end=\"2062\" \/>\n<h3 data-start=\"2064\" data-end=\"2108\"><strong data-start=\"2068\" data-end=\"2108\">Ara b\u00e9 com i quan prendre Relief Vitamina C<\/strong><\/h3>\n<ul data-start=\"2110\" data-end=\"2426\">\n<li data-start=\"2110\" data-end=\"2148\">\n<p data-start=\"2112\" data-end=\"2148\">Nom\u00e9s cal pendre\u00a01 comprimit al dia.<\/p>\n<\/li>\n<li data-start=\"2149\" data-end=\"2216\">\n<p data-start=\"2151\" data-end=\"2216\">Preferiblement fora dels \u00e0pats principals, amb un got d\u2019aigua.<\/p>\n<\/li>\n<li data-start=\"2217\" data-end=\"2257\">\n<p data-start=\"2219\" data-end=\"2257\">Tingues en compte no partir el comprimit.<\/p>\n<\/li>\n<li data-start=\"2258\" data-end=\"2426\">\n<p data-start=\"2260\" data-end=\"2426\">Es recomana\u00a0consumir de forma continuada durant tot l\u2019any, especialment en canvis estacionals (setembre-octubre i febrer-mar\u00e7) amb cicles de 2 mesos.<\/p>\n<\/li>\n<\/ul>\n<hr data-start=\"2428\" data-end=\"2431\" \/>\n<h3 data-start=\"2433\" data-end=\"2491\"><strong data-start=\"2437\" data-end=\"2491\">En definitiva afegeix Relief Vitamina C a la teva rutina di\u00e0ria!<\/strong><\/h3>\n<p data-start=\"2493\" data-end=\"2672\">No esperis m\u00e9s per sentir-te millor. Per aix\u00f3 mateix afegeix <strong data-start=\"2542\" data-end=\"2563\">Relief Vitamina C<\/strong> a la teva cistella i comen\u00e7a a gaudir d\u2019una major vitalitat i unes defenses refor\u00e7ades cada dia.<\/p>","protected":false},"excerpt":{"rendered":"<p><span class=\"Y2IQFc\" lang=\"ca\">Cuida la teva salut amb vitamina C! Complement alimentari natural amb Vitamina C (1000 mg), Zinc i fitoextractes de C\u00farcuma, Granada i Gingebre que ajuden al funcionament normal del sistema immune, prendre vitamina C ajuda a reduir la fatiga.<\/span><\/p>","protected":false},"featured_media":2127,"comment_status":"open","ping_status":"closed","template":"","meta":{"site-sidebar-layout":"default","site-content-layout":"","ast-site-content-layout":"default","site-content-style":"default","site-sidebar-style":"default","ast-global-header-display":"","ast-banner-title-visibility":"","ast-main-header-display":"","ast-hfb-above-header-display":"","ast-hfb-below-header-display":"","ast-hfb-mobile-header-display":"","site-post-title":"","ast-breadcrumbs-content":"","ast-featured-img":"","footer-sml-layout":"","ast-disable-related-posts":"","theme-transparent-header-meta":"default","adv-header-id-meta":"","stick-header-meta":"","header-above-stick-meta":"","header-main-stick-meta":"","header-below-stick-meta":"","astra-migrate-meta-layouts":"set","ast-page-background-enabled":"default","ast-page-background-meta":{"desktop":{"background-color":"var(--ast-global-color-4)","background-image":"","background-repeat":"repeat","background-position":"center center","background-size":"auto","background-attachment":"scroll","background-type":"","background-media":"","overlay-type":"","overlay-color":"","overlay-opacity":"","overlay-gradient":""},"tablet":{"background-color":"","background-image":"","background-repeat":"repeat","background-position":"center center","background-size":"auto","background-attachment":"scroll","background-type":"","background-media":"","overlay-type":"","overlay-color":"","overlay-opacity":"","overlay-gradient":""},"mobile":{"background-color":"","background-image":"","background-repeat":"repeat","background-position":"center center","background-size":"auto","background-attachment":"scroll","background-type":"","background-media":"","overlay-type":"","overlay-color":"","overlay-opacity":"","overlay-gradient":""}},"ast-content-background-meta":{"desktop":{"background-color":"var(--ast-global-color-5)","background-image":"","background-repeat":"repeat","background-position":"center center","background-size":"auto","background-attachment":"scroll","background-type":"","background-media":"","overlay-type":"","overlay-color":"","overlay-opacity":"","overlay-gradient":""},"tablet":{"background-color":"var(--ast-global-color-5)","background-image":"","background-repeat":"repeat","background-position":"center center","background-size":"auto","background-attachment":"scroll","background-type":"","background-media":"","overlay-type":"","overlay-color":"","overlay-opacity":"","overlay-gradient":""},"mobile":{"background-color":"var(--ast-global-color-5)","background-image":"","background-repeat":"repeat","background-position":"center center","background-size":"auto","background-attachment":"scroll","background-type":"","background-media":"","overlay-type":"","overlay-color":"","overlay-opacity":"","overlay-gradient":""}}},"product_brand":[180],"product_cat":[128,117,75,129],"product_tag":[178,166,167,170,164],"class_list":{"0":"post-2126","1":"product","2":"type-product","3":"status-publish","4":"has-post-thumbnail","6":"product_brand-phytoadvance","7":"product_cat-defenses","8":"product_cat-minerals-vitamines","9":"product_cat-reconstituent","10":"product_cat-refredats","11":"product_tag-sense-conservants","12":"product_tag-sense-gluten","13":"product_tag-sense-lactosa","14":"product_tag-sense-sucre","15":"product_tag-vegan","16":"desktop-align-left","17":"tablet-align-left","18":"mobile-align-left","20":"first","21":"instock","22":"taxable","23":"shipping-taxable","24":"purchasable","25":"product-type-simple"},"yoast_head":"<!-- This site is optimized with the Yoast SEO plugin v27.5 - https:\/\/yoast.com\/product\/yoast-seo-wordpress\/ -->\n<title>Vitamina C - Herbolari Merc\u00e8 Millora el sistema immune i energia<\/title>\n<meta name=\"description\" content=\"Millora el teu sistema immune i augmenta la teva energia di\u00e0ria amb Relief Vitamina C, el suplement amb tecnologia CONTROL-C per una absorci\u00f3 \u00f2ptima.\" \/>\n<meta name=\"robots\" content=\"index, follow, max-snippet:-1, max-image-preview:large, max-video-preview:-1\" \/>\n<link rel=\"canonical\" href=\"https:\/\/herboristeriamerce.com\/es\/herboristeria-online\/sistema-articular\/minerals-vitamines\/2126-reforcar-el-sistema-immune-i-augmenta-la-teva-energia-diaria\/\" \/>\n<meta property=\"og:locale\" content=\"es_ES\" \/>\n<meta property=\"og:type\" content=\"article\" \/>\n<meta property=\"og:title\" content=\"Vitamina C - Herbolari Merc\u00e8 Millora el sistema immune i energia\" \/>\n<meta property=\"og:description\" content=\"Millora el teu sistema immune i augmenta la teva energia di\u00e0ria amb Relief Vitamina C, el suplement amb tecnologia CONTROL-C per una absorci\u00f3 \u00f2ptima.\" \/>\n<meta property=\"og:url\" content=\"https:\/\/herboristeriamerce.com\/es\/herboristeria-online\/sistema-articular\/minerals-vitamines\/2126-reforcar-el-sistema-immune-i-augmenta-la-teva-energia-diaria\/\" \/>\n<meta property=\"og:site_name\" content=\"Herbolari Merc\u00e8\" \/>\n<meta property=\"article:modified_time\" content=\"2026-02-04T16:51:05+00:00\" \/>\n<meta property=\"og:image\" content=\"https:\/\/herboristeriamerce.com\/wp-content\/uploads\/2025\/07\/relief_vitamina_c_mainphoto_phytoadvance.png\" \/>\n\t<meta property=\"og:image:width\" content=\"900\" \/>\n\t<meta property=\"og:image:height\" content=\"770\" \/>\n\t<meta property=\"og:image:type\" content=\"image\/png\" \/>\n<meta name=\"twitter:card\" content=\"summary_large_image\" \/>\n<meta name=\"twitter:label1\" content=\"Tiempo de lectura\" \/>\n\t<meta name=\"twitter:data1\" content=\"3 minutos\" \/>\n<script type=\"application\/ld+json\" class=\"yoast-schema-graph\">{\"@context\":\"https:\\\/\\\/schema.org\",\"@graph\":[{\"@type\":\"WebPage\",\"@id\":\"https:\\\/\\\/herboristeriamerce.com\\\/herboristeria-online\\\/sistema-articular\\\/minerals-vitamines\\\/2126-reforcar-el-sistema-immune-i-augmenta-la-teva-energia-diaria\\\/\",\"url\":\"https:\\\/\\\/herboristeriamerce.com\\\/herboristeria-online\\\/sistema-articular\\\/minerals-vitamines\\\/2126-reforcar-el-sistema-immune-i-augmenta-la-teva-energia-diaria\\\/\",\"name\":\"Vitamina C - Herbolari Merc\u00e8 Millora el sistema immune i energia\",\"isPartOf\":{\"@id\":\"https:\\\/\\\/herboristeriamerce.com\\\/#website\"},\"primaryImageOfPage\":{\"@id\":\"https:\\\/\\\/herboristeriamerce.com\\\/herboristeria-online\\\/sistema-articular\\\/minerals-vitamines\\\/2126-reforcar-el-sistema-immune-i-augmenta-la-teva-energia-diaria\\\/#primaryimage\"},\"image\":{\"@id\":\"https:\\\/\\\/herboristeriamerce.com\\\/herboristeria-online\\\/sistema-articular\\\/minerals-vitamines\\\/2126-reforcar-el-sistema-immune-i-augmenta-la-teva-energia-diaria\\\/#primaryimage\"},\"thumbnailUrl\":\"https:\\\/\\\/herboristeriamerce.com\\\/wp-content\\\/uploads\\\/2025\\\/07\\\/relief_vitamina_c_mainphoto_phytoadvance.png\",\"datePublished\":\"2025-07-28T10:17:03+00:00\",\"dateModified\":\"2026-02-04T16:51:05+00:00\",\"description\":\"Millora el teu sistema immune i augmenta la teva energia di\u00e0ria amb Relief Vitamina C, el suplement amb tecnologia CONTROL-C per una absorci\u00f3 \u00f2ptima.\",\"breadcrumb\":{\"@id\":\"https:\\\/\\\/herboristeriamerce.com\\\/herboristeria-online\\\/sistema-articular\\\/minerals-vitamines\\\/2126-reforcar-el-sistema-immune-i-augmenta-la-teva-energia-diaria\\\/#breadcrumb\"},\"inLanguage\":\"es\",\"potentialAction\":[{\"@type\":\"ReadAction\",\"target\":[\"https:\\\/\\\/herboristeriamerce.com\\\/herboristeria-online\\\/sistema-articular\\\/minerals-vitamines\\\/2126-reforcar-el-sistema-immune-i-augmenta-la-teva-energia-diaria\\\/\"]}]},{\"@type\":\"ImageObject\",\"inLanguage\":\"es\",\"@id\":\"https:\\\/\\\/herboristeriamerce.com\\\/herboristeria-online\\\/sistema-articular\\\/minerals-vitamines\\\/2126-reforcar-el-sistema-immune-i-augmenta-la-teva-energia-diaria\\\/#primaryimage\",\"url\":\"https:\\\/\\\/herboristeriamerce.com\\\/wp-content\\\/uploads\\\/2025\\\/07\\\/relief_vitamina_c_mainphoto_phytoadvance.png\",\"contentUrl\":\"https:\\\/\\\/herboristeriamerce.com\\\/wp-content\\\/uploads\\\/2025\\\/07\\\/relief_vitamina_c_mainphoto_phytoadvance.png\",\"width\":900,\"height\":770},{\"@type\":\"BreadcrumbList\",\"@id\":\"https:\\\/\\\/herboristeriamerce.com\\\/herboristeria-online\\\/sistema-articular\\\/minerals-vitamines\\\/2126-reforcar-el-sistema-immune-i-augmenta-la-teva-energia-diaria\\\/#breadcrumb\",\"itemListElement\":[{\"@type\":\"ListItem\",\"position\":1,\"name\":\"Inici\",\"item\":\"https:\\\/\\\/herboristeriamerce.com\\\/\"},{\"@type\":\"ListItem\",\"position\":2,\"name\":\"Herboristeria online\",\"item\":\"https:\\\/\\\/herboristeriamerce.com\\\/herboristeria-online\\\/\"},{\"@type\":\"ListItem\",\"position\":3,\"name\":\"Vitamina C\"}]},{\"@type\":\"WebSite\",\"@id\":\"https:\\\/\\\/herboristeriamerce.com\\\/#website\",\"url\":\"https:\\\/\\\/herboristeriamerce.com\\\/\",\"name\":\"Herbolari Merc\u00e8\",\"description\":\"Herbolari a Terrassa\",\"publisher\":{\"@id\":\"https:\\\/\\\/herboristeriamerce.com\\\/#organization\"},\"potentialAction\":[{\"@type\":\"SearchAction\",\"target\":{\"@type\":\"EntryPoint\",\"urlTemplate\":\"https:\\\/\\\/herboristeriamerce.com\\\/?s={search_term_string}\"},\"query-input\":{\"@type\":\"PropertyValueSpecification\",\"valueRequired\":true,\"valueName\":\"search_term_string\"}}],\"inLanguage\":\"es\"},{\"@type\":\"Organization\",\"@id\":\"https:\\\/\\\/herboristeriamerce.com\\\/#organization\",\"name\":\"Herbolari Merc\u00e8\",\"url\":\"https:\\\/\\\/herboristeriamerce.com\\\/\",\"logo\":{\"@type\":\"ImageObject\",\"inLanguage\":\"es\",\"@id\":\"https:\\\/\\\/herboristeriamerce.com\\\/#\\\/schema\\\/logo\\\/image\\\/\",\"url\":\"https:\\\/\\\/herboristeriamerce.com\\\/wp-content\\\/uploads\\\/2025\\\/04\\\/cropped-logo-herboristeria-330x168-229w.webp\",\"contentUrl\":\"https:\\\/\\\/herboristeriamerce.com\\\/wp-content\\\/uploads\\\/2025\\\/04\\\/cropped-logo-herboristeria-330x168-229w.webp\",\"width\":230,\"height\":117,\"caption\":\"Herbolari Merc\u00e8\"},\"image\":{\"@id\":\"https:\\\/\\\/herboristeriamerce.com\\\/#\\\/schema\\\/logo\\\/image\\\/\"}}]}<\/script>\n<!-- \/ Yoast SEO plugin. -->","yoast_head_json":{"title":"Vitamina C - Herbolari Merc\u00e8 Millora el sistema immune i energia","description":"Millora el teu sistema immune i augmenta la teva energia di\u00e0ria amb Relief Vitamina C, el suplement amb tecnologia CONTROL-C per una absorci\u00f3 \u00f2ptima.","robots":{"index":"index","follow":"follow","max-snippet":"max-snippet:-1","max-image-preview":"max-image-preview:large","max-video-preview":"max-video-preview:-1"},"canonical":"https:\/\/herboristeriamerce.com\/es\/herboristeria-online\/sistema-articular\/minerals-vitamines\/2126-reforcar-el-sistema-immune-i-augmenta-la-teva-energia-diaria\/","og_locale":"es_ES","og_type":"article","og_title":"Vitamina C - Herbolari Merc\u00e8 Millora el sistema immune i energia","og_description":"Millora el teu sistema immune i augmenta la teva energia di\u00e0ria amb Relief Vitamina C, el suplement amb tecnologia CONTROL-C per una absorci\u00f3 \u00f2ptima.","og_url":"https:\/\/herboristeriamerce.com\/es\/herboristeria-online\/sistema-articular\/minerals-vitamines\/2126-reforcar-el-sistema-immune-i-augmenta-la-teva-energia-diaria\/","og_site_name":"Herbolari Merc\u00e8","article_modified_time":"2026-02-04T16:51:05+00:00","og_image":[{"width":900,"height":770,"url":"https:\/\/herboristeriamerce.com\/wp-content\/uploads\/2025\/07\/relief_vitamina_c_mainphoto_phytoadvance.png","type":"image\/png"}],"twitter_card":"summary_large_image","twitter_misc":{"Tiempo de lectura":"3 minutos"},"schema":{"@context":"https:\/\/schema.org","@graph":[{"@type":"WebPage","@id":"https:\/\/herboristeriamerce.com\/herboristeria-online\/sistema-articular\/minerals-vitamines\/2126-reforcar-el-sistema-immune-i-augmenta-la-teva-energia-diaria\/","url":"https:\/\/herboristeriamerce.com\/herboristeria-online\/sistema-articular\/minerals-vitamines\/2126-reforcar-el-sistema-immune-i-augmenta-la-teva-energia-diaria\/","name":"Vitamina C - Herbolari Merc\u00e8 Millora el sistema immune i energia","isPartOf":{"@id":"https:\/\/herboristeriamerce.com\/#website"},"primaryImageOfPage":{"@id":"https:\/\/herboristeriamerce.com\/herboristeria-online\/sistema-articular\/minerals-vitamines\/2126-reforcar-el-sistema-immune-i-augmenta-la-teva-energia-diaria\/#primaryimage"},"image":{"@id":"https:\/\/herboristeriamerce.com\/herboristeria-online\/sistema-articular\/minerals-vitamines\/2126-reforcar-el-sistema-immune-i-augmenta-la-teva-energia-diaria\/#primaryimage"},"thumbnailUrl":"https:\/\/herboristeriamerce.com\/wp-content\/uploads\/2025\/07\/relief_vitamina_c_mainphoto_phytoadvance.png","datePublished":"2025-07-28T10:17:03+00:00","dateModified":"2026-02-04T16:51:05+00:00","description":"Millora el teu sistema immune i augmenta la teva energia di\u00e0ria amb Relief Vitamina C, el suplement amb tecnologia CONTROL-C per una absorci\u00f3 \u00f2ptima.","breadcrumb":{"@id":"https:\/\/herboristeriamerce.com\/herboristeria-online\/sistema-articular\/minerals-vitamines\/2126-reforcar-el-sistema-immune-i-augmenta-la-teva-energia-diaria\/#breadcrumb"},"inLanguage":"es","potentialAction":[{"@type":"ReadAction","target":["https:\/\/herboristeriamerce.com\/herboristeria-online\/sistema-articular\/minerals-vitamines\/2126-reforcar-el-sistema-immune-i-augmenta-la-teva-energia-diaria\/"]}]},{"@type":"ImageObject","inLanguage":"es","@id":"https:\/\/herboristeriamerce.com\/herboristeria-online\/sistema-articular\/minerals-vitamines\/2126-reforcar-el-sistema-immune-i-augmenta-la-teva-energia-diaria\/#primaryimage","url":"https:\/\/herboristeriamerce.com\/wp-content\/uploads\/2025\/07\/relief_vitamina_c_mainphoto_phytoadvance.png","contentUrl":"https:\/\/herboristeriamerce.com\/wp-content\/uploads\/2025\/07\/relief_vitamina_c_mainphoto_phytoadvance.png","width":900,"height":770},{"@type":"BreadcrumbList","@id":"https:\/\/herboristeriamerce.com\/herboristeria-online\/sistema-articular\/minerals-vitamines\/2126-reforcar-el-sistema-immune-i-augmenta-la-teva-energia-diaria\/#breadcrumb","itemListElement":[{"@type":"ListItem","position":1,"name":"Inici","item":"https:\/\/herboristeriamerce.com\/"},{"@type":"ListItem","position":2,"name":"Herboristeria online","item":"https:\/\/herboristeriamerce.com\/herboristeria-online\/"},{"@type":"ListItem","position":3,"name":"Vitamina C"}]},{"@type":"WebSite","@id":"https:\/\/herboristeriamerce.com\/#website","url":"https:\/\/herboristeriamerce.com\/","name":"Herbolari Merc\u00e8","description":"Herbolari a Terrassa","publisher":{"@id":"https:\/\/herboristeriamerce.com\/#organization"},"potentialAction":[{"@type":"SearchAction","target":{"@type":"EntryPoint","urlTemplate":"https:\/\/herboristeriamerce.com\/?s={search_term_string}"},"query-input":{"@type":"PropertyValueSpecification","valueRequired":true,"valueName":"search_term_string"}}],"inLanguage":"es"},{"@type":"Organization","@id":"https:\/\/herboristeriamerce.com\/#organization","name":"Herbolari Merc\u00e8","url":"https:\/\/herboristeriamerce.com\/","logo":{"@type":"ImageObject","inLanguage":"es","@id":"https:\/\/herboristeriamerce.com\/#\/schema\/logo\/image\/","url":"https:\/\/herboristeriamerce.com\/wp-content\/uploads\/2025\/04\/cropped-logo-herboristeria-330x168-229w.webp","contentUrl":"https:\/\/herboristeriamerce.com\/wp-content\/uploads\/2025\/04\/cropped-logo-herboristeria-330x168-229w.webp","width":230,"height":117,"caption":"Herbolari Merc\u00e8"},"image":{"@id":"https:\/\/herboristeriamerce.com\/#\/schema\/logo\/image\/"}}]}},"_links":{"self":[{"href":"https:\/\/herboristeriamerce.com\/es\/wp-json\/wp\/v2\/product\/2126","targetHints":{"allow":["GET"]}}],"collection":[{"href":"https:\/\/herboristeriamerce.com\/es\/wp-json\/wp\/v2\/product"}],"about":[{"href":"https:\/\/herboristeriamerce.com\/es\/wp-json\/wp\/v2\/types\/product"}],"replies":[{"embeddable":true,"href":"https:\/\/herboristeriamerce.com\/es\/wp-json\/wp\/v2\/comments?post=2126"}],"wp:featuredmedia":[{"embeddable":true,"href":"https:\/\/herboristeriamerce.com\/es\/wp-json\/wp\/v2\/media\/2127"}],"wp:attachment":[{"href":"https:\/\/herboristeriamerce.com\/es\/wp-json\/wp\/v2\/media?parent=2126"}],"wp:term":[{"taxonomy":"product_brand","embeddable":true,"href":"https:\/\/herboristeriamerce.com\/es\/wp-json\/wp\/v2\/product_brand?post=2126"},{"taxonomy":"product_cat","embeddable":true,"href":"https:\/\/herboristeriamerce.com\/es\/wp-json\/wp\/v2\/product_cat?post=2126"},{"taxonomy":"product_tag","embeddable":true,"href":"https:\/\/herboristeriamerce.com\/es\/wp-json\/wp\/v2\/product_tag?post=2126"}],"curies":[{"name":"wp","href":"https:\/\/api.w.org\/{rel}","templated":true}]}}