{"id":2124,"date":"2025-07-25T17:57:22","date_gmt":"2025-07-25T17:57:22","guid":{"rendered":"https:\/\/herboristeriamerce.com\/?post_type=product&#038;p=2124"},"modified":"2025-07-25T17:57:23","modified_gmt":"2025-07-25T17:57:23","slug":"relief-adults-alleuja-les-vies-respiratories-de-manera-natural","status":"publish","type":"product","link":"https:\/\/herboristeriamerce.com\/es\/herboristeria-online\/defenses-naturals\/defenses\/relief-adults-alleuja-les-vies-respiratories-de-manera-natural\/","title":{"rendered":"Relief Adults"},"content":{"rendered":"<p data-start=\"0\" data-end=\"98\"><strong data-start=\"0\" data-end=\"98\">PhytoAdvance\u00ae Relief Adults Solution: El teu aliat natural per alleujar les vies respirat\u00f2ries<\/strong><\/p>\n<p data-start=\"100\" data-end=\"148\"><strong data-start=\"100\" data-end=\"148\">Qu\u00e8 \u00e9s PhytoAdvance\u00ae Relief Adults Solution?<\/strong><\/p>\n<p data-start=\"150\" data-end=\"661\">PhytoAdvance\u00ae Relief Adults Solution \u00e9s un remei natural formulat amb una combinaci\u00f3 de fitoextractes de <strong data-start=\"255\" data-end=\"266\">C\u00farcuma<\/strong>, <strong data-start=\"268\" data-end=\"279\">Granada<\/strong>, <strong data-start=\"281\" data-end=\"293\">Jengibre<\/strong>, <strong data-start=\"295\" data-end=\"303\">Tilo<\/strong>, <strong data-start=\"305\" data-end=\"319\">Malvavisco<\/strong> i <strong data-start=\"322\" data-end=\"335\">Grindelia<\/strong>. Aquest producte est\u00e0 dissenyat per ajudar a mantenir un nivell adequat de mucositat i flemes en les vies respirat\u00f2ries, contribuint aix\u00ed al funcionament normal del sistema respiratori i immune. La seva f\u00f3rmula \u00fanica ajuda a alleujar la gola, la faringe i les cordes vocals, sense necessitat de medicaments sint\u00e8tics.<\/p>\n<h3 data-start=\"663\" data-end=\"689\">Propietats i Beneficis<\/h3>\n<p data-start=\"691\" data-end=\"1153\"><strong data-start=\"691\" data-end=\"707\">La Grindelia<\/strong>, amb la seva acci\u00f3 bals\u00e0mica, facilita l\u2019eliminaci\u00f3 de mucositat, millorant la salut de les vies respirat\u00f2ries i la gola. <strong data-start=\"830\" data-end=\"841\">El Til\u00b7l\u00e8<\/strong>\u00a0actua per alleujar i donar una sensaci\u00f3 de confort a la gola, la faringe i les cordes vocals, mentre que <strong data-start=\"947\" data-end=\"975\">el Jengibre i la C\u00farcuma<\/strong> ajuden a mantenir la funci\u00f3 immunit\u00e0ria. A m\u00e9s, la C\u00farcuma t\u00e9 la capacitat de suportar la funci\u00f3 del tracte respiratori superior, augmentant la resist\u00e8ncia a les al\u00b7l\u00e8rgies.<\/p>\n<h3 data-start=\"1155\" data-end=\"1208\">Com prendre PhytoAdvance\u00ae Relief Adults Solution?<\/h3>\n<p data-start=\"1210\" data-end=\"1558\">Es recomana prendre 10 ml dues vegades al dia (al mat\u00ed i a la nit). L&#8217;\u00faltima dosi ha de ser abans d&#8217;anar a dormir. Aquest tractament ha de durar 6 dies. Important: Agita b\u00e9 el frasco abans de cada \u00fas i utilitza el cacito dosificador que inclou el producte. Un cop obert, el producte ha de ser utilitzat en un termini de 60 dies.<\/p>\n<h3 data-start=\"1560\" data-end=\"1587\">Per a qui est\u00e0 indicat?<\/h3>\n<p data-start=\"1589\" data-end=\"1868\">PhytoAdvance\u00ae Relief Adults Solution \u00e9s ideal per a adults i nens a partir de 12 anys que necessiten alleujar la mucositat al pit, les vies respirat\u00f2ries i la gola. A m\u00e9s, \u00e9s efica\u00e7 per suavitzar i calmar el tracte respiratori, fins i tot quan no hi ha mucositat present.<\/p>\n<p data-start=\"1870\" data-end=\"1972\"><strong data-start=\"1870\" data-end=\"1972\">Protegeix les teves vies respirat\u00f2ries de manera natural amb PhytoAdvance\u00ae Relief Adults Solution!<\/strong><\/p>","protected":false},"excerpt":{"rendered":"<p><span class=\"Y2IQFc\" lang=\"ca\">Remei natural Formulat a base de fitoextractes de C\u00farcuma, Mangrana, Gingebre, Til\u00b7ler, Malv\u00ed i Grind\u00e8lia, aquest complement alimentari natural contribueix a un nivell \u00f2ptim de mucositats a les vies respirat\u00f2ries.<\/span><\/p>","protected":false},"featured_media":2125,"comment_status":"open","ping_status":"closed","template":"","meta":{"site-sidebar-layout":"default","site-content-layout":"","ast-site-content-layout":"default","site-content-style":"default","site-sidebar-style":"default","ast-global-header-display":"","ast-banner-title-visibility":"","ast-main-header-display":"","ast-hfb-above-header-display":"","ast-hfb-below-header-display":"","ast-hfb-mobile-header-display":"","site-post-title":"","ast-breadcrumbs-content":"","ast-featured-img":"","footer-sml-layout":"","ast-disable-related-posts":"","theme-transparent-header-meta":"default","adv-header-id-meta":"","stick-header-meta":"","header-above-stick-meta":"","header-main-stick-meta":"","header-below-stick-meta":"","astra-migrate-meta-layouts":"set","ast-page-background-enabled":"default","ast-page-background-meta":{"desktop":{"background-color":"var(--ast-global-color-4)","background-image":"","background-repeat":"repeat","background-position":"center center","background-size":"auto","background-attachment":"scroll","background-type":"","background-media":"","overlay-type":"","overlay-color":"","overlay-opacity":"","overlay-gradient":""},"tablet":{"background-color":"","background-image":"","background-repeat":"repeat","background-position":"center center","background-size":"auto","background-attachment":"scroll","background-type":"","background-media":"","overlay-type":"","overlay-color":"","overlay-opacity":"","overlay-gradient":""},"mobile":{"background-color":"","background-image":"","background-repeat":"repeat","background-position":"center center","background-size":"auto","background-attachment":"scroll","background-type":"","background-media":"","overlay-type":"","overlay-color":"","overlay-opacity":"","overlay-gradient":""}},"ast-content-background-meta":{"desktop":{"background-color":"var(--ast-global-color-5)","background-image":"","background-repeat":"repeat","background-position":"center center","background-size":"auto","background-attachment":"scroll","background-type":"","background-media":"","overlay-type":"","overlay-color":"","overlay-opacity":"","overlay-gradient":""},"tablet":{"background-color":"var(--ast-global-color-5)","background-image":"","background-repeat":"repeat","background-position":"center center","background-size":"auto","background-attachment":"scroll","background-type":"","background-media":"","overlay-type":"","overlay-color":"","overlay-opacity":"","overlay-gradient":""},"mobile":{"background-color":"var(--ast-global-color-5)","background-image":"","background-repeat":"repeat","background-position":"center center","background-size":"auto","background-attachment":"scroll","background-type":"","background-media":"","overlay-type":"","overlay-color":"","overlay-opacity":"","overlay-gradient":""}}},"product_brand":[180],"product_cat":[128,129],"product_tag":[181,179,166,167],"class_list":{"0":"post-2124","1":"product","2":"type-product","3":"status-publish","4":"has-post-thumbnail","6":"product_brand-phytoadvance","7":"product_cat-defenses","8":"product_cat-refredats","9":"product_tag-sense-alcohol","10":"product_tag-sense-colorants-artificials","11":"product_tag-sense-gluten","12":"product_tag-sense-lactosa","13":"desktop-align-left","14":"tablet-align-left","15":"mobile-align-left","17":"first","18":"instock","19":"taxable","20":"shipping-taxable","21":"purchasable","22":"product-type-simple"},"yoast_head":"<!-- This site is optimized with the Yoast SEO plugin v27.5 - https:\/\/yoast.com\/product\/yoast-seo-wordpress\/ -->\n<title>Relief Adults - Herbolari Merc\u00e8<\/title>\n<meta name=\"description\" content=\"Remei natural amb C\u00farcuma, Jengibre i Grindelia. Alleuja les vies respirat\u00f2ries de manera natural. Ideal a partir de 12 anys\" \/>\n<meta name=\"robots\" content=\"index, follow, max-snippet:-1, max-image-preview:large, max-video-preview:-1\" \/>\n<link rel=\"canonical\" href=\"https:\/\/herboristeriamerce.com\/es\/herboristeria-online\/defenses-naturals\/defenses\/relief-adults-alleuja-les-vies-respiratories-de-manera-natural\/\" \/>\n<meta property=\"og:locale\" content=\"es_ES\" \/>\n<meta property=\"og:type\" content=\"article\" \/>\n<meta property=\"og:title\" content=\"Relief Adults - Herbolari Merc\u00e8\" \/>\n<meta property=\"og:description\" content=\"Remei natural amb C\u00farcuma, Jengibre i Grindelia. Alleuja les vies respirat\u00f2ries de manera natural. Ideal a partir de 12 anys\" \/>\n<meta property=\"og:url\" content=\"https:\/\/herboristeriamerce.com\/es\/herboristeria-online\/defenses-naturals\/defenses\/relief-adults-alleuja-les-vies-respiratories-de-manera-natural\/\" \/>\n<meta property=\"og:site_name\" content=\"Herbolari Merc\u00e8\" \/>\n<meta property=\"article:modified_time\" content=\"2025-07-25T17:57:23+00:00\" \/>\n<meta property=\"og:image\" content=\"https:\/\/herboristeriamerce.com\/wp-content\/uploads\/2025\/07\/relief_adults_solution_mainphoto_phytoadvance.png\" \/>\n\t<meta property=\"og:image:width\" content=\"900\" \/>\n\t<meta property=\"og:image:height\" content=\"770\" \/>\n\t<meta property=\"og:image:type\" content=\"image\/png\" \/>\n<meta name=\"twitter:card\" content=\"summary_large_image\" \/>\n<meta name=\"twitter:label1\" content=\"Tiempo de lectura\" \/>\n\t<meta name=\"twitter:data1\" content=\"2 minutos\" \/>\n<script type=\"application\/ld+json\" class=\"yoast-schema-graph\">{\"@context\":\"https:\\\/\\\/schema.org\",\"@graph\":[{\"@type\":\"WebPage\",\"@id\":\"https:\\\/\\\/herboristeriamerce.com\\\/herboristeria-online\\\/defenses-naturals\\\/defenses\\\/relief-adults-alleuja-les-vies-respiratories-de-manera-natural\\\/\",\"url\":\"https:\\\/\\\/herboristeriamerce.com\\\/herboristeria-online\\\/defenses-naturals\\\/defenses\\\/relief-adults-alleuja-les-vies-respiratories-de-manera-natural\\\/\",\"name\":\"Relief Adults - Herbolari Merc\u00e8\",\"isPartOf\":{\"@id\":\"https:\\\/\\\/herboristeriamerce.com\\\/#website\"},\"primaryImageOfPage\":{\"@id\":\"https:\\\/\\\/herboristeriamerce.com\\\/herboristeria-online\\\/defenses-naturals\\\/defenses\\\/relief-adults-alleuja-les-vies-respiratories-de-manera-natural\\\/#primaryimage\"},\"image\":{\"@id\":\"https:\\\/\\\/herboristeriamerce.com\\\/herboristeria-online\\\/defenses-naturals\\\/defenses\\\/relief-adults-alleuja-les-vies-respiratories-de-manera-natural\\\/#primaryimage\"},\"thumbnailUrl\":\"https:\\\/\\\/herboristeriamerce.com\\\/wp-content\\\/uploads\\\/2025\\\/07\\\/relief_adults_solution_mainphoto_phytoadvance.png\",\"datePublished\":\"2025-07-25T17:57:22+00:00\",\"dateModified\":\"2025-07-25T17:57:23+00:00\",\"description\":\"Remei natural amb C\u00farcuma, Jengibre i Grindelia. Alleuja les vies respirat\u00f2ries de manera natural. Ideal a partir de 12 anys\",\"breadcrumb\":{\"@id\":\"https:\\\/\\\/herboristeriamerce.com\\\/herboristeria-online\\\/defenses-naturals\\\/defenses\\\/relief-adults-alleuja-les-vies-respiratories-de-manera-natural\\\/#breadcrumb\"},\"inLanguage\":\"es\",\"potentialAction\":[{\"@type\":\"ReadAction\",\"target\":[\"https:\\\/\\\/herboristeriamerce.com\\\/herboristeria-online\\\/defenses-naturals\\\/defenses\\\/relief-adults-alleuja-les-vies-respiratories-de-manera-natural\\\/\"]}]},{\"@type\":\"ImageObject\",\"inLanguage\":\"es\",\"@id\":\"https:\\\/\\\/herboristeriamerce.com\\\/herboristeria-online\\\/defenses-naturals\\\/defenses\\\/relief-adults-alleuja-les-vies-respiratories-de-manera-natural\\\/#primaryimage\",\"url\":\"https:\\\/\\\/herboristeriamerce.com\\\/wp-content\\\/uploads\\\/2025\\\/07\\\/relief_adults_solution_mainphoto_phytoadvance.png\",\"contentUrl\":\"https:\\\/\\\/herboristeriamerce.com\\\/wp-content\\\/uploads\\\/2025\\\/07\\\/relief_adults_solution_mainphoto_phytoadvance.png\",\"width\":900,\"height\":770},{\"@type\":\"BreadcrumbList\",\"@id\":\"https:\\\/\\\/herboristeriamerce.com\\\/herboristeria-online\\\/defenses-naturals\\\/defenses\\\/relief-adults-alleuja-les-vies-respiratories-de-manera-natural\\\/#breadcrumb\",\"itemListElement\":[{\"@type\":\"ListItem\",\"position\":1,\"name\":\"Inici\",\"item\":\"https:\\\/\\\/herboristeriamerce.com\\\/\"},{\"@type\":\"ListItem\",\"position\":2,\"name\":\"Herboristeria online\",\"item\":\"https:\\\/\\\/herboristeriamerce.com\\\/herboristeria-online\\\/\"},{\"@type\":\"ListItem\",\"position\":3,\"name\":\"Relief Adults\"}]},{\"@type\":\"WebSite\",\"@id\":\"https:\\\/\\\/herboristeriamerce.com\\\/#website\",\"url\":\"https:\\\/\\\/herboristeriamerce.com\\\/\",\"name\":\"Herbolari Merc\u00e8\",\"description\":\"Herbolari a Terrassa\",\"publisher\":{\"@id\":\"https:\\\/\\\/herboristeriamerce.com\\\/#organization\"},\"potentialAction\":[{\"@type\":\"SearchAction\",\"target\":{\"@type\":\"EntryPoint\",\"urlTemplate\":\"https:\\\/\\\/herboristeriamerce.com\\\/?s={search_term_string}\"},\"query-input\":{\"@type\":\"PropertyValueSpecification\",\"valueRequired\":true,\"valueName\":\"search_term_string\"}}],\"inLanguage\":\"es\"},{\"@type\":\"Organization\",\"@id\":\"https:\\\/\\\/herboristeriamerce.com\\\/#organization\",\"name\":\"Herbolari Merc\u00e8\",\"url\":\"https:\\\/\\\/herboristeriamerce.com\\\/\",\"logo\":{\"@type\":\"ImageObject\",\"inLanguage\":\"es\",\"@id\":\"https:\\\/\\\/herboristeriamerce.com\\\/#\\\/schema\\\/logo\\\/image\\\/\",\"url\":\"https:\\\/\\\/herboristeriamerce.com\\\/wp-content\\\/uploads\\\/2025\\\/04\\\/cropped-logo-herboristeria-330x168-229w.webp\",\"contentUrl\":\"https:\\\/\\\/herboristeriamerce.com\\\/wp-content\\\/uploads\\\/2025\\\/04\\\/cropped-logo-herboristeria-330x168-229w.webp\",\"width\":230,\"height\":117,\"caption\":\"Herbolari Merc\u00e8\"},\"image\":{\"@id\":\"https:\\\/\\\/herboristeriamerce.com\\\/#\\\/schema\\\/logo\\\/image\\\/\"}}]}<\/script>\n<!-- \/ Yoast SEO plugin. -->","yoast_head_json":{"title":"Relief Adults - Herbolari Merc\u00e8","description":"Remei natural amb C\u00farcuma, Jengibre i Grindelia. Alleuja les vies respirat\u00f2ries de manera natural. Ideal a partir de 12 anys","robots":{"index":"index","follow":"follow","max-snippet":"max-snippet:-1","max-image-preview":"max-image-preview:large","max-video-preview":"max-video-preview:-1"},"canonical":"https:\/\/herboristeriamerce.com\/es\/herboristeria-online\/defenses-naturals\/defenses\/relief-adults-alleuja-les-vies-respiratories-de-manera-natural\/","og_locale":"es_ES","og_type":"article","og_title":"Relief Adults - Herbolari Merc\u00e8","og_description":"Remei natural amb C\u00farcuma, Jengibre i Grindelia. Alleuja les vies respirat\u00f2ries de manera natural. Ideal a partir de 12 anys","og_url":"https:\/\/herboristeriamerce.com\/es\/herboristeria-online\/defenses-naturals\/defenses\/relief-adults-alleuja-les-vies-respiratories-de-manera-natural\/","og_site_name":"Herbolari Merc\u00e8","article_modified_time":"2025-07-25T17:57:23+00:00","og_image":[{"width":900,"height":770,"url":"https:\/\/herboristeriamerce.com\/wp-content\/uploads\/2025\/07\/relief_adults_solution_mainphoto_phytoadvance.png","type":"image\/png"}],"twitter_card":"summary_large_image","twitter_misc":{"Tiempo de lectura":"2 minutos"},"schema":{"@context":"https:\/\/schema.org","@graph":[{"@type":"WebPage","@id":"https:\/\/herboristeriamerce.com\/herboristeria-online\/defenses-naturals\/defenses\/relief-adults-alleuja-les-vies-respiratories-de-manera-natural\/","url":"https:\/\/herboristeriamerce.com\/herboristeria-online\/defenses-naturals\/defenses\/relief-adults-alleuja-les-vies-respiratories-de-manera-natural\/","name":"Relief Adults - Herbolari Merc\u00e8","isPartOf":{"@id":"https:\/\/herboristeriamerce.com\/#website"},"primaryImageOfPage":{"@id":"https:\/\/herboristeriamerce.com\/herboristeria-online\/defenses-naturals\/defenses\/relief-adults-alleuja-les-vies-respiratories-de-manera-natural\/#primaryimage"},"image":{"@id":"https:\/\/herboristeriamerce.com\/herboristeria-online\/defenses-naturals\/defenses\/relief-adults-alleuja-les-vies-respiratories-de-manera-natural\/#primaryimage"},"thumbnailUrl":"https:\/\/herboristeriamerce.com\/wp-content\/uploads\/2025\/07\/relief_adults_solution_mainphoto_phytoadvance.png","datePublished":"2025-07-25T17:57:22+00:00","dateModified":"2025-07-25T17:57:23+00:00","description":"Remei natural amb C\u00farcuma, Jengibre i Grindelia. Alleuja les vies respirat\u00f2ries de manera natural. Ideal a partir de 12 anys","breadcrumb":{"@id":"https:\/\/herboristeriamerce.com\/herboristeria-online\/defenses-naturals\/defenses\/relief-adults-alleuja-les-vies-respiratories-de-manera-natural\/#breadcrumb"},"inLanguage":"es","potentialAction":[{"@type":"ReadAction","target":["https:\/\/herboristeriamerce.com\/herboristeria-online\/defenses-naturals\/defenses\/relief-adults-alleuja-les-vies-respiratories-de-manera-natural\/"]}]},{"@type":"ImageObject","inLanguage":"es","@id":"https:\/\/herboristeriamerce.com\/herboristeria-online\/defenses-naturals\/defenses\/relief-adults-alleuja-les-vies-respiratories-de-manera-natural\/#primaryimage","url":"https:\/\/herboristeriamerce.com\/wp-content\/uploads\/2025\/07\/relief_adults_solution_mainphoto_phytoadvance.png","contentUrl":"https:\/\/herboristeriamerce.com\/wp-content\/uploads\/2025\/07\/relief_adults_solution_mainphoto_phytoadvance.png","width":900,"height":770},{"@type":"BreadcrumbList","@id":"https:\/\/herboristeriamerce.com\/herboristeria-online\/defenses-naturals\/defenses\/relief-adults-alleuja-les-vies-respiratories-de-manera-natural\/#breadcrumb","itemListElement":[{"@type":"ListItem","position":1,"name":"Inici","item":"https:\/\/herboristeriamerce.com\/"},{"@type":"ListItem","position":2,"name":"Herboristeria online","item":"https:\/\/herboristeriamerce.com\/herboristeria-online\/"},{"@type":"ListItem","position":3,"name":"Relief Adults"}]},{"@type":"WebSite","@id":"https:\/\/herboristeriamerce.com\/#website","url":"https:\/\/herboristeriamerce.com\/","name":"Herbolari Merc\u00e8","description":"Herbolari a Terrassa","publisher":{"@id":"https:\/\/herboristeriamerce.com\/#organization"},"potentialAction":[{"@type":"SearchAction","target":{"@type":"EntryPoint","urlTemplate":"https:\/\/herboristeriamerce.com\/?s={search_term_string}"},"query-input":{"@type":"PropertyValueSpecification","valueRequired":true,"valueName":"search_term_string"}}],"inLanguage":"es"},{"@type":"Organization","@id":"https:\/\/herboristeriamerce.com\/#organization","name":"Herbolari Merc\u00e8","url":"https:\/\/herboristeriamerce.com\/","logo":{"@type":"ImageObject","inLanguage":"es","@id":"https:\/\/herboristeriamerce.com\/#\/schema\/logo\/image\/","url":"https:\/\/herboristeriamerce.com\/wp-content\/uploads\/2025\/04\/cropped-logo-herboristeria-330x168-229w.webp","contentUrl":"https:\/\/herboristeriamerce.com\/wp-content\/uploads\/2025\/04\/cropped-logo-herboristeria-330x168-229w.webp","width":230,"height":117,"caption":"Herbolari Merc\u00e8"},"image":{"@id":"https:\/\/herboristeriamerce.com\/#\/schema\/logo\/image\/"}}]}},"_links":{"self":[{"href":"https:\/\/herboristeriamerce.com\/es\/wp-json\/wp\/v2\/product\/2124","targetHints":{"allow":["GET"]}}],"collection":[{"href":"https:\/\/herboristeriamerce.com\/es\/wp-json\/wp\/v2\/product"}],"about":[{"href":"https:\/\/herboristeriamerce.com\/es\/wp-json\/wp\/v2\/types\/product"}],"replies":[{"embeddable":true,"href":"https:\/\/herboristeriamerce.com\/es\/wp-json\/wp\/v2\/comments?post=2124"}],"wp:featuredmedia":[{"embeddable":true,"href":"https:\/\/herboristeriamerce.com\/es\/wp-json\/wp\/v2\/media\/2125"}],"wp:attachment":[{"href":"https:\/\/herboristeriamerce.com\/es\/wp-json\/wp\/v2\/media?parent=2124"}],"wp:term":[{"taxonomy":"product_brand","embeddable":true,"href":"https:\/\/herboristeriamerce.com\/es\/wp-json\/wp\/v2\/product_brand?post=2124"},{"taxonomy":"product_cat","embeddable":true,"href":"https:\/\/herboristeriamerce.com\/es\/wp-json\/wp\/v2\/product_cat?post=2124"},{"taxonomy":"product_tag","embeddable":true,"href":"https:\/\/herboristeriamerce.com\/es\/wp-json\/wp\/v2\/product_tag?post=2124"}],"curies":[{"name":"wp","href":"https:\/\/api.w.org\/{rel}","templated":true}]}}