{"id":2122,"date":"2025-07-25T15:24:17","date_gmt":"2025-07-25T15:24:17","guid":{"rendered":"https:\/\/herboristeriamerce.com\/?post_type=product&#038;p=2122"},"modified":"2025-07-25T15:25:28","modified_gmt":"2025-07-25T15:25:28","slug":"pastilles-de-gingebre-per-al-male-protegeix-les-vies-respiratories-de-manera-naturalstar-de-gola-relief","status":"publish","type":"product","link":"https:\/\/herboristeriamerce.com\/es\/herboristeria-online\/defenses-naturals\/respiracio-coll\/pastilles-de-gingebre-per-al-male-protegeix-les-vies-respiratories-de-manera-naturalstar-de-gola-relief\/","title":{"rendered":"Pastilles de Gingebre per al malestar de gola RELIEF"},"content":{"rendered":"<p data-start=\"116\" data-end=\"198\"><strong data-start=\"116\" data-end=\"198\">PhytoAdvance\u00ae Relief: Protegeix les Teves Vies Respirat\u00f2ries de Manera Natural<\/strong><\/p>\n<p data-start=\"200\" data-end=\"232\"><strong data-start=\"200\" data-end=\"232\">Qu\u00e8 \u00e9s PhytoAdvance\u00ae Relief?<\/strong><\/p>\n<p data-start=\"234\" data-end=\"648\">PhytoAdvance\u00ae Relief \u00e9s un complement alimentari natural amb fitoextractes de <strong data-start=\"312\" data-end=\"323\">C\u00farcuma<\/strong>, <strong data-start=\"325\" data-end=\"337\">Gingebre<\/strong> i <strong>Mangrana<\/strong>. D\u2019aquesta manera, ajuda a protegir la gola i les vies respirat\u00f2ries. Tamb\u00e9 t\u00e9 un efecte calmant i suavitzant gr\u00e0cies als seus ingredients naturals. A m\u00e9s, es presenta en format de pastilles per chupar, ideal per a aquells que busquen suport efica\u00e7 i pr\u00e0ctic per a les vies respirat\u00f2ries.<\/p>\n<h3 data-start=\"650\" data-end=\"681\">Propietats i Beneficis Clau<\/h3>\n<p data-start=\"683\" data-end=\"865\"><strong data-start=\"683\" data-end=\"697\">La C\u00farcuma<\/strong> \u00e9s coneguda per les seves propietats antiinflamat\u00f2ries i antioxidants. Contribueix a mantenir les vies respirat\u00f2ries superiors saludables i refor\u00e7a el sistema immune.<\/p>\n<p data-start=\"867\" data-end=\"1186\"><strong data-start=\"867\" data-end=\"882\">El Gingebre<\/strong>, per la seva part, ajuda a mantenir les funcions normals de les vies respirat\u00f2ries. Tamb\u00e9 ajuda a protegir-les, contribuint a un sistema immune m\u00e9s fort. Aix\u00ed, PhytoAdvance\u00ae Relief \u00e9s ideal per a aquells que busquen protegir la seva salut respirat\u00f2ria, sobretot en \u00e8poques de canvis estacionals.<\/p>\n<h3 data-start=\"1188\" data-end=\"1237\">Com Prendre PhytoAdvance\u00ae Relief Correctament<\/h3>\n<p data-start=\"1239\" data-end=\"1453\">Es recomana prendre 3 pastilles per chupar al dia. Deixa la pastilla a la boca fins que es dissolgui, sense mastegar ni empassar. Important: No excedir la dosi recomanada per evitar efectes indesitjats.<\/p>\n<h3 data-start=\"1455\" data-end=\"1495\">Destinataris de PhytoAdvance\u00ae Relief<\/h3>\n<p data-start=\"1497\" data-end=\"1741\">PhytoAdvance\u00ae Relief est\u00e0 destinat a persones a partir dels 6 anys. \u00c9s perfecte per a aquells que volen protegir les seves vies respirat\u00f2ries de manera natural. Tamb\u00e9, \u00e9s ideal per a aquells que volen refor\u00e7ar el seu sistema immune.<\/p>\n<h3 data-start=\"1743\" data-end=\"1777\">Advert\u00e8ncies a Tenir en Compte<\/h3>\n<p data-start=\"1779\" data-end=\"2035\">Es recomana precauci\u00f3 en persones amb alteracions hep\u00e0tiques o biliares. A m\u00e9s, no \u00e9s recomanat durant l&#8217;embar\u00e0s, lact\u00e0ncia ni en nens menors de 6 anys. El consum excessiu pot causar efectes laxants. La C\u00farcuma pot deixar taques en les ortod\u00f2ncies.<\/p>\n<h3 data-start=\"2037\" data-end=\"2095\">Conclusi\u00f3: Protegeix la Teva Gola i Vies Respirat\u00f2ries<\/h3>\n<p data-start=\"2097\" data-end=\"2316\">En resum, PhytoAdvance\u00ae Relief t&#8217;ajuda a protegir la teva gola i vies respirat\u00f2ries. Aix\u00ed que, si busques una soluci\u00f3 natural i efectiva, aquest complement \u00e9s una excel\u00b7lent opci\u00f3 per a tu i la teva fam\u00edlia.<\/p>\n<p data-start=\"2071\" data-end=\"2150\" data-is-last-node=\"\" data-is-only-node=\"\">M\u00e9s informaci\u00f3: https:\/\/<a href=\"https:\/\/phytoadvance.es\/remedios-caseros-para-el-dolor-de-garganta-irritada\">www.exemple.com\/phytoadvance-relief<\/a><\/p>","protected":false},"excerpt":{"rendered":"<p><span class=\"Y2IQFc\" lang=\"ca\">Pastilles naturals per a la gola que ajuden a alleujar la irritaci\u00f3 i mantenir el benestar respiratori. Elaborades amb c\u00farcuma, gingebre i magrana, ofereixen un efecte calmant immediat i s\u00f3n ideals com a remei natural per a la gola seca i la tos ocasional.<\/span><\/p>","protected":false},"featured_media":2123,"comment_status":"open","ping_status":"closed","template":"","meta":{"site-sidebar-layout":"default","site-content-layout":"","ast-site-content-layout":"default","site-content-style":"default","site-sidebar-style":"default","ast-global-header-display":"","ast-banner-title-visibility":"","ast-main-header-display":"","ast-hfb-above-header-display":"","ast-hfb-below-header-display":"","ast-hfb-mobile-header-display":"","site-post-title":"","ast-breadcrumbs-content":"","ast-featured-img":"","footer-sml-layout":"","ast-disable-related-posts":"","theme-transparent-header-meta":"default","adv-header-id-meta":"","stick-header-meta":"","header-above-stick-meta":"","header-main-stick-meta":"","header-below-stick-meta":"","astra-migrate-meta-layouts":"set","ast-page-background-enabled":"default","ast-page-background-meta":{"desktop":{"background-color":"var(--ast-global-color-4)","background-image":"","background-repeat":"repeat","background-position":"center center","background-size":"auto","background-attachment":"scroll","background-type":"","background-media":"","overlay-type":"","overlay-color":"","overlay-opacity":"","overlay-gradient":""},"tablet":{"background-color":"","background-image":"","background-repeat":"repeat","background-position":"center center","background-size":"auto","background-attachment":"scroll","background-type":"","background-media":"","overlay-type":"","overlay-color":"","overlay-opacity":"","overlay-gradient":""},"mobile":{"background-color":"","background-image":"","background-repeat":"repeat","background-position":"center center","background-size":"auto","background-attachment":"scroll","background-type":"","background-media":"","overlay-type":"","overlay-color":"","overlay-opacity":"","overlay-gradient":""}},"ast-content-background-meta":{"desktop":{"background-color":"var(--ast-global-color-5)","background-image":"","background-repeat":"repeat","background-position":"center center","background-size":"auto","background-attachment":"scroll","background-type":"","background-media":"","overlay-type":"","overlay-color":"","overlay-opacity":"","overlay-gradient":""},"tablet":{"background-color":"var(--ast-global-color-5)","background-image":"","background-repeat":"repeat","background-position":"center center","background-size":"auto","background-attachment":"scroll","background-type":"","background-media":"","overlay-type":"","overlay-color":"","overlay-opacity":"","overlay-gradient":""},"mobile":{"background-color":"var(--ast-global-color-5)","background-image":"","background-repeat":"repeat","background-position":"center center","background-size":"auto","background-attachment":"scroll","background-type":"","background-media":"","overlay-type":"","overlay-color":"","overlay-opacity":"","overlay-gradient":""}}},"product_brand":[180],"product_cat":[128,129,125],"product_tag":[177,179,178,166,167,170,164],"class_list":{"0":"post-2122","1":"product","2":"type-product","3":"status-publish","4":"has-post-thumbnail","6":"product_brand-phytoadvance","7":"product_cat-defenses","8":"product_cat-refredats","9":"product_cat-respiracio-coll","10":"product_tag-6-anys","11":"product_tag-sense-colorants-artificials","12":"product_tag-sense-conservants","13":"product_tag-sense-gluten","14":"product_tag-sense-lactosa","15":"product_tag-sense-sucre","16":"product_tag-vegan","17":"desktop-align-left","18":"tablet-align-left","19":"mobile-align-left","21":"first","22":"instock","23":"taxable","24":"shipping-taxable","25":"purchasable","26":"product-type-simple"},"yoast_head":"<!-- This site is optimized with the Yoast SEO plugin v27.5 - https:\/\/yoast.com\/product\/yoast-seo-wordpress\/ -->\n<title>Pastilles de Gingebre per al malestar de gola RELIEF - Herbolari Merc\u00e8 Protegeix les vies respirat\u00f2ries<\/title>\n<meta name=\"description\" content=\"&quot;Descobreix PhytoAdvance\u00ae Relief, un complement natural amb C\u00farcuma, Jengibre i Granada, dissenyat que protegeix les vies respirat\u00f2ries de manera natural i efica\u00e7, refor\u00e7ant el sistema immune. Ideal per a tota la fam\u00edlia a partir de 6 anys.\" \/>\n<meta name=\"robots\" content=\"index, follow, max-snippet:-1, max-image-preview:large, max-video-preview:-1\" \/>\n<link rel=\"canonical\" href=\"https:\/\/herboristeriamerce.com\/es\/herboristeria-online\/defenses-naturals\/respiracio-coll\/pastilles-de-gingebre-per-al-male-protegeix-les-vies-respiratories-de-manera-naturalstar-de-gola-relief\/\" \/>\n<meta property=\"og:locale\" content=\"es_ES\" \/>\n<meta property=\"og:type\" content=\"article\" \/>\n<meta property=\"og:title\" content=\"Pastilles de Gingebre per al malestar de gola RELIEF - Herbolari Merc\u00e8 Protegeix les vies respirat\u00f2ries\" \/>\n<meta property=\"og:description\" content=\"&quot;Descobreix PhytoAdvance\u00ae Relief, un complement natural amb C\u00farcuma, Jengibre i Granada, dissenyat que protegeix les vies respirat\u00f2ries de manera natural i efica\u00e7, refor\u00e7ant el sistema immune. Ideal per a tota la fam\u00edlia a partir de 6 anys.\" \/>\n<meta property=\"og:url\" content=\"https:\/\/herboristeriamerce.com\/es\/herboristeria-online\/defenses-naturals\/respiracio-coll\/pastilles-de-gingebre-per-al-male-protegeix-les-vies-respiratories-de-manera-naturalstar-de-gola-relief\/\" \/>\n<meta property=\"og:site_name\" content=\"Herbolari Merc\u00e8\" \/>\n<meta property=\"article:modified_time\" content=\"2025-07-25T15:25:28+00:00\" \/>\n<meta property=\"og:image\" content=\"https:\/\/herboristeriamerce.com\/wp-content\/uploads\/2025\/07\/relief_mainphoto_phytoadvance.png\" \/>\n\t<meta property=\"og:image:width\" content=\"900\" \/>\n\t<meta property=\"og:image:height\" content=\"770\" \/>\n\t<meta property=\"og:image:type\" content=\"image\/png\" \/>\n<meta name=\"twitter:card\" content=\"summary_large_image\" \/>\n<meta name=\"twitter:label1\" content=\"Tiempo de lectura\" \/>\n\t<meta name=\"twitter:data1\" content=\"2 minutos\" \/>\n<script type=\"application\/ld+json\" class=\"yoast-schema-graph\">{\"@context\":\"https:\\\/\\\/schema.org\",\"@graph\":[{\"@type\":\"WebPage\",\"@id\":\"https:\\\/\\\/herboristeriamerce.com\\\/herboristeria-online\\\/defenses-naturals\\\/respiracio-coll\\\/pastilles-de-gingebre-per-al-male-protegeix-les-vies-respiratories-de-manera-naturalstar-de-gola-relief\\\/\",\"url\":\"https:\\\/\\\/herboristeriamerce.com\\\/herboristeria-online\\\/defenses-naturals\\\/respiracio-coll\\\/pastilles-de-gingebre-per-al-male-protegeix-les-vies-respiratories-de-manera-naturalstar-de-gola-relief\\\/\",\"name\":\"Pastilles de Gingebre per al malestar de gola RELIEF - Herbolari Merc\u00e8 Protegeix les vies respirat\u00f2ries\",\"isPartOf\":{\"@id\":\"https:\\\/\\\/herboristeriamerce.com\\\/#website\"},\"primaryImageOfPage\":{\"@id\":\"https:\\\/\\\/herboristeriamerce.com\\\/herboristeria-online\\\/defenses-naturals\\\/respiracio-coll\\\/pastilles-de-gingebre-per-al-male-protegeix-les-vies-respiratories-de-manera-naturalstar-de-gola-relief\\\/#primaryimage\"},\"image\":{\"@id\":\"https:\\\/\\\/herboristeriamerce.com\\\/herboristeria-online\\\/defenses-naturals\\\/respiracio-coll\\\/pastilles-de-gingebre-per-al-male-protegeix-les-vies-respiratories-de-manera-naturalstar-de-gola-relief\\\/#primaryimage\"},\"thumbnailUrl\":\"https:\\\/\\\/herboristeriamerce.com\\\/wp-content\\\/uploads\\\/2025\\\/07\\\/relief_mainphoto_phytoadvance.png\",\"datePublished\":\"2025-07-25T15:24:17+00:00\",\"dateModified\":\"2025-07-25T15:25:28+00:00\",\"description\":\"\\\"Descobreix PhytoAdvance\u00ae Relief, un complement natural amb C\u00farcuma, Jengibre i Granada, dissenyat que protegeix les vies respirat\u00f2ries de manera natural i efica\u00e7, refor\u00e7ant el sistema immune. Ideal per a tota la fam\u00edlia a partir de 6 anys.\",\"breadcrumb\":{\"@id\":\"https:\\\/\\\/herboristeriamerce.com\\\/herboristeria-online\\\/defenses-naturals\\\/respiracio-coll\\\/pastilles-de-gingebre-per-al-male-protegeix-les-vies-respiratories-de-manera-naturalstar-de-gola-relief\\\/#breadcrumb\"},\"inLanguage\":\"es\",\"potentialAction\":[{\"@type\":\"ReadAction\",\"target\":[\"https:\\\/\\\/herboristeriamerce.com\\\/herboristeria-online\\\/defenses-naturals\\\/respiracio-coll\\\/pastilles-de-gingebre-per-al-male-protegeix-les-vies-respiratories-de-manera-naturalstar-de-gola-relief\\\/\"]}]},{\"@type\":\"ImageObject\",\"inLanguage\":\"es\",\"@id\":\"https:\\\/\\\/herboristeriamerce.com\\\/herboristeria-online\\\/defenses-naturals\\\/respiracio-coll\\\/pastilles-de-gingebre-per-al-male-protegeix-les-vies-respiratories-de-manera-naturalstar-de-gola-relief\\\/#primaryimage\",\"url\":\"https:\\\/\\\/herboristeriamerce.com\\\/wp-content\\\/uploads\\\/2025\\\/07\\\/relief_mainphoto_phytoadvance.png\",\"contentUrl\":\"https:\\\/\\\/herboristeriamerce.com\\\/wp-content\\\/uploads\\\/2025\\\/07\\\/relief_mainphoto_phytoadvance.png\",\"width\":900,\"height\":770},{\"@type\":\"BreadcrumbList\",\"@id\":\"https:\\\/\\\/herboristeriamerce.com\\\/herboristeria-online\\\/defenses-naturals\\\/respiracio-coll\\\/pastilles-de-gingebre-per-al-male-protegeix-les-vies-respiratories-de-manera-naturalstar-de-gola-relief\\\/#breadcrumb\",\"itemListElement\":[{\"@type\":\"ListItem\",\"position\":1,\"name\":\"Inici\",\"item\":\"https:\\\/\\\/herboristeriamerce.com\\\/\"},{\"@type\":\"ListItem\",\"position\":2,\"name\":\"Herboristeria online\",\"item\":\"https:\\\/\\\/herboristeriamerce.com\\\/herboristeria-online\\\/\"},{\"@type\":\"ListItem\",\"position\":3,\"name\":\"Pastilles de Gingebre per al malestar de gola RELIEF\"}]},{\"@type\":\"WebSite\",\"@id\":\"https:\\\/\\\/herboristeriamerce.com\\\/#website\",\"url\":\"https:\\\/\\\/herboristeriamerce.com\\\/\",\"name\":\"Herbolari Merc\u00e8\",\"description\":\"Herbolari a Terrassa\",\"publisher\":{\"@id\":\"https:\\\/\\\/herboristeriamerce.com\\\/#organization\"},\"potentialAction\":[{\"@type\":\"SearchAction\",\"target\":{\"@type\":\"EntryPoint\",\"urlTemplate\":\"https:\\\/\\\/herboristeriamerce.com\\\/?s={search_term_string}\"},\"query-input\":{\"@type\":\"PropertyValueSpecification\",\"valueRequired\":true,\"valueName\":\"search_term_string\"}}],\"inLanguage\":\"es\"},{\"@type\":\"Organization\",\"@id\":\"https:\\\/\\\/herboristeriamerce.com\\\/#organization\",\"name\":\"Herbolari Merc\u00e8\",\"url\":\"https:\\\/\\\/herboristeriamerce.com\\\/\",\"logo\":{\"@type\":\"ImageObject\",\"inLanguage\":\"es\",\"@id\":\"https:\\\/\\\/herboristeriamerce.com\\\/#\\\/schema\\\/logo\\\/image\\\/\",\"url\":\"https:\\\/\\\/herboristeriamerce.com\\\/wp-content\\\/uploads\\\/2025\\\/04\\\/cropped-logo-herboristeria-330x168-229w.webp\",\"contentUrl\":\"https:\\\/\\\/herboristeriamerce.com\\\/wp-content\\\/uploads\\\/2025\\\/04\\\/cropped-logo-herboristeria-330x168-229w.webp\",\"width\":230,\"height\":117,\"caption\":\"Herbolari Merc\u00e8\"},\"image\":{\"@id\":\"https:\\\/\\\/herboristeriamerce.com\\\/#\\\/schema\\\/logo\\\/image\\\/\"}}]}<\/script>\n<!-- \/ Yoast SEO plugin. -->","yoast_head_json":{"title":"Pastilles de Gingebre per al malestar de gola RELIEF - Herbolari Merc\u00e8 Protegeix les vies respirat\u00f2ries","description":"\"Descobreix PhytoAdvance\u00ae Relief, un complement natural amb C\u00farcuma, Jengibre i Granada, dissenyat que protegeix les vies respirat\u00f2ries de manera natural i efica\u00e7, refor\u00e7ant el sistema immune. Ideal per a tota la fam\u00edlia a partir de 6 anys.","robots":{"index":"index","follow":"follow","max-snippet":"max-snippet:-1","max-image-preview":"max-image-preview:large","max-video-preview":"max-video-preview:-1"},"canonical":"https:\/\/herboristeriamerce.com\/es\/herboristeria-online\/defenses-naturals\/respiracio-coll\/pastilles-de-gingebre-per-al-male-protegeix-les-vies-respiratories-de-manera-naturalstar-de-gola-relief\/","og_locale":"es_ES","og_type":"article","og_title":"Pastilles de Gingebre per al malestar de gola RELIEF - Herbolari Merc\u00e8 Protegeix les vies respirat\u00f2ries","og_description":"\"Descobreix PhytoAdvance\u00ae Relief, un complement natural amb C\u00farcuma, Jengibre i Granada, dissenyat que protegeix les vies respirat\u00f2ries de manera natural i efica\u00e7, refor\u00e7ant el sistema immune. Ideal per a tota la fam\u00edlia a partir de 6 anys.","og_url":"https:\/\/herboristeriamerce.com\/es\/herboristeria-online\/defenses-naturals\/respiracio-coll\/pastilles-de-gingebre-per-al-male-protegeix-les-vies-respiratories-de-manera-naturalstar-de-gola-relief\/","og_site_name":"Herbolari Merc\u00e8","article_modified_time":"2025-07-25T15:25:28+00:00","og_image":[{"width":900,"height":770,"url":"https:\/\/herboristeriamerce.com\/wp-content\/uploads\/2025\/07\/relief_mainphoto_phytoadvance.png","type":"image\/png"}],"twitter_card":"summary_large_image","twitter_misc":{"Tiempo de lectura":"2 minutos"},"schema":{"@context":"https:\/\/schema.org","@graph":[{"@type":"WebPage","@id":"https:\/\/herboristeriamerce.com\/herboristeria-online\/defenses-naturals\/respiracio-coll\/pastilles-de-gingebre-per-al-male-protegeix-les-vies-respiratories-de-manera-naturalstar-de-gola-relief\/","url":"https:\/\/herboristeriamerce.com\/herboristeria-online\/defenses-naturals\/respiracio-coll\/pastilles-de-gingebre-per-al-male-protegeix-les-vies-respiratories-de-manera-naturalstar-de-gola-relief\/","name":"Pastilles de Gingebre per al malestar de gola RELIEF - Herbolari Merc\u00e8 Protegeix les vies respirat\u00f2ries","isPartOf":{"@id":"https:\/\/herboristeriamerce.com\/#website"},"primaryImageOfPage":{"@id":"https:\/\/herboristeriamerce.com\/herboristeria-online\/defenses-naturals\/respiracio-coll\/pastilles-de-gingebre-per-al-male-protegeix-les-vies-respiratories-de-manera-naturalstar-de-gola-relief\/#primaryimage"},"image":{"@id":"https:\/\/herboristeriamerce.com\/herboristeria-online\/defenses-naturals\/respiracio-coll\/pastilles-de-gingebre-per-al-male-protegeix-les-vies-respiratories-de-manera-naturalstar-de-gola-relief\/#primaryimage"},"thumbnailUrl":"https:\/\/herboristeriamerce.com\/wp-content\/uploads\/2025\/07\/relief_mainphoto_phytoadvance.png","datePublished":"2025-07-25T15:24:17+00:00","dateModified":"2025-07-25T15:25:28+00:00","description":"\"Descobreix PhytoAdvance\u00ae Relief, un complement natural amb C\u00farcuma, Jengibre i Granada, dissenyat que protegeix les vies respirat\u00f2ries de manera natural i efica\u00e7, refor\u00e7ant el sistema immune. Ideal per a tota la fam\u00edlia a partir de 6 anys.","breadcrumb":{"@id":"https:\/\/herboristeriamerce.com\/herboristeria-online\/defenses-naturals\/respiracio-coll\/pastilles-de-gingebre-per-al-male-protegeix-les-vies-respiratories-de-manera-naturalstar-de-gola-relief\/#breadcrumb"},"inLanguage":"es","potentialAction":[{"@type":"ReadAction","target":["https:\/\/herboristeriamerce.com\/herboristeria-online\/defenses-naturals\/respiracio-coll\/pastilles-de-gingebre-per-al-male-protegeix-les-vies-respiratories-de-manera-naturalstar-de-gola-relief\/"]}]},{"@type":"ImageObject","inLanguage":"es","@id":"https:\/\/herboristeriamerce.com\/herboristeria-online\/defenses-naturals\/respiracio-coll\/pastilles-de-gingebre-per-al-male-protegeix-les-vies-respiratories-de-manera-naturalstar-de-gola-relief\/#primaryimage","url":"https:\/\/herboristeriamerce.com\/wp-content\/uploads\/2025\/07\/relief_mainphoto_phytoadvance.png","contentUrl":"https:\/\/herboristeriamerce.com\/wp-content\/uploads\/2025\/07\/relief_mainphoto_phytoadvance.png","width":900,"height":770},{"@type":"BreadcrumbList","@id":"https:\/\/herboristeriamerce.com\/herboristeria-online\/defenses-naturals\/respiracio-coll\/pastilles-de-gingebre-per-al-male-protegeix-les-vies-respiratories-de-manera-naturalstar-de-gola-relief\/#breadcrumb","itemListElement":[{"@type":"ListItem","position":1,"name":"Inici","item":"https:\/\/herboristeriamerce.com\/"},{"@type":"ListItem","position":2,"name":"Herboristeria online","item":"https:\/\/herboristeriamerce.com\/herboristeria-online\/"},{"@type":"ListItem","position":3,"name":"Pastilles de Gingebre per al malestar de gola RELIEF"}]},{"@type":"WebSite","@id":"https:\/\/herboristeriamerce.com\/#website","url":"https:\/\/herboristeriamerce.com\/","name":"Herbolari Merc\u00e8","description":"Herbolari a Terrassa","publisher":{"@id":"https:\/\/herboristeriamerce.com\/#organization"},"potentialAction":[{"@type":"SearchAction","target":{"@type":"EntryPoint","urlTemplate":"https:\/\/herboristeriamerce.com\/?s={search_term_string}"},"query-input":{"@type":"PropertyValueSpecification","valueRequired":true,"valueName":"search_term_string"}}],"inLanguage":"es"},{"@type":"Organization","@id":"https:\/\/herboristeriamerce.com\/#organization","name":"Herbolari Merc\u00e8","url":"https:\/\/herboristeriamerce.com\/","logo":{"@type":"ImageObject","inLanguage":"es","@id":"https:\/\/herboristeriamerce.com\/#\/schema\/logo\/image\/","url":"https:\/\/herboristeriamerce.com\/wp-content\/uploads\/2025\/04\/cropped-logo-herboristeria-330x168-229w.webp","contentUrl":"https:\/\/herboristeriamerce.com\/wp-content\/uploads\/2025\/04\/cropped-logo-herboristeria-330x168-229w.webp","width":230,"height":117,"caption":"Herbolari Merc\u00e8"},"image":{"@id":"https:\/\/herboristeriamerce.com\/#\/schema\/logo\/image\/"}}]}},"_links":{"self":[{"href":"https:\/\/herboristeriamerce.com\/es\/wp-json\/wp\/v2\/product\/2122","targetHints":{"allow":["GET"]}}],"collection":[{"href":"https:\/\/herboristeriamerce.com\/es\/wp-json\/wp\/v2\/product"}],"about":[{"href":"https:\/\/herboristeriamerce.com\/es\/wp-json\/wp\/v2\/types\/product"}],"replies":[{"embeddable":true,"href":"https:\/\/herboristeriamerce.com\/es\/wp-json\/wp\/v2\/comments?post=2122"}],"wp:featuredmedia":[{"embeddable":true,"href":"https:\/\/herboristeriamerce.com\/es\/wp-json\/wp\/v2\/media\/2123"}],"wp:attachment":[{"href":"https:\/\/herboristeriamerce.com\/es\/wp-json\/wp\/v2\/media?parent=2122"}],"wp:term":[{"taxonomy":"product_brand","embeddable":true,"href":"https:\/\/herboristeriamerce.com\/es\/wp-json\/wp\/v2\/product_brand?post=2122"},{"taxonomy":"product_cat","embeddable":true,"href":"https:\/\/herboristeriamerce.com\/es\/wp-json\/wp\/v2\/product_cat?post=2122"},{"taxonomy":"product_tag","embeddable":true,"href":"https:\/\/herboristeriamerce.com\/es\/wp-json\/wp\/v2\/product_tag?post=2122"}],"curies":[{"name":"wp","href":"https:\/\/api.w.org\/{rel}","templated":true}]}}