{"id":2091,"date":"2025-07-03T09:09:29","date_gmt":"2025-07-03T09:09:29","guid":{"rendered":"https:\/\/herboristeriamerce.com\/?post_type=product&#038;p=2091"},"modified":"2025-09-18T15:59:05","modified_gmt":"2025-09-18T15:59:05","slug":"pasta-de-dents-menta","status":"publish","type":"product","link":"https:\/\/herboristeriamerce.com\/es\/herboristeria-online\/cos-i-cara\/bucal\/pasta-de-dents-menta\/","title":{"rendered":"Pasta de dents Menta"},"content":{"rendered":"<h3 data-start=\"274\" data-end=\"348\">La primera pasta de dents sense residus que realment fa escuma \u2013 185\u202fg<\/h3>\n<p data-start=\"350\" data-end=\"678\">Descobreix una nova manera de cuidar la teva higiene bucal amb la primera pasta de dents sense residus del mercat que realment fa escuma. A difer\u00e8ncia de moltes opcions convencionals, aquesta pasta ofereix una experi\u00e8ncia sensorial completa gr\u00e0cies a la seva textura cremosa i agradable, que et sorprendr\u00e0 des del primer \u00fas.<\/p>\n<p data-start=\"680\" data-end=\"1245\">A m\u00e9s, ha estat formulada amb ingredients naturals i org\u00e0nics certificat<strong data-start=\"710\" data-end=\"757\">s<\/strong>, la qual cosa la converteix en una elecci\u00f3 ideal per a aquells que volen tenir cura de la seva salut <strong data-start=\"859\" data-end=\"864\">i<\/strong>, al mateix temps, reduir la seva petjada ecol\u00f2gica. Concretament, el <strong data-start=\"934\" data-end=\"955\">carbonat de calci<\/strong> actua com a agent netejador suau, eliminant la placa dental sense danyar l\u2019esmalt. Alhora, l\u2019agent escumant natural proporciona una lleugera per\u00f2 satisfact\u00f2ria escuma que ajuda a millorar la sensaci\u00f3 de neteja. Finalment, l\u2019<strong data-start=\"1184\" data-end=\"1210\">oli essencial de menta<\/strong> refresca l\u2019al\u00e8 de manera duradora.<\/p>\n<p data-start=\"1247\" data-end=\"1396\">Per si aix\u00f2 no fos suficient, aquesta pasta de dents no cont\u00e9 fluor, oferint aix\u00ed una alternativa segura, natural i efica\u00e7 per a tota la fam\u00edlia.<\/p>\n<h3 data-start=\"1398\" data-end=\"1423\">Beneficis principals:<\/h3>\n<p data-start=\"1426\" data-end=\"1524\">En primer lloc, el seu format <strong data-start=\"1456\" data-end=\"1471\">residu zero<\/strong> amb env\u00e0s reutilitzable redueix l\u2019impacte ambiental.<\/p>\n<ul data-start=\"1424\" data-end=\"1835\">\n<li data-start=\"1525\" data-end=\"1603\">\n<p data-start=\"1527\" data-end=\"1603\">En segon lloc, la seva textura cremosa facilita una aplicaci\u00f3 agradable.<\/p>\n<\/li>\n<li data-start=\"1604\" data-end=\"1684\">\n<p data-start=\"1606\" data-end=\"1684\">A m\u00e9s, proporciona una neteja efica\u00e7 amb una sensaci\u00f3 de frescor duradora.<\/p>\n<\/li>\n<li data-start=\"1685\" data-end=\"1759\">\n<p data-start=\"1687\" data-end=\"1759\">Inclou una esp\u00e0tula de fusta per a una aplicaci\u00f3 c\u00f2moda i higi\u00e8nica.<\/p>\n<\/li>\n<li data-start=\"1760\" data-end=\"1835\">\n<p data-start=\"1762\" data-end=\"1835\">Finalment, la seva durada mitjana de 2 a 3 mesos la fa molt rendible.<\/p>\n<\/li>\n<\/ul>\n<p data-start=\"1837\" data-end=\"2072\">Amb una capacitat de 185 g, \u00e9s la nostra pasta de dents org\u00e0nica m\u00e9s venuda, i s\u2019ha convertit en el substitut perfecte de les pastes de dents tradicionals en tub. Un cop la provis, \u00e9s molt probable que no vulguis tornar enrere.<\/p>\n<h3 data-start=\"2074\" data-end=\"2104\">Fes el canvi avui mateix<\/h3>\n<p data-start=\"2105\" data-end=\"2355\">Per tant, si vols cuidar-te millor <strong data-start=\"2140\" data-end=\"2145\">i<\/strong>, alhora, protegir el planeta, aquesta \u00e9s la millor elecci\u00f3. Opta per una higiene bucal responsable amb una f\u00f3rmula que respecta tant el teu cos com el medi ambient. La teva boca i el planeta t\u2019ho agrairan.<\/p>","protected":false},"excerpt":{"rendered":"<p>La primera pasta de dents sense residus que realment fa escuma \u2013 185\u202fg Descobreix una nova manera de cuidar la [&hellip;]<\/p>","protected":false},"featured_media":1147,"comment_status":"open","ping_status":"closed","template":"","meta":{"site-sidebar-layout":"default","site-content-layout":"","ast-site-content-layout":"default","site-content-style":"default","site-sidebar-style":"default","ast-global-header-display":"","ast-banner-title-visibility":"","ast-main-header-display":"","ast-hfb-above-header-display":"","ast-hfb-below-header-display":"","ast-hfb-mobile-header-display":"","site-post-title":"","ast-breadcrumbs-content":"","ast-featured-img":"","footer-sml-layout":"","ast-disable-related-posts":"","theme-transparent-header-meta":"default","adv-header-id-meta":"","stick-header-meta":"","header-above-stick-meta":"","header-main-stick-meta":"","header-below-stick-meta":"","astra-migrate-meta-layouts":"set","ast-page-background-enabled":"default","ast-page-background-meta":{"desktop":{"background-color":"var(--ast-global-color-4)","background-image":"","background-repeat":"repeat","background-position":"center center","background-size":"auto","background-attachment":"scroll","background-type":"","background-media":"","overlay-type":"","overlay-color":"","overlay-opacity":"","overlay-gradient":""},"tablet":{"background-color":"","background-image":"","background-repeat":"repeat","background-position":"center center","background-size":"auto","background-attachment":"scroll","background-type":"","background-media":"","overlay-type":"","overlay-color":"","overlay-opacity":"","overlay-gradient":""},"mobile":{"background-color":"","background-image":"","background-repeat":"repeat","background-position":"center center","background-size":"auto","background-attachment":"scroll","background-type":"","background-media":"","overlay-type":"","overlay-color":"","overlay-opacity":"","overlay-gradient":""}},"ast-content-background-meta":{"desktop":{"background-color":"var(--ast-global-color-5)","background-image":"","background-repeat":"repeat","background-position":"center center","background-size":"auto","background-attachment":"scroll","background-type":"","background-media":"","overlay-type":"","overlay-color":"","overlay-opacity":"","overlay-gradient":""},"tablet":{"background-color":"var(--ast-global-color-5)","background-image":"","background-repeat":"repeat","background-position":"center center","background-size":"auto","background-attachment":"scroll","background-type":"","background-media":"","overlay-type":"","overlay-color":"","overlay-opacity":"","overlay-gradient":""},"mobile":{"background-color":"var(--ast-global-color-5)","background-image":"","background-repeat":"repeat","background-position":"center center","background-size":"auto","background-attachment":"scroll","background-type":"","background-media":"","overlay-type":"","overlay-color":"","overlay-opacity":"","overlay-gradient":""}}},"product_brand":[58],"product_cat":[89,42],"product_tag":[155,188,164],"class_list":{"0":"post-2091","1":"product","2":"type-product","3":"status-publish","4":"has-post-thumbnail","6":"product_brand-endro","7":"product_cat-bucal","8":"product_cat-cos-i-cara","9":"product_tag-bio","10":"product_tag-cruelty-free","11":"product_tag-vegan","12":"desktop-align-left","13":"tablet-align-left","14":"mobile-align-left","16":"first","17":"instock","18":"taxable","19":"shipping-taxable","20":"purchasable","21":"product-type-simple"},"yoast_head":"<!-- This site is optimized with the Yoast SEO plugin v27.5 - https:\/\/yoast.com\/product\/yoast-seo-wordpress\/ -->\n<title>Pasta de dents Menta - Herbolari Merc\u00e8 Pasta de dents sense residus que fa escuma<\/title>\n<meta name=\"description\" content=\"Descobreix la pasta de dents sense residus que fa escuma. Natural, sense fluor i amb textura cremosa per una higiene bucal fresca i sostenible.\" \/>\n<meta name=\"robots\" content=\"index, follow, max-snippet:-1, max-image-preview:large, max-video-preview:-1\" \/>\n<link rel=\"canonical\" href=\"https:\/\/herboristeriamerce.com\/es\/herboristeria-online\/cos-i-cara\/bucal\/pasta-de-dents-menta\/\" \/>\n<meta property=\"og:locale\" content=\"es_ES\" \/>\n<meta property=\"og:type\" content=\"article\" \/>\n<meta property=\"og:title\" content=\"Pasta de dents Menta - Herbolari Merc\u00e8 Pasta de dents sense residus que fa escuma\" \/>\n<meta property=\"og:description\" content=\"Descobreix la pasta de dents sense residus que fa escuma. Natural, sense fluor i amb textura cremosa per una higiene bucal fresca i sostenible.\" \/>\n<meta property=\"og:url\" content=\"https:\/\/herboristeriamerce.com\/es\/herboristeria-online\/cos-i-cara\/bucal\/pasta-de-dents-menta\/\" \/>\n<meta property=\"og:site_name\" content=\"Herbolari Merc\u00e8\" \/>\n<meta property=\"article:modified_time\" content=\"2025-09-18T15:59:05+00:00\" \/>\n<meta property=\"og:image\" content=\"https:\/\/herboristeriamerce.com\/wp-content\/uploads\/2025\/05\/dentifrice-menthe-en-pate-endro-cosmetiques-dentifrice-607879.webp\" \/>\n\t<meta property=\"og:image:width\" content=\"952\" \/>\n\t<meta property=\"og:image:height\" content=\"952\" \/>\n\t<meta property=\"og:image:type\" content=\"image\/webp\" \/>\n<meta name=\"twitter:card\" content=\"summary_large_image\" \/>\n<meta name=\"twitter:label1\" content=\"Tiempo de lectura\" \/>\n\t<meta name=\"twitter:data1\" content=\"3 minutos\" \/>\n<script type=\"application\/ld+json\" class=\"yoast-schema-graph\">{\"@context\":\"https:\\\/\\\/schema.org\",\"@graph\":[{\"@type\":\"WebPage\",\"@id\":\"https:\\\/\\\/herboristeriamerce.com\\\/herboristeria-online\\\/cos-i-cara\\\/bucal\\\/pasta-de-dents-menta\\\/\",\"url\":\"https:\\\/\\\/herboristeriamerce.com\\\/herboristeria-online\\\/cos-i-cara\\\/bucal\\\/pasta-de-dents-menta\\\/\",\"name\":\"Pasta de dents Menta - Herbolari Merc\u00e8 Pasta de dents sense residus que fa escuma\",\"isPartOf\":{\"@id\":\"https:\\\/\\\/herboristeriamerce.com\\\/#website\"},\"primaryImageOfPage\":{\"@id\":\"https:\\\/\\\/herboristeriamerce.com\\\/herboristeria-online\\\/cos-i-cara\\\/bucal\\\/pasta-de-dents-menta\\\/#primaryimage\"},\"image\":{\"@id\":\"https:\\\/\\\/herboristeriamerce.com\\\/herboristeria-online\\\/cos-i-cara\\\/bucal\\\/pasta-de-dents-menta\\\/#primaryimage\"},\"thumbnailUrl\":\"https:\\\/\\\/herboristeriamerce.com\\\/wp-content\\\/uploads\\\/2025\\\/05\\\/dentifrice-menthe-en-pate-endro-cosmetiques-dentifrice-607879.webp\",\"datePublished\":\"2025-07-03T09:09:29+00:00\",\"dateModified\":\"2025-09-18T15:59:05+00:00\",\"description\":\"Descobreix la pasta de dents sense residus que fa escuma. Natural, sense fluor i amb textura cremosa per una higiene bucal fresca i sostenible.\",\"breadcrumb\":{\"@id\":\"https:\\\/\\\/herboristeriamerce.com\\\/herboristeria-online\\\/cos-i-cara\\\/bucal\\\/pasta-de-dents-menta\\\/#breadcrumb\"},\"inLanguage\":\"es\",\"potentialAction\":[{\"@type\":\"ReadAction\",\"target\":[\"https:\\\/\\\/herboristeriamerce.com\\\/herboristeria-online\\\/cos-i-cara\\\/bucal\\\/pasta-de-dents-menta\\\/\"]}]},{\"@type\":\"ImageObject\",\"inLanguage\":\"es\",\"@id\":\"https:\\\/\\\/herboristeriamerce.com\\\/herboristeria-online\\\/cos-i-cara\\\/bucal\\\/pasta-de-dents-menta\\\/#primaryimage\",\"url\":\"https:\\\/\\\/herboristeriamerce.com\\\/wp-content\\\/uploads\\\/2025\\\/05\\\/dentifrice-menthe-en-pate-endro-cosmetiques-dentifrice-607879.webp\",\"contentUrl\":\"https:\\\/\\\/herboristeriamerce.com\\\/wp-content\\\/uploads\\\/2025\\\/05\\\/dentifrice-menthe-en-pate-endro-cosmetiques-dentifrice-607879.webp\",\"width\":952,\"height\":952},{\"@type\":\"BreadcrumbList\",\"@id\":\"https:\\\/\\\/herboristeriamerce.com\\\/herboristeria-online\\\/cos-i-cara\\\/bucal\\\/pasta-de-dents-menta\\\/#breadcrumb\",\"itemListElement\":[{\"@type\":\"ListItem\",\"position\":1,\"name\":\"Inici\",\"item\":\"https:\\\/\\\/herboristeriamerce.com\\\/\"},{\"@type\":\"ListItem\",\"position\":2,\"name\":\"Herboristeria online\",\"item\":\"https:\\\/\\\/herboristeriamerce.com\\\/herboristeria-online\\\/\"},{\"@type\":\"ListItem\",\"position\":3,\"name\":\"Pasta de dents Menta\"}]},{\"@type\":\"WebSite\",\"@id\":\"https:\\\/\\\/herboristeriamerce.com\\\/#website\",\"url\":\"https:\\\/\\\/herboristeriamerce.com\\\/\",\"name\":\"Herbolari Merc\u00e8\",\"description\":\"Herbolari a Terrassa\",\"publisher\":{\"@id\":\"https:\\\/\\\/herboristeriamerce.com\\\/#organization\"},\"potentialAction\":[{\"@type\":\"SearchAction\",\"target\":{\"@type\":\"EntryPoint\",\"urlTemplate\":\"https:\\\/\\\/herboristeriamerce.com\\\/?s={search_term_string}\"},\"query-input\":{\"@type\":\"PropertyValueSpecification\",\"valueRequired\":true,\"valueName\":\"search_term_string\"}}],\"inLanguage\":\"es\"},{\"@type\":\"Organization\",\"@id\":\"https:\\\/\\\/herboristeriamerce.com\\\/#organization\",\"name\":\"Herbolari Merc\u00e8\",\"url\":\"https:\\\/\\\/herboristeriamerce.com\\\/\",\"logo\":{\"@type\":\"ImageObject\",\"inLanguage\":\"es\",\"@id\":\"https:\\\/\\\/herboristeriamerce.com\\\/#\\\/schema\\\/logo\\\/image\\\/\",\"url\":\"https:\\\/\\\/herboristeriamerce.com\\\/wp-content\\\/uploads\\\/2025\\\/04\\\/cropped-logo-herboristeria-330x168-229w.webp\",\"contentUrl\":\"https:\\\/\\\/herboristeriamerce.com\\\/wp-content\\\/uploads\\\/2025\\\/04\\\/cropped-logo-herboristeria-330x168-229w.webp\",\"width\":230,\"height\":117,\"caption\":\"Herbolari Merc\u00e8\"},\"image\":{\"@id\":\"https:\\\/\\\/herboristeriamerce.com\\\/#\\\/schema\\\/logo\\\/image\\\/\"}}]}<\/script>\n<!-- \/ Yoast SEO plugin. -->","yoast_head_json":{"title":"Pasta de dents Menta - Herbolari Merc\u00e8 Pasta de dents sense residus que fa escuma","description":"Descobreix la pasta de dents sense residus que fa escuma. Natural, sense fluor i amb textura cremosa per una higiene bucal fresca i sostenible.","robots":{"index":"index","follow":"follow","max-snippet":"max-snippet:-1","max-image-preview":"max-image-preview:large","max-video-preview":"max-video-preview:-1"},"canonical":"https:\/\/herboristeriamerce.com\/es\/herboristeria-online\/cos-i-cara\/bucal\/pasta-de-dents-menta\/","og_locale":"es_ES","og_type":"article","og_title":"Pasta de dents Menta - Herbolari Merc\u00e8 Pasta de dents sense residus que fa escuma","og_description":"Descobreix la pasta de dents sense residus que fa escuma. Natural, sense fluor i amb textura cremosa per una higiene bucal fresca i sostenible.","og_url":"https:\/\/herboristeriamerce.com\/es\/herboristeria-online\/cos-i-cara\/bucal\/pasta-de-dents-menta\/","og_site_name":"Herbolari Merc\u00e8","article_modified_time":"2025-09-18T15:59:05+00:00","og_image":[{"width":952,"height":952,"url":"https:\/\/herboristeriamerce.com\/wp-content\/uploads\/2025\/05\/dentifrice-menthe-en-pate-endro-cosmetiques-dentifrice-607879.webp","type":"image\/webp"}],"twitter_card":"summary_large_image","twitter_misc":{"Tiempo de lectura":"3 minutos"},"schema":{"@context":"https:\/\/schema.org","@graph":[{"@type":"WebPage","@id":"https:\/\/herboristeriamerce.com\/herboristeria-online\/cos-i-cara\/bucal\/pasta-de-dents-menta\/","url":"https:\/\/herboristeriamerce.com\/herboristeria-online\/cos-i-cara\/bucal\/pasta-de-dents-menta\/","name":"Pasta de dents Menta - Herbolari Merc\u00e8 Pasta de dents sense residus que fa escuma","isPartOf":{"@id":"https:\/\/herboristeriamerce.com\/#website"},"primaryImageOfPage":{"@id":"https:\/\/herboristeriamerce.com\/herboristeria-online\/cos-i-cara\/bucal\/pasta-de-dents-menta\/#primaryimage"},"image":{"@id":"https:\/\/herboristeriamerce.com\/herboristeria-online\/cos-i-cara\/bucal\/pasta-de-dents-menta\/#primaryimage"},"thumbnailUrl":"https:\/\/herboristeriamerce.com\/wp-content\/uploads\/2025\/05\/dentifrice-menthe-en-pate-endro-cosmetiques-dentifrice-607879.webp","datePublished":"2025-07-03T09:09:29+00:00","dateModified":"2025-09-18T15:59:05+00:00","description":"Descobreix la pasta de dents sense residus que fa escuma. Natural, sense fluor i amb textura cremosa per una higiene bucal fresca i sostenible.","breadcrumb":{"@id":"https:\/\/herboristeriamerce.com\/herboristeria-online\/cos-i-cara\/bucal\/pasta-de-dents-menta\/#breadcrumb"},"inLanguage":"es","potentialAction":[{"@type":"ReadAction","target":["https:\/\/herboristeriamerce.com\/herboristeria-online\/cos-i-cara\/bucal\/pasta-de-dents-menta\/"]}]},{"@type":"ImageObject","inLanguage":"es","@id":"https:\/\/herboristeriamerce.com\/herboristeria-online\/cos-i-cara\/bucal\/pasta-de-dents-menta\/#primaryimage","url":"https:\/\/herboristeriamerce.com\/wp-content\/uploads\/2025\/05\/dentifrice-menthe-en-pate-endro-cosmetiques-dentifrice-607879.webp","contentUrl":"https:\/\/herboristeriamerce.com\/wp-content\/uploads\/2025\/05\/dentifrice-menthe-en-pate-endro-cosmetiques-dentifrice-607879.webp","width":952,"height":952},{"@type":"BreadcrumbList","@id":"https:\/\/herboristeriamerce.com\/herboristeria-online\/cos-i-cara\/bucal\/pasta-de-dents-menta\/#breadcrumb","itemListElement":[{"@type":"ListItem","position":1,"name":"Inici","item":"https:\/\/herboristeriamerce.com\/"},{"@type":"ListItem","position":2,"name":"Herboristeria online","item":"https:\/\/herboristeriamerce.com\/herboristeria-online\/"},{"@type":"ListItem","position":3,"name":"Pasta de dents Menta"}]},{"@type":"WebSite","@id":"https:\/\/herboristeriamerce.com\/#website","url":"https:\/\/herboristeriamerce.com\/","name":"Herbolari Merc\u00e8","description":"Herbolari a Terrassa","publisher":{"@id":"https:\/\/herboristeriamerce.com\/#organization"},"potentialAction":[{"@type":"SearchAction","target":{"@type":"EntryPoint","urlTemplate":"https:\/\/herboristeriamerce.com\/?s={search_term_string}"},"query-input":{"@type":"PropertyValueSpecification","valueRequired":true,"valueName":"search_term_string"}}],"inLanguage":"es"},{"@type":"Organization","@id":"https:\/\/herboristeriamerce.com\/#organization","name":"Herbolari Merc\u00e8","url":"https:\/\/herboristeriamerce.com\/","logo":{"@type":"ImageObject","inLanguage":"es","@id":"https:\/\/herboristeriamerce.com\/#\/schema\/logo\/image\/","url":"https:\/\/herboristeriamerce.com\/wp-content\/uploads\/2025\/04\/cropped-logo-herboristeria-330x168-229w.webp","contentUrl":"https:\/\/herboristeriamerce.com\/wp-content\/uploads\/2025\/04\/cropped-logo-herboristeria-330x168-229w.webp","width":230,"height":117,"caption":"Herbolari Merc\u00e8"},"image":{"@id":"https:\/\/herboristeriamerce.com\/#\/schema\/logo\/image\/"}}]}},"_links":{"self":[{"href":"https:\/\/herboristeriamerce.com\/es\/wp-json\/wp\/v2\/product\/2091","targetHints":{"allow":["GET"]}}],"collection":[{"href":"https:\/\/herboristeriamerce.com\/es\/wp-json\/wp\/v2\/product"}],"about":[{"href":"https:\/\/herboristeriamerce.com\/es\/wp-json\/wp\/v2\/types\/product"}],"replies":[{"embeddable":true,"href":"https:\/\/herboristeriamerce.com\/es\/wp-json\/wp\/v2\/comments?post=2091"}],"wp:featuredmedia":[{"embeddable":true,"href":"https:\/\/herboristeriamerce.com\/es\/wp-json\/wp\/v2\/media\/1147"}],"wp:attachment":[{"href":"https:\/\/herboristeriamerce.com\/es\/wp-json\/wp\/v2\/media?parent=2091"}],"wp:term":[{"taxonomy":"product_brand","embeddable":true,"href":"https:\/\/herboristeriamerce.com\/es\/wp-json\/wp\/v2\/product_brand?post=2091"},{"taxonomy":"product_cat","embeddable":true,"href":"https:\/\/herboristeriamerce.com\/es\/wp-json\/wp\/v2\/product_cat?post=2091"},{"taxonomy":"product_tag","embeddable":true,"href":"https:\/\/herboristeriamerce.com\/es\/wp-json\/wp\/v2\/product_tag?post=2091"}],"curies":[{"name":"wp","href":"https:\/\/api.w.org\/{rel}","templated":true}]}}