{"id":2072,"date":"2025-06-11T17:37:48","date_gmt":"2025-06-11T17:37:48","guid":{"rendered":"https:\/\/herboristeriamerce.com\/?post_type=product&#038;p=2072"},"modified":"2025-09-18T15:59:26","modified_gmt":"2025-09-18T15:59:26","slug":"bossa-per-a-la-pastilla-de-sabo","status":"publish","type":"product","link":"https:\/\/herboristeriamerce.com\/es\/herboristeria-online\/cos-i-cara\/accessoris-bany\/bossa-per-a-la-pastilla-de-sabo\/","title":{"rendered":"Bossa per a la pastilla de sab\u00f3"},"content":{"rendered":"<h3 data-start=\"178\" data-end=\"239\">Bossa de sab\u00f3 de nil\u00f3 \u2013 Pr\u00e0ctica, eficient i estalviadora<\/h3>\n<p data-start=\"241\" data-end=\"515\">La bossa de sab\u00f3 de nil\u00f3 \u00e9s un accessori senzill per\u00f2 essencial per treure el m\u00e0xim profit de les teves pastilles de sab\u00f3. A difer\u00e8ncia de deixar el sab\u00f3 sol al prestatge de la dutxa, aquesta bossa t\u2019ofereix una manera molt m\u00e9s pr\u00e0ctica, neta i econ\u00f2mica d\u2019utilitzar-lo.<\/p>\n<p data-start=\"517\" data-end=\"776\">D\u2019entrada, la seva superf\u00edcie lleugerament rugosa et permet agafar la pastilla amb m\u00e9s facilitat, evitant relliscades habituals durant la dutxa. Aix\u00f2 no nom\u00e9s fa que l\u2019experi\u00e8ncia sigui m\u00e9s c\u00f2moda, sin\u00f3 que tamb\u00e9 ajuda a aprofitar millor cada \u00fas del sab\u00f3.<\/p>\n<p data-start=\"778\" data-end=\"1065\">A m\u00e9s, un cop acabes, nom\u00e9s has de deixar la bossa penjant. Gr\u00e0cies al seu disseny, el sab\u00f3 s\u2019asseca r\u00e0pidament entre usos, fet que n\u2019allarga la durada considerablement. Aix\u00ed, no nom\u00e9s estalvies diners, sin\u00f3 que tamb\u00e9 redueixes la necessitat de comprar sab\u00f3 amb tanta freq\u00fc\u00e8ncia.<\/p>\n<p data-start=\"1067\" data-end=\"1399\">Per\u00f2 aix\u00f2 no \u00e9s tot<strong data-start=\"1067\" data-end=\"1091\">.<\/strong> Una de les grans avantatges d\u2019aquesta bossa \u00e9s que pots reutilitzar fins al darrer trosset de sab\u00f3. Simplement, introdueix-hi els fragments petits que sovint es fan dif\u00edcils d\u2019utilitzar per separat. D\u2019aquesta manera, et garanteixes d\u2019usar el 100% del producte, evitant qualsevol mena de desaprofitament.<\/p>\n<p data-start=\"1401\" data-end=\"1574\">Aix\u00ed doncs, la bossa de sab\u00f3 de nil\u00f3 \u00e9s perfecta tant per a un \u00fas diari com per a portar de viatge. \u00c9s lleugera, pr\u00e0ctica i compatible amb qualsevol tipus de sab\u00f3 s\u00f2lid.<\/p>\n<p data-start=\"1576\" data-end=\"1806\">En resum, si vols una soluci\u00f3 intel\u00b7ligent, sostenible i c\u00f2moda per utilitzar les teves pastilles de sab\u00f3, aquesta bossa \u00e9s per a tu. Fes el pas cap a una higiene m\u00e9s eficient i conscient amb un petit gest que marca la difer\u00e8ncia.<\/p>","protected":false},"excerpt":{"rendered":"<pre id=\"tw-target-text\" class=\"tw-data-text tw-text-large tw-ta\" dir=\"ltr\" data-placeholder=\"Traducci\u00f3\" data-ved=\"2ahUKEwj0zKXL8-mNAxXDg_0HHWoFB-oQ3ewLegQICRAV\" aria-label=\"Text tradu\u00eft: Bossa de nil\u00f3 per a la pastilla de sab\u00f3\"><span class=\"Y2IQFc\" lang=\"ca\">Bossa de nil\u00f3 per a la pastilla de sab\u00f3<\/span><\/pre>","protected":false},"featured_media":2073,"comment_status":"open","ping_status":"closed","template":"","meta":{"site-sidebar-layout":"default","site-content-layout":"","ast-site-content-layout":"default","site-content-style":"default","site-sidebar-style":"default","ast-global-header-display":"","ast-banner-title-visibility":"","ast-main-header-display":"","ast-hfb-above-header-display":"","ast-hfb-below-header-display":"","ast-hfb-mobile-header-display":"","site-post-title":"","ast-breadcrumbs-content":"","ast-featured-img":"","footer-sml-layout":"","ast-disable-related-posts":"","theme-transparent-header-meta":"default","adv-header-id-meta":"","stick-header-meta":"","header-above-stick-meta":"","header-main-stick-meta":"","header-below-stick-meta":"","astra-migrate-meta-layouts":"set","ast-page-background-enabled":"default","ast-page-background-meta":{"desktop":{"background-color":"var(--ast-global-color-4)","background-image":"","background-repeat":"repeat","background-position":"center center","background-size":"auto","background-attachment":"scroll","background-type":"","background-media":"","overlay-type":"","overlay-color":"","overlay-opacity":"","overlay-gradient":""},"tablet":{"background-color":"","background-image":"","background-repeat":"repeat","background-position":"center center","background-size":"auto","background-attachment":"scroll","background-type":"","background-media":"","overlay-type":"","overlay-color":"","overlay-opacity":"","overlay-gradient":""},"mobile":{"background-color":"","background-image":"","background-repeat":"repeat","background-position":"center center","background-size":"auto","background-attachment":"scroll","background-type":"","background-media":"","overlay-type":"","overlay-color":"","overlay-opacity":"","overlay-gradient":""}},"ast-content-background-meta":{"desktop":{"background-color":"var(--ast-global-color-5)","background-image":"","background-repeat":"repeat","background-position":"center center","background-size":"auto","background-attachment":"scroll","background-type":"","background-media":"","overlay-type":"","overlay-color":"","overlay-opacity":"","overlay-gradient":""},"tablet":{"background-color":"var(--ast-global-color-5)","background-image":"","background-repeat":"repeat","background-position":"center center","background-size":"auto","background-attachment":"scroll","background-type":"","background-media":"","overlay-type":"","overlay-color":"","overlay-opacity":"","overlay-gradient":""},"mobile":{"background-color":"var(--ast-global-color-5)","background-image":"","background-repeat":"repeat","background-position":"center center","background-size":"auto","background-attachment":"scroll","background-type":"","background-media":"","overlay-type":"","overlay-color":"","overlay-opacity":"","overlay-gradient":""}}},"product_brand":[],"product_cat":[162],"product_tag":[],"class_list":{"0":"post-2072","1":"product","2":"type-product","3":"status-publish","4":"has-post-thumbnail","6":"product_cat-accessoris-bany","7":"desktop-align-left","8":"tablet-align-left","9":"mobile-align-left","11":"first","12":"instock","13":"taxable","14":"shipping-taxable","15":"purchasable","16":"product-type-simple"},"yoast_head":"<!-- This site is optimized with the Yoast SEO plugin v27.5 - https:\/\/yoast.com\/product\/yoast-seo-wordpress\/ -->\n<title>Bossa per a la pastilla de sab\u00f3 - Herbolari Merc\u00e8 Bossa de sab\u00f3 de nil\u00f3 reutilitzable<\/title>\n<meta name=\"description\" content=\"Bossa de sab\u00f3 de nil\u00f3 reutilitzable per evitar relliscades, assecar el sab\u00f3 r\u00e0pidament i aprofitar-ne fins l\u2019\u00faltim tros. Pr\u00e0ctica i sostenible.\" \/>\n<meta name=\"robots\" content=\"index, follow, max-snippet:-1, max-image-preview:large, max-video-preview:-1\" \/>\n<link rel=\"canonical\" href=\"https:\/\/herboristeriamerce.com\/es\/herboristeria-online\/cos-i-cara\/accessoris-bany\/bossa-per-a-la-pastilla-de-sabo\/\" \/>\n<meta property=\"og:locale\" content=\"es_ES\" \/>\n<meta property=\"og:type\" content=\"article\" \/>\n<meta property=\"og:title\" content=\"Bossa per a la pastilla de sab\u00f3 - Herbolari Merc\u00e8 Bossa de sab\u00f3 de nil\u00f3 reutilitzable\" \/>\n<meta property=\"og:description\" content=\"Bossa de sab\u00f3 de nil\u00f3 reutilitzable per evitar relliscades, assecar el sab\u00f3 r\u00e0pidament i aprofitar-ne fins l\u2019\u00faltim tros. Pr\u00e0ctica i sostenible.\" \/>\n<meta property=\"og:url\" content=\"https:\/\/herboristeriamerce.com\/es\/herboristeria-online\/cos-i-cara\/accessoris-bany\/bossa-per-a-la-pastilla-de-sabo\/\" \/>\n<meta property=\"og:site_name\" content=\"Herbolari Merc\u00e8\" \/>\n<meta property=\"article:modified_time\" content=\"2025-09-18T15:59:26+00:00\" \/>\n<meta property=\"og:image\" content=\"https:\/\/herboristeriamerce.com\/wp-content\/uploads\/2025\/06\/bossa-sabo.jpg\" \/>\n\t<meta property=\"og:image:width\" content=\"274\" \/>\n\t<meta property=\"og:image:height\" content=\"300\" \/>\n\t<meta property=\"og:image:type\" content=\"image\/jpeg\" \/>\n<meta name=\"twitter:card\" content=\"summary_large_image\" \/>\n<meta name=\"twitter:label1\" content=\"Tiempo de lectura\" \/>\n\t<meta name=\"twitter:data1\" content=\"2 minutos\" \/>\n<script type=\"application\/ld+json\" class=\"yoast-schema-graph\">{\"@context\":\"https:\\\/\\\/schema.org\",\"@graph\":[{\"@type\":\"WebPage\",\"@id\":\"https:\\\/\\\/herboristeriamerce.com\\\/herboristeria-online\\\/cos-i-cara\\\/accessoris-bany\\\/bossa-per-a-la-pastilla-de-sabo\\\/\",\"url\":\"https:\\\/\\\/herboristeriamerce.com\\\/herboristeria-online\\\/cos-i-cara\\\/accessoris-bany\\\/bossa-per-a-la-pastilla-de-sabo\\\/\",\"name\":\"Bossa per a la pastilla de sab\u00f3 - Herbolari Merc\u00e8 Bossa de sab\u00f3 de nil\u00f3 reutilitzable\",\"isPartOf\":{\"@id\":\"https:\\\/\\\/herboristeriamerce.com\\\/#website\"},\"primaryImageOfPage\":{\"@id\":\"https:\\\/\\\/herboristeriamerce.com\\\/herboristeria-online\\\/cos-i-cara\\\/accessoris-bany\\\/bossa-per-a-la-pastilla-de-sabo\\\/#primaryimage\"},\"image\":{\"@id\":\"https:\\\/\\\/herboristeriamerce.com\\\/herboristeria-online\\\/cos-i-cara\\\/accessoris-bany\\\/bossa-per-a-la-pastilla-de-sabo\\\/#primaryimage\"},\"thumbnailUrl\":\"https:\\\/\\\/herboristeriamerce.com\\\/wp-content\\\/uploads\\\/2025\\\/06\\\/bossa-sabo.jpg\",\"datePublished\":\"2025-06-11T17:37:48+00:00\",\"dateModified\":\"2025-09-18T15:59:26+00:00\",\"description\":\"Bossa de sab\u00f3 de nil\u00f3 reutilitzable per evitar relliscades, assecar el sab\u00f3 r\u00e0pidament i aprofitar-ne fins l\u2019\u00faltim tros. Pr\u00e0ctica i sostenible.\",\"breadcrumb\":{\"@id\":\"https:\\\/\\\/herboristeriamerce.com\\\/herboristeria-online\\\/cos-i-cara\\\/accessoris-bany\\\/bossa-per-a-la-pastilla-de-sabo\\\/#breadcrumb\"},\"inLanguage\":\"es\",\"potentialAction\":[{\"@type\":\"ReadAction\",\"target\":[\"https:\\\/\\\/herboristeriamerce.com\\\/herboristeria-online\\\/cos-i-cara\\\/accessoris-bany\\\/bossa-per-a-la-pastilla-de-sabo\\\/\"]}]},{\"@type\":\"ImageObject\",\"inLanguage\":\"es\",\"@id\":\"https:\\\/\\\/herboristeriamerce.com\\\/herboristeria-online\\\/cos-i-cara\\\/accessoris-bany\\\/bossa-per-a-la-pastilla-de-sabo\\\/#primaryimage\",\"url\":\"https:\\\/\\\/herboristeriamerce.com\\\/wp-content\\\/uploads\\\/2025\\\/06\\\/bossa-sabo.jpg\",\"contentUrl\":\"https:\\\/\\\/herboristeriamerce.com\\\/wp-content\\\/uploads\\\/2025\\\/06\\\/bossa-sabo.jpg\",\"width\":274,\"height\":300},{\"@type\":\"BreadcrumbList\",\"@id\":\"https:\\\/\\\/herboristeriamerce.com\\\/herboristeria-online\\\/cos-i-cara\\\/accessoris-bany\\\/bossa-per-a-la-pastilla-de-sabo\\\/#breadcrumb\",\"itemListElement\":[{\"@type\":\"ListItem\",\"position\":1,\"name\":\"Inici\",\"item\":\"https:\\\/\\\/herboristeriamerce.com\\\/\"},{\"@type\":\"ListItem\",\"position\":2,\"name\":\"Herboristeria online\",\"item\":\"https:\\\/\\\/herboristeriamerce.com\\\/herboristeria-online\\\/\"},{\"@type\":\"ListItem\",\"position\":3,\"name\":\"Bossa per a la pastilla de sab\u00f3\"}]},{\"@type\":\"WebSite\",\"@id\":\"https:\\\/\\\/herboristeriamerce.com\\\/#website\",\"url\":\"https:\\\/\\\/herboristeriamerce.com\\\/\",\"name\":\"Herbolari Merc\u00e8\",\"description\":\"Herbolari a Terrassa\",\"publisher\":{\"@id\":\"https:\\\/\\\/herboristeriamerce.com\\\/#organization\"},\"potentialAction\":[{\"@type\":\"SearchAction\",\"target\":{\"@type\":\"EntryPoint\",\"urlTemplate\":\"https:\\\/\\\/herboristeriamerce.com\\\/?s={search_term_string}\"},\"query-input\":{\"@type\":\"PropertyValueSpecification\",\"valueRequired\":true,\"valueName\":\"search_term_string\"}}],\"inLanguage\":\"es\"},{\"@type\":\"Organization\",\"@id\":\"https:\\\/\\\/herboristeriamerce.com\\\/#organization\",\"name\":\"Herbolari Merc\u00e8\",\"url\":\"https:\\\/\\\/herboristeriamerce.com\\\/\",\"logo\":{\"@type\":\"ImageObject\",\"inLanguage\":\"es\",\"@id\":\"https:\\\/\\\/herboristeriamerce.com\\\/#\\\/schema\\\/logo\\\/image\\\/\",\"url\":\"https:\\\/\\\/herboristeriamerce.com\\\/wp-content\\\/uploads\\\/2025\\\/04\\\/cropped-logo-herboristeria-330x168-229w.webp\",\"contentUrl\":\"https:\\\/\\\/herboristeriamerce.com\\\/wp-content\\\/uploads\\\/2025\\\/04\\\/cropped-logo-herboristeria-330x168-229w.webp\",\"width\":230,\"height\":117,\"caption\":\"Herbolari Merc\u00e8\"},\"image\":{\"@id\":\"https:\\\/\\\/herboristeriamerce.com\\\/#\\\/schema\\\/logo\\\/image\\\/\"}}]}<\/script>\n<!-- \/ Yoast SEO plugin. -->","yoast_head_json":{"title":"Bossa per a la pastilla de sab\u00f3 - Herbolari Merc\u00e8 Bossa de sab\u00f3 de nil\u00f3 reutilitzable","description":"Bossa de sab\u00f3 de nil\u00f3 reutilitzable per evitar relliscades, assecar el sab\u00f3 r\u00e0pidament i aprofitar-ne fins l\u2019\u00faltim tros. Pr\u00e0ctica i sostenible.","robots":{"index":"index","follow":"follow","max-snippet":"max-snippet:-1","max-image-preview":"max-image-preview:large","max-video-preview":"max-video-preview:-1"},"canonical":"https:\/\/herboristeriamerce.com\/es\/herboristeria-online\/cos-i-cara\/accessoris-bany\/bossa-per-a-la-pastilla-de-sabo\/","og_locale":"es_ES","og_type":"article","og_title":"Bossa per a la pastilla de sab\u00f3 - Herbolari Merc\u00e8 Bossa de sab\u00f3 de nil\u00f3 reutilitzable","og_description":"Bossa de sab\u00f3 de nil\u00f3 reutilitzable per evitar relliscades, assecar el sab\u00f3 r\u00e0pidament i aprofitar-ne fins l\u2019\u00faltim tros. Pr\u00e0ctica i sostenible.","og_url":"https:\/\/herboristeriamerce.com\/es\/herboristeria-online\/cos-i-cara\/accessoris-bany\/bossa-per-a-la-pastilla-de-sabo\/","og_site_name":"Herbolari Merc\u00e8","article_modified_time":"2025-09-18T15:59:26+00:00","og_image":[{"width":274,"height":300,"url":"https:\/\/herboristeriamerce.com\/wp-content\/uploads\/2025\/06\/bossa-sabo.jpg","type":"image\/jpeg"}],"twitter_card":"summary_large_image","twitter_misc":{"Tiempo de lectura":"2 minutos"},"schema":{"@context":"https:\/\/schema.org","@graph":[{"@type":"WebPage","@id":"https:\/\/herboristeriamerce.com\/herboristeria-online\/cos-i-cara\/accessoris-bany\/bossa-per-a-la-pastilla-de-sabo\/","url":"https:\/\/herboristeriamerce.com\/herboristeria-online\/cos-i-cara\/accessoris-bany\/bossa-per-a-la-pastilla-de-sabo\/","name":"Bossa per a la pastilla de sab\u00f3 - Herbolari Merc\u00e8 Bossa de sab\u00f3 de nil\u00f3 reutilitzable","isPartOf":{"@id":"https:\/\/herboristeriamerce.com\/#website"},"primaryImageOfPage":{"@id":"https:\/\/herboristeriamerce.com\/herboristeria-online\/cos-i-cara\/accessoris-bany\/bossa-per-a-la-pastilla-de-sabo\/#primaryimage"},"image":{"@id":"https:\/\/herboristeriamerce.com\/herboristeria-online\/cos-i-cara\/accessoris-bany\/bossa-per-a-la-pastilla-de-sabo\/#primaryimage"},"thumbnailUrl":"https:\/\/herboristeriamerce.com\/wp-content\/uploads\/2025\/06\/bossa-sabo.jpg","datePublished":"2025-06-11T17:37:48+00:00","dateModified":"2025-09-18T15:59:26+00:00","description":"Bossa de sab\u00f3 de nil\u00f3 reutilitzable per evitar relliscades, assecar el sab\u00f3 r\u00e0pidament i aprofitar-ne fins l\u2019\u00faltim tros. Pr\u00e0ctica i sostenible.","breadcrumb":{"@id":"https:\/\/herboristeriamerce.com\/herboristeria-online\/cos-i-cara\/accessoris-bany\/bossa-per-a-la-pastilla-de-sabo\/#breadcrumb"},"inLanguage":"es","potentialAction":[{"@type":"ReadAction","target":["https:\/\/herboristeriamerce.com\/herboristeria-online\/cos-i-cara\/accessoris-bany\/bossa-per-a-la-pastilla-de-sabo\/"]}]},{"@type":"ImageObject","inLanguage":"es","@id":"https:\/\/herboristeriamerce.com\/herboristeria-online\/cos-i-cara\/accessoris-bany\/bossa-per-a-la-pastilla-de-sabo\/#primaryimage","url":"https:\/\/herboristeriamerce.com\/wp-content\/uploads\/2025\/06\/bossa-sabo.jpg","contentUrl":"https:\/\/herboristeriamerce.com\/wp-content\/uploads\/2025\/06\/bossa-sabo.jpg","width":274,"height":300},{"@type":"BreadcrumbList","@id":"https:\/\/herboristeriamerce.com\/herboristeria-online\/cos-i-cara\/accessoris-bany\/bossa-per-a-la-pastilla-de-sabo\/#breadcrumb","itemListElement":[{"@type":"ListItem","position":1,"name":"Inici","item":"https:\/\/herboristeriamerce.com\/"},{"@type":"ListItem","position":2,"name":"Herboristeria online","item":"https:\/\/herboristeriamerce.com\/herboristeria-online\/"},{"@type":"ListItem","position":3,"name":"Bossa per a la pastilla de sab\u00f3"}]},{"@type":"WebSite","@id":"https:\/\/herboristeriamerce.com\/#website","url":"https:\/\/herboristeriamerce.com\/","name":"Herbolari Merc\u00e8","description":"Herbolari a Terrassa","publisher":{"@id":"https:\/\/herboristeriamerce.com\/#organization"},"potentialAction":[{"@type":"SearchAction","target":{"@type":"EntryPoint","urlTemplate":"https:\/\/herboristeriamerce.com\/?s={search_term_string}"},"query-input":{"@type":"PropertyValueSpecification","valueRequired":true,"valueName":"search_term_string"}}],"inLanguage":"es"},{"@type":"Organization","@id":"https:\/\/herboristeriamerce.com\/#organization","name":"Herbolari Merc\u00e8","url":"https:\/\/herboristeriamerce.com\/","logo":{"@type":"ImageObject","inLanguage":"es","@id":"https:\/\/herboristeriamerce.com\/#\/schema\/logo\/image\/","url":"https:\/\/herboristeriamerce.com\/wp-content\/uploads\/2025\/04\/cropped-logo-herboristeria-330x168-229w.webp","contentUrl":"https:\/\/herboristeriamerce.com\/wp-content\/uploads\/2025\/04\/cropped-logo-herboristeria-330x168-229w.webp","width":230,"height":117,"caption":"Herbolari Merc\u00e8"},"image":{"@id":"https:\/\/herboristeriamerce.com\/#\/schema\/logo\/image\/"}}]}},"_links":{"self":[{"href":"https:\/\/herboristeriamerce.com\/es\/wp-json\/wp\/v2\/product\/2072","targetHints":{"allow":["GET"]}}],"collection":[{"href":"https:\/\/herboristeriamerce.com\/es\/wp-json\/wp\/v2\/product"}],"about":[{"href":"https:\/\/herboristeriamerce.com\/es\/wp-json\/wp\/v2\/types\/product"}],"replies":[{"embeddable":true,"href":"https:\/\/herboristeriamerce.com\/es\/wp-json\/wp\/v2\/comments?post=2072"}],"wp:featuredmedia":[{"embeddable":true,"href":"https:\/\/herboristeriamerce.com\/es\/wp-json\/wp\/v2\/media\/2073"}],"wp:attachment":[{"href":"https:\/\/herboristeriamerce.com\/es\/wp-json\/wp\/v2\/media?parent=2072"}],"wp:term":[{"taxonomy":"product_brand","embeddable":true,"href":"https:\/\/herboristeriamerce.com\/es\/wp-json\/wp\/v2\/product_brand?post=2072"},{"taxonomy":"product_cat","embeddable":true,"href":"https:\/\/herboristeriamerce.com\/es\/wp-json\/wp\/v2\/product_cat?post=2072"},{"taxonomy":"product_tag","embeddable":true,"href":"https:\/\/herboristeriamerce.com\/es\/wp-json\/wp\/v2\/product_tag?post=2072"}],"curies":[{"name":"wp","href":"https:\/\/api.w.org\/{rel}","templated":true}]}}