{"id":2069,"date":"2025-06-11T14:58:57","date_gmt":"2025-06-11T14:58:57","guid":{"rendered":"https:\/\/herboristeriamerce.com\/?post_type=product&#038;p=2069"},"modified":"2025-09-18T15:59:16","modified_gmt":"2025-09-18T15:59:16","slug":"sabonera-rectangular-bambu","status":"publish","type":"product","link":"https:\/\/herboristeriamerce.com\/es\/herboristeria-online\/cos-i-cara\/accessoris-bany\/sabonera-rectangular-bambu\/","title":{"rendered":"Sabonera rectangular bamb\u00fa"},"content":{"rendered":"<div id=\"tw-container\" class=\"nev7se\" data-cp=\"1\" data-nnttsvi=\"1\" data-ntl-fpwrite=\"true\" data-sletp=\"false\" data-sm=\"1\" data-ssbp=\"false\" data-sugg-time=\"500\" data-sugg-url=\"https:\/\/clients1.google.com\/complete\/search\" data-uilc=\"ca\" data-vil=\",af,af-ZA,am,am-ET,ar-EG,ar-AE,ar-KW,ar-QA,ar,ar-IL,ar-JO,ar-LB,ar-PS,az,az-AZ,bg,bg-BG,bn,bn-BD,bn-IN,ca,ca-es,cs,cs-CZ,de,de-DE,de-CH,de-AT,de-LI,en,en-US,en-CA,en-AU,en-NZ,en-GB,en-IN,en-KE,en-TZ,en-NG,en-GH,en-PH,en-ZA,es,es-ES,es-AR,es-UY,es-419,es-BO,es-CL,es-CR,es-CO,es-DO,es-EC,es-GT,es-HN,es-NI,es-PA,es-PE,es-PR,es-PY,es-SV,es-VE,es-MX,es-US,eu,eu-ES,fi,fi-FI,fr,fr-FR,fr-CH,fr-BE,gl,gl-ES,gu,gu-IN,he,he-IL,iw,iw-IL,hu,hu-HU,hy,hy-AM,id,id-ID,is,is-IS,it,it-IT,it-CH,ja,ja-JP,jv,jv-ID,ka,ka-GE,km,km-KH,kn,kn-IN,ko,ko-KR,la,lo,lo-LA,lv,lv-LV,ml,ml-IN,mr,mr-IN,ms,ms-MY,nl,nl-NL,nb,nb-NO,ne,ne-NP,pl,pl-PL,pt,pt-BR,pt-PT,ro,ro-RO,ru,ru-RU,si-LK,sk,sk-SK,sr,sr-RS,su,su-ID,sv,sv-SE,sw,sw-TZ,sw-KE,ta,ta-IN,ta-SG,ta-LK,ta-MY,te,te-IN,tr,tr-TR,ur,ur-PK,ur-IN,yue,yue-HK,yue-Hant-HK,zh-HK,zh,zh-CN,zh-cmn,zh-cmn-CN,zh-Hans,zh-Hans-CN,zh-cmn-Hans,zh-cmn-Hans-CN,cmn-CN,cmn-Hans,cmn-Hans-CN,zh-TW,zh-Hant-TW,cmn-TW,cmn-Hant-TW,zh-cmn-TW,zh-cmn-Hant-TW,zu,zu-ZA,hi,hi-IN,tl,tl-PH,pa,pa-IN\">\n<div id=\"tw-ob\" class=\"tw-src-ltr\">\n<div class=\"oSioSc\">\n<div id=\"tw-target\">\n<div id=\"kAz1tf\" class=\"g9WsWb PZPZlf\" data-attrid=\"tw-targetArea\" data-entityname=\"Google Translate\">\n<div id=\"tw-target-rmn-container\" class=\"tw-target-rmn tw-ta-container tw-nfl\" tabindex=\"0\" role=\"text\">\n<h3 data-start=\"152\" data-end=\"229\">Suport rectangular de sab\u00f3 de bamb\u00fa \u2013 Organitza el teu bany sense pl\u00e0stic<\/h3>\n<p data-start=\"231\" data-end=\"363\">El suport rectangular de sab\u00f3 de bamb\u00fa \u00e9s ideal per mantenir el bany net i ordenat. A m\u00e9s, evita que el sab\u00f3 caigui o rellisqui.<\/p>\n<p data-start=\"365\" data-end=\"530\">Aquest suport est\u00e0 dissenyat especialment per a pastilles s\u00f2lides de cos i afaitat. Aquestes pastilles no necessiten pl\u00e0stic, per aix\u00f2 s\u00f3n ecol\u00f2giques i sostenibles.<\/p>\n<p data-start=\"532\" data-end=\"652\">Tanmateix, trobar un lloc per guardar-les pot ser complicat. Aqu\u00ed \u00e9s on aquest suport de bamb\u00fa et soluciona el problema.<\/p>\n<p data-start=\"654\" data-end=\"808\">En primer lloc, la base t\u00e9 adhesius antilliscants que mantenen el suport ferm i estable. A m\u00e9s, el suport t\u00e9 obertures estretes que deixen passar l\u2019aigua.<\/p>\n<p data-start=\"810\" data-end=\"944\">Aix\u00f2 fa que el sab\u00f3 s\u2019assequi r\u00e0pidament, evitant la humitat i la proliferaci\u00f3 de bacteris. Per tant, el sab\u00f3 dura m\u00e9s i est\u00e0 m\u00e9s net.<\/p>\n<p data-start=\"946\" data-end=\"1074\">El bamb\u00fa amb que est\u00e0 fet \u00e9s moso bamb\u00fa, un material sostenible. Creix fins a un metre al dia i es regenera constantment des de l\u2019arrel.<\/p>\n<p data-start=\"1076\" data-end=\"1176\">A m\u00e9s, no perjudica els pandas. Ells mengen fulles baixes, mentre que el bamb\u00fa moso creix m\u00e9s amunt.<\/p>\n<p data-start=\"1178\" data-end=\"1311\">Finalment, per cada compra, plantem un arbre gr\u00e0cies a Eden Reforestation Projects. Aix\u00ed, contribueixes a la conservaci\u00f3 dels boscos.<\/p>\n<p data-start=\"1313\" data-end=\"1426\">Amb aquest suport, fas una elecci\u00f3 sostenible i responsable. Organitza el teu bany i protegeix el planeta alhora.<\/p>\n<\/div>\n<div class=\"iYB33c\">\n<div id=\"tw-tmenu\" class=\"tw-menu\"><\/div>\n<\/div>\n<\/div>\n<\/div>\n<\/div>\n<\/div>\n<div id=\"tw-images\"><\/div>\n<div class=\"dURPtb\"><\/div>\n<div>\n<div><\/div>\n<\/div>\n<\/div>\n<div class=\"KFFQ0c xKf9F\"><\/div>","protected":false},"excerpt":{"rendered":"<p><span style=\"font-size: 16px; background-color: rgba(0, 0, 0, 0); font-family: 'Courier 10 Pitch', Courier, monospace;\">\u00c9s imprescindible per al teu bany sense pl\u00e0stic.<\/span><\/p>","protected":false},"featured_media":2070,"comment_status":"open","ping_status":"closed","template":"","meta":{"site-sidebar-layout":"default","site-content-layout":"","ast-site-content-layout":"default","site-content-style":"default","site-sidebar-style":"default","ast-global-header-display":"","ast-banner-title-visibility":"","ast-main-header-display":"","ast-hfb-above-header-display":"","ast-hfb-below-header-display":"","ast-hfb-mobile-header-display":"","site-post-title":"","ast-breadcrumbs-content":"","ast-featured-img":"","footer-sml-layout":"","ast-disable-related-posts":"","theme-transparent-header-meta":"default","adv-header-id-meta":"","stick-header-meta":"","header-above-stick-meta":"","header-main-stick-meta":"","header-below-stick-meta":"","astra-migrate-meta-layouts":"set","ast-page-background-enabled":"default","ast-page-background-meta":{"desktop":{"background-color":"var(--ast-global-color-4)","background-image":"","background-repeat":"repeat","background-position":"center center","background-size":"auto","background-attachment":"scroll","background-type":"","background-media":"","overlay-type":"","overlay-color":"","overlay-opacity":"","overlay-gradient":""},"tablet":{"background-color":"","background-image":"","background-repeat":"repeat","background-position":"center center","background-size":"auto","background-attachment":"scroll","background-type":"","background-media":"","overlay-type":"","overlay-color":"","overlay-opacity":"","overlay-gradient":""},"mobile":{"background-color":"","background-image":"","background-repeat":"repeat","background-position":"center center","background-size":"auto","background-attachment":"scroll","background-type":"","background-media":"","overlay-type":"","overlay-color":"","overlay-opacity":"","overlay-gradient":""}},"ast-content-background-meta":{"desktop":{"background-color":"var(--ast-global-color-5)","background-image":"","background-repeat":"repeat","background-position":"center center","background-size":"auto","background-attachment":"scroll","background-type":"","background-media":"","overlay-type":"","overlay-color":"","overlay-opacity":"","overlay-gradient":""},"tablet":{"background-color":"var(--ast-global-color-5)","background-image":"","background-repeat":"repeat","background-position":"center center","background-size":"auto","background-attachment":"scroll","background-type":"","background-media":"","overlay-type":"","overlay-color":"","overlay-opacity":"","overlay-gradient":""},"mobile":{"background-color":"var(--ast-global-color-5)","background-image":"","background-repeat":"repeat","background-position":"center center","background-size":"auto","background-attachment":"scroll","background-type":"","background-media":"","overlay-type":"","overlay-color":"","overlay-opacity":"","overlay-gradient":""}}},"product_brand":[],"product_cat":[162],"product_tag":[],"class_list":{"0":"post-2069","1":"product","2":"type-product","3":"status-publish","4":"has-post-thumbnail","6":"product_cat-accessoris-bany","7":"desktop-align-left","8":"tablet-align-left","9":"mobile-align-left","11":"first","12":"instock","13":"taxable","14":"shipping-taxable","15":"purchasable","16":"product-type-simple"},"yoast_head":"<!-- This site is optimized with the Yoast SEO plugin v27.5 - https:\/\/yoast.com\/product\/yoast-seo-wordpress\/ -->\n<title>Sabonera rectangular bamb\u00fa - Herbolari Merc\u00e8 Suport rectangular de sab\u00f3 de bamb\u00fa<\/title>\n<meta name=\"description\" content=\"Compra el suport rectangular de sab\u00f3 de bamb\u00fa, sostenible i antilliscant, amb drenatge eficient. Perfecte per a banys sense pl\u00e0stic i cura natural del sab\u00f3 s\u00f2lid\" \/>\n<meta name=\"robots\" content=\"index, follow, max-snippet:-1, max-image-preview:large, max-video-preview:-1\" \/>\n<link rel=\"canonical\" href=\"https:\/\/herboristeriamerce.com\/es\/herboristeria-online\/cos-i-cara\/accessoris-bany\/sabonera-rectangular-bambu\/\" \/>\n<meta property=\"og:locale\" content=\"es_ES\" \/>\n<meta property=\"og:type\" content=\"article\" \/>\n<meta property=\"og:title\" content=\"Sabonera rectangular bamb\u00fa - Herbolari Merc\u00e8 Suport rectangular de sab\u00f3 de bamb\u00fa\" \/>\n<meta property=\"og:description\" content=\"Compra el suport rectangular de sab\u00f3 de bamb\u00fa, sostenible i antilliscant, amb drenatge eficient. Perfecte per a banys sense pl\u00e0stic i cura natural del sab\u00f3 s\u00f2lid\" \/>\n<meta property=\"og:url\" content=\"https:\/\/herboristeriamerce.com\/es\/herboristeria-online\/cos-i-cara\/accessoris-bany\/sabonera-rectangular-bambu\/\" \/>\n<meta property=\"og:site_name\" content=\"Herbolari Merc\u00e8\" \/>\n<meta property=\"article:modified_time\" content=\"2025-09-18T15:59:16+00:00\" \/>\n<meta property=\"og:image\" content=\"https:\/\/herboristeriamerce.com\/wp-content\/uploads\/2025\/06\/Ronde-Bamboe-Zeephouder-4-768x768-1.webp\" \/>\n\t<meta property=\"og:image:width\" content=\"768\" \/>\n\t<meta property=\"og:image:height\" content=\"768\" \/>\n\t<meta property=\"og:image:type\" content=\"image\/webp\" \/>\n<meta name=\"twitter:card\" content=\"summary_large_image\" \/>\n<meta name=\"twitter:label1\" content=\"Tiempo de lectura\" \/>\n\t<meta name=\"twitter:data1\" content=\"2 minutos\" \/>\n<script type=\"application\/ld+json\" class=\"yoast-schema-graph\">{\"@context\":\"https:\\\/\\\/schema.org\",\"@graph\":[{\"@type\":\"WebPage\",\"@id\":\"https:\\\/\\\/herboristeriamerce.com\\\/herboristeria-online\\\/cos-i-cara\\\/accessoris-bany\\\/sabonera-rectangular-bambu\\\/\",\"url\":\"https:\\\/\\\/herboristeriamerce.com\\\/herboristeria-online\\\/cos-i-cara\\\/accessoris-bany\\\/sabonera-rectangular-bambu\\\/\",\"name\":\"Sabonera rectangular bamb\u00fa - Herbolari Merc\u00e8 Suport rectangular de sab\u00f3 de bamb\u00fa\",\"isPartOf\":{\"@id\":\"https:\\\/\\\/herboristeriamerce.com\\\/#website\"},\"primaryImageOfPage\":{\"@id\":\"https:\\\/\\\/herboristeriamerce.com\\\/herboristeria-online\\\/cos-i-cara\\\/accessoris-bany\\\/sabonera-rectangular-bambu\\\/#primaryimage\"},\"image\":{\"@id\":\"https:\\\/\\\/herboristeriamerce.com\\\/herboristeria-online\\\/cos-i-cara\\\/accessoris-bany\\\/sabonera-rectangular-bambu\\\/#primaryimage\"},\"thumbnailUrl\":\"https:\\\/\\\/herboristeriamerce.com\\\/wp-content\\\/uploads\\\/2025\\\/06\\\/Ronde-Bamboe-Zeephouder-4-768x768-1.webp\",\"datePublished\":\"2025-06-11T14:58:57+00:00\",\"dateModified\":\"2025-09-18T15:59:16+00:00\",\"description\":\"Compra el suport rectangular de sab\u00f3 de bamb\u00fa, sostenible i antilliscant, amb drenatge eficient. Perfecte per a banys sense pl\u00e0stic i cura natural del sab\u00f3 s\u00f2lid\",\"breadcrumb\":{\"@id\":\"https:\\\/\\\/herboristeriamerce.com\\\/herboristeria-online\\\/cos-i-cara\\\/accessoris-bany\\\/sabonera-rectangular-bambu\\\/#breadcrumb\"},\"inLanguage\":\"es\",\"potentialAction\":[{\"@type\":\"ReadAction\",\"target\":[\"https:\\\/\\\/herboristeriamerce.com\\\/herboristeria-online\\\/cos-i-cara\\\/accessoris-bany\\\/sabonera-rectangular-bambu\\\/\"]}]},{\"@type\":\"ImageObject\",\"inLanguage\":\"es\",\"@id\":\"https:\\\/\\\/herboristeriamerce.com\\\/herboristeria-online\\\/cos-i-cara\\\/accessoris-bany\\\/sabonera-rectangular-bambu\\\/#primaryimage\",\"url\":\"https:\\\/\\\/herboristeriamerce.com\\\/wp-content\\\/uploads\\\/2025\\\/06\\\/Ronde-Bamboe-Zeephouder-4-768x768-1.webp\",\"contentUrl\":\"https:\\\/\\\/herboristeriamerce.com\\\/wp-content\\\/uploads\\\/2025\\\/06\\\/Ronde-Bamboe-Zeephouder-4-768x768-1.webp\",\"width\":768,\"height\":768},{\"@type\":\"BreadcrumbList\",\"@id\":\"https:\\\/\\\/herboristeriamerce.com\\\/herboristeria-online\\\/cos-i-cara\\\/accessoris-bany\\\/sabonera-rectangular-bambu\\\/#breadcrumb\",\"itemListElement\":[{\"@type\":\"ListItem\",\"position\":1,\"name\":\"Inici\",\"item\":\"https:\\\/\\\/herboristeriamerce.com\\\/\"},{\"@type\":\"ListItem\",\"position\":2,\"name\":\"Herboristeria online\",\"item\":\"https:\\\/\\\/herboristeriamerce.com\\\/herboristeria-online\\\/\"},{\"@type\":\"ListItem\",\"position\":3,\"name\":\"Sabonera rectangular bamb\u00fa\"}]},{\"@type\":\"WebSite\",\"@id\":\"https:\\\/\\\/herboristeriamerce.com\\\/#website\",\"url\":\"https:\\\/\\\/herboristeriamerce.com\\\/\",\"name\":\"Herbolari Merc\u00e8\",\"description\":\"Herbolari a Terrassa\",\"publisher\":{\"@id\":\"https:\\\/\\\/herboristeriamerce.com\\\/#organization\"},\"potentialAction\":[{\"@type\":\"SearchAction\",\"target\":{\"@type\":\"EntryPoint\",\"urlTemplate\":\"https:\\\/\\\/herboristeriamerce.com\\\/?s={search_term_string}\"},\"query-input\":{\"@type\":\"PropertyValueSpecification\",\"valueRequired\":true,\"valueName\":\"search_term_string\"}}],\"inLanguage\":\"es\"},{\"@type\":\"Organization\",\"@id\":\"https:\\\/\\\/herboristeriamerce.com\\\/#organization\",\"name\":\"Herbolari Merc\u00e8\",\"url\":\"https:\\\/\\\/herboristeriamerce.com\\\/\",\"logo\":{\"@type\":\"ImageObject\",\"inLanguage\":\"es\",\"@id\":\"https:\\\/\\\/herboristeriamerce.com\\\/#\\\/schema\\\/logo\\\/image\\\/\",\"url\":\"https:\\\/\\\/herboristeriamerce.com\\\/wp-content\\\/uploads\\\/2025\\\/04\\\/cropped-logo-herboristeria-330x168-229w.webp\",\"contentUrl\":\"https:\\\/\\\/herboristeriamerce.com\\\/wp-content\\\/uploads\\\/2025\\\/04\\\/cropped-logo-herboristeria-330x168-229w.webp\",\"width\":230,\"height\":117,\"caption\":\"Herbolari Merc\u00e8\"},\"image\":{\"@id\":\"https:\\\/\\\/herboristeriamerce.com\\\/#\\\/schema\\\/logo\\\/image\\\/\"}}]}<\/script>\n<!-- \/ Yoast SEO plugin. -->","yoast_head_json":{"title":"Sabonera rectangular bamb\u00fa - Herbolari Merc\u00e8 Suport rectangular de sab\u00f3 de bamb\u00fa","description":"Compra el suport rectangular de sab\u00f3 de bamb\u00fa, sostenible i antilliscant, amb drenatge eficient. Perfecte per a banys sense pl\u00e0stic i cura natural del sab\u00f3 s\u00f2lid","robots":{"index":"index","follow":"follow","max-snippet":"max-snippet:-1","max-image-preview":"max-image-preview:large","max-video-preview":"max-video-preview:-1"},"canonical":"https:\/\/herboristeriamerce.com\/es\/herboristeria-online\/cos-i-cara\/accessoris-bany\/sabonera-rectangular-bambu\/","og_locale":"es_ES","og_type":"article","og_title":"Sabonera rectangular bamb\u00fa - Herbolari Merc\u00e8 Suport rectangular de sab\u00f3 de bamb\u00fa","og_description":"Compra el suport rectangular de sab\u00f3 de bamb\u00fa, sostenible i antilliscant, amb drenatge eficient. Perfecte per a banys sense pl\u00e0stic i cura natural del sab\u00f3 s\u00f2lid","og_url":"https:\/\/herboristeriamerce.com\/es\/herboristeria-online\/cos-i-cara\/accessoris-bany\/sabonera-rectangular-bambu\/","og_site_name":"Herbolari Merc\u00e8","article_modified_time":"2025-09-18T15:59:16+00:00","og_image":[{"width":768,"height":768,"url":"https:\/\/herboristeriamerce.com\/wp-content\/uploads\/2025\/06\/Ronde-Bamboe-Zeephouder-4-768x768-1.webp","type":"image\/webp"}],"twitter_card":"summary_large_image","twitter_misc":{"Tiempo de lectura":"2 minutos"},"schema":{"@context":"https:\/\/schema.org","@graph":[{"@type":"WebPage","@id":"https:\/\/herboristeriamerce.com\/herboristeria-online\/cos-i-cara\/accessoris-bany\/sabonera-rectangular-bambu\/","url":"https:\/\/herboristeriamerce.com\/herboristeria-online\/cos-i-cara\/accessoris-bany\/sabonera-rectangular-bambu\/","name":"Sabonera rectangular bamb\u00fa - Herbolari Merc\u00e8 Suport rectangular de sab\u00f3 de bamb\u00fa","isPartOf":{"@id":"https:\/\/herboristeriamerce.com\/#website"},"primaryImageOfPage":{"@id":"https:\/\/herboristeriamerce.com\/herboristeria-online\/cos-i-cara\/accessoris-bany\/sabonera-rectangular-bambu\/#primaryimage"},"image":{"@id":"https:\/\/herboristeriamerce.com\/herboristeria-online\/cos-i-cara\/accessoris-bany\/sabonera-rectangular-bambu\/#primaryimage"},"thumbnailUrl":"https:\/\/herboristeriamerce.com\/wp-content\/uploads\/2025\/06\/Ronde-Bamboe-Zeephouder-4-768x768-1.webp","datePublished":"2025-06-11T14:58:57+00:00","dateModified":"2025-09-18T15:59:16+00:00","description":"Compra el suport rectangular de sab\u00f3 de bamb\u00fa, sostenible i antilliscant, amb drenatge eficient. Perfecte per a banys sense pl\u00e0stic i cura natural del sab\u00f3 s\u00f2lid","breadcrumb":{"@id":"https:\/\/herboristeriamerce.com\/herboristeria-online\/cos-i-cara\/accessoris-bany\/sabonera-rectangular-bambu\/#breadcrumb"},"inLanguage":"es","potentialAction":[{"@type":"ReadAction","target":["https:\/\/herboristeriamerce.com\/herboristeria-online\/cos-i-cara\/accessoris-bany\/sabonera-rectangular-bambu\/"]}]},{"@type":"ImageObject","inLanguage":"es","@id":"https:\/\/herboristeriamerce.com\/herboristeria-online\/cos-i-cara\/accessoris-bany\/sabonera-rectangular-bambu\/#primaryimage","url":"https:\/\/herboristeriamerce.com\/wp-content\/uploads\/2025\/06\/Ronde-Bamboe-Zeephouder-4-768x768-1.webp","contentUrl":"https:\/\/herboristeriamerce.com\/wp-content\/uploads\/2025\/06\/Ronde-Bamboe-Zeephouder-4-768x768-1.webp","width":768,"height":768},{"@type":"BreadcrumbList","@id":"https:\/\/herboristeriamerce.com\/herboristeria-online\/cos-i-cara\/accessoris-bany\/sabonera-rectangular-bambu\/#breadcrumb","itemListElement":[{"@type":"ListItem","position":1,"name":"Inici","item":"https:\/\/herboristeriamerce.com\/"},{"@type":"ListItem","position":2,"name":"Herboristeria online","item":"https:\/\/herboristeriamerce.com\/herboristeria-online\/"},{"@type":"ListItem","position":3,"name":"Sabonera rectangular bamb\u00fa"}]},{"@type":"WebSite","@id":"https:\/\/herboristeriamerce.com\/#website","url":"https:\/\/herboristeriamerce.com\/","name":"Herbolari Merc\u00e8","description":"Herbolari a Terrassa","publisher":{"@id":"https:\/\/herboristeriamerce.com\/#organization"},"potentialAction":[{"@type":"SearchAction","target":{"@type":"EntryPoint","urlTemplate":"https:\/\/herboristeriamerce.com\/?s={search_term_string}"},"query-input":{"@type":"PropertyValueSpecification","valueRequired":true,"valueName":"search_term_string"}}],"inLanguage":"es"},{"@type":"Organization","@id":"https:\/\/herboristeriamerce.com\/#organization","name":"Herbolari Merc\u00e8","url":"https:\/\/herboristeriamerce.com\/","logo":{"@type":"ImageObject","inLanguage":"es","@id":"https:\/\/herboristeriamerce.com\/#\/schema\/logo\/image\/","url":"https:\/\/herboristeriamerce.com\/wp-content\/uploads\/2025\/04\/cropped-logo-herboristeria-330x168-229w.webp","contentUrl":"https:\/\/herboristeriamerce.com\/wp-content\/uploads\/2025\/04\/cropped-logo-herboristeria-330x168-229w.webp","width":230,"height":117,"caption":"Herbolari Merc\u00e8"},"image":{"@id":"https:\/\/herboristeriamerce.com\/#\/schema\/logo\/image\/"}}]}},"_links":{"self":[{"href":"https:\/\/herboristeriamerce.com\/es\/wp-json\/wp\/v2\/product\/2069","targetHints":{"allow":["GET"]}}],"collection":[{"href":"https:\/\/herboristeriamerce.com\/es\/wp-json\/wp\/v2\/product"}],"about":[{"href":"https:\/\/herboristeriamerce.com\/es\/wp-json\/wp\/v2\/types\/product"}],"replies":[{"embeddable":true,"href":"https:\/\/herboristeriamerce.com\/es\/wp-json\/wp\/v2\/comments?post=2069"}],"wp:featuredmedia":[{"embeddable":true,"href":"https:\/\/herboristeriamerce.com\/es\/wp-json\/wp\/v2\/media\/2070"}],"wp:attachment":[{"href":"https:\/\/herboristeriamerce.com\/es\/wp-json\/wp\/v2\/media?parent=2069"}],"wp:term":[{"taxonomy":"product_brand","embeddable":true,"href":"https:\/\/herboristeriamerce.com\/es\/wp-json\/wp\/v2\/product_brand?post=2069"},{"taxonomy":"product_cat","embeddable":true,"href":"https:\/\/herboristeriamerce.com\/es\/wp-json\/wp\/v2\/product_cat?post=2069"},{"taxonomy":"product_tag","embeddable":true,"href":"https:\/\/herboristeriamerce.com\/es\/wp-json\/wp\/v2\/product_tag?post=2069"}],"curies":[{"name":"wp","href":"https:\/\/api.w.org\/{rel}","templated":true}]}}