{"id":2066,"date":"2025-06-11T11:31:40","date_gmt":"2025-06-11T11:31:40","guid":{"rendered":"https:\/\/herboristeriamerce.com\/?post_type=product&#038;p=2066"},"modified":"2026-02-26T11:20:03","modified_gmt":"2026-02-26T11:20:03","slug":"perles-perfumades-floral-perles-perfumades-per-aromatitzar-la-bugada","status":"publish","type":"product","link":"https:\/\/herboristeriamerce.com\/es\/herboristeria-online\/llar\/neteja-llar\/roba\/perles-perfumades-floral-perles-perfumades-per-aromatitzar-la-bugada\/","title":{"rendered":"Perles perfumades Floral"},"content":{"rendered":"<h3 data-start=\"161\" data-end=\"216\">Aromatitza la teva bugada amb les Perles Perfumades<\/h3>\n<p data-start=\"218\" data-end=\"508\">Vols que la teva roba surti de la rentadora amb una frag\u00e0ncia fresca i agradable? Les <strong data-start=\"304\" data-end=\"351\">Perles Perfumades per aromatitzar la bugada<\/strong> s\u00f3n la soluci\u00f3 ideal per aconseguir-ho de manera senzilla i efica\u00e7. A continuaci\u00f3, t\u2019expliquem com utilitzar-les i aprofitar-ne al m\u00e0xim tots els beneficis.<\/p>\n<p data-start=\"510\" data-end=\"883\">Primer de tot, dosifica les perles segons la intensitat de frag\u00e0ncia que desitgis. Si prefereixes una aroma subtil, 10 grams seran suficients per a tota la bugada. En canvi, si t\u2019agrada una olor m\u00e9s intensa i duradora, pots augmentar la dosi a 20 grams o fins i tot m\u00e9s. D\u2019aquesta manera, personalitzar\u00e0s l\u2019aroma segons els teus gustos i les necessitats de cada rentat.<\/p>\n<p data-start=\"885\" data-end=\"1144\">Despr\u00e9s, introdueix les perles directament al tambor de la rentadora abans d\u2019afegir la roba. Aquesta acci\u00f3 \u00e9s molt pr\u00e0ctica i r\u00e0pida, i assegura que cada pe\u00e7a surti perfumada de manera uniforme. No cal cap aplicaci\u00f3 addicional ni altres passos complicats.<\/p>\n<p data-start=\"1146\" data-end=\"1432\">A m\u00e9s, per obtenir un resultat \u00f2ptim, combina les Perles Perfumades amb un detergent de qualitat. Nosaltres recomanem el nostre detergent a tires, que neteja la roba a fons mentre deixa un aroma fresca i duradora. Aquesta combinaci\u00f3 potenciar\u00e0 la neteja i el perfum de la teva roba.<\/p>\n<p data-start=\"1434\" data-end=\"1674\">Finalment, selecciona el programa de rentat que millor s\u2019adapti als teixits i tipus de roba que tens. Tant si \u00e9s un rentat suau com un de m\u00e9s intens, les Perles Perfumades actuaran perqu\u00e8 la teva roba surti sempre perfumada i agradable.<\/p>\n<p data-start=\"1676\" data-end=\"1874\">En resum, les Perles Perfumades s\u00f3n un complement pr\u00e0ctic i efica\u00e7 per millorar l\u2019experi\u00e8ncia de la bugada. Aix\u00ed, gaudir\u00e0s d\u2019una roba neta, fresca i amb un aroma que t\u2019acompanyar\u00e0 durant tot el dia.<\/p>","protected":false},"excerpt":{"rendered":"<p>Aromatitza la teva bugada amb les Perles Perfumades Vols que la teva roba surti de la rentadora amb una frag\u00e0ncia [&hellip;]<\/p>","protected":false},"featured_media":2062,"comment_status":"open","ping_status":"closed","template":"","meta":{"site-sidebar-layout":"default","site-content-layout":"","ast-site-content-layout":"default","site-content-style":"default","site-sidebar-style":"default","ast-global-header-display":"","ast-banner-title-visibility":"","ast-main-header-display":"","ast-hfb-above-header-display":"","ast-hfb-below-header-display":"","ast-hfb-mobile-header-display":"","site-post-title":"","ast-breadcrumbs-content":"","ast-featured-img":"","footer-sml-layout":"","ast-disable-related-posts":"","theme-transparent-header-meta":"default","adv-header-id-meta":"","stick-header-meta":"","header-above-stick-meta":"","header-main-stick-meta":"","header-below-stick-meta":"","astra-migrate-meta-layouts":"set","ast-page-background-enabled":"default","ast-page-background-meta":{"desktop":{"background-color":"var(--ast-global-color-4)","background-image":"","background-repeat":"repeat","background-position":"center center","background-size":"auto","background-attachment":"scroll","background-type":"","background-media":"","overlay-type":"","overlay-color":"","overlay-opacity":"","overlay-gradient":""},"tablet":{"background-color":"","background-image":"","background-repeat":"repeat","background-position":"center center","background-size":"auto","background-attachment":"scroll","background-type":"","background-media":"","overlay-type":"","overlay-color":"","overlay-opacity":"","overlay-gradient":""},"mobile":{"background-color":"","background-image":"","background-repeat":"repeat","background-position":"center center","background-size":"auto","background-attachment":"scroll","background-type":"","background-media":"","overlay-type":"","overlay-color":"","overlay-opacity":"","overlay-gradient":""}},"ast-content-background-meta":{"desktop":{"background-color":"var(--ast-global-color-5)","background-image":"","background-repeat":"repeat","background-position":"center center","background-size":"auto","background-attachment":"scroll","background-type":"","background-media":"","overlay-type":"","overlay-color":"","overlay-opacity":"","overlay-gradient":""},"tablet":{"background-color":"var(--ast-global-color-5)","background-image":"","background-repeat":"repeat","background-position":"center center","background-size":"auto","background-attachment":"scroll","background-type":"","background-media":"","overlay-type":"","overlay-color":"","overlay-opacity":"","overlay-gradient":""},"mobile":{"background-color":"var(--ast-global-color-5)","background-image":"","background-repeat":"repeat","background-position":"center center","background-size":"auto","background-attachment":"scroll","background-type":"","background-media":"","overlay-type":"","overlay-color":"","overlay-opacity":"","overlay-gradient":""}}},"product_brand":[154],"product_cat":[106],"product_tag":[],"class_list":{"0":"post-2066","1":"product","2":"type-product","3":"status-publish","4":"has-post-thumbnail","6":"product_brand-natulim","7":"product_cat-roba","8":"desktop-align-left","9":"tablet-align-left","10":"mobile-align-left","12":"first","13":"instock","14":"taxable","15":"shipping-taxable","16":"purchasable","17":"product-type-simple"},"yoast_head":"<!-- This site is optimized with the Yoast SEO plugin v27.5 - https:\/\/yoast.com\/product\/yoast-seo-wordpress\/ -->\n<title>Perles perfumades Floral - Herbolari Merc\u00e8 Perles Perfumades per la bugada<\/title>\n<meta name=\"description\" content=\"Les Perles Perfumades per aromatitzar la bugada deixen la roba fresca i perfumada. Dosifica f\u00e0cilment i aplica directament a la rentadora.\" \/>\n<meta name=\"robots\" content=\"index, follow, max-snippet:-1, max-image-preview:large, max-video-preview:-1\" \/>\n<link rel=\"canonical\" href=\"https:\/\/herboristeriamerce.com\/es\/herboristeria-online\/llar\/neteja-llar\/roba\/perles-perfumades-floral-perles-perfumades-per-aromatitzar-la-bugada\/\" \/>\n<meta property=\"og:locale\" content=\"es_ES\" \/>\n<meta property=\"og:type\" content=\"article\" \/>\n<meta property=\"og:title\" content=\"Perles perfumades Floral - Herbolari Merc\u00e8 Perles Perfumades per la bugada\" \/>\n<meta property=\"og:description\" content=\"Les Perles Perfumades per aromatitzar la bugada deixen la roba fresca i perfumada. Dosifica f\u00e0cilment i aplica directament a la rentadora.\" \/>\n<meta property=\"og:url\" content=\"https:\/\/herboristeriamerce.com\/es\/herboristeria-online\/llar\/neteja-llar\/roba\/perles-perfumades-floral-perles-perfumades-per-aromatitzar-la-bugada\/\" \/>\n<meta property=\"og:site_name\" content=\"Herbolari Merc\u00e8\" \/>\n<meta property=\"article:modified_time\" content=\"2026-02-26T11:20:03+00:00\" \/>\n<meta property=\"og:image\" content=\"https:\/\/herboristeriamerce.com\/wp-content\/uploads\/2025\/06\/perlas-floral-shopify.webp\" \/>\n\t<meta property=\"og:image:width\" content=\"600\" \/>\n\t<meta property=\"og:image:height\" content=\"600\" \/>\n\t<meta property=\"og:image:type\" content=\"image\/webp\" \/>\n<meta name=\"twitter:card\" content=\"summary_large_image\" \/>\n<meta name=\"twitter:label1\" content=\"Tiempo de lectura\" \/>\n\t<meta name=\"twitter:data1\" content=\"2 minutos\" \/>\n<script type=\"application\/ld+json\" class=\"yoast-schema-graph\">{\"@context\":\"https:\\\/\\\/schema.org\",\"@graph\":[{\"@type\":\"WebPage\",\"@id\":\"https:\\\/\\\/herboristeriamerce.com\\\/herboristeria-online\\\/llar\\\/neteja-llar\\\/roba\\\/perles-perfumades-floral-perles-perfumades-per-aromatitzar-la-bugada\\\/\",\"url\":\"https:\\\/\\\/herboristeriamerce.com\\\/herboristeria-online\\\/llar\\\/neteja-llar\\\/roba\\\/perles-perfumades-floral-perles-perfumades-per-aromatitzar-la-bugada\\\/\",\"name\":\"Perles perfumades Floral - Herbolari Merc\u00e8 Perles Perfumades per la bugada\",\"isPartOf\":{\"@id\":\"https:\\\/\\\/herboristeriamerce.com\\\/#website\"},\"primaryImageOfPage\":{\"@id\":\"https:\\\/\\\/herboristeriamerce.com\\\/herboristeria-online\\\/llar\\\/neteja-llar\\\/roba\\\/perles-perfumades-floral-perles-perfumades-per-aromatitzar-la-bugada\\\/#primaryimage\"},\"image\":{\"@id\":\"https:\\\/\\\/herboristeriamerce.com\\\/herboristeria-online\\\/llar\\\/neteja-llar\\\/roba\\\/perles-perfumades-floral-perles-perfumades-per-aromatitzar-la-bugada\\\/#primaryimage\"},\"thumbnailUrl\":\"https:\\\/\\\/herboristeriamerce.com\\\/wp-content\\\/uploads\\\/2025\\\/06\\\/perlas-floral-shopify.webp\",\"datePublished\":\"2025-06-11T11:31:40+00:00\",\"dateModified\":\"2026-02-26T11:20:03+00:00\",\"description\":\"Les Perles Perfumades per aromatitzar la bugada deixen la roba fresca i perfumada. Dosifica f\u00e0cilment i aplica directament a la rentadora.\",\"breadcrumb\":{\"@id\":\"https:\\\/\\\/herboristeriamerce.com\\\/herboristeria-online\\\/llar\\\/neteja-llar\\\/roba\\\/perles-perfumades-floral-perles-perfumades-per-aromatitzar-la-bugada\\\/#breadcrumb\"},\"inLanguage\":\"es\",\"potentialAction\":[{\"@type\":\"ReadAction\",\"target\":[\"https:\\\/\\\/herboristeriamerce.com\\\/herboristeria-online\\\/llar\\\/neteja-llar\\\/roba\\\/perles-perfumades-floral-perles-perfumades-per-aromatitzar-la-bugada\\\/\"]}]},{\"@type\":\"ImageObject\",\"inLanguage\":\"es\",\"@id\":\"https:\\\/\\\/herboristeriamerce.com\\\/herboristeria-online\\\/llar\\\/neteja-llar\\\/roba\\\/perles-perfumades-floral-perles-perfumades-per-aromatitzar-la-bugada\\\/#primaryimage\",\"url\":\"https:\\\/\\\/herboristeriamerce.com\\\/wp-content\\\/uploads\\\/2025\\\/06\\\/perlas-floral-shopify.webp\",\"contentUrl\":\"https:\\\/\\\/herboristeriamerce.com\\\/wp-content\\\/uploads\\\/2025\\\/06\\\/perlas-floral-shopify.webp\",\"width\":600,\"height\":600},{\"@type\":\"BreadcrumbList\",\"@id\":\"https:\\\/\\\/herboristeriamerce.com\\\/herboristeria-online\\\/llar\\\/neteja-llar\\\/roba\\\/perles-perfumades-floral-perles-perfumades-per-aromatitzar-la-bugada\\\/#breadcrumb\",\"itemListElement\":[{\"@type\":\"ListItem\",\"position\":1,\"name\":\"Inici\",\"item\":\"https:\\\/\\\/herboristeriamerce.com\\\/\"},{\"@type\":\"ListItem\",\"position\":2,\"name\":\"Herboristeria online\",\"item\":\"https:\\\/\\\/herboristeriamerce.com\\\/herboristeria-online\\\/\"},{\"@type\":\"ListItem\",\"position\":3,\"name\":\"Perles perfumades Floral\"}]},{\"@type\":\"WebSite\",\"@id\":\"https:\\\/\\\/herboristeriamerce.com\\\/#website\",\"url\":\"https:\\\/\\\/herboristeriamerce.com\\\/\",\"name\":\"Herbolari Merc\u00e8\",\"description\":\"Herbolari a Terrassa\",\"publisher\":{\"@id\":\"https:\\\/\\\/herboristeriamerce.com\\\/#organization\"},\"potentialAction\":[{\"@type\":\"SearchAction\",\"target\":{\"@type\":\"EntryPoint\",\"urlTemplate\":\"https:\\\/\\\/herboristeriamerce.com\\\/?s={search_term_string}\"},\"query-input\":{\"@type\":\"PropertyValueSpecification\",\"valueRequired\":true,\"valueName\":\"search_term_string\"}}],\"inLanguage\":\"es\"},{\"@type\":\"Organization\",\"@id\":\"https:\\\/\\\/herboristeriamerce.com\\\/#organization\",\"name\":\"Herbolari Merc\u00e8\",\"url\":\"https:\\\/\\\/herboristeriamerce.com\\\/\",\"logo\":{\"@type\":\"ImageObject\",\"inLanguage\":\"es\",\"@id\":\"https:\\\/\\\/herboristeriamerce.com\\\/#\\\/schema\\\/logo\\\/image\\\/\",\"url\":\"https:\\\/\\\/herboristeriamerce.com\\\/wp-content\\\/uploads\\\/2025\\\/04\\\/cropped-logo-herboristeria-330x168-229w.webp\",\"contentUrl\":\"https:\\\/\\\/herboristeriamerce.com\\\/wp-content\\\/uploads\\\/2025\\\/04\\\/cropped-logo-herboristeria-330x168-229w.webp\",\"width\":230,\"height\":117,\"caption\":\"Herbolari Merc\u00e8\"},\"image\":{\"@id\":\"https:\\\/\\\/herboristeriamerce.com\\\/#\\\/schema\\\/logo\\\/image\\\/\"}}]}<\/script>\n<!-- \/ Yoast SEO plugin. -->","yoast_head_json":{"title":"Perles perfumades Floral - Herbolari Merc\u00e8 Perles Perfumades per la bugada","description":"Les Perles Perfumades per aromatitzar la bugada deixen la roba fresca i perfumada. Dosifica f\u00e0cilment i aplica directament a la rentadora.","robots":{"index":"index","follow":"follow","max-snippet":"max-snippet:-1","max-image-preview":"max-image-preview:large","max-video-preview":"max-video-preview:-1"},"canonical":"https:\/\/herboristeriamerce.com\/es\/herboristeria-online\/llar\/neteja-llar\/roba\/perles-perfumades-floral-perles-perfumades-per-aromatitzar-la-bugada\/","og_locale":"es_ES","og_type":"article","og_title":"Perles perfumades Floral - Herbolari Merc\u00e8 Perles Perfumades per la bugada","og_description":"Les Perles Perfumades per aromatitzar la bugada deixen la roba fresca i perfumada. Dosifica f\u00e0cilment i aplica directament a la rentadora.","og_url":"https:\/\/herboristeriamerce.com\/es\/herboristeria-online\/llar\/neteja-llar\/roba\/perles-perfumades-floral-perles-perfumades-per-aromatitzar-la-bugada\/","og_site_name":"Herbolari Merc\u00e8","article_modified_time":"2026-02-26T11:20:03+00:00","og_image":[{"width":600,"height":600,"url":"https:\/\/herboristeriamerce.com\/wp-content\/uploads\/2025\/06\/perlas-floral-shopify.webp","type":"image\/webp"}],"twitter_card":"summary_large_image","twitter_misc":{"Tiempo de lectura":"2 minutos"},"schema":{"@context":"https:\/\/schema.org","@graph":[{"@type":"WebPage","@id":"https:\/\/herboristeriamerce.com\/herboristeria-online\/llar\/neteja-llar\/roba\/perles-perfumades-floral-perles-perfumades-per-aromatitzar-la-bugada\/","url":"https:\/\/herboristeriamerce.com\/herboristeria-online\/llar\/neteja-llar\/roba\/perles-perfumades-floral-perles-perfumades-per-aromatitzar-la-bugada\/","name":"Perles perfumades Floral - Herbolari Merc\u00e8 Perles Perfumades per la bugada","isPartOf":{"@id":"https:\/\/herboristeriamerce.com\/#website"},"primaryImageOfPage":{"@id":"https:\/\/herboristeriamerce.com\/herboristeria-online\/llar\/neteja-llar\/roba\/perles-perfumades-floral-perles-perfumades-per-aromatitzar-la-bugada\/#primaryimage"},"image":{"@id":"https:\/\/herboristeriamerce.com\/herboristeria-online\/llar\/neteja-llar\/roba\/perles-perfumades-floral-perles-perfumades-per-aromatitzar-la-bugada\/#primaryimage"},"thumbnailUrl":"https:\/\/herboristeriamerce.com\/wp-content\/uploads\/2025\/06\/perlas-floral-shopify.webp","datePublished":"2025-06-11T11:31:40+00:00","dateModified":"2026-02-26T11:20:03+00:00","description":"Les Perles Perfumades per aromatitzar la bugada deixen la roba fresca i perfumada. Dosifica f\u00e0cilment i aplica directament a la rentadora.","breadcrumb":{"@id":"https:\/\/herboristeriamerce.com\/herboristeria-online\/llar\/neteja-llar\/roba\/perles-perfumades-floral-perles-perfumades-per-aromatitzar-la-bugada\/#breadcrumb"},"inLanguage":"es","potentialAction":[{"@type":"ReadAction","target":["https:\/\/herboristeriamerce.com\/herboristeria-online\/llar\/neteja-llar\/roba\/perles-perfumades-floral-perles-perfumades-per-aromatitzar-la-bugada\/"]}]},{"@type":"ImageObject","inLanguage":"es","@id":"https:\/\/herboristeriamerce.com\/herboristeria-online\/llar\/neteja-llar\/roba\/perles-perfumades-floral-perles-perfumades-per-aromatitzar-la-bugada\/#primaryimage","url":"https:\/\/herboristeriamerce.com\/wp-content\/uploads\/2025\/06\/perlas-floral-shopify.webp","contentUrl":"https:\/\/herboristeriamerce.com\/wp-content\/uploads\/2025\/06\/perlas-floral-shopify.webp","width":600,"height":600},{"@type":"BreadcrumbList","@id":"https:\/\/herboristeriamerce.com\/herboristeria-online\/llar\/neteja-llar\/roba\/perles-perfumades-floral-perles-perfumades-per-aromatitzar-la-bugada\/#breadcrumb","itemListElement":[{"@type":"ListItem","position":1,"name":"Inici","item":"https:\/\/herboristeriamerce.com\/"},{"@type":"ListItem","position":2,"name":"Herboristeria online","item":"https:\/\/herboristeriamerce.com\/herboristeria-online\/"},{"@type":"ListItem","position":3,"name":"Perles perfumades Floral"}]},{"@type":"WebSite","@id":"https:\/\/herboristeriamerce.com\/#website","url":"https:\/\/herboristeriamerce.com\/","name":"Herbolari Merc\u00e8","description":"Herbolari a Terrassa","publisher":{"@id":"https:\/\/herboristeriamerce.com\/#organization"},"potentialAction":[{"@type":"SearchAction","target":{"@type":"EntryPoint","urlTemplate":"https:\/\/herboristeriamerce.com\/?s={search_term_string}"},"query-input":{"@type":"PropertyValueSpecification","valueRequired":true,"valueName":"search_term_string"}}],"inLanguage":"es"},{"@type":"Organization","@id":"https:\/\/herboristeriamerce.com\/#organization","name":"Herbolari Merc\u00e8","url":"https:\/\/herboristeriamerce.com\/","logo":{"@type":"ImageObject","inLanguage":"es","@id":"https:\/\/herboristeriamerce.com\/#\/schema\/logo\/image\/","url":"https:\/\/herboristeriamerce.com\/wp-content\/uploads\/2025\/04\/cropped-logo-herboristeria-330x168-229w.webp","contentUrl":"https:\/\/herboristeriamerce.com\/wp-content\/uploads\/2025\/04\/cropped-logo-herboristeria-330x168-229w.webp","width":230,"height":117,"caption":"Herbolari Merc\u00e8"},"image":{"@id":"https:\/\/herboristeriamerce.com\/#\/schema\/logo\/image\/"}}]}},"_links":{"self":[{"href":"https:\/\/herboristeriamerce.com\/es\/wp-json\/wp\/v2\/product\/2066","targetHints":{"allow":["GET"]}}],"collection":[{"href":"https:\/\/herboristeriamerce.com\/es\/wp-json\/wp\/v2\/product"}],"about":[{"href":"https:\/\/herboristeriamerce.com\/es\/wp-json\/wp\/v2\/types\/product"}],"replies":[{"embeddable":true,"href":"https:\/\/herboristeriamerce.com\/es\/wp-json\/wp\/v2\/comments?post=2066"}],"wp:featuredmedia":[{"embeddable":true,"href":"https:\/\/herboristeriamerce.com\/es\/wp-json\/wp\/v2\/media\/2062"}],"wp:attachment":[{"href":"https:\/\/herboristeriamerce.com\/es\/wp-json\/wp\/v2\/media?parent=2066"}],"wp:term":[{"taxonomy":"product_brand","embeddable":true,"href":"https:\/\/herboristeriamerce.com\/es\/wp-json\/wp\/v2\/product_brand?post=2066"},{"taxonomy":"product_cat","embeddable":true,"href":"https:\/\/herboristeriamerce.com\/es\/wp-json\/wp\/v2\/product_cat?post=2066"},{"taxonomy":"product_tag","embeddable":true,"href":"https:\/\/herboristeriamerce.com\/es\/wp-json\/wp\/v2\/product_tag?post=2066"}],"curies":[{"name":"wp","href":"https:\/\/api.w.org\/{rel}","templated":true}]}}