{"id":2001,"date":"2025-06-07T09:42:30","date_gmt":"2025-06-07T09:42:30","guid":{"rendered":"https:\/\/herboristeriamerce.com\/?post_type=product&#038;p=2001"},"modified":"2025-08-01T10:08:57","modified_gmt":"2025-08-01T10:08:57","slug":"gel-aloe-vera-100-eco-500-ml-aloe-vera-100-pur-ecologic","status":"publish","type":"product","link":"https:\/\/herboristeriamerce.com\/es\/herboristeria-online\/cos-i-cara\/corporal\/hidratacio\/gel-aloe-vera-100-eco-500-ml-aloe-vera-100-pur-ecologic\/","title":{"rendered":"Gel Aloe Vera 100% Eco 500 ml"},"content":{"rendered":"<h3 data-start=\"161\" data-end=\"235\">Aloe vera 100% pur \u2013 Hidrataci\u00f3 i protecci\u00f3 natural per a la teva pell<\/h3>\n<p data-start=\"237\" data-end=\"496\">L\u2019<strong data-start=\"239\" data-end=\"261\">Aloe vera 100% pur<\/strong> \u00e9s un actiu natural d\u2019alta qualitat, obtingut directament de cultiu ecol\u00f2gic certificat. Gr\u00e0cies a les seves m\u00faltiples propietats, \u00e9s un ingredient indispensable per cuidar la pell de manera efectiva i respectuosa amb el medi ambient.<\/p>\n<p data-start=\"498\" data-end=\"956\">Per comen\u00e7ar, cal destacar el seu elevat contingut en polisac\u00e0rids mucilaginosos, que s\u00f3n responsables de la seva acci\u00f3 hidratant, suavitzant, refrescant i protectora. Aquests muc\u00edlags tenen una caracter\u00edstica molt especial: s\u00f3n higrosc\u00f2pics, \u00e9s a dir, poden absorbir i retenir aigua en condicions espec\u00edfiques. Per aquest motiu, l\u2019Aloe vera \u00e9s un excel\u00b7lent agent humectant, ideal per mantenir la pell hidratada de manera natural i duradora.<\/p>\n<p data-start=\"958\" data-end=\"1220\">A m\u00e9s, aquest actiu no nom\u00e9s aporta hidrataci\u00f3, sin\u00f3 que tamb\u00e9 calma la pell despr\u00e9s de l\u2019exposici\u00f3 solar, irritacions, afaitat o depilaci\u00f3. La seva textura lleugera i f\u00e0cil d\u2019absorbir fa que sigui apte per a tot tipus de pells, fins i tot les m\u00e9s sensibles.<\/p>\n<p data-start=\"1222\" data-end=\"1448\">D\u2019altra banda, en ser 100% pur i sense additius qu\u00edmics, \u00e9s una opci\u00f3 segura per a la cura di\u00e0ria. Pots aplicar-lo sol com a tractament hidratant o b\u00e9 combinar-lo amb altres productes cosm\u00e8tics per potenciar-ne l\u2019efic\u00e0cia.<\/p>\n<p data-start=\"1450\" data-end=\"1710\">Finalment, cal recordar que l\u2019origen ecol\u00f2gic de l\u2019Aloe vera no nom\u00e9s garanteix una alta qualitat, sin\u00f3 tamb\u00e9 un proc\u00e9s de producci\u00f3 sostenible i \u00e8tic. Aix\u00f2 el converteix en una opci\u00f3 ideal per a qui vol cuidar la seva pell i, alhora, respectar el planeta.<\/p>\n<p data-start=\"1712\" data-end=\"1847\">En resum, l\u2019Aloe vera 100% pur \u00e9s un imprescindible a la teva rutina. Hidrataci\u00f3, frescor i protecci\u00f3 en un sol ingredient natural.<\/p>\n<p><span class=\"Y2IQFc\" lang=\"ca\">.<\/span><\/p>\n<p><img decoding=\"async\" class=\"alignnone size-full wp-image-2003\" src=\"https:\/\/herboristeriamerce.com\/wp-content\/uploads\/2025\/06\/ambos_Mesa-de-trabajo-1-300x150-1.jpg\" alt=\"\" width=\"300\" height=\"150\" \/><\/p>","protected":false},"excerpt":{"rendered":"<p><span class=\"Y2IQFc\" lang=\"ca\">Hidratant i regenerador<\/span><\/p>","protected":false},"featured_media":2002,"comment_status":"open","ping_status":"closed","template":"","meta":{"site-sidebar-layout":"default","site-content-layout":"","ast-site-content-layout":"default","site-content-style":"default","site-sidebar-style":"default","ast-global-header-display":"","ast-banner-title-visibility":"","ast-main-header-display":"","ast-hfb-above-header-display":"","ast-hfb-below-header-display":"","ast-hfb-mobile-header-display":"","site-post-title":"","ast-breadcrumbs-content":"","ast-featured-img":"","footer-sml-layout":"","ast-disable-related-posts":"","theme-transparent-header-meta":"default","adv-header-id-meta":"","stick-header-meta":"","header-above-stick-meta":"","header-main-stick-meta":"","header-below-stick-meta":"","astra-migrate-meta-layouts":"set","ast-page-background-enabled":"default","ast-page-background-meta":{"desktop":{"background-color":"var(--ast-global-color-4)","background-image":"","background-repeat":"repeat","background-position":"center center","background-size":"auto","background-attachment":"scroll","background-type":"","background-media":"","overlay-type":"","overlay-color":"","overlay-opacity":"","overlay-gradient":""},"tablet":{"background-color":"","background-image":"","background-repeat":"repeat","background-position":"center center","background-size":"auto","background-attachment":"scroll","background-type":"","background-media":"","overlay-type":"","overlay-color":"","overlay-opacity":"","overlay-gradient":""},"mobile":{"background-color":"","background-image":"","background-repeat":"repeat","background-position":"center center","background-size":"auto","background-attachment":"scroll","background-type":"","background-media":"","overlay-type":"","overlay-color":"","overlay-opacity":"","overlay-gradient":""}},"ast-content-background-meta":{"desktop":{"background-color":"var(--ast-global-color-5)","background-image":"","background-repeat":"repeat","background-position":"center center","background-size":"auto","background-attachment":"scroll","background-type":"","background-media":"","overlay-type":"","overlay-color":"","overlay-opacity":"","overlay-gradient":""},"tablet":{"background-color":"var(--ast-global-color-5)","background-image":"","background-repeat":"repeat","background-position":"center center","background-size":"auto","background-attachment":"scroll","background-type":"","background-media":"","overlay-type":"","overlay-color":"","overlay-opacity":"","overlay-gradient":""},"mobile":{"background-color":"var(--ast-global-color-5)","background-image":"","background-repeat":"repeat","background-position":"center center","background-size":"auto","background-attachment":"scroll","background-type":"","background-media":"","overlay-type":"","overlay-color":"","overlay-opacity":"","overlay-gradient":""}}},"product_brand":[160],"product_cat":[149,120,91],"product_tag":[155,188,164],"class_list":{"0":"post-2001","1":"product","2":"type-product","3":"status-publish","4":"has-post-thumbnail","6":"product_brand-ebers","7":"product_cat-hidratacio","8":"product_cat-solar","9":"product_cat-tractaments-facials","10":"product_tag-bio","11":"product_tag-cruelty-free","12":"product_tag-vegan","13":"desktop-align-left","14":"tablet-align-left","15":"mobile-align-left","17":"first","18":"instock","19":"taxable","20":"shipping-taxable","21":"purchasable","22":"product-type-simple"},"yoast_head":"<!-- This site is optimized with the Yoast SEO plugin v27.5 - https:\/\/yoast.com\/product\/yoast-seo-wordpress\/ -->\n<title>Gel Aloe Vera 100% Eco 500 ml - Herbolari Merc\u00e8 Aloe vera 100% pur ecol\u00f2gic<\/title>\n<meta name=\"description\" content=\"Hidrata i protegeix la pell amb Aloe vera 100% pur ecol\u00f2gic. Ingredient natural, humectant i suau, ideal per a tot tipus de pel\" \/>\n<meta name=\"robots\" content=\"index, follow, max-snippet:-1, max-image-preview:large, max-video-preview:-1\" \/>\n<link rel=\"canonical\" href=\"https:\/\/herboristeriamerce.com\/es\/herboristeria-online\/cos-i-cara\/corporal\/hidratacio\/gel-aloe-vera-100-eco-500-ml-aloe-vera-100-pur-ecologic\/\" \/>\n<meta property=\"og:locale\" content=\"es_ES\" \/>\n<meta property=\"og:type\" content=\"article\" \/>\n<meta property=\"og:title\" content=\"Gel Aloe Vera 100% Eco 500 ml - Herbolari Merc\u00e8 Aloe vera 100% pur ecol\u00f2gic\" \/>\n<meta property=\"og:description\" content=\"Hidrata i protegeix la pell amb Aloe vera 100% pur ecol\u00f2gic. Ingredient natural, humectant i suau, ideal per a tot tipus de pel\" \/>\n<meta property=\"og:url\" content=\"https:\/\/herboristeriamerce.com\/es\/herboristeria-online\/cos-i-cara\/corporal\/hidratacio\/gel-aloe-vera-100-eco-500-ml-aloe-vera-100-pur-ecologic\/\" \/>\n<meta property=\"og:site_name\" content=\"Herbolari Merc\u00e8\" \/>\n<meta property=\"article:modified_time\" content=\"2025-08-01T10:08:57+00:00\" \/>\n<meta property=\"og:image\" content=\"https:\/\/herboristeriamerce.com\/wp-content\/uploads\/2025\/06\/GEL-ECO-500ml-3-897x634-1.png\" \/>\n\t<meta property=\"og:image:width\" content=\"897\" \/>\n\t<meta property=\"og:image:height\" content=\"634\" \/>\n\t<meta property=\"og:image:type\" content=\"image\/png\" \/>\n<meta name=\"twitter:card\" content=\"summary_large_image\" \/>\n<meta name=\"twitter:label1\" content=\"Tiempo de lectura\" \/>\n\t<meta name=\"twitter:data1\" content=\"2 minutos\" \/>\n<script type=\"application\/ld+json\" class=\"yoast-schema-graph\">{\"@context\":\"https:\\\/\\\/schema.org\",\"@graph\":[{\"@type\":\"WebPage\",\"@id\":\"https:\\\/\\\/herboristeriamerce.com\\\/herboristeria-online\\\/cos-i-cara\\\/corporal\\\/hidratacio\\\/gel-aloe-vera-100-eco-500-ml-aloe-vera-100-pur-ecologic\\\/\",\"url\":\"https:\\\/\\\/herboristeriamerce.com\\\/herboristeria-online\\\/cos-i-cara\\\/corporal\\\/hidratacio\\\/gel-aloe-vera-100-eco-500-ml-aloe-vera-100-pur-ecologic\\\/\",\"name\":\"Gel Aloe Vera 100% Eco 500 ml - Herbolari Merc\u00e8 Aloe vera 100% pur ecol\u00f2gic\",\"isPartOf\":{\"@id\":\"https:\\\/\\\/herboristeriamerce.com\\\/#website\"},\"primaryImageOfPage\":{\"@id\":\"https:\\\/\\\/herboristeriamerce.com\\\/herboristeria-online\\\/cos-i-cara\\\/corporal\\\/hidratacio\\\/gel-aloe-vera-100-eco-500-ml-aloe-vera-100-pur-ecologic\\\/#primaryimage\"},\"image\":{\"@id\":\"https:\\\/\\\/herboristeriamerce.com\\\/herboristeria-online\\\/cos-i-cara\\\/corporal\\\/hidratacio\\\/gel-aloe-vera-100-eco-500-ml-aloe-vera-100-pur-ecologic\\\/#primaryimage\"},\"thumbnailUrl\":\"https:\\\/\\\/herboristeriamerce.com\\\/wp-content\\\/uploads\\\/2025\\\/06\\\/GEL-ECO-500ml-3-897x634-1.png\",\"datePublished\":\"2025-06-07T09:42:30+00:00\",\"dateModified\":\"2025-08-01T10:08:57+00:00\",\"description\":\"Hidrata i protegeix la pell amb Aloe vera 100% pur ecol\u00f2gic. Ingredient natural, humectant i suau, ideal per a tot tipus de pel\",\"breadcrumb\":{\"@id\":\"https:\\\/\\\/herboristeriamerce.com\\\/herboristeria-online\\\/cos-i-cara\\\/corporal\\\/hidratacio\\\/gel-aloe-vera-100-eco-500-ml-aloe-vera-100-pur-ecologic\\\/#breadcrumb\"},\"inLanguage\":\"es\",\"potentialAction\":[{\"@type\":\"ReadAction\",\"target\":[\"https:\\\/\\\/herboristeriamerce.com\\\/herboristeria-online\\\/cos-i-cara\\\/corporal\\\/hidratacio\\\/gel-aloe-vera-100-eco-500-ml-aloe-vera-100-pur-ecologic\\\/\"]}]},{\"@type\":\"ImageObject\",\"inLanguage\":\"es\",\"@id\":\"https:\\\/\\\/herboristeriamerce.com\\\/herboristeria-online\\\/cos-i-cara\\\/corporal\\\/hidratacio\\\/gel-aloe-vera-100-eco-500-ml-aloe-vera-100-pur-ecologic\\\/#primaryimage\",\"url\":\"https:\\\/\\\/herboristeriamerce.com\\\/wp-content\\\/uploads\\\/2025\\\/06\\\/GEL-ECO-500ml-3-897x634-1.png\",\"contentUrl\":\"https:\\\/\\\/herboristeriamerce.com\\\/wp-content\\\/uploads\\\/2025\\\/06\\\/GEL-ECO-500ml-3-897x634-1.png\",\"width\":897,\"height\":634},{\"@type\":\"BreadcrumbList\",\"@id\":\"https:\\\/\\\/herboristeriamerce.com\\\/herboristeria-online\\\/cos-i-cara\\\/corporal\\\/hidratacio\\\/gel-aloe-vera-100-eco-500-ml-aloe-vera-100-pur-ecologic\\\/#breadcrumb\",\"itemListElement\":[{\"@type\":\"ListItem\",\"position\":1,\"name\":\"Inici\",\"item\":\"https:\\\/\\\/herboristeriamerce.com\\\/\"},{\"@type\":\"ListItem\",\"position\":2,\"name\":\"Herboristeria online\",\"item\":\"https:\\\/\\\/herboristeriamerce.com\\\/herboristeria-online\\\/\"},{\"@type\":\"ListItem\",\"position\":3,\"name\":\"Gel Aloe Vera 100% Eco 500 ml\"}]},{\"@type\":\"WebSite\",\"@id\":\"https:\\\/\\\/herboristeriamerce.com\\\/#website\",\"url\":\"https:\\\/\\\/herboristeriamerce.com\\\/\",\"name\":\"Herbolari Merc\u00e8\",\"description\":\"Herbolari a Terrassa\",\"publisher\":{\"@id\":\"https:\\\/\\\/herboristeriamerce.com\\\/#organization\"},\"potentialAction\":[{\"@type\":\"SearchAction\",\"target\":{\"@type\":\"EntryPoint\",\"urlTemplate\":\"https:\\\/\\\/herboristeriamerce.com\\\/?s={search_term_string}\"},\"query-input\":{\"@type\":\"PropertyValueSpecification\",\"valueRequired\":true,\"valueName\":\"search_term_string\"}}],\"inLanguage\":\"es\"},{\"@type\":\"Organization\",\"@id\":\"https:\\\/\\\/herboristeriamerce.com\\\/#organization\",\"name\":\"Herbolari Merc\u00e8\",\"url\":\"https:\\\/\\\/herboristeriamerce.com\\\/\",\"logo\":{\"@type\":\"ImageObject\",\"inLanguage\":\"es\",\"@id\":\"https:\\\/\\\/herboristeriamerce.com\\\/#\\\/schema\\\/logo\\\/image\\\/\",\"url\":\"https:\\\/\\\/herboristeriamerce.com\\\/wp-content\\\/uploads\\\/2025\\\/04\\\/cropped-logo-herboristeria-330x168-229w.webp\",\"contentUrl\":\"https:\\\/\\\/herboristeriamerce.com\\\/wp-content\\\/uploads\\\/2025\\\/04\\\/cropped-logo-herboristeria-330x168-229w.webp\",\"width\":230,\"height\":117,\"caption\":\"Herbolari Merc\u00e8\"},\"image\":{\"@id\":\"https:\\\/\\\/herboristeriamerce.com\\\/#\\\/schema\\\/logo\\\/image\\\/\"}}]}<\/script>\n<!-- \/ Yoast SEO plugin. -->","yoast_head_json":{"title":"Gel Aloe Vera 100% Eco 500 ml - Herbolari Merc\u00e8 Aloe vera 100% pur ecol\u00f2gic","description":"Hidrata i protegeix la pell amb Aloe vera 100% pur ecol\u00f2gic. Ingredient natural, humectant i suau, ideal per a tot tipus de pel","robots":{"index":"index","follow":"follow","max-snippet":"max-snippet:-1","max-image-preview":"max-image-preview:large","max-video-preview":"max-video-preview:-1"},"canonical":"https:\/\/herboristeriamerce.com\/es\/herboristeria-online\/cos-i-cara\/corporal\/hidratacio\/gel-aloe-vera-100-eco-500-ml-aloe-vera-100-pur-ecologic\/","og_locale":"es_ES","og_type":"article","og_title":"Gel Aloe Vera 100% Eco 500 ml - Herbolari Merc\u00e8 Aloe vera 100% pur ecol\u00f2gic","og_description":"Hidrata i protegeix la pell amb Aloe vera 100% pur ecol\u00f2gic. Ingredient natural, humectant i suau, ideal per a tot tipus de pel","og_url":"https:\/\/herboristeriamerce.com\/es\/herboristeria-online\/cos-i-cara\/corporal\/hidratacio\/gel-aloe-vera-100-eco-500-ml-aloe-vera-100-pur-ecologic\/","og_site_name":"Herbolari Merc\u00e8","article_modified_time":"2025-08-01T10:08:57+00:00","og_image":[{"width":897,"height":634,"url":"https:\/\/herboristeriamerce.com\/wp-content\/uploads\/2025\/06\/GEL-ECO-500ml-3-897x634-1.png","type":"image\/png"}],"twitter_card":"summary_large_image","twitter_misc":{"Tiempo de lectura":"2 minutos"},"schema":{"@context":"https:\/\/schema.org","@graph":[{"@type":"WebPage","@id":"https:\/\/herboristeriamerce.com\/herboristeria-online\/cos-i-cara\/corporal\/hidratacio\/gel-aloe-vera-100-eco-500-ml-aloe-vera-100-pur-ecologic\/","url":"https:\/\/herboristeriamerce.com\/herboristeria-online\/cos-i-cara\/corporal\/hidratacio\/gel-aloe-vera-100-eco-500-ml-aloe-vera-100-pur-ecologic\/","name":"Gel Aloe Vera 100% Eco 500 ml - Herbolari Merc\u00e8 Aloe vera 100% pur ecol\u00f2gic","isPartOf":{"@id":"https:\/\/herboristeriamerce.com\/#website"},"primaryImageOfPage":{"@id":"https:\/\/herboristeriamerce.com\/herboristeria-online\/cos-i-cara\/corporal\/hidratacio\/gel-aloe-vera-100-eco-500-ml-aloe-vera-100-pur-ecologic\/#primaryimage"},"image":{"@id":"https:\/\/herboristeriamerce.com\/herboristeria-online\/cos-i-cara\/corporal\/hidratacio\/gel-aloe-vera-100-eco-500-ml-aloe-vera-100-pur-ecologic\/#primaryimage"},"thumbnailUrl":"https:\/\/herboristeriamerce.com\/wp-content\/uploads\/2025\/06\/GEL-ECO-500ml-3-897x634-1.png","datePublished":"2025-06-07T09:42:30+00:00","dateModified":"2025-08-01T10:08:57+00:00","description":"Hidrata i protegeix la pell amb Aloe vera 100% pur ecol\u00f2gic. Ingredient natural, humectant i suau, ideal per a tot tipus de pel","breadcrumb":{"@id":"https:\/\/herboristeriamerce.com\/herboristeria-online\/cos-i-cara\/corporal\/hidratacio\/gel-aloe-vera-100-eco-500-ml-aloe-vera-100-pur-ecologic\/#breadcrumb"},"inLanguage":"es","potentialAction":[{"@type":"ReadAction","target":["https:\/\/herboristeriamerce.com\/herboristeria-online\/cos-i-cara\/corporal\/hidratacio\/gel-aloe-vera-100-eco-500-ml-aloe-vera-100-pur-ecologic\/"]}]},{"@type":"ImageObject","inLanguage":"es","@id":"https:\/\/herboristeriamerce.com\/herboristeria-online\/cos-i-cara\/corporal\/hidratacio\/gel-aloe-vera-100-eco-500-ml-aloe-vera-100-pur-ecologic\/#primaryimage","url":"https:\/\/herboristeriamerce.com\/wp-content\/uploads\/2025\/06\/GEL-ECO-500ml-3-897x634-1.png","contentUrl":"https:\/\/herboristeriamerce.com\/wp-content\/uploads\/2025\/06\/GEL-ECO-500ml-3-897x634-1.png","width":897,"height":634},{"@type":"BreadcrumbList","@id":"https:\/\/herboristeriamerce.com\/herboristeria-online\/cos-i-cara\/corporal\/hidratacio\/gel-aloe-vera-100-eco-500-ml-aloe-vera-100-pur-ecologic\/#breadcrumb","itemListElement":[{"@type":"ListItem","position":1,"name":"Inici","item":"https:\/\/herboristeriamerce.com\/"},{"@type":"ListItem","position":2,"name":"Herboristeria online","item":"https:\/\/herboristeriamerce.com\/herboristeria-online\/"},{"@type":"ListItem","position":3,"name":"Gel Aloe Vera 100% Eco 500 ml"}]},{"@type":"WebSite","@id":"https:\/\/herboristeriamerce.com\/#website","url":"https:\/\/herboristeriamerce.com\/","name":"Herbolari Merc\u00e8","description":"Herbolari a Terrassa","publisher":{"@id":"https:\/\/herboristeriamerce.com\/#organization"},"potentialAction":[{"@type":"SearchAction","target":{"@type":"EntryPoint","urlTemplate":"https:\/\/herboristeriamerce.com\/?s={search_term_string}"},"query-input":{"@type":"PropertyValueSpecification","valueRequired":true,"valueName":"search_term_string"}}],"inLanguage":"es"},{"@type":"Organization","@id":"https:\/\/herboristeriamerce.com\/#organization","name":"Herbolari Merc\u00e8","url":"https:\/\/herboristeriamerce.com\/","logo":{"@type":"ImageObject","inLanguage":"es","@id":"https:\/\/herboristeriamerce.com\/#\/schema\/logo\/image\/","url":"https:\/\/herboristeriamerce.com\/wp-content\/uploads\/2025\/04\/cropped-logo-herboristeria-330x168-229w.webp","contentUrl":"https:\/\/herboristeriamerce.com\/wp-content\/uploads\/2025\/04\/cropped-logo-herboristeria-330x168-229w.webp","width":230,"height":117,"caption":"Herbolari Merc\u00e8"},"image":{"@id":"https:\/\/herboristeriamerce.com\/#\/schema\/logo\/image\/"}}]}},"_links":{"self":[{"href":"https:\/\/herboristeriamerce.com\/es\/wp-json\/wp\/v2\/product\/2001","targetHints":{"allow":["GET"]}}],"collection":[{"href":"https:\/\/herboristeriamerce.com\/es\/wp-json\/wp\/v2\/product"}],"about":[{"href":"https:\/\/herboristeriamerce.com\/es\/wp-json\/wp\/v2\/types\/product"}],"replies":[{"embeddable":true,"href":"https:\/\/herboristeriamerce.com\/es\/wp-json\/wp\/v2\/comments?post=2001"}],"wp:featuredmedia":[{"embeddable":true,"href":"https:\/\/herboristeriamerce.com\/es\/wp-json\/wp\/v2\/media\/2002"}],"wp:attachment":[{"href":"https:\/\/herboristeriamerce.com\/es\/wp-json\/wp\/v2\/media?parent=2001"}],"wp:term":[{"taxonomy":"product_brand","embeddable":true,"href":"https:\/\/herboristeriamerce.com\/es\/wp-json\/wp\/v2\/product_brand?post=2001"},{"taxonomy":"product_cat","embeddable":true,"href":"https:\/\/herboristeriamerce.com\/es\/wp-json\/wp\/v2\/product_cat?post=2001"},{"taxonomy":"product_tag","embeddable":true,"href":"https:\/\/herboristeriamerce.com\/es\/wp-json\/wp\/v2\/product_tag?post=2001"}],"curies":[{"name":"wp","href":"https:\/\/api.w.org\/{rel}","templated":true}]}}