{"id":1981,"date":"2025-06-06T17:13:41","date_gmt":"2025-06-06T17:13:41","guid":{"rendered":"https:\/\/herboristeriamerce.com\/?post_type=product&#038;p=1981"},"modified":"2025-08-01T10:15:29","modified_gmt":"2025-08-01T10:15:29","slug":"canyella-de-ceilan-branca","status":"publish","type":"product","link":"https:\/\/herboristeriamerce.com\/es\/herboristeria-online\/alimentacio-saludable\/especies-culinaries\/canyella-de-ceilan-branca\/","title":{"rendered":"Canyella de Ceilan branca"},"content":{"rendered":"<h3 data-start=\"193\" data-end=\"266\">Canyella de Ceilan en branca \u2013 Arom\u00e0tica, vers\u00e0til i plena de beneficis<\/h3>\n<p data-start=\"268\" data-end=\"515\">La Canyella de Ceilan en branca \u00e9s una esp\u00e8cia arom\u00e0tica i suau que destaca pel seu sabor fresc i dol\u00e7. Procedent de l\u2019escor\u00e7a del canyeller de Ceilan, \u00e9s considerada la varietat de m\u00e9s qualitat i delicadesa. Per aix\u00f2, no pot faltar a cap cuina.<\/p>\n<p data-start=\"517\" data-end=\"823\">En primer lloc, la canyella \u00e9s ideal per afegir gust i aroma a una gran varietat de plats. \u00c9s molt popular en postres i rebosteria, com ara galetes, coques, cremes i l\u2019arr\u00f2s amb llet, on el seu sabor delicat marca la difer\u00e8ncia. A m\u00e9s, tamb\u00e9 s\u2019utilitza en begudes com batuts, caf\u00e8s i infusions.<\/p>\n<p data-start=\"825\" data-end=\"1103\">Tanmateix, la seva versatilitat no s\u2019acaba aqu\u00ed. Tamb\u00e9 pots fer-la servir en receptes salades, com ara guisats de carn, amanides calentes o per condimentar llegums i cereals. Una simple culleradeta pot transformar un plat senzill en una experi\u00e8ncia arom\u00e0tica i reconfortant.<\/p>\n<p data-start=\"1105\" data-end=\"1390\">Per\u00f2 no nom\u00e9s \u00e9s deliciosa<strong data-start=\"1105\" data-end=\"1136\">.<\/strong> La canyella de Ceilan aporta tamb\u00e9 importants beneficis per a la salut. \u00c9s rica en fibra, ferro, calci, vitamina B6, vitamina C i zinc. Gr\u00e0cies al seu alt contingut en antioxidants, ajuda a combatre l\u2019envelliment cel\u00b7lular i millora la digesti\u00f3.<\/p>\n<p data-start=\"1392\" data-end=\"1667\">Tamb\u00e9 t\u00e9 efectes antiinflamatoris, especialment beneficiosos per a l\u2019intest\u00ed i l\u2019est\u00f3mac. A m\u00e9s, s\u2019ha relacionat amb millores en la mem\u00f2ria i ajuda a regular els s\u00edmptomes menstruals. Per tot aix\u00f2, \u00e9s molt m\u00e9s que una esp\u00e8cia: \u00e9s un complement nutricional valu\u00f3s.<\/p>\n<p data-start=\"1669\" data-end=\"1817\">En resum, la Canyella de Ceilan en pols \u00e9s sabor, aroma i benestar. Una esp\u00e8cia natural, saludable i vers\u00e0til que no pot faltar a la teva cuina.<\/p>","protected":false},"excerpt":{"rendered":"<p>Canyella en Pols de Ceilan (Cinnamomum verum) de molt alta qualitat i una frag\u00e0ncia i sabor molt especial i caracter\u00edstic que aporta beneficis a nivell culinari i terap\u00e8utic.<\/p>","protected":false},"featured_media":1973,"comment_status":"open","ping_status":"closed","template":"","meta":{"site-sidebar-layout":"default","site-content-layout":"","ast-site-content-layout":"default","site-content-style":"default","site-sidebar-style":"default","ast-global-header-display":"","ast-banner-title-visibility":"","ast-main-header-display":"","ast-hfb-above-header-display":"","ast-hfb-below-header-display":"","ast-hfb-mobile-header-display":"","site-post-title":"","ast-breadcrumbs-content":"","ast-featured-img":"","footer-sml-layout":"","ast-disable-related-posts":"","theme-transparent-header-meta":"default","adv-header-id-meta":"","stick-header-meta":"","header-above-stick-meta":"","header-main-stick-meta":"","header-below-stick-meta":"","astra-migrate-meta-layouts":"set","ast-page-background-enabled":"default","ast-page-background-meta":{"desktop":{"background-color":"var(--ast-global-color-4)","background-image":"","background-repeat":"repeat","background-position":"center center","background-size":"auto","background-attachment":"scroll","background-type":"","background-media":"","overlay-type":"","overlay-color":"","overlay-opacity":"","overlay-gradient":""},"tablet":{"background-color":"","background-image":"","background-repeat":"repeat","background-position":"center center","background-size":"auto","background-attachment":"scroll","background-type":"","background-media":"","overlay-type":"","overlay-color":"","overlay-opacity":"","overlay-gradient":""},"mobile":{"background-color":"","background-image":"","background-repeat":"repeat","background-position":"center center","background-size":"auto","background-attachment":"scroll","background-type":"","background-media":"","overlay-type":"","overlay-color":"","overlay-opacity":"","overlay-gradient":""}},"ast-content-background-meta":{"desktop":{"background-color":"var(--ast-global-color-5)","background-image":"","background-repeat":"repeat","background-position":"center center","background-size":"auto","background-attachment":"scroll","background-type":"","background-media":"","overlay-type":"","overlay-color":"","overlay-opacity":"","overlay-gradient":""},"tablet":{"background-color":"var(--ast-global-color-5)","background-image":"","background-repeat":"repeat","background-position":"center center","background-size":"auto","background-attachment":"scroll","background-type":"","background-media":"","overlay-type":"","overlay-color":"","overlay-opacity":"","overlay-gradient":""},"mobile":{"background-color":"var(--ast-global-color-5)","background-image":"","background-repeat":"repeat","background-position":"center center","background-size":"auto","background-attachment":"scroll","background-type":"","background-media":"","overlay-type":"","overlay-color":"","overlay-opacity":"","overlay-gradient":""}}},"product_brand":[],"product_cat":[100,132,153,71,117,116],"product_tag":[155,188,171,164],"class_list":{"0":"post-1981","1":"product","2":"type-product","3":"status-publish","4":"has-post-thumbnail","6":"product_cat-digestio","7":"product_cat-equilibri-menstrual","8":"product_cat-especies-culinaries","9":"product_cat-infusio","10":"product_cat-minerals-vitamines","11":"product_cat-oseoarticular","12":"product_tag-bio","13":"product_tag-cruelty-free","14":"product_tag-granel","15":"product_tag-vegan","16":"desktop-align-left","17":"tablet-align-left","18":"mobile-align-left","20":"first","21":"instock","22":"taxable","23":"shipping-taxable","24":"purchasable","25":"product-type-variable"},"yoast_head":"<!-- This site is optimized with the Yoast SEO plugin v27.5 - https:\/\/yoast.com\/product\/yoast-seo-wordpress\/ -->\n<title>Canyella de Ceilan branca - Herbolari Merc\u00e8<\/title>\n<meta name=\"robots\" content=\"index, follow, max-snippet:-1, max-image-preview:large, max-video-preview:-1\" \/>\n<link rel=\"canonical\" href=\"https:\/\/herboristeriamerce.com\/es\/herboristeria-online\/alimentacio-saludable\/especies-culinaries\/canyella-de-ceilan-branca\/\" \/>\n<meta property=\"og:locale\" content=\"es_ES\" \/>\n<meta property=\"og:type\" content=\"article\" \/>\n<meta property=\"og:title\" content=\"Canyella de Ceilan branca - Herbolari Merc\u00e8\" \/>\n<meta property=\"og:description\" content=\"Canyella en Pols de Ceilan (Cinnamomum verum) de molt alta qualitat i una frag\u00e0ncia i sabor molt especial i caracter\u00edstic que aporta beneficis a nivell culinari i terap\u00e8utic.\" \/>\n<meta property=\"og:url\" content=\"https:\/\/herboristeriamerce.com\/es\/herboristeria-online\/alimentacio-saludable\/especies-culinaries\/canyella-de-ceilan-branca\/\" \/>\n<meta property=\"og:site_name\" content=\"Herbolari Merc\u00e8\" \/>\n<meta property=\"article:modified_time\" content=\"2025-08-01T10:15:29+00:00\" \/>\n<meta property=\"og:image\" content=\"https:\/\/herboristeriamerce.com\/wp-content\/uploads\/2025\/06\/Fotolia_116496311_Subscription_Monthly_M.jpg\" \/>\n\t<meta property=\"og:image:width\" content=\"1688\" \/>\n\t<meta property=\"og:image:height\" content=\"1125\" \/>\n\t<meta property=\"og:image:type\" content=\"image\/jpeg\" \/>\n<meta name=\"twitter:card\" content=\"summary_large_image\" \/>\n<meta name=\"twitter:label1\" content=\"Tiempo de lectura\" \/>\n\t<meta name=\"twitter:data1\" content=\"2 minutos\" \/>\n<script type=\"application\/ld+json\" class=\"yoast-schema-graph\">{\"@context\":\"https:\\\/\\\/schema.org\",\"@graph\":[{\"@type\":\"WebPage\",\"@id\":\"https:\\\/\\\/herboristeriamerce.com\\\/herboristeria-online\\\/alimentacio-saludable\\\/especies-culinaries\\\/canyella-de-ceilan-branca\\\/\",\"url\":\"https:\\\/\\\/herboristeriamerce.com\\\/herboristeria-online\\\/alimentacio-saludable\\\/especies-culinaries\\\/canyella-de-ceilan-branca\\\/\",\"name\":\"Canyella de Ceilan branca - Herbolari Merc\u00e8\",\"isPartOf\":{\"@id\":\"https:\\\/\\\/herboristeriamerce.com\\\/#website\"},\"primaryImageOfPage\":{\"@id\":\"https:\\\/\\\/herboristeriamerce.com\\\/herboristeria-online\\\/alimentacio-saludable\\\/especies-culinaries\\\/canyella-de-ceilan-branca\\\/#primaryimage\"},\"image\":{\"@id\":\"https:\\\/\\\/herboristeriamerce.com\\\/herboristeria-online\\\/alimentacio-saludable\\\/especies-culinaries\\\/canyella-de-ceilan-branca\\\/#primaryimage\"},\"thumbnailUrl\":\"https:\\\/\\\/herboristeriamerce.com\\\/wp-content\\\/uploads\\\/2025\\\/06\\\/Fotolia_116496311_Subscription_Monthly_M.jpg\",\"datePublished\":\"2025-06-06T17:13:41+00:00\",\"dateModified\":\"2025-08-01T10:15:29+00:00\",\"breadcrumb\":{\"@id\":\"https:\\\/\\\/herboristeriamerce.com\\\/herboristeria-online\\\/alimentacio-saludable\\\/especies-culinaries\\\/canyella-de-ceilan-branca\\\/#breadcrumb\"},\"inLanguage\":\"es\",\"potentialAction\":[{\"@type\":\"ReadAction\",\"target\":[\"https:\\\/\\\/herboristeriamerce.com\\\/herboristeria-online\\\/alimentacio-saludable\\\/especies-culinaries\\\/canyella-de-ceilan-branca\\\/\"]}]},{\"@type\":\"ImageObject\",\"inLanguage\":\"es\",\"@id\":\"https:\\\/\\\/herboristeriamerce.com\\\/herboristeria-online\\\/alimentacio-saludable\\\/especies-culinaries\\\/canyella-de-ceilan-branca\\\/#primaryimage\",\"url\":\"https:\\\/\\\/herboristeriamerce.com\\\/wp-content\\\/uploads\\\/2025\\\/06\\\/Fotolia_116496311_Subscription_Monthly_M.jpg\",\"contentUrl\":\"https:\\\/\\\/herboristeriamerce.com\\\/wp-content\\\/uploads\\\/2025\\\/06\\\/Fotolia_116496311_Subscription_Monthly_M.jpg\",\"width\":1688,\"height\":1125,\"caption\":\"Cinnamon sticks and powder on a wooden surface\"},{\"@type\":\"BreadcrumbList\",\"@id\":\"https:\\\/\\\/herboristeriamerce.com\\\/herboristeria-online\\\/alimentacio-saludable\\\/especies-culinaries\\\/canyella-de-ceilan-branca\\\/#breadcrumb\",\"itemListElement\":[{\"@type\":\"ListItem\",\"position\":1,\"name\":\"Inici\",\"item\":\"https:\\\/\\\/herboristeriamerce.com\\\/\"},{\"@type\":\"ListItem\",\"position\":2,\"name\":\"Herboristeria online\",\"item\":\"https:\\\/\\\/herboristeriamerce.com\\\/herboristeria-online\\\/\"},{\"@type\":\"ListItem\",\"position\":3,\"name\":\"Canyella de Ceilan branca\"}]},{\"@type\":\"WebSite\",\"@id\":\"https:\\\/\\\/herboristeriamerce.com\\\/#website\",\"url\":\"https:\\\/\\\/herboristeriamerce.com\\\/\",\"name\":\"Herbolari Merc\u00e8\",\"description\":\"Herbolari a Terrassa\",\"publisher\":{\"@id\":\"https:\\\/\\\/herboristeriamerce.com\\\/#organization\"},\"potentialAction\":[{\"@type\":\"SearchAction\",\"target\":{\"@type\":\"EntryPoint\",\"urlTemplate\":\"https:\\\/\\\/herboristeriamerce.com\\\/?s={search_term_string}\"},\"query-input\":{\"@type\":\"PropertyValueSpecification\",\"valueRequired\":true,\"valueName\":\"search_term_string\"}}],\"inLanguage\":\"es\"},{\"@type\":\"Organization\",\"@id\":\"https:\\\/\\\/herboristeriamerce.com\\\/#organization\",\"name\":\"Herbolari Merc\u00e8\",\"url\":\"https:\\\/\\\/herboristeriamerce.com\\\/\",\"logo\":{\"@type\":\"ImageObject\",\"inLanguage\":\"es\",\"@id\":\"https:\\\/\\\/herboristeriamerce.com\\\/#\\\/schema\\\/logo\\\/image\\\/\",\"url\":\"https:\\\/\\\/herboristeriamerce.com\\\/wp-content\\\/uploads\\\/2025\\\/04\\\/cropped-logo-herboristeria-330x168-229w.webp\",\"contentUrl\":\"https:\\\/\\\/herboristeriamerce.com\\\/wp-content\\\/uploads\\\/2025\\\/04\\\/cropped-logo-herboristeria-330x168-229w.webp\",\"width\":230,\"height\":117,\"caption\":\"Herbolari Merc\u00e8\"},\"image\":{\"@id\":\"https:\\\/\\\/herboristeriamerce.com\\\/#\\\/schema\\\/logo\\\/image\\\/\"}}]}<\/script>\n<!-- \/ Yoast SEO plugin. -->","yoast_head_json":{"title":"Canyella de Ceilan branca - Herbolari Merc\u00e8","robots":{"index":"index","follow":"follow","max-snippet":"max-snippet:-1","max-image-preview":"max-image-preview:large","max-video-preview":"max-video-preview:-1"},"canonical":"https:\/\/herboristeriamerce.com\/es\/herboristeria-online\/alimentacio-saludable\/especies-culinaries\/canyella-de-ceilan-branca\/","og_locale":"es_ES","og_type":"article","og_title":"Canyella de Ceilan branca - Herbolari Merc\u00e8","og_description":"Canyella en Pols de Ceilan (Cinnamomum verum) de molt alta qualitat i una frag\u00e0ncia i sabor molt especial i caracter\u00edstic que aporta beneficis a nivell culinari i terap\u00e8utic.","og_url":"https:\/\/herboristeriamerce.com\/es\/herboristeria-online\/alimentacio-saludable\/especies-culinaries\/canyella-de-ceilan-branca\/","og_site_name":"Herbolari Merc\u00e8","article_modified_time":"2025-08-01T10:15:29+00:00","og_image":[{"width":1688,"height":1125,"url":"https:\/\/herboristeriamerce.com\/wp-content\/uploads\/2025\/06\/Fotolia_116496311_Subscription_Monthly_M.jpg","type":"image\/jpeg"}],"twitter_card":"summary_large_image","twitter_misc":{"Tiempo de lectura":"2 minutos"},"schema":{"@context":"https:\/\/schema.org","@graph":[{"@type":"WebPage","@id":"https:\/\/herboristeriamerce.com\/herboristeria-online\/alimentacio-saludable\/especies-culinaries\/canyella-de-ceilan-branca\/","url":"https:\/\/herboristeriamerce.com\/herboristeria-online\/alimentacio-saludable\/especies-culinaries\/canyella-de-ceilan-branca\/","name":"Canyella de Ceilan branca - Herbolari Merc\u00e8","isPartOf":{"@id":"https:\/\/herboristeriamerce.com\/#website"},"primaryImageOfPage":{"@id":"https:\/\/herboristeriamerce.com\/herboristeria-online\/alimentacio-saludable\/especies-culinaries\/canyella-de-ceilan-branca\/#primaryimage"},"image":{"@id":"https:\/\/herboristeriamerce.com\/herboristeria-online\/alimentacio-saludable\/especies-culinaries\/canyella-de-ceilan-branca\/#primaryimage"},"thumbnailUrl":"https:\/\/herboristeriamerce.com\/wp-content\/uploads\/2025\/06\/Fotolia_116496311_Subscription_Monthly_M.jpg","datePublished":"2025-06-06T17:13:41+00:00","dateModified":"2025-08-01T10:15:29+00:00","breadcrumb":{"@id":"https:\/\/herboristeriamerce.com\/herboristeria-online\/alimentacio-saludable\/especies-culinaries\/canyella-de-ceilan-branca\/#breadcrumb"},"inLanguage":"es","potentialAction":[{"@type":"ReadAction","target":["https:\/\/herboristeriamerce.com\/herboristeria-online\/alimentacio-saludable\/especies-culinaries\/canyella-de-ceilan-branca\/"]}]},{"@type":"ImageObject","inLanguage":"es","@id":"https:\/\/herboristeriamerce.com\/herboristeria-online\/alimentacio-saludable\/especies-culinaries\/canyella-de-ceilan-branca\/#primaryimage","url":"https:\/\/herboristeriamerce.com\/wp-content\/uploads\/2025\/06\/Fotolia_116496311_Subscription_Monthly_M.jpg","contentUrl":"https:\/\/herboristeriamerce.com\/wp-content\/uploads\/2025\/06\/Fotolia_116496311_Subscription_Monthly_M.jpg","width":1688,"height":1125,"caption":"Cinnamon sticks and powder on a wooden surface"},{"@type":"BreadcrumbList","@id":"https:\/\/herboristeriamerce.com\/herboristeria-online\/alimentacio-saludable\/especies-culinaries\/canyella-de-ceilan-branca\/#breadcrumb","itemListElement":[{"@type":"ListItem","position":1,"name":"Inici","item":"https:\/\/herboristeriamerce.com\/"},{"@type":"ListItem","position":2,"name":"Herboristeria online","item":"https:\/\/herboristeriamerce.com\/herboristeria-online\/"},{"@type":"ListItem","position":3,"name":"Canyella de Ceilan branca"}]},{"@type":"WebSite","@id":"https:\/\/herboristeriamerce.com\/#website","url":"https:\/\/herboristeriamerce.com\/","name":"Herbolari Merc\u00e8","description":"Herbolari a Terrassa","publisher":{"@id":"https:\/\/herboristeriamerce.com\/#organization"},"potentialAction":[{"@type":"SearchAction","target":{"@type":"EntryPoint","urlTemplate":"https:\/\/herboristeriamerce.com\/?s={search_term_string}"},"query-input":{"@type":"PropertyValueSpecification","valueRequired":true,"valueName":"search_term_string"}}],"inLanguage":"es"},{"@type":"Organization","@id":"https:\/\/herboristeriamerce.com\/#organization","name":"Herbolari Merc\u00e8","url":"https:\/\/herboristeriamerce.com\/","logo":{"@type":"ImageObject","inLanguage":"es","@id":"https:\/\/herboristeriamerce.com\/#\/schema\/logo\/image\/","url":"https:\/\/herboristeriamerce.com\/wp-content\/uploads\/2025\/04\/cropped-logo-herboristeria-330x168-229w.webp","contentUrl":"https:\/\/herboristeriamerce.com\/wp-content\/uploads\/2025\/04\/cropped-logo-herboristeria-330x168-229w.webp","width":230,"height":117,"caption":"Herbolari Merc\u00e8"},"image":{"@id":"https:\/\/herboristeriamerce.com\/#\/schema\/logo\/image\/"}}]}},"_links":{"self":[{"href":"https:\/\/herboristeriamerce.com\/es\/wp-json\/wp\/v2\/product\/1981","targetHints":{"allow":["GET"]}}],"collection":[{"href":"https:\/\/herboristeriamerce.com\/es\/wp-json\/wp\/v2\/product"}],"about":[{"href":"https:\/\/herboristeriamerce.com\/es\/wp-json\/wp\/v2\/types\/product"}],"replies":[{"embeddable":true,"href":"https:\/\/herboristeriamerce.com\/es\/wp-json\/wp\/v2\/comments?post=1981"}],"wp:featuredmedia":[{"embeddable":true,"href":"https:\/\/herboristeriamerce.com\/es\/wp-json\/wp\/v2\/media\/1973"}],"wp:attachment":[{"href":"https:\/\/herboristeriamerce.com\/es\/wp-json\/wp\/v2\/media?parent=1981"}],"wp:term":[{"taxonomy":"product_brand","embeddable":true,"href":"https:\/\/herboristeriamerce.com\/es\/wp-json\/wp\/v2\/product_brand?post=1981"},{"taxonomy":"product_cat","embeddable":true,"href":"https:\/\/herboristeriamerce.com\/es\/wp-json\/wp\/v2\/product_cat?post=1981"},{"taxonomy":"product_tag","embeddable":true,"href":"https:\/\/herboristeriamerce.com\/es\/wp-json\/wp\/v2\/product_tag?post=1981"}],"curies":[{"name":"wp","href":"https:\/\/api.w.org\/{rel}","templated":true}]}}