{"id":1966,"date":"2025-06-06T16:43:39","date_gmt":"2025-06-06T16:43:39","guid":{"rendered":"https:\/\/herboristeriamerce.com\/?post_type=product&#038;p=1966"},"modified":"2026-02-25T10:47:24","modified_gmt":"2026-02-25T10:47:24","slug":"eco-tires-de-detergent-natulim-p-detergent-sostenible-i-potenter-a-nadons-40-rentats","status":"publish","type":"product","link":"https:\/\/herboristeriamerce.com\/es\/herboristeria-online\/llar\/neteja-llar\/roba\/eco-tires-de-detergent-natulim-p-detergent-sostenible-i-potenter-a-nadons-40-rentats\/","title":{"rendered":"Eco-Tires de Detergent Natulim Natural &#8211; 40 Rentats"},"content":{"rendered":"<p data-start=\"98\" data-end=\"337\">No cal sacrificar el poder de neteja per voler rentar de forma m\u00e9s sostenible. Amb Natulim, obtens la mateixa pot\u00e8ncia que qualsevol detergent l\u00edquid o en pols de primeres marques, per\u00f2 amb un enfocament m\u00e9s respectu\u00f3s amb el medi ambient.<\/p>\n<p data-start=\"339\" data-end=\"640\">En primer lloc, Natulim \u00e9s apte per a pells sensibles, cosa que el fa ideal per a tota la fam\u00edlia, inclosos els m\u00e9s petits o persones amb sensibilitat cut\u00e0nia. A m\u00e9s, \u00e9s efica\u00e7 tant per a roba blanca com per a roba de color, garantint resultats impecables sense malmetre els teixits ni les tonalitats.<\/p>\n<p data-start=\"642\" data-end=\"935\">D\u2019altra banda, aquest detergent funciona en totes les rentadores, la qual cosa facilita la seva utilitzaci\u00f3 sense haver de preocupar-te pel tipus de m\u00e0quina que tens a casa. A m\u00e9s, \u00e9s lliure de qu\u00edmics contaminants i perjudicials, oferint una neteja poderosa per\u00f2 segura per a tu i el planeta.<\/p>\n<p data-start=\"937\" data-end=\"1195\">Tamb\u00e9 cal destacar que Natulim \u00e9s veg\u00e0 i Cruelty Free, reafirmant el nostre comprom\u00eds amb el respecte animal i la sostenibilitat. Finalment, l\u2019env\u00e0s est\u00e0 fabricat amb cart\u00f3 biodegradable, la qual cosa redueix l\u2019impacte ambiental i ajuda a minimitzar residus.<\/p>\n<p data-start=\"1197\" data-end=\"1402\">Per tant, amb Natulim no nom\u00e9s cuides la teva roba i la teva pell, sin\u00f3 que tamb\u00e9 contribueixes a un estil de vida m\u00e9s sostenible i conscient. No cal renunciar a l\u2019efic\u00e0cia per fer una elecci\u00f3 responsable.<\/p>\n<p><span style=\"font-size: 1.7em; font-weight: bold;\">Caracter\u00edstiques del producte:<\/span><\/p>\n<div id=\"tw-container\" class=\"nev7se\" data-cp=\"1\" data-nnttsvi=\"1\" data-ntl-fpwrite=\"true\" data-sletp=\"false\" data-sm=\"1\" data-ssbp=\"false\" data-sugg-time=\"500\" data-sugg-url=\"https:\/\/clients1.google.com\/complete\/search\" data-uilc=\"ca\" data-vil=\",af,af-ZA,am,am-ET,ar-EG,ar-AE,ar-KW,ar-QA,ar,ar-IL,ar-JO,ar-LB,ar-PS,az,az-AZ,bg,bg-BG,bn,bn-BD,bn-IN,ca,ca-es,cs,cs-CZ,de,de-DE,de-CH,de-AT,de-LI,en,en-US,en-CA,en-AU,en-NZ,en-GB,en-IN,en-KE,en-TZ,en-NG,en-GH,en-PH,en-ZA,es,es-ES,es-AR,es-UY,es-419,es-BO,es-CL,es-CR,es-CO,es-DO,es-EC,es-GT,es-HN,es-NI,es-PA,es-PE,es-PR,es-PY,es-SV,es-VE,es-MX,es-US,eu,eu-ES,fi,fi-FI,fr,fr-FR,fr-CH,fr-BE,gl,gl-ES,gu,gu-IN,he,he-IL,iw,iw-IL,hu,hu-HU,hy,hy-AM,id,id-ID,is,is-IS,it,it-IT,it-CH,ja,ja-JP,jv,jv-ID,ka,ka-GE,km,km-KH,kn,kn-IN,ko,ko-KR,la,lo,lo-LA,lv,lv-LV,ml,ml-IN,mr,mr-IN,ms,ms-MY,nl,nl-NL,nb,nb-NO,ne,ne-NP,pl,pl-PL,pt,pt-BR,pt-PT,ro,ro-RO,ru,ru-RU,si-LK,sk,sk-SK,sr,sr-RS,su,su-ID,sv,sv-SE,sw,sw-TZ,sw-KE,ta,ta-IN,ta-SG,ta-LK,ta-MY,te,te-IN,tr,tr-TR,ur,ur-PK,ur-IN,yue,yue-HK,yue-Hant-HK,zh-HK,zh,zh-CN,zh-cmn,zh-cmn-CN,zh-Hans,zh-Hans-CN,zh-cmn-Hans,zh-cmn-Hans-CN,cmn-CN,cmn-Hans,cmn-Hans-CN,zh-TW,zh-Hant-TW,cmn-TW,cmn-Hant-TW,zh-cmn-TW,zh-cmn-Hant-TW,zu,zu-ZA,hi,hi-IN,tl,tl-PH,pa,pa-IN\">\n<div id=\"tw-ob\" class=\"tw-src-ltr\">\n<div class=\"oSioSc\">\n<div id=\"tw-target\">\n<div id=\"kAz1tf\" class=\"g9WsWb PZPZlf\" data-attrid=\"tw-targetArea\" data-entityname=\"Google Translate\">\n<div id=\"tw-target-rmn-container\" class=\"tw-target-rmn tw-ta-container tw-nfl\" tabindex=\"0\" role=\"text\">\n<div id=\"ProductAccordion-3303814c-9f93-4902-9c9f-ac7f4b15eed6-template--25369629131091__94209fc3-eb70-4417-ad9f-cb6a605cbe2c\" class=\"accordion__content rte\">\n<div class=\"grid grid--2-col-tablet-down grid--3-col-desktop nqwerowcont\">\n<div class=\"grid__item\">\n<div class=\"nqweimg\">\n<p><img decoding=\"async\" class=\"\" src=\"https:\/\/natulim.com\/cdn\/shop\/files\/Icono_Pieles_Sensibles_1024x1024.webp?v=1723134978\" alt=\"Badge Image 6\" width=\"117\" height=\"103\" \/><\/p>\n<p class=\"center\">Apte per pells sensibles<\/p>\n<\/div>\n<\/div>\n<div class=\"grid__item\">\n<div class=\"nqweimg\">\n<p><img decoding=\"async\" class=\"\" src=\"https:\/\/natulim.com\/cdn\/shop\/files\/Icono_Blanco_y_Color_1024x1024.webp?v=1723135015\" alt=\"Badge Image 6\" width=\"127\" height=\"112\" \/><\/p>\n<p class=\"center\">Roba blanca i de color<\/p>\n<\/div>\n<\/div>\n<div class=\"grid__item\">\n<div class=\"nqweimg\">\n<p><img decoding=\"async\" class=\"\" src=\"https:\/\/natulim.com\/cdn\/shop\/files\/Icono_Lavadora_1024x1024.webp?v=1723135007\" alt=\"Badge Image 6\" width=\"130\" height=\"115\" \/><\/p>\n<p class=\"center\">Funciona en totes les rentadores<\/p>\n<\/div>\n<\/div>\n<div class=\"grid__item\">\n<div class=\"nqweimg\">\n<p><img loading=\"lazy\" decoding=\"async\" class=\"\" src=\"https:\/\/natulim.com\/cdn\/shop\/files\/Icono_Quimicos_1024x1024.webp?v=1723134997\" alt=\"Badge Image 6\" width=\"108\" height=\"96\" \/><\/p>\n<p class=\"center\">Lliure de qu\u00edmics contaminants i perjudicials<\/p>\n<\/div>\n<\/div>\n<div class=\"grid__item\">\n<div class=\"nqweimg\">\n<p><img loading=\"lazy\" decoding=\"async\" class=\"\" src=\"https:\/\/natulim.com\/cdn\/shop\/files\/Icono_Vegan_5f0e42e7-a138-4874-8f8c-b04c8a9206fd_1024x1024.webp?v=1723135001\" alt=\"Badge Image 6\" width=\"133\" height=\"118\" \/><\/p>\n<p class=\"center\">Veg\u00e0 i Cruelty Free<\/p>\n<\/div>\n<\/div>\n<div class=\"grid__item\">\n<div class=\"nqweimg\">\n<p><img loading=\"lazy\" decoding=\"async\" class=\"\" src=\"https:\/\/natulim.com\/cdn\/shop\/files\/Icono_Biodegradable_1024x1024.webp?v=1723135019\" alt=\"Badge Image 6\" width=\"140\" height=\"124\" \/><\/p>\n<pre id=\"tw-target-text\" class=\"tw-data-text tw-text-large tw-ta\" dir=\"ltr\" data-placeholder=\"Traducci\u00f3\" data-ved=\"2ahUKEwjQq-6FjN2NAxUoiP0HHRcQGkwQ3ewLegQICRAV\" aria-label=\"Text tradu\u00eft: Env\u00e0s de cartr\u00f3 biodegradable\">Env\u00e0s de cart\u00f3 biodegradable<\/pre>\n<p class=\"center\">\n<\/div>\n<\/div>\n<\/div>\n<\/div>\n<\/div>\n<\/div>\n<\/div>\n<\/div>\n<\/div>\n<div>\n<div><\/div>\n<\/div>\n<\/div>\n<div class=\"KFFQ0c xKf9F\"><\/div>","protected":false},"excerpt":{"rendered":"<p><span class=\"Y2IQFc\" lang=\"ca\">L&#8217;alternativa ecol\u00f2gica i sostenible al detergent convencional.<\/span><\/p>","protected":false},"featured_media":1967,"comment_status":"open","ping_status":"closed","template":"","meta":{"site-sidebar-layout":"default","site-content-layout":"","ast-site-content-layout":"default","site-content-style":"default","site-sidebar-style":"default","ast-global-header-display":"","ast-banner-title-visibility":"","ast-main-header-display":"","ast-hfb-above-header-display":"","ast-hfb-below-header-display":"","ast-hfb-mobile-header-display":"","site-post-title":"","ast-breadcrumbs-content":"","ast-featured-img":"","footer-sml-layout":"","ast-disable-related-posts":"","theme-transparent-header-meta":"default","adv-header-id-meta":"","stick-header-meta":"","header-above-stick-meta":"","header-main-stick-meta":"","header-below-stick-meta":"","astra-migrate-meta-layouts":"set","ast-page-background-enabled":"default","ast-page-background-meta":{"desktop":{"background-color":"var(--ast-global-color-4)","background-image":"","background-repeat":"repeat","background-position":"center center","background-size":"auto","background-attachment":"scroll","background-type":"","background-media":"","overlay-type":"","overlay-color":"","overlay-opacity":"","overlay-gradient":""},"tablet":{"background-color":"","background-image":"","background-repeat":"repeat","background-position":"center center","background-size":"auto","background-attachment":"scroll","background-type":"","background-media":"","overlay-type":"","overlay-color":"","overlay-opacity":"","overlay-gradient":""},"mobile":{"background-color":"","background-image":"","background-repeat":"repeat","background-position":"center center","background-size":"auto","background-attachment":"scroll","background-type":"","background-media":"","overlay-type":"","overlay-color":"","overlay-opacity":"","overlay-gradient":""}},"ast-content-background-meta":{"desktop":{"background-color":"var(--ast-global-color-5)","background-image":"","background-repeat":"repeat","background-position":"center center","background-size":"auto","background-attachment":"scroll","background-type":"","background-media":"","overlay-type":"","overlay-color":"","overlay-opacity":"","overlay-gradient":""},"tablet":{"background-color":"var(--ast-global-color-5)","background-image":"","background-repeat":"repeat","background-position":"center center","background-size":"auto","background-attachment":"scroll","background-type":"","background-media":"","overlay-type":"","overlay-color":"","overlay-opacity":"","overlay-gradient":""},"mobile":{"background-color":"var(--ast-global-color-5)","background-image":"","background-repeat":"repeat","background-position":"center center","background-size":"auto","background-attachment":"scroll","background-type":"","background-media":"","overlay-type":"","overlay-color":"","overlay-opacity":"","overlay-gradient":""}}},"product_brand":[154],"product_cat":[106],"product_tag":[188,179,164],"class_list":{"0":"post-1966","1":"product","2":"type-product","3":"status-publish","4":"has-post-thumbnail","6":"product_brand-natulim","7":"product_cat-roba","8":"product_tag-cruelty-free","9":"product_tag-sense-colorants-artificials","10":"product_tag-vegan","11":"desktop-align-left","12":"tablet-align-left","13":"mobile-align-left","15":"first","16":"instock","17":"taxable","18":"shipping-taxable","19":"purchasable","20":"product-type-simple"},"yoast_head":"<!-- This site is optimized with the Yoast SEO plugin v27.5 - https:\/\/yoast.com\/product\/yoast-seo-wordpress\/ -->\n<title>Eco-Tires de Detergent Natulim Natural - 40 Rentats - Herbolari Merc\u00e8<\/title>\n<meta name=\"description\" content=\"Descobreix Natulim, un detergent sostenible i potent, apte per a pells sensibles, que neteja la roba blanca i de color amb respecte al medi ambient.\" \/>\n<meta name=\"robots\" content=\"index, follow, max-snippet:-1, max-image-preview:large, max-video-preview:-1\" \/>\n<link rel=\"canonical\" href=\"https:\/\/herboristeriamerce.com\/es\/herboristeria-online\/llar\/neteja-llar\/roba\/eco-tires-de-detergent-natulim-p-detergent-sostenible-i-potenter-a-nadons-40-rentats\/\" \/>\n<meta property=\"og:locale\" content=\"es_ES\" \/>\n<meta property=\"og:type\" content=\"article\" \/>\n<meta property=\"og:title\" content=\"Eco-Tires de Detergent Natulim Natural - 40 Rentats - Herbolari Merc\u00e8\" \/>\n<meta property=\"og:description\" content=\"Descobreix Natulim, un detergent sostenible i potent, apte per a pells sensibles, que neteja la roba blanca i de color amb respecte al medi ambient.\" \/>\n<meta property=\"og:url\" content=\"https:\/\/herboristeriamerce.com\/es\/herboristeria-online\/llar\/neteja-llar\/roba\/eco-tires-de-detergent-natulim-p-detergent-sostenible-i-potenter-a-nadons-40-rentats\/\" \/>\n<meta property=\"og:site_name\" content=\"Herbolari Merc\u00e8\" \/>\n<meta property=\"article:modified_time\" content=\"2026-02-25T10:47:24+00:00\" \/>\n<meta property=\"og:image\" content=\"https:\/\/herboristeriamerce.com\/wp-content\/uploads\/2025\/06\/natural.webp\" \/>\n\t<meta property=\"og:image:width\" content=\"493\" \/>\n\t<meta property=\"og:image:height\" content=\"493\" \/>\n\t<meta property=\"og:image:type\" content=\"image\/webp\" \/>\n<meta name=\"twitter:card\" content=\"summary_large_image\" \/>\n<meta name=\"twitter:label1\" content=\"Tiempo de lectura\" \/>\n\t<meta name=\"twitter:data1\" content=\"3 minutos\" \/>\n<script type=\"application\/ld+json\" class=\"yoast-schema-graph\">{\"@context\":\"https:\\\/\\\/schema.org\",\"@graph\":[{\"@type\":\"WebPage\",\"@id\":\"https:\\\/\\\/herboristeriamerce.com\\\/herboristeria-online\\\/llar\\\/neteja-llar\\\/roba\\\/eco-tires-de-detergent-natulim-p-detergent-sostenible-i-potenter-a-nadons-40-rentats\\\/\",\"url\":\"https:\\\/\\\/herboristeriamerce.com\\\/herboristeria-online\\\/llar\\\/neteja-llar\\\/roba\\\/eco-tires-de-detergent-natulim-p-detergent-sostenible-i-potenter-a-nadons-40-rentats\\\/\",\"name\":\"Eco-Tires de Detergent Natulim Natural - 40 Rentats - Herbolari Merc\u00e8\",\"isPartOf\":{\"@id\":\"https:\\\/\\\/herboristeriamerce.com\\\/#website\"},\"primaryImageOfPage\":{\"@id\":\"https:\\\/\\\/herboristeriamerce.com\\\/herboristeria-online\\\/llar\\\/neteja-llar\\\/roba\\\/eco-tires-de-detergent-natulim-p-detergent-sostenible-i-potenter-a-nadons-40-rentats\\\/#primaryimage\"},\"image\":{\"@id\":\"https:\\\/\\\/herboristeriamerce.com\\\/herboristeria-online\\\/llar\\\/neteja-llar\\\/roba\\\/eco-tires-de-detergent-natulim-p-detergent-sostenible-i-potenter-a-nadons-40-rentats\\\/#primaryimage\"},\"thumbnailUrl\":\"https:\\\/\\\/herboristeriamerce.com\\\/wp-content\\\/uploads\\\/2025\\\/06\\\/natural.webp\",\"datePublished\":\"2025-06-06T16:43:39+00:00\",\"dateModified\":\"2026-02-25T10:47:24+00:00\",\"description\":\"Descobreix Natulim, un detergent sostenible i potent, apte per a pells sensibles, que neteja la roba blanca i de color amb respecte al medi ambient.\",\"breadcrumb\":{\"@id\":\"https:\\\/\\\/herboristeriamerce.com\\\/herboristeria-online\\\/llar\\\/neteja-llar\\\/roba\\\/eco-tires-de-detergent-natulim-p-detergent-sostenible-i-potenter-a-nadons-40-rentats\\\/#breadcrumb\"},\"inLanguage\":\"es\",\"potentialAction\":[{\"@type\":\"ReadAction\",\"target\":[\"https:\\\/\\\/herboristeriamerce.com\\\/herboristeria-online\\\/llar\\\/neteja-llar\\\/roba\\\/eco-tires-de-detergent-natulim-p-detergent-sostenible-i-potenter-a-nadons-40-rentats\\\/\"]}]},{\"@type\":\"ImageObject\",\"inLanguage\":\"es\",\"@id\":\"https:\\\/\\\/herboristeriamerce.com\\\/herboristeria-online\\\/llar\\\/neteja-llar\\\/roba\\\/eco-tires-de-detergent-natulim-p-detergent-sostenible-i-potenter-a-nadons-40-rentats\\\/#primaryimage\",\"url\":\"https:\\\/\\\/herboristeriamerce.com\\\/wp-content\\\/uploads\\\/2025\\\/06\\\/natural.webp\",\"contentUrl\":\"https:\\\/\\\/herboristeriamerce.com\\\/wp-content\\\/uploads\\\/2025\\\/06\\\/natural.webp\",\"width\":493,\"height\":493},{\"@type\":\"BreadcrumbList\",\"@id\":\"https:\\\/\\\/herboristeriamerce.com\\\/herboristeria-online\\\/llar\\\/neteja-llar\\\/roba\\\/eco-tires-de-detergent-natulim-p-detergent-sostenible-i-potenter-a-nadons-40-rentats\\\/#breadcrumb\",\"itemListElement\":[{\"@type\":\"ListItem\",\"position\":1,\"name\":\"Inici\",\"item\":\"https:\\\/\\\/herboristeriamerce.com\\\/\"},{\"@type\":\"ListItem\",\"position\":2,\"name\":\"Herboristeria online\",\"item\":\"https:\\\/\\\/herboristeriamerce.com\\\/herboristeria-online\\\/\"},{\"@type\":\"ListItem\",\"position\":3,\"name\":\"Eco-Tires de Detergent Natulim Natural &#8211; 40 Rentats\"}]},{\"@type\":\"WebSite\",\"@id\":\"https:\\\/\\\/herboristeriamerce.com\\\/#website\",\"url\":\"https:\\\/\\\/herboristeriamerce.com\\\/\",\"name\":\"Herbolari Merc\u00e8\",\"description\":\"Herbolari a Terrassa\",\"publisher\":{\"@id\":\"https:\\\/\\\/herboristeriamerce.com\\\/#organization\"},\"potentialAction\":[{\"@type\":\"SearchAction\",\"target\":{\"@type\":\"EntryPoint\",\"urlTemplate\":\"https:\\\/\\\/herboristeriamerce.com\\\/?s={search_term_string}\"},\"query-input\":{\"@type\":\"PropertyValueSpecification\",\"valueRequired\":true,\"valueName\":\"search_term_string\"}}],\"inLanguage\":\"es\"},{\"@type\":\"Organization\",\"@id\":\"https:\\\/\\\/herboristeriamerce.com\\\/#organization\",\"name\":\"Herbolari Merc\u00e8\",\"url\":\"https:\\\/\\\/herboristeriamerce.com\\\/\",\"logo\":{\"@type\":\"ImageObject\",\"inLanguage\":\"es\",\"@id\":\"https:\\\/\\\/herboristeriamerce.com\\\/#\\\/schema\\\/logo\\\/image\\\/\",\"url\":\"https:\\\/\\\/herboristeriamerce.com\\\/wp-content\\\/uploads\\\/2025\\\/04\\\/cropped-logo-herboristeria-330x168-229w.webp\",\"contentUrl\":\"https:\\\/\\\/herboristeriamerce.com\\\/wp-content\\\/uploads\\\/2025\\\/04\\\/cropped-logo-herboristeria-330x168-229w.webp\",\"width\":230,\"height\":117,\"caption\":\"Herbolari Merc\u00e8\"},\"image\":{\"@id\":\"https:\\\/\\\/herboristeriamerce.com\\\/#\\\/schema\\\/logo\\\/image\\\/\"}}]}<\/script>\n<!-- \/ Yoast SEO plugin. -->","yoast_head_json":{"title":"Eco-Tires de Detergent Natulim Natural - 40 Rentats - Herbolari Merc\u00e8","description":"Descobreix Natulim, un detergent sostenible i potent, apte per a pells sensibles, que neteja la roba blanca i de color amb respecte al medi ambient.","robots":{"index":"index","follow":"follow","max-snippet":"max-snippet:-1","max-image-preview":"max-image-preview:large","max-video-preview":"max-video-preview:-1"},"canonical":"https:\/\/herboristeriamerce.com\/es\/herboristeria-online\/llar\/neteja-llar\/roba\/eco-tires-de-detergent-natulim-p-detergent-sostenible-i-potenter-a-nadons-40-rentats\/","og_locale":"es_ES","og_type":"article","og_title":"Eco-Tires de Detergent Natulim Natural - 40 Rentats - Herbolari Merc\u00e8","og_description":"Descobreix Natulim, un detergent sostenible i potent, apte per a pells sensibles, que neteja la roba blanca i de color amb respecte al medi ambient.","og_url":"https:\/\/herboristeriamerce.com\/es\/herboristeria-online\/llar\/neteja-llar\/roba\/eco-tires-de-detergent-natulim-p-detergent-sostenible-i-potenter-a-nadons-40-rentats\/","og_site_name":"Herbolari Merc\u00e8","article_modified_time":"2026-02-25T10:47:24+00:00","og_image":[{"width":493,"height":493,"url":"https:\/\/herboristeriamerce.com\/wp-content\/uploads\/2025\/06\/natural.webp","type":"image\/webp"}],"twitter_card":"summary_large_image","twitter_misc":{"Tiempo de lectura":"3 minutos"},"schema":{"@context":"https:\/\/schema.org","@graph":[{"@type":"WebPage","@id":"https:\/\/herboristeriamerce.com\/herboristeria-online\/llar\/neteja-llar\/roba\/eco-tires-de-detergent-natulim-p-detergent-sostenible-i-potenter-a-nadons-40-rentats\/","url":"https:\/\/herboristeriamerce.com\/herboristeria-online\/llar\/neteja-llar\/roba\/eco-tires-de-detergent-natulim-p-detergent-sostenible-i-potenter-a-nadons-40-rentats\/","name":"Eco-Tires de Detergent Natulim Natural - 40 Rentats - Herbolari Merc\u00e8","isPartOf":{"@id":"https:\/\/herboristeriamerce.com\/#website"},"primaryImageOfPage":{"@id":"https:\/\/herboristeriamerce.com\/herboristeria-online\/llar\/neteja-llar\/roba\/eco-tires-de-detergent-natulim-p-detergent-sostenible-i-potenter-a-nadons-40-rentats\/#primaryimage"},"image":{"@id":"https:\/\/herboristeriamerce.com\/herboristeria-online\/llar\/neteja-llar\/roba\/eco-tires-de-detergent-natulim-p-detergent-sostenible-i-potenter-a-nadons-40-rentats\/#primaryimage"},"thumbnailUrl":"https:\/\/herboristeriamerce.com\/wp-content\/uploads\/2025\/06\/natural.webp","datePublished":"2025-06-06T16:43:39+00:00","dateModified":"2026-02-25T10:47:24+00:00","description":"Descobreix Natulim, un detergent sostenible i potent, apte per a pells sensibles, que neteja la roba blanca i de color amb respecte al medi ambient.","breadcrumb":{"@id":"https:\/\/herboristeriamerce.com\/herboristeria-online\/llar\/neteja-llar\/roba\/eco-tires-de-detergent-natulim-p-detergent-sostenible-i-potenter-a-nadons-40-rentats\/#breadcrumb"},"inLanguage":"es","potentialAction":[{"@type":"ReadAction","target":["https:\/\/herboristeriamerce.com\/herboristeria-online\/llar\/neteja-llar\/roba\/eco-tires-de-detergent-natulim-p-detergent-sostenible-i-potenter-a-nadons-40-rentats\/"]}]},{"@type":"ImageObject","inLanguage":"es","@id":"https:\/\/herboristeriamerce.com\/herboristeria-online\/llar\/neteja-llar\/roba\/eco-tires-de-detergent-natulim-p-detergent-sostenible-i-potenter-a-nadons-40-rentats\/#primaryimage","url":"https:\/\/herboristeriamerce.com\/wp-content\/uploads\/2025\/06\/natural.webp","contentUrl":"https:\/\/herboristeriamerce.com\/wp-content\/uploads\/2025\/06\/natural.webp","width":493,"height":493},{"@type":"BreadcrumbList","@id":"https:\/\/herboristeriamerce.com\/herboristeria-online\/llar\/neteja-llar\/roba\/eco-tires-de-detergent-natulim-p-detergent-sostenible-i-potenter-a-nadons-40-rentats\/#breadcrumb","itemListElement":[{"@type":"ListItem","position":1,"name":"Inici","item":"https:\/\/herboristeriamerce.com\/"},{"@type":"ListItem","position":2,"name":"Herboristeria online","item":"https:\/\/herboristeriamerce.com\/herboristeria-online\/"},{"@type":"ListItem","position":3,"name":"Eco-Tires de Detergent Natulim Natural &#8211; 40 Rentats"}]},{"@type":"WebSite","@id":"https:\/\/herboristeriamerce.com\/#website","url":"https:\/\/herboristeriamerce.com\/","name":"Herbolari Merc\u00e8","description":"Herbolari a Terrassa","publisher":{"@id":"https:\/\/herboristeriamerce.com\/#organization"},"potentialAction":[{"@type":"SearchAction","target":{"@type":"EntryPoint","urlTemplate":"https:\/\/herboristeriamerce.com\/?s={search_term_string}"},"query-input":{"@type":"PropertyValueSpecification","valueRequired":true,"valueName":"search_term_string"}}],"inLanguage":"es"},{"@type":"Organization","@id":"https:\/\/herboristeriamerce.com\/#organization","name":"Herbolari Merc\u00e8","url":"https:\/\/herboristeriamerce.com\/","logo":{"@type":"ImageObject","inLanguage":"es","@id":"https:\/\/herboristeriamerce.com\/#\/schema\/logo\/image\/","url":"https:\/\/herboristeriamerce.com\/wp-content\/uploads\/2025\/04\/cropped-logo-herboristeria-330x168-229w.webp","contentUrl":"https:\/\/herboristeriamerce.com\/wp-content\/uploads\/2025\/04\/cropped-logo-herboristeria-330x168-229w.webp","width":230,"height":117,"caption":"Herbolari Merc\u00e8"},"image":{"@id":"https:\/\/herboristeriamerce.com\/#\/schema\/logo\/image\/"}}]}},"_links":{"self":[{"href":"https:\/\/herboristeriamerce.com\/es\/wp-json\/wp\/v2\/product\/1966","targetHints":{"allow":["GET"]}}],"collection":[{"href":"https:\/\/herboristeriamerce.com\/es\/wp-json\/wp\/v2\/product"}],"about":[{"href":"https:\/\/herboristeriamerce.com\/es\/wp-json\/wp\/v2\/types\/product"}],"replies":[{"embeddable":true,"href":"https:\/\/herboristeriamerce.com\/es\/wp-json\/wp\/v2\/comments?post=1966"}],"wp:featuredmedia":[{"embeddable":true,"href":"https:\/\/herboristeriamerce.com\/es\/wp-json\/wp\/v2\/media\/1967"}],"wp:attachment":[{"href":"https:\/\/herboristeriamerce.com\/es\/wp-json\/wp\/v2\/media?parent=1966"}],"wp:term":[{"taxonomy":"product_brand","embeddable":true,"href":"https:\/\/herboristeriamerce.com\/es\/wp-json\/wp\/v2\/product_brand?post=1966"},{"taxonomy":"product_cat","embeddable":true,"href":"https:\/\/herboristeriamerce.com\/es\/wp-json\/wp\/v2\/product_cat?post=1966"},{"taxonomy":"product_tag","embeddable":true,"href":"https:\/\/herboristeriamerce.com\/es\/wp-json\/wp\/v2\/product_tag?post=1966"}],"curies":[{"name":"wp","href":"https:\/\/api.w.org\/{rel}","templated":true}]}}