{"id":1960,"date":"2025-06-06T16:22:49","date_gmt":"2025-06-06T16:22:49","guid":{"rendered":"https:\/\/herboristeriamerce.com\/?post_type=product&#038;p=1960"},"modified":"2025-08-01T10:39:49","modified_gmt":"2025-08-01T10:39:49","slug":"rentaplats-manual-rentavaixelles-manual-ecologic-i-eficac","status":"publish","type":"product","link":"https:\/\/herboristeriamerce.com\/es\/herboristeria-online\/llar\/neteja-llar\/cuina\/rentaplats-manual-rentavaixelles-manual-ecologic-i-eficac\/","title":{"rendered":"Rentaplats Manual"},"content":{"rendered":"<p data-start=\"118\" data-end=\"586\">Aquest rentavaixelles manual ecol\u00f2gic i efica\u00e7 \u00e9s la soluci\u00f3 perfecta per a una neteja natural i respectuosa amb el medi ambient. Aromatitzat amb oli essencial de llimona, aporta una frag\u00e0ncia fresca i agradable que transforma la tasca di\u00e0ria en una experi\u00e8ncia m\u00e9s agradable. A m\u00e9s, la seva f\u00f3rmula especial no nom\u00e9s neteja, sin\u00f3 que tamb\u00e9 desgreixa i abrillanta tota mena d\u2019estris de cuina, deixant-los impecables sense necessitat d\u2019usar productes qu\u00edmics agressius.<\/p>\n<p data-start=\"588\" data-end=\"962\">Per si fos poc, el rentavaixelles inclou glicerina vegetal, un ingredient reconegut per la seva suavitat i capacitat hidratant. Aix\u00f2 fa que sigui ideal per a les mans m\u00e9s sensibles i delicades, ja que protegeix la pell durant el rentat, evitant irritacions i sequedat. En aquest sentit, \u00e9s una alternativa excel\u00b7lent als detergents convencionals que sovint malmeten la pell.<\/p>\n<p data-start=\"964\" data-end=\"1367\">A m\u00e9s, aquest producte est\u00e0 elaborat exclusivament amb ingredients d\u2019origen vegetal i no cont\u00e9 components etoxilats ni ingredients d\u2019origen animal. Concretament, m\u00e9s del 97% dels seus ingredients s\u00f3n naturals, cosa que garanteix un impacte m\u00ednim sobre el medi ambient. La seva composici\u00f3 biodegradable fa que l\u2019aigua de rentat sigui apta per a reg, ajudant a promoure pr\u00e0ctiques sostenibles a casa teva.<\/p>\n<p data-start=\"1369\" data-end=\"1653\">Tamb\u00e9 cal destacar que la f\u00f3rmula no cont\u00e9 pictogrames, fent-la accessible per a tothom. Per si aix\u00f2 fos poc, aquest rentavaixelles est\u00e0 certificat per ECOCERT Greenlife segons la norma Ecocert \u201cEcodetergent\u201d, un segell de confian\u00e7a que assegura la seva qualitat i respecte ambiental.<\/p>\n<p data-start=\"1655\" data-end=\"1923\">En definitiva, amb aquest rentavaixelles manual ecol\u00f2gic i efica\u00e7, no nom\u00e9s mantindr\u00e0s la teva cuina neta i brillant, sin\u00f3 que tamb\u00e9 cuidar\u00e0s la teva pell i contribuir\u00e0s a la protecci\u00f3 del planeta. \u00c9s una elecci\u00f3 intel\u00b7ligent i conscient per a una llar m\u00e9s sostenible.<\/p>\n<p><img decoding=\"async\" class=\"alignnone size-full wp-image-1944\" src=\"https:\/\/herboristeriamerce.com\/wp-content\/uploads\/2025\/06\/Ecodetergente-granate_sin-fondo.png\" alt=\"\" width=\"96\" height=\"71\" \/><\/p>\n<div id=\"tw-container\" class=\"nev7se\" data-cp=\"1\" data-nnttsvi=\"1\" data-ntl-fpwrite=\"true\" data-sletp=\"false\" data-sm=\"1\" data-ssbp=\"false\" data-sugg-time=\"500\" data-sugg-url=\"https:\/\/clients1.google.com\/complete\/search\" data-uilc=\"ca\" data-vil=\",af,af-ZA,am,am-ET,ar-EG,ar-AE,ar-KW,ar-QA,ar,ar-IL,ar-JO,ar-LB,ar-PS,az,az-AZ,bg,bg-BG,bn,bn-BD,bn-IN,ca,ca-es,cs,cs-CZ,de,de-DE,de-CH,de-AT,de-LI,en,en-US,en-CA,en-AU,en-NZ,en-GB,en-IN,en-KE,en-TZ,en-NG,en-GH,en-PH,en-ZA,es,es-ES,es-AR,es-UY,es-419,es-BO,es-CL,es-CR,es-CO,es-DO,es-EC,es-GT,es-HN,es-NI,es-PA,es-PE,es-PR,es-PY,es-SV,es-VE,es-MX,es-US,eu,eu-ES,fi,fi-FI,fr,fr-FR,fr-CH,fr-BE,gl,gl-ES,gu,gu-IN,he,he-IL,iw,iw-IL,hu,hu-HU,hy,hy-AM,id,id-ID,is,is-IS,it,it-IT,it-CH,ja,ja-JP,jv,jv-ID,ka,ka-GE,km,km-KH,kn,kn-IN,ko,ko-KR,la,lo,lo-LA,lv,lv-LV,ml,ml-IN,mr,mr-IN,ms,ms-MY,nl,nl-NL,nb,nb-NO,ne,ne-NP,pl,pl-PL,pt,pt-BR,pt-PT,ro,ro-RO,ru,ru-RU,si-LK,sk,sk-SK,sr,sr-RS,su,su-ID,sv,sv-SE,sw,sw-TZ,sw-KE,ta,ta-IN,ta-SG,ta-LK,ta-MY,te,te-IN,tr,tr-TR,ur,ur-PK,ur-IN,yue,yue-HK,yue-Hant-HK,zh-HK,zh,zh-CN,zh-cmn,zh-cmn-CN,zh-Hans,zh-Hans-CN,zh-cmn-Hans,zh-cmn-Hans-CN,cmn-CN,cmn-Hans,cmn-Hans-CN,zh-TW,zh-Hant-TW,cmn-TW,cmn-Hant-TW,zh-cmn-TW,zh-cmn-Hant-TW,zu,zu-ZA,hi,hi-IN,tl,tl-PH,pa,pa-IN\">\n<div id=\"tw-ob\" class=\"tw-src-ltr\">\n<div class=\"oSioSc\">\n<div id=\"tw-target\">\n<div id=\"kAz1tf\" class=\"g9WsWb PZPZlf\" data-attrid=\"tw-targetArea\" data-entityname=\"Google Translate\">\n<div id=\"tw-target-rmn-container\" class=\"tw-target-rmn tw-ta-container tw-nfl\" tabindex=\"0\" role=\"text\">\n<pre id=\"tw-target-rmn\" class=\"tw-data-placeholder tw-text-small tw-ta\" dir=\"ltr\" data-placeholder=\"\"><\/pre>\n<\/div>\n<div class=\"iYB33c\">\n<div id=\"tw-tmenu\" class=\"tw-menu\"><\/div>\n<\/div>\n<\/div>\n<\/div>\n<\/div>\n<\/div>\n<div id=\"tw-images\"><\/div>\n<div class=\"dURPtb\"><\/div>\n<div>\n<div><\/div>\n<\/div>\n<\/div>\n<div class=\"KFFQ0c xKf9F\"><\/div>","protected":false},"excerpt":{"rendered":"<p><span class=\"Y2IQFc\" lang=\"ca\">Rentaplats manual ecol\u00f2gic, fabricat amb &gt;97% d&#8217;ingredients d&#8217;origen natural. Veg\u00e0.<\/span><\/p>","protected":false},"featured_media":1964,"comment_status":"open","ping_status":"closed","template":"","meta":{"site-sidebar-layout":"default","site-content-layout":"","ast-site-content-layout":"default","site-content-style":"default","site-sidebar-style":"default","ast-global-header-display":"","ast-banner-title-visibility":"","ast-main-header-display":"","ast-hfb-above-header-display":"","ast-hfb-below-header-display":"","ast-hfb-mobile-header-display":"","site-post-title":"","ast-breadcrumbs-content":"","ast-featured-img":"","footer-sml-layout":"","ast-disable-related-posts":"","theme-transparent-header-meta":"default","adv-header-id-meta":"","stick-header-meta":"","header-above-stick-meta":"","header-main-stick-meta":"","header-below-stick-meta":"","astra-migrate-meta-layouts":"set","ast-page-background-enabled":"default","ast-page-background-meta":{"desktop":{"background-color":"var(--ast-global-color-4)","background-image":"","background-repeat":"repeat","background-position":"center center","background-size":"auto","background-attachment":"scroll","background-type":"","background-media":"","overlay-type":"","overlay-color":"","overlay-opacity":"","overlay-gradient":""},"tablet":{"background-color":"","background-image":"","background-repeat":"repeat","background-position":"center center","background-size":"auto","background-attachment":"scroll","background-type":"","background-media":"","overlay-type":"","overlay-color":"","overlay-opacity":"","overlay-gradient":""},"mobile":{"background-color":"","background-image":"","background-repeat":"repeat","background-position":"center center","background-size":"auto","background-attachment":"scroll","background-type":"","background-media":"","overlay-type":"","overlay-color":"","overlay-opacity":"","overlay-gradient":""}},"ast-content-background-meta":{"desktop":{"background-color":"var(--ast-global-color-5)","background-image":"","background-repeat":"repeat","background-position":"center center","background-size":"auto","background-attachment":"scroll","background-type":"","background-media":"","overlay-type":"","overlay-color":"","overlay-opacity":"","overlay-gradient":""},"tablet":{"background-color":"var(--ast-global-color-5)","background-image":"","background-repeat":"repeat","background-position":"center center","background-size":"auto","background-attachment":"scroll","background-type":"","background-media":"","overlay-type":"","overlay-color":"","overlay-opacity":"","overlay-gradient":""},"mobile":{"background-color":"var(--ast-global-color-5)","background-image":"","background-repeat":"repeat","background-position":"center center","background-size":"auto","background-attachment":"scroll","background-type":"","background-media":"","overlay-type":"","overlay-color":"","overlay-opacity":"","overlay-gradient":""}}},"product_brand":[114],"product_cat":[108],"product_tag":[155],"class_list":{"0":"post-1960","1":"product","2":"type-product","3":"status-publish","4":"has-post-thumbnail","6":"product_brand-biobel","7":"product_cat-cuina","8":"product_tag-bio","9":"desktop-align-left","10":"tablet-align-left","11":"mobile-align-left","13":"first","14":"instock","15":"taxable","16":"shipping-taxable","17":"purchasable","18":"product-type-simple"},"yoast_head":"<!-- This site is optimized with the Yoast SEO plugin v26.8 - https:\/\/yoast.com\/product\/yoast-seo-wordpress\/ -->\n<title>Rentaplats Manual - Herbolari Merc\u00e8 Rentavaixelles manual ecol\u00f2gic i efica\u00e7<\/title>\n<meta name=\"description\" content=\"Descobreix el rentavaixelles manual ecol\u00f2gic i efica\u00e7, amb oli essencial de llimona i glicerina vegetal, suau amb la pell i respectu\u00f3s amb el medi ambient.\" \/>\n<meta name=\"robots\" content=\"index, follow, max-snippet:-1, max-image-preview:large, max-video-preview:-1\" \/>\n<link rel=\"canonical\" href=\"https:\/\/herboristeriamerce.com\/es\/herboristeria-online\/llar\/neteja-llar\/cuina\/rentaplats-manual-rentavaixelles-manual-ecologic-i-eficac\/\" \/>\n<meta property=\"og:locale\" content=\"es_ES\" \/>\n<meta property=\"og:type\" content=\"article\" \/>\n<meta property=\"og:title\" content=\"Rentaplats Manual - Herbolari Merc\u00e8 Rentavaixelles manual ecol\u00f2gic i efica\u00e7\" \/>\n<meta property=\"og:description\" content=\"Descobreix el rentavaixelles manual ecol\u00f2gic i efica\u00e7, amb oli essencial de llimona i glicerina vegetal, suau amb la pell i respectu\u00f3s amb el medi ambient.\" \/>\n<meta property=\"og:url\" content=\"https:\/\/herboristeriamerce.com\/es\/herboristeria-online\/llar\/neteja-llar\/cuina\/rentaplats-manual-rentavaixelles-manual-ecologic-i-eficac\/\" \/>\n<meta property=\"og:site_name\" content=\"Herbolari Merc\u00e8\" \/>\n<meta property=\"article:modified_time\" content=\"2025-08-01T10:39:49+00:00\" \/>\n<meta property=\"og:image\" content=\"https:\/\/herboristeriamerce.com\/wp-content\/uploads\/2025\/06\/rentaplats.jpg\" \/>\n\t<meta property=\"og:image:width\" content=\"1000\" \/>\n\t<meta property=\"og:image:height\" content=\"1000\" \/>\n\t<meta property=\"og:image:type\" content=\"image\/jpeg\" \/>\n<meta name=\"twitter:card\" content=\"summary_large_image\" \/>\n<meta name=\"twitter:label1\" content=\"Tiempo de lectura\" \/>\n\t<meta name=\"twitter:data1\" content=\"2 minutos\" \/>\n<script type=\"application\/ld+json\" class=\"yoast-schema-graph\">{\"@context\":\"https:\/\/schema.org\",\"@graph\":[{\"@type\":\"WebPage\",\"@id\":\"https:\/\/herboristeriamerce.com\/herboristeria-online\/llar\/neteja-llar\/cuina\/rentaplats-manual-rentavaixelles-manual-ecologic-i-eficac\/\",\"url\":\"https:\/\/herboristeriamerce.com\/herboristeria-online\/llar\/neteja-llar\/cuina\/rentaplats-manual-rentavaixelles-manual-ecologic-i-eficac\/\",\"name\":\"Rentaplats Manual - Herbolari Merc\u00e8 Rentavaixelles manual ecol\u00f2gic i efica\u00e7\",\"isPartOf\":{\"@id\":\"https:\/\/herboristeriamerce.com\/#website\"},\"primaryImageOfPage\":{\"@id\":\"https:\/\/herboristeriamerce.com\/herboristeria-online\/llar\/neteja-llar\/cuina\/rentaplats-manual-rentavaixelles-manual-ecologic-i-eficac\/#primaryimage\"},\"image\":{\"@id\":\"https:\/\/herboristeriamerce.com\/herboristeria-online\/llar\/neteja-llar\/cuina\/rentaplats-manual-rentavaixelles-manual-ecologic-i-eficac\/#primaryimage\"},\"thumbnailUrl\":\"https:\/\/herboristeriamerce.com\/wp-content\/uploads\/2025\/06\/rentaplats.jpg\",\"datePublished\":\"2025-06-06T16:22:49+00:00\",\"dateModified\":\"2025-08-01T10:39:49+00:00\",\"description\":\"Descobreix el rentavaixelles manual ecol\u00f2gic i efica\u00e7, amb oli essencial de llimona i glicerina vegetal, suau amb la pell i respectu\u00f3s amb el medi ambient.\",\"breadcrumb\":{\"@id\":\"https:\/\/herboristeriamerce.com\/herboristeria-online\/llar\/neteja-llar\/cuina\/rentaplats-manual-rentavaixelles-manual-ecologic-i-eficac\/#breadcrumb\"},\"inLanguage\":\"es\",\"potentialAction\":[{\"@type\":\"ReadAction\",\"target\":[\"https:\/\/herboristeriamerce.com\/herboristeria-online\/llar\/neteja-llar\/cuina\/rentaplats-manual-rentavaixelles-manual-ecologic-i-eficac\/\"]}]},{\"@type\":\"ImageObject\",\"inLanguage\":\"es\",\"@id\":\"https:\/\/herboristeriamerce.com\/herboristeria-online\/llar\/neteja-llar\/cuina\/rentaplats-manual-rentavaixelles-manual-ecologic-i-eficac\/#primaryimage\",\"url\":\"https:\/\/herboristeriamerce.com\/wp-content\/uploads\/2025\/06\/rentaplats.jpg\",\"contentUrl\":\"https:\/\/herboristeriamerce.com\/wp-content\/uploads\/2025\/06\/rentaplats.jpg\",\"width\":1000,\"height\":1000},{\"@type\":\"BreadcrumbList\",\"@id\":\"https:\/\/herboristeriamerce.com\/herboristeria-online\/llar\/neteja-llar\/cuina\/rentaplats-manual-rentavaixelles-manual-ecologic-i-eficac\/#breadcrumb\",\"itemListElement\":[{\"@type\":\"ListItem\",\"position\":1,\"name\":\"Inici\",\"item\":\"https:\/\/herboristeriamerce.com\/\"},{\"@type\":\"ListItem\",\"position\":2,\"name\":\"Herboristeria online\",\"item\":\"https:\/\/herboristeriamerce.com\/herboristeria-online\/\"},{\"@type\":\"ListItem\",\"position\":3,\"name\":\"Rentaplats Manual\"}]},{\"@type\":\"WebSite\",\"@id\":\"https:\/\/herboristeriamerce.com\/#website\",\"url\":\"https:\/\/herboristeriamerce.com\/\",\"name\":\"Herbolari Merc\u00e8\",\"description\":\"Herbolari a Terrassa\",\"publisher\":{\"@id\":\"https:\/\/herboristeriamerce.com\/#organization\"},\"potentialAction\":[{\"@type\":\"SearchAction\",\"target\":{\"@type\":\"EntryPoint\",\"urlTemplate\":\"https:\/\/herboristeriamerce.com\/?s={search_term_string}\"},\"query-input\":{\"@type\":\"PropertyValueSpecification\",\"valueRequired\":true,\"valueName\":\"search_term_string\"}}],\"inLanguage\":\"es\"},{\"@type\":\"Organization\",\"@id\":\"https:\/\/herboristeriamerce.com\/#organization\",\"name\":\"Herbolari Merc\u00e8\",\"url\":\"https:\/\/herboristeriamerce.com\/\",\"logo\":{\"@type\":\"ImageObject\",\"inLanguage\":\"es\",\"@id\":\"https:\/\/herboristeriamerce.com\/#\/schema\/logo\/image\/\",\"url\":\"https:\/\/herboristeriamerce.com\/wp-content\/uploads\/2025\/04\/cropped-logo-herboristeria-330x168-229w.webp\",\"contentUrl\":\"https:\/\/herboristeriamerce.com\/wp-content\/uploads\/2025\/04\/cropped-logo-herboristeria-330x168-229w.webp\",\"width\":230,\"height\":117,\"caption\":\"Herbolari Merc\u00e8\"},\"image\":{\"@id\":\"https:\/\/herboristeriamerce.com\/#\/schema\/logo\/image\/\"}}]}<\/script>\n<!-- \/ Yoast SEO plugin. -->","yoast_head_json":{"title":"Rentaplats Manual - Herbolari Merc\u00e8 Rentavaixelles manual ecol\u00f2gic i efica\u00e7","description":"Descobreix el rentavaixelles manual ecol\u00f2gic i efica\u00e7, amb oli essencial de llimona i glicerina vegetal, suau amb la pell i respectu\u00f3s amb el medi ambient.","robots":{"index":"index","follow":"follow","max-snippet":"max-snippet:-1","max-image-preview":"max-image-preview:large","max-video-preview":"max-video-preview:-1"},"canonical":"https:\/\/herboristeriamerce.com\/es\/herboristeria-online\/llar\/neteja-llar\/cuina\/rentaplats-manual-rentavaixelles-manual-ecologic-i-eficac\/","og_locale":"es_ES","og_type":"article","og_title":"Rentaplats Manual - Herbolari Merc\u00e8 Rentavaixelles manual ecol\u00f2gic i efica\u00e7","og_description":"Descobreix el rentavaixelles manual ecol\u00f2gic i efica\u00e7, amb oli essencial de llimona i glicerina vegetal, suau amb la pell i respectu\u00f3s amb el medi ambient.","og_url":"https:\/\/herboristeriamerce.com\/es\/herboristeria-online\/llar\/neteja-llar\/cuina\/rentaplats-manual-rentavaixelles-manual-ecologic-i-eficac\/","og_site_name":"Herbolari Merc\u00e8","article_modified_time":"2025-08-01T10:39:49+00:00","og_image":[{"width":1000,"height":1000,"url":"https:\/\/herboristeriamerce.com\/wp-content\/uploads\/2025\/06\/rentaplats.jpg","type":"image\/jpeg"}],"twitter_card":"summary_large_image","twitter_misc":{"Tiempo de lectura":"2 minutos"},"schema":{"@context":"https:\/\/schema.org","@graph":[{"@type":"WebPage","@id":"https:\/\/herboristeriamerce.com\/herboristeria-online\/llar\/neteja-llar\/cuina\/rentaplats-manual-rentavaixelles-manual-ecologic-i-eficac\/","url":"https:\/\/herboristeriamerce.com\/herboristeria-online\/llar\/neteja-llar\/cuina\/rentaplats-manual-rentavaixelles-manual-ecologic-i-eficac\/","name":"Rentaplats Manual - Herbolari Merc\u00e8 Rentavaixelles manual ecol\u00f2gic i efica\u00e7","isPartOf":{"@id":"https:\/\/herboristeriamerce.com\/#website"},"primaryImageOfPage":{"@id":"https:\/\/herboristeriamerce.com\/herboristeria-online\/llar\/neteja-llar\/cuina\/rentaplats-manual-rentavaixelles-manual-ecologic-i-eficac\/#primaryimage"},"image":{"@id":"https:\/\/herboristeriamerce.com\/herboristeria-online\/llar\/neteja-llar\/cuina\/rentaplats-manual-rentavaixelles-manual-ecologic-i-eficac\/#primaryimage"},"thumbnailUrl":"https:\/\/herboristeriamerce.com\/wp-content\/uploads\/2025\/06\/rentaplats.jpg","datePublished":"2025-06-06T16:22:49+00:00","dateModified":"2025-08-01T10:39:49+00:00","description":"Descobreix el rentavaixelles manual ecol\u00f2gic i efica\u00e7, amb oli essencial de llimona i glicerina vegetal, suau amb la pell i respectu\u00f3s amb el medi ambient.","breadcrumb":{"@id":"https:\/\/herboristeriamerce.com\/herboristeria-online\/llar\/neteja-llar\/cuina\/rentaplats-manual-rentavaixelles-manual-ecologic-i-eficac\/#breadcrumb"},"inLanguage":"es","potentialAction":[{"@type":"ReadAction","target":["https:\/\/herboristeriamerce.com\/herboristeria-online\/llar\/neteja-llar\/cuina\/rentaplats-manual-rentavaixelles-manual-ecologic-i-eficac\/"]}]},{"@type":"ImageObject","inLanguage":"es","@id":"https:\/\/herboristeriamerce.com\/herboristeria-online\/llar\/neteja-llar\/cuina\/rentaplats-manual-rentavaixelles-manual-ecologic-i-eficac\/#primaryimage","url":"https:\/\/herboristeriamerce.com\/wp-content\/uploads\/2025\/06\/rentaplats.jpg","contentUrl":"https:\/\/herboristeriamerce.com\/wp-content\/uploads\/2025\/06\/rentaplats.jpg","width":1000,"height":1000},{"@type":"BreadcrumbList","@id":"https:\/\/herboristeriamerce.com\/herboristeria-online\/llar\/neteja-llar\/cuina\/rentaplats-manual-rentavaixelles-manual-ecologic-i-eficac\/#breadcrumb","itemListElement":[{"@type":"ListItem","position":1,"name":"Inici","item":"https:\/\/herboristeriamerce.com\/"},{"@type":"ListItem","position":2,"name":"Herboristeria online","item":"https:\/\/herboristeriamerce.com\/herboristeria-online\/"},{"@type":"ListItem","position":3,"name":"Rentaplats Manual"}]},{"@type":"WebSite","@id":"https:\/\/herboristeriamerce.com\/#website","url":"https:\/\/herboristeriamerce.com\/","name":"Herbolari Merc\u00e8","description":"Herbolari a Terrassa","publisher":{"@id":"https:\/\/herboristeriamerce.com\/#organization"},"potentialAction":[{"@type":"SearchAction","target":{"@type":"EntryPoint","urlTemplate":"https:\/\/herboristeriamerce.com\/?s={search_term_string}"},"query-input":{"@type":"PropertyValueSpecification","valueRequired":true,"valueName":"search_term_string"}}],"inLanguage":"es"},{"@type":"Organization","@id":"https:\/\/herboristeriamerce.com\/#organization","name":"Herbolari Merc\u00e8","url":"https:\/\/herboristeriamerce.com\/","logo":{"@type":"ImageObject","inLanguage":"es","@id":"https:\/\/herboristeriamerce.com\/#\/schema\/logo\/image\/","url":"https:\/\/herboristeriamerce.com\/wp-content\/uploads\/2025\/04\/cropped-logo-herboristeria-330x168-229w.webp","contentUrl":"https:\/\/herboristeriamerce.com\/wp-content\/uploads\/2025\/04\/cropped-logo-herboristeria-330x168-229w.webp","width":230,"height":117,"caption":"Herbolari Merc\u00e8"},"image":{"@id":"https:\/\/herboristeriamerce.com\/#\/schema\/logo\/image\/"}}]}},"_links":{"self":[{"href":"https:\/\/herboristeriamerce.com\/es\/wp-json\/wp\/v2\/product\/1960","targetHints":{"allow":["GET"]}}],"collection":[{"href":"https:\/\/herboristeriamerce.com\/es\/wp-json\/wp\/v2\/product"}],"about":[{"href":"https:\/\/herboristeriamerce.com\/es\/wp-json\/wp\/v2\/types\/product"}],"replies":[{"embeddable":true,"href":"https:\/\/herboristeriamerce.com\/es\/wp-json\/wp\/v2\/comments?post=1960"}],"wp:featuredmedia":[{"embeddable":true,"href":"https:\/\/herboristeriamerce.com\/es\/wp-json\/wp\/v2\/media\/1964"}],"wp:attachment":[{"href":"https:\/\/herboristeriamerce.com\/es\/wp-json\/wp\/v2\/media?parent=1960"}],"wp:term":[{"taxonomy":"product_brand","embeddable":true,"href":"https:\/\/herboristeriamerce.com\/es\/wp-json\/wp\/v2\/product_brand?post=1960"},{"taxonomy":"product_cat","embeddable":true,"href":"https:\/\/herboristeriamerce.com\/es\/wp-json\/wp\/v2\/product_cat?post=1960"},{"taxonomy":"product_tag","embeddable":true,"href":"https:\/\/herboristeriamerce.com\/es\/wp-json\/wp\/v2\/product_tag?post=1960"}],"curies":[{"name":"wp","href":"https:\/\/api.w.org\/{rel}","templated":true}]}}