{"id":1956,"date":"2025-06-06T15:46:32","date_gmt":"2025-06-06T15:46:32","guid":{"rendered":"https:\/\/herboristeriamerce.com\/?post_type=product&#038;p=1956"},"modified":"2025-08-01T10:42:39","modified_gmt":"2025-08-01T10:42:39","slug":"llevataques-sabo-llevataques-tou-ecologic-i-eficac","status":"publish","type":"product","link":"https:\/\/herboristeriamerce.com\/es\/herboristeria-online\/llar\/neteja-llar\/roba\/llevataques-sabo-llevataques-tou-ecologic-i-eficac\/","title":{"rendered":"Llevataques"},"content":{"rendered":"<p data-start=\"138\" data-end=\"582\">Aquest sab\u00f3 tou \u00e9s ideal per a un \u00fas c\u00f2mode i efica\u00e7, especialment dissenyat com a llevataques amb una potent formulaci\u00f3 basada en olis vegetals. En primer lloc, destaca per la seva capacitat per eliminar rascades i taques dif\u00edcils en tot tipus de roba i colors, amb un rendiment excel\u00b7lent en taques greixoses. A m\u00e9s, el seu efecte \u00e9s delicat amb els teixits, garantint que les peces es mantinguin en perfectes condicions sense patir cap dany.<\/p>\n<p data-start=\"584\" data-end=\"889\">D\u2019altra banda, el sab\u00f3 no nom\u00e9s \u00e9s efectiu, sin\u00f3 que tamb\u00e9 \u00e9s respectu\u00f3s amb el medi ambient i amb la salut de les persones. Aix\u00f2 es deu al fet que no cont\u00e9 components corrosius ni allibera subst\u00e0ncies t\u00f2xiques durant la seva aplicaci\u00f3. Per tant, \u00e9s una opci\u00f3 segura tant per a la pell com per a l\u2019entorn.<\/p>\n<p data-start=\"891\" data-end=\"1139\">A m\u00e9s, el producte est\u00e0 elaborat exclusivament amb ingredients d\u2019origen vegetal, sense components etoxilats ni ingredients d\u2019origen animal. Tamb\u00e9 \u00e9s lliure de perfum i al\u00b7l\u00e8rgens, el que el fa perfecte per a persones amb sensibilitats o al\u00b7l\u00e8rgies.<\/p>\n<p data-start=\"1141\" data-end=\"1396\">Finalment, cal destacar que aquest sab\u00f3 llevataques compta amb la certificaci\u00f3 ECOCERT Greenlife segons la norma Ecocert \u201cEcodetergent\u201d. Aquesta certificaci\u00f3 garanteix que el producte compleix amb estrictes criteris de sostenibilitat i qualitat ecol\u00f2gica.<\/p>\n<p data-start=\"1398\" data-end=\"1589\">En resum, aquest sab\u00f3 tou llevataques combina efic\u00e0cia i cura, oferint una soluci\u00f3 natural, segura i sostenible per eliminar les taques m\u00e9s dif\u00edcils sense perjudicar ni la roba ni el planeta.<\/p>\n<p><img decoding=\"async\" class=\"alignnone size-full wp-image-1944\" src=\"https:\/\/herboristeriamerce.com\/wp-content\/uploads\/2025\/06\/Ecodetergente-granate_sin-fondo.png\" alt=\"\" width=\"96\" height=\"71\" \/><\/p>","protected":false},"excerpt":{"rendered":"<p><span class=\"Y2IQFc\" lang=\"ca\">Efica\u00e7 llevataques que elimina rascades i taques dif\u00edcils<\/span><\/p>","protected":false},"featured_media":1957,"comment_status":"open","ping_status":"closed","template":"","meta":{"site-sidebar-layout":"default","site-content-layout":"","ast-site-content-layout":"default","site-content-style":"default","site-sidebar-style":"default","ast-global-header-display":"","ast-banner-title-visibility":"","ast-main-header-display":"","ast-hfb-above-header-display":"","ast-hfb-below-header-display":"","ast-hfb-mobile-header-display":"","site-post-title":"","ast-breadcrumbs-content":"","ast-featured-img":"","footer-sml-layout":"","ast-disable-related-posts":"","theme-transparent-header-meta":"default","adv-header-id-meta":"","stick-header-meta":"","header-above-stick-meta":"","header-main-stick-meta":"","header-below-stick-meta":"","astra-migrate-meta-layouts":"set","ast-page-background-enabled":"default","ast-page-background-meta":{"desktop":{"background-color":"var(--ast-global-color-4)","background-image":"","background-repeat":"repeat","background-position":"center center","background-size":"auto","background-attachment":"scroll","background-type":"","background-media":"","overlay-type":"","overlay-color":"","overlay-opacity":"","overlay-gradient":""},"tablet":{"background-color":"","background-image":"","background-repeat":"repeat","background-position":"center center","background-size":"auto","background-attachment":"scroll","background-type":"","background-media":"","overlay-type":"","overlay-color":"","overlay-opacity":"","overlay-gradient":""},"mobile":{"background-color":"","background-image":"","background-repeat":"repeat","background-position":"center center","background-size":"auto","background-attachment":"scroll","background-type":"","background-media":"","overlay-type":"","overlay-color":"","overlay-opacity":"","overlay-gradient":""}},"ast-content-background-meta":{"desktop":{"background-color":"var(--ast-global-color-5)","background-image":"","background-repeat":"repeat","background-position":"center center","background-size":"auto","background-attachment":"scroll","background-type":"","background-media":"","overlay-type":"","overlay-color":"","overlay-opacity":"","overlay-gradient":""},"tablet":{"background-color":"var(--ast-global-color-5)","background-image":"","background-repeat":"repeat","background-position":"center center","background-size":"auto","background-attachment":"scroll","background-type":"","background-media":"","overlay-type":"","overlay-color":"","overlay-opacity":"","overlay-gradient":""},"mobile":{"background-color":"var(--ast-global-color-5)","background-image":"","background-repeat":"repeat","background-position":"center center","background-size":"auto","background-attachment":"scroll","background-type":"","background-media":"","overlay-type":"","overlay-color":"","overlay-opacity":"","overlay-gradient":""}}},"product_brand":[114],"product_cat":[106],"product_tag":[155],"class_list":{"0":"post-1956","1":"product","2":"type-product","3":"status-publish","4":"has-post-thumbnail","6":"product_brand-biobel","7":"product_cat-roba","8":"product_tag-bio","9":"desktop-align-left","10":"tablet-align-left","11":"mobile-align-left","13":"first","14":"instock","15":"taxable","16":"shipping-taxable","17":"purchasable","18":"product-type-simple"},"yoast_head":"<!-- This site is optimized with the Yoast SEO plugin v27.5 - https:\/\/yoast.com\/product\/yoast-seo-wordpress\/ -->\n<title>Llevataques - Herbolari Merc\u00e8 sab\u00f3 llevataques tou ecol\u00f2gic i efica\u00e7<\/title>\n<meta name=\"description\" content=\"Descobreix el sab\u00f3 llevataques tou ecol\u00f2gic i efica\u00e7, elaborat amb olis vegetals , que elimina taques dif\u00edcils cuidant la roba i el medi ambient.\" \/>\n<meta name=\"robots\" content=\"index, follow, max-snippet:-1, max-image-preview:large, max-video-preview:-1\" \/>\n<link rel=\"canonical\" href=\"https:\/\/herboristeriamerce.com\/es\/herboristeria-online\/llar\/neteja-llar\/roba\/llevataques-sabo-llevataques-tou-ecologic-i-eficac\/\" \/>\n<meta property=\"og:locale\" content=\"es_ES\" \/>\n<meta property=\"og:type\" content=\"article\" \/>\n<meta property=\"og:title\" content=\"Llevataques - Herbolari Merc\u00e8 sab\u00f3 llevataques tou ecol\u00f2gic i efica\u00e7\" \/>\n<meta property=\"og:description\" content=\"Descobreix el sab\u00f3 llevataques tou ecol\u00f2gic i efica\u00e7, elaborat amb olis vegetals , que elimina taques dif\u00edcils cuidant la roba i el medi ambient.\" \/>\n<meta property=\"og:url\" content=\"https:\/\/herboristeriamerce.com\/es\/herboristeria-online\/llar\/neteja-llar\/roba\/llevataques-sabo-llevataques-tou-ecologic-i-eficac\/\" \/>\n<meta property=\"og:site_name\" content=\"Herbolari Merc\u00e8\" \/>\n<meta property=\"article:modified_time\" content=\"2025-08-01T10:42:39+00:00\" \/>\n<meta property=\"og:image\" content=\"https:\/\/herboristeriamerce.com\/wp-content\/uploads\/2025\/06\/Biobel-Quitamanchas-750mL_push-pull.jpg\" \/>\n\t<meta property=\"og:image:width\" content=\"1000\" \/>\n\t<meta property=\"og:image:height\" content=\"1000\" \/>\n\t<meta property=\"og:image:type\" content=\"image\/jpeg\" \/>\n<meta name=\"twitter:card\" content=\"summary_large_image\" \/>\n<meta name=\"twitter:label1\" content=\"Tiempo de lectura\" \/>\n\t<meta name=\"twitter:data1\" content=\"2 minutos\" \/>\n<script type=\"application\/ld+json\" class=\"yoast-schema-graph\">{\"@context\":\"https:\\\/\\\/schema.org\",\"@graph\":[{\"@type\":\"WebPage\",\"@id\":\"https:\\\/\\\/herboristeriamerce.com\\\/herboristeria-online\\\/llar\\\/neteja-llar\\\/roba\\\/llevataques-sabo-llevataques-tou-ecologic-i-eficac\\\/\",\"url\":\"https:\\\/\\\/herboristeriamerce.com\\\/herboristeria-online\\\/llar\\\/neteja-llar\\\/roba\\\/llevataques-sabo-llevataques-tou-ecologic-i-eficac\\\/\",\"name\":\"Llevataques - Herbolari Merc\u00e8 sab\u00f3 llevataques tou ecol\u00f2gic i efica\u00e7\",\"isPartOf\":{\"@id\":\"https:\\\/\\\/herboristeriamerce.com\\\/#website\"},\"primaryImageOfPage\":{\"@id\":\"https:\\\/\\\/herboristeriamerce.com\\\/herboristeria-online\\\/llar\\\/neteja-llar\\\/roba\\\/llevataques-sabo-llevataques-tou-ecologic-i-eficac\\\/#primaryimage\"},\"image\":{\"@id\":\"https:\\\/\\\/herboristeriamerce.com\\\/herboristeria-online\\\/llar\\\/neteja-llar\\\/roba\\\/llevataques-sabo-llevataques-tou-ecologic-i-eficac\\\/#primaryimage\"},\"thumbnailUrl\":\"https:\\\/\\\/herboristeriamerce.com\\\/wp-content\\\/uploads\\\/2025\\\/06\\\/Biobel-Quitamanchas-750mL_push-pull.jpg\",\"datePublished\":\"2025-06-06T15:46:32+00:00\",\"dateModified\":\"2025-08-01T10:42:39+00:00\",\"description\":\"Descobreix el sab\u00f3 llevataques tou ecol\u00f2gic i efica\u00e7, elaborat amb olis vegetals , que elimina taques dif\u00edcils cuidant la roba i el medi ambient.\",\"breadcrumb\":{\"@id\":\"https:\\\/\\\/herboristeriamerce.com\\\/herboristeria-online\\\/llar\\\/neteja-llar\\\/roba\\\/llevataques-sabo-llevataques-tou-ecologic-i-eficac\\\/#breadcrumb\"},\"inLanguage\":\"es\",\"potentialAction\":[{\"@type\":\"ReadAction\",\"target\":[\"https:\\\/\\\/herboristeriamerce.com\\\/herboristeria-online\\\/llar\\\/neteja-llar\\\/roba\\\/llevataques-sabo-llevataques-tou-ecologic-i-eficac\\\/\"]}]},{\"@type\":\"ImageObject\",\"inLanguage\":\"es\",\"@id\":\"https:\\\/\\\/herboristeriamerce.com\\\/herboristeria-online\\\/llar\\\/neteja-llar\\\/roba\\\/llevataques-sabo-llevataques-tou-ecologic-i-eficac\\\/#primaryimage\",\"url\":\"https:\\\/\\\/herboristeriamerce.com\\\/wp-content\\\/uploads\\\/2025\\\/06\\\/Biobel-Quitamanchas-750mL_push-pull.jpg\",\"contentUrl\":\"https:\\\/\\\/herboristeriamerce.com\\\/wp-content\\\/uploads\\\/2025\\\/06\\\/Biobel-Quitamanchas-750mL_push-pull.jpg\",\"width\":1000,\"height\":1000},{\"@type\":\"BreadcrumbList\",\"@id\":\"https:\\\/\\\/herboristeriamerce.com\\\/herboristeria-online\\\/llar\\\/neteja-llar\\\/roba\\\/llevataques-sabo-llevataques-tou-ecologic-i-eficac\\\/#breadcrumb\",\"itemListElement\":[{\"@type\":\"ListItem\",\"position\":1,\"name\":\"Inici\",\"item\":\"https:\\\/\\\/herboristeriamerce.com\\\/\"},{\"@type\":\"ListItem\",\"position\":2,\"name\":\"Herboristeria online\",\"item\":\"https:\\\/\\\/herboristeriamerce.com\\\/herboristeria-online\\\/\"},{\"@type\":\"ListItem\",\"position\":3,\"name\":\"Llevataques\"}]},{\"@type\":\"WebSite\",\"@id\":\"https:\\\/\\\/herboristeriamerce.com\\\/#website\",\"url\":\"https:\\\/\\\/herboristeriamerce.com\\\/\",\"name\":\"Herbolari Merc\u00e8\",\"description\":\"Herbolari a Terrassa\",\"publisher\":{\"@id\":\"https:\\\/\\\/herboristeriamerce.com\\\/#organization\"},\"potentialAction\":[{\"@type\":\"SearchAction\",\"target\":{\"@type\":\"EntryPoint\",\"urlTemplate\":\"https:\\\/\\\/herboristeriamerce.com\\\/?s={search_term_string}\"},\"query-input\":{\"@type\":\"PropertyValueSpecification\",\"valueRequired\":true,\"valueName\":\"search_term_string\"}}],\"inLanguage\":\"es\"},{\"@type\":\"Organization\",\"@id\":\"https:\\\/\\\/herboristeriamerce.com\\\/#organization\",\"name\":\"Herbolari Merc\u00e8\",\"url\":\"https:\\\/\\\/herboristeriamerce.com\\\/\",\"logo\":{\"@type\":\"ImageObject\",\"inLanguage\":\"es\",\"@id\":\"https:\\\/\\\/herboristeriamerce.com\\\/#\\\/schema\\\/logo\\\/image\\\/\",\"url\":\"https:\\\/\\\/herboristeriamerce.com\\\/wp-content\\\/uploads\\\/2025\\\/04\\\/cropped-logo-herboristeria-330x168-229w.webp\",\"contentUrl\":\"https:\\\/\\\/herboristeriamerce.com\\\/wp-content\\\/uploads\\\/2025\\\/04\\\/cropped-logo-herboristeria-330x168-229w.webp\",\"width\":230,\"height\":117,\"caption\":\"Herbolari Merc\u00e8\"},\"image\":{\"@id\":\"https:\\\/\\\/herboristeriamerce.com\\\/#\\\/schema\\\/logo\\\/image\\\/\"}}]}<\/script>\n<!-- \/ Yoast SEO plugin. -->","yoast_head_json":{"title":"Llevataques - Herbolari Merc\u00e8 sab\u00f3 llevataques tou ecol\u00f2gic i efica\u00e7","description":"Descobreix el sab\u00f3 llevataques tou ecol\u00f2gic i efica\u00e7, elaborat amb olis vegetals , que elimina taques dif\u00edcils cuidant la roba i el medi ambient.","robots":{"index":"index","follow":"follow","max-snippet":"max-snippet:-1","max-image-preview":"max-image-preview:large","max-video-preview":"max-video-preview:-1"},"canonical":"https:\/\/herboristeriamerce.com\/es\/herboristeria-online\/llar\/neteja-llar\/roba\/llevataques-sabo-llevataques-tou-ecologic-i-eficac\/","og_locale":"es_ES","og_type":"article","og_title":"Llevataques - Herbolari Merc\u00e8 sab\u00f3 llevataques tou ecol\u00f2gic i efica\u00e7","og_description":"Descobreix el sab\u00f3 llevataques tou ecol\u00f2gic i efica\u00e7, elaborat amb olis vegetals , que elimina taques dif\u00edcils cuidant la roba i el medi ambient.","og_url":"https:\/\/herboristeriamerce.com\/es\/herboristeria-online\/llar\/neteja-llar\/roba\/llevataques-sabo-llevataques-tou-ecologic-i-eficac\/","og_site_name":"Herbolari Merc\u00e8","article_modified_time":"2025-08-01T10:42:39+00:00","og_image":[{"width":1000,"height":1000,"url":"https:\/\/herboristeriamerce.com\/wp-content\/uploads\/2025\/06\/Biobel-Quitamanchas-750mL_push-pull.jpg","type":"image\/jpeg"}],"twitter_card":"summary_large_image","twitter_misc":{"Tiempo de lectura":"2 minutos"},"schema":{"@context":"https:\/\/schema.org","@graph":[{"@type":"WebPage","@id":"https:\/\/herboristeriamerce.com\/herboristeria-online\/llar\/neteja-llar\/roba\/llevataques-sabo-llevataques-tou-ecologic-i-eficac\/","url":"https:\/\/herboristeriamerce.com\/herboristeria-online\/llar\/neteja-llar\/roba\/llevataques-sabo-llevataques-tou-ecologic-i-eficac\/","name":"Llevataques - Herbolari Merc\u00e8 sab\u00f3 llevataques tou ecol\u00f2gic i efica\u00e7","isPartOf":{"@id":"https:\/\/herboristeriamerce.com\/#website"},"primaryImageOfPage":{"@id":"https:\/\/herboristeriamerce.com\/herboristeria-online\/llar\/neteja-llar\/roba\/llevataques-sabo-llevataques-tou-ecologic-i-eficac\/#primaryimage"},"image":{"@id":"https:\/\/herboristeriamerce.com\/herboristeria-online\/llar\/neteja-llar\/roba\/llevataques-sabo-llevataques-tou-ecologic-i-eficac\/#primaryimage"},"thumbnailUrl":"https:\/\/herboristeriamerce.com\/wp-content\/uploads\/2025\/06\/Biobel-Quitamanchas-750mL_push-pull.jpg","datePublished":"2025-06-06T15:46:32+00:00","dateModified":"2025-08-01T10:42:39+00:00","description":"Descobreix el sab\u00f3 llevataques tou ecol\u00f2gic i efica\u00e7, elaborat amb olis vegetals , que elimina taques dif\u00edcils cuidant la roba i el medi ambient.","breadcrumb":{"@id":"https:\/\/herboristeriamerce.com\/herboristeria-online\/llar\/neteja-llar\/roba\/llevataques-sabo-llevataques-tou-ecologic-i-eficac\/#breadcrumb"},"inLanguage":"es","potentialAction":[{"@type":"ReadAction","target":["https:\/\/herboristeriamerce.com\/herboristeria-online\/llar\/neteja-llar\/roba\/llevataques-sabo-llevataques-tou-ecologic-i-eficac\/"]}]},{"@type":"ImageObject","inLanguage":"es","@id":"https:\/\/herboristeriamerce.com\/herboristeria-online\/llar\/neteja-llar\/roba\/llevataques-sabo-llevataques-tou-ecologic-i-eficac\/#primaryimage","url":"https:\/\/herboristeriamerce.com\/wp-content\/uploads\/2025\/06\/Biobel-Quitamanchas-750mL_push-pull.jpg","contentUrl":"https:\/\/herboristeriamerce.com\/wp-content\/uploads\/2025\/06\/Biobel-Quitamanchas-750mL_push-pull.jpg","width":1000,"height":1000},{"@type":"BreadcrumbList","@id":"https:\/\/herboristeriamerce.com\/herboristeria-online\/llar\/neteja-llar\/roba\/llevataques-sabo-llevataques-tou-ecologic-i-eficac\/#breadcrumb","itemListElement":[{"@type":"ListItem","position":1,"name":"Inici","item":"https:\/\/herboristeriamerce.com\/"},{"@type":"ListItem","position":2,"name":"Herboristeria online","item":"https:\/\/herboristeriamerce.com\/herboristeria-online\/"},{"@type":"ListItem","position":3,"name":"Llevataques"}]},{"@type":"WebSite","@id":"https:\/\/herboristeriamerce.com\/#website","url":"https:\/\/herboristeriamerce.com\/","name":"Herbolari Merc\u00e8","description":"Herbolari a Terrassa","publisher":{"@id":"https:\/\/herboristeriamerce.com\/#organization"},"potentialAction":[{"@type":"SearchAction","target":{"@type":"EntryPoint","urlTemplate":"https:\/\/herboristeriamerce.com\/?s={search_term_string}"},"query-input":{"@type":"PropertyValueSpecification","valueRequired":true,"valueName":"search_term_string"}}],"inLanguage":"es"},{"@type":"Organization","@id":"https:\/\/herboristeriamerce.com\/#organization","name":"Herbolari Merc\u00e8","url":"https:\/\/herboristeriamerce.com\/","logo":{"@type":"ImageObject","inLanguage":"es","@id":"https:\/\/herboristeriamerce.com\/#\/schema\/logo\/image\/","url":"https:\/\/herboristeriamerce.com\/wp-content\/uploads\/2025\/04\/cropped-logo-herboristeria-330x168-229w.webp","contentUrl":"https:\/\/herboristeriamerce.com\/wp-content\/uploads\/2025\/04\/cropped-logo-herboristeria-330x168-229w.webp","width":230,"height":117,"caption":"Herbolari Merc\u00e8"},"image":{"@id":"https:\/\/herboristeriamerce.com\/#\/schema\/logo\/image\/"}}]}},"_links":{"self":[{"href":"https:\/\/herboristeriamerce.com\/es\/wp-json\/wp\/v2\/product\/1956","targetHints":{"allow":["GET"]}}],"collection":[{"href":"https:\/\/herboristeriamerce.com\/es\/wp-json\/wp\/v2\/product"}],"about":[{"href":"https:\/\/herboristeriamerce.com\/es\/wp-json\/wp\/v2\/types\/product"}],"replies":[{"embeddable":true,"href":"https:\/\/herboristeriamerce.com\/es\/wp-json\/wp\/v2\/comments?post=1956"}],"wp:featuredmedia":[{"embeddable":true,"href":"https:\/\/herboristeriamerce.com\/es\/wp-json\/wp\/v2\/media\/1957"}],"wp:attachment":[{"href":"https:\/\/herboristeriamerce.com\/es\/wp-json\/wp\/v2\/media?parent=1956"}],"wp:term":[{"taxonomy":"product_brand","embeddable":true,"href":"https:\/\/herboristeriamerce.com\/es\/wp-json\/wp\/v2\/product_brand?post=1956"},{"taxonomy":"product_cat","embeddable":true,"href":"https:\/\/herboristeriamerce.com\/es\/wp-json\/wp\/v2\/product_cat?post=1956"},{"taxonomy":"product_tag","embeddable":true,"href":"https:\/\/herboristeriamerce.com\/es\/wp-json\/wp\/v2\/product_tag?post=1956"}],"curies":[{"name":"wp","href":"https:\/\/api.w.org\/{rel}","templated":true}]}}