{"id":1942,"date":"2025-06-06T15:26:17","date_gmt":"2025-06-06T15:26:17","guid":{"rendered":"https:\/\/herboristeriamerce.com\/?post_type=product&#038;p=1942"},"modified":"2025-08-01T16:21:06","modified_gmt":"2025-08-01T16:21:06","slug":"detergent-bebes-i-peces-delicades-sabo-ecologic-per-a-roba-delicada","status":"publish","type":"product","link":"https:\/\/herboristeriamerce.com\/es\/herboristeria-online\/llar\/neteja-llar\/roba\/detergent-bebes-i-peces-delicades-sabo-ecologic-per-a-roba-delicada\/","title":{"rendered":"Detergent-Beb\u00e8s i peces delicades"},"content":{"rendered":"<h3 data-start=\"227\" data-end=\"313\"><strong data-start=\"231\" data-end=\"313\">Sab\u00f3 ecol\u00f2gic per a roba delicada \u2013 Natural, suau i apte per a pells sensibles<\/strong><\/h3>\n<p data-start=\"315\" data-end=\"693\">Aquest sab\u00f3 ecol\u00f2gic, elaborat amb aut\u00e8ntic sab\u00f3 natural d\u2019oli de coco, \u00e9s una opci\u00f3 excel\u00b7lent per rentar tot tipus de teixits, ja sigui a m\u00e0 o a m\u00e0quina. Gr\u00e0cies a la seva formulaci\u00f3 suau i sense perfum, est\u00e0 especialment recomanat per a la roba que entra en contacte amb pells delicades, com ara la dels nadons o persones amb pell sensible, at\u00f2pica o amb problemes d\u00e8rmics.<\/p>\n<h3 data-start=\"695\" data-end=\"723\">Cura total per a la pell<\/h3>\n<p data-start=\"725\" data-end=\"1005\">La seva f\u00f3rmula enriquida amb extracte d\u2019\u00e0loe vera afegeix un plus de protecci\u00f3 i suavitat, ajudant a prevenir irritacions, escocedures o reaccions adverses. L\u2019abs\u00e8ncia de perfum el converteix en un detergent completament lliure d\u2019al\u00b7l\u00e8rgens, ideal per a un \u00fas diari sense riscos.<\/p>\n<h3 data-start=\"1007\" data-end=\"1063\">Efic\u00e0cia garantida, fins i tot a baixes temperatures<\/h3>\n<p data-start=\"1065\" data-end=\"1335\">Tot i la seva suavitat, aquest sab\u00f3 ecol\u00f2gic \u00e9s altament efica\u00e7 per eliminar la brut\u00edcia, fins i tot en programes de rentat amb aigua freda. Aix\u00f2 el fa ideal per reduir el consum energ\u00e8tic i cuidar millor les fibres dels teixits, mantenint la roba neta, suau i duradora.<\/p>\n<h3 data-start=\"1337\" data-end=\"1381\">Ingredients 100% naturals i responsables<\/h3>\n<p data-start=\"1383\" data-end=\"1673\">Elaborat exclusivament amb ingredients d\u2019origen vegetal, aquest sab\u00f3 no cont\u00e9 components etoxilats, derivats del petroli ni ingredients d\u2019origen animal. A m\u00e9s, es tracta d\u2019un producte 2 en 1, ja que no necessita suavitzant: aix\u00ed, redueixes la quantitat de productes qu\u00edmics en cada rentada.<\/p>\n<h3 data-start=\"1675\" data-end=\"1738\">Apte per a bolquers de roba i amb f\u00f3rmula sense pictogrames<\/h3>\n<p data-start=\"1740\" data-end=\"1999\">La seva composici\u00f3 suau i lliure de t\u00f2xics el fa especialment apte per rentar bolquers de tela i altres peces delicades, sense deixar residus irritants. A m\u00e9s, la seva f\u00f3rmula sense pictogrames indica que \u00e9s segura tant per a la salut com per al medi ambient.<\/p>\n<h3 data-start=\"2001\" data-end=\"2037\">Certificaci\u00f3 ecol\u00f2gica garantida<\/h3>\n<p data-start=\"2039\" data-end=\"2243\">Aquest sab\u00f3 ecol\u00f2gic compta amb la certificaci\u00f3 ECOCERT Greenlife segons la norma \u201cEcodetergent\u201d, un reconeixement internacional que garanteix el respecte pel medi ambient i pels consumidors m\u00e9s exigents.<\/p>\n<p><img decoding=\"async\" class=\"alignnone size-full wp-image-1944\" src=\"https:\/\/herboristeriamerce.com\/wp-content\/uploads\/2025\/06\/Ecodetergente-granate_sin-fondo.png\" alt=\"\" width=\"96\" height=\"71\" \/><\/p>","protected":false},"excerpt":{"rendered":"<p>Sab\u00f3 ecol\u00f2gic d&#8217;oli de coco enriquit amb aloe vera.<\/p>","protected":false},"featured_media":1943,"comment_status":"open","ping_status":"closed","template":"","meta":{"site-sidebar-layout":"default","site-content-layout":"","ast-site-content-layout":"default","site-content-style":"default","site-sidebar-style":"default","ast-global-header-display":"","ast-banner-title-visibility":"","ast-main-header-display":"","ast-hfb-above-header-display":"","ast-hfb-below-header-display":"","ast-hfb-mobile-header-display":"","site-post-title":"","ast-breadcrumbs-content":"","ast-featured-img":"","footer-sml-layout":"","ast-disable-related-posts":"","theme-transparent-header-meta":"default","adv-header-id-meta":"","stick-header-meta":"","header-above-stick-meta":"","header-main-stick-meta":"","header-below-stick-meta":"","astra-migrate-meta-layouts":"set","ast-page-background-enabled":"default","ast-page-background-meta":{"desktop":{"background-color":"var(--ast-global-color-4)","background-image":"","background-repeat":"repeat","background-position":"center center","background-size":"auto","background-attachment":"scroll","background-type":"","background-media":"","overlay-type":"","overlay-color":"","overlay-opacity":"","overlay-gradient":""},"tablet":{"background-color":"","background-image":"","background-repeat":"repeat","background-position":"center center","background-size":"auto","background-attachment":"scroll","background-type":"","background-media":"","overlay-type":"","overlay-color":"","overlay-opacity":"","overlay-gradient":""},"mobile":{"background-color":"","background-image":"","background-repeat":"repeat","background-position":"center center","background-size":"auto","background-attachment":"scroll","background-type":"","background-media":"","overlay-type":"","overlay-color":"","overlay-opacity":"","overlay-gradient":""}},"ast-content-background-meta":{"desktop":{"background-color":"var(--ast-global-color-5)","background-image":"","background-repeat":"repeat","background-position":"center center","background-size":"auto","background-attachment":"scroll","background-type":"","background-media":"","overlay-type":"","overlay-color":"","overlay-opacity":"","overlay-gradient":""},"tablet":{"background-color":"var(--ast-global-color-5)","background-image":"","background-repeat":"repeat","background-position":"center center","background-size":"auto","background-attachment":"scroll","background-type":"","background-media":"","overlay-type":"","overlay-color":"","overlay-opacity":"","overlay-gradient":""},"mobile":{"background-color":"var(--ast-global-color-5)","background-image":"","background-repeat":"repeat","background-position":"center center","background-size":"auto","background-attachment":"scroll","background-type":"","background-media":"","overlay-type":"","overlay-color":"","overlay-opacity":"","overlay-gradient":""}}},"product_brand":[114],"product_cat":[106],"product_tag":[],"class_list":{"0":"post-1942","1":"product","2":"type-product","3":"status-publish","4":"has-post-thumbnail","6":"product_brand-biobel","7":"product_cat-roba","8":"desktop-align-left","9":"tablet-align-left","10":"mobile-align-left","12":"first","13":"instock","14":"taxable","15":"shipping-taxable","16":"purchasable","17":"product-type-simple"},"yoast_head":"<!-- This site is optimized with the Yoast SEO plugin v27.5 - https:\/\/yoast.com\/product\/yoast-seo-wordpress\/ -->\n<title>Detergent-Beb\u00e8s i peces delicades - Herbolari Merc\u00e8 Sab\u00f3 ecol\u00f2gic per a roba delicada<\/title>\n<meta name=\"description\" content=\"Sab\u00f3 ecol\u00f2gic per a roba delicada, natural i sense perfum, ideal per a nadons i pells sensibles. Efica\u00e7 a baixes temperatures i certificat per Ecocert.\" \/>\n<meta name=\"robots\" content=\"index, follow, max-snippet:-1, max-image-preview:large, max-video-preview:-1\" \/>\n<link rel=\"canonical\" href=\"https:\/\/herboristeriamerce.com\/es\/herboristeria-online\/llar\/neteja-llar\/roba\/detergent-bebes-i-peces-delicades-sabo-ecologic-per-a-roba-delicada\/\" \/>\n<meta property=\"og:locale\" content=\"es_ES\" \/>\n<meta property=\"og:type\" content=\"article\" \/>\n<meta property=\"og:title\" content=\"Detergent-Beb\u00e8s i peces delicades - Herbolari Merc\u00e8 Sab\u00f3 ecol\u00f2gic per a roba delicada\" \/>\n<meta property=\"og:description\" content=\"Sab\u00f3 ecol\u00f2gic per a roba delicada, natural i sense perfum, ideal per a nadons i pells sensibles. Efica\u00e7 a baixes temperatures i certificat per Ecocert.\" \/>\n<meta property=\"og:url\" content=\"https:\/\/herboristeriamerce.com\/es\/herboristeria-online\/llar\/neteja-llar\/roba\/detergent-bebes-i-peces-delicades-sabo-ecologic-per-a-roba-delicada\/\" \/>\n<meta property=\"og:site_name\" content=\"Herbolari Merc\u00e8\" \/>\n<meta property=\"article:modified_time\" content=\"2025-08-01T16:21:06+00:00\" \/>\n<meta property=\"og:image\" content=\"https:\/\/herboristeriamerce.com\/wp-content\/uploads\/2025\/06\/Biobel-Bebes-15L_delantera.jpg\" \/>\n\t<meta property=\"og:image:width\" content=\"1000\" \/>\n\t<meta property=\"og:image:height\" content=\"1000\" \/>\n\t<meta property=\"og:image:type\" content=\"image\/jpeg\" \/>\n<meta name=\"twitter:card\" content=\"summary_large_image\" \/>\n<meta name=\"twitter:label1\" content=\"Tiempo de lectura\" \/>\n\t<meta name=\"twitter:data1\" content=\"3 minutos\" \/>\n<script type=\"application\/ld+json\" class=\"yoast-schema-graph\">{\"@context\":\"https:\\\/\\\/schema.org\",\"@graph\":[{\"@type\":\"WebPage\",\"@id\":\"https:\\\/\\\/herboristeriamerce.com\\\/herboristeria-online\\\/llar\\\/neteja-llar\\\/roba\\\/detergent-bebes-i-peces-delicades-sabo-ecologic-per-a-roba-delicada\\\/\",\"url\":\"https:\\\/\\\/herboristeriamerce.com\\\/herboristeria-online\\\/llar\\\/neteja-llar\\\/roba\\\/detergent-bebes-i-peces-delicades-sabo-ecologic-per-a-roba-delicada\\\/\",\"name\":\"Detergent-Beb\u00e8s i peces delicades - Herbolari Merc\u00e8 Sab\u00f3 ecol\u00f2gic per a roba delicada\",\"isPartOf\":{\"@id\":\"https:\\\/\\\/herboristeriamerce.com\\\/#website\"},\"primaryImageOfPage\":{\"@id\":\"https:\\\/\\\/herboristeriamerce.com\\\/herboristeria-online\\\/llar\\\/neteja-llar\\\/roba\\\/detergent-bebes-i-peces-delicades-sabo-ecologic-per-a-roba-delicada\\\/#primaryimage\"},\"image\":{\"@id\":\"https:\\\/\\\/herboristeriamerce.com\\\/herboristeria-online\\\/llar\\\/neteja-llar\\\/roba\\\/detergent-bebes-i-peces-delicades-sabo-ecologic-per-a-roba-delicada\\\/#primaryimage\"},\"thumbnailUrl\":\"https:\\\/\\\/herboristeriamerce.com\\\/wp-content\\\/uploads\\\/2025\\\/06\\\/Biobel-Bebes-15L_delantera.jpg\",\"datePublished\":\"2025-06-06T15:26:17+00:00\",\"dateModified\":\"2025-08-01T16:21:06+00:00\",\"description\":\"Sab\u00f3 ecol\u00f2gic per a roba delicada, natural i sense perfum, ideal per a nadons i pells sensibles. Efica\u00e7 a baixes temperatures i certificat per Ecocert.\",\"breadcrumb\":{\"@id\":\"https:\\\/\\\/herboristeriamerce.com\\\/herboristeria-online\\\/llar\\\/neteja-llar\\\/roba\\\/detergent-bebes-i-peces-delicades-sabo-ecologic-per-a-roba-delicada\\\/#breadcrumb\"},\"inLanguage\":\"es\",\"potentialAction\":[{\"@type\":\"ReadAction\",\"target\":[\"https:\\\/\\\/herboristeriamerce.com\\\/herboristeria-online\\\/llar\\\/neteja-llar\\\/roba\\\/detergent-bebes-i-peces-delicades-sabo-ecologic-per-a-roba-delicada\\\/\"]}]},{\"@type\":\"ImageObject\",\"inLanguage\":\"es\",\"@id\":\"https:\\\/\\\/herboristeriamerce.com\\\/herboristeria-online\\\/llar\\\/neteja-llar\\\/roba\\\/detergent-bebes-i-peces-delicades-sabo-ecologic-per-a-roba-delicada\\\/#primaryimage\",\"url\":\"https:\\\/\\\/herboristeriamerce.com\\\/wp-content\\\/uploads\\\/2025\\\/06\\\/Biobel-Bebes-15L_delantera.jpg\",\"contentUrl\":\"https:\\\/\\\/herboristeriamerce.com\\\/wp-content\\\/uploads\\\/2025\\\/06\\\/Biobel-Bebes-15L_delantera.jpg\",\"width\":1000,\"height\":1000},{\"@type\":\"BreadcrumbList\",\"@id\":\"https:\\\/\\\/herboristeriamerce.com\\\/herboristeria-online\\\/llar\\\/neteja-llar\\\/roba\\\/detergent-bebes-i-peces-delicades-sabo-ecologic-per-a-roba-delicada\\\/#breadcrumb\",\"itemListElement\":[{\"@type\":\"ListItem\",\"position\":1,\"name\":\"Inici\",\"item\":\"https:\\\/\\\/herboristeriamerce.com\\\/\"},{\"@type\":\"ListItem\",\"position\":2,\"name\":\"Herboristeria online\",\"item\":\"https:\\\/\\\/herboristeriamerce.com\\\/herboristeria-online\\\/\"},{\"@type\":\"ListItem\",\"position\":3,\"name\":\"Detergent-Beb\u00e8s i peces delicades\"}]},{\"@type\":\"WebSite\",\"@id\":\"https:\\\/\\\/herboristeriamerce.com\\\/#website\",\"url\":\"https:\\\/\\\/herboristeriamerce.com\\\/\",\"name\":\"Herbolari Merc\u00e8\",\"description\":\"Herbolari a Terrassa\",\"publisher\":{\"@id\":\"https:\\\/\\\/herboristeriamerce.com\\\/#organization\"},\"potentialAction\":[{\"@type\":\"SearchAction\",\"target\":{\"@type\":\"EntryPoint\",\"urlTemplate\":\"https:\\\/\\\/herboristeriamerce.com\\\/?s={search_term_string}\"},\"query-input\":{\"@type\":\"PropertyValueSpecification\",\"valueRequired\":true,\"valueName\":\"search_term_string\"}}],\"inLanguage\":\"es\"},{\"@type\":\"Organization\",\"@id\":\"https:\\\/\\\/herboristeriamerce.com\\\/#organization\",\"name\":\"Herbolari Merc\u00e8\",\"url\":\"https:\\\/\\\/herboristeriamerce.com\\\/\",\"logo\":{\"@type\":\"ImageObject\",\"inLanguage\":\"es\",\"@id\":\"https:\\\/\\\/herboristeriamerce.com\\\/#\\\/schema\\\/logo\\\/image\\\/\",\"url\":\"https:\\\/\\\/herboristeriamerce.com\\\/wp-content\\\/uploads\\\/2025\\\/04\\\/cropped-logo-herboristeria-330x168-229w.webp\",\"contentUrl\":\"https:\\\/\\\/herboristeriamerce.com\\\/wp-content\\\/uploads\\\/2025\\\/04\\\/cropped-logo-herboristeria-330x168-229w.webp\",\"width\":230,\"height\":117,\"caption\":\"Herbolari Merc\u00e8\"},\"image\":{\"@id\":\"https:\\\/\\\/herboristeriamerce.com\\\/#\\\/schema\\\/logo\\\/image\\\/\"}}]}<\/script>\n<!-- \/ Yoast SEO plugin. -->","yoast_head_json":{"title":"Detergent-Beb\u00e8s i peces delicades - Herbolari Merc\u00e8 Sab\u00f3 ecol\u00f2gic per a roba delicada","description":"Sab\u00f3 ecol\u00f2gic per a roba delicada, natural i sense perfum, ideal per a nadons i pells sensibles. Efica\u00e7 a baixes temperatures i certificat per Ecocert.","robots":{"index":"index","follow":"follow","max-snippet":"max-snippet:-1","max-image-preview":"max-image-preview:large","max-video-preview":"max-video-preview:-1"},"canonical":"https:\/\/herboristeriamerce.com\/es\/herboristeria-online\/llar\/neteja-llar\/roba\/detergent-bebes-i-peces-delicades-sabo-ecologic-per-a-roba-delicada\/","og_locale":"es_ES","og_type":"article","og_title":"Detergent-Beb\u00e8s i peces delicades - Herbolari Merc\u00e8 Sab\u00f3 ecol\u00f2gic per a roba delicada","og_description":"Sab\u00f3 ecol\u00f2gic per a roba delicada, natural i sense perfum, ideal per a nadons i pells sensibles. Efica\u00e7 a baixes temperatures i certificat per Ecocert.","og_url":"https:\/\/herboristeriamerce.com\/es\/herboristeria-online\/llar\/neteja-llar\/roba\/detergent-bebes-i-peces-delicades-sabo-ecologic-per-a-roba-delicada\/","og_site_name":"Herbolari Merc\u00e8","article_modified_time":"2025-08-01T16:21:06+00:00","og_image":[{"width":1000,"height":1000,"url":"https:\/\/herboristeriamerce.com\/wp-content\/uploads\/2025\/06\/Biobel-Bebes-15L_delantera.jpg","type":"image\/jpeg"}],"twitter_card":"summary_large_image","twitter_misc":{"Tiempo de lectura":"3 minutos"},"schema":{"@context":"https:\/\/schema.org","@graph":[{"@type":"WebPage","@id":"https:\/\/herboristeriamerce.com\/herboristeria-online\/llar\/neteja-llar\/roba\/detergent-bebes-i-peces-delicades-sabo-ecologic-per-a-roba-delicada\/","url":"https:\/\/herboristeriamerce.com\/herboristeria-online\/llar\/neteja-llar\/roba\/detergent-bebes-i-peces-delicades-sabo-ecologic-per-a-roba-delicada\/","name":"Detergent-Beb\u00e8s i peces delicades - Herbolari Merc\u00e8 Sab\u00f3 ecol\u00f2gic per a roba delicada","isPartOf":{"@id":"https:\/\/herboristeriamerce.com\/#website"},"primaryImageOfPage":{"@id":"https:\/\/herboristeriamerce.com\/herboristeria-online\/llar\/neteja-llar\/roba\/detergent-bebes-i-peces-delicades-sabo-ecologic-per-a-roba-delicada\/#primaryimage"},"image":{"@id":"https:\/\/herboristeriamerce.com\/herboristeria-online\/llar\/neteja-llar\/roba\/detergent-bebes-i-peces-delicades-sabo-ecologic-per-a-roba-delicada\/#primaryimage"},"thumbnailUrl":"https:\/\/herboristeriamerce.com\/wp-content\/uploads\/2025\/06\/Biobel-Bebes-15L_delantera.jpg","datePublished":"2025-06-06T15:26:17+00:00","dateModified":"2025-08-01T16:21:06+00:00","description":"Sab\u00f3 ecol\u00f2gic per a roba delicada, natural i sense perfum, ideal per a nadons i pells sensibles. Efica\u00e7 a baixes temperatures i certificat per Ecocert.","breadcrumb":{"@id":"https:\/\/herboristeriamerce.com\/herboristeria-online\/llar\/neteja-llar\/roba\/detergent-bebes-i-peces-delicades-sabo-ecologic-per-a-roba-delicada\/#breadcrumb"},"inLanguage":"es","potentialAction":[{"@type":"ReadAction","target":["https:\/\/herboristeriamerce.com\/herboristeria-online\/llar\/neteja-llar\/roba\/detergent-bebes-i-peces-delicades-sabo-ecologic-per-a-roba-delicada\/"]}]},{"@type":"ImageObject","inLanguage":"es","@id":"https:\/\/herboristeriamerce.com\/herboristeria-online\/llar\/neteja-llar\/roba\/detergent-bebes-i-peces-delicades-sabo-ecologic-per-a-roba-delicada\/#primaryimage","url":"https:\/\/herboristeriamerce.com\/wp-content\/uploads\/2025\/06\/Biobel-Bebes-15L_delantera.jpg","contentUrl":"https:\/\/herboristeriamerce.com\/wp-content\/uploads\/2025\/06\/Biobel-Bebes-15L_delantera.jpg","width":1000,"height":1000},{"@type":"BreadcrumbList","@id":"https:\/\/herboristeriamerce.com\/herboristeria-online\/llar\/neteja-llar\/roba\/detergent-bebes-i-peces-delicades-sabo-ecologic-per-a-roba-delicada\/#breadcrumb","itemListElement":[{"@type":"ListItem","position":1,"name":"Inici","item":"https:\/\/herboristeriamerce.com\/"},{"@type":"ListItem","position":2,"name":"Herboristeria online","item":"https:\/\/herboristeriamerce.com\/herboristeria-online\/"},{"@type":"ListItem","position":3,"name":"Detergent-Beb\u00e8s i peces delicades"}]},{"@type":"WebSite","@id":"https:\/\/herboristeriamerce.com\/#website","url":"https:\/\/herboristeriamerce.com\/","name":"Herbolari Merc\u00e8","description":"Herbolari a Terrassa","publisher":{"@id":"https:\/\/herboristeriamerce.com\/#organization"},"potentialAction":[{"@type":"SearchAction","target":{"@type":"EntryPoint","urlTemplate":"https:\/\/herboristeriamerce.com\/?s={search_term_string}"},"query-input":{"@type":"PropertyValueSpecification","valueRequired":true,"valueName":"search_term_string"}}],"inLanguage":"es"},{"@type":"Organization","@id":"https:\/\/herboristeriamerce.com\/#organization","name":"Herbolari Merc\u00e8","url":"https:\/\/herboristeriamerce.com\/","logo":{"@type":"ImageObject","inLanguage":"es","@id":"https:\/\/herboristeriamerce.com\/#\/schema\/logo\/image\/","url":"https:\/\/herboristeriamerce.com\/wp-content\/uploads\/2025\/04\/cropped-logo-herboristeria-330x168-229w.webp","contentUrl":"https:\/\/herboristeriamerce.com\/wp-content\/uploads\/2025\/04\/cropped-logo-herboristeria-330x168-229w.webp","width":230,"height":117,"caption":"Herbolari Merc\u00e8"},"image":{"@id":"https:\/\/herboristeriamerce.com\/#\/schema\/logo\/image\/"}}]}},"_links":{"self":[{"href":"https:\/\/herboristeriamerce.com\/es\/wp-json\/wp\/v2\/product\/1942","targetHints":{"allow":["GET"]}}],"collection":[{"href":"https:\/\/herboristeriamerce.com\/es\/wp-json\/wp\/v2\/product"}],"about":[{"href":"https:\/\/herboristeriamerce.com\/es\/wp-json\/wp\/v2\/types\/product"}],"replies":[{"embeddable":true,"href":"https:\/\/herboristeriamerce.com\/es\/wp-json\/wp\/v2\/comments?post=1942"}],"wp:featuredmedia":[{"embeddable":true,"href":"https:\/\/herboristeriamerce.com\/es\/wp-json\/wp\/v2\/media\/1943"}],"wp:attachment":[{"href":"https:\/\/herboristeriamerce.com\/es\/wp-json\/wp\/v2\/media?parent=1942"}],"wp:term":[{"taxonomy":"product_brand","embeddable":true,"href":"https:\/\/herboristeriamerce.com\/es\/wp-json\/wp\/v2\/product_brand?post=1942"},{"taxonomy":"product_cat","embeddable":true,"href":"https:\/\/herboristeriamerce.com\/es\/wp-json\/wp\/v2\/product_cat?post=1942"},{"taxonomy":"product_tag","embeddable":true,"href":"https:\/\/herboristeriamerce.com\/es\/wp-json\/wp\/v2\/product_tag?post=1942"}],"curies":[{"name":"wp","href":"https:\/\/api.w.org\/{rel}","templated":true}]}}