{"id":1939,"date":"2025-06-06T11:16:56","date_gmt":"2025-06-06T11:16:56","guid":{"rendered":"https:\/\/herboristeriamerce.com\/?post_type=product&#038;p=1939"},"modified":"2025-08-01T11:30:17","modified_gmt":"2025-08-01T11:30:17","slug":"cullereta-medidora-cullereta-de-plastic-per-mesurar-te","status":"publish","type":"product","link":"https:\/\/herboristeriamerce.com\/es\/herboristeria-online\/infusions-i-tes\/estris-per-te\/cullereta-medidora-cullereta-de-plastic-per-mesurar-te\/","title":{"rendered":"Cullereta medidora"},"content":{"rendered":"<p data-start=\"90\" data-end=\"131\"><strong data-start=\"90\" data-end=\"129\">Cullereta de pl\u00e0stic per mesurar te<\/strong><\/p>\n<p data-start=\"133\" data-end=\"310\">Cullereta de pl\u00e0stic de diversos colors, ideal per mesurar la quantitat perfecta de te per tassa. Mida compacte de 7,8 cm de llarg. Disponible en 4 models diferents per triar.<\/p>\n<p data-start=\"312\" data-end=\"527\">Aquest accessori \u00e9s molt pr\u00e0ctic i f\u00e0cil d\u2019utilitzar. T\u2019ajuda a preparar la infusi\u00f3 amb la dosi exacta, per obtenir sempre un sabor equilibrat i delici\u00f3s. A m\u00e9s, el pl\u00e0stic lleuger fa que sigui c\u00f2mode i resistent.<\/p>\n<p data-start=\"529\" data-end=\"696\">Perfecte per a qualsevol tipus de te, des dels m\u00e9s suaus fins als m\u00e9s intensos. Les diferents opcions de colors et permeten personalitzar-lo segons el teu gust o \u00fas.<\/p>\n<p data-start=\"698\" data-end=\"754\">Ideal per a \u00fas dom\u00e8stic o per regalar a amants del te.<\/p>","protected":false},"excerpt":{"rendered":"<p>Cullereta de pl\u00e0stic per mesurar te Cullereta de pl\u00e0stic de diversos colors, ideal per mesurar la quantitat perfecta de te [&hellip;]<\/p>","protected":false},"featured_media":1940,"comment_status":"open","ping_status":"closed","template":"","meta":{"site-sidebar-layout":"default","site-content-layout":"","ast-site-content-layout":"default","site-content-style":"default","site-sidebar-style":"default","ast-global-header-display":"","ast-banner-title-visibility":"","ast-main-header-display":"","ast-hfb-above-header-display":"","ast-hfb-below-header-display":"","ast-hfb-mobile-header-display":"","site-post-title":"","ast-breadcrumbs-content":"","ast-featured-img":"","footer-sml-layout":"","ast-disable-related-posts":"","theme-transparent-header-meta":"default","adv-header-id-meta":"","stick-header-meta":"","header-above-stick-meta":"","header-main-stick-meta":"","header-below-stick-meta":"","astra-migrate-meta-layouts":"set","ast-page-background-enabled":"default","ast-page-background-meta":{"desktop":{"background-color":"var(--ast-global-color-4)","background-image":"","background-repeat":"repeat","background-position":"center center","background-size":"auto","background-attachment":"scroll","background-type":"","background-media":"","overlay-type":"","overlay-color":"","overlay-opacity":"","overlay-gradient":""},"tablet":{"background-color":"","background-image":"","background-repeat":"repeat","background-position":"center center","background-size":"auto","background-attachment":"scroll","background-type":"","background-media":"","overlay-type":"","overlay-color":"","overlay-opacity":"","overlay-gradient":""},"mobile":{"background-color":"","background-image":"","background-repeat":"repeat","background-position":"center center","background-size":"auto","background-attachment":"scroll","background-type":"","background-media":"","overlay-type":"","overlay-color":"","overlay-opacity":"","overlay-gradient":""}},"ast-content-background-meta":{"desktop":{"background-color":"var(--ast-global-color-5)","background-image":"","background-repeat":"repeat","background-position":"center center","background-size":"auto","background-attachment":"scroll","background-type":"","background-media":"","overlay-type":"","overlay-color":"","overlay-opacity":"","overlay-gradient":""},"tablet":{"background-color":"var(--ast-global-color-5)","background-image":"","background-repeat":"repeat","background-position":"center center","background-size":"auto","background-attachment":"scroll","background-type":"","background-media":"","overlay-type":"","overlay-color":"","overlay-opacity":"","overlay-gradient":""},"mobile":{"background-color":"var(--ast-global-color-5)","background-image":"","background-repeat":"repeat","background-position":"center center","background-size":"auto","background-attachment":"scroll","background-type":"","background-media":"","overlay-type":"","overlay-color":"","overlay-opacity":"","overlay-gradient":""}}},"product_brand":[26],"product_cat":[70],"product_tag":[],"class_list":{"0":"post-1939","1":"product","2":"type-product","3":"status-publish","4":"has-post-thumbnail","6":"product_brand-azaria","7":"product_cat-estris-per-te","8":"desktop-align-left","9":"tablet-align-left","10":"mobile-align-left","12":"first","13":"instock","14":"taxable","15":"shipping-taxable","16":"purchasable","17":"product-type-simple"},"yoast_head":"<!-- This site is optimized with the Yoast SEO plugin v27.5 - https:\/\/yoast.com\/product\/yoast-seo-wordpress\/ -->\n<title>Cullereta medidora - Herbolari Merc\u00e8 cullereta de pl\u00e0stic per mesurar te<\/title>\n<meta name=\"description\" content=\"Cullereta de pl\u00e0stic per mesurar te, de 7,8 cm, en diversos colors. Mesura f\u00e0cilment la quantitat ideal per preparar la teva tassa perfecta.\" \/>\n<meta name=\"robots\" content=\"index, follow, max-snippet:-1, max-image-preview:large, max-video-preview:-1\" \/>\n<link rel=\"canonical\" href=\"https:\/\/herboristeriamerce.com\/es\/herboristeria-online\/infusions-i-tes\/estris-per-te\/cullereta-medidora-cullereta-de-plastic-per-mesurar-te\/\" \/>\n<meta property=\"og:locale\" content=\"es_ES\" \/>\n<meta property=\"og:type\" content=\"article\" \/>\n<meta property=\"og:title\" content=\"Cullereta medidora - Herbolari Merc\u00e8 cullereta de pl\u00e0stic per mesurar te\" \/>\n<meta property=\"og:description\" content=\"Cullereta de pl\u00e0stic per mesurar te, de 7,8 cm, en diversos colors. Mesura f\u00e0cilment la quantitat ideal per preparar la teva tassa perfecta.\" \/>\n<meta property=\"og:url\" content=\"https:\/\/herboristeriamerce.com\/es\/herboristeria-online\/infusions-i-tes\/estris-per-te\/cullereta-medidora-cullereta-de-plastic-per-mesurar-te\/\" \/>\n<meta property=\"og:site_name\" content=\"Herbolari Merc\u00e8\" \/>\n<meta property=\"article:modified_time\" content=\"2025-08-01T11:30:17+00:00\" \/>\n<meta property=\"og:image\" content=\"https:\/\/herboristeriamerce.com\/wp-content\/uploads\/2025\/06\/cullereta.jpg\" \/>\n\t<meta property=\"og:image:width\" content=\"300\" \/>\n\t<meta property=\"og:image:height\" content=\"300\" \/>\n\t<meta property=\"og:image:type\" content=\"image\/jpeg\" \/>\n<meta name=\"twitter:card\" content=\"summary_large_image\" \/>\n<meta name=\"twitter:label1\" content=\"Tiempo de lectura\" \/>\n\t<meta name=\"twitter:data1\" content=\"1 minuto\" \/>\n<script type=\"application\/ld+json\" class=\"yoast-schema-graph\">{\"@context\":\"https:\\\/\\\/schema.org\",\"@graph\":[{\"@type\":\"WebPage\",\"@id\":\"https:\\\/\\\/herboristeriamerce.com\\\/herboristeria-online\\\/infusions-i-tes\\\/estris-per-te\\\/cullereta-medidora-cullereta-de-plastic-per-mesurar-te\\\/\",\"url\":\"https:\\\/\\\/herboristeriamerce.com\\\/herboristeria-online\\\/infusions-i-tes\\\/estris-per-te\\\/cullereta-medidora-cullereta-de-plastic-per-mesurar-te\\\/\",\"name\":\"Cullereta medidora - Herbolari Merc\u00e8 cullereta de pl\u00e0stic per mesurar te\",\"isPartOf\":{\"@id\":\"https:\\\/\\\/herboristeriamerce.com\\\/#website\"},\"primaryImageOfPage\":{\"@id\":\"https:\\\/\\\/herboristeriamerce.com\\\/herboristeria-online\\\/infusions-i-tes\\\/estris-per-te\\\/cullereta-medidora-cullereta-de-plastic-per-mesurar-te\\\/#primaryimage\"},\"image\":{\"@id\":\"https:\\\/\\\/herboristeriamerce.com\\\/herboristeria-online\\\/infusions-i-tes\\\/estris-per-te\\\/cullereta-medidora-cullereta-de-plastic-per-mesurar-te\\\/#primaryimage\"},\"thumbnailUrl\":\"https:\\\/\\\/herboristeriamerce.com\\\/wp-content\\\/uploads\\\/2025\\\/06\\\/cullereta.jpg\",\"datePublished\":\"2025-06-06T11:16:56+00:00\",\"dateModified\":\"2025-08-01T11:30:17+00:00\",\"description\":\"Cullereta de pl\u00e0stic per mesurar te, de 7,8 cm, en diversos colors. Mesura f\u00e0cilment la quantitat ideal per preparar la teva tassa perfecta.\",\"breadcrumb\":{\"@id\":\"https:\\\/\\\/herboristeriamerce.com\\\/herboristeria-online\\\/infusions-i-tes\\\/estris-per-te\\\/cullereta-medidora-cullereta-de-plastic-per-mesurar-te\\\/#breadcrumb\"},\"inLanguage\":\"es\",\"potentialAction\":[{\"@type\":\"ReadAction\",\"target\":[\"https:\\\/\\\/herboristeriamerce.com\\\/herboristeria-online\\\/infusions-i-tes\\\/estris-per-te\\\/cullereta-medidora-cullereta-de-plastic-per-mesurar-te\\\/\"]}]},{\"@type\":\"ImageObject\",\"inLanguage\":\"es\",\"@id\":\"https:\\\/\\\/herboristeriamerce.com\\\/herboristeria-online\\\/infusions-i-tes\\\/estris-per-te\\\/cullereta-medidora-cullereta-de-plastic-per-mesurar-te\\\/#primaryimage\",\"url\":\"https:\\\/\\\/herboristeriamerce.com\\\/wp-content\\\/uploads\\\/2025\\\/06\\\/cullereta.jpg\",\"contentUrl\":\"https:\\\/\\\/herboristeriamerce.com\\\/wp-content\\\/uploads\\\/2025\\\/06\\\/cullereta.jpg\",\"width\":300,\"height\":300},{\"@type\":\"BreadcrumbList\",\"@id\":\"https:\\\/\\\/herboristeriamerce.com\\\/herboristeria-online\\\/infusions-i-tes\\\/estris-per-te\\\/cullereta-medidora-cullereta-de-plastic-per-mesurar-te\\\/#breadcrumb\",\"itemListElement\":[{\"@type\":\"ListItem\",\"position\":1,\"name\":\"Inici\",\"item\":\"https:\\\/\\\/herboristeriamerce.com\\\/\"},{\"@type\":\"ListItem\",\"position\":2,\"name\":\"Herboristeria online\",\"item\":\"https:\\\/\\\/herboristeriamerce.com\\\/herboristeria-online\\\/\"},{\"@type\":\"ListItem\",\"position\":3,\"name\":\"Cullereta medidora\"}]},{\"@type\":\"WebSite\",\"@id\":\"https:\\\/\\\/herboristeriamerce.com\\\/#website\",\"url\":\"https:\\\/\\\/herboristeriamerce.com\\\/\",\"name\":\"Herbolari Merc\u00e8\",\"description\":\"Herbolari a Terrassa\",\"publisher\":{\"@id\":\"https:\\\/\\\/herboristeriamerce.com\\\/#organization\"},\"potentialAction\":[{\"@type\":\"SearchAction\",\"target\":{\"@type\":\"EntryPoint\",\"urlTemplate\":\"https:\\\/\\\/herboristeriamerce.com\\\/?s={search_term_string}\"},\"query-input\":{\"@type\":\"PropertyValueSpecification\",\"valueRequired\":true,\"valueName\":\"search_term_string\"}}],\"inLanguage\":\"es\"},{\"@type\":\"Organization\",\"@id\":\"https:\\\/\\\/herboristeriamerce.com\\\/#organization\",\"name\":\"Herbolari Merc\u00e8\",\"url\":\"https:\\\/\\\/herboristeriamerce.com\\\/\",\"logo\":{\"@type\":\"ImageObject\",\"inLanguage\":\"es\",\"@id\":\"https:\\\/\\\/herboristeriamerce.com\\\/#\\\/schema\\\/logo\\\/image\\\/\",\"url\":\"https:\\\/\\\/herboristeriamerce.com\\\/wp-content\\\/uploads\\\/2025\\\/04\\\/cropped-logo-herboristeria-330x168-229w.webp\",\"contentUrl\":\"https:\\\/\\\/herboristeriamerce.com\\\/wp-content\\\/uploads\\\/2025\\\/04\\\/cropped-logo-herboristeria-330x168-229w.webp\",\"width\":230,\"height\":117,\"caption\":\"Herbolari Merc\u00e8\"},\"image\":{\"@id\":\"https:\\\/\\\/herboristeriamerce.com\\\/#\\\/schema\\\/logo\\\/image\\\/\"}}]}<\/script>\n<!-- \/ Yoast SEO plugin. -->","yoast_head_json":{"title":"Cullereta medidora - Herbolari Merc\u00e8 cullereta de pl\u00e0stic per mesurar te","description":"Cullereta de pl\u00e0stic per mesurar te, de 7,8 cm, en diversos colors. Mesura f\u00e0cilment la quantitat ideal per preparar la teva tassa perfecta.","robots":{"index":"index","follow":"follow","max-snippet":"max-snippet:-1","max-image-preview":"max-image-preview:large","max-video-preview":"max-video-preview:-1"},"canonical":"https:\/\/herboristeriamerce.com\/es\/herboristeria-online\/infusions-i-tes\/estris-per-te\/cullereta-medidora-cullereta-de-plastic-per-mesurar-te\/","og_locale":"es_ES","og_type":"article","og_title":"Cullereta medidora - Herbolari Merc\u00e8 cullereta de pl\u00e0stic per mesurar te","og_description":"Cullereta de pl\u00e0stic per mesurar te, de 7,8 cm, en diversos colors. Mesura f\u00e0cilment la quantitat ideal per preparar la teva tassa perfecta.","og_url":"https:\/\/herboristeriamerce.com\/es\/herboristeria-online\/infusions-i-tes\/estris-per-te\/cullereta-medidora-cullereta-de-plastic-per-mesurar-te\/","og_site_name":"Herbolari Merc\u00e8","article_modified_time":"2025-08-01T11:30:17+00:00","og_image":[{"width":300,"height":300,"url":"https:\/\/herboristeriamerce.com\/wp-content\/uploads\/2025\/06\/cullereta.jpg","type":"image\/jpeg"}],"twitter_card":"summary_large_image","twitter_misc":{"Tiempo de lectura":"1 minuto"},"schema":{"@context":"https:\/\/schema.org","@graph":[{"@type":"WebPage","@id":"https:\/\/herboristeriamerce.com\/herboristeria-online\/infusions-i-tes\/estris-per-te\/cullereta-medidora-cullereta-de-plastic-per-mesurar-te\/","url":"https:\/\/herboristeriamerce.com\/herboristeria-online\/infusions-i-tes\/estris-per-te\/cullereta-medidora-cullereta-de-plastic-per-mesurar-te\/","name":"Cullereta medidora - Herbolari Merc\u00e8 cullereta de pl\u00e0stic per mesurar te","isPartOf":{"@id":"https:\/\/herboristeriamerce.com\/#website"},"primaryImageOfPage":{"@id":"https:\/\/herboristeriamerce.com\/herboristeria-online\/infusions-i-tes\/estris-per-te\/cullereta-medidora-cullereta-de-plastic-per-mesurar-te\/#primaryimage"},"image":{"@id":"https:\/\/herboristeriamerce.com\/herboristeria-online\/infusions-i-tes\/estris-per-te\/cullereta-medidora-cullereta-de-plastic-per-mesurar-te\/#primaryimage"},"thumbnailUrl":"https:\/\/herboristeriamerce.com\/wp-content\/uploads\/2025\/06\/cullereta.jpg","datePublished":"2025-06-06T11:16:56+00:00","dateModified":"2025-08-01T11:30:17+00:00","description":"Cullereta de pl\u00e0stic per mesurar te, de 7,8 cm, en diversos colors. Mesura f\u00e0cilment la quantitat ideal per preparar la teva tassa perfecta.","breadcrumb":{"@id":"https:\/\/herboristeriamerce.com\/herboristeria-online\/infusions-i-tes\/estris-per-te\/cullereta-medidora-cullereta-de-plastic-per-mesurar-te\/#breadcrumb"},"inLanguage":"es","potentialAction":[{"@type":"ReadAction","target":["https:\/\/herboristeriamerce.com\/herboristeria-online\/infusions-i-tes\/estris-per-te\/cullereta-medidora-cullereta-de-plastic-per-mesurar-te\/"]}]},{"@type":"ImageObject","inLanguage":"es","@id":"https:\/\/herboristeriamerce.com\/herboristeria-online\/infusions-i-tes\/estris-per-te\/cullereta-medidora-cullereta-de-plastic-per-mesurar-te\/#primaryimage","url":"https:\/\/herboristeriamerce.com\/wp-content\/uploads\/2025\/06\/cullereta.jpg","contentUrl":"https:\/\/herboristeriamerce.com\/wp-content\/uploads\/2025\/06\/cullereta.jpg","width":300,"height":300},{"@type":"BreadcrumbList","@id":"https:\/\/herboristeriamerce.com\/herboristeria-online\/infusions-i-tes\/estris-per-te\/cullereta-medidora-cullereta-de-plastic-per-mesurar-te\/#breadcrumb","itemListElement":[{"@type":"ListItem","position":1,"name":"Inici","item":"https:\/\/herboristeriamerce.com\/"},{"@type":"ListItem","position":2,"name":"Herboristeria online","item":"https:\/\/herboristeriamerce.com\/herboristeria-online\/"},{"@type":"ListItem","position":3,"name":"Cullereta medidora"}]},{"@type":"WebSite","@id":"https:\/\/herboristeriamerce.com\/#website","url":"https:\/\/herboristeriamerce.com\/","name":"Herbolari Merc\u00e8","description":"Herbolari a Terrassa","publisher":{"@id":"https:\/\/herboristeriamerce.com\/#organization"},"potentialAction":[{"@type":"SearchAction","target":{"@type":"EntryPoint","urlTemplate":"https:\/\/herboristeriamerce.com\/?s={search_term_string}"},"query-input":{"@type":"PropertyValueSpecification","valueRequired":true,"valueName":"search_term_string"}}],"inLanguage":"es"},{"@type":"Organization","@id":"https:\/\/herboristeriamerce.com\/#organization","name":"Herbolari Merc\u00e8","url":"https:\/\/herboristeriamerce.com\/","logo":{"@type":"ImageObject","inLanguage":"es","@id":"https:\/\/herboristeriamerce.com\/#\/schema\/logo\/image\/","url":"https:\/\/herboristeriamerce.com\/wp-content\/uploads\/2025\/04\/cropped-logo-herboristeria-330x168-229w.webp","contentUrl":"https:\/\/herboristeriamerce.com\/wp-content\/uploads\/2025\/04\/cropped-logo-herboristeria-330x168-229w.webp","width":230,"height":117,"caption":"Herbolari Merc\u00e8"},"image":{"@id":"https:\/\/herboristeriamerce.com\/#\/schema\/logo\/image\/"}}]}},"_links":{"self":[{"href":"https:\/\/herboristeriamerce.com\/es\/wp-json\/wp\/v2\/product\/1939","targetHints":{"allow":["GET"]}}],"collection":[{"href":"https:\/\/herboristeriamerce.com\/es\/wp-json\/wp\/v2\/product"}],"about":[{"href":"https:\/\/herboristeriamerce.com\/es\/wp-json\/wp\/v2\/types\/product"}],"replies":[{"embeddable":true,"href":"https:\/\/herboristeriamerce.com\/es\/wp-json\/wp\/v2\/comments?post=1939"}],"wp:featuredmedia":[{"embeddable":true,"href":"https:\/\/herboristeriamerce.com\/es\/wp-json\/wp\/v2\/media\/1940"}],"wp:attachment":[{"href":"https:\/\/herboristeriamerce.com\/es\/wp-json\/wp\/v2\/media?parent=1939"}],"wp:term":[{"taxonomy":"product_brand","embeddable":true,"href":"https:\/\/herboristeriamerce.com\/es\/wp-json\/wp\/v2\/product_brand?post=1939"},{"taxonomy":"product_cat","embeddable":true,"href":"https:\/\/herboristeriamerce.com\/es\/wp-json\/wp\/v2\/product_cat?post=1939"},{"taxonomy":"product_tag","embeddable":true,"href":"https:\/\/herboristeriamerce.com\/es\/wp-json\/wp\/v2\/product_tag?post=1939"}],"curies":[{"name":"wp","href":"https:\/\/api.w.org\/{rel}","templated":true}]}}