{"id":1921,"date":"2025-05-30T17:49:14","date_gmt":"2025-05-30T17:49:14","guid":{"rendered":"https:\/\/herboristeriamerce.com\/?post_type=product&#038;p=1921"},"modified":"2025-08-01T11:24:50","modified_gmt":"2025-08-01T11:24:50","slug":"curcuma-molta-curcuma-en-pols-amb-propietats-antioxidants","status":"publish","type":"product","link":"https:\/\/herboristeriamerce.com\/es\/herboristeria-online\/alimentacio-saludable\/especies-culinaries\/curcuma-molta-curcuma-en-pols-amb-propietats-antioxidants\/","title":{"rendered":"C\u00farcuma en pols"},"content":{"rendered":"<h3 data-start=\"173\" data-end=\"225\">C\u00farcuma en pols \u2013 Antioxidant natural i molt m\u00e9s<\/h3>\n<p data-start=\"184\" data-end=\"509\">La c\u00farcuma en pols amb propietats antioxidants \u00e9s un producte natural cada cop m\u00e9s popular. Aquest ingredient s\u2019ha utilitzat des de fa segles per les seves m\u00faltiples qualitats beneficioses per a la salut. A m\u00e9s de la seva fama com a esp\u00e8cia culin\u00e0ria, destaca pel seu efecte positiu sobre el sistema immunitari i la digesti\u00f3.<\/p>\n<p data-start=\"511\" data-end=\"806\">En primer lloc, la c\u00farcuma en pols amb propietats antioxidants ajuda a protegir les c\u00e8l\u00b7lules de l\u2019estr\u00e8s oxidatiu. Aix\u00f2 contribueix a mantenir el sistema immunol\u00f2gic en bon estat. Per tant, esdev\u00e9 un aliat important per a la salut di\u00e0ria, especialment en per\u00edodes d\u2019estr\u00e8s o canvis estacionals.<\/p>\n<p data-start=\"808\" data-end=\"1112\">A m\u00e9s, aquesta esp\u00e8cia promou una bona digesti\u00f3. Gr\u00e0cies a les seves propietats, ajuda a mantenir els nivells de colesterol estables i a reduir possibles inflamacions al sistema digestiu. Aix\u00f2 fa que sigui un complement ideal per a persones que busquen millorar la seva salut intestinal de forma natural.<\/p>\n<p data-start=\"1114\" data-end=\"1359\">La c\u00farcuma tamb\u00e9 \u00e9s coneguda per ajudar a mantenir la pell saludable. La seva acci\u00f3 antioxidant combat els radicals lliures, responsables de l\u2019envelliment prematur. Aix\u00ed, contribueix a una pell m\u00e9s fresca, hidratada i amb menys signes de fatiga.<\/p>\n<p data-start=\"1361\" data-end=\"1576\">Finalment, la c\u00farcuma en pols cont\u00e9 fibra i una gran varietat de vitamines importants, com la E, K i les del grup B (B2, B3, B6 i B9). Aquestes vitamines reforcen el sistema nervi\u00f3s i afavoreixen l\u2019energia corporal.<\/p>\n<p data-start=\"1578\" data-end=\"1777\">Per tot aix\u00f2, la c\u00farcuma en pols \u00e9s un producte molt recomanat per a la dieta di\u00e0ria. Incorpora-la f\u00e0cilment en les teves receptes i gaudeix dels seus m\u00faltiples beneficis.<\/p>","protected":false},"excerpt":{"rendered":"<p>Tant a l&#8217;\u00cdndia com al sud-est asi\u00e0tic, s&#8217;utilitza com a t\u00f2nic general i amb finalitats terap\u00e8utiques.<\/p>","protected":false},"featured_media":1922,"comment_status":"open","ping_status":"closed","template":"","meta":{"site-sidebar-layout":"default","site-content-layout":"","ast-site-content-layout":"default","site-content-style":"default","site-sidebar-style":"default","ast-global-header-display":"","ast-banner-title-visibility":"","ast-main-header-display":"","ast-hfb-above-header-display":"","ast-hfb-below-header-display":"","ast-hfb-mobile-header-display":"","site-post-title":"","ast-breadcrumbs-content":"","ast-featured-img":"","footer-sml-layout":"","ast-disable-related-posts":"","theme-transparent-header-meta":"default","adv-header-id-meta":"","stick-header-meta":"","header-above-stick-meta":"","header-main-stick-meta":"","header-below-stick-meta":"","astra-migrate-meta-layouts":"set","ast-page-background-enabled":"default","ast-page-background-meta":{"desktop":{"background-color":"var(--ast-global-color-4)","background-image":"","background-repeat":"repeat","background-position":"center center","background-size":"auto","background-attachment":"scroll","background-type":"","background-media":"","overlay-type":"","overlay-color":"","overlay-opacity":"","overlay-gradient":""},"tablet":{"background-color":"","background-image":"","background-repeat":"repeat","background-position":"center center","background-size":"auto","background-attachment":"scroll","background-type":"","background-media":"","overlay-type":"","overlay-color":"","overlay-opacity":"","overlay-gradient":""},"mobile":{"background-color":"","background-image":"","background-repeat":"repeat","background-position":"center center","background-size":"auto","background-attachment":"scroll","background-type":"","background-media":"","overlay-type":"","overlay-color":"","overlay-opacity":"","overlay-gradient":""}},"ast-content-background-meta":{"desktop":{"background-color":"var(--ast-global-color-5)","background-image":"","background-repeat":"repeat","background-position":"center center","background-size":"auto","background-attachment":"scroll","background-type":"","background-media":"","overlay-type":"","overlay-color":"","overlay-opacity":"","overlay-gradient":""},"tablet":{"background-color":"var(--ast-global-color-5)","background-image":"","background-repeat":"repeat","background-position":"center center","background-size":"auto","background-attachment":"scroll","background-type":"","background-media":"","overlay-type":"","overlay-color":"","overlay-opacity":"","overlay-gradient":""},"mobile":{"background-color":"var(--ast-global-color-5)","background-image":"","background-repeat":"repeat","background-position":"center center","background-size":"auto","background-attachment":"scroll","background-type":"","background-media":"","overlay-type":"","overlay-color":"","overlay-opacity":"","overlay-gradient":""}}},"product_brand":[],"product_cat":[74,153,116,91,118],"product_tag":[155,171],"class_list":{"0":"post-1921","1":"product","2":"type-product","3":"status-publish","4":"has-post-thumbnail","6":"product_cat-cardiovascular","7":"product_cat-especies-culinaries","8":"product_cat-oseoarticular","9":"product_cat-tractaments-facials","10":"product_cat-us-topic","11":"product_tag-bio","12":"product_tag-granel","13":"desktop-align-left","14":"tablet-align-left","15":"mobile-align-left","17":"first","18":"instock","19":"taxable","20":"shipping-taxable","21":"purchasable","22":"product-type-variable"},"yoast_head":"<!-- This site is optimized with the Yoast SEO plugin v27.5 - https:\/\/yoast.com\/product\/yoast-seo-wordpress\/ -->\n<title>C\u00farcuma en pols - Herbolari Merc\u00e8 C\u00farcuma en pols amb propietats antioxidants<\/title>\n<meta name=\"description\" content=\"Descobreix la c\u00farcuma en pols amb propietats antioxidants que ajuda a cuidar la salut, millorar la digesti\u00f3 i protegir el sistema immunitari.\" \/>\n<meta name=\"robots\" content=\"index, follow, max-snippet:-1, max-image-preview:large, max-video-preview:-1\" \/>\n<link rel=\"canonical\" href=\"https:\/\/herboristeriamerce.com\/es\/herboristeria-online\/alimentacio-saludable\/especies-culinaries\/curcuma-molta-curcuma-en-pols-amb-propietats-antioxidants\/\" \/>\n<meta property=\"og:locale\" content=\"es_ES\" \/>\n<meta property=\"og:type\" content=\"article\" \/>\n<meta property=\"og:title\" content=\"C\u00farcuma en pols - Herbolari Merc\u00e8 C\u00farcuma en pols amb propietats antioxidants\" \/>\n<meta property=\"og:description\" content=\"Descobreix la c\u00farcuma en pols amb propietats antioxidants que ajuda a cuidar la salut, millorar la digesti\u00f3 i protegir el sistema immunitari.\" \/>\n<meta property=\"og:url\" content=\"https:\/\/herboristeriamerce.com\/es\/herboristeria-online\/alimentacio-saludable\/especies-culinaries\/curcuma-molta-curcuma-en-pols-amb-propietats-antioxidants\/\" \/>\n<meta property=\"og:site_name\" content=\"Herbolari Merc\u00e8\" \/>\n<meta property=\"article:modified_time\" content=\"2025-08-01T11:24:50+00:00\" \/>\n<meta property=\"og:image\" content=\"https:\/\/herboristeriamerce.com\/wp-content\/uploads\/2025\/05\/curcuma.jpeg\" \/>\n\t<meta property=\"og:image:width\" content=\"244\" \/>\n\t<meta property=\"og:image:height\" content=\"206\" \/>\n\t<meta property=\"og:image:type\" content=\"image\/jpeg\" \/>\n<meta name=\"twitter:card\" content=\"summary_large_image\" \/>\n<meta name=\"twitter:label1\" content=\"Tiempo de lectura\" \/>\n\t<meta name=\"twitter:data1\" content=\"2 minutos\" \/>\n<script type=\"application\/ld+json\" class=\"yoast-schema-graph\">{\"@context\":\"https:\\\/\\\/schema.org\",\"@graph\":[{\"@type\":\"WebPage\",\"@id\":\"https:\\\/\\\/herboristeriamerce.com\\\/herboristeria-online\\\/alimentacio-saludable\\\/especies-culinaries\\\/curcuma-molta-curcuma-en-pols-amb-propietats-antioxidants\\\/\",\"url\":\"https:\\\/\\\/herboristeriamerce.com\\\/herboristeria-online\\\/alimentacio-saludable\\\/especies-culinaries\\\/curcuma-molta-curcuma-en-pols-amb-propietats-antioxidants\\\/\",\"name\":\"C\u00farcuma en pols - Herbolari Merc\u00e8 C\u00farcuma en pols amb propietats antioxidants\",\"isPartOf\":{\"@id\":\"https:\\\/\\\/herboristeriamerce.com\\\/#website\"},\"primaryImageOfPage\":{\"@id\":\"https:\\\/\\\/herboristeriamerce.com\\\/herboristeria-online\\\/alimentacio-saludable\\\/especies-culinaries\\\/curcuma-molta-curcuma-en-pols-amb-propietats-antioxidants\\\/#primaryimage\"},\"image\":{\"@id\":\"https:\\\/\\\/herboristeriamerce.com\\\/herboristeria-online\\\/alimentacio-saludable\\\/especies-culinaries\\\/curcuma-molta-curcuma-en-pols-amb-propietats-antioxidants\\\/#primaryimage\"},\"thumbnailUrl\":\"https:\\\/\\\/herboristeriamerce.com\\\/wp-content\\\/uploads\\\/2025\\\/05\\\/curcuma.jpeg\",\"datePublished\":\"2025-05-30T17:49:14+00:00\",\"dateModified\":\"2025-08-01T11:24:50+00:00\",\"description\":\"Descobreix la c\u00farcuma en pols amb propietats antioxidants que ajuda a cuidar la salut, millorar la digesti\u00f3 i protegir el sistema immunitari.\",\"breadcrumb\":{\"@id\":\"https:\\\/\\\/herboristeriamerce.com\\\/herboristeria-online\\\/alimentacio-saludable\\\/especies-culinaries\\\/curcuma-molta-curcuma-en-pols-amb-propietats-antioxidants\\\/#breadcrumb\"},\"inLanguage\":\"es\",\"potentialAction\":[{\"@type\":\"ReadAction\",\"target\":[\"https:\\\/\\\/herboristeriamerce.com\\\/herboristeria-online\\\/alimentacio-saludable\\\/especies-culinaries\\\/curcuma-molta-curcuma-en-pols-amb-propietats-antioxidants\\\/\"]}]},{\"@type\":\"ImageObject\",\"inLanguage\":\"es\",\"@id\":\"https:\\\/\\\/herboristeriamerce.com\\\/herboristeria-online\\\/alimentacio-saludable\\\/especies-culinaries\\\/curcuma-molta-curcuma-en-pols-amb-propietats-antioxidants\\\/#primaryimage\",\"url\":\"https:\\\/\\\/herboristeriamerce.com\\\/wp-content\\\/uploads\\\/2025\\\/05\\\/curcuma.jpeg\",\"contentUrl\":\"https:\\\/\\\/herboristeriamerce.com\\\/wp-content\\\/uploads\\\/2025\\\/05\\\/curcuma.jpeg\",\"width\":244,\"height\":206},{\"@type\":\"BreadcrumbList\",\"@id\":\"https:\\\/\\\/herboristeriamerce.com\\\/herboristeria-online\\\/alimentacio-saludable\\\/especies-culinaries\\\/curcuma-molta-curcuma-en-pols-amb-propietats-antioxidants\\\/#breadcrumb\",\"itemListElement\":[{\"@type\":\"ListItem\",\"position\":1,\"name\":\"Inici\",\"item\":\"https:\\\/\\\/herboristeriamerce.com\\\/\"},{\"@type\":\"ListItem\",\"position\":2,\"name\":\"Herboristeria online\",\"item\":\"https:\\\/\\\/herboristeriamerce.com\\\/herboristeria-online\\\/\"},{\"@type\":\"ListItem\",\"position\":3,\"name\":\"C\u00farcuma en pols\"}]},{\"@type\":\"WebSite\",\"@id\":\"https:\\\/\\\/herboristeriamerce.com\\\/#website\",\"url\":\"https:\\\/\\\/herboristeriamerce.com\\\/\",\"name\":\"Herbolari Merc\u00e8\",\"description\":\"Herbolari a Terrassa\",\"publisher\":{\"@id\":\"https:\\\/\\\/herboristeriamerce.com\\\/#organization\"},\"potentialAction\":[{\"@type\":\"SearchAction\",\"target\":{\"@type\":\"EntryPoint\",\"urlTemplate\":\"https:\\\/\\\/herboristeriamerce.com\\\/?s={search_term_string}\"},\"query-input\":{\"@type\":\"PropertyValueSpecification\",\"valueRequired\":true,\"valueName\":\"search_term_string\"}}],\"inLanguage\":\"es\"},{\"@type\":\"Organization\",\"@id\":\"https:\\\/\\\/herboristeriamerce.com\\\/#organization\",\"name\":\"Herbolari Merc\u00e8\",\"url\":\"https:\\\/\\\/herboristeriamerce.com\\\/\",\"logo\":{\"@type\":\"ImageObject\",\"inLanguage\":\"es\",\"@id\":\"https:\\\/\\\/herboristeriamerce.com\\\/#\\\/schema\\\/logo\\\/image\\\/\",\"url\":\"https:\\\/\\\/herboristeriamerce.com\\\/wp-content\\\/uploads\\\/2025\\\/04\\\/cropped-logo-herboristeria-330x168-229w.webp\",\"contentUrl\":\"https:\\\/\\\/herboristeriamerce.com\\\/wp-content\\\/uploads\\\/2025\\\/04\\\/cropped-logo-herboristeria-330x168-229w.webp\",\"width\":230,\"height\":117,\"caption\":\"Herbolari Merc\u00e8\"},\"image\":{\"@id\":\"https:\\\/\\\/herboristeriamerce.com\\\/#\\\/schema\\\/logo\\\/image\\\/\"}}]}<\/script>\n<!-- \/ Yoast SEO plugin. -->","yoast_head_json":{"title":"C\u00farcuma en pols - Herbolari Merc\u00e8 C\u00farcuma en pols amb propietats antioxidants","description":"Descobreix la c\u00farcuma en pols amb propietats antioxidants que ajuda a cuidar la salut, millorar la digesti\u00f3 i protegir el sistema immunitari.","robots":{"index":"index","follow":"follow","max-snippet":"max-snippet:-1","max-image-preview":"max-image-preview:large","max-video-preview":"max-video-preview:-1"},"canonical":"https:\/\/herboristeriamerce.com\/es\/herboristeria-online\/alimentacio-saludable\/especies-culinaries\/curcuma-molta-curcuma-en-pols-amb-propietats-antioxidants\/","og_locale":"es_ES","og_type":"article","og_title":"C\u00farcuma en pols - Herbolari Merc\u00e8 C\u00farcuma en pols amb propietats antioxidants","og_description":"Descobreix la c\u00farcuma en pols amb propietats antioxidants que ajuda a cuidar la salut, millorar la digesti\u00f3 i protegir el sistema immunitari.","og_url":"https:\/\/herboristeriamerce.com\/es\/herboristeria-online\/alimentacio-saludable\/especies-culinaries\/curcuma-molta-curcuma-en-pols-amb-propietats-antioxidants\/","og_site_name":"Herbolari Merc\u00e8","article_modified_time":"2025-08-01T11:24:50+00:00","og_image":[{"width":244,"height":206,"url":"https:\/\/herboristeriamerce.com\/wp-content\/uploads\/2025\/05\/curcuma.jpeg","type":"image\/jpeg"}],"twitter_card":"summary_large_image","twitter_misc":{"Tiempo de lectura":"2 minutos"},"schema":{"@context":"https:\/\/schema.org","@graph":[{"@type":"WebPage","@id":"https:\/\/herboristeriamerce.com\/herboristeria-online\/alimentacio-saludable\/especies-culinaries\/curcuma-molta-curcuma-en-pols-amb-propietats-antioxidants\/","url":"https:\/\/herboristeriamerce.com\/herboristeria-online\/alimentacio-saludable\/especies-culinaries\/curcuma-molta-curcuma-en-pols-amb-propietats-antioxidants\/","name":"C\u00farcuma en pols - Herbolari Merc\u00e8 C\u00farcuma en pols amb propietats antioxidants","isPartOf":{"@id":"https:\/\/herboristeriamerce.com\/#website"},"primaryImageOfPage":{"@id":"https:\/\/herboristeriamerce.com\/herboristeria-online\/alimentacio-saludable\/especies-culinaries\/curcuma-molta-curcuma-en-pols-amb-propietats-antioxidants\/#primaryimage"},"image":{"@id":"https:\/\/herboristeriamerce.com\/herboristeria-online\/alimentacio-saludable\/especies-culinaries\/curcuma-molta-curcuma-en-pols-amb-propietats-antioxidants\/#primaryimage"},"thumbnailUrl":"https:\/\/herboristeriamerce.com\/wp-content\/uploads\/2025\/05\/curcuma.jpeg","datePublished":"2025-05-30T17:49:14+00:00","dateModified":"2025-08-01T11:24:50+00:00","description":"Descobreix la c\u00farcuma en pols amb propietats antioxidants que ajuda a cuidar la salut, millorar la digesti\u00f3 i protegir el sistema immunitari.","breadcrumb":{"@id":"https:\/\/herboristeriamerce.com\/herboristeria-online\/alimentacio-saludable\/especies-culinaries\/curcuma-molta-curcuma-en-pols-amb-propietats-antioxidants\/#breadcrumb"},"inLanguage":"es","potentialAction":[{"@type":"ReadAction","target":["https:\/\/herboristeriamerce.com\/herboristeria-online\/alimentacio-saludable\/especies-culinaries\/curcuma-molta-curcuma-en-pols-amb-propietats-antioxidants\/"]}]},{"@type":"ImageObject","inLanguage":"es","@id":"https:\/\/herboristeriamerce.com\/herboristeria-online\/alimentacio-saludable\/especies-culinaries\/curcuma-molta-curcuma-en-pols-amb-propietats-antioxidants\/#primaryimage","url":"https:\/\/herboristeriamerce.com\/wp-content\/uploads\/2025\/05\/curcuma.jpeg","contentUrl":"https:\/\/herboristeriamerce.com\/wp-content\/uploads\/2025\/05\/curcuma.jpeg","width":244,"height":206},{"@type":"BreadcrumbList","@id":"https:\/\/herboristeriamerce.com\/herboristeria-online\/alimentacio-saludable\/especies-culinaries\/curcuma-molta-curcuma-en-pols-amb-propietats-antioxidants\/#breadcrumb","itemListElement":[{"@type":"ListItem","position":1,"name":"Inici","item":"https:\/\/herboristeriamerce.com\/"},{"@type":"ListItem","position":2,"name":"Herboristeria online","item":"https:\/\/herboristeriamerce.com\/herboristeria-online\/"},{"@type":"ListItem","position":3,"name":"C\u00farcuma en pols"}]},{"@type":"WebSite","@id":"https:\/\/herboristeriamerce.com\/#website","url":"https:\/\/herboristeriamerce.com\/","name":"Herbolari Merc\u00e8","description":"Herbolari a Terrassa","publisher":{"@id":"https:\/\/herboristeriamerce.com\/#organization"},"potentialAction":[{"@type":"SearchAction","target":{"@type":"EntryPoint","urlTemplate":"https:\/\/herboristeriamerce.com\/?s={search_term_string}"},"query-input":{"@type":"PropertyValueSpecification","valueRequired":true,"valueName":"search_term_string"}}],"inLanguage":"es"},{"@type":"Organization","@id":"https:\/\/herboristeriamerce.com\/#organization","name":"Herbolari Merc\u00e8","url":"https:\/\/herboristeriamerce.com\/","logo":{"@type":"ImageObject","inLanguage":"es","@id":"https:\/\/herboristeriamerce.com\/#\/schema\/logo\/image\/","url":"https:\/\/herboristeriamerce.com\/wp-content\/uploads\/2025\/04\/cropped-logo-herboristeria-330x168-229w.webp","contentUrl":"https:\/\/herboristeriamerce.com\/wp-content\/uploads\/2025\/04\/cropped-logo-herboristeria-330x168-229w.webp","width":230,"height":117,"caption":"Herbolari Merc\u00e8"},"image":{"@id":"https:\/\/herboristeriamerce.com\/#\/schema\/logo\/image\/"}}]}},"_links":{"self":[{"href":"https:\/\/herboristeriamerce.com\/es\/wp-json\/wp\/v2\/product\/1921","targetHints":{"allow":["GET"]}}],"collection":[{"href":"https:\/\/herboristeriamerce.com\/es\/wp-json\/wp\/v2\/product"}],"about":[{"href":"https:\/\/herboristeriamerce.com\/es\/wp-json\/wp\/v2\/types\/product"}],"replies":[{"embeddable":true,"href":"https:\/\/herboristeriamerce.com\/es\/wp-json\/wp\/v2\/comments?post=1921"}],"wp:featuredmedia":[{"embeddable":true,"href":"https:\/\/herboristeriamerce.com\/es\/wp-json\/wp\/v2\/media\/1922"}],"wp:attachment":[{"href":"https:\/\/herboristeriamerce.com\/es\/wp-json\/wp\/v2\/media?parent=1921"}],"wp:term":[{"taxonomy":"product_brand","embeddable":true,"href":"https:\/\/herboristeriamerce.com\/es\/wp-json\/wp\/v2\/product_brand?post=1921"},{"taxonomy":"product_cat","embeddable":true,"href":"https:\/\/herboristeriamerce.com\/es\/wp-json\/wp\/v2\/product_cat?post=1921"},{"taxonomy":"product_tag","embeddable":true,"href":"https:\/\/herboristeriamerce.com\/es\/wp-json\/wp\/v2\/product_tag?post=1921"}],"curies":[{"name":"wp","href":"https:\/\/api.w.org\/{rel}","templated":true}]}}