{"id":1916,"date":"2025-05-30T17:37:52","date_gmt":"2025-05-30T17:37:52","guid":{"rendered":"https:\/\/herboristeriamerce.com\/?post_type=product&#038;p=1916"},"modified":"2025-08-01T11:15:00","modified_gmt":"2025-08-01T11:15:00","slug":"encens-stick-natural-incienso-natural-sticks-de-satya","status":"publish","type":"product","link":"https:\/\/herboristeriamerce.com\/es\/herboristeria-online\/llar\/encens\/encens-stick-natural-incienso-natural-sticks-de-satya\/","title":{"rendered":"Encens stik Natural"},"content":{"rendered":"<p data-start=\"278\" data-end=\"314\"><strong data-start=\"278\" data-end=\"314\">Incienso Natural sticks de Satya<\/strong><\/p>\n<p data-start=\"109\" data-end=\"407\">Transforma el teu espai amb Encens Natural sticks de Satya, una opci\u00f3 arom\u00e0tica que aporta benestar tant al cos com a la ment. Gr\u00e0cies a l&#8217;\u00fas d&#8217;olis essencials naturals, aquestes varetes difonen frag\u00e0ncies suaus i agradables que ajuden a crear un ambient de calma, serenor i pau interior.<\/p>\n<p data-start=\"409\" data-end=\"678\">A m\u00e9s, aquestes varetes d&#8217;encens s\u00f3n ideals per a la meditaci\u00f3, la relaxaci\u00f3 o simplement per desconnectar despr\u00e9s d\u2019un llarg dia. Per tant, s\u00f3n perfectes per a qualsevol moment del dia, ja sigui al mat\u00ed per comen\u00e7ar amb energia o al vespre per afavorir el descans.<\/p>\n<p data-start=\"680\" data-end=\"993\">D\u2019altra banda, el seu format en sticks facilita l\u2019\u00fas i garanteix una combusti\u00f3 uniforme. Cada vareta t\u00e9 una durada adequada per crear una experi\u00e8ncia prolongada de benestar. Aix\u00f2 \u00e9s especialment \u00fatil en espais com sales de ioga, dormitoris o qualsevol lloc on vulguis promoure un ambient tranquil i acollidor.<\/p>\n<p data-start=\"995\" data-end=\"1274\">Aix\u00ed mateix, dins la seva \u00e0mplia gamma de frag\u00e0ncies, trobar\u00e0s aromes c\u00edtriques, florals, especiades i amaderades, adaptant-se aix\u00ed a cada estat d\u2019\u00e0nim i necessitat emocional. Aquesta varietat et permet escollir la frag\u00e0ncia que millor connecti amb tu en cada moment del dia.<\/p>\n<p data-start=\"1276\" data-end=\"1578\">Tamb\u00e9 cal destacar que el Encens Natural sticks de Satya \u00e9s una opci\u00f3 ecol\u00f2gica i segura. Elaborat sense qu\u00edmics nocius ni components artificials, cuida de tu i del planeta. A m\u00e9s a m\u00e9s, la marca aposta per pr\u00e0ctiques sostenibles, tant en la selecci\u00f3 d\u2019ingredients com en el proc\u00e9s de fabricaci\u00f3.<\/p>\n<p data-start=\"1580\" data-end=\"1726\">En definitiva, si busques un encens natural, respectu\u00f3s amb el medi ambient i amb una aroma envoltant i duradora, aquesta \u00e9s la teva millor opci\u00f3.<\/p>\n<p data-start=\"1728\" data-end=\"1743\"><strong data-start=\"1728\" data-end=\"1739\">Format:<\/strong> 15g<\/p>","protected":false},"excerpt":{"rendered":"<p>L&#8217;Encens Stick Natural de Satya \u00e9s un ambientador elaborat amb una barreja acurada d&#8217;olis essencials i resines arom\u00e0tiques d&#8217;origen natural.<\/p>","protected":false},"featured_media":1917,"comment_status":"open","ping_status":"closed","template":"","meta":{"site-sidebar-layout":"default","site-content-layout":"","ast-site-content-layout":"default","site-content-style":"default","site-sidebar-style":"default","ast-global-header-display":"","ast-banner-title-visibility":"","ast-main-header-display":"","ast-hfb-above-header-display":"","ast-hfb-below-header-display":"","ast-hfb-mobile-header-display":"","site-post-title":"","ast-breadcrumbs-content":"","ast-featured-img":"","footer-sml-layout":"","ast-disable-related-posts":"","theme-transparent-header-meta":"default","adv-header-id-meta":"","stick-header-meta":"","header-above-stick-meta":"","header-main-stick-meta":"","header-below-stick-meta":"","astra-migrate-meta-layouts":"set","ast-page-background-enabled":"default","ast-page-background-meta":{"desktop":{"background-color":"var(--ast-global-color-4)","background-image":"","background-repeat":"repeat","background-position":"center center","background-size":"auto","background-attachment":"scroll","background-type":"","background-media":"","overlay-type":"","overlay-color":"","overlay-opacity":"","overlay-gradient":""},"tablet":{"background-color":"","background-image":"","background-repeat":"repeat","background-position":"center center","background-size":"auto","background-attachment":"scroll","background-type":"","background-media":"","overlay-type":"","overlay-color":"","overlay-opacity":"","overlay-gradient":""},"mobile":{"background-color":"","background-image":"","background-repeat":"repeat","background-position":"center center","background-size":"auto","background-attachment":"scroll","background-type":"","background-media":"","overlay-type":"","overlay-color":"","overlay-opacity":"","overlay-gradient":""}},"ast-content-background-meta":{"desktop":{"background-color":"var(--ast-global-color-5)","background-image":"","background-repeat":"repeat","background-position":"center center","background-size":"auto","background-attachment":"scroll","background-type":"","background-media":"","overlay-type":"","overlay-color":"","overlay-opacity":"","overlay-gradient":""},"tablet":{"background-color":"var(--ast-global-color-5)","background-image":"","background-repeat":"repeat","background-position":"center center","background-size":"auto","background-attachment":"scroll","background-type":"","background-media":"","overlay-type":"","overlay-color":"","overlay-opacity":"","overlay-gradient":""},"mobile":{"background-color":"var(--ast-global-color-5)","background-image":"","background-repeat":"repeat","background-position":"center center","background-size":"auto","background-attachment":"scroll","background-type":"","background-media":"","overlay-type":"","overlay-color":"","overlay-opacity":"","overlay-gradient":""}}},"product_brand":[152],"product_cat":[150],"product_tag":[],"class_list":{"0":"post-1916","1":"product","2":"type-product","3":"status-publish","4":"has-post-thumbnail","6":"product_brand-satya","7":"product_cat-encens","8":"desktop-align-left","9":"tablet-align-left","10":"mobile-align-left","12":"first","13":"instock","14":"taxable","15":"shipping-taxable","16":"purchasable","17":"product-type-simple"},"yoast_head":"<!-- This site is optimized with the Yoast SEO plugin v27.5 - https:\/\/yoast.com\/product\/yoast-seo-wordpress\/ -->\n<title>Encens stik Natural - Herbolari Merc\u00e8 Incienso Natural sticks de Satya:<\/title>\n<meta name=\"description\" content=\"Incienso Natural sticks de Satya amb olis essencials naturals. Aromes suaus per relaxar-te, purificar l&#039;espai i equilibrar l&#039;energia del teu entorn.\" \/>\n<meta name=\"robots\" content=\"index, follow, max-snippet:-1, max-image-preview:large, max-video-preview:-1\" \/>\n<link rel=\"canonical\" href=\"https:\/\/herboristeriamerce.com\/es\/herboristeria-online\/llar\/encens\/encens-stick-natural-incienso-natural-sticks-de-satya\/\" \/>\n<meta property=\"og:locale\" content=\"es_ES\" \/>\n<meta property=\"og:type\" content=\"article\" \/>\n<meta property=\"og:title\" content=\"Encens stik Natural - Herbolari Merc\u00e8 Incienso Natural sticks de Satya:\" \/>\n<meta property=\"og:description\" content=\"Incienso Natural sticks de Satya amb olis essencials naturals. Aromes suaus per relaxar-te, purificar l&#039;espai i equilibrar l&#039;energia del teu entorn.\" \/>\n<meta property=\"og:url\" content=\"https:\/\/herboristeriamerce.com\/es\/herboristeria-online\/llar\/encens\/encens-stick-natural-incienso-natural-sticks-de-satya\/\" \/>\n<meta property=\"og:site_name\" content=\"Herbolari Merc\u00e8\" \/>\n<meta property=\"article:modified_time\" content=\"2025-08-01T11:15:00+00:00\" \/>\n<meta property=\"og:image\" content=\"https:\/\/herboristeriamerce.com\/wp-content\/uploads\/2025\/05\/natural.jpg\" \/>\n\t<meta property=\"og:image:width\" content=\"400\" \/>\n\t<meta property=\"og:image:height\" content=\"460\" \/>\n\t<meta property=\"og:image:type\" content=\"image\/jpeg\" \/>\n<meta name=\"twitter:card\" content=\"summary_large_image\" \/>\n<meta name=\"twitter:label1\" content=\"Tiempo de lectura\" \/>\n\t<meta name=\"twitter:data1\" content=\"2 minutos\" \/>\n<script type=\"application\/ld+json\" class=\"yoast-schema-graph\">{\"@context\":\"https:\\\/\\\/schema.org\",\"@graph\":[{\"@type\":\"WebPage\",\"@id\":\"https:\\\/\\\/herboristeriamerce.com\\\/herboristeria-online\\\/llar\\\/encens\\\/encens-stick-natural-incienso-natural-sticks-de-satya\\\/\",\"url\":\"https:\\\/\\\/herboristeriamerce.com\\\/herboristeria-online\\\/llar\\\/encens\\\/encens-stick-natural-incienso-natural-sticks-de-satya\\\/\",\"name\":\"Encens stik Natural - Herbolari Merc\u00e8 Incienso Natural sticks de Satya:\",\"isPartOf\":{\"@id\":\"https:\\\/\\\/herboristeriamerce.com\\\/#website\"},\"primaryImageOfPage\":{\"@id\":\"https:\\\/\\\/herboristeriamerce.com\\\/herboristeria-online\\\/llar\\\/encens\\\/encens-stick-natural-incienso-natural-sticks-de-satya\\\/#primaryimage\"},\"image\":{\"@id\":\"https:\\\/\\\/herboristeriamerce.com\\\/herboristeria-online\\\/llar\\\/encens\\\/encens-stick-natural-incienso-natural-sticks-de-satya\\\/#primaryimage\"},\"thumbnailUrl\":\"https:\\\/\\\/herboristeriamerce.com\\\/wp-content\\\/uploads\\\/2025\\\/05\\\/natural.jpg\",\"datePublished\":\"2025-05-30T17:37:52+00:00\",\"dateModified\":\"2025-08-01T11:15:00+00:00\",\"description\":\"Incienso Natural sticks de Satya amb olis essencials naturals. Aromes suaus per relaxar-te, purificar l'espai i equilibrar l'energia del teu entorn.\",\"breadcrumb\":{\"@id\":\"https:\\\/\\\/herboristeriamerce.com\\\/herboristeria-online\\\/llar\\\/encens\\\/encens-stick-natural-incienso-natural-sticks-de-satya\\\/#breadcrumb\"},\"inLanguage\":\"es\",\"potentialAction\":[{\"@type\":\"ReadAction\",\"target\":[\"https:\\\/\\\/herboristeriamerce.com\\\/herboristeria-online\\\/llar\\\/encens\\\/encens-stick-natural-incienso-natural-sticks-de-satya\\\/\"]}]},{\"@type\":\"ImageObject\",\"inLanguage\":\"es\",\"@id\":\"https:\\\/\\\/herboristeriamerce.com\\\/herboristeria-online\\\/llar\\\/encens\\\/encens-stick-natural-incienso-natural-sticks-de-satya\\\/#primaryimage\",\"url\":\"https:\\\/\\\/herboristeriamerce.com\\\/wp-content\\\/uploads\\\/2025\\\/05\\\/natural.jpg\",\"contentUrl\":\"https:\\\/\\\/herboristeriamerce.com\\\/wp-content\\\/uploads\\\/2025\\\/05\\\/natural.jpg\",\"width\":400,\"height\":460},{\"@type\":\"BreadcrumbList\",\"@id\":\"https:\\\/\\\/herboristeriamerce.com\\\/herboristeria-online\\\/llar\\\/encens\\\/encens-stick-natural-incienso-natural-sticks-de-satya\\\/#breadcrumb\",\"itemListElement\":[{\"@type\":\"ListItem\",\"position\":1,\"name\":\"Inici\",\"item\":\"https:\\\/\\\/herboristeriamerce.com\\\/\"},{\"@type\":\"ListItem\",\"position\":2,\"name\":\"Herboristeria online\",\"item\":\"https:\\\/\\\/herboristeriamerce.com\\\/herboristeria-online\\\/\"},{\"@type\":\"ListItem\",\"position\":3,\"name\":\"Encens stik Natural\"}]},{\"@type\":\"WebSite\",\"@id\":\"https:\\\/\\\/herboristeriamerce.com\\\/#website\",\"url\":\"https:\\\/\\\/herboristeriamerce.com\\\/\",\"name\":\"Herbolari Merc\u00e8\",\"description\":\"Herbolari a Terrassa\",\"publisher\":{\"@id\":\"https:\\\/\\\/herboristeriamerce.com\\\/#organization\"},\"potentialAction\":[{\"@type\":\"SearchAction\",\"target\":{\"@type\":\"EntryPoint\",\"urlTemplate\":\"https:\\\/\\\/herboristeriamerce.com\\\/?s={search_term_string}\"},\"query-input\":{\"@type\":\"PropertyValueSpecification\",\"valueRequired\":true,\"valueName\":\"search_term_string\"}}],\"inLanguage\":\"es\"},{\"@type\":\"Organization\",\"@id\":\"https:\\\/\\\/herboristeriamerce.com\\\/#organization\",\"name\":\"Herbolari Merc\u00e8\",\"url\":\"https:\\\/\\\/herboristeriamerce.com\\\/\",\"logo\":{\"@type\":\"ImageObject\",\"inLanguage\":\"es\",\"@id\":\"https:\\\/\\\/herboristeriamerce.com\\\/#\\\/schema\\\/logo\\\/image\\\/\",\"url\":\"https:\\\/\\\/herboristeriamerce.com\\\/wp-content\\\/uploads\\\/2025\\\/04\\\/cropped-logo-herboristeria-330x168-229w.webp\",\"contentUrl\":\"https:\\\/\\\/herboristeriamerce.com\\\/wp-content\\\/uploads\\\/2025\\\/04\\\/cropped-logo-herboristeria-330x168-229w.webp\",\"width\":230,\"height\":117,\"caption\":\"Herbolari Merc\u00e8\"},\"image\":{\"@id\":\"https:\\\/\\\/herboristeriamerce.com\\\/#\\\/schema\\\/logo\\\/image\\\/\"}}]}<\/script>\n<!-- \/ Yoast SEO plugin. -->","yoast_head_json":{"title":"Encens stik Natural - Herbolari Merc\u00e8 Incienso Natural sticks de Satya:","description":"Incienso Natural sticks de Satya amb olis essencials naturals. Aromes suaus per relaxar-te, purificar l'espai i equilibrar l'energia del teu entorn.","robots":{"index":"index","follow":"follow","max-snippet":"max-snippet:-1","max-image-preview":"max-image-preview:large","max-video-preview":"max-video-preview:-1"},"canonical":"https:\/\/herboristeriamerce.com\/es\/herboristeria-online\/llar\/encens\/encens-stick-natural-incienso-natural-sticks-de-satya\/","og_locale":"es_ES","og_type":"article","og_title":"Encens stik Natural - Herbolari Merc\u00e8 Incienso Natural sticks de Satya:","og_description":"Incienso Natural sticks de Satya amb olis essencials naturals. Aromes suaus per relaxar-te, purificar l'espai i equilibrar l'energia del teu entorn.","og_url":"https:\/\/herboristeriamerce.com\/es\/herboristeria-online\/llar\/encens\/encens-stick-natural-incienso-natural-sticks-de-satya\/","og_site_name":"Herbolari Merc\u00e8","article_modified_time":"2025-08-01T11:15:00+00:00","og_image":[{"width":400,"height":460,"url":"https:\/\/herboristeriamerce.com\/wp-content\/uploads\/2025\/05\/natural.jpg","type":"image\/jpeg"}],"twitter_card":"summary_large_image","twitter_misc":{"Tiempo de lectura":"2 minutos"},"schema":{"@context":"https:\/\/schema.org","@graph":[{"@type":"WebPage","@id":"https:\/\/herboristeriamerce.com\/herboristeria-online\/llar\/encens\/encens-stick-natural-incienso-natural-sticks-de-satya\/","url":"https:\/\/herboristeriamerce.com\/herboristeria-online\/llar\/encens\/encens-stick-natural-incienso-natural-sticks-de-satya\/","name":"Encens stik Natural - Herbolari Merc\u00e8 Incienso Natural sticks de Satya:","isPartOf":{"@id":"https:\/\/herboristeriamerce.com\/#website"},"primaryImageOfPage":{"@id":"https:\/\/herboristeriamerce.com\/herboristeria-online\/llar\/encens\/encens-stick-natural-incienso-natural-sticks-de-satya\/#primaryimage"},"image":{"@id":"https:\/\/herboristeriamerce.com\/herboristeria-online\/llar\/encens\/encens-stick-natural-incienso-natural-sticks-de-satya\/#primaryimage"},"thumbnailUrl":"https:\/\/herboristeriamerce.com\/wp-content\/uploads\/2025\/05\/natural.jpg","datePublished":"2025-05-30T17:37:52+00:00","dateModified":"2025-08-01T11:15:00+00:00","description":"Incienso Natural sticks de Satya amb olis essencials naturals. Aromes suaus per relaxar-te, purificar l'espai i equilibrar l'energia del teu entorn.","breadcrumb":{"@id":"https:\/\/herboristeriamerce.com\/herboristeria-online\/llar\/encens\/encens-stick-natural-incienso-natural-sticks-de-satya\/#breadcrumb"},"inLanguage":"es","potentialAction":[{"@type":"ReadAction","target":["https:\/\/herboristeriamerce.com\/herboristeria-online\/llar\/encens\/encens-stick-natural-incienso-natural-sticks-de-satya\/"]}]},{"@type":"ImageObject","inLanguage":"es","@id":"https:\/\/herboristeriamerce.com\/herboristeria-online\/llar\/encens\/encens-stick-natural-incienso-natural-sticks-de-satya\/#primaryimage","url":"https:\/\/herboristeriamerce.com\/wp-content\/uploads\/2025\/05\/natural.jpg","contentUrl":"https:\/\/herboristeriamerce.com\/wp-content\/uploads\/2025\/05\/natural.jpg","width":400,"height":460},{"@type":"BreadcrumbList","@id":"https:\/\/herboristeriamerce.com\/herboristeria-online\/llar\/encens\/encens-stick-natural-incienso-natural-sticks-de-satya\/#breadcrumb","itemListElement":[{"@type":"ListItem","position":1,"name":"Inici","item":"https:\/\/herboristeriamerce.com\/"},{"@type":"ListItem","position":2,"name":"Herboristeria online","item":"https:\/\/herboristeriamerce.com\/herboristeria-online\/"},{"@type":"ListItem","position":3,"name":"Encens stik Natural"}]},{"@type":"WebSite","@id":"https:\/\/herboristeriamerce.com\/#website","url":"https:\/\/herboristeriamerce.com\/","name":"Herbolari Merc\u00e8","description":"Herbolari a Terrassa","publisher":{"@id":"https:\/\/herboristeriamerce.com\/#organization"},"potentialAction":[{"@type":"SearchAction","target":{"@type":"EntryPoint","urlTemplate":"https:\/\/herboristeriamerce.com\/?s={search_term_string}"},"query-input":{"@type":"PropertyValueSpecification","valueRequired":true,"valueName":"search_term_string"}}],"inLanguage":"es"},{"@type":"Organization","@id":"https:\/\/herboristeriamerce.com\/#organization","name":"Herbolari Merc\u00e8","url":"https:\/\/herboristeriamerce.com\/","logo":{"@type":"ImageObject","inLanguage":"es","@id":"https:\/\/herboristeriamerce.com\/#\/schema\/logo\/image\/","url":"https:\/\/herboristeriamerce.com\/wp-content\/uploads\/2025\/04\/cropped-logo-herboristeria-330x168-229w.webp","contentUrl":"https:\/\/herboristeriamerce.com\/wp-content\/uploads\/2025\/04\/cropped-logo-herboristeria-330x168-229w.webp","width":230,"height":117,"caption":"Herbolari Merc\u00e8"},"image":{"@id":"https:\/\/herboristeriamerce.com\/#\/schema\/logo\/image\/"}}]}},"_links":{"self":[{"href":"https:\/\/herboristeriamerce.com\/es\/wp-json\/wp\/v2\/product\/1916","targetHints":{"allow":["GET"]}}],"collection":[{"href":"https:\/\/herboristeriamerce.com\/es\/wp-json\/wp\/v2\/product"}],"about":[{"href":"https:\/\/herboristeriamerce.com\/es\/wp-json\/wp\/v2\/types\/product"}],"replies":[{"embeddable":true,"href":"https:\/\/herboristeriamerce.com\/es\/wp-json\/wp\/v2\/comments?post=1916"}],"wp:featuredmedia":[{"embeddable":true,"href":"https:\/\/herboristeriamerce.com\/es\/wp-json\/wp\/v2\/media\/1917"}],"wp:attachment":[{"href":"https:\/\/herboristeriamerce.com\/es\/wp-json\/wp\/v2\/media?parent=1916"}],"wp:term":[{"taxonomy":"product_brand","embeddable":true,"href":"https:\/\/herboristeriamerce.com\/es\/wp-json\/wp\/v2\/product_brand?post=1916"},{"taxonomy":"product_cat","embeddable":true,"href":"https:\/\/herboristeriamerce.com\/es\/wp-json\/wp\/v2\/product_cat?post=1916"},{"taxonomy":"product_tag","embeddable":true,"href":"https:\/\/herboristeriamerce.com\/es\/wp-json\/wp\/v2\/product_tag?post=1916"}],"curies":[{"name":"wp","href":"https:\/\/api.w.org\/{rel}","templated":true}]}}