{"id":1907,"date":"2025-05-30T16:34:16","date_gmt":"2025-05-30T16:34:16","guid":{"rendered":"https:\/\/herboristeriamerce.com\/?post_type=product&#038;p=1907"},"modified":"2025-08-01T16:30:52","modified_gmt":"2025-08-01T16:30:52","slug":"stick-encens-salvia-blanca","status":"publish","type":"product","link":"https:\/\/herboristeriamerce.com\/es\/herboristeria-online\/llar\/encens\/stick-encens-salvia-blanca\/","title":{"rendered":"Stick Encens Salvia Blanca"},"content":{"rendered":"<h3 data-start=\"193\" data-end=\"264\"><strong data-start=\"197\" data-end=\"264\">Encens de S\u00e0lvia Blanca \u2013 Puresa, relaxaci\u00f3 i neteja energ\u00e8tica<\/strong><\/h3>\n<p data-start=\"266\" data-end=\"658\">L\u2019Stick Encens S\u00e0lvia Blanca de Satya \u00e9s una elecci\u00f3 ideal per a qui busca una experi\u00e8ncia arom\u00e0tica aut\u00e8ntica, natural i espiritualment enriquidora. Fabricat artesanalment a Bangalore (\u00cdndia) \u2014una ciutat reconeguda per la seva llarga tradici\u00f3 en la producci\u00f3 d&#8217;encens de qualitat\u2014 aquest producte destaca no nom\u00e9s per la seva puresa, sin\u00f3 tamb\u00e9 per la seva efectivitat i aroma \u00fanica.<\/p>\n<h3 data-start=\"660\" data-end=\"697\">Aroma suau per a moments de calma<\/h3>\n<p data-start=\"699\" data-end=\"1121\">Amb una frag\u00e0ncia suau, relaxant i refrescant, la s\u00e0lvia blanca \u00e9s \u00e0mpliament valorada pel seu poder de neteja i purificaci\u00f3 energ\u00e8tica. Per tant, \u00e9s ideal per crear un ambient de calma i equilibri durant pr\u00e0ctiques de meditaci\u00f3, relaxaci\u00f3 profunda o ioga, aix\u00ed com per a rituals de neteja espiritual. A m\u00e9s a m\u00e9s, la seva aroma subtil ajuda a alliberar l\u2019estr\u00e8s i afavoreix una atmosfera de serenitat.<\/p>\n<h3 data-start=\"1123\" data-end=\"1170\">Ingredients naturals i qualitat que es nota<\/h3>\n<p data-start=\"1172\" data-end=\"1513\">Aquest encens est\u00e0 elaborat amb ingredients 100% naturals, sense afegits qu\u00edmics ni perfums artificials. Gr\u00e0cies a aix\u00f2, pots gaudir d\u2019una crema neta i d\u2019una aroma agradable que no resulta invasiva. Cada stick t\u00e9 una durada d\u2019entre 25 i 30 minuts, la qual cosa el fa perfecte per a sessions completes de relaxaci\u00f3 o introspecci\u00f3.<\/p>\n<h3 data-start=\"1515\" data-end=\"1560\">Presentaci\u00f3 ecol\u00f2gica i f\u00e0cil d\u2019utilitzar<\/h3>\n<p data-start=\"1562\" data-end=\"1918\">El paquet cont\u00e9 15 grams d\u2019encens en sticks, en un format pr\u00e0ctic i c\u00f2mode d\u2019emmagatzemar. D\u2019aquesta manera, es facilita l\u2019\u00fas quotidi\u00e0 del producte, tant si el fas servir de manera puntual com si l\u2019integres en una rutina di\u00e0ria. En definitiva, \u00e9s una opci\u00f3 respectuosa amb el medi ambient i alineada amb un estil de vida conscient i equilibrat.<\/p>","protected":false},"excerpt":{"rendered":"<p>Encens de S\u00e0lvia Blanca \u2013 Puresa, relaxaci\u00f3 i neteja energ\u00e8tica L\u2019Stick Encens S\u00e0lvia Blanca de Satya \u00e9s una elecci\u00f3 ideal [&hellip;]<\/p>","protected":false},"featured_media":1909,"comment_status":"open","ping_status":"closed","template":"","meta":{"site-sidebar-layout":"default","site-content-layout":"","ast-site-content-layout":"default","site-content-style":"default","site-sidebar-style":"default","ast-global-header-display":"","ast-banner-title-visibility":"","ast-main-header-display":"","ast-hfb-above-header-display":"","ast-hfb-below-header-display":"","ast-hfb-mobile-header-display":"","site-post-title":"","ast-breadcrumbs-content":"","ast-featured-img":"","footer-sml-layout":"","ast-disable-related-posts":"","theme-transparent-header-meta":"default","adv-header-id-meta":"","stick-header-meta":"","header-above-stick-meta":"","header-main-stick-meta":"","header-below-stick-meta":"","astra-migrate-meta-layouts":"set","ast-page-background-enabled":"default","ast-page-background-meta":{"desktop":{"background-color":"var(--ast-global-color-4)","background-image":"","background-repeat":"repeat","background-position":"center center","background-size":"auto","background-attachment":"scroll","background-type":"","background-media":"","overlay-type":"","overlay-color":"","overlay-opacity":"","overlay-gradient":""},"tablet":{"background-color":"","background-image":"","background-repeat":"repeat","background-position":"center center","background-size":"auto","background-attachment":"scroll","background-type":"","background-media":"","overlay-type":"","overlay-color":"","overlay-opacity":"","overlay-gradient":""},"mobile":{"background-color":"","background-image":"","background-repeat":"repeat","background-position":"center center","background-size":"auto","background-attachment":"scroll","background-type":"","background-media":"","overlay-type":"","overlay-color":"","overlay-opacity":"","overlay-gradient":""}},"ast-content-background-meta":{"desktop":{"background-color":"var(--ast-global-color-5)","background-image":"","background-repeat":"repeat","background-position":"center center","background-size":"auto","background-attachment":"scroll","background-type":"","background-media":"","overlay-type":"","overlay-color":"","overlay-opacity":"","overlay-gradient":""},"tablet":{"background-color":"var(--ast-global-color-5)","background-image":"","background-repeat":"repeat","background-position":"center center","background-size":"auto","background-attachment":"scroll","background-type":"","background-media":"","overlay-type":"","overlay-color":"","overlay-opacity":"","overlay-gradient":""},"mobile":{"background-color":"var(--ast-global-color-5)","background-image":"","background-repeat":"repeat","background-position":"center center","background-size":"auto","background-attachment":"scroll","background-type":"","background-media":"","overlay-type":"","overlay-color":"","overlay-opacity":"","overlay-gradient":""}}},"product_brand":[152],"product_cat":[150],"product_tag":[],"class_list":{"0":"post-1907","1":"product","2":"type-product","3":"status-publish","4":"has-post-thumbnail","6":"product_brand-satya","7":"product_cat-encens","8":"desktop-align-left","9":"tablet-align-left","10":"mobile-align-left","12":"first","13":"instock","14":"taxable","15":"shipping-taxable","16":"purchasable","17":"product-type-simple"},"yoast_head":"<!-- This site is optimized with the Yoast SEO plugin v27.5 - https:\/\/yoast.com\/product\/yoast-seo-wordpress\/ -->\n<title>Stick Encens Salvia Blanca - Herbolari Merc\u00e8 Encens de s\u00e0lvia blanca natural<\/title>\n<meta name=\"description\" content=\"Encens de s\u00e0lvia blanca natural de Satya, elaborat a l\u2019\u00cdndia amb ingredients purs. Ideal per relaxaci\u00f3, meditaci\u00f3 i neteja energ\u00e8tica. Durada: 25-30 min.\" \/>\n<meta name=\"robots\" content=\"index, follow, max-snippet:-1, max-image-preview:large, max-video-preview:-1\" \/>\n<link rel=\"canonical\" href=\"https:\/\/herboristeriamerce.com\/es\/herboristeria-online\/llar\/encens\/stick-encens-salvia-blanca\/\" \/>\n<meta property=\"og:locale\" content=\"es_ES\" \/>\n<meta property=\"og:type\" content=\"article\" \/>\n<meta property=\"og:title\" content=\"Stick Encens Salvia Blanca - Herbolari Merc\u00e8 Encens de s\u00e0lvia blanca natural\" \/>\n<meta property=\"og:description\" content=\"Encens de s\u00e0lvia blanca natural de Satya, elaborat a l\u2019\u00cdndia amb ingredients purs. Ideal per relaxaci\u00f3, meditaci\u00f3 i neteja energ\u00e8tica. Durada: 25-30 min.\" \/>\n<meta property=\"og:url\" content=\"https:\/\/herboristeriamerce.com\/es\/herboristeria-online\/llar\/encens\/stick-encens-salvia-blanca\/\" \/>\n<meta property=\"og:site_name\" content=\"Herbolari Merc\u00e8\" \/>\n<meta property=\"article:modified_time\" content=\"2025-08-01T16:30:52+00:00\" \/>\n<meta property=\"og:image\" content=\"https:\/\/herboristeriamerce.com\/wp-content\/uploads\/2025\/05\/WHITE-SAGE.jpg\" \/>\n\t<meta property=\"og:image:width\" content=\"400\" \/>\n\t<meta property=\"og:image:height\" content=\"460\" \/>\n\t<meta property=\"og:image:type\" content=\"image\/jpeg\" \/>\n<meta name=\"twitter:card\" content=\"summary_large_image\" \/>\n<meta name=\"twitter:label1\" content=\"Tiempo de lectura\" \/>\n\t<meta name=\"twitter:data1\" content=\"2 minutos\" \/>\n<script type=\"application\/ld+json\" class=\"yoast-schema-graph\">{\"@context\":\"https:\\\/\\\/schema.org\",\"@graph\":[{\"@type\":\"WebPage\",\"@id\":\"https:\\\/\\\/herboristeriamerce.com\\\/herboristeria-online\\\/llar\\\/encens\\\/stick-encens-salvia-blanca\\\/\",\"url\":\"https:\\\/\\\/herboristeriamerce.com\\\/herboristeria-online\\\/llar\\\/encens\\\/stick-encens-salvia-blanca\\\/\",\"name\":\"Stick Encens Salvia Blanca - Herbolari Merc\u00e8 Encens de s\u00e0lvia blanca natural\",\"isPartOf\":{\"@id\":\"https:\\\/\\\/herboristeriamerce.com\\\/#website\"},\"primaryImageOfPage\":{\"@id\":\"https:\\\/\\\/herboristeriamerce.com\\\/herboristeria-online\\\/llar\\\/encens\\\/stick-encens-salvia-blanca\\\/#primaryimage\"},\"image\":{\"@id\":\"https:\\\/\\\/herboristeriamerce.com\\\/herboristeria-online\\\/llar\\\/encens\\\/stick-encens-salvia-blanca\\\/#primaryimage\"},\"thumbnailUrl\":\"https:\\\/\\\/herboristeriamerce.com\\\/wp-content\\\/uploads\\\/2025\\\/05\\\/WHITE-SAGE.jpg\",\"datePublished\":\"2025-05-30T16:34:16+00:00\",\"dateModified\":\"2025-08-01T16:30:52+00:00\",\"description\":\"Encens de s\u00e0lvia blanca natural de Satya, elaborat a l\u2019\u00cdndia amb ingredients purs. Ideal per relaxaci\u00f3, meditaci\u00f3 i neteja energ\u00e8tica. Durada: 25-30 min.\",\"breadcrumb\":{\"@id\":\"https:\\\/\\\/herboristeriamerce.com\\\/herboristeria-online\\\/llar\\\/encens\\\/stick-encens-salvia-blanca\\\/#breadcrumb\"},\"inLanguage\":\"es\",\"potentialAction\":[{\"@type\":\"ReadAction\",\"target\":[\"https:\\\/\\\/herboristeriamerce.com\\\/herboristeria-online\\\/llar\\\/encens\\\/stick-encens-salvia-blanca\\\/\"]}]},{\"@type\":\"ImageObject\",\"inLanguage\":\"es\",\"@id\":\"https:\\\/\\\/herboristeriamerce.com\\\/herboristeria-online\\\/llar\\\/encens\\\/stick-encens-salvia-blanca\\\/#primaryimage\",\"url\":\"https:\\\/\\\/herboristeriamerce.com\\\/wp-content\\\/uploads\\\/2025\\\/05\\\/WHITE-SAGE.jpg\",\"contentUrl\":\"https:\\\/\\\/herboristeriamerce.com\\\/wp-content\\\/uploads\\\/2025\\\/05\\\/WHITE-SAGE.jpg\",\"width\":400,\"height\":460},{\"@type\":\"BreadcrumbList\",\"@id\":\"https:\\\/\\\/herboristeriamerce.com\\\/herboristeria-online\\\/llar\\\/encens\\\/stick-encens-salvia-blanca\\\/#breadcrumb\",\"itemListElement\":[{\"@type\":\"ListItem\",\"position\":1,\"name\":\"Inici\",\"item\":\"https:\\\/\\\/herboristeriamerce.com\\\/\"},{\"@type\":\"ListItem\",\"position\":2,\"name\":\"Herboristeria online\",\"item\":\"https:\\\/\\\/herboristeriamerce.com\\\/herboristeria-online\\\/\"},{\"@type\":\"ListItem\",\"position\":3,\"name\":\"Stick Encens Salvia Blanca\"}]},{\"@type\":\"WebSite\",\"@id\":\"https:\\\/\\\/herboristeriamerce.com\\\/#website\",\"url\":\"https:\\\/\\\/herboristeriamerce.com\\\/\",\"name\":\"Herbolari Merc\u00e8\",\"description\":\"Herbolari a Terrassa\",\"publisher\":{\"@id\":\"https:\\\/\\\/herboristeriamerce.com\\\/#organization\"},\"potentialAction\":[{\"@type\":\"SearchAction\",\"target\":{\"@type\":\"EntryPoint\",\"urlTemplate\":\"https:\\\/\\\/herboristeriamerce.com\\\/?s={search_term_string}\"},\"query-input\":{\"@type\":\"PropertyValueSpecification\",\"valueRequired\":true,\"valueName\":\"search_term_string\"}}],\"inLanguage\":\"es\"},{\"@type\":\"Organization\",\"@id\":\"https:\\\/\\\/herboristeriamerce.com\\\/#organization\",\"name\":\"Herbolari Merc\u00e8\",\"url\":\"https:\\\/\\\/herboristeriamerce.com\\\/\",\"logo\":{\"@type\":\"ImageObject\",\"inLanguage\":\"es\",\"@id\":\"https:\\\/\\\/herboristeriamerce.com\\\/#\\\/schema\\\/logo\\\/image\\\/\",\"url\":\"https:\\\/\\\/herboristeriamerce.com\\\/wp-content\\\/uploads\\\/2025\\\/04\\\/cropped-logo-herboristeria-330x168-229w.webp\",\"contentUrl\":\"https:\\\/\\\/herboristeriamerce.com\\\/wp-content\\\/uploads\\\/2025\\\/04\\\/cropped-logo-herboristeria-330x168-229w.webp\",\"width\":230,\"height\":117,\"caption\":\"Herbolari Merc\u00e8\"},\"image\":{\"@id\":\"https:\\\/\\\/herboristeriamerce.com\\\/#\\\/schema\\\/logo\\\/image\\\/\"}}]}<\/script>\n<!-- \/ Yoast SEO plugin. -->","yoast_head_json":{"title":"Stick Encens Salvia Blanca - Herbolari Merc\u00e8 Encens de s\u00e0lvia blanca natural","description":"Encens de s\u00e0lvia blanca natural de Satya, elaborat a l\u2019\u00cdndia amb ingredients purs. Ideal per relaxaci\u00f3, meditaci\u00f3 i neteja energ\u00e8tica. Durada: 25-30 min.","robots":{"index":"index","follow":"follow","max-snippet":"max-snippet:-1","max-image-preview":"max-image-preview:large","max-video-preview":"max-video-preview:-1"},"canonical":"https:\/\/herboristeriamerce.com\/es\/herboristeria-online\/llar\/encens\/stick-encens-salvia-blanca\/","og_locale":"es_ES","og_type":"article","og_title":"Stick Encens Salvia Blanca - Herbolari Merc\u00e8 Encens de s\u00e0lvia blanca natural","og_description":"Encens de s\u00e0lvia blanca natural de Satya, elaborat a l\u2019\u00cdndia amb ingredients purs. Ideal per relaxaci\u00f3, meditaci\u00f3 i neteja energ\u00e8tica. Durada: 25-30 min.","og_url":"https:\/\/herboristeriamerce.com\/es\/herboristeria-online\/llar\/encens\/stick-encens-salvia-blanca\/","og_site_name":"Herbolari Merc\u00e8","article_modified_time":"2025-08-01T16:30:52+00:00","og_image":[{"width":400,"height":460,"url":"https:\/\/herboristeriamerce.com\/wp-content\/uploads\/2025\/05\/WHITE-SAGE.jpg","type":"image\/jpeg"}],"twitter_card":"summary_large_image","twitter_misc":{"Tiempo de lectura":"2 minutos"},"schema":{"@context":"https:\/\/schema.org","@graph":[{"@type":"WebPage","@id":"https:\/\/herboristeriamerce.com\/herboristeria-online\/llar\/encens\/stick-encens-salvia-blanca\/","url":"https:\/\/herboristeriamerce.com\/herboristeria-online\/llar\/encens\/stick-encens-salvia-blanca\/","name":"Stick Encens Salvia Blanca - Herbolari Merc\u00e8 Encens de s\u00e0lvia blanca natural","isPartOf":{"@id":"https:\/\/herboristeriamerce.com\/#website"},"primaryImageOfPage":{"@id":"https:\/\/herboristeriamerce.com\/herboristeria-online\/llar\/encens\/stick-encens-salvia-blanca\/#primaryimage"},"image":{"@id":"https:\/\/herboristeriamerce.com\/herboristeria-online\/llar\/encens\/stick-encens-salvia-blanca\/#primaryimage"},"thumbnailUrl":"https:\/\/herboristeriamerce.com\/wp-content\/uploads\/2025\/05\/WHITE-SAGE.jpg","datePublished":"2025-05-30T16:34:16+00:00","dateModified":"2025-08-01T16:30:52+00:00","description":"Encens de s\u00e0lvia blanca natural de Satya, elaborat a l\u2019\u00cdndia amb ingredients purs. Ideal per relaxaci\u00f3, meditaci\u00f3 i neteja energ\u00e8tica. Durada: 25-30 min.","breadcrumb":{"@id":"https:\/\/herboristeriamerce.com\/herboristeria-online\/llar\/encens\/stick-encens-salvia-blanca\/#breadcrumb"},"inLanguage":"es","potentialAction":[{"@type":"ReadAction","target":["https:\/\/herboristeriamerce.com\/herboristeria-online\/llar\/encens\/stick-encens-salvia-blanca\/"]}]},{"@type":"ImageObject","inLanguage":"es","@id":"https:\/\/herboristeriamerce.com\/herboristeria-online\/llar\/encens\/stick-encens-salvia-blanca\/#primaryimage","url":"https:\/\/herboristeriamerce.com\/wp-content\/uploads\/2025\/05\/WHITE-SAGE.jpg","contentUrl":"https:\/\/herboristeriamerce.com\/wp-content\/uploads\/2025\/05\/WHITE-SAGE.jpg","width":400,"height":460},{"@type":"BreadcrumbList","@id":"https:\/\/herboristeriamerce.com\/herboristeria-online\/llar\/encens\/stick-encens-salvia-blanca\/#breadcrumb","itemListElement":[{"@type":"ListItem","position":1,"name":"Inici","item":"https:\/\/herboristeriamerce.com\/"},{"@type":"ListItem","position":2,"name":"Herboristeria online","item":"https:\/\/herboristeriamerce.com\/herboristeria-online\/"},{"@type":"ListItem","position":3,"name":"Stick Encens Salvia Blanca"}]},{"@type":"WebSite","@id":"https:\/\/herboristeriamerce.com\/#website","url":"https:\/\/herboristeriamerce.com\/","name":"Herbolari Merc\u00e8","description":"Herbolari a Terrassa","publisher":{"@id":"https:\/\/herboristeriamerce.com\/#organization"},"potentialAction":[{"@type":"SearchAction","target":{"@type":"EntryPoint","urlTemplate":"https:\/\/herboristeriamerce.com\/?s={search_term_string}"},"query-input":{"@type":"PropertyValueSpecification","valueRequired":true,"valueName":"search_term_string"}}],"inLanguage":"es"},{"@type":"Organization","@id":"https:\/\/herboristeriamerce.com\/#organization","name":"Herbolari Merc\u00e8","url":"https:\/\/herboristeriamerce.com\/","logo":{"@type":"ImageObject","inLanguage":"es","@id":"https:\/\/herboristeriamerce.com\/#\/schema\/logo\/image\/","url":"https:\/\/herboristeriamerce.com\/wp-content\/uploads\/2025\/04\/cropped-logo-herboristeria-330x168-229w.webp","contentUrl":"https:\/\/herboristeriamerce.com\/wp-content\/uploads\/2025\/04\/cropped-logo-herboristeria-330x168-229w.webp","width":230,"height":117,"caption":"Herbolari Merc\u00e8"},"image":{"@id":"https:\/\/herboristeriamerce.com\/#\/schema\/logo\/image\/"}}]}},"_links":{"self":[{"href":"https:\/\/herboristeriamerce.com\/es\/wp-json\/wp\/v2\/product\/1907","targetHints":{"allow":["GET"]}}],"collection":[{"href":"https:\/\/herboristeriamerce.com\/es\/wp-json\/wp\/v2\/product"}],"about":[{"href":"https:\/\/herboristeriamerce.com\/es\/wp-json\/wp\/v2\/types\/product"}],"replies":[{"embeddable":true,"href":"https:\/\/herboristeriamerce.com\/es\/wp-json\/wp\/v2\/comments?post=1907"}],"wp:featuredmedia":[{"embeddable":true,"href":"https:\/\/herboristeriamerce.com\/es\/wp-json\/wp\/v2\/media\/1909"}],"wp:attachment":[{"href":"https:\/\/herboristeriamerce.com\/es\/wp-json\/wp\/v2\/media?parent=1907"}],"wp:term":[{"taxonomy":"product_brand","embeddable":true,"href":"https:\/\/herboristeriamerce.com\/es\/wp-json\/wp\/v2\/product_brand?post=1907"},{"taxonomy":"product_cat","embeddable":true,"href":"https:\/\/herboristeriamerce.com\/es\/wp-json\/wp\/v2\/product_cat?post=1907"},{"taxonomy":"product_tag","embeddable":true,"href":"https:\/\/herboristeriamerce.com\/es\/wp-json\/wp\/v2\/product_tag?post=1907"}],"curies":[{"name":"wp","href":"https:\/\/api.w.org\/{rel}","templated":true}]}}