{"id":1902,"date":"2025-05-30T08:42:58","date_gmt":"2025-05-30T08:42:58","guid":{"rendered":"https:\/\/herboristeriamerce.com\/?post_type=product&#038;p=1902"},"modified":"2025-08-01T17:58:28","modified_gmt":"2025-08-01T17:58:28","slug":"encens-vareta-nag-champa-ncens-satya-nagchampa-agarbatti-per-a-meditacio-i-relaxacio","status":"publish","type":"product","link":"https:\/\/herboristeriamerce.com\/es\/herboristeria-online\/llar\/encens\/encens-vareta-nag-champa-ncens-satya-nagchampa-agarbatti-per-a-meditacio-i-relaxacio\/","title":{"rendered":"Encens Vareta Nag Champa"},"content":{"rendered":"<p data-start=\"104\" data-end=\"191\"><strong data-start=\"104\" data-end=\"191\">Encens Satya NagChampa Agarbatti \u2013 Aroma tradicional per a la relaxaci\u00f3 i meditaci\u00f3<\/strong><\/p>\n<p data-start=\"193\" data-end=\"502\">L\u2019<strong data-start=\"195\" data-end=\"231\">Encens Satya NagChampa Agarbatti<\/strong>, tamb\u00e9 conegut com a encens Nag Champa blau, crea una atmosfera delicada, tranquil\u00b7la i perfecta per a la meditaci\u00f3, la relaxaci\u00f3 i la pr\u00e0ctica de ioga. Per tant, aquest aroma suau i reconfortant ajuda a calmar la ment i a crear un ambient propici per a la introspecci\u00f3.<\/p>\n<p data-start=\"504\" data-end=\"554\"><strong data-start=\"504\" data-end=\"554\">Origen i elaboraci\u00f3 artesanal de gran qualitat<\/strong><\/p>\n<p data-start=\"556\" data-end=\"1002\">Aquest encens indi fam\u00f3s, presentat en la seva caracter\u00edstica caixa blava, est\u00e0 fet a m\u00e0 a Bangalore, \u00cdndia, seguint una tradici\u00f3 ancestral. A m\u00e9s, la seva elaboraci\u00f3 artesanal combina una barreja equilibrada de flors, olis essencials, resines naturals i les ess\u00e8ncies m\u00e9s fines, amb la finalitat de proporcionar un aroma natural i genu\u00ed. Per tant, aquest proc\u00e9s assegura que el producte no contingui ingredients artificials ni qu\u00edmics agressius.<\/p>\n<p data-start=\"1004\" data-end=\"1031\"><strong data-start=\"1004\" data-end=\"1031\">Aroma i usos recomanats<\/strong><\/p>\n<p data-start=\"1033\" data-end=\"1369\">L\u2019aroma suau i relaxant d\u2019aquest encens oriental \u00e9s ideal per a sessions de ioga, meditaci\u00f3 profunda o simplement per crear un ambient tranquil i harmoni\u00f3s a casa o a la feina. Aix\u00ed mateix, per aquestes raons, l\u2019encens Satya NagChampa \u00e9s considerat un dels millors i m\u00e9s reconeguts encens Nag Champa disponibles al mercat internacional.<\/p>\n<p data-start=\"1371\" data-end=\"1417\"><strong data-start=\"1371\" data-end=\"1417\">Comprom\u00eds \u00e8tic i respecte pel medi ambient<\/strong><\/p>\n<p data-start=\"1419\" data-end=\"1641\">A m\u00e9s de les seves propietats arom\u00e0tiques, aquest encens \u00e9s \u00e8tic i respectu\u00f3s amb el medi ambient, ja que est\u00e0 elaborat amb pr\u00e0ctiques sostenibles i materials naturals, contribuint aix\u00ed a la conservaci\u00f3 del nostre planeta.<\/p>\n<p data-start=\"1643\" data-end=\"1676\"><strong data-start=\"1643\" data-end=\"1676\">Caracter\u00edstiques del producte<\/strong><\/p>\n<p data-start=\"1678\" data-end=\"1907\">Cada vareta d\u2019encens Nag Champa Satya t\u00e9 una durada aproximada de 45 minuts, oferint una experi\u00e8ncia prolongada i relaxant. Finalment, el paquet cont\u00e9 15 grams d\u2019encens, suficient per a diverses sessions de relaxaci\u00f3 i meditaci\u00f3.<\/p>","protected":false},"excerpt":{"rendered":"<p>Incienso Nag Champa, uno de los inciensos m\u00e1s vendidos y de mejor calidad<\/p>","protected":false},"featured_media":1911,"comment_status":"open","ping_status":"closed","template":"","meta":{"site-sidebar-layout":"default","site-content-layout":"","ast-site-content-layout":"default","site-content-style":"default","site-sidebar-style":"default","ast-global-header-display":"","ast-banner-title-visibility":"","ast-main-header-display":"","ast-hfb-above-header-display":"","ast-hfb-below-header-display":"","ast-hfb-mobile-header-display":"","site-post-title":"","ast-breadcrumbs-content":"","ast-featured-img":"","footer-sml-layout":"","ast-disable-related-posts":"","theme-transparent-header-meta":"default","adv-header-id-meta":"","stick-header-meta":"","header-above-stick-meta":"","header-main-stick-meta":"","header-below-stick-meta":"","astra-migrate-meta-layouts":"set","ast-page-background-enabled":"default","ast-page-background-meta":{"desktop":{"background-color":"var(--ast-global-color-4)","background-image":"","background-repeat":"repeat","background-position":"center center","background-size":"auto","background-attachment":"scroll","background-type":"","background-media":"","overlay-type":"","overlay-color":"","overlay-opacity":"","overlay-gradient":""},"tablet":{"background-color":"","background-image":"","background-repeat":"repeat","background-position":"center center","background-size":"auto","background-attachment":"scroll","background-type":"","background-media":"","overlay-type":"","overlay-color":"","overlay-opacity":"","overlay-gradient":""},"mobile":{"background-color":"","background-image":"","background-repeat":"repeat","background-position":"center center","background-size":"auto","background-attachment":"scroll","background-type":"","background-media":"","overlay-type":"","overlay-color":"","overlay-opacity":"","overlay-gradient":""}},"ast-content-background-meta":{"desktop":{"background-color":"var(--ast-global-color-5)","background-image":"","background-repeat":"repeat","background-position":"center center","background-size":"auto","background-attachment":"scroll","background-type":"","background-media":"","overlay-type":"","overlay-color":"","overlay-opacity":"","overlay-gradient":""},"tablet":{"background-color":"var(--ast-global-color-5)","background-image":"","background-repeat":"repeat","background-position":"center center","background-size":"auto","background-attachment":"scroll","background-type":"","background-media":"","overlay-type":"","overlay-color":"","overlay-opacity":"","overlay-gradient":""},"mobile":{"background-color":"var(--ast-global-color-5)","background-image":"","background-repeat":"repeat","background-position":"center center","background-size":"auto","background-attachment":"scroll","background-type":"","background-media":"","overlay-type":"","overlay-color":"","overlay-opacity":"","overlay-gradient":""}}},"product_brand":[152],"product_cat":[150],"product_tag":[],"class_list":{"0":"post-1902","1":"product","2":"type-product","3":"status-publish","4":"has-post-thumbnail","6":"product_brand-satya","7":"product_cat-encens","8":"desktop-align-left","9":"tablet-align-left","10":"mobile-align-left","12":"first","13":"instock","14":"taxable","15":"shipping-taxable","16":"purchasable","17":"product-type-simple"},"yoast_head":"<!-- This site is optimized with the Yoast SEO plugin v27.5 - https:\/\/yoast.com\/product\/yoast-seo-wordpress\/ -->\n<title>Encens Vareta Nag Champa - Herbolari Merc\u00e8 Encens NagChampa<\/title>\n<meta name=\"description\" content=\"Encens Satya NagChampa Agarbatti per a meditaci\u00f3 i relaxaci\u00f3. Aroma suau i natural fet a m\u00e0 a l\u2019\u00cdndia. Ideal per ioga i moments de pau %\" \/>\n<meta name=\"robots\" content=\"index, follow, max-snippet:-1, max-image-preview:large, max-video-preview:-1\" \/>\n<link rel=\"canonical\" href=\"https:\/\/herboristeriamerce.com\/es\/herboristeria-online\/llar\/encens\/encens-vareta-nag-champa-ncens-satya-nagchampa-agarbatti-per-a-meditacio-i-relaxacio\/\" \/>\n<meta property=\"og:locale\" content=\"es_ES\" \/>\n<meta property=\"og:type\" content=\"article\" \/>\n<meta property=\"og:title\" content=\"Encens Vareta Nag Champa - Herbolari Merc\u00e8 Encens NagChampa\" \/>\n<meta property=\"og:description\" content=\"Encens Satya NagChampa Agarbatti per a meditaci\u00f3 i relaxaci\u00f3. Aroma suau i natural fet a m\u00e0 a l\u2019\u00cdndia. Ideal per ioga i moments de pau %\" \/>\n<meta property=\"og:url\" content=\"https:\/\/herboristeriamerce.com\/es\/herboristeria-online\/llar\/encens\/encens-vareta-nag-champa-ncens-satya-nagchampa-agarbatti-per-a-meditacio-i-relaxacio\/\" \/>\n<meta property=\"og:site_name\" content=\"Herbolari Merc\u00e8\" \/>\n<meta property=\"article:modified_time\" content=\"2025-08-01T17:58:28+00:00\" \/>\n<meta property=\"og:image\" content=\"https:\/\/herboristeriamerce.com\/wp-content\/uploads\/2025\/05\/a87003_2_tqfohvd4opnfqbfz.jpg\" \/>\n\t<meta property=\"og:image:width\" content=\"400\" \/>\n\t<meta property=\"og:image:height\" content=\"460\" \/>\n\t<meta property=\"og:image:type\" content=\"image\/jpeg\" \/>\n<meta name=\"twitter:card\" content=\"summary_large_image\" \/>\n<meta name=\"twitter:label1\" content=\"Tiempo de lectura\" \/>\n\t<meta name=\"twitter:data1\" content=\"2 minutos\" \/>\n<script type=\"application\/ld+json\" class=\"yoast-schema-graph\">{\"@context\":\"https:\\\/\\\/schema.org\",\"@graph\":[{\"@type\":\"WebPage\",\"@id\":\"https:\\\/\\\/herboristeriamerce.com\\\/herboristeria-online\\\/llar\\\/encens\\\/encens-vareta-nag-champa-ncens-satya-nagchampa-agarbatti-per-a-meditacio-i-relaxacio\\\/\",\"url\":\"https:\\\/\\\/herboristeriamerce.com\\\/herboristeria-online\\\/llar\\\/encens\\\/encens-vareta-nag-champa-ncens-satya-nagchampa-agarbatti-per-a-meditacio-i-relaxacio\\\/\",\"name\":\"Encens Vareta Nag Champa - Herbolari Merc\u00e8 Encens NagChampa\",\"isPartOf\":{\"@id\":\"https:\\\/\\\/herboristeriamerce.com\\\/#website\"},\"primaryImageOfPage\":{\"@id\":\"https:\\\/\\\/herboristeriamerce.com\\\/herboristeria-online\\\/llar\\\/encens\\\/encens-vareta-nag-champa-ncens-satya-nagchampa-agarbatti-per-a-meditacio-i-relaxacio\\\/#primaryimage\"},\"image\":{\"@id\":\"https:\\\/\\\/herboristeriamerce.com\\\/herboristeria-online\\\/llar\\\/encens\\\/encens-vareta-nag-champa-ncens-satya-nagchampa-agarbatti-per-a-meditacio-i-relaxacio\\\/#primaryimage\"},\"thumbnailUrl\":\"https:\\\/\\\/herboristeriamerce.com\\\/wp-content\\\/uploads\\\/2025\\\/05\\\/a87003_2_tqfohvd4opnfqbfz.jpg\",\"datePublished\":\"2025-05-30T08:42:58+00:00\",\"dateModified\":\"2025-08-01T17:58:28+00:00\",\"description\":\"Encens Satya NagChampa Agarbatti per a meditaci\u00f3 i relaxaci\u00f3. Aroma suau i natural fet a m\u00e0 a l\u2019\u00cdndia. Ideal per ioga i moments de pau %\",\"breadcrumb\":{\"@id\":\"https:\\\/\\\/herboristeriamerce.com\\\/herboristeria-online\\\/llar\\\/encens\\\/encens-vareta-nag-champa-ncens-satya-nagchampa-agarbatti-per-a-meditacio-i-relaxacio\\\/#breadcrumb\"},\"inLanguage\":\"es\",\"potentialAction\":[{\"@type\":\"ReadAction\",\"target\":[\"https:\\\/\\\/herboristeriamerce.com\\\/herboristeria-online\\\/llar\\\/encens\\\/encens-vareta-nag-champa-ncens-satya-nagchampa-agarbatti-per-a-meditacio-i-relaxacio\\\/\"]}]},{\"@type\":\"ImageObject\",\"inLanguage\":\"es\",\"@id\":\"https:\\\/\\\/herboristeriamerce.com\\\/herboristeria-online\\\/llar\\\/encens\\\/encens-vareta-nag-champa-ncens-satya-nagchampa-agarbatti-per-a-meditacio-i-relaxacio\\\/#primaryimage\",\"url\":\"https:\\\/\\\/herboristeriamerce.com\\\/wp-content\\\/uploads\\\/2025\\\/05\\\/a87003_2_tqfohvd4opnfqbfz.jpg\",\"contentUrl\":\"https:\\\/\\\/herboristeriamerce.com\\\/wp-content\\\/uploads\\\/2025\\\/05\\\/a87003_2_tqfohvd4opnfqbfz.jpg\",\"width\":400,\"height\":460},{\"@type\":\"BreadcrumbList\",\"@id\":\"https:\\\/\\\/herboristeriamerce.com\\\/herboristeria-online\\\/llar\\\/encens\\\/encens-vareta-nag-champa-ncens-satya-nagchampa-agarbatti-per-a-meditacio-i-relaxacio\\\/#breadcrumb\",\"itemListElement\":[{\"@type\":\"ListItem\",\"position\":1,\"name\":\"Inici\",\"item\":\"https:\\\/\\\/herboristeriamerce.com\\\/\"},{\"@type\":\"ListItem\",\"position\":2,\"name\":\"Herboristeria online\",\"item\":\"https:\\\/\\\/herboristeriamerce.com\\\/herboristeria-online\\\/\"},{\"@type\":\"ListItem\",\"position\":3,\"name\":\"Encens Vareta Nag Champa\"}]},{\"@type\":\"WebSite\",\"@id\":\"https:\\\/\\\/herboristeriamerce.com\\\/#website\",\"url\":\"https:\\\/\\\/herboristeriamerce.com\\\/\",\"name\":\"Herbolari Merc\u00e8\",\"description\":\"Herbolari a Terrassa\",\"publisher\":{\"@id\":\"https:\\\/\\\/herboristeriamerce.com\\\/#organization\"},\"potentialAction\":[{\"@type\":\"SearchAction\",\"target\":{\"@type\":\"EntryPoint\",\"urlTemplate\":\"https:\\\/\\\/herboristeriamerce.com\\\/?s={search_term_string}\"},\"query-input\":{\"@type\":\"PropertyValueSpecification\",\"valueRequired\":true,\"valueName\":\"search_term_string\"}}],\"inLanguage\":\"es\"},{\"@type\":\"Organization\",\"@id\":\"https:\\\/\\\/herboristeriamerce.com\\\/#organization\",\"name\":\"Herbolari Merc\u00e8\",\"url\":\"https:\\\/\\\/herboristeriamerce.com\\\/\",\"logo\":{\"@type\":\"ImageObject\",\"inLanguage\":\"es\",\"@id\":\"https:\\\/\\\/herboristeriamerce.com\\\/#\\\/schema\\\/logo\\\/image\\\/\",\"url\":\"https:\\\/\\\/herboristeriamerce.com\\\/wp-content\\\/uploads\\\/2025\\\/04\\\/cropped-logo-herboristeria-330x168-229w.webp\",\"contentUrl\":\"https:\\\/\\\/herboristeriamerce.com\\\/wp-content\\\/uploads\\\/2025\\\/04\\\/cropped-logo-herboristeria-330x168-229w.webp\",\"width\":230,\"height\":117,\"caption\":\"Herbolari Merc\u00e8\"},\"image\":{\"@id\":\"https:\\\/\\\/herboristeriamerce.com\\\/#\\\/schema\\\/logo\\\/image\\\/\"}}]}<\/script>\n<!-- \/ Yoast SEO plugin. -->","yoast_head_json":{"title":"Encens Vareta Nag Champa - Herbolari Merc\u00e8 Encens NagChampa","description":"Encens Satya NagChampa Agarbatti per a meditaci\u00f3 i relaxaci\u00f3. Aroma suau i natural fet a m\u00e0 a l\u2019\u00cdndia. Ideal per ioga i moments de pau %","robots":{"index":"index","follow":"follow","max-snippet":"max-snippet:-1","max-image-preview":"max-image-preview:large","max-video-preview":"max-video-preview:-1"},"canonical":"https:\/\/herboristeriamerce.com\/es\/herboristeria-online\/llar\/encens\/encens-vareta-nag-champa-ncens-satya-nagchampa-agarbatti-per-a-meditacio-i-relaxacio\/","og_locale":"es_ES","og_type":"article","og_title":"Encens Vareta Nag Champa - Herbolari Merc\u00e8 Encens NagChampa","og_description":"Encens Satya NagChampa Agarbatti per a meditaci\u00f3 i relaxaci\u00f3. Aroma suau i natural fet a m\u00e0 a l\u2019\u00cdndia. Ideal per ioga i moments de pau %","og_url":"https:\/\/herboristeriamerce.com\/es\/herboristeria-online\/llar\/encens\/encens-vareta-nag-champa-ncens-satya-nagchampa-agarbatti-per-a-meditacio-i-relaxacio\/","og_site_name":"Herbolari Merc\u00e8","article_modified_time":"2025-08-01T17:58:28+00:00","og_image":[{"width":400,"height":460,"url":"https:\/\/herboristeriamerce.com\/wp-content\/uploads\/2025\/05\/a87003_2_tqfohvd4opnfqbfz.jpg","type":"image\/jpeg"}],"twitter_card":"summary_large_image","twitter_misc":{"Tiempo de lectura":"2 minutos"},"schema":{"@context":"https:\/\/schema.org","@graph":[{"@type":"WebPage","@id":"https:\/\/herboristeriamerce.com\/herboristeria-online\/llar\/encens\/encens-vareta-nag-champa-ncens-satya-nagchampa-agarbatti-per-a-meditacio-i-relaxacio\/","url":"https:\/\/herboristeriamerce.com\/herboristeria-online\/llar\/encens\/encens-vareta-nag-champa-ncens-satya-nagchampa-agarbatti-per-a-meditacio-i-relaxacio\/","name":"Encens Vareta Nag Champa - Herbolari Merc\u00e8 Encens NagChampa","isPartOf":{"@id":"https:\/\/herboristeriamerce.com\/#website"},"primaryImageOfPage":{"@id":"https:\/\/herboristeriamerce.com\/herboristeria-online\/llar\/encens\/encens-vareta-nag-champa-ncens-satya-nagchampa-agarbatti-per-a-meditacio-i-relaxacio\/#primaryimage"},"image":{"@id":"https:\/\/herboristeriamerce.com\/herboristeria-online\/llar\/encens\/encens-vareta-nag-champa-ncens-satya-nagchampa-agarbatti-per-a-meditacio-i-relaxacio\/#primaryimage"},"thumbnailUrl":"https:\/\/herboristeriamerce.com\/wp-content\/uploads\/2025\/05\/a87003_2_tqfohvd4opnfqbfz.jpg","datePublished":"2025-05-30T08:42:58+00:00","dateModified":"2025-08-01T17:58:28+00:00","description":"Encens Satya NagChampa Agarbatti per a meditaci\u00f3 i relaxaci\u00f3. Aroma suau i natural fet a m\u00e0 a l\u2019\u00cdndia. Ideal per ioga i moments de pau %","breadcrumb":{"@id":"https:\/\/herboristeriamerce.com\/herboristeria-online\/llar\/encens\/encens-vareta-nag-champa-ncens-satya-nagchampa-agarbatti-per-a-meditacio-i-relaxacio\/#breadcrumb"},"inLanguage":"es","potentialAction":[{"@type":"ReadAction","target":["https:\/\/herboristeriamerce.com\/herboristeria-online\/llar\/encens\/encens-vareta-nag-champa-ncens-satya-nagchampa-agarbatti-per-a-meditacio-i-relaxacio\/"]}]},{"@type":"ImageObject","inLanguage":"es","@id":"https:\/\/herboristeriamerce.com\/herboristeria-online\/llar\/encens\/encens-vareta-nag-champa-ncens-satya-nagchampa-agarbatti-per-a-meditacio-i-relaxacio\/#primaryimage","url":"https:\/\/herboristeriamerce.com\/wp-content\/uploads\/2025\/05\/a87003_2_tqfohvd4opnfqbfz.jpg","contentUrl":"https:\/\/herboristeriamerce.com\/wp-content\/uploads\/2025\/05\/a87003_2_tqfohvd4opnfqbfz.jpg","width":400,"height":460},{"@type":"BreadcrumbList","@id":"https:\/\/herboristeriamerce.com\/herboristeria-online\/llar\/encens\/encens-vareta-nag-champa-ncens-satya-nagchampa-agarbatti-per-a-meditacio-i-relaxacio\/#breadcrumb","itemListElement":[{"@type":"ListItem","position":1,"name":"Inici","item":"https:\/\/herboristeriamerce.com\/"},{"@type":"ListItem","position":2,"name":"Herboristeria online","item":"https:\/\/herboristeriamerce.com\/herboristeria-online\/"},{"@type":"ListItem","position":3,"name":"Encens Vareta Nag Champa"}]},{"@type":"WebSite","@id":"https:\/\/herboristeriamerce.com\/#website","url":"https:\/\/herboristeriamerce.com\/","name":"Herbolari Merc\u00e8","description":"Herbolari a Terrassa","publisher":{"@id":"https:\/\/herboristeriamerce.com\/#organization"},"potentialAction":[{"@type":"SearchAction","target":{"@type":"EntryPoint","urlTemplate":"https:\/\/herboristeriamerce.com\/?s={search_term_string}"},"query-input":{"@type":"PropertyValueSpecification","valueRequired":true,"valueName":"search_term_string"}}],"inLanguage":"es"},{"@type":"Organization","@id":"https:\/\/herboristeriamerce.com\/#organization","name":"Herbolari Merc\u00e8","url":"https:\/\/herboristeriamerce.com\/","logo":{"@type":"ImageObject","inLanguage":"es","@id":"https:\/\/herboristeriamerce.com\/#\/schema\/logo\/image\/","url":"https:\/\/herboristeriamerce.com\/wp-content\/uploads\/2025\/04\/cropped-logo-herboristeria-330x168-229w.webp","contentUrl":"https:\/\/herboristeriamerce.com\/wp-content\/uploads\/2025\/04\/cropped-logo-herboristeria-330x168-229w.webp","width":230,"height":117,"caption":"Herbolari Merc\u00e8"},"image":{"@id":"https:\/\/herboristeriamerce.com\/#\/schema\/logo\/image\/"}}]}},"_links":{"self":[{"href":"https:\/\/herboristeriamerce.com\/es\/wp-json\/wp\/v2\/product\/1902","targetHints":{"allow":["GET"]}}],"collection":[{"href":"https:\/\/herboristeriamerce.com\/es\/wp-json\/wp\/v2\/product"}],"about":[{"href":"https:\/\/herboristeriamerce.com\/es\/wp-json\/wp\/v2\/types\/product"}],"replies":[{"embeddable":true,"href":"https:\/\/herboristeriamerce.com\/es\/wp-json\/wp\/v2\/comments?post=1902"}],"wp:featuredmedia":[{"embeddable":true,"href":"https:\/\/herboristeriamerce.com\/es\/wp-json\/wp\/v2\/media\/1911"}],"wp:attachment":[{"href":"https:\/\/herboristeriamerce.com\/es\/wp-json\/wp\/v2\/media?parent=1902"}],"wp:term":[{"taxonomy":"product_brand","embeddable":true,"href":"https:\/\/herboristeriamerce.com\/es\/wp-json\/wp\/v2\/product_brand?post=1902"},{"taxonomy":"product_cat","embeddable":true,"href":"https:\/\/herboristeriamerce.com\/es\/wp-json\/wp\/v2\/product_cat?post=1902"},{"taxonomy":"product_tag","embeddable":true,"href":"https:\/\/herboristeriamerce.com\/es\/wp-json\/wp\/v2\/product_tag?post=1902"}],"curies":[{"name":"wp","href":"https:\/\/api.w.org\/{rel}","templated":true}]}}