{"id":1866,"date":"2025-05-28T16:12:34","date_gmt":"2025-05-28T16:12:34","guid":{"rendered":"https:\/\/herboristeriamerce.com\/?post_type=product&#038;p=1866"},"modified":"2025-08-01T17:50:35","modified_gmt":"2025-08-01T17:50:35","slug":"ferroplant-250ml-ferro-per-reduir-cansament","status":"publish","type":"product","link":"https:\/\/herboristeriamerce.com\/es\/herboristeria-online\/dona\/equilibri-menstrual\/ferroplant-250ml-ferro-per-reduir-cansament\/","title":{"rendered":"Ferroplant 250ml"},"content":{"rendered":"<p data-start=\"139\" data-end=\"193\"><strong data-start=\"139\" data-end=\"193\">Ferro per reduir cansament i millorar la immunitat<\/strong><\/p>\n<p data-start=\"195\" data-end=\"630\"><strong data-start=\"195\" data-end=\"235\">Import\u00e0ncia del ferro en l\u2019organisme<\/strong><br data-start=\"235\" data-end=\"238\" \/>El ferro \u00e9s un mineral essencial per al bon funcionament del cos. En primer lloc, ajuda a disminuir el cansament i la fatiga, especialment quan hi ha una gran demanda f\u00edsica o mental. Aix\u00f2 \u00e9s perqu\u00e8 participa en la formaci\u00f3 normal de gl\u00f2buls vermells i d\u2019hemoglobina, responsables del transport d\u2019oxigen als teixits. Per tant, un nivell adequat de ferro mant\u00e9 l\u2019energia i la vitalitat di\u00e0ria.<\/p>\n<p data-start=\"632\" data-end=\"882\"><strong data-start=\"632\" data-end=\"676\">Funci\u00f3 en la salut cognitiva i cel\u00b7lular<\/strong><br data-start=\"676\" data-end=\"679\" \/>A m\u00e9s, el ferro interv\u00e9 en el proc\u00e9s de divisi\u00f3 cel\u00b7lular i contribueix a la funci\u00f3 cognitiva normal. Aix\u00f2 significa que no nom\u00e9s ajuda el cos, sin\u00f3 tamb\u00e9 la ment, millorant la concentraci\u00f3 i la mem\u00f2ria.<\/p>\n<p data-start=\"884\" data-end=\"1239\"><strong data-start=\"884\" data-end=\"933\">Millora de l\u2019absorci\u00f3 gr\u00e0cies a la vitamina C<\/strong><br data-start=\"933\" data-end=\"936\" \/>El ferro no actua sol. La vitamina C millora la seva absorci\u00f3 intestinal, fent que sigui m\u00e9s eficient per a l\u2019organisme. A m\u00e9s, la vitamina C actua com a antioxidant, protegint les c\u00e8l\u00b7lules del dany oxidatiu causat pels radicals lliures. Aix\u00f2 ajuda a prevenir l\u2019envelliment prematur i altres malalties.<\/p>\n<p data-start=\"1241\" data-end=\"1496\"><strong data-start=\"1241\" data-end=\"1293\">Suport de la vitamina B12 en la formaci\u00f3 de sang<\/strong><br data-start=\"1293\" data-end=\"1296\" \/>La vitamina B12 complementa l\u2019acci\u00f3 del ferro contribuint a la formaci\u00f3 normal de gl\u00f2buls vermells. Aquesta vitamina \u00e9s clau per assegurar una producci\u00f3 adequada de sang i un transport \u00f2ptim d\u2019oxigen.<\/p>\n<p data-start=\"1498\" data-end=\"1736\"><strong data-start=\"1498\" data-end=\"1528\">Contribuci\u00f3 a la immunitat<\/strong><br data-start=\"1528\" data-end=\"1531\" \/>Finalment, el ferro, juntament amb la vitamina C i la vitamina B12, contribueix al funcionament normal del sistema immunitari. Aix\u00f2 ajuda a mantenir unes defenses fortes i una salut \u00f2ptima en el dia a dia.<\/p>\n<p data-start=\"1738\" data-end=\"1902\"><strong data-start=\"1738\" data-end=\"1747\">Resum<\/strong><br data-start=\"1747\" data-end=\"1750\" \/>En resum, el ferro \u00e9s un nutrient clau per reduir el cansament i millorar la immunitat. A m\u00e9s, afavoreix la salut general i el rendiment f\u00edsic i mental.<\/p>","protected":false},"excerpt":{"rendered":"<p>Cansament, Fatiga, Gl\u00f2buls Vermells, Hemoglobina, Funci\u00f3 Cognitiva, Immunitat,<\/p>","protected":false},"featured_media":1867,"comment_status":"open","ping_status":"closed","template":"","meta":{"site-sidebar-layout":"default","site-content-layout":"","ast-site-content-layout":"default","site-content-style":"default","site-sidebar-style":"default","ast-global-header-display":"","ast-banner-title-visibility":"","ast-main-header-display":"","ast-hfb-above-header-display":"","ast-hfb-below-header-display":"","ast-hfb-mobile-header-display":"","site-post-title":"","ast-breadcrumbs-content":"","ast-featured-img":"","footer-sml-layout":"","ast-disable-related-posts":"","theme-transparent-header-meta":"default","adv-header-id-meta":"","stick-header-meta":"","header-above-stick-meta":"","header-main-stick-meta":"","header-below-stick-meta":"","astra-migrate-meta-layouts":"set","ast-page-background-enabled":"default","ast-page-background-meta":{"desktop":{"background-color":"var(--ast-global-color-4)","background-image":"","background-repeat":"repeat","background-position":"center center","background-size":"auto","background-attachment":"scroll","background-type":"","background-media":"","overlay-type":"","overlay-color":"","overlay-opacity":"","overlay-gradient":""},"tablet":{"background-color":"","background-image":"","background-repeat":"repeat","background-position":"center center","background-size":"auto","background-attachment":"scroll","background-type":"","background-media":"","overlay-type":"","overlay-color":"","overlay-opacity":"","overlay-gradient":""},"mobile":{"background-color":"","background-image":"","background-repeat":"repeat","background-position":"center center","background-size":"auto","background-attachment":"scroll","background-type":"","background-media":"","overlay-type":"","overlay-color":"","overlay-opacity":"","overlay-gradient":""}},"ast-content-background-meta":{"desktop":{"background-color":"var(--ast-global-color-5)","background-image":"","background-repeat":"repeat","background-position":"center center","background-size":"auto","background-attachment":"scroll","background-type":"","background-media":"","overlay-type":"","overlay-color":"","overlay-opacity":"","overlay-gradient":""},"tablet":{"background-color":"var(--ast-global-color-5)","background-image":"","background-repeat":"repeat","background-position":"center center","background-size":"auto","background-attachment":"scroll","background-type":"","background-media":"","overlay-type":"","overlay-color":"","overlay-opacity":"","overlay-gradient":""},"mobile":{"background-color":"var(--ast-global-color-5)","background-image":"","background-repeat":"repeat","background-position":"center center","background-size":"auto","background-attachment":"scroll","background-type":"","background-media":"","overlay-type":"","overlay-color":"","overlay-opacity":"","overlay-gradient":""}}},"product_brand":[33],"product_cat":[128,132,75],"product_tag":[],"class_list":{"0":"post-1866","1":"product","2":"type-product","3":"status-publish","4":"has-post-thumbnail","6":"product_brand-dietmed","7":"product_cat-defenses","8":"product_cat-equilibri-menstrual","9":"product_cat-reconstituent","10":"desktop-align-left","11":"tablet-align-left","12":"mobile-align-left","14":"first","15":"instock","16":"taxable","17":"shipping-taxable","18":"purchasable","19":"product-type-simple"},"yoast_head":"<!-- This site is optimized with the Yoast SEO plugin v27.5 - https:\/\/yoast.com\/product\/yoast-seo-wordpress\/ -->\n<title>Ferroplant 250ml - Herbolari Merc\u00e8 Ferro per reduir cansament<\/title>\n<meta name=\"description\" content=\"Ferro per reduir cansament i millorar la immunitat. Tamb\u00e9 afavoreix la formaci\u00f3 de gl\u00f2buls vermells i l\u2019absorci\u00f3 gr\u00e0cies a la vitamina C i B12.\" \/>\n<meta name=\"robots\" content=\"index, follow, max-snippet:-1, max-image-preview:large, max-video-preview:-1\" \/>\n<link rel=\"canonical\" href=\"https:\/\/herboristeriamerce.com\/es\/herboristeria-online\/dona\/equilibri-menstrual\/ferroplant-250ml-ferro-per-reduir-cansament\/\" \/>\n<meta property=\"og:locale\" content=\"es_ES\" \/>\n<meta property=\"og:type\" content=\"article\" \/>\n<meta property=\"og:title\" content=\"Ferroplant 250ml - Herbolari Merc\u00e8 Ferro per reduir cansament\" \/>\n<meta property=\"og:description\" content=\"Ferro per reduir cansament i millorar la immunitat. Tamb\u00e9 afavoreix la formaci\u00f3 de gl\u00f2buls vermells i l\u2019absorci\u00f3 gr\u00e0cies a la vitamina C i B12.\" \/>\n<meta property=\"og:url\" content=\"https:\/\/herboristeriamerce.com\/es\/herboristeria-online\/dona\/equilibri-menstrual\/ferroplant-250ml-ferro-per-reduir-cansament\/\" \/>\n<meta property=\"og:site_name\" content=\"Herbolari Merc\u00e8\" \/>\n<meta property=\"article:modified_time\" content=\"2025-08-01T17:50:35+00:00\" \/>\n<meta property=\"og:image\" content=\"https:\/\/herboristeriamerce.com\/wp-content\/uploads\/2025\/05\/ferroplant.png\" \/>\n\t<meta property=\"og:image:width\" content=\"2000\" \/>\n\t<meta property=\"og:image:height\" content=\"2000\" \/>\n\t<meta property=\"og:image:type\" content=\"image\/png\" \/>\n<meta name=\"twitter:card\" content=\"summary_large_image\" \/>\n<meta name=\"twitter:label1\" content=\"Tiempo de lectura\" \/>\n\t<meta name=\"twitter:data1\" content=\"2 minutos\" \/>\n<script type=\"application\/ld+json\" class=\"yoast-schema-graph\">{\"@context\":\"https:\\\/\\\/schema.org\",\"@graph\":[{\"@type\":\"WebPage\",\"@id\":\"https:\\\/\\\/herboristeriamerce.com\\\/herboristeria-online\\\/dona\\\/equilibri-menstrual\\\/ferroplant-250ml-ferro-per-reduir-cansament\\\/\",\"url\":\"https:\\\/\\\/herboristeriamerce.com\\\/herboristeria-online\\\/dona\\\/equilibri-menstrual\\\/ferroplant-250ml-ferro-per-reduir-cansament\\\/\",\"name\":\"Ferroplant 250ml - Herbolari Merc\u00e8 Ferro per reduir cansament\",\"isPartOf\":{\"@id\":\"https:\\\/\\\/herboristeriamerce.com\\\/#website\"},\"primaryImageOfPage\":{\"@id\":\"https:\\\/\\\/herboristeriamerce.com\\\/herboristeria-online\\\/dona\\\/equilibri-menstrual\\\/ferroplant-250ml-ferro-per-reduir-cansament\\\/#primaryimage\"},\"image\":{\"@id\":\"https:\\\/\\\/herboristeriamerce.com\\\/herboristeria-online\\\/dona\\\/equilibri-menstrual\\\/ferroplant-250ml-ferro-per-reduir-cansament\\\/#primaryimage\"},\"thumbnailUrl\":\"https:\\\/\\\/herboristeriamerce.com\\\/wp-content\\\/uploads\\\/2025\\\/05\\\/ferroplant.png\",\"datePublished\":\"2025-05-28T16:12:34+00:00\",\"dateModified\":\"2025-08-01T17:50:35+00:00\",\"description\":\"Ferro per reduir cansament i millorar la immunitat. Tamb\u00e9 afavoreix la formaci\u00f3 de gl\u00f2buls vermells i l\u2019absorci\u00f3 gr\u00e0cies a la vitamina C i B12.\",\"breadcrumb\":{\"@id\":\"https:\\\/\\\/herboristeriamerce.com\\\/herboristeria-online\\\/dona\\\/equilibri-menstrual\\\/ferroplant-250ml-ferro-per-reduir-cansament\\\/#breadcrumb\"},\"inLanguage\":\"es\",\"potentialAction\":[{\"@type\":\"ReadAction\",\"target\":[\"https:\\\/\\\/herboristeriamerce.com\\\/herboristeria-online\\\/dona\\\/equilibri-menstrual\\\/ferroplant-250ml-ferro-per-reduir-cansament\\\/\"]}]},{\"@type\":\"ImageObject\",\"inLanguage\":\"es\",\"@id\":\"https:\\\/\\\/herboristeriamerce.com\\\/herboristeria-online\\\/dona\\\/equilibri-menstrual\\\/ferroplant-250ml-ferro-per-reduir-cansament\\\/#primaryimage\",\"url\":\"https:\\\/\\\/herboristeriamerce.com\\\/wp-content\\\/uploads\\\/2025\\\/05\\\/ferroplant.png\",\"contentUrl\":\"https:\\\/\\\/herboristeriamerce.com\\\/wp-content\\\/uploads\\\/2025\\\/05\\\/ferroplant.png\",\"width\":2000,\"height\":2000},{\"@type\":\"BreadcrumbList\",\"@id\":\"https:\\\/\\\/herboristeriamerce.com\\\/herboristeria-online\\\/dona\\\/equilibri-menstrual\\\/ferroplant-250ml-ferro-per-reduir-cansament\\\/#breadcrumb\",\"itemListElement\":[{\"@type\":\"ListItem\",\"position\":1,\"name\":\"Inici\",\"item\":\"https:\\\/\\\/herboristeriamerce.com\\\/\"},{\"@type\":\"ListItem\",\"position\":2,\"name\":\"Herboristeria online\",\"item\":\"https:\\\/\\\/herboristeriamerce.com\\\/herboristeria-online\\\/\"},{\"@type\":\"ListItem\",\"position\":3,\"name\":\"Ferroplant 250ml\"}]},{\"@type\":\"WebSite\",\"@id\":\"https:\\\/\\\/herboristeriamerce.com\\\/#website\",\"url\":\"https:\\\/\\\/herboristeriamerce.com\\\/\",\"name\":\"Herbolari Merc\u00e8\",\"description\":\"Herbolari a Terrassa\",\"publisher\":{\"@id\":\"https:\\\/\\\/herboristeriamerce.com\\\/#organization\"},\"potentialAction\":[{\"@type\":\"SearchAction\",\"target\":{\"@type\":\"EntryPoint\",\"urlTemplate\":\"https:\\\/\\\/herboristeriamerce.com\\\/?s={search_term_string}\"},\"query-input\":{\"@type\":\"PropertyValueSpecification\",\"valueRequired\":true,\"valueName\":\"search_term_string\"}}],\"inLanguage\":\"es\"},{\"@type\":\"Organization\",\"@id\":\"https:\\\/\\\/herboristeriamerce.com\\\/#organization\",\"name\":\"Herbolari Merc\u00e8\",\"url\":\"https:\\\/\\\/herboristeriamerce.com\\\/\",\"logo\":{\"@type\":\"ImageObject\",\"inLanguage\":\"es\",\"@id\":\"https:\\\/\\\/herboristeriamerce.com\\\/#\\\/schema\\\/logo\\\/image\\\/\",\"url\":\"https:\\\/\\\/herboristeriamerce.com\\\/wp-content\\\/uploads\\\/2025\\\/04\\\/cropped-logo-herboristeria-330x168-229w.webp\",\"contentUrl\":\"https:\\\/\\\/herboristeriamerce.com\\\/wp-content\\\/uploads\\\/2025\\\/04\\\/cropped-logo-herboristeria-330x168-229w.webp\",\"width\":230,\"height\":117,\"caption\":\"Herbolari Merc\u00e8\"},\"image\":{\"@id\":\"https:\\\/\\\/herboristeriamerce.com\\\/#\\\/schema\\\/logo\\\/image\\\/\"}}]}<\/script>\n<!-- \/ Yoast SEO plugin. -->","yoast_head_json":{"title":"Ferroplant 250ml - Herbolari Merc\u00e8 Ferro per reduir cansament","description":"Ferro per reduir cansament i millorar la immunitat. Tamb\u00e9 afavoreix la formaci\u00f3 de gl\u00f2buls vermells i l\u2019absorci\u00f3 gr\u00e0cies a la vitamina C i B12.","robots":{"index":"index","follow":"follow","max-snippet":"max-snippet:-1","max-image-preview":"max-image-preview:large","max-video-preview":"max-video-preview:-1"},"canonical":"https:\/\/herboristeriamerce.com\/es\/herboristeria-online\/dona\/equilibri-menstrual\/ferroplant-250ml-ferro-per-reduir-cansament\/","og_locale":"es_ES","og_type":"article","og_title":"Ferroplant 250ml - Herbolari Merc\u00e8 Ferro per reduir cansament","og_description":"Ferro per reduir cansament i millorar la immunitat. Tamb\u00e9 afavoreix la formaci\u00f3 de gl\u00f2buls vermells i l\u2019absorci\u00f3 gr\u00e0cies a la vitamina C i B12.","og_url":"https:\/\/herboristeriamerce.com\/es\/herboristeria-online\/dona\/equilibri-menstrual\/ferroplant-250ml-ferro-per-reduir-cansament\/","og_site_name":"Herbolari Merc\u00e8","article_modified_time":"2025-08-01T17:50:35+00:00","og_image":[{"width":2000,"height":2000,"url":"https:\/\/herboristeriamerce.com\/wp-content\/uploads\/2025\/05\/ferroplant.png","type":"image\/png"}],"twitter_card":"summary_large_image","twitter_misc":{"Tiempo de lectura":"2 minutos"},"schema":{"@context":"https:\/\/schema.org","@graph":[{"@type":"WebPage","@id":"https:\/\/herboristeriamerce.com\/herboristeria-online\/dona\/equilibri-menstrual\/ferroplant-250ml-ferro-per-reduir-cansament\/","url":"https:\/\/herboristeriamerce.com\/herboristeria-online\/dona\/equilibri-menstrual\/ferroplant-250ml-ferro-per-reduir-cansament\/","name":"Ferroplant 250ml - Herbolari Merc\u00e8 Ferro per reduir cansament","isPartOf":{"@id":"https:\/\/herboristeriamerce.com\/#website"},"primaryImageOfPage":{"@id":"https:\/\/herboristeriamerce.com\/herboristeria-online\/dona\/equilibri-menstrual\/ferroplant-250ml-ferro-per-reduir-cansament\/#primaryimage"},"image":{"@id":"https:\/\/herboristeriamerce.com\/herboristeria-online\/dona\/equilibri-menstrual\/ferroplant-250ml-ferro-per-reduir-cansament\/#primaryimage"},"thumbnailUrl":"https:\/\/herboristeriamerce.com\/wp-content\/uploads\/2025\/05\/ferroplant.png","datePublished":"2025-05-28T16:12:34+00:00","dateModified":"2025-08-01T17:50:35+00:00","description":"Ferro per reduir cansament i millorar la immunitat. Tamb\u00e9 afavoreix la formaci\u00f3 de gl\u00f2buls vermells i l\u2019absorci\u00f3 gr\u00e0cies a la vitamina C i B12.","breadcrumb":{"@id":"https:\/\/herboristeriamerce.com\/herboristeria-online\/dona\/equilibri-menstrual\/ferroplant-250ml-ferro-per-reduir-cansament\/#breadcrumb"},"inLanguage":"es","potentialAction":[{"@type":"ReadAction","target":["https:\/\/herboristeriamerce.com\/herboristeria-online\/dona\/equilibri-menstrual\/ferroplant-250ml-ferro-per-reduir-cansament\/"]}]},{"@type":"ImageObject","inLanguage":"es","@id":"https:\/\/herboristeriamerce.com\/herboristeria-online\/dona\/equilibri-menstrual\/ferroplant-250ml-ferro-per-reduir-cansament\/#primaryimage","url":"https:\/\/herboristeriamerce.com\/wp-content\/uploads\/2025\/05\/ferroplant.png","contentUrl":"https:\/\/herboristeriamerce.com\/wp-content\/uploads\/2025\/05\/ferroplant.png","width":2000,"height":2000},{"@type":"BreadcrumbList","@id":"https:\/\/herboristeriamerce.com\/herboristeria-online\/dona\/equilibri-menstrual\/ferroplant-250ml-ferro-per-reduir-cansament\/#breadcrumb","itemListElement":[{"@type":"ListItem","position":1,"name":"Inici","item":"https:\/\/herboristeriamerce.com\/"},{"@type":"ListItem","position":2,"name":"Herboristeria online","item":"https:\/\/herboristeriamerce.com\/herboristeria-online\/"},{"@type":"ListItem","position":3,"name":"Ferroplant 250ml"}]},{"@type":"WebSite","@id":"https:\/\/herboristeriamerce.com\/#website","url":"https:\/\/herboristeriamerce.com\/","name":"Herbolari Merc\u00e8","description":"Herbolari a Terrassa","publisher":{"@id":"https:\/\/herboristeriamerce.com\/#organization"},"potentialAction":[{"@type":"SearchAction","target":{"@type":"EntryPoint","urlTemplate":"https:\/\/herboristeriamerce.com\/?s={search_term_string}"},"query-input":{"@type":"PropertyValueSpecification","valueRequired":true,"valueName":"search_term_string"}}],"inLanguage":"es"},{"@type":"Organization","@id":"https:\/\/herboristeriamerce.com\/#organization","name":"Herbolari Merc\u00e8","url":"https:\/\/herboristeriamerce.com\/","logo":{"@type":"ImageObject","inLanguage":"es","@id":"https:\/\/herboristeriamerce.com\/#\/schema\/logo\/image\/","url":"https:\/\/herboristeriamerce.com\/wp-content\/uploads\/2025\/04\/cropped-logo-herboristeria-330x168-229w.webp","contentUrl":"https:\/\/herboristeriamerce.com\/wp-content\/uploads\/2025\/04\/cropped-logo-herboristeria-330x168-229w.webp","width":230,"height":117,"caption":"Herbolari Merc\u00e8"},"image":{"@id":"https:\/\/herboristeriamerce.com\/#\/schema\/logo\/image\/"}}]}},"_links":{"self":[{"href":"https:\/\/herboristeriamerce.com\/es\/wp-json\/wp\/v2\/product\/1866","targetHints":{"allow":["GET"]}}],"collection":[{"href":"https:\/\/herboristeriamerce.com\/es\/wp-json\/wp\/v2\/product"}],"about":[{"href":"https:\/\/herboristeriamerce.com\/es\/wp-json\/wp\/v2\/types\/product"}],"replies":[{"embeddable":true,"href":"https:\/\/herboristeriamerce.com\/es\/wp-json\/wp\/v2\/comments?post=1866"}],"wp:featuredmedia":[{"embeddable":true,"href":"https:\/\/herboristeriamerce.com\/es\/wp-json\/wp\/v2\/media\/1867"}],"wp:attachment":[{"href":"https:\/\/herboristeriamerce.com\/es\/wp-json\/wp\/v2\/media?parent=1866"}],"wp:term":[{"taxonomy":"product_brand","embeddable":true,"href":"https:\/\/herboristeriamerce.com\/es\/wp-json\/wp\/v2\/product_brand?post=1866"},{"taxonomy":"product_cat","embeddable":true,"href":"https:\/\/herboristeriamerce.com\/es\/wp-json\/wp\/v2\/product_cat?post=1866"},{"taxonomy":"product_tag","embeddable":true,"href":"https:\/\/herboristeriamerce.com\/es\/wp-json\/wp\/v2\/product_tag?post=1866"}],"curies":[{"name":"wp","href":"https:\/\/api.w.org\/{rel}","templated":true}]}}