{"id":1862,"date":"2025-05-28T10:40:53","date_gmt":"2025-05-28T10:40:53","guid":{"rendered":"https:\/\/herboristeriamerce.com\/?post_type=product&#038;p=1862"},"modified":"2025-08-01T17:46:23","modified_gmt":"2025-08-01T17:46:23","slug":"valeriana-valeriana-500-mg-per-al-descans-natural","status":"publish","type":"product","link":"https:\/\/herboristeriamerce.com\/es\/herboristeria-online\/sistema-nervios\/descans-nocturn\/valeriana-valeriana-500-mg-per-al-descans-natural\/","title":{"rendered":"Valeriana"},"content":{"rendered":"<p data-start=\"185\" data-end=\"252\"><strong data-start=\"185\" data-end=\"252\">Valeriana 500 mg \u2013 Suport natural per al descans i la relaxaci\u00f3<\/strong><\/p>\n<p data-start=\"254\" data-end=\"535\">La <em data-start=\"257\" data-end=\"298\">Valeriana 500 mg per al descans natural<\/em> \u00e9s un complement alimentari formulat per ajudar l\u2019organisme a gestionar millor l\u2019estr\u00e8s i la tensi\u00f3 emocional. En primer lloc, aquest producte \u00e9s ideal per a persones amb dificultats per agafar el son o que pateixen nerviosisme puntual.<\/p>\n<p data-start=\"537\" data-end=\"829\">A m\u00e9s, la valeriana \u00e9s coneguda per les seves propietats sedants i relaxants. De fet, ha estat utilitzada durant segles com a remei natural per promoure un descans nocturn profund. Aix\u00ed doncs, gr\u00e0cies a la seva acci\u00f3 suau, no crea depend\u00e8ncia i es pot utilitzar de manera segura i continuada.<\/p>\n<p data-start=\"831\" data-end=\"847\"><strong data-start=\"831\" data-end=\"847\">Com es pren?<\/strong><\/p>\n<p data-start=\"849\" data-end=\"1115\">Per obtenir els m\u00e0xims beneficis, es recomana prendre 1 comprimit al mat\u00ed i 1 al migdia. Finalment, abans de dormir, cal prendre 2 comprimits. Aix\u00ed, es prepara el cos gradualment per al descans. Tanmateix, no s\u2019ha de sobrepassar la dosi di\u00e0ria recomanada en cap cas.<\/p>\n<p data-start=\"1117\" data-end=\"1151\"><strong data-start=\"1117\" data-end=\"1151\">Composici\u00f3 (per 4 comprimits):<\/strong><\/p>\n<p data-start=\"1153\" data-end=\"1378\">\u2013 Valeriana Officinalis (arrel): 2000 mg<br data-start=\"1193\" data-end=\"1196\" \/>\u2013 Extracte sec 5:1 d\u2019arrel de valeriana<br data-start=\"1235\" data-end=\"1238\" \/>\u2013 Mid\u00f3 modificat de blat de moro<br data-start=\"1270\" data-end=\"1273\" \/>\u2013 Cel\u00b7lulosa microcristal\u00b7lina<br data-start=\"1303\" data-end=\"1306\" \/>\u2013 Calci fosfor dib\u00e0sic anhidre<br data-start=\"1336\" data-end=\"1339\" \/>\u2013 Magnesi estearat<br data-start=\"1357\" data-end=\"1360\" \/>\u2013 Di\u00f2xid de silici<\/p>\n<p data-start=\"1380\" data-end=\"1488\">D\u2019altra banda, tots els ingredients estan seleccionats per garantir una gran puresa, estabilitat i absorci\u00f3.<\/p>\n<p data-start=\"1490\" data-end=\"1505\"><strong data-start=\"1490\" data-end=\"1505\">Presentaci\u00f3<\/strong><\/p>\n<p data-start=\"1507\" data-end=\"1704\">El producte es presenta en un pr\u00e0ctic env\u00e0s de 90 comprimits. Per tant, permet una suplementaci\u00f3 continuada durant diverses setmanes, especialment \u00fatil en \u00e8poques d\u2019estr\u00e8s o dificultats per dormir.<\/p>\n<p data-start=\"1706\" data-end=\"1730\"><strong data-start=\"1706\" data-end=\"1730\">Beneficis principals<\/strong><\/p>\n<p data-start=\"1732\" data-end=\"1907\">\u2013 Promou un descans natural i reparador<br data-start=\"1771\" data-end=\"1774\" \/>\u2013 Redueix l\u2019estr\u00e8s i l\u2019agitaci\u00f3 mental<br data-start=\"1812\" data-end=\"1815\" \/>\u2013 Afavoreix l\u2019equilibri emocional durant el dia<br data-start=\"1862\" data-end=\"1865\" \/>\u2013 No crea depend\u00e8ncia ni efectes residuals<\/p>\n<p data-start=\"1909\" data-end=\"2058\">En resum, <em data-start=\"1919\" data-end=\"1960\">Valeriana 500 mg per al descans natural<\/em> \u00e9s una soluci\u00f3 natural, efica\u00e7 i segura per millorar el benestar emocional i la qualitat del son.<\/p>","protected":false},"excerpt":{"rendered":"<p>Complement alimentari a base d&#8217;extracte Sec 5:1 Valeriana Officinalis L. Env\u00e0s de 90 comprimits.<\/p>","protected":false},"featured_media":1863,"comment_status":"open","ping_status":"closed","template":"","meta":{"site-sidebar-layout":"default","site-content-layout":"","ast-site-content-layout":"default","site-content-style":"default","site-sidebar-style":"default","ast-global-header-display":"","ast-banner-title-visibility":"","ast-main-header-display":"","ast-hfb-above-header-display":"","ast-hfb-below-header-display":"","ast-hfb-mobile-header-display":"","site-post-title":"","ast-breadcrumbs-content":"","ast-featured-img":"","footer-sml-layout":"","ast-disable-related-posts":"","theme-transparent-header-meta":"default","adv-header-id-meta":"","stick-header-meta":"","header-above-stick-meta":"","header-main-stick-meta":"","header-below-stick-meta":"","astra-migrate-meta-layouts":"set","ast-page-background-enabled":"default","ast-page-background-meta":{"desktop":{"background-color":"var(--ast-global-color-4)","background-image":"","background-repeat":"repeat","background-position":"center center","background-size":"auto","background-attachment":"scroll","background-type":"","background-media":"","overlay-type":"","overlay-color":"","overlay-opacity":"","overlay-gradient":""},"tablet":{"background-color":"","background-image":"","background-repeat":"repeat","background-position":"center center","background-size":"auto","background-attachment":"scroll","background-type":"","background-media":"","overlay-type":"","overlay-color":"","overlay-opacity":"","overlay-gradient":""},"mobile":{"background-color":"","background-image":"","background-repeat":"repeat","background-position":"center center","background-size":"auto","background-attachment":"scroll","background-type":"","background-media":"","overlay-type":"","overlay-color":"","overlay-opacity":"","overlay-gradient":""}},"ast-content-background-meta":{"desktop":{"background-color":"var(--ast-global-color-5)","background-image":"","background-repeat":"repeat","background-position":"center center","background-size":"auto","background-attachment":"scroll","background-type":"","background-media":"","overlay-type":"","overlay-color":"","overlay-opacity":"","overlay-gradient":""},"tablet":{"background-color":"var(--ast-global-color-5)","background-image":"","background-repeat":"repeat","background-position":"center center","background-size":"auto","background-attachment":"scroll","background-type":"","background-media":"","overlay-type":"","overlay-color":"","overlay-opacity":"","overlay-gradient":""},"mobile":{"background-color":"var(--ast-global-color-5)","background-image":"","background-repeat":"repeat","background-position":"center center","background-size":"auto","background-attachment":"scroll","background-type":"","background-media":"","overlay-type":"","overlay-color":"","overlay-opacity":"","overlay-gradient":""}}},"product_brand":[133],"product_cat":[101,103],"product_tag":[],"class_list":{"0":"post-1862","1":"product","2":"type-product","3":"status-publish","4":"has-post-thumbnail","6":"product_brand-naturmil","7":"product_cat-descans-nocturn","8":"product_cat-relax","9":"desktop-align-left","10":"tablet-align-left","11":"mobile-align-left","13":"first","14":"instock","15":"taxable","16":"shipping-taxable","17":"purchasable","18":"product-type-simple"},"yoast_head":"<!-- This site is optimized with the Yoast SEO plugin v27.5 - https:\/\/yoast.com\/product\/yoast-seo-wordpress\/ -->\n<title>Valeriana - Herbolari Merc\u00e8 Valeriana 500 mg per al descans natural<\/title>\n<meta name=\"description\" content=\"Valeriana 500 mg per descansar de manera natural. Ajuda a reduir l\u2019estr\u00e8s, afavoreix el son reparador i millora el benestar emocional.\" \/>\n<meta name=\"robots\" content=\"index, follow, max-snippet:-1, max-image-preview:large, max-video-preview:-1\" \/>\n<link rel=\"canonical\" href=\"https:\/\/herboristeriamerce.com\/es\/herboristeria-online\/sistema-nervios\/descans-nocturn\/valeriana-valeriana-500-mg-per-al-descans-natural\/\" \/>\n<meta property=\"og:locale\" content=\"es_ES\" \/>\n<meta property=\"og:type\" content=\"article\" \/>\n<meta property=\"og:title\" content=\"Valeriana - Herbolari Merc\u00e8 Valeriana 500 mg per al descans natural\" \/>\n<meta property=\"og:description\" content=\"Valeriana 500 mg per descansar de manera natural. Ajuda a reduir l\u2019estr\u00e8s, afavoreix el son reparador i millora el benestar emocional.\" \/>\n<meta property=\"og:url\" content=\"https:\/\/herboristeriamerce.com\/es\/herboristeria-online\/sistema-nervios\/descans-nocturn\/valeriana-valeriana-500-mg-per-al-descans-natural\/\" \/>\n<meta property=\"og:site_name\" content=\"Herbolari Merc\u00e8\" \/>\n<meta property=\"article:modified_time\" content=\"2025-08-01T17:46:23+00:00\" \/>\n<meta property=\"og:image\" content=\"https:\/\/herboristeriamerce.com\/wp-content\/uploads\/2025\/05\/valeriana.png\" \/>\n\t<meta property=\"og:image:width\" content=\"640\" \/>\n\t<meta property=\"og:image:height\" content=\"480\" \/>\n\t<meta property=\"og:image:type\" content=\"image\/png\" \/>\n<meta name=\"twitter:card\" content=\"summary_large_image\" \/>\n<meta name=\"twitter:label1\" content=\"Tiempo de lectura\" \/>\n\t<meta name=\"twitter:data1\" content=\"2 minutos\" \/>\n<script type=\"application\/ld+json\" class=\"yoast-schema-graph\">{\"@context\":\"https:\\\/\\\/schema.org\",\"@graph\":[{\"@type\":\"WebPage\",\"@id\":\"https:\\\/\\\/herboristeriamerce.com\\\/herboristeria-online\\\/sistema-nervios\\\/descans-nocturn\\\/valeriana-valeriana-500-mg-per-al-descans-natural\\\/\",\"url\":\"https:\\\/\\\/herboristeriamerce.com\\\/herboristeria-online\\\/sistema-nervios\\\/descans-nocturn\\\/valeriana-valeriana-500-mg-per-al-descans-natural\\\/\",\"name\":\"Valeriana - Herbolari Merc\u00e8 Valeriana 500 mg per al descans natural\",\"isPartOf\":{\"@id\":\"https:\\\/\\\/herboristeriamerce.com\\\/#website\"},\"primaryImageOfPage\":{\"@id\":\"https:\\\/\\\/herboristeriamerce.com\\\/herboristeria-online\\\/sistema-nervios\\\/descans-nocturn\\\/valeriana-valeriana-500-mg-per-al-descans-natural\\\/#primaryimage\"},\"image\":{\"@id\":\"https:\\\/\\\/herboristeriamerce.com\\\/herboristeria-online\\\/sistema-nervios\\\/descans-nocturn\\\/valeriana-valeriana-500-mg-per-al-descans-natural\\\/#primaryimage\"},\"thumbnailUrl\":\"https:\\\/\\\/herboristeriamerce.com\\\/wp-content\\\/uploads\\\/2025\\\/05\\\/valeriana.png\",\"datePublished\":\"2025-05-28T10:40:53+00:00\",\"dateModified\":\"2025-08-01T17:46:23+00:00\",\"description\":\"Valeriana 500 mg per descansar de manera natural. Ajuda a reduir l\u2019estr\u00e8s, afavoreix el son reparador i millora el benestar emocional.\",\"breadcrumb\":{\"@id\":\"https:\\\/\\\/herboristeriamerce.com\\\/herboristeria-online\\\/sistema-nervios\\\/descans-nocturn\\\/valeriana-valeriana-500-mg-per-al-descans-natural\\\/#breadcrumb\"},\"inLanguage\":\"es\",\"potentialAction\":[{\"@type\":\"ReadAction\",\"target\":[\"https:\\\/\\\/herboristeriamerce.com\\\/herboristeria-online\\\/sistema-nervios\\\/descans-nocturn\\\/valeriana-valeriana-500-mg-per-al-descans-natural\\\/\"]}]},{\"@type\":\"ImageObject\",\"inLanguage\":\"es\",\"@id\":\"https:\\\/\\\/herboristeriamerce.com\\\/herboristeria-online\\\/sistema-nervios\\\/descans-nocturn\\\/valeriana-valeriana-500-mg-per-al-descans-natural\\\/#primaryimage\",\"url\":\"https:\\\/\\\/herboristeriamerce.com\\\/wp-content\\\/uploads\\\/2025\\\/05\\\/valeriana.png\",\"contentUrl\":\"https:\\\/\\\/herboristeriamerce.com\\\/wp-content\\\/uploads\\\/2025\\\/05\\\/valeriana.png\",\"width\":640,\"height\":480},{\"@type\":\"BreadcrumbList\",\"@id\":\"https:\\\/\\\/herboristeriamerce.com\\\/herboristeria-online\\\/sistema-nervios\\\/descans-nocturn\\\/valeriana-valeriana-500-mg-per-al-descans-natural\\\/#breadcrumb\",\"itemListElement\":[{\"@type\":\"ListItem\",\"position\":1,\"name\":\"Inici\",\"item\":\"https:\\\/\\\/herboristeriamerce.com\\\/\"},{\"@type\":\"ListItem\",\"position\":2,\"name\":\"Herboristeria online\",\"item\":\"https:\\\/\\\/herboristeriamerce.com\\\/herboristeria-online\\\/\"},{\"@type\":\"ListItem\",\"position\":3,\"name\":\"Valeriana\"}]},{\"@type\":\"WebSite\",\"@id\":\"https:\\\/\\\/herboristeriamerce.com\\\/#website\",\"url\":\"https:\\\/\\\/herboristeriamerce.com\\\/\",\"name\":\"Herbolari Merc\u00e8\",\"description\":\"Herbolari a Terrassa\",\"publisher\":{\"@id\":\"https:\\\/\\\/herboristeriamerce.com\\\/#organization\"},\"potentialAction\":[{\"@type\":\"SearchAction\",\"target\":{\"@type\":\"EntryPoint\",\"urlTemplate\":\"https:\\\/\\\/herboristeriamerce.com\\\/?s={search_term_string}\"},\"query-input\":{\"@type\":\"PropertyValueSpecification\",\"valueRequired\":true,\"valueName\":\"search_term_string\"}}],\"inLanguage\":\"es\"},{\"@type\":\"Organization\",\"@id\":\"https:\\\/\\\/herboristeriamerce.com\\\/#organization\",\"name\":\"Herbolari Merc\u00e8\",\"url\":\"https:\\\/\\\/herboristeriamerce.com\\\/\",\"logo\":{\"@type\":\"ImageObject\",\"inLanguage\":\"es\",\"@id\":\"https:\\\/\\\/herboristeriamerce.com\\\/#\\\/schema\\\/logo\\\/image\\\/\",\"url\":\"https:\\\/\\\/herboristeriamerce.com\\\/wp-content\\\/uploads\\\/2025\\\/04\\\/cropped-logo-herboristeria-330x168-229w.webp\",\"contentUrl\":\"https:\\\/\\\/herboristeriamerce.com\\\/wp-content\\\/uploads\\\/2025\\\/04\\\/cropped-logo-herboristeria-330x168-229w.webp\",\"width\":230,\"height\":117,\"caption\":\"Herbolari Merc\u00e8\"},\"image\":{\"@id\":\"https:\\\/\\\/herboristeriamerce.com\\\/#\\\/schema\\\/logo\\\/image\\\/\"}}]}<\/script>\n<!-- \/ Yoast SEO plugin. -->","yoast_head_json":{"title":"Valeriana - Herbolari Merc\u00e8 Valeriana 500 mg per al descans natural","description":"Valeriana 500 mg per descansar de manera natural. Ajuda a reduir l\u2019estr\u00e8s, afavoreix el son reparador i millora el benestar emocional.","robots":{"index":"index","follow":"follow","max-snippet":"max-snippet:-1","max-image-preview":"max-image-preview:large","max-video-preview":"max-video-preview:-1"},"canonical":"https:\/\/herboristeriamerce.com\/es\/herboristeria-online\/sistema-nervios\/descans-nocturn\/valeriana-valeriana-500-mg-per-al-descans-natural\/","og_locale":"es_ES","og_type":"article","og_title":"Valeriana - Herbolari Merc\u00e8 Valeriana 500 mg per al descans natural","og_description":"Valeriana 500 mg per descansar de manera natural. Ajuda a reduir l\u2019estr\u00e8s, afavoreix el son reparador i millora el benestar emocional.","og_url":"https:\/\/herboristeriamerce.com\/es\/herboristeria-online\/sistema-nervios\/descans-nocturn\/valeriana-valeriana-500-mg-per-al-descans-natural\/","og_site_name":"Herbolari Merc\u00e8","article_modified_time":"2025-08-01T17:46:23+00:00","og_image":[{"width":640,"height":480,"url":"https:\/\/herboristeriamerce.com\/wp-content\/uploads\/2025\/05\/valeriana.png","type":"image\/png"}],"twitter_card":"summary_large_image","twitter_misc":{"Tiempo de lectura":"2 minutos"},"schema":{"@context":"https:\/\/schema.org","@graph":[{"@type":"WebPage","@id":"https:\/\/herboristeriamerce.com\/herboristeria-online\/sistema-nervios\/descans-nocturn\/valeriana-valeriana-500-mg-per-al-descans-natural\/","url":"https:\/\/herboristeriamerce.com\/herboristeria-online\/sistema-nervios\/descans-nocturn\/valeriana-valeriana-500-mg-per-al-descans-natural\/","name":"Valeriana - Herbolari Merc\u00e8 Valeriana 500 mg per al descans natural","isPartOf":{"@id":"https:\/\/herboristeriamerce.com\/#website"},"primaryImageOfPage":{"@id":"https:\/\/herboristeriamerce.com\/herboristeria-online\/sistema-nervios\/descans-nocturn\/valeriana-valeriana-500-mg-per-al-descans-natural\/#primaryimage"},"image":{"@id":"https:\/\/herboristeriamerce.com\/herboristeria-online\/sistema-nervios\/descans-nocturn\/valeriana-valeriana-500-mg-per-al-descans-natural\/#primaryimage"},"thumbnailUrl":"https:\/\/herboristeriamerce.com\/wp-content\/uploads\/2025\/05\/valeriana.png","datePublished":"2025-05-28T10:40:53+00:00","dateModified":"2025-08-01T17:46:23+00:00","description":"Valeriana 500 mg per descansar de manera natural. Ajuda a reduir l\u2019estr\u00e8s, afavoreix el son reparador i millora el benestar emocional.","breadcrumb":{"@id":"https:\/\/herboristeriamerce.com\/herboristeria-online\/sistema-nervios\/descans-nocturn\/valeriana-valeriana-500-mg-per-al-descans-natural\/#breadcrumb"},"inLanguage":"es","potentialAction":[{"@type":"ReadAction","target":["https:\/\/herboristeriamerce.com\/herboristeria-online\/sistema-nervios\/descans-nocturn\/valeriana-valeriana-500-mg-per-al-descans-natural\/"]}]},{"@type":"ImageObject","inLanguage":"es","@id":"https:\/\/herboristeriamerce.com\/herboristeria-online\/sistema-nervios\/descans-nocturn\/valeriana-valeriana-500-mg-per-al-descans-natural\/#primaryimage","url":"https:\/\/herboristeriamerce.com\/wp-content\/uploads\/2025\/05\/valeriana.png","contentUrl":"https:\/\/herboristeriamerce.com\/wp-content\/uploads\/2025\/05\/valeriana.png","width":640,"height":480},{"@type":"BreadcrumbList","@id":"https:\/\/herboristeriamerce.com\/herboristeria-online\/sistema-nervios\/descans-nocturn\/valeriana-valeriana-500-mg-per-al-descans-natural\/#breadcrumb","itemListElement":[{"@type":"ListItem","position":1,"name":"Inici","item":"https:\/\/herboristeriamerce.com\/"},{"@type":"ListItem","position":2,"name":"Herboristeria online","item":"https:\/\/herboristeriamerce.com\/herboristeria-online\/"},{"@type":"ListItem","position":3,"name":"Valeriana"}]},{"@type":"WebSite","@id":"https:\/\/herboristeriamerce.com\/#website","url":"https:\/\/herboristeriamerce.com\/","name":"Herbolari Merc\u00e8","description":"Herbolari a Terrassa","publisher":{"@id":"https:\/\/herboristeriamerce.com\/#organization"},"potentialAction":[{"@type":"SearchAction","target":{"@type":"EntryPoint","urlTemplate":"https:\/\/herboristeriamerce.com\/?s={search_term_string}"},"query-input":{"@type":"PropertyValueSpecification","valueRequired":true,"valueName":"search_term_string"}}],"inLanguage":"es"},{"@type":"Organization","@id":"https:\/\/herboristeriamerce.com\/#organization","name":"Herbolari Merc\u00e8","url":"https:\/\/herboristeriamerce.com\/","logo":{"@type":"ImageObject","inLanguage":"es","@id":"https:\/\/herboristeriamerce.com\/#\/schema\/logo\/image\/","url":"https:\/\/herboristeriamerce.com\/wp-content\/uploads\/2025\/04\/cropped-logo-herboristeria-330x168-229w.webp","contentUrl":"https:\/\/herboristeriamerce.com\/wp-content\/uploads\/2025\/04\/cropped-logo-herboristeria-330x168-229w.webp","width":230,"height":117,"caption":"Herbolari Merc\u00e8"},"image":{"@id":"https:\/\/herboristeriamerce.com\/#\/schema\/logo\/image\/"}}]}},"_links":{"self":[{"href":"https:\/\/herboristeriamerce.com\/es\/wp-json\/wp\/v2\/product\/1862","targetHints":{"allow":["GET"]}}],"collection":[{"href":"https:\/\/herboristeriamerce.com\/es\/wp-json\/wp\/v2\/product"}],"about":[{"href":"https:\/\/herboristeriamerce.com\/es\/wp-json\/wp\/v2\/types\/product"}],"replies":[{"embeddable":true,"href":"https:\/\/herboristeriamerce.com\/es\/wp-json\/wp\/v2\/comments?post=1862"}],"wp:featuredmedia":[{"embeddable":true,"href":"https:\/\/herboristeriamerce.com\/es\/wp-json\/wp\/v2\/media\/1863"}],"wp:attachment":[{"href":"https:\/\/herboristeriamerce.com\/es\/wp-json\/wp\/v2\/media?parent=1862"}],"wp:term":[{"taxonomy":"product_brand","embeddable":true,"href":"https:\/\/herboristeriamerce.com\/es\/wp-json\/wp\/v2\/product_brand?post=1862"},{"taxonomy":"product_cat","embeddable":true,"href":"https:\/\/herboristeriamerce.com\/es\/wp-json\/wp\/v2\/product_cat?post=1862"},{"taxonomy":"product_tag","embeddable":true,"href":"https:\/\/herboristeriamerce.com\/es\/wp-json\/wp\/v2\/product_tag?post=1862"}],"curies":[{"name":"wp","href":"https:\/\/api.w.org\/{rel}","templated":true}]}}