{"id":1857,"date":"2025-05-28T10:16:59","date_gmt":"2025-05-28T10:16:59","guid":{"rendered":"https:\/\/herboristeriamerce.com\/?post_type=product&#038;p=1857"},"modified":"2025-05-28T10:26:44","modified_gmt":"2025-05-28T10:26:44","slug":"llevat-cervesa","status":"publish","type":"product","link":"https:\/\/herboristeriamerce.com\/es\/herboristeria-online\/cos-i-cara\/facial\/nutricosmetica\/llevat-cervesa\/","title":{"rendered":"Llevat de Cervesa"},"content":{"rendered":"<p>Els nombrosos beneficis del llevat de cervesa per a la salut la fan un suplement molt recomanable.<br \/>\n<strong>1. Enforteix el sistema immune<\/strong><br \/>\nA causa del contingut de vitamines del complex B i minerals, el llevat de cervesa pot enfortir el sistema immunitari. Per aquest motiu, \u00e9s de gran ajuda per prevenir malalties com la grip, les al\u00b7l\u00e8rgies o la psoriasi.<br \/>\n<strong>2. Regula els nivells de glucosa<\/strong><br \/>\nLa pres\u00e8ncia d&#8217;un mineral com el crom us permet regular els nivells de sucre a la sang. A m\u00e9s, gr\u00e0cies al seu alt contingut fibra, tamb\u00e9 podeu controlar els nivells d&#8217;insulina.<br \/>\nAix\u00f2 no obstant, \u00e9s important destacar que, en cas de diabetis, \u00e9s recomanable consultar amb un metge abans de consumir-la.<br \/>\n<strong>3. Controla el funcionament intestinal<\/strong><br \/>\nEl llevat de cervesa es considera un probi\u00f2tic, cosa que, unida al seu alt contingut en betaglucans, la converteix en un aliment benefici\u00f3s per millorar la digesti\u00f3.<br \/>\nDe la mateixa manera, \u00e9s \u00fatil en el tractament de certs trastorns digestius com diarrea, s\u00edndrome d&#8217;intest\u00ed irritable, colitis i intoler\u00e0ncia a la lactosa. A m\u00e9s, el consum regular \u00e9s interessant per regular el funcionament intestinal.<br \/>\n<strong>4. Contribueix a reduir el colesterol<\/strong><br \/>\nEl seu contingut en betaglucans us permet regular el LDL o colesterol dolent. D&#8217;altra banda, el crom augmenta els nivells de colesterol bo o HDL a la sang.<br \/>\n<strong>5. Millora les ungles, els cabells i la pell<\/strong><br \/>\nEl consum regular pot ajudar a millorar l&#8217;aspecte d&#8217;ungles i els cabells, per\u00f2 tamb\u00e9 el de la pell. La seva aportaci\u00f3 de nutrients essencials combat l&#8217;acne, els \u00e8czemes i la psoriasi.<br \/>\nA m\u00e9s, els minerals que cont\u00e9 promouen la producci\u00f3 de col\u00b7lagen, cosa que ajuda a mantenir la pell ferma i el\u00e0stica.<br \/>\n<strong>6. Afavoreix la p\u00e8rdua de pes<\/strong><br \/>\nEl llevat de cervesa s&#8217;engreix? La resposta a aquesta pregunta \u00e9s senzilla: no s&#8217;engreix. I cal destacar que \u00e9s un gran coadjuvant per als que desitgen perdre pes, ja que ajuda a regular la gana.<br \/>\nPer a aquest fi, recomanem prendre una cullerada de llevat de cervesa mitja hora abans dels \u00e0pats principals. Aix\u00f2 no obstant, cal tenir present que no \u00e9s baixa en calories.<br \/>\n<strong>7. Incrementa la massa muscular<\/strong><br \/>\nL&#8217;alt contingut de carbohidrats i prote\u00efnes afavoreix la recuperaci\u00f3 muscular i evita lesions durant l&#8217;activitat f\u00edsica.<br \/>\nAix\u00ed mateix, aporta minerals com calci, potassi i magnesi en grans quantitats. Tots s\u00f3n necessaris per a l&#8217;acci\u00f3 muscular.<br \/>\n<strong>8. Combat el cansament i la fatiga<\/strong><br \/>\n\u00c9s un producte que cont\u00e9 minerals essencials, vitamina B2 i amino\u00e0cids que estimulen el metabolisme energ\u00e8tic. Aix\u00f2 la converteix en un complement ideal per a persones que pateixen an\u00e8mia, defici\u00e8ncies nutricionals, ast\u00e8nia o manca de motivaci\u00f3.<br \/>\n<strong>9. Millora l&#8217;estat d&#8217;\u00e0nim<\/strong><br \/>\nAfavoreix el funcionament del sistema nervi\u00f3s, cosa que pot ajudar en casos de depressi\u00f3, ansietat o estr\u00e8s.<br \/>\nDe la mateixa manera, el consum regular redueix el cansament mental i f\u00edsic i aporta l&#8217;energia adequada per al dia a dia.<\/p>","protected":false},"excerpt":{"rendered":"<p>Complement alimentari a base de Saccharomyces cerevisiae. Presentat en env\u00e0s de 480 comprimits.<\/p>","protected":false},"featured_media":1858,"comment_status":"open","ping_status":"closed","template":"","meta":{"site-sidebar-layout":"default","site-content-layout":"","ast-site-content-layout":"default","site-content-style":"default","site-sidebar-style":"default","ast-global-header-display":"","ast-banner-title-visibility":"","ast-main-header-display":"","ast-hfb-above-header-display":"","ast-hfb-below-header-display":"","ast-hfb-mobile-header-display":"","site-post-title":"","ast-breadcrumbs-content":"","ast-featured-img":"","footer-sml-layout":"","ast-disable-related-posts":"","theme-transparent-header-meta":"default","adv-header-id-meta":"","stick-header-meta":"","header-above-stick-meta":"","header-main-stick-meta":"","header-below-stick-meta":"","astra-migrate-meta-layouts":"set","ast-page-background-enabled":"default","ast-page-background-meta":{"desktop":{"background-color":"var(--ast-global-color-4)","background-image":"","background-repeat":"repeat","background-position":"center center","background-size":"auto","background-attachment":"scroll","background-type":"","background-media":"","overlay-type":"","overlay-color":"","overlay-opacity":"","overlay-gradient":""},"tablet":{"background-color":"","background-image":"","background-repeat":"repeat","background-position":"center center","background-size":"auto","background-attachment":"scroll","background-type":"","background-media":"","overlay-type":"","overlay-color":"","overlay-opacity":"","overlay-gradient":""},"mobile":{"background-color":"","background-image":"","background-repeat":"repeat","background-position":"center center","background-size":"auto","background-attachment":"scroll","background-type":"","background-media":"","overlay-type":"","overlay-color":"","overlay-opacity":"","overlay-gradient":""}},"ast-content-background-meta":{"desktop":{"background-color":"var(--ast-global-color-5)","background-image":"","background-repeat":"repeat","background-position":"center center","background-size":"auto","background-attachment":"scroll","background-type":"","background-media":"","overlay-type":"","overlay-color":"","overlay-opacity":"","overlay-gradient":""},"tablet":{"background-color":"var(--ast-global-color-5)","background-image":"","background-repeat":"repeat","background-position":"center center","background-size":"auto","background-attachment":"scroll","background-type":"","background-media":"","overlay-type":"","overlay-color":"","overlay-opacity":"","overlay-gradient":""},"mobile":{"background-color":"var(--ast-global-color-5)","background-image":"","background-repeat":"repeat","background-position":"center center","background-size":"auto","background-attachment":"scroll","background-type":"","background-media":"","overlay-type":"","overlay-color":"","overlay-opacity":"","overlay-gradient":""}}},"product_brand":[133],"product_cat":[74,128,97,117,119,111,116,75,103,95],"product_tag":[],"class_list":{"0":"post-1857","1":"product","2":"type-product","3":"status-publish","4":"has-post-thumbnail","6":"product_brand-naturmil","7":"product_cat-cardiovascular","8":"product_cat-defenses","9":"product_cat-flora-intestinal","10":"product_cat-minerals-vitamines","11":"product_cat-nutricosmetica-capilar","12":"product_cat-nutricosmetica","13":"product_cat-oseoarticular","14":"product_cat-reconstituent","15":"product_cat-relax","16":"product_cat-saciant","17":"desktop-align-left","18":"tablet-align-left","19":"mobile-align-left","21":"first","22":"instock","23":"taxable","24":"shipping-taxable","25":"purchasable","26":"product-type-simple"},"yoast_head":"<!-- This site is optimized with the Yoast SEO plugin v27.5 - https:\/\/yoast.com\/product\/yoast-seo-wordpress\/ -->\n<title>Llevat de Cervesa - Herbolari Merc\u00e8<\/title>\n<meta name=\"robots\" content=\"index, follow, max-snippet:-1, max-image-preview:large, max-video-preview:-1\" \/>\n<link rel=\"canonical\" href=\"https:\/\/herboristeriamerce.com\/es\/herboristeria-online\/cos-i-cara\/facial\/nutricosmetica\/llevat-cervesa\/\" \/>\n<meta property=\"og:locale\" content=\"es_ES\" \/>\n<meta property=\"og:type\" content=\"article\" \/>\n<meta property=\"og:title\" content=\"Llevat de Cervesa - Herbolari Merc\u00e8\" \/>\n<meta property=\"og:description\" content=\"Complement alimentari a base de Saccharomyces cerevisiae. Presentat en env\u00e0s de 480 comprimits.\" \/>\n<meta property=\"og:url\" content=\"https:\/\/herboristeriamerce.com\/es\/herboristeria-online\/cos-i-cara\/facial\/nutricosmetica\/llevat-cervesa\/\" \/>\n<meta property=\"og:site_name\" content=\"Herbolari Merc\u00e8\" \/>\n<meta property=\"article:modified_time\" content=\"2025-05-28T10:26:44+00:00\" \/>\n<meta property=\"og:image\" content=\"https:\/\/herboristeriamerce.com\/wp-content\/uploads\/2025\/05\/llevat-cervez.jpg\" \/>\n\t<meta property=\"og:image:width\" content=\"500\" \/>\n\t<meta property=\"og:image:height\" content=\"500\" \/>\n\t<meta property=\"og:image:type\" content=\"image\/jpeg\" \/>\n<meta name=\"twitter:card\" content=\"summary_large_image\" \/>\n<meta name=\"twitter:label1\" content=\"Tiempo de lectura\" \/>\n\t<meta name=\"twitter:data1\" content=\"3 minutos\" \/>\n<script type=\"application\/ld+json\" class=\"yoast-schema-graph\">{\"@context\":\"https:\\\/\\\/schema.org\",\"@graph\":[{\"@type\":\"WebPage\",\"@id\":\"https:\\\/\\\/herboristeriamerce.com\\\/herboristeria-online\\\/cos-i-cara\\\/facial\\\/nutricosmetica\\\/llevat-cervesa\\\/\",\"url\":\"https:\\\/\\\/herboristeriamerce.com\\\/herboristeria-online\\\/cos-i-cara\\\/facial\\\/nutricosmetica\\\/llevat-cervesa\\\/\",\"name\":\"Llevat de Cervesa - Herbolari Merc\u00e8\",\"isPartOf\":{\"@id\":\"https:\\\/\\\/herboristeriamerce.com\\\/#website\"},\"primaryImageOfPage\":{\"@id\":\"https:\\\/\\\/herboristeriamerce.com\\\/herboristeria-online\\\/cos-i-cara\\\/facial\\\/nutricosmetica\\\/llevat-cervesa\\\/#primaryimage\"},\"image\":{\"@id\":\"https:\\\/\\\/herboristeriamerce.com\\\/herboristeria-online\\\/cos-i-cara\\\/facial\\\/nutricosmetica\\\/llevat-cervesa\\\/#primaryimage\"},\"thumbnailUrl\":\"https:\\\/\\\/herboristeriamerce.com\\\/wp-content\\\/uploads\\\/2025\\\/05\\\/llevat-cervez.jpg\",\"datePublished\":\"2025-05-28T10:16:59+00:00\",\"dateModified\":\"2025-05-28T10:26:44+00:00\",\"breadcrumb\":{\"@id\":\"https:\\\/\\\/herboristeriamerce.com\\\/herboristeria-online\\\/cos-i-cara\\\/facial\\\/nutricosmetica\\\/llevat-cervesa\\\/#breadcrumb\"},\"inLanguage\":\"es\",\"potentialAction\":[{\"@type\":\"ReadAction\",\"target\":[\"https:\\\/\\\/herboristeriamerce.com\\\/herboristeria-online\\\/cos-i-cara\\\/facial\\\/nutricosmetica\\\/llevat-cervesa\\\/\"]}]},{\"@type\":\"ImageObject\",\"inLanguage\":\"es\",\"@id\":\"https:\\\/\\\/herboristeriamerce.com\\\/herboristeria-online\\\/cos-i-cara\\\/facial\\\/nutricosmetica\\\/llevat-cervesa\\\/#primaryimage\",\"url\":\"https:\\\/\\\/herboristeriamerce.com\\\/wp-content\\\/uploads\\\/2025\\\/05\\\/llevat-cervez.jpg\",\"contentUrl\":\"https:\\\/\\\/herboristeriamerce.com\\\/wp-content\\\/uploads\\\/2025\\\/05\\\/llevat-cervez.jpg\",\"width\":500,\"height\":500},{\"@type\":\"BreadcrumbList\",\"@id\":\"https:\\\/\\\/herboristeriamerce.com\\\/herboristeria-online\\\/cos-i-cara\\\/facial\\\/nutricosmetica\\\/llevat-cervesa\\\/#breadcrumb\",\"itemListElement\":[{\"@type\":\"ListItem\",\"position\":1,\"name\":\"Inici\",\"item\":\"https:\\\/\\\/herboristeriamerce.com\\\/\"},{\"@type\":\"ListItem\",\"position\":2,\"name\":\"Herboristeria online\",\"item\":\"https:\\\/\\\/herboristeriamerce.com\\\/herboristeria-online\\\/\"},{\"@type\":\"ListItem\",\"position\":3,\"name\":\"Llevat de Cervesa\"}]},{\"@type\":\"WebSite\",\"@id\":\"https:\\\/\\\/herboristeriamerce.com\\\/#website\",\"url\":\"https:\\\/\\\/herboristeriamerce.com\\\/\",\"name\":\"Herbolari Merc\u00e8\",\"description\":\"Herbolari a Terrassa\",\"publisher\":{\"@id\":\"https:\\\/\\\/herboristeriamerce.com\\\/#organization\"},\"potentialAction\":[{\"@type\":\"SearchAction\",\"target\":{\"@type\":\"EntryPoint\",\"urlTemplate\":\"https:\\\/\\\/herboristeriamerce.com\\\/?s={search_term_string}\"},\"query-input\":{\"@type\":\"PropertyValueSpecification\",\"valueRequired\":true,\"valueName\":\"search_term_string\"}}],\"inLanguage\":\"es\"},{\"@type\":\"Organization\",\"@id\":\"https:\\\/\\\/herboristeriamerce.com\\\/#organization\",\"name\":\"Herbolari Merc\u00e8\",\"url\":\"https:\\\/\\\/herboristeriamerce.com\\\/\",\"logo\":{\"@type\":\"ImageObject\",\"inLanguage\":\"es\",\"@id\":\"https:\\\/\\\/herboristeriamerce.com\\\/#\\\/schema\\\/logo\\\/image\\\/\",\"url\":\"https:\\\/\\\/herboristeriamerce.com\\\/wp-content\\\/uploads\\\/2025\\\/04\\\/cropped-logo-herboristeria-330x168-229w.webp\",\"contentUrl\":\"https:\\\/\\\/herboristeriamerce.com\\\/wp-content\\\/uploads\\\/2025\\\/04\\\/cropped-logo-herboristeria-330x168-229w.webp\",\"width\":230,\"height\":117,\"caption\":\"Herbolari Merc\u00e8\"},\"image\":{\"@id\":\"https:\\\/\\\/herboristeriamerce.com\\\/#\\\/schema\\\/logo\\\/image\\\/\"}}]}<\/script>\n<!-- \/ Yoast SEO plugin. -->","yoast_head_json":{"title":"Llevat de Cervesa - Herbolari Merc\u00e8","robots":{"index":"index","follow":"follow","max-snippet":"max-snippet:-1","max-image-preview":"max-image-preview:large","max-video-preview":"max-video-preview:-1"},"canonical":"https:\/\/herboristeriamerce.com\/es\/herboristeria-online\/cos-i-cara\/facial\/nutricosmetica\/llevat-cervesa\/","og_locale":"es_ES","og_type":"article","og_title":"Llevat de Cervesa - Herbolari Merc\u00e8","og_description":"Complement alimentari a base de Saccharomyces cerevisiae. Presentat en env\u00e0s de 480 comprimits.","og_url":"https:\/\/herboristeriamerce.com\/es\/herboristeria-online\/cos-i-cara\/facial\/nutricosmetica\/llevat-cervesa\/","og_site_name":"Herbolari Merc\u00e8","article_modified_time":"2025-05-28T10:26:44+00:00","og_image":[{"width":500,"height":500,"url":"https:\/\/herboristeriamerce.com\/wp-content\/uploads\/2025\/05\/llevat-cervez.jpg","type":"image\/jpeg"}],"twitter_card":"summary_large_image","twitter_misc":{"Tiempo de lectura":"3 minutos"},"schema":{"@context":"https:\/\/schema.org","@graph":[{"@type":"WebPage","@id":"https:\/\/herboristeriamerce.com\/herboristeria-online\/cos-i-cara\/facial\/nutricosmetica\/llevat-cervesa\/","url":"https:\/\/herboristeriamerce.com\/herboristeria-online\/cos-i-cara\/facial\/nutricosmetica\/llevat-cervesa\/","name":"Llevat de Cervesa - Herbolari Merc\u00e8","isPartOf":{"@id":"https:\/\/herboristeriamerce.com\/#website"},"primaryImageOfPage":{"@id":"https:\/\/herboristeriamerce.com\/herboristeria-online\/cos-i-cara\/facial\/nutricosmetica\/llevat-cervesa\/#primaryimage"},"image":{"@id":"https:\/\/herboristeriamerce.com\/herboristeria-online\/cos-i-cara\/facial\/nutricosmetica\/llevat-cervesa\/#primaryimage"},"thumbnailUrl":"https:\/\/herboristeriamerce.com\/wp-content\/uploads\/2025\/05\/llevat-cervez.jpg","datePublished":"2025-05-28T10:16:59+00:00","dateModified":"2025-05-28T10:26:44+00:00","breadcrumb":{"@id":"https:\/\/herboristeriamerce.com\/herboristeria-online\/cos-i-cara\/facial\/nutricosmetica\/llevat-cervesa\/#breadcrumb"},"inLanguage":"es","potentialAction":[{"@type":"ReadAction","target":["https:\/\/herboristeriamerce.com\/herboristeria-online\/cos-i-cara\/facial\/nutricosmetica\/llevat-cervesa\/"]}]},{"@type":"ImageObject","inLanguage":"es","@id":"https:\/\/herboristeriamerce.com\/herboristeria-online\/cos-i-cara\/facial\/nutricosmetica\/llevat-cervesa\/#primaryimage","url":"https:\/\/herboristeriamerce.com\/wp-content\/uploads\/2025\/05\/llevat-cervez.jpg","contentUrl":"https:\/\/herboristeriamerce.com\/wp-content\/uploads\/2025\/05\/llevat-cervez.jpg","width":500,"height":500},{"@type":"BreadcrumbList","@id":"https:\/\/herboristeriamerce.com\/herboristeria-online\/cos-i-cara\/facial\/nutricosmetica\/llevat-cervesa\/#breadcrumb","itemListElement":[{"@type":"ListItem","position":1,"name":"Inici","item":"https:\/\/herboristeriamerce.com\/"},{"@type":"ListItem","position":2,"name":"Herboristeria online","item":"https:\/\/herboristeriamerce.com\/herboristeria-online\/"},{"@type":"ListItem","position":3,"name":"Llevat de Cervesa"}]},{"@type":"WebSite","@id":"https:\/\/herboristeriamerce.com\/#website","url":"https:\/\/herboristeriamerce.com\/","name":"Herbolari Merc\u00e8","description":"Herbolari a Terrassa","publisher":{"@id":"https:\/\/herboristeriamerce.com\/#organization"},"potentialAction":[{"@type":"SearchAction","target":{"@type":"EntryPoint","urlTemplate":"https:\/\/herboristeriamerce.com\/?s={search_term_string}"},"query-input":{"@type":"PropertyValueSpecification","valueRequired":true,"valueName":"search_term_string"}}],"inLanguage":"es"},{"@type":"Organization","@id":"https:\/\/herboristeriamerce.com\/#organization","name":"Herbolari Merc\u00e8","url":"https:\/\/herboristeriamerce.com\/","logo":{"@type":"ImageObject","inLanguage":"es","@id":"https:\/\/herboristeriamerce.com\/#\/schema\/logo\/image\/","url":"https:\/\/herboristeriamerce.com\/wp-content\/uploads\/2025\/04\/cropped-logo-herboristeria-330x168-229w.webp","contentUrl":"https:\/\/herboristeriamerce.com\/wp-content\/uploads\/2025\/04\/cropped-logo-herboristeria-330x168-229w.webp","width":230,"height":117,"caption":"Herbolari Merc\u00e8"},"image":{"@id":"https:\/\/herboristeriamerce.com\/#\/schema\/logo\/image\/"}}]}},"_links":{"self":[{"href":"https:\/\/herboristeriamerce.com\/es\/wp-json\/wp\/v2\/product\/1857","targetHints":{"allow":["GET"]}}],"collection":[{"href":"https:\/\/herboristeriamerce.com\/es\/wp-json\/wp\/v2\/product"}],"about":[{"href":"https:\/\/herboristeriamerce.com\/es\/wp-json\/wp\/v2\/types\/product"}],"replies":[{"embeddable":true,"href":"https:\/\/herboristeriamerce.com\/es\/wp-json\/wp\/v2\/comments?post=1857"}],"wp:featuredmedia":[{"embeddable":true,"href":"https:\/\/herboristeriamerce.com\/es\/wp-json\/wp\/v2\/media\/1858"}],"wp:attachment":[{"href":"https:\/\/herboristeriamerce.com\/es\/wp-json\/wp\/v2\/media?parent=1857"}],"wp:term":[{"taxonomy":"product_brand","embeddable":true,"href":"https:\/\/herboristeriamerce.com\/es\/wp-json\/wp\/v2\/product_brand?post=1857"},{"taxonomy":"product_cat","embeddable":true,"href":"https:\/\/herboristeriamerce.com\/es\/wp-json\/wp\/v2\/product_cat?post=1857"},{"taxonomy":"product_tag","embeddable":true,"href":"https:\/\/herboristeriamerce.com\/es\/wp-json\/wp\/v2\/product_tag?post=1857"}],"curies":[{"name":"wp","href":"https:\/\/api.w.org\/{rel}","templated":true}]}}