{"id":1482,"date":"2025-05-09T17:59:25","date_gmt":"2025-05-09T17:59:25","guid":{"rendered":"https:\/\/herboristeriamerce.com\/?post_type=product&#038;p=1482"},"modified":"2025-06-09T10:49:35","modified_gmt":"2025-06-09T10:49:35","slug":"oli-essencial-eucaliptus-blau","status":"publish","type":"product","link":"https:\/\/herboristeriamerce.com\/es\/herboristeria-online\/cos-i-cara\/corporal\/stop-mosquits\/oli-essencial-eucaliptus-blau\/","title":{"rendered":"Oli essencial Eucaliptus Blau"},"content":{"rendered":"<p><span class=\"Y2IQFc\" lang=\"ca\">Oli essencial d&#8217;Eucalipto Blau (Eucalyptus citriodora). L&#8217;Eucaliptus Blau de Madagascar o del Vietnam proporciona un oli essencial especial per alleujar r\u00e0pidament un focus inflamatori greu. El tractament \u00e9s extraordin\u00e0riament efica\u00e7, per\u00f2 el seu pas deixar\u00e0 una petjada olfactiva indeleble i variablement apreciada. <strong>Tradicionalment conegut per les propietats seg\u00fcents:<\/strong> <\/span><\/p>\n<ul>\n<li><span class=\"Y2IQFc\" lang=\"ca\">Antiespasm\u00f2dic efica\u00e7. <\/span><\/li>\n<li><span class=\"Y2IQFc\" lang=\"ca\">Potent antiinflamatori. <\/span><\/li>\n<li><span class=\"Y2IQFc\" lang=\"ca\">Anti\u00e0lgic, relaxant cutani. <\/span><\/li>\n<li><span class=\"Y2IQFc\" lang=\"ca\">Fungicida. <\/span><\/li>\n<li><span class=\"Y2IQFc\" lang=\"ca\">Hipotensor. <\/span><\/li>\n<li><span class=\"Y2IQFc\" lang=\"ca\">Repel\u00b7lent de mosquits. <\/span><\/li>\n<\/ul>\n<p><span class=\"Y2IQFc\" lang=\"ca\"><strong>Ingredients:<\/strong> Citronel\u00b7lar, citronelol, isopulegol. <\/span><\/p>\n<p><span class=\"Y2IQFc\" lang=\"ca\"><strong>\u00bf Com es pren l&#8217;Oli essencial Eucaliptus Blau? <\/strong>Ingerir 1 gota sobre un suport neutre 1 cop al dia. En una inflamaci\u00f3 o dolor agut despr\u00e9s de fer esport: 3 gotes AEQT Eucaliptus blau + 3 gotes AEQT Sempreviva, 4 vegades al dia. <\/span><\/p>\n<p><span class=\"Y2IQFc\" lang=\"ca\"><strong>Presentaci\u00f3:<\/strong> Env\u00e0s de 10 ml.<\/span><\/p>","protected":false},"excerpt":{"rendered":"<p><span class=\"Y2IQFc\" lang=\"ca\">Tractament extraordin\u00e0riament efica\u00e7 i amb agradable aroma. <\/span><\/p>\n<p><span class=\"Y2IQFc\" lang=\"ca\">Presentat en env\u00e0s de 10 ml.<\/span><\/p>","protected":false},"featured_media":1483,"comment_status":"open","ping_status":"closed","template":"","meta":{"site-sidebar-layout":"default","site-content-layout":"","ast-site-content-layout":"default","site-content-style":"default","site-sidebar-style":"default","ast-global-header-display":"","ast-banner-title-visibility":"","ast-main-header-display":"","ast-hfb-above-header-display":"","ast-hfb-below-header-display":"","ast-hfb-mobile-header-display":"","site-post-title":"","ast-breadcrumbs-content":"","ast-featured-img":"","footer-sml-layout":"","ast-disable-related-posts":"","theme-transparent-header-meta":"default","adv-header-id-meta":"","stick-header-meta":"","header-above-stick-meta":"","header-main-stick-meta":"","header-below-stick-meta":"","astra-migrate-meta-layouts":"set","ast-page-background-enabled":"default","ast-page-background-meta":{"desktop":{"background-color":"var(--ast-global-color-4)","background-image":"","background-repeat":"repeat","background-position":"center center","background-size":"auto","background-attachment":"scroll","background-type":"","background-media":"","overlay-type":"","overlay-color":"","overlay-opacity":"","overlay-gradient":""},"tablet":{"background-color":"","background-image":"","background-repeat":"repeat","background-position":"center center","background-size":"auto","background-attachment":"scroll","background-type":"","background-media":"","overlay-type":"","overlay-color":"","overlay-opacity":"","overlay-gradient":""},"mobile":{"background-color":"","background-image":"","background-repeat":"repeat","background-position":"center center","background-size":"auto","background-attachment":"scroll","background-type":"","background-media":"","overlay-type":"","overlay-color":"","overlay-opacity":"","overlay-gradient":""}},"ast-content-background-meta":{"desktop":{"background-color":"var(--ast-global-color-5)","background-image":"","background-repeat":"repeat","background-position":"center center","background-size":"auto","background-attachment":"scroll","background-type":"","background-media":"","overlay-type":"","overlay-color":"","overlay-opacity":"","overlay-gradient":""},"tablet":{"background-color":"var(--ast-global-color-5)","background-image":"","background-repeat":"repeat","background-position":"center center","background-size":"auto","background-attachment":"scroll","background-type":"","background-media":"","overlay-type":"","overlay-color":"","overlay-opacity":"","overlay-gradient":""},"mobile":{"background-color":"var(--ast-global-color-5)","background-image":"","background-repeat":"repeat","background-position":"center center","background-size":"auto","background-attachment":"scroll","background-type":"","background-media":"","overlay-type":"","overlay-color":"","overlay-opacity":"","overlay-gradient":""}}},"product_brand":[36],"product_cat":[110,49,42,45,124,118],"product_tag":[],"class_list":{"0":"post-1482","1":"product","2":"type-product","3":"status-publish","4":"has-post-thumbnail","6":"product_brand-pranarom","7":"product_cat-ambientador","8":"product_cat-aromaterapia","9":"product_cat-cos-i-cara","10":"product_cat-sistema-articular","11":"product_cat-stop-mosquits","12":"product_cat-us-topic","13":"desktop-align-left","14":"tablet-align-left","15":"mobile-align-left","17":"first","18":"instock","19":"taxable","20":"shipping-taxable","21":"purchasable","22":"product-type-simple"},"yoast_head":"<!-- This site is optimized with the Yoast SEO plugin v27.5 - https:\/\/yoast.com\/product\/yoast-seo-wordpress\/ -->\n<title>Oli essencial Eucaliptus Blau - Herbolari Merc\u00e8<\/title>\n<meta name=\"robots\" content=\"index, follow, max-snippet:-1, max-image-preview:large, max-video-preview:-1\" \/>\n<link rel=\"canonical\" href=\"https:\/\/herboristeriamerce.com\/es\/herboristeria-online\/cos-i-cara\/corporal\/stop-mosquits\/oli-essencial-eucaliptus-blau\/\" \/>\n<meta property=\"og:locale\" content=\"es_ES\" \/>\n<meta property=\"og:type\" content=\"article\" \/>\n<meta property=\"og:title\" content=\"Oli essencial Eucaliptus Blau - Herbolari Merc\u00e8\" \/>\n<meta property=\"og:description\" content=\"Tractament extraordin\u00e0riament efica\u00e7 i amb agradable aroma.   Presentat en env\u00e0s de 10 ml.\" \/>\n<meta property=\"og:url\" content=\"https:\/\/herboristeriamerce.com\/es\/herboristeria-online\/cos-i-cara\/corporal\/stop-mosquits\/oli-essencial-eucaliptus-blau\/\" \/>\n<meta property=\"og:site_name\" content=\"Herbolari Merc\u00e8\" \/>\n<meta property=\"article:modified_time\" content=\"2025-06-09T10:49:35+00:00\" \/>\n<meta property=\"og:image\" content=\"https:\/\/herboristeriamerce.com\/wp-content\/uploads\/2025\/05\/eucalipto-azul.jpg\" \/>\n\t<meta property=\"og:image:width\" content=\"277\" \/>\n\t<meta property=\"og:image:height\" content=\"277\" \/>\n\t<meta property=\"og:image:type\" content=\"image\/jpeg\" \/>\n<meta name=\"twitter:card\" content=\"summary_large_image\" \/>\n<meta name=\"twitter:label1\" content=\"Tiempo de lectura\" \/>\n\t<meta name=\"twitter:data1\" content=\"1 minuto\" \/>\n<script type=\"application\/ld+json\" class=\"yoast-schema-graph\">{\"@context\":\"https:\\\/\\\/schema.org\",\"@graph\":[{\"@type\":\"WebPage\",\"@id\":\"https:\\\/\\\/herboristeriamerce.com\\\/herboristeria-online\\\/cos-i-cara\\\/corporal\\\/stop-mosquits\\\/oli-essencial-eucaliptus-blau\\\/\",\"url\":\"https:\\\/\\\/herboristeriamerce.com\\\/herboristeria-online\\\/cos-i-cara\\\/corporal\\\/stop-mosquits\\\/oli-essencial-eucaliptus-blau\\\/\",\"name\":\"Oli essencial Eucaliptus Blau - Herbolari Merc\u00e8\",\"isPartOf\":{\"@id\":\"https:\\\/\\\/herboristeriamerce.com\\\/#website\"},\"primaryImageOfPage\":{\"@id\":\"https:\\\/\\\/herboristeriamerce.com\\\/herboristeria-online\\\/cos-i-cara\\\/corporal\\\/stop-mosquits\\\/oli-essencial-eucaliptus-blau\\\/#primaryimage\"},\"image\":{\"@id\":\"https:\\\/\\\/herboristeriamerce.com\\\/herboristeria-online\\\/cos-i-cara\\\/corporal\\\/stop-mosquits\\\/oli-essencial-eucaliptus-blau\\\/#primaryimage\"},\"thumbnailUrl\":\"https:\\\/\\\/herboristeriamerce.com\\\/wp-content\\\/uploads\\\/2025\\\/05\\\/eucalipto-azul.jpg\",\"datePublished\":\"2025-05-09T17:59:25+00:00\",\"dateModified\":\"2025-06-09T10:49:35+00:00\",\"breadcrumb\":{\"@id\":\"https:\\\/\\\/herboristeriamerce.com\\\/herboristeria-online\\\/cos-i-cara\\\/corporal\\\/stop-mosquits\\\/oli-essencial-eucaliptus-blau\\\/#breadcrumb\"},\"inLanguage\":\"es\",\"potentialAction\":[{\"@type\":\"ReadAction\",\"target\":[\"https:\\\/\\\/herboristeriamerce.com\\\/herboristeria-online\\\/cos-i-cara\\\/corporal\\\/stop-mosquits\\\/oli-essencial-eucaliptus-blau\\\/\"]}]},{\"@type\":\"ImageObject\",\"inLanguage\":\"es\",\"@id\":\"https:\\\/\\\/herboristeriamerce.com\\\/herboristeria-online\\\/cos-i-cara\\\/corporal\\\/stop-mosquits\\\/oli-essencial-eucaliptus-blau\\\/#primaryimage\",\"url\":\"https:\\\/\\\/herboristeriamerce.com\\\/wp-content\\\/uploads\\\/2025\\\/05\\\/eucalipto-azul.jpg\",\"contentUrl\":\"https:\\\/\\\/herboristeriamerce.com\\\/wp-content\\\/uploads\\\/2025\\\/05\\\/eucalipto-azul.jpg\",\"width\":277,\"height\":277},{\"@type\":\"BreadcrumbList\",\"@id\":\"https:\\\/\\\/herboristeriamerce.com\\\/herboristeria-online\\\/cos-i-cara\\\/corporal\\\/stop-mosquits\\\/oli-essencial-eucaliptus-blau\\\/#breadcrumb\",\"itemListElement\":[{\"@type\":\"ListItem\",\"position\":1,\"name\":\"Inici\",\"item\":\"https:\\\/\\\/herboristeriamerce.com\\\/\"},{\"@type\":\"ListItem\",\"position\":2,\"name\":\"Herboristeria online\",\"item\":\"https:\\\/\\\/herboristeriamerce.com\\\/herboristeria-online\\\/\"},{\"@type\":\"ListItem\",\"position\":3,\"name\":\"Oli essencial Eucaliptus Blau\"}]},{\"@type\":\"WebSite\",\"@id\":\"https:\\\/\\\/herboristeriamerce.com\\\/#website\",\"url\":\"https:\\\/\\\/herboristeriamerce.com\\\/\",\"name\":\"Herbolari Merc\u00e8\",\"description\":\"Herbolari a Terrassa\",\"publisher\":{\"@id\":\"https:\\\/\\\/herboristeriamerce.com\\\/#organization\"},\"potentialAction\":[{\"@type\":\"SearchAction\",\"target\":{\"@type\":\"EntryPoint\",\"urlTemplate\":\"https:\\\/\\\/herboristeriamerce.com\\\/?s={search_term_string}\"},\"query-input\":{\"@type\":\"PropertyValueSpecification\",\"valueRequired\":true,\"valueName\":\"search_term_string\"}}],\"inLanguage\":\"es\"},{\"@type\":\"Organization\",\"@id\":\"https:\\\/\\\/herboristeriamerce.com\\\/#organization\",\"name\":\"Herbolari Merc\u00e8\",\"url\":\"https:\\\/\\\/herboristeriamerce.com\\\/\",\"logo\":{\"@type\":\"ImageObject\",\"inLanguage\":\"es\",\"@id\":\"https:\\\/\\\/herboristeriamerce.com\\\/#\\\/schema\\\/logo\\\/image\\\/\",\"url\":\"https:\\\/\\\/herboristeriamerce.com\\\/wp-content\\\/uploads\\\/2025\\\/04\\\/cropped-logo-herboristeria-330x168-229w.webp\",\"contentUrl\":\"https:\\\/\\\/herboristeriamerce.com\\\/wp-content\\\/uploads\\\/2025\\\/04\\\/cropped-logo-herboristeria-330x168-229w.webp\",\"width\":230,\"height\":117,\"caption\":\"Herbolari Merc\u00e8\"},\"image\":{\"@id\":\"https:\\\/\\\/herboristeriamerce.com\\\/#\\\/schema\\\/logo\\\/image\\\/\"}}]}<\/script>\n<!-- \/ Yoast SEO plugin. -->","yoast_head_json":{"title":"Oli essencial Eucaliptus Blau - Herbolari Merc\u00e8","robots":{"index":"index","follow":"follow","max-snippet":"max-snippet:-1","max-image-preview":"max-image-preview:large","max-video-preview":"max-video-preview:-1"},"canonical":"https:\/\/herboristeriamerce.com\/es\/herboristeria-online\/cos-i-cara\/corporal\/stop-mosquits\/oli-essencial-eucaliptus-blau\/","og_locale":"es_ES","og_type":"article","og_title":"Oli essencial Eucaliptus Blau - Herbolari Merc\u00e8","og_description":"Tractament extraordin\u00e0riament efica\u00e7 i amb agradable aroma.   Presentat en env\u00e0s de 10 ml.","og_url":"https:\/\/herboristeriamerce.com\/es\/herboristeria-online\/cos-i-cara\/corporal\/stop-mosquits\/oli-essencial-eucaliptus-blau\/","og_site_name":"Herbolari Merc\u00e8","article_modified_time":"2025-06-09T10:49:35+00:00","og_image":[{"width":277,"height":277,"url":"https:\/\/herboristeriamerce.com\/wp-content\/uploads\/2025\/05\/eucalipto-azul.jpg","type":"image\/jpeg"}],"twitter_card":"summary_large_image","twitter_misc":{"Tiempo de lectura":"1 minuto"},"schema":{"@context":"https:\/\/schema.org","@graph":[{"@type":"WebPage","@id":"https:\/\/herboristeriamerce.com\/herboristeria-online\/cos-i-cara\/corporal\/stop-mosquits\/oli-essencial-eucaliptus-blau\/","url":"https:\/\/herboristeriamerce.com\/herboristeria-online\/cos-i-cara\/corporal\/stop-mosquits\/oli-essencial-eucaliptus-blau\/","name":"Oli essencial Eucaliptus Blau - Herbolari Merc\u00e8","isPartOf":{"@id":"https:\/\/herboristeriamerce.com\/#website"},"primaryImageOfPage":{"@id":"https:\/\/herboristeriamerce.com\/herboristeria-online\/cos-i-cara\/corporal\/stop-mosquits\/oli-essencial-eucaliptus-blau\/#primaryimage"},"image":{"@id":"https:\/\/herboristeriamerce.com\/herboristeria-online\/cos-i-cara\/corporal\/stop-mosquits\/oli-essencial-eucaliptus-blau\/#primaryimage"},"thumbnailUrl":"https:\/\/herboristeriamerce.com\/wp-content\/uploads\/2025\/05\/eucalipto-azul.jpg","datePublished":"2025-05-09T17:59:25+00:00","dateModified":"2025-06-09T10:49:35+00:00","breadcrumb":{"@id":"https:\/\/herboristeriamerce.com\/herboristeria-online\/cos-i-cara\/corporal\/stop-mosquits\/oli-essencial-eucaliptus-blau\/#breadcrumb"},"inLanguage":"es","potentialAction":[{"@type":"ReadAction","target":["https:\/\/herboristeriamerce.com\/herboristeria-online\/cos-i-cara\/corporal\/stop-mosquits\/oli-essencial-eucaliptus-blau\/"]}]},{"@type":"ImageObject","inLanguage":"es","@id":"https:\/\/herboristeriamerce.com\/herboristeria-online\/cos-i-cara\/corporal\/stop-mosquits\/oli-essencial-eucaliptus-blau\/#primaryimage","url":"https:\/\/herboristeriamerce.com\/wp-content\/uploads\/2025\/05\/eucalipto-azul.jpg","contentUrl":"https:\/\/herboristeriamerce.com\/wp-content\/uploads\/2025\/05\/eucalipto-azul.jpg","width":277,"height":277},{"@type":"BreadcrumbList","@id":"https:\/\/herboristeriamerce.com\/herboristeria-online\/cos-i-cara\/corporal\/stop-mosquits\/oli-essencial-eucaliptus-blau\/#breadcrumb","itemListElement":[{"@type":"ListItem","position":1,"name":"Inici","item":"https:\/\/herboristeriamerce.com\/"},{"@type":"ListItem","position":2,"name":"Herboristeria online","item":"https:\/\/herboristeriamerce.com\/herboristeria-online\/"},{"@type":"ListItem","position":3,"name":"Oli essencial Eucaliptus Blau"}]},{"@type":"WebSite","@id":"https:\/\/herboristeriamerce.com\/#website","url":"https:\/\/herboristeriamerce.com\/","name":"Herbolari Merc\u00e8","description":"Herbolari a Terrassa","publisher":{"@id":"https:\/\/herboristeriamerce.com\/#organization"},"potentialAction":[{"@type":"SearchAction","target":{"@type":"EntryPoint","urlTemplate":"https:\/\/herboristeriamerce.com\/?s={search_term_string}"},"query-input":{"@type":"PropertyValueSpecification","valueRequired":true,"valueName":"search_term_string"}}],"inLanguage":"es"},{"@type":"Organization","@id":"https:\/\/herboristeriamerce.com\/#organization","name":"Herbolari Merc\u00e8","url":"https:\/\/herboristeriamerce.com\/","logo":{"@type":"ImageObject","inLanguage":"es","@id":"https:\/\/herboristeriamerce.com\/#\/schema\/logo\/image\/","url":"https:\/\/herboristeriamerce.com\/wp-content\/uploads\/2025\/04\/cropped-logo-herboristeria-330x168-229w.webp","contentUrl":"https:\/\/herboristeriamerce.com\/wp-content\/uploads\/2025\/04\/cropped-logo-herboristeria-330x168-229w.webp","width":230,"height":117,"caption":"Herbolari Merc\u00e8"},"image":{"@id":"https:\/\/herboristeriamerce.com\/#\/schema\/logo\/image\/"}}]}},"_links":{"self":[{"href":"https:\/\/herboristeriamerce.com\/es\/wp-json\/wp\/v2\/product\/1482","targetHints":{"allow":["GET"]}}],"collection":[{"href":"https:\/\/herboristeriamerce.com\/es\/wp-json\/wp\/v2\/product"}],"about":[{"href":"https:\/\/herboristeriamerce.com\/es\/wp-json\/wp\/v2\/types\/product"}],"replies":[{"embeddable":true,"href":"https:\/\/herboristeriamerce.com\/es\/wp-json\/wp\/v2\/comments?post=1482"}],"wp:featuredmedia":[{"embeddable":true,"href":"https:\/\/herboristeriamerce.com\/es\/wp-json\/wp\/v2\/media\/1483"}],"wp:attachment":[{"href":"https:\/\/herboristeriamerce.com\/es\/wp-json\/wp\/v2\/media?parent=1482"}],"wp:term":[{"taxonomy":"product_brand","embeddable":true,"href":"https:\/\/herboristeriamerce.com\/es\/wp-json\/wp\/v2\/product_brand?post=1482"},{"taxonomy":"product_cat","embeddable":true,"href":"https:\/\/herboristeriamerce.com\/es\/wp-json\/wp\/v2\/product_cat?post=1482"},{"taxonomy":"product_tag","embeddable":true,"href":"https:\/\/herboristeriamerce.com\/es\/wp-json\/wp\/v2\/product_tag?post=1482"}],"curies":[{"name":"wp","href":"https:\/\/api.w.org\/{rel}","templated":true}]}}